{"id":2245050,"date":"2025-06-24T14:13:03","date_gmt":"2025-06-24T14:13:03","guid":{"rendered":"https:\/\/teguar.com\/eu\/product\/ta-5940-18\/"},"modified":"2025-11-20T17:07:17","modified_gmt":"2025-11-20T17:07:17","slug":"ta-5940-18","status":"publish","type":"product","link":"https:\/\/teguar.com\/eu\/de\/product\/ta-5940-18\/","title":{"rendered":"TA-5940-18"},"content":{"rendered":"<p>Der TA-5940-18 ist ein modularer und <a href=\"https:\/\/teguar.com\/eu\/de\/kiosk-computer\/\">robuster Touchscreen-Kioskcomputer<\/a> mit einem 18,5&#8243; Full-HD-Touchscreen und einem austauschbaren Box-PC, der auf die R\u00fcckseite des Ger\u00e4ts passt. Dieser Computer ist ideal f\u00fcr Kiosk- und POS-Systeme oder f\u00fcr leichte industrielle Anwendungen geeignet. Auf seiner Intel 11th Gen Tigerlake CPU kann Windows oder Linux laufen und an allen vier Seiten dieses Computers k\u00f6nnen optionale Peripherieger\u00e4te angebracht werden, darunter ein 3-Spur-Magnetstreifenleser, ein Fingerabdruckleser, ein HF-RFID-Leser, eine Vielzahl von EMV-Zahlungsterminals, ein 2D-Barcodescanner und eine Webcam. Der TA-5940-18 kann auf einem POS-St\u00e4nder, einem Druckerst\u00e4nder, einem Bodenst\u00e4nder und praktisch jeder Art von St\u00e4nder oder Arm \u00fcber sein VESA-Montagelochmuster montiert werden.   <\/p>\n","protected":false},"excerpt":{"rendered":"<p><a href=\"https:\/\/teguar.com\/eu\/hospitality-computer\/\">Selbstbedienungs-Check-in-Kioske f\u00fcr das Gastgewerbe:<\/a>Die TA-5940 All-in-One-Computer mit integrierten RFID-Lesern und 5MP-Kameras sind ideal f\u00fcr Hotels und Flugh\u00e4fen und erm\u00f6glichen einen einfachen Selbst-Check-in und eine einfache \u00dcberpr\u00fcfung.<\/p>\n<p><a href=\"https:\/\/teguar.com\/eu\/de\/kiosk-computer\/\">POS-Kioske f\u00fcr den Einzelhandel<\/a>: Die schlanke Kiosk Computer Serie, ausgestattet mit 2D-Barcodescannern und Verifone\u00ae VX820 Zahlungsterminals, rationalisiert Transaktionen im Einzelhandel.<\/p>\n<p><a href=\"https:\/\/teguar.com\/eu\/de\/interaktive-displays\/\">Interaktive Informationskioske<\/a>: Mit Full-HD-Displays und Touchscreens bieten diese All-in-One-Computer einfachen Zugang zu Karten und Veranstaltungspl\u00e4nen in \u00f6ffentlichen R\u00e4umen, Museen und Bildungseinrichtungen.<\/p>\n<p><a href=\"https:\/\/teguar.com\/eu\/de\/ueberwachung-sicherheit-computer\/\">Sichere Zugangskontrollkioske<\/a>: Die TA-5940 All-in-One-Computer mit Fingerabdruckleser und RFID-Leser erh\u00f6hen die Sicherheit in Firmenb\u00fcros, Regierungsgeb\u00e4uden und Gesundheitseinrichtungen.<\/p>\n","protected":false},"featured_media":2246694,"template":"","meta":{"_acf_changed":false},"product_brand":[],"product_cat":[2828,2830],"product_tag":[],"product_label":[],"class_list":{"0":"post-2245050","1":"product","2":"type-product","3":"status-publish","4":"has-post-thumbnail","6":"product_cat-industrieller-all-in-one-pc","7":"product_cat-kiosk-computer","8":"pa_windows-windows-10-iot","9":"pa_windows-windows-10-pro","10":"pa_windows-windows-11-iot","11":"pa_windows-windows-11-pro","13":"first","14":"instock","15":"taxable","16":"shipping-taxable","17":"purchasable","18":"product-type-simple"},"composite_virtual":false,"composite_layout":"","composite_add_to_cart_form_location":"","composite_editable_in_cart":false,"composite_sold_individually_context":"","composite_shop_price_calc":"","composite_components":[],"composite_scenarios":[],"acf":[],"yoast_head":"<!-- This site is optimized with the Yoast SEO Premium plugin v26.8 (Yoast SEO v27.2) - https:\/\/yoast.com\/product\/yoast-seo-premium-wordpress\/ -->\n<title>18&quot; Kommerzieller Touch Computer | TA-5940-18<\/title>\n<meta name=\"description\" content=\"Dieser POS-All-in-One-Touchscreen-Computer l\u00e4uft auf der Intel Elkhart Lake CPU mit einem 18,5-Zoll-Touchscreen. Der TA-5940-18 ist ideal f\u00fcr Kioskanwendungen.\" \/>\n<meta name=\"robots\" content=\"index, follow, max-snippet:-1, max-image-preview:large, max-video-preview:-1\" \/>\n<link rel=\"canonical\" href=\"https:\/\/teguar.com\/eu\/de\/product\/ta-5940-18\/\" \/>\n<meta property=\"og:locale\" content=\"de_DE\" \/>\n<meta property=\"og:type\" content=\"article\" \/>\n<meta property=\"og:title\" content=\"TA-5940-18\" \/>\n<meta property=\"og:description\" content=\"Dieser POS-All-in-One-Touchscreen-Computer l\u00e4uft auf der Intel Elkhart Lake CPU mit einem 18,5-Zoll-Touchscreen. Der TA-5940-18 ist ideal f\u00fcr Kioskanwendungen.\" \/>\n<meta property=\"og:url\" content=\"https:\/\/teguar.com\/eu\/de\/product\/ta-5940-18\/\" \/>\n<meta property=\"og:site_name\" content=\"Teguar\" \/>\n<meta property=\"article:modified_time\" content=\"2025-11-20T17:07:17+00:00\" \/>\n<meta property=\"og:image\" content=\"https:\/\/teguar.com\/eu\/wp-content\/uploads\/sites\/2\/2021\/01\/Computer-with-modules-TA-5540-18__90534.1611166055.1280.1280.jpg\" \/>\n\t<meta property=\"og:image:width\" content=\"1000\" \/>\n\t<meta property=\"og:image:height\" content=\"1000\" \/>\n\t<meta property=\"og:image:type\" content=\"image\/jpeg\" \/>\n<meta name=\"twitter:card\" content=\"summary_large_image\" \/>\n<meta name=\"twitter:label1\" content=\"Gesch\u00e4tzte Lesezeit\" \/>\n\t<meta name=\"twitter:data1\" content=\"1\u00a0Minute\" \/>\n<script type=\"application\/ld+json\" class=\"yoast-schema-graph\">{\"@context\":\"https:\/\/schema.org\",\"@graph\":[{\"@type\":\"WebPage\",\"@id\":\"https:\/\/teguar.com\/eu\/de\/product\/ta-5940-18\/\",\"url\":\"https:\/\/teguar.com\/eu\/de\/product\/ta-5940-18\/\",\"name\":\"18\\\" Kommerzieller Touch Computer | TA-5940-18\",\"isPartOf\":{\"@id\":\"https:\/\/teguar.com\/eu\/en\/#website\"},\"primaryImageOfPage\":{\"@id\":\"https:\/\/teguar.com\/eu\/de\/product\/ta-5940-18\/#primaryimage\"},\"image\":{\"@id\":\"https:\/\/teguar.com\/eu\/de\/product\/ta-5940-18\/#primaryimage\"},\"thumbnailUrl\":\"https:\/\/teguar.com\/eu\/wp-content\/uploads\/sites\/2\/2021\/01\/Computer-with-modules-TA-5540-18__90534.1611166055.1280.1280.jpg\",\"datePublished\":\"2025-06-24T14:13:03+00:00\",\"dateModified\":\"2025-11-20T17:07:17+00:00\",\"description\":\"Dieser POS-All-in-One-Touchscreen-Computer l\u00e4uft auf der Intel Elkhart Lake CPU mit einem 18,5-Zoll-Touchscreen. Der TA-5940-18 ist ideal f\u00fcr Kioskanwendungen.\",\"breadcrumb\":{\"@id\":\"https:\/\/teguar.com\/eu\/de\/product\/ta-5940-18\/#breadcrumb\"},\"inLanguage\":\"de\",\"potentialAction\":[{\"@type\":\"ReadAction\",\"target\":[\"https:\/\/teguar.com\/eu\/de\/product\/ta-5940-18\/\"]}]},{\"@type\":\"ImageObject\",\"inLanguage\":\"de\",\"@id\":\"https:\/\/teguar.com\/eu\/de\/product\/ta-5940-18\/#primaryimage\",\"url\":\"https:\/\/teguar.com\/eu\/wp-content\/uploads\/sites\/2\/2021\/01\/Computer-with-modules-TA-5540-18__90534.1611166055.1280.1280.jpg\",\"contentUrl\":\"https:\/\/teguar.com\/eu\/wp-content\/uploads\/sites\/2\/2021\/01\/Computer-with-modules-TA-5540-18__90534.1611166055.1280.1280.jpg\",\"width\":1000,\"height\":1000,\"caption\":\"18\\\" Kiosk PC | TA-5940-18\"},{\"@type\":\"BreadcrumbList\",\"@id\":\"https:\/\/teguar.com\/eu\/de\/product\/ta-5940-18\/#breadcrumb\",\"itemListElement\":[{\"@type\":\"ListItem\",\"position\":1,\"name\":\"Home\",\"item\":\"https:\/\/teguar.com\/eu\/de\/\"},{\"@type\":\"ListItem\",\"position\":2,\"name\":\"TA-5940-18\"}]},{\"@type\":\"WebSite\",\"@id\":\"https:\/\/teguar.com\/eu\/en\/#website\",\"url\":\"https:\/\/teguar.com\/eu\/en\/\",\"name\":\"Teguar\",\"description\":\"Industrial PCs, Medical Computers, and Rugged Tablets\",\"potentialAction\":[{\"@type\":\"SearchAction\",\"target\":{\"@type\":\"EntryPoint\",\"urlTemplate\":\"https:\/\/teguar.com\/eu\/en\/?s={search_term_string}\"},\"query-input\":{\"@type\":\"PropertyValueSpecification\",\"valueRequired\":true,\"valueName\":\"search_term_string\"}}],\"inLanguage\":\"de\"}]}<\/script>\n<!-- \/ Yoast SEO Premium plugin. -->","yoast_head_json":{"title":"18\" Kommerzieller Touch Computer | TA-5940-18","description":"Dieser POS-All-in-One-Touchscreen-Computer l\u00e4uft auf der Intel Elkhart Lake CPU mit einem 18,5-Zoll-Touchscreen. Der TA-5940-18 ist ideal f\u00fcr Kioskanwendungen.","robots":{"index":"index","follow":"follow","max-snippet":"max-snippet:-1","max-image-preview":"max-image-preview:large","max-video-preview":"max-video-preview:-1"},"canonical":"https:\/\/teguar.com\/eu\/de\/product\/ta-5940-18\/","og_locale":"de_DE","og_type":"article","og_title":"TA-5940-18","og_description":"Dieser POS-All-in-One-Touchscreen-Computer l\u00e4uft auf der Intel Elkhart Lake CPU mit einem 18,5-Zoll-Touchscreen. Der TA-5940-18 ist ideal f\u00fcr Kioskanwendungen.","og_url":"https:\/\/teguar.com\/eu\/de\/product\/ta-5940-18\/","og_site_name":"Teguar","article_modified_time":"2025-11-20T17:07:17+00:00","og_image":[{"width":1000,"height":1000,"url":"https:\/\/teguar.com\/eu\/wp-content\/uploads\/sites\/2\/2021\/01\/Computer-with-modules-TA-5540-18__90534.1611166055.1280.1280.jpg","type":"image\/jpeg"}],"twitter_card":"summary_large_image","twitter_misc":{"Gesch\u00e4tzte Lesezeit":"1\u00a0Minute"},"schema":{"@context":"https:\/\/schema.org","@graph":[{"@type":"WebPage","@id":"https:\/\/teguar.com\/eu\/de\/product\/ta-5940-18\/","url":"https:\/\/teguar.com\/eu\/de\/product\/ta-5940-18\/","name":"18\" Kommerzieller Touch Computer | TA-5940-18","isPartOf":{"@id":"https:\/\/teguar.com\/eu\/en\/#website"},"primaryImageOfPage":{"@id":"https:\/\/teguar.com\/eu\/de\/product\/ta-5940-18\/#primaryimage"},"image":{"@id":"https:\/\/teguar.com\/eu\/de\/product\/ta-5940-18\/#primaryimage"},"thumbnailUrl":"https:\/\/teguar.com\/eu\/wp-content\/uploads\/sites\/2\/2021\/01\/Computer-with-modules-TA-5540-18__90534.1611166055.1280.1280.jpg","datePublished":"2025-06-24T14:13:03+00:00","dateModified":"2025-11-20T17:07:17+00:00","description":"Dieser POS-All-in-One-Touchscreen-Computer l\u00e4uft auf der Intel Elkhart Lake CPU mit einem 18,5-Zoll-Touchscreen. Der TA-5940-18 ist ideal f\u00fcr Kioskanwendungen.","breadcrumb":{"@id":"https:\/\/teguar.com\/eu\/de\/product\/ta-5940-18\/#breadcrumb"},"inLanguage":"de","potentialAction":[{"@type":"ReadAction","target":["https:\/\/teguar.com\/eu\/de\/product\/ta-5940-18\/"]}]},{"@type":"ImageObject","inLanguage":"de","@id":"https:\/\/teguar.com\/eu\/de\/product\/ta-5940-18\/#primaryimage","url":"https:\/\/teguar.com\/eu\/wp-content\/uploads\/sites\/2\/2021\/01\/Computer-with-modules-TA-5540-18__90534.1611166055.1280.1280.jpg","contentUrl":"https:\/\/teguar.com\/eu\/wp-content\/uploads\/sites\/2\/2021\/01\/Computer-with-modules-TA-5540-18__90534.1611166055.1280.1280.jpg","width":1000,"height":1000,"caption":"18\" Kiosk PC | TA-5940-18"},{"@type":"BreadcrumbList","@id":"https:\/\/teguar.com\/eu\/de\/product\/ta-5940-18\/#breadcrumb","itemListElement":[{"@type":"ListItem","position":1,"name":"Home","item":"https:\/\/teguar.com\/eu\/de\/"},{"@type":"ListItem","position":2,"name":"TA-5940-18"}]},{"@type":"WebSite","@id":"https:\/\/teguar.com\/eu\/en\/#website","url":"https:\/\/teguar.com\/eu\/en\/","name":"Teguar","description":"Industrial PCs, Medical Computers, and Rugged Tablets","potentialAction":[{"@type":"SearchAction","target":{"@type":"EntryPoint","urlTemplate":"https:\/\/teguar.com\/eu\/en\/?s={search_term_string}"},"query-input":{"@type":"PropertyValueSpecification","valueRequired":true,"valueName":"search_term_string"}}],"inLanguage":"de"}]}},"_links":{"self":[{"href":"https:\/\/teguar.com\/eu\/de\/wp-json\/wp\/v2\/product\/2245050","targetHints":{"allow":["GET"]}}],"collection":[{"href":"https:\/\/teguar.com\/eu\/de\/wp-json\/wp\/v2\/product"}],"about":[{"href":"https:\/\/teguar.com\/eu\/de\/wp-json\/wp\/v2\/types\/product"}],"wp:featuredmedia":[{"embeddable":true,"href":"https:\/\/teguar.com\/eu\/de\/wp-json\/wp\/v2\/media\/2246694"}],"wp:attachment":[{"href":"https:\/\/teguar.com\/eu\/de\/wp-json\/wp\/v2\/media?parent=2245050"}],"wp:term":[{"taxonomy":"product_brand","embeddable":true,"href":"https:\/\/teguar.com\/eu\/de\/wp-json\/wp\/v2\/product_brand?post=2245050"},{"taxonomy":"product_cat","embeddable":true,"href":"https:\/\/teguar.com\/eu\/de\/wp-json\/wp\/v2\/product_cat?post=2245050"},{"taxonomy":"product_tag","embeddable":true,"href":"https:\/\/teguar.com\/eu\/de\/wp-json\/wp\/v2\/product_tag?post=2245050"},{"taxonomy":"product_label","embeddable":true,"href":"https:\/\/teguar.com\/eu\/de\/wp-json\/wp\/v2\/product_label?post=2245050"}],"curies":[{"name":"wp","href":"https:\/\/api.w.org\/{rel}","templated":true}]}}