{"id":2245048,"date":"2025-06-24T14:12:56","date_gmt":"2025-06-24T14:12:56","guid":{"rendered":"https:\/\/teguar.com\/eu\/product\/desktop-akku-dock-trt-5180-10-trt-5280-12\/"},"modified":"2025-06-24T14:12:56","modified_gmt":"2025-06-24T14:12:56","slug":"desktop-akku-dock-trt-5180-10-trt-5280-12","status":"publish","type":"product","link":"https:\/\/teguar.com\/eu\/de\/product\/desktop-akku-dock-trt-5180-10-trt-5280-12\/","title":{"rendered":"Desktop &amp; Akku-Dock TRT-5180-10 &amp; TRT-5280-12"},"content":{"rendered":"<p>Diese Dockingstation ist ideal zum Aufladen und Andocken. Sie hat einen 12-poligen Pogo-Pin f\u00fcr das Tablet und einen 5-poligen Pogo-Pin f\u00fcr den Akku des TRT-5180-12 oder TRT-5280-12. Auf der R\u00fcckseite der Dockingstation befinden sich 3 USB-Anschl\u00fcsse, ein LAN-Anschluss und eine Gleichstrombuchse.  <\/p>\n","protected":false},"excerpt":{"rendered":"<p>Die 9030-80 Desktop-Dockingstation ist kompatibel mit dem <a href=\"https:\/\/teguar.com\/eu\/12-inch-rugged-tablet-trt-5180-12\/\">TRT-5180-12<\/a> und dem <a href=\"https:\/\/teguar.com\/eu\/10-inch-rugged-tablet-trt-5180-10\/\">TRT-5180-10<\/a> von Teguar.<\/p>\n","protected":false},"featured_media":2245928,"template":"","meta":{"_acf_changed":false},"product_brand":[],"product_cat":[2814],"product_tag":[],"product_label":[],"class_list":{"0":"post-2245048","1":"product","2":"type-product","3":"status-publish","4":"has-post-thumbnail","6":"product_cat-zubehor","8":"first","9":"instock","10":"taxable","11":"shipping-taxable","12":"purchasable","13":"product-type-simple"},"composite_virtual":false,"composite_layout":"","composite_add_to_cart_form_location":"","composite_editable_in_cart":false,"composite_sold_individually_context":"","composite_shop_price_calc":"","composite_components":[],"composite_scenarios":[],"acf":[],"yoast_head":"<!-- This site is optimized with the Yoast SEO Premium plugin v26.8 (Yoast SEO v27.2) - https:\/\/yoast.com\/product\/yoast-seo-premium-wordpress\/ -->\n<title>Desktop &amp; Akku-Dock TRT-5180-10 &amp; TRT-5280-12 - Teguar<\/title>\n<meta name=\"description\" content=\"Sehen Sie sich diese 12V Desktop-Dockingstation mit 3 USB-Anschl\u00fcssen, LAN-Anschluss und einem 12-poligen POGO-Steckplatz an, der eine einfache Drop-and-Go-Ladeanwendung erm\u00f6glicht.\" \/>\n<meta name=\"robots\" content=\"index, follow, max-snippet:-1, max-image-preview:large, max-video-preview:-1\" \/>\n<link rel=\"canonical\" href=\"https:\/\/teguar.com\/eu\/de\/product\/desktop-akku-dock-trt-5180-10-trt-5280-12\/\" \/>\n<meta property=\"og:locale\" content=\"de_DE\" \/>\n<meta property=\"og:type\" content=\"article\" \/>\n<meta property=\"og:title\" content=\"Desktop &amp; Akku-Dock TRT-5180-10 &amp; TRT-5280-12\" \/>\n<meta property=\"og:description\" content=\"Sehen Sie sich diese 12V Desktop-Dockingstation mit 3 USB-Anschl\u00fcssen, LAN-Anschluss und einem 12-poligen POGO-Steckplatz an, der eine einfache Drop-and-Go-Ladeanwendung erm\u00f6glicht.\" \/>\n<meta property=\"og:url\" content=\"https:\/\/teguar.com\/eu\/de\/product\/desktop-akku-dock-trt-5180-10-trt-5280-12\/\" \/>\n<meta property=\"og:site_name\" content=\"Teguar\" \/>\n<meta property=\"og:image\" content=\"https:\/\/teguar.com\/eu\/wp-content\/uploads\/sites\/2\/2021\/03\/Desktop_Docking_Station_12V_9030-80__41483.1641907991.1280.1280.png\" \/>\n\t<meta property=\"og:image:width\" content=\"744\" \/>\n\t<meta property=\"og:image:height\" content=\"568\" \/>\n\t<meta property=\"og:image:type\" content=\"image\/png\" \/>\n<meta name=\"twitter:card\" content=\"summary_large_image\" \/>\n<script type=\"application\/ld+json\" class=\"yoast-schema-graph\">{\"@context\":\"https:\/\/schema.org\",\"@graph\":[{\"@type\":\"WebPage\",\"@id\":\"https:\/\/teguar.com\/eu\/de\/product\/desktop-akku-dock-trt-5180-10-trt-5280-12\/\",\"url\":\"https:\/\/teguar.com\/eu\/de\/product\/desktop-akku-dock-trt-5180-10-trt-5280-12\/\",\"name\":\"Desktop &amp; Akku-Dock TRT-5180-10 &amp; TRT-5280-12 - Teguar\",\"isPartOf\":{\"@id\":\"https:\/\/teguar.com\/eu\/en\/#website\"},\"primaryImageOfPage\":{\"@id\":\"https:\/\/teguar.com\/eu\/de\/product\/desktop-akku-dock-trt-5180-10-trt-5280-12\/#primaryimage\"},\"image\":{\"@id\":\"https:\/\/teguar.com\/eu\/de\/product\/desktop-akku-dock-trt-5180-10-trt-5280-12\/#primaryimage\"},\"thumbnailUrl\":\"https:\/\/teguar.com\/eu\/wp-content\/uploads\/sites\/2\/2021\/03\/Desktop_Docking_Station_12V_9030-80__41483.1641907991.1280.1280.png\",\"datePublished\":\"2025-06-24T14:12:56+00:00\",\"description\":\"Sehen Sie sich diese 12V Desktop-Dockingstation mit 3 USB-Anschl\u00fcssen, LAN-Anschluss und einem 12-poligen POGO-Steckplatz an, der eine einfache Drop-and-Go-Ladeanwendung erm\u00f6glicht.\",\"breadcrumb\":{\"@id\":\"https:\/\/teguar.com\/eu\/de\/product\/desktop-akku-dock-trt-5180-10-trt-5280-12\/#breadcrumb\"},\"inLanguage\":\"de\",\"potentialAction\":[{\"@type\":\"ReadAction\",\"target\":[\"https:\/\/teguar.com\/eu\/de\/product\/desktop-akku-dock-trt-5180-10-trt-5280-12\/\"]}]},{\"@type\":\"ImageObject\",\"inLanguage\":\"de\",\"@id\":\"https:\/\/teguar.com\/eu\/de\/product\/desktop-akku-dock-trt-5180-10-trt-5280-12\/#primaryimage\",\"url\":\"https:\/\/teguar.com\/eu\/wp-content\/uploads\/sites\/2\/2021\/03\/Desktop_Docking_Station_12V_9030-80__41483.1641907991.1280.1280.png\",\"contentUrl\":\"https:\/\/teguar.com\/eu\/wp-content\/uploads\/sites\/2\/2021\/03\/Desktop_Docking_Station_12V_9030-80__41483.1641907991.1280.1280.png\",\"width\":744,\"height\":568,\"caption\":\"Desktop Docking Station 12V 9030-80\"},{\"@type\":\"BreadcrumbList\",\"@id\":\"https:\/\/teguar.com\/eu\/de\/product\/desktop-akku-dock-trt-5180-10-trt-5280-12\/#breadcrumb\",\"itemListElement\":[{\"@type\":\"ListItem\",\"position\":1,\"name\":\"Home\",\"item\":\"https:\/\/teguar.com\/eu\/de\/\"},{\"@type\":\"ListItem\",\"position\":2,\"name\":\"Desktop &amp; Akku-Dock TRT-5180-10 &amp; TRT-5280-12\"}]},{\"@type\":\"WebSite\",\"@id\":\"https:\/\/teguar.com\/eu\/en\/#website\",\"url\":\"https:\/\/teguar.com\/eu\/en\/\",\"name\":\"Teguar\",\"description\":\"Industrial PCs, Medical Computers, and Rugged Tablets\",\"potentialAction\":[{\"@type\":\"SearchAction\",\"target\":{\"@type\":\"EntryPoint\",\"urlTemplate\":\"https:\/\/teguar.com\/eu\/en\/?s={search_term_string}\"},\"query-input\":{\"@type\":\"PropertyValueSpecification\",\"valueRequired\":true,\"valueName\":\"search_term_string\"}}],\"inLanguage\":\"de\"}]}<\/script>\n<!-- \/ Yoast SEO Premium plugin. -->","yoast_head_json":{"title":"Desktop &amp; Akku-Dock TRT-5180-10 &amp; TRT-5280-12 - Teguar","description":"Sehen Sie sich diese 12V Desktop-Dockingstation mit 3 USB-Anschl\u00fcssen, LAN-Anschluss und einem 12-poligen POGO-Steckplatz an, der eine einfache Drop-and-Go-Ladeanwendung erm\u00f6glicht.","robots":{"index":"index","follow":"follow","max-snippet":"max-snippet:-1","max-image-preview":"max-image-preview:large","max-video-preview":"max-video-preview:-1"},"canonical":"https:\/\/teguar.com\/eu\/de\/product\/desktop-akku-dock-trt-5180-10-trt-5280-12\/","og_locale":"de_DE","og_type":"article","og_title":"Desktop &amp; Akku-Dock TRT-5180-10 &amp; TRT-5280-12","og_description":"Sehen Sie sich diese 12V Desktop-Dockingstation mit 3 USB-Anschl\u00fcssen, LAN-Anschluss und einem 12-poligen POGO-Steckplatz an, der eine einfache Drop-and-Go-Ladeanwendung erm\u00f6glicht.","og_url":"https:\/\/teguar.com\/eu\/de\/product\/desktop-akku-dock-trt-5180-10-trt-5280-12\/","og_site_name":"Teguar","og_image":[{"width":744,"height":568,"url":"https:\/\/teguar.com\/eu\/wp-content\/uploads\/sites\/2\/2021\/03\/Desktop_Docking_Station_12V_9030-80__41483.1641907991.1280.1280.png","type":"image\/png"}],"twitter_card":"summary_large_image","schema":{"@context":"https:\/\/schema.org","@graph":[{"@type":"WebPage","@id":"https:\/\/teguar.com\/eu\/de\/product\/desktop-akku-dock-trt-5180-10-trt-5280-12\/","url":"https:\/\/teguar.com\/eu\/de\/product\/desktop-akku-dock-trt-5180-10-trt-5280-12\/","name":"Desktop &amp; Akku-Dock TRT-5180-10 &amp; TRT-5280-12 - Teguar","isPartOf":{"@id":"https:\/\/teguar.com\/eu\/en\/#website"},"primaryImageOfPage":{"@id":"https:\/\/teguar.com\/eu\/de\/product\/desktop-akku-dock-trt-5180-10-trt-5280-12\/#primaryimage"},"image":{"@id":"https:\/\/teguar.com\/eu\/de\/product\/desktop-akku-dock-trt-5180-10-trt-5280-12\/#primaryimage"},"thumbnailUrl":"https:\/\/teguar.com\/eu\/wp-content\/uploads\/sites\/2\/2021\/03\/Desktop_Docking_Station_12V_9030-80__41483.1641907991.1280.1280.png","datePublished":"2025-06-24T14:12:56+00:00","description":"Sehen Sie sich diese 12V Desktop-Dockingstation mit 3 USB-Anschl\u00fcssen, LAN-Anschluss und einem 12-poligen POGO-Steckplatz an, der eine einfache Drop-and-Go-Ladeanwendung erm\u00f6glicht.","breadcrumb":{"@id":"https:\/\/teguar.com\/eu\/de\/product\/desktop-akku-dock-trt-5180-10-trt-5280-12\/#breadcrumb"},"inLanguage":"de","potentialAction":[{"@type":"ReadAction","target":["https:\/\/teguar.com\/eu\/de\/product\/desktop-akku-dock-trt-5180-10-trt-5280-12\/"]}]},{"@type":"ImageObject","inLanguage":"de","@id":"https:\/\/teguar.com\/eu\/de\/product\/desktop-akku-dock-trt-5180-10-trt-5280-12\/#primaryimage","url":"https:\/\/teguar.com\/eu\/wp-content\/uploads\/sites\/2\/2021\/03\/Desktop_Docking_Station_12V_9030-80__41483.1641907991.1280.1280.png","contentUrl":"https:\/\/teguar.com\/eu\/wp-content\/uploads\/sites\/2\/2021\/03\/Desktop_Docking_Station_12V_9030-80__41483.1641907991.1280.1280.png","width":744,"height":568,"caption":"Desktop Docking Station 12V 9030-80"},{"@type":"BreadcrumbList","@id":"https:\/\/teguar.com\/eu\/de\/product\/desktop-akku-dock-trt-5180-10-trt-5280-12\/#breadcrumb","itemListElement":[{"@type":"ListItem","position":1,"name":"Home","item":"https:\/\/teguar.com\/eu\/de\/"},{"@type":"ListItem","position":2,"name":"Desktop &amp; Akku-Dock TRT-5180-10 &amp; TRT-5280-12"}]},{"@type":"WebSite","@id":"https:\/\/teguar.com\/eu\/en\/#website","url":"https:\/\/teguar.com\/eu\/en\/","name":"Teguar","description":"Industrial PCs, Medical Computers, and Rugged Tablets","potentialAction":[{"@type":"SearchAction","target":{"@type":"EntryPoint","urlTemplate":"https:\/\/teguar.com\/eu\/en\/?s={search_term_string}"},"query-input":{"@type":"PropertyValueSpecification","valueRequired":true,"valueName":"search_term_string"}}],"inLanguage":"de"}]}},"_links":{"self":[{"href":"https:\/\/teguar.com\/eu\/de\/wp-json\/wp\/v2\/product\/2245048","targetHints":{"allow":["GET"]}}],"collection":[{"href":"https:\/\/teguar.com\/eu\/de\/wp-json\/wp\/v2\/product"}],"about":[{"href":"https:\/\/teguar.com\/eu\/de\/wp-json\/wp\/v2\/types\/product"}],"wp:featuredmedia":[{"embeddable":true,"href":"https:\/\/teguar.com\/eu\/de\/wp-json\/wp\/v2\/media\/2245928"}],"wp:attachment":[{"href":"https:\/\/teguar.com\/eu\/de\/wp-json\/wp\/v2\/media?parent=2245048"}],"wp:term":[{"taxonomy":"product_brand","embeddable":true,"href":"https:\/\/teguar.com\/eu\/de\/wp-json\/wp\/v2\/product_brand?post=2245048"},{"taxonomy":"product_cat","embeddable":true,"href":"https:\/\/teguar.com\/eu\/de\/wp-json\/wp\/v2\/product_cat?post=2245048"},{"taxonomy":"product_tag","embeddable":true,"href":"https:\/\/teguar.com\/eu\/de\/wp-json\/wp\/v2\/product_tag?post=2245048"},{"taxonomy":"product_label","embeddable":true,"href":"https:\/\/teguar.com\/eu\/de\/wp-json\/wp\/v2\/product_label?post=2245048"}],"curies":[{"name":"wp","href":"https:\/\/api.w.org\/{rel}","templated":true}]}}