{"id":2245044,"date":"2025-06-24T14:12:54","date_gmt":"2025-06-24T14:12:54","guid":{"rendered":"https:\/\/teguar.com\/eu\/product\/gabelstapler-dock-fuer-trt-4380-08-trt-a5380-08\/"},"modified":"2025-06-24T14:12:54","modified_gmt":"2025-06-24T14:12:54","slug":"gabelstapler-dock-fuer-trt-4380-08-trt-a5380-08","status":"publish","type":"product","link":"https:\/\/teguar.com\/eu\/de\/product\/gabelstapler-dock-fuer-trt-4380-08-trt-a5380-08\/","title":{"rendered":"Gabelstapler-Dock f\u00fcr TRT-4380-08 &amp; TRT-A5380-08"},"content":{"rendered":"<p>Diese Gabelstapler-Dockingstation ist mit den meisten Teguar 8&#8243; Rugged Tablets kompatibel. Diese Dockingstation ist aus Aluminium gefertigt und daher sowohl stabil als auch leichtgewichtig. Sie hat verschiedene MIL-STD-810G-Tests bestanden, um den h\u00e4rtesten Bedingungen im Eisenbahn- und Stra\u00dfentransport standzuhalten. Mit der Schnellverriegelungstaste k\u00f6nnen Sie das Tablet ganz einfach abdocken oder mit dem integrierten Keylock oder K-Lock zur Diebstahlsicherung sichern. Die verriegelbaren Strom- und USB-Anschl\u00fcsse sorgen f\u00fcr eine dauerhafte Verbindung in rauen Umgebungen. Der RS232-Anschluss verf\u00fcgt au\u00dferdem \u00fcber einen optionalen 1A-Stromanschluss f\u00fcr spezielle externe Barcode-Scanner oder andere Peripherieger\u00e4te.    <\/p>\n","protected":false},"excerpt":{"rendered":"<p>Diese Fahrzeug-Dockingstation ist kompatibel mit dem <a href=\"https:\/\/teguar.com\/eu\/8-inch-rugged-tablet-trt-4380-08\/\">TRT-4380-08 Rugged Tablet  von Teguar . <\/a> <\/p>\n","protected":false},"featured_media":2245924,"template":"","meta":{"_acf_changed":false},"product_brand":[],"product_cat":[2814],"product_tag":[],"product_label":[],"class_list":{"0":"post-2245044","1":"product","2":"type-product","3":"status-publish","4":"has-post-thumbnail","6":"product_cat-zubehor","8":"first","9":"instock","10":"taxable","11":"shipping-taxable","12":"purchasable","13":"product-type-simple"},"composite_virtual":false,"composite_layout":"","composite_add_to_cart_form_location":"","composite_editable_in_cart":false,"composite_sold_individually_context":"","composite_shop_price_calc":"","composite_components":[],"composite_scenarios":[],"acf":[],"yoast_head":"<!-- This site is optimized with the Yoast SEO Premium plugin v26.8 (Yoast SEO v27.2) - https:\/\/yoast.com\/product\/yoast-seo-premium-wordpress\/ -->\n<title>Gabelstapler-Dock f\u00fcr TRT-4380-08 &amp; TRT-A5380-08 - Teguar<\/title>\n<meta name=\"description\" content=\"Sehen Sie sich diese Gabelstapler-Dockingstation an, die mit den meisten robusten 8-Zoll-Tablets von Teguar kompatibel ist. Sie ist MIL810G-zertifiziert und verf\u00fcgt \u00fcber Verriegelungselemente f\u00fcr eine sichere Dockingstation.\" \/>\n<meta name=\"robots\" content=\"index, follow, max-snippet:-1, max-image-preview:large, max-video-preview:-1\" \/>\n<link rel=\"canonical\" href=\"https:\/\/teguar.com\/eu\/de\/product\/gabelstapler-dock-fuer-trt-4380-08-trt-a5380-08\/\" \/>\n<meta property=\"og:locale\" content=\"de_DE\" \/>\n<meta property=\"og:type\" content=\"article\" \/>\n<meta property=\"og:title\" content=\"Gabelstapler-Dock f\u00fcr TRT-4380-08 &amp; TRT-A5380-08\" \/>\n<meta property=\"og:description\" content=\"Sehen Sie sich diese Gabelstapler-Dockingstation an, die mit den meisten robusten 8-Zoll-Tablets von Teguar kompatibel ist. Sie ist MIL810G-zertifiziert und verf\u00fcgt \u00fcber Verriegelungselemente f\u00fcr eine sichere Dockingstation.\" \/>\n<meta property=\"og:url\" content=\"https:\/\/teguar.com\/eu\/de\/product\/gabelstapler-dock-fuer-trt-4380-08-trt-a5380-08\/\" \/>\n<meta property=\"og:site_name\" content=\"Teguar\" \/>\n<meta property=\"og:image\" content=\"https:\/\/teguar.com\/eu\/wp-content\/uploads\/sites\/2\/2021\/03\/Vehicle_Mount_Front_with_Tablet__50860.1615987889.1280.1280.jpg\" \/>\n\t<meta property=\"og:image:width\" content=\"1000\" \/>\n\t<meta property=\"og:image:height\" content=\"1000\" \/>\n\t<meta property=\"og:image:type\" content=\"image\/jpeg\" \/>\n<meta name=\"twitter:card\" content=\"summary_large_image\" \/>\n<script type=\"application\/ld+json\" class=\"yoast-schema-graph\">{\"@context\":\"https:\/\/schema.org\",\"@graph\":[{\"@type\":\"WebPage\",\"@id\":\"https:\/\/teguar.com\/eu\/de\/product\/gabelstapler-dock-fuer-trt-4380-08-trt-a5380-08\/\",\"url\":\"https:\/\/teguar.com\/eu\/de\/product\/gabelstapler-dock-fuer-trt-4380-08-trt-a5380-08\/\",\"name\":\"Gabelstapler-Dock f\u00fcr TRT-4380-08 &amp; TRT-A5380-08 - Teguar\",\"isPartOf\":{\"@id\":\"https:\/\/teguar.com\/eu\/en\/#website\"},\"primaryImageOfPage\":{\"@id\":\"https:\/\/teguar.com\/eu\/de\/product\/gabelstapler-dock-fuer-trt-4380-08-trt-a5380-08\/#primaryimage\"},\"image\":{\"@id\":\"https:\/\/teguar.com\/eu\/de\/product\/gabelstapler-dock-fuer-trt-4380-08-trt-a5380-08\/#primaryimage\"},\"thumbnailUrl\":\"https:\/\/teguar.com\/eu\/wp-content\/uploads\/sites\/2\/2021\/03\/Vehicle_Mount_Front_with_Tablet__50860.1615987889.1280.1280.jpg\",\"datePublished\":\"2025-06-24T14:12:54+00:00\",\"description\":\"Sehen Sie sich diese Gabelstapler-Dockingstation an, die mit den meisten robusten 8-Zoll-Tablets von Teguar kompatibel ist. Sie ist MIL810G-zertifiziert und verf\u00fcgt \u00fcber Verriegelungselemente f\u00fcr eine sichere Dockingstation.\",\"breadcrumb\":{\"@id\":\"https:\/\/teguar.com\/eu\/de\/product\/gabelstapler-dock-fuer-trt-4380-08-trt-a5380-08\/#breadcrumb\"},\"inLanguage\":\"de\",\"potentialAction\":[{\"@type\":\"ReadAction\",\"target\":[\"https:\/\/teguar.com\/eu\/de\/product\/gabelstapler-dock-fuer-trt-4380-08-trt-a5380-08\/\"]}]},{\"@type\":\"ImageObject\",\"inLanguage\":\"de\",\"@id\":\"https:\/\/teguar.com\/eu\/de\/product\/gabelstapler-dock-fuer-trt-4380-08-trt-a5380-08\/#primaryimage\",\"url\":\"https:\/\/teguar.com\/eu\/wp-content\/uploads\/sites\/2\/2021\/03\/Vehicle_Mount_Front_with_Tablet__50860.1615987889.1280.1280.jpg\",\"contentUrl\":\"https:\/\/teguar.com\/eu\/wp-content\/uploads\/sites\/2\/2021\/03\/Vehicle_Mount_Front_with_Tablet__50860.1615987889.1280.1280.jpg\",\"width\":1000,\"height\":1000,\"caption\":\"Rugged Tablet Forklift Dock with 8\\\" Tablet\"},{\"@type\":\"BreadcrumbList\",\"@id\":\"https:\/\/teguar.com\/eu\/de\/product\/gabelstapler-dock-fuer-trt-4380-08-trt-a5380-08\/#breadcrumb\",\"itemListElement\":[{\"@type\":\"ListItem\",\"position\":1,\"name\":\"Home\",\"item\":\"https:\/\/teguar.com\/eu\/de\/\"},{\"@type\":\"ListItem\",\"position\":2,\"name\":\"Gabelstapler-Dock f\u00fcr TRT-4380-08 &amp; TRT-A5380-08\"}]},{\"@type\":\"WebSite\",\"@id\":\"https:\/\/teguar.com\/eu\/en\/#website\",\"url\":\"https:\/\/teguar.com\/eu\/en\/\",\"name\":\"Teguar\",\"description\":\"Industrial PCs, Medical Computers, and Rugged Tablets\",\"potentialAction\":[{\"@type\":\"SearchAction\",\"target\":{\"@type\":\"EntryPoint\",\"urlTemplate\":\"https:\/\/teguar.com\/eu\/en\/?s={search_term_string}\"},\"query-input\":{\"@type\":\"PropertyValueSpecification\",\"valueRequired\":true,\"valueName\":\"search_term_string\"}}],\"inLanguage\":\"de\"}]}<\/script>\n<!-- \/ Yoast SEO Premium plugin. -->","yoast_head_json":{"title":"Gabelstapler-Dock f\u00fcr TRT-4380-08 &amp; TRT-A5380-08 - Teguar","description":"Sehen Sie sich diese Gabelstapler-Dockingstation an, die mit den meisten robusten 8-Zoll-Tablets von Teguar kompatibel ist. Sie ist MIL810G-zertifiziert und verf\u00fcgt \u00fcber Verriegelungselemente f\u00fcr eine sichere Dockingstation.","robots":{"index":"index","follow":"follow","max-snippet":"max-snippet:-1","max-image-preview":"max-image-preview:large","max-video-preview":"max-video-preview:-1"},"canonical":"https:\/\/teguar.com\/eu\/de\/product\/gabelstapler-dock-fuer-trt-4380-08-trt-a5380-08\/","og_locale":"de_DE","og_type":"article","og_title":"Gabelstapler-Dock f\u00fcr TRT-4380-08 &amp; TRT-A5380-08","og_description":"Sehen Sie sich diese Gabelstapler-Dockingstation an, die mit den meisten robusten 8-Zoll-Tablets von Teguar kompatibel ist. Sie ist MIL810G-zertifiziert und verf\u00fcgt \u00fcber Verriegelungselemente f\u00fcr eine sichere Dockingstation.","og_url":"https:\/\/teguar.com\/eu\/de\/product\/gabelstapler-dock-fuer-trt-4380-08-trt-a5380-08\/","og_site_name":"Teguar","og_image":[{"width":1000,"height":1000,"url":"https:\/\/teguar.com\/eu\/wp-content\/uploads\/sites\/2\/2021\/03\/Vehicle_Mount_Front_with_Tablet__50860.1615987889.1280.1280.jpg","type":"image\/jpeg"}],"twitter_card":"summary_large_image","schema":{"@context":"https:\/\/schema.org","@graph":[{"@type":"WebPage","@id":"https:\/\/teguar.com\/eu\/de\/product\/gabelstapler-dock-fuer-trt-4380-08-trt-a5380-08\/","url":"https:\/\/teguar.com\/eu\/de\/product\/gabelstapler-dock-fuer-trt-4380-08-trt-a5380-08\/","name":"Gabelstapler-Dock f\u00fcr TRT-4380-08 &amp; TRT-A5380-08 - Teguar","isPartOf":{"@id":"https:\/\/teguar.com\/eu\/en\/#website"},"primaryImageOfPage":{"@id":"https:\/\/teguar.com\/eu\/de\/product\/gabelstapler-dock-fuer-trt-4380-08-trt-a5380-08\/#primaryimage"},"image":{"@id":"https:\/\/teguar.com\/eu\/de\/product\/gabelstapler-dock-fuer-trt-4380-08-trt-a5380-08\/#primaryimage"},"thumbnailUrl":"https:\/\/teguar.com\/eu\/wp-content\/uploads\/sites\/2\/2021\/03\/Vehicle_Mount_Front_with_Tablet__50860.1615987889.1280.1280.jpg","datePublished":"2025-06-24T14:12:54+00:00","description":"Sehen Sie sich diese Gabelstapler-Dockingstation an, die mit den meisten robusten 8-Zoll-Tablets von Teguar kompatibel ist. Sie ist MIL810G-zertifiziert und verf\u00fcgt \u00fcber Verriegelungselemente f\u00fcr eine sichere Dockingstation.","breadcrumb":{"@id":"https:\/\/teguar.com\/eu\/de\/product\/gabelstapler-dock-fuer-trt-4380-08-trt-a5380-08\/#breadcrumb"},"inLanguage":"de","potentialAction":[{"@type":"ReadAction","target":["https:\/\/teguar.com\/eu\/de\/product\/gabelstapler-dock-fuer-trt-4380-08-trt-a5380-08\/"]}]},{"@type":"ImageObject","inLanguage":"de","@id":"https:\/\/teguar.com\/eu\/de\/product\/gabelstapler-dock-fuer-trt-4380-08-trt-a5380-08\/#primaryimage","url":"https:\/\/teguar.com\/eu\/wp-content\/uploads\/sites\/2\/2021\/03\/Vehicle_Mount_Front_with_Tablet__50860.1615987889.1280.1280.jpg","contentUrl":"https:\/\/teguar.com\/eu\/wp-content\/uploads\/sites\/2\/2021\/03\/Vehicle_Mount_Front_with_Tablet__50860.1615987889.1280.1280.jpg","width":1000,"height":1000,"caption":"Rugged Tablet Forklift Dock with 8\" Tablet"},{"@type":"BreadcrumbList","@id":"https:\/\/teguar.com\/eu\/de\/product\/gabelstapler-dock-fuer-trt-4380-08-trt-a5380-08\/#breadcrumb","itemListElement":[{"@type":"ListItem","position":1,"name":"Home","item":"https:\/\/teguar.com\/eu\/de\/"},{"@type":"ListItem","position":2,"name":"Gabelstapler-Dock f\u00fcr TRT-4380-08 &amp; TRT-A5380-08"}]},{"@type":"WebSite","@id":"https:\/\/teguar.com\/eu\/en\/#website","url":"https:\/\/teguar.com\/eu\/en\/","name":"Teguar","description":"Industrial PCs, Medical Computers, and Rugged Tablets","potentialAction":[{"@type":"SearchAction","target":{"@type":"EntryPoint","urlTemplate":"https:\/\/teguar.com\/eu\/en\/?s={search_term_string}"},"query-input":{"@type":"PropertyValueSpecification","valueRequired":true,"valueName":"search_term_string"}}],"inLanguage":"de"}]}},"_links":{"self":[{"href":"https:\/\/teguar.com\/eu\/de\/wp-json\/wp\/v2\/product\/2245044","targetHints":{"allow":["GET"]}}],"collection":[{"href":"https:\/\/teguar.com\/eu\/de\/wp-json\/wp\/v2\/product"}],"about":[{"href":"https:\/\/teguar.com\/eu\/de\/wp-json\/wp\/v2\/types\/product"}],"wp:featuredmedia":[{"embeddable":true,"href":"https:\/\/teguar.com\/eu\/de\/wp-json\/wp\/v2\/media\/2245924"}],"wp:attachment":[{"href":"https:\/\/teguar.com\/eu\/de\/wp-json\/wp\/v2\/media?parent=2245044"}],"wp:term":[{"taxonomy":"product_brand","embeddable":true,"href":"https:\/\/teguar.com\/eu\/de\/wp-json\/wp\/v2\/product_brand?post=2245044"},{"taxonomy":"product_cat","embeddable":true,"href":"https:\/\/teguar.com\/eu\/de\/wp-json\/wp\/v2\/product_cat?post=2245044"},{"taxonomy":"product_tag","embeddable":true,"href":"https:\/\/teguar.com\/eu\/de\/wp-json\/wp\/v2\/product_tag?post=2245044"},{"taxonomy":"product_label","embeddable":true,"href":"https:\/\/teguar.com\/eu\/de\/wp-json\/wp\/v2\/product_label?post=2245044"}],"curies":[{"name":"wp","href":"https:\/\/api.w.org\/{rel}","templated":true}]}}