{"id":2245039,"date":"2025-06-24T14:12:54","date_gmt":"2025-06-24T14:12:54","guid":{"rendered":"https:\/\/teguar.com\/eu\/product\/nfc-fuer-ta-5x40-q5340-serie\/"},"modified":"2025-06-24T14:12:54","modified_gmt":"2025-06-24T14:12:54","slug":"nfc-fuer-ta-5x40-q5340-serie","status":"publish","type":"product","link":"https:\/\/teguar.com\/eu\/de\/product\/nfc-fuer-ta-5x40-q5340-serie\/","title":{"rendered":"NFC f\u00fcr TA-5&#215;40 &amp; Q5340 Serie"},"content":{"rendered":"<p>NFC-Tags werden h\u00e4ufig in Mitarbeiterausweisen verwendet. Indem Sie den Ausweis einfach in die N\u00e4he des NFC-Leseger\u00e4ts halten, wird die Identit\u00e4t des Benutzers schnell \u00fcberpr\u00fcft, um sich schnell am Computer anzumelden oder dem Benutzer Zugang zu einem Geb\u00e4ude oder Raum zu gew\u00e4hren. NFC bietet auch eine effektive M\u00f6glichkeit, das Inventar zu verfolgen.  <\/p>\n","protected":false},"excerpt":{"rendered":"<p>Dieses NFC-Modul kann an jeder der vier Seiten des Computers \u00fcber einen Micro-USB-Anschluss angebracht werden. Es wurde f\u00fcr die TA-Serie von Teguar entwickelt und passt perfekt auf alle Ger\u00e4te der TA-Serie. <\/p>\n","protected":false},"featured_media":2245920,"template":"","meta":{"_acf_changed":false},"product_brand":[],"product_cat":[2814],"product_tag":[],"product_label":[],"class_list":{"0":"post-2245039","1":"product","2":"type-product","3":"status-publish","4":"has-post-thumbnail","6":"product_cat-zubehor","8":"first","9":"instock","10":"taxable","11":"shipping-taxable","12":"purchasable","13":"product-type-simple"},"composite_virtual":false,"composite_layout":"","composite_add_to_cart_form_location":"","composite_editable_in_cart":false,"composite_sold_individually_context":"","composite_shop_price_calc":"","composite_components":[],"composite_scenarios":[],"acf":[],"yoast_head":"<!-- This site is optimized with the Yoast SEO Premium plugin v26.8 (Yoast SEO v27.2) - https:\/\/yoast.com\/product\/yoast-seo-premium-wordpress\/ -->\n<title>NFC f\u00fcr TA-5x40 &amp; Q5340 Serie - Teguar<\/title>\n<meta name=\"description\" content=\"Sehen Sie sich dieses NFC-Leseger\u00e4t f\u00fcr die TA Kiosk Computer-Serie von Teguar an, ein modulares Zubeh\u00f6r, das sich ideal f\u00fcr die schnelle Identit\u00e4ts\u00fcberpr\u00fcfung oder f\u00fcr Anwendungen zur Bestandsverfolgung eignet.\" \/>\n<meta name=\"robots\" content=\"index, follow, max-snippet:-1, max-image-preview:large, max-video-preview:-1\" \/>\n<link rel=\"canonical\" href=\"https:\/\/teguar.com\/eu\/de\/product\/nfc-fuer-ta-5x40-q5340-serie\/\" \/>\n<meta property=\"og:locale\" content=\"de_DE\" \/>\n<meta property=\"og:type\" content=\"article\" \/>\n<meta property=\"og:title\" content=\"NFC f\u00fcr TA-5x40 &amp; Q5340 Serie\" \/>\n<meta property=\"og:description\" content=\"Sehen Sie sich dieses NFC-Leseger\u00e4t f\u00fcr die TA Kiosk Computer-Serie von Teguar an, ein modulares Zubeh\u00f6r, das sich ideal f\u00fcr die schnelle Identit\u00e4ts\u00fcberpr\u00fcfung oder f\u00fcr Anwendungen zur Bestandsverfolgung eignet.\" \/>\n<meta property=\"og:url\" content=\"https:\/\/teguar.com\/eu\/de\/product\/nfc-fuer-ta-5x40-q5340-serie\/\" \/>\n<meta property=\"og:site_name\" content=\"Teguar\" \/>\n<meta property=\"og:image\" content=\"https:\/\/teguar.com\/eu\/wp-content\/uploads\/sites\/2\/2021\/03\/6161-40_NFC__14403.1616787821.1280.1280.jpg\" \/>\n\t<meta property=\"og:image:width\" content=\"1000\" \/>\n\t<meta property=\"og:image:height\" content=\"1000\" \/>\n\t<meta property=\"og:image:type\" content=\"image\/jpeg\" \/>\n<meta name=\"twitter:card\" content=\"summary_large_image\" \/>\n<script type=\"application\/ld+json\" class=\"yoast-schema-graph\">{\"@context\":\"https:\/\/schema.org\",\"@graph\":[{\"@type\":\"WebPage\",\"@id\":\"https:\/\/teguar.com\/eu\/de\/product\/nfc-fuer-ta-5x40-q5340-serie\/\",\"url\":\"https:\/\/teguar.com\/eu\/de\/product\/nfc-fuer-ta-5x40-q5340-serie\/\",\"name\":\"NFC f\u00fcr TA-5x40 &amp; Q5340 Serie - Teguar\",\"isPartOf\":{\"@id\":\"https:\/\/teguar.com\/eu\/en\/#website\"},\"primaryImageOfPage\":{\"@id\":\"https:\/\/teguar.com\/eu\/de\/product\/nfc-fuer-ta-5x40-q5340-serie\/#primaryimage\"},\"image\":{\"@id\":\"https:\/\/teguar.com\/eu\/de\/product\/nfc-fuer-ta-5x40-q5340-serie\/#primaryimage\"},\"thumbnailUrl\":\"https:\/\/teguar.com\/eu\/wp-content\/uploads\/sites\/2\/2021\/03\/6161-40_NFC__14403.1616787821.1280.1280.jpg\",\"datePublished\":\"2025-06-24T14:12:54+00:00\",\"description\":\"Sehen Sie sich dieses NFC-Leseger\u00e4t f\u00fcr die TA Kiosk Computer-Serie von Teguar an, ein modulares Zubeh\u00f6r, das sich ideal f\u00fcr die schnelle Identit\u00e4ts\u00fcberpr\u00fcfung oder f\u00fcr Anwendungen zur Bestandsverfolgung eignet.\",\"breadcrumb\":{\"@id\":\"https:\/\/teguar.com\/eu\/de\/product\/nfc-fuer-ta-5x40-q5340-serie\/#breadcrumb\"},\"inLanguage\":\"de\",\"potentialAction\":[{\"@type\":\"ReadAction\",\"target\":[\"https:\/\/teguar.com\/eu\/de\/product\/nfc-fuer-ta-5x40-q5340-serie\/\"]}]},{\"@type\":\"ImageObject\",\"inLanguage\":\"de\",\"@id\":\"https:\/\/teguar.com\/eu\/de\/product\/nfc-fuer-ta-5x40-q5340-serie\/#primaryimage\",\"url\":\"https:\/\/teguar.com\/eu\/wp-content\/uploads\/sites\/2\/2021\/03\/6161-40_NFC__14403.1616787821.1280.1280.jpg\",\"contentUrl\":\"https:\/\/teguar.com\/eu\/wp-content\/uploads\/sites\/2\/2021\/03\/6161-40_NFC__14403.1616787821.1280.1280.jpg\",\"width\":1000,\"height\":1000,\"caption\":\"NFC Module for TA Series\"},{\"@type\":\"BreadcrumbList\",\"@id\":\"https:\/\/teguar.com\/eu\/de\/product\/nfc-fuer-ta-5x40-q5340-serie\/#breadcrumb\",\"itemListElement\":[{\"@type\":\"ListItem\",\"position\":1,\"name\":\"Home\",\"item\":\"https:\/\/teguar.com\/eu\/de\/\"},{\"@type\":\"ListItem\",\"position\":2,\"name\":\"NFC f\u00fcr TA-5&#215;40 &amp; Q5340 Serie\"}]},{\"@type\":\"WebSite\",\"@id\":\"https:\/\/teguar.com\/eu\/en\/#website\",\"url\":\"https:\/\/teguar.com\/eu\/en\/\",\"name\":\"Teguar\",\"description\":\"Industrial PCs, Medical Computers, and Rugged Tablets\",\"potentialAction\":[{\"@type\":\"SearchAction\",\"target\":{\"@type\":\"EntryPoint\",\"urlTemplate\":\"https:\/\/teguar.com\/eu\/en\/?s={search_term_string}\"},\"query-input\":{\"@type\":\"PropertyValueSpecification\",\"valueRequired\":true,\"valueName\":\"search_term_string\"}}],\"inLanguage\":\"de\"}]}<\/script>\n<!-- \/ Yoast SEO Premium plugin. -->","yoast_head_json":{"title":"NFC f\u00fcr TA-5x40 &amp; Q5340 Serie - Teguar","description":"Sehen Sie sich dieses NFC-Leseger\u00e4t f\u00fcr die TA Kiosk Computer-Serie von Teguar an, ein modulares Zubeh\u00f6r, das sich ideal f\u00fcr die schnelle Identit\u00e4ts\u00fcberpr\u00fcfung oder f\u00fcr Anwendungen zur Bestandsverfolgung eignet.","robots":{"index":"index","follow":"follow","max-snippet":"max-snippet:-1","max-image-preview":"max-image-preview:large","max-video-preview":"max-video-preview:-1"},"canonical":"https:\/\/teguar.com\/eu\/de\/product\/nfc-fuer-ta-5x40-q5340-serie\/","og_locale":"de_DE","og_type":"article","og_title":"NFC f\u00fcr TA-5x40 &amp; Q5340 Serie","og_description":"Sehen Sie sich dieses NFC-Leseger\u00e4t f\u00fcr die TA Kiosk Computer-Serie von Teguar an, ein modulares Zubeh\u00f6r, das sich ideal f\u00fcr die schnelle Identit\u00e4ts\u00fcberpr\u00fcfung oder f\u00fcr Anwendungen zur Bestandsverfolgung eignet.","og_url":"https:\/\/teguar.com\/eu\/de\/product\/nfc-fuer-ta-5x40-q5340-serie\/","og_site_name":"Teguar","og_image":[{"width":1000,"height":1000,"url":"https:\/\/teguar.com\/eu\/wp-content\/uploads\/sites\/2\/2021\/03\/6161-40_NFC__14403.1616787821.1280.1280.jpg","type":"image\/jpeg"}],"twitter_card":"summary_large_image","schema":{"@context":"https:\/\/schema.org","@graph":[{"@type":"WebPage","@id":"https:\/\/teguar.com\/eu\/de\/product\/nfc-fuer-ta-5x40-q5340-serie\/","url":"https:\/\/teguar.com\/eu\/de\/product\/nfc-fuer-ta-5x40-q5340-serie\/","name":"NFC f\u00fcr TA-5x40 &amp; Q5340 Serie - Teguar","isPartOf":{"@id":"https:\/\/teguar.com\/eu\/en\/#website"},"primaryImageOfPage":{"@id":"https:\/\/teguar.com\/eu\/de\/product\/nfc-fuer-ta-5x40-q5340-serie\/#primaryimage"},"image":{"@id":"https:\/\/teguar.com\/eu\/de\/product\/nfc-fuer-ta-5x40-q5340-serie\/#primaryimage"},"thumbnailUrl":"https:\/\/teguar.com\/eu\/wp-content\/uploads\/sites\/2\/2021\/03\/6161-40_NFC__14403.1616787821.1280.1280.jpg","datePublished":"2025-06-24T14:12:54+00:00","description":"Sehen Sie sich dieses NFC-Leseger\u00e4t f\u00fcr die TA Kiosk Computer-Serie von Teguar an, ein modulares Zubeh\u00f6r, das sich ideal f\u00fcr die schnelle Identit\u00e4ts\u00fcberpr\u00fcfung oder f\u00fcr Anwendungen zur Bestandsverfolgung eignet.","breadcrumb":{"@id":"https:\/\/teguar.com\/eu\/de\/product\/nfc-fuer-ta-5x40-q5340-serie\/#breadcrumb"},"inLanguage":"de","potentialAction":[{"@type":"ReadAction","target":["https:\/\/teguar.com\/eu\/de\/product\/nfc-fuer-ta-5x40-q5340-serie\/"]}]},{"@type":"ImageObject","inLanguage":"de","@id":"https:\/\/teguar.com\/eu\/de\/product\/nfc-fuer-ta-5x40-q5340-serie\/#primaryimage","url":"https:\/\/teguar.com\/eu\/wp-content\/uploads\/sites\/2\/2021\/03\/6161-40_NFC__14403.1616787821.1280.1280.jpg","contentUrl":"https:\/\/teguar.com\/eu\/wp-content\/uploads\/sites\/2\/2021\/03\/6161-40_NFC__14403.1616787821.1280.1280.jpg","width":1000,"height":1000,"caption":"NFC Module for TA Series"},{"@type":"BreadcrumbList","@id":"https:\/\/teguar.com\/eu\/de\/product\/nfc-fuer-ta-5x40-q5340-serie\/#breadcrumb","itemListElement":[{"@type":"ListItem","position":1,"name":"Home","item":"https:\/\/teguar.com\/eu\/de\/"},{"@type":"ListItem","position":2,"name":"NFC f\u00fcr TA-5&#215;40 &amp; Q5340 Serie"}]},{"@type":"WebSite","@id":"https:\/\/teguar.com\/eu\/en\/#website","url":"https:\/\/teguar.com\/eu\/en\/","name":"Teguar","description":"Industrial PCs, Medical Computers, and Rugged Tablets","potentialAction":[{"@type":"SearchAction","target":{"@type":"EntryPoint","urlTemplate":"https:\/\/teguar.com\/eu\/en\/?s={search_term_string}"},"query-input":{"@type":"PropertyValueSpecification","valueRequired":true,"valueName":"search_term_string"}}],"inLanguage":"de"}]}},"_links":{"self":[{"href":"https:\/\/teguar.com\/eu\/de\/wp-json\/wp\/v2\/product\/2245039","targetHints":{"allow":["GET"]}}],"collection":[{"href":"https:\/\/teguar.com\/eu\/de\/wp-json\/wp\/v2\/product"}],"about":[{"href":"https:\/\/teguar.com\/eu\/de\/wp-json\/wp\/v2\/types\/product"}],"wp:featuredmedia":[{"embeddable":true,"href":"https:\/\/teguar.com\/eu\/de\/wp-json\/wp\/v2\/media\/2245920"}],"wp:attachment":[{"href":"https:\/\/teguar.com\/eu\/de\/wp-json\/wp\/v2\/media?parent=2245039"}],"wp:term":[{"taxonomy":"product_brand","embeddable":true,"href":"https:\/\/teguar.com\/eu\/de\/wp-json\/wp\/v2\/product_brand?post=2245039"},{"taxonomy":"product_cat","embeddable":true,"href":"https:\/\/teguar.com\/eu\/de\/wp-json\/wp\/v2\/product_cat?post=2245039"},{"taxonomy":"product_tag","embeddable":true,"href":"https:\/\/teguar.com\/eu\/de\/wp-json\/wp\/v2\/product_tag?post=2245039"},{"taxonomy":"product_label","embeddable":true,"href":"https:\/\/teguar.com\/eu\/de\/wp-json\/wp\/v2\/product_label?post=2245039"}],"curies":[{"name":"wp","href":"https:\/\/api.w.org\/{rel}","templated":true}]}}