{"id":2245036,"date":"2025-06-24T14:12:53","date_gmt":"2025-06-24T14:12:53","guid":{"rendered":"https:\/\/teguar.com\/eu\/product\/5mp-af-webcam-mikrofon-modul-ta-xx40\/"},"modified":"2025-06-24T14:12:53","modified_gmt":"2025-06-24T14:12:53","slug":"5mp-af-webcam-mikrofon-modul-ta-xx40","status":"publish","type":"product","link":"https:\/\/teguar.com\/eu\/de\/product\/5mp-af-webcam-mikrofon-modul-ta-xx40\/","title":{"rendered":"5MP AF Webcam &amp; Mikrofon Modul TA-XX40"},"content":{"rendered":"<p>Dieses Modul kombiniert einen W\u00e4rmesensor, eine 5MP Autofokus-Webcam und ein internes Mikrofon. Die W\u00e4rmebildkamera kann dazu verwendet werden, die Temperatur einer Person beim Betreten des Geb\u00e4udes zu scannen, und die Webcam kann zur Gesichtserkennung verwendet werden. Dieses Modul verwandelt das Ger\u00e4t auch in einen Videokonferenzcomputer mit eingebautem Mikrofon.  <\/p>\n","protected":false},"excerpt":{"rendered":"<p>Dieses Modul kann \u00fcber einen Micro-USB-Anschluss an der Oberseite des Computers angebracht werden. Es wurde f\u00fcr die TA-Serie von Teguar entwickelt und passt perfekt auf jedes Ger\u00e4t der TA-Serie. <\/p>\n","protected":false},"featured_media":2245913,"template":"","meta":{"_acf_changed":false},"product_brand":[],"product_cat":[2814],"product_tag":[],"product_label":[],"class_list":{"0":"post-2245036","1":"product","2":"type-product","3":"status-publish","4":"has-post-thumbnail","6":"product_cat-zubehor","8":"first","9":"instock","10":"taxable","11":"shipping-taxable","12":"purchasable","13":"product-type-simple"},"composite_virtual":false,"composite_layout":"","composite_add_to_cart_form_location":"","composite_editable_in_cart":false,"composite_sold_individually_context":"","composite_shop_price_calc":"","composite_components":[],"composite_scenarios":[],"acf":[],"yoast_head":"<!-- This site is optimized with the Yoast SEO Premium plugin v26.8 (Yoast SEO v27.2) - https:\/\/yoast.com\/product\/yoast-seo-premium-wordpress\/ -->\n<title>5MP AF Webcam &amp; Mikrofon Modul TA-XX40 - Teguar<\/title>\n<meta name=\"description\" content=\"Dieses funktionelle Zubeh\u00f6r kombiniert einen W\u00e4rmesensor, eine 5MP Autofokus-Webcam und sogar ein internes Mikrofon.\" \/>\n<meta name=\"robots\" content=\"index, follow, max-snippet:-1, max-image-preview:large, max-video-preview:-1\" \/>\n<link rel=\"canonical\" href=\"https:\/\/teguar.com\/eu\/de\/product\/5mp-af-webcam-mikrofon-modul-ta-xx40\/\" \/>\n<meta property=\"og:locale\" content=\"de_DE\" \/>\n<meta property=\"og:type\" content=\"article\" \/>\n<meta property=\"og:title\" content=\"5MP AF Webcam &amp; Mikrofon Modul TA-XX40\" \/>\n<meta property=\"og:description\" content=\"Dieses funktionelle Zubeh\u00f6r kombiniert einen W\u00e4rmesensor, eine 5MP Autofokus-Webcam und sogar ein internes Mikrofon.\" \/>\n<meta property=\"og:url\" content=\"https:\/\/teguar.com\/eu\/de\/product\/5mp-af-webcam-mikrofon-modul-ta-xx40\/\" \/>\n<meta property=\"og:site_name\" content=\"Teguar\" \/>\n<meta property=\"og:image\" content=\"https:\/\/teguar.com\/eu\/wp-content\/uploads\/sites\/2\/2021\/03\/2235-40_Webcam__04700.1616788338.1280.1280.jpg\" \/>\n\t<meta property=\"og:image:width\" content=\"1000\" \/>\n\t<meta property=\"og:image:height\" content=\"1000\" \/>\n\t<meta property=\"og:image:type\" content=\"image\/jpeg\" \/>\n<meta name=\"twitter:card\" content=\"summary_large_image\" \/>\n<script type=\"application\/ld+json\" class=\"yoast-schema-graph\">{\"@context\":\"https:\/\/schema.org\",\"@graph\":[{\"@type\":\"WebPage\",\"@id\":\"https:\/\/teguar.com\/eu\/de\/product\/5mp-af-webcam-mikrofon-modul-ta-xx40\/\",\"url\":\"https:\/\/teguar.com\/eu\/de\/product\/5mp-af-webcam-mikrofon-modul-ta-xx40\/\",\"name\":\"5MP AF Webcam &amp; Mikrofon Modul TA-XX40 - Teguar\",\"isPartOf\":{\"@id\":\"https:\/\/teguar.com\/eu\/en\/#website\"},\"primaryImageOfPage\":{\"@id\":\"https:\/\/teguar.com\/eu\/de\/product\/5mp-af-webcam-mikrofon-modul-ta-xx40\/#primaryimage\"},\"image\":{\"@id\":\"https:\/\/teguar.com\/eu\/de\/product\/5mp-af-webcam-mikrofon-modul-ta-xx40\/#primaryimage\"},\"thumbnailUrl\":\"https:\/\/teguar.com\/eu\/wp-content\/uploads\/sites\/2\/2021\/03\/2235-40_Webcam__04700.1616788338.1280.1280.jpg\",\"datePublished\":\"2025-06-24T14:12:53+00:00\",\"description\":\"Dieses funktionelle Zubeh\u00f6r kombiniert einen W\u00e4rmesensor, eine 5MP Autofokus-Webcam und sogar ein internes Mikrofon.\",\"breadcrumb\":{\"@id\":\"https:\/\/teguar.com\/eu\/de\/product\/5mp-af-webcam-mikrofon-modul-ta-xx40\/#breadcrumb\"},\"inLanguage\":\"de\",\"potentialAction\":[{\"@type\":\"ReadAction\",\"target\":[\"https:\/\/teguar.com\/eu\/de\/product\/5mp-af-webcam-mikrofon-modul-ta-xx40\/\"]}]},{\"@type\":\"ImageObject\",\"inLanguage\":\"de\",\"@id\":\"https:\/\/teguar.com\/eu\/de\/product\/5mp-af-webcam-mikrofon-modul-ta-xx40\/#primaryimage\",\"url\":\"https:\/\/teguar.com\/eu\/wp-content\/uploads\/sites\/2\/2021\/03\/2235-40_Webcam__04700.1616788338.1280.1280.jpg\",\"contentUrl\":\"https:\/\/teguar.com\/eu\/wp-content\/uploads\/sites\/2\/2021\/03\/2235-40_Webcam__04700.1616788338.1280.1280.jpg\",\"width\":1000,\"height\":1000,\"caption\":\"Webcam and thermal sensor TS series\"},{\"@type\":\"BreadcrumbList\",\"@id\":\"https:\/\/teguar.com\/eu\/de\/product\/5mp-af-webcam-mikrofon-modul-ta-xx40\/#breadcrumb\",\"itemListElement\":[{\"@type\":\"ListItem\",\"position\":1,\"name\":\"Home\",\"item\":\"https:\/\/teguar.com\/eu\/de\/\"},{\"@type\":\"ListItem\",\"position\":2,\"name\":\"5MP AF Webcam &amp; Mikrofon Modul TA-XX40\"}]},{\"@type\":\"WebSite\",\"@id\":\"https:\/\/teguar.com\/eu\/en\/#website\",\"url\":\"https:\/\/teguar.com\/eu\/en\/\",\"name\":\"Teguar\",\"description\":\"Industrial PCs, Medical Computers, and Rugged Tablets\",\"potentialAction\":[{\"@type\":\"SearchAction\",\"target\":{\"@type\":\"EntryPoint\",\"urlTemplate\":\"https:\/\/teguar.com\/eu\/en\/?s={search_term_string}\"},\"query-input\":{\"@type\":\"PropertyValueSpecification\",\"valueRequired\":true,\"valueName\":\"search_term_string\"}}],\"inLanguage\":\"de\"}]}<\/script>\n<!-- \/ Yoast SEO Premium plugin. -->","yoast_head_json":{"title":"5MP AF Webcam &amp; Mikrofon Modul TA-XX40 - Teguar","description":"Dieses funktionelle Zubeh\u00f6r kombiniert einen W\u00e4rmesensor, eine 5MP Autofokus-Webcam und sogar ein internes Mikrofon.","robots":{"index":"index","follow":"follow","max-snippet":"max-snippet:-1","max-image-preview":"max-image-preview:large","max-video-preview":"max-video-preview:-1"},"canonical":"https:\/\/teguar.com\/eu\/de\/product\/5mp-af-webcam-mikrofon-modul-ta-xx40\/","og_locale":"de_DE","og_type":"article","og_title":"5MP AF Webcam &amp; Mikrofon Modul TA-XX40","og_description":"Dieses funktionelle Zubeh\u00f6r kombiniert einen W\u00e4rmesensor, eine 5MP Autofokus-Webcam und sogar ein internes Mikrofon.","og_url":"https:\/\/teguar.com\/eu\/de\/product\/5mp-af-webcam-mikrofon-modul-ta-xx40\/","og_site_name":"Teguar","og_image":[{"width":1000,"height":1000,"url":"https:\/\/teguar.com\/eu\/wp-content\/uploads\/sites\/2\/2021\/03\/2235-40_Webcam__04700.1616788338.1280.1280.jpg","type":"image\/jpeg"}],"twitter_card":"summary_large_image","schema":{"@context":"https:\/\/schema.org","@graph":[{"@type":"WebPage","@id":"https:\/\/teguar.com\/eu\/de\/product\/5mp-af-webcam-mikrofon-modul-ta-xx40\/","url":"https:\/\/teguar.com\/eu\/de\/product\/5mp-af-webcam-mikrofon-modul-ta-xx40\/","name":"5MP AF Webcam &amp; Mikrofon Modul TA-XX40 - Teguar","isPartOf":{"@id":"https:\/\/teguar.com\/eu\/en\/#website"},"primaryImageOfPage":{"@id":"https:\/\/teguar.com\/eu\/de\/product\/5mp-af-webcam-mikrofon-modul-ta-xx40\/#primaryimage"},"image":{"@id":"https:\/\/teguar.com\/eu\/de\/product\/5mp-af-webcam-mikrofon-modul-ta-xx40\/#primaryimage"},"thumbnailUrl":"https:\/\/teguar.com\/eu\/wp-content\/uploads\/sites\/2\/2021\/03\/2235-40_Webcam__04700.1616788338.1280.1280.jpg","datePublished":"2025-06-24T14:12:53+00:00","description":"Dieses funktionelle Zubeh\u00f6r kombiniert einen W\u00e4rmesensor, eine 5MP Autofokus-Webcam und sogar ein internes Mikrofon.","breadcrumb":{"@id":"https:\/\/teguar.com\/eu\/de\/product\/5mp-af-webcam-mikrofon-modul-ta-xx40\/#breadcrumb"},"inLanguage":"de","potentialAction":[{"@type":"ReadAction","target":["https:\/\/teguar.com\/eu\/de\/product\/5mp-af-webcam-mikrofon-modul-ta-xx40\/"]}]},{"@type":"ImageObject","inLanguage":"de","@id":"https:\/\/teguar.com\/eu\/de\/product\/5mp-af-webcam-mikrofon-modul-ta-xx40\/#primaryimage","url":"https:\/\/teguar.com\/eu\/wp-content\/uploads\/sites\/2\/2021\/03\/2235-40_Webcam__04700.1616788338.1280.1280.jpg","contentUrl":"https:\/\/teguar.com\/eu\/wp-content\/uploads\/sites\/2\/2021\/03\/2235-40_Webcam__04700.1616788338.1280.1280.jpg","width":1000,"height":1000,"caption":"Webcam and thermal sensor TS series"},{"@type":"BreadcrumbList","@id":"https:\/\/teguar.com\/eu\/de\/product\/5mp-af-webcam-mikrofon-modul-ta-xx40\/#breadcrumb","itemListElement":[{"@type":"ListItem","position":1,"name":"Home","item":"https:\/\/teguar.com\/eu\/de\/"},{"@type":"ListItem","position":2,"name":"5MP AF Webcam &amp; Mikrofon Modul TA-XX40"}]},{"@type":"WebSite","@id":"https:\/\/teguar.com\/eu\/en\/#website","url":"https:\/\/teguar.com\/eu\/en\/","name":"Teguar","description":"Industrial PCs, Medical Computers, and Rugged Tablets","potentialAction":[{"@type":"SearchAction","target":{"@type":"EntryPoint","urlTemplate":"https:\/\/teguar.com\/eu\/en\/?s={search_term_string}"},"query-input":{"@type":"PropertyValueSpecification","valueRequired":true,"valueName":"search_term_string"}}],"inLanguage":"de"}]}},"_links":{"self":[{"href":"https:\/\/teguar.com\/eu\/de\/wp-json\/wp\/v2\/product\/2245036","targetHints":{"allow":["GET"]}}],"collection":[{"href":"https:\/\/teguar.com\/eu\/de\/wp-json\/wp\/v2\/product"}],"about":[{"href":"https:\/\/teguar.com\/eu\/de\/wp-json\/wp\/v2\/types\/product"}],"wp:featuredmedia":[{"embeddable":true,"href":"https:\/\/teguar.com\/eu\/de\/wp-json\/wp\/v2\/media\/2245913"}],"wp:attachment":[{"href":"https:\/\/teguar.com\/eu\/de\/wp-json\/wp\/v2\/media?parent=2245036"}],"wp:term":[{"taxonomy":"product_brand","embeddable":true,"href":"https:\/\/teguar.com\/eu\/de\/wp-json\/wp\/v2\/product_brand?post=2245036"},{"taxonomy":"product_cat","embeddable":true,"href":"https:\/\/teguar.com\/eu\/de\/wp-json\/wp\/v2\/product_cat?post=2245036"},{"taxonomy":"product_tag","embeddable":true,"href":"https:\/\/teguar.com\/eu\/de\/wp-json\/wp\/v2\/product_tag?post=2245036"},{"taxonomy":"product_label","embeddable":true,"href":"https:\/\/teguar.com\/eu\/de\/wp-json\/wp\/v2\/product_label?post=2245036"}],"curies":[{"name":"wp","href":"https:\/\/api.w.org\/{rel}","templated":true}]}}