{"id":2245027,"date":"2025-06-24T14:20:23","date_gmt":"2025-06-24T14:20:23","guid":{"rendered":"https:\/\/teguar.com\/eu\/product\/tb-2945\/"},"modified":"2025-11-20T16:40:17","modified_gmt":"2025-11-20T16:40:17","slug":"tb-2945","status":"publish","type":"product","link":"https:\/\/teguar.com\/eu\/de\/product\/tb-2945\/","title":{"rendered":"TB-2945"},"content":{"rendered":"<p>Der l\u00fcfterlose Box-PC TB-2945 verf\u00fcgt \u00fcber eine leistungsstarke Intel Celeron N2930 Quad Core CPU und ein robustes Geh\u00e4use. Dieser Boxcomputer hat einen Weitbereichsspannungseingang von 9V bis 36V DC und kann dank des l\u00fcfterlosen K\u00fchlsystems in einem weiten Temperaturbereich von 0 bis 50 \u00b0C (-20 bis 60\u00b0C optional) betrieben werden. Das TB-2945 verf\u00fcgt \u00fcber 2 Gigabit LAN, 6 USB-Ports, 3 COM-Ports, VGA- und HDMI-Videoausg\u00e4nge, die zwei unabh\u00e4ngige Displays unterst\u00fctzen. Durch das ultraflache Design und die Wandhalterungen ist dieser Box-PC ideal f\u00fcr industrielle Steuerungs-, Fertigungs- und Maschinenautomatisierungsanwendungen.   <\/p>\n","protected":false},"excerpt":{"rendered":"<p><a href=\"https:\/\/teguar.com\/eu\/de\/edge-computer\/\">Edge Computing in rauen Umgebungen:<\/a> Die Box-PCs der Serie TB-2945 eignen sich f\u00fcr Edge-Computing-Aufgaben in anspruchsvollen Industrieumgebungen und bieten zuverl\u00e4ssige Leistung und vielseitige E\/A-Optionen f\u00fcr die Datenverarbeitung in Echtzeit.<\/p>\n<p><a href=\"https:\/\/teguar.com\/eu\/de\/digitale-beschilderung-fuer-den-aussenbereich\/\">Digitale Beschilderung und Mediaplayer:<\/a> Mit Unterst\u00fctzung f\u00fcr zwei unabh\u00e4ngige Bildschirme und einer breiten Palette von E\/As, einschlie\u00dflich VGA und HDMI, sind die TB-2845 eine ausgezeichnete Wahl f\u00fcr Digital Signage- und Mediaplayer-Anwendungen und liefern eine hochwertige Multimedia-Leistung in kommerziellen Umgebungen.<\/p>\n<p><a href=\"https:\/\/teguar.com\/eu\/de\/computer-fuer-die-industrielle-automatisierung\/\">Industrielle Datenerfassung und Steuerung:<\/a> Ausgestattet mit mehreren Gigabit-LAN-Ports, USB-Ports und COM-Ports eignen sich die Box-PCs der Serie TB-2945 hervorragend f\u00fcr industrielle Datenerfassungs- und Steuerungssysteme und bieten robuste Anschlussm\u00f6glichkeiten und zuverl\u00e4ssige Leistung in anspruchsvollen industriellen Umgebungen.<\/p>\n","protected":false},"featured_media":2247026,"template":"","meta":{"_acf_changed":false},"product_brand":[],"product_cat":[2812,2824,2843,2845],"product_tag":[3807],"product_label":[],"class_list":{"0":"post-2245027","1":"product","2":"type-product","3":"status-publish","4":"has-post-thumbnail","6":"product_cat-embedded-pcs","7":"product_cat-lufterlose-pcs","8":"product_cat-rugged-computer","9":"product_cat-rugged-mini-pcs","10":"product_tag-vorherige-generation","11":"pa_windows-windows-10-iot","12":"pa_windows-windows-10-pro","13":"pa_windows-windows-7-pro","14":"pa_windows-windows-8-1-pro","16":"first","17":"outofstock","18":"taxable","19":"shipping-taxable","20":"purchasable","21":"product-type-simple"},"composite_virtual":false,"composite_layout":"","composite_add_to_cart_form_location":"","composite_editable_in_cart":false,"composite_sold_individually_context":"","composite_shop_price_calc":"","composite_components":[],"composite_scenarios":[],"acf":[],"yoast_head":"<!-- This site is optimized with the Yoast SEO Premium plugin v26.8 (Yoast SEO v27.2) - https:\/\/yoast.com\/product\/yoast-seo-premium-wordpress\/ -->\n<title>L\u00fcfterloser Box Computer | TB-2945<\/title>\n<meta name=\"description\" content=\"Embedded Box PC mit einer Intel Celeron N2930 CPU, 6 USB und 2 Mini-PCIe Erweiterungssteckpl\u00e4tzen. Ideal f\u00fcr industrielle Steuerungs- und Automatisierungsanwendungen.\" \/>\n<meta name=\"robots\" content=\"index, follow, max-snippet:-1, max-image-preview:large, max-video-preview:-1\" \/>\n<link rel=\"canonical\" href=\"https:\/\/teguar.com\/eu\/de\/product\/tb-2945\/\" \/>\n<meta property=\"og:locale\" content=\"de_DE\" \/>\n<meta property=\"og:type\" content=\"article\" \/>\n<meta property=\"og:title\" content=\"TB-2945\" \/>\n<meta property=\"og:description\" content=\"Embedded Box PC mit einer Intel Celeron N2930 CPU, 6 USB und 2 Mini-PCIe Erweiterungssteckpl\u00e4tzen. Ideal f\u00fcr industrielle Steuerungs- und Automatisierungsanwendungen.\" \/>\n<meta property=\"og:url\" content=\"https:\/\/teguar.com\/eu\/de\/product\/tb-2945\/\" \/>\n<meta property=\"og:site_name\" content=\"Teguar\" \/>\n<meta property=\"article:modified_time\" content=\"2025-11-20T16:40:17+00:00\" \/>\n<meta property=\"og:image\" content=\"https:\/\/teguar.com\/eu\/wp-content\/uploads\/sites\/2\/2020\/07\/tb-2945_front_ios_1_1__02061.1595934818.1280.1280.jpg\" \/>\n\t<meta property=\"og:image:width\" content=\"1000\" \/>\n\t<meta property=\"og:image:height\" content=\"1000\" \/>\n\t<meta property=\"og:image:type\" content=\"image\/jpeg\" \/>\n<meta name=\"twitter:card\" content=\"summary_large_image\" \/>\n<meta name=\"twitter:label1\" content=\"Gesch\u00e4tzte Lesezeit\" \/>\n\t<meta name=\"twitter:data1\" content=\"1\u00a0Minute\" \/>\n<script type=\"application\/ld+json\" class=\"yoast-schema-graph\">{\"@context\":\"https:\/\/schema.org\",\"@graph\":[{\"@type\":\"WebPage\",\"@id\":\"https:\/\/teguar.com\/eu\/de\/product\/tb-2945\/\",\"url\":\"https:\/\/teguar.com\/eu\/de\/product\/tb-2945\/\",\"name\":\"L\u00fcfterloser Box Computer | TB-2945\",\"isPartOf\":{\"@id\":\"https:\/\/teguar.com\/eu\/en\/#website\"},\"primaryImageOfPage\":{\"@id\":\"https:\/\/teguar.com\/eu\/de\/product\/tb-2945\/#primaryimage\"},\"image\":{\"@id\":\"https:\/\/teguar.com\/eu\/de\/product\/tb-2945\/#primaryimage\"},\"thumbnailUrl\":\"https:\/\/teguar.com\/eu\/wp-content\/uploads\/sites\/2\/2020\/07\/tb-2945_front_ios_1_1__02061.1595934818.1280.1280.jpg\",\"datePublished\":\"2025-06-24T14:20:23+00:00\",\"dateModified\":\"2025-11-20T16:40:17+00:00\",\"description\":\"Embedded Box PC mit einer Intel Celeron N2930 CPU, 6 USB und 2 Mini-PCIe Erweiterungssteckpl\u00e4tzen. Ideal f\u00fcr industrielle Steuerungs- und Automatisierungsanwendungen.\",\"breadcrumb\":{\"@id\":\"https:\/\/teguar.com\/eu\/de\/product\/tb-2945\/#breadcrumb\"},\"inLanguage\":\"de\",\"potentialAction\":[{\"@type\":\"ReadAction\",\"target\":[\"https:\/\/teguar.com\/eu\/de\/product\/tb-2945\/\"]}]},{\"@type\":\"ImageObject\",\"inLanguage\":\"de\",\"@id\":\"https:\/\/teguar.com\/eu\/de\/product\/tb-2945\/#primaryimage\",\"url\":\"https:\/\/teguar.com\/eu\/wp-content\/uploads\/sites\/2\/2020\/07\/tb-2945_front_ios_1_1__02061.1595934818.1280.1280.jpg\",\"contentUrl\":\"https:\/\/teguar.com\/eu\/wp-content\/uploads\/sites\/2\/2020\/07\/tb-2945_front_ios_1_1__02061.1595934818.1280.1280.jpg\",\"width\":1000,\"height\":1000,\"caption\":\"Intel Celeron Box PC | TB-2945\"},{\"@type\":\"BreadcrumbList\",\"@id\":\"https:\/\/teguar.com\/eu\/de\/product\/tb-2945\/#breadcrumb\",\"itemListElement\":[{\"@type\":\"ListItem\",\"position\":1,\"name\":\"Home\",\"item\":\"https:\/\/teguar.com\/eu\/de\/\"},{\"@type\":\"ListItem\",\"position\":2,\"name\":\"TB-2945\"}]},{\"@type\":\"WebSite\",\"@id\":\"https:\/\/teguar.com\/eu\/en\/#website\",\"url\":\"https:\/\/teguar.com\/eu\/en\/\",\"name\":\"Teguar\",\"description\":\"Industrial PCs, Medical Computers, and Rugged Tablets\",\"potentialAction\":[{\"@type\":\"SearchAction\",\"target\":{\"@type\":\"EntryPoint\",\"urlTemplate\":\"https:\/\/teguar.com\/eu\/en\/?s={search_term_string}\"},\"query-input\":{\"@type\":\"PropertyValueSpecification\",\"valueRequired\":true,\"valueName\":\"search_term_string\"}}],\"inLanguage\":\"de\"}]}<\/script>\n<!-- \/ Yoast SEO Premium plugin. -->","yoast_head_json":{"title":"L\u00fcfterloser Box Computer | TB-2945","description":"Embedded Box PC mit einer Intel Celeron N2930 CPU, 6 USB und 2 Mini-PCIe Erweiterungssteckpl\u00e4tzen. Ideal f\u00fcr industrielle Steuerungs- und Automatisierungsanwendungen.","robots":{"index":"index","follow":"follow","max-snippet":"max-snippet:-1","max-image-preview":"max-image-preview:large","max-video-preview":"max-video-preview:-1"},"canonical":"https:\/\/teguar.com\/eu\/de\/product\/tb-2945\/","og_locale":"de_DE","og_type":"article","og_title":"TB-2945","og_description":"Embedded Box PC mit einer Intel Celeron N2930 CPU, 6 USB und 2 Mini-PCIe Erweiterungssteckpl\u00e4tzen. Ideal f\u00fcr industrielle Steuerungs- und Automatisierungsanwendungen.","og_url":"https:\/\/teguar.com\/eu\/de\/product\/tb-2945\/","og_site_name":"Teguar","article_modified_time":"2025-11-20T16:40:17+00:00","og_image":[{"width":1000,"height":1000,"url":"https:\/\/teguar.com\/eu\/wp-content\/uploads\/sites\/2\/2020\/07\/tb-2945_front_ios_1_1__02061.1595934818.1280.1280.jpg","type":"image\/jpeg"}],"twitter_card":"summary_large_image","twitter_misc":{"Gesch\u00e4tzte Lesezeit":"1\u00a0Minute"},"schema":{"@context":"https:\/\/schema.org","@graph":[{"@type":"WebPage","@id":"https:\/\/teguar.com\/eu\/de\/product\/tb-2945\/","url":"https:\/\/teguar.com\/eu\/de\/product\/tb-2945\/","name":"L\u00fcfterloser Box Computer | TB-2945","isPartOf":{"@id":"https:\/\/teguar.com\/eu\/en\/#website"},"primaryImageOfPage":{"@id":"https:\/\/teguar.com\/eu\/de\/product\/tb-2945\/#primaryimage"},"image":{"@id":"https:\/\/teguar.com\/eu\/de\/product\/tb-2945\/#primaryimage"},"thumbnailUrl":"https:\/\/teguar.com\/eu\/wp-content\/uploads\/sites\/2\/2020\/07\/tb-2945_front_ios_1_1__02061.1595934818.1280.1280.jpg","datePublished":"2025-06-24T14:20:23+00:00","dateModified":"2025-11-20T16:40:17+00:00","description":"Embedded Box PC mit einer Intel Celeron N2930 CPU, 6 USB und 2 Mini-PCIe Erweiterungssteckpl\u00e4tzen. Ideal f\u00fcr industrielle Steuerungs- und Automatisierungsanwendungen.","breadcrumb":{"@id":"https:\/\/teguar.com\/eu\/de\/product\/tb-2945\/#breadcrumb"},"inLanguage":"de","potentialAction":[{"@type":"ReadAction","target":["https:\/\/teguar.com\/eu\/de\/product\/tb-2945\/"]}]},{"@type":"ImageObject","inLanguage":"de","@id":"https:\/\/teguar.com\/eu\/de\/product\/tb-2945\/#primaryimage","url":"https:\/\/teguar.com\/eu\/wp-content\/uploads\/sites\/2\/2020\/07\/tb-2945_front_ios_1_1__02061.1595934818.1280.1280.jpg","contentUrl":"https:\/\/teguar.com\/eu\/wp-content\/uploads\/sites\/2\/2020\/07\/tb-2945_front_ios_1_1__02061.1595934818.1280.1280.jpg","width":1000,"height":1000,"caption":"Intel Celeron Box PC | TB-2945"},{"@type":"BreadcrumbList","@id":"https:\/\/teguar.com\/eu\/de\/product\/tb-2945\/#breadcrumb","itemListElement":[{"@type":"ListItem","position":1,"name":"Home","item":"https:\/\/teguar.com\/eu\/de\/"},{"@type":"ListItem","position":2,"name":"TB-2945"}]},{"@type":"WebSite","@id":"https:\/\/teguar.com\/eu\/en\/#website","url":"https:\/\/teguar.com\/eu\/en\/","name":"Teguar","description":"Industrial PCs, Medical Computers, and Rugged Tablets","potentialAction":[{"@type":"SearchAction","target":{"@type":"EntryPoint","urlTemplate":"https:\/\/teguar.com\/eu\/en\/?s={search_term_string}"},"query-input":{"@type":"PropertyValueSpecification","valueRequired":true,"valueName":"search_term_string"}}],"inLanguage":"de"}]}},"_links":{"self":[{"href":"https:\/\/teguar.com\/eu\/de\/wp-json\/wp\/v2\/product\/2245027","targetHints":{"allow":["GET"]}}],"collection":[{"href":"https:\/\/teguar.com\/eu\/de\/wp-json\/wp\/v2\/product"}],"about":[{"href":"https:\/\/teguar.com\/eu\/de\/wp-json\/wp\/v2\/types\/product"}],"wp:featuredmedia":[{"embeddable":true,"href":"https:\/\/teguar.com\/eu\/de\/wp-json\/wp\/v2\/media\/2247026"}],"wp:attachment":[{"href":"https:\/\/teguar.com\/eu\/de\/wp-json\/wp\/v2\/media?parent=2245027"}],"wp:term":[{"taxonomy":"product_brand","embeddable":true,"href":"https:\/\/teguar.com\/eu\/de\/wp-json\/wp\/v2\/product_brand?post=2245027"},{"taxonomy":"product_cat","embeddable":true,"href":"https:\/\/teguar.com\/eu\/de\/wp-json\/wp\/v2\/product_cat?post=2245027"},{"taxonomy":"product_tag","embeddable":true,"href":"https:\/\/teguar.com\/eu\/de\/wp-json\/wp\/v2\/product_tag?post=2245027"},{"taxonomy":"product_label","embeddable":true,"href":"https:\/\/teguar.com\/eu\/de\/wp-json\/wp\/v2\/product_label?post=2245027"}],"curies":[{"name":"wp","href":"https:\/\/api.w.org\/{rel}","templated":true}]}}