{"id":2245024,"date":"2025-06-24T14:20:23","date_gmt":"2025-06-24T14:20:23","guid":{"rendered":"https:\/\/teguar.com\/eu\/product\/tb-2945-din\/"},"modified":"2025-11-20T16:40:32","modified_gmt":"2025-11-20T16:40:32","slug":"tb-2945-din","status":"publish","type":"product","link":"https:\/\/teguar.com\/eu\/de\/product\/tb-2945-din\/","title":{"rendered":"TB-2945-DIN"},"content":{"rendered":"<p>Der l\u00fcfterlose Boxcomputer TB-2945-DIN ist der Partner des TB-2945. Der Hauptunterschied ist, dass der TB-2945-DIN auf einer DIN-Schiene montiert werden kann, um Platz zu sparen und sich nahtlos in Ihre industrielle Umgebung zu integrieren. Das DIN-Schienen-Montagesystem macht die Installation zu einem Kinderspiel und erm\u00f6glicht es, industrielle Steuerger\u00e4te bequem nebeneinander zu montieren. Der TB-2945-DIN verf\u00fcgt \u00fcber einen leicht zug\u00e4nglichen 2,5&#8243; SATA2 Festplattenschacht, 6 USB-Anschl\u00fcsse und 2 Mini-PCIe Erweiterungssteckpl\u00e4tze. Dieser Box-Computer verf\u00fcgt \u00fcber einen Weitbereichsspannungseingang von 9V bis 36V DC, und das l\u00fcfterlose K\u00fchlsystem erm\u00f6glicht den Betrieb in einem weiten Temperaturbereich von 0 bis 50 \u00b0C (-20 bis 60\u00b0C optional). Durch das ultraflache Design und die Wandmontage ist dieser Box-PC ideal f\u00fcr industrielle Steuerungs-, Fertigungs- und Maschinenautomatisierungsanwendungen.    <\/p>\n","protected":false},"excerpt":{"rendered":"<p><a href=\"https:\/\/teguar.com\/eu\/de\/edge-computer\/\">Edge Computing in rauen Umgebungen:<\/a> Die Box-PCs der Serie TB-2945 eignen sich f\u00fcr Edge-Computing-Aufgaben in anspruchsvollen Industrieumgebungen und bieten zuverl\u00e4ssige Leistung und vielseitige E\/A-Optionen f\u00fcr die Datenverarbeitung in Echtzeit.<br \/>\n<br \/><a href=\"https:\/\/teguar.com\/eu\/de\/fertigungs-computer\/\">Steuerungssysteme f\u00fcr Fertigungsbereiche: <\/a>Der TB-2945-DIN Box PC ist mit seiner Option zur Montage auf DIN-Schienen, der GPIO-Unterst\u00fctzung und dem leicht zug\u00e4nglichen SATA2-Festplattenschacht gut f\u00fcr Fertigungssteuerungssysteme geeignet und bietet eine bequeme Installation, erweiterte E\/A-Funktionen und Speicherflexibilit\u00e4t.<br \/>\n<br \/><a href=\"https:\/\/teguar.com\/eu\/de\/digitale-beschilderung-fuer-den-aussenbereich\/\">Digitale Beschilderung und Mediaplayer:<\/a> Mit Unterst\u00fctzung f\u00fcr zwei unabh\u00e4ngige Bildschirme und einer breiten Palette von E\/As, einschlie\u00dflich VGA und HDMI, sind die TB-2845 eine ausgezeichnete Wahl f\u00fcr Digital Signage- und Mediaplayer-Anwendungen und liefern eine hochwertige Multimedia-Leistung in kommerziellen Umgebungen.<br \/>\n<br \/><a href=\"https:\/\/teguar.com\/eu\/de\/computer-fuer-die-industrielle-automatisierung\/\">Industrielle Datenerfassung und Steuerung:<\/a> Ausgestattet mit mehreren Gigabit-LAN-Anschl\u00fcssen, USB-Anschl\u00fcssen und COM-Anschl\u00fcssen eignen sich die Box-PCs der Serie TB-2945 hervorragend f\u00fcr industrielle Datenerfassungs- und Steuerungssysteme und bieten robuste Anschlussm\u00f6glichkeiten und zuverl\u00e4ssige Leistung in anspruchsvollen industriellen Umgebungen.  <\/p>\n","protected":false},"featured_media":2247028,"template":"","meta":{"_acf_changed":false},"product_brand":[],"product_cat":[2812,2824,2843,2845],"product_tag":[3807],"product_label":[],"class_list":{"0":"post-2245024","1":"product","2":"type-product","3":"status-publish","4":"has-post-thumbnail","6":"product_cat-embedded-pcs","7":"product_cat-lufterlose-pcs","8":"product_cat-rugged-computer","9":"product_cat-rugged-mini-pcs","10":"product_tag-vorherige-generation","11":"pa_windows-windows-10-iot","12":"pa_windows-windows-10-pro","13":"pa_windows-windows-7-pro","14":"pa_windows-windows-8-1-pro","16":"first","17":"outofstock","18":"taxable","19":"shipping-taxable","20":"purchasable","21":"product-type-simple"},"composite_virtual":false,"composite_layout":"","composite_add_to_cart_form_location":"","composite_editable_in_cart":false,"composite_sold_individually_context":"","composite_shop_price_calc":"","composite_components":[],"composite_scenarios":[],"acf":[],"yoast_head":"<!-- This site is optimized with the Yoast SEO Premium plugin v26.8 (Yoast SEO v27.2) - https:\/\/yoast.com\/product\/yoast-seo-premium-wordpress\/ -->\n<title>L\u00fcfterloser Box-PC mit DIN-Schienenmontage | TB-2945-DIN<\/title>\n<meta name=\"description\" content=\"Dieser Embedded Box PC ist mit einer Intel Celeron N2930 CPU und einem leicht zug\u00e4nglichen SATA2 Festplattenschacht ausgestattet und eignet sich ideal f\u00fcr industrielle Steuerung, Fertigung und Automatisierung.\" \/>\n<meta name=\"robots\" content=\"index, follow, max-snippet:-1, max-image-preview:large, max-video-preview:-1\" \/>\n<link rel=\"canonical\" href=\"https:\/\/teguar.com\/eu\/de\/product\/tb-2945-din\/\" \/>\n<meta property=\"og:locale\" content=\"de_DE\" \/>\n<meta property=\"og:type\" content=\"article\" \/>\n<meta property=\"og:title\" content=\"TB-2945-DIN\" \/>\n<meta property=\"og:description\" content=\"Dieser Embedded Box PC ist mit einer Intel Celeron N2930 CPU und einem leicht zug\u00e4nglichen SATA2 Festplattenschacht ausgestattet und eignet sich ideal f\u00fcr industrielle Steuerung, Fertigung und Automatisierung.\" \/>\n<meta property=\"og:url\" content=\"https:\/\/teguar.com\/eu\/de\/product\/tb-2945-din\/\" \/>\n<meta property=\"og:site_name\" content=\"Teguar\" \/>\n<meta property=\"article:modified_time\" content=\"2025-11-20T16:40:32+00:00\" \/>\n<meta property=\"og:image\" content=\"https:\/\/teguar.com\/eu\/wp-content\/uploads\/sites\/2\/2020\/07\/tb-2945-din__48299.1595934819.1280.1280.jpg\" \/>\n\t<meta property=\"og:image:width\" content=\"1000\" \/>\n\t<meta property=\"og:image:height\" content=\"1000\" \/>\n\t<meta property=\"og:image:type\" content=\"image\/jpeg\" \/>\n<meta name=\"twitter:card\" content=\"summary_large_image\" \/>\n<meta name=\"twitter:label1\" content=\"Gesch\u00e4tzte Lesezeit\" \/>\n\t<meta name=\"twitter:data1\" content=\"1\u00a0Minute\" \/>\n<script type=\"application\/ld+json\" class=\"yoast-schema-graph\">{\"@context\":\"https:\/\/schema.org\",\"@graph\":[{\"@type\":\"WebPage\",\"@id\":\"https:\/\/teguar.com\/eu\/de\/product\/tb-2945-din\/\",\"url\":\"https:\/\/teguar.com\/eu\/de\/product\/tb-2945-din\/\",\"name\":\"L\u00fcfterloser Box-PC mit DIN-Schienenmontage | TB-2945-DIN\",\"isPartOf\":{\"@id\":\"https:\/\/teguar.com\/eu\/en\/#website\"},\"primaryImageOfPage\":{\"@id\":\"https:\/\/teguar.com\/eu\/de\/product\/tb-2945-din\/#primaryimage\"},\"image\":{\"@id\":\"https:\/\/teguar.com\/eu\/de\/product\/tb-2945-din\/#primaryimage\"},\"thumbnailUrl\":\"https:\/\/teguar.com\/eu\/wp-content\/uploads\/sites\/2\/2020\/07\/tb-2945-din__48299.1595934819.1280.1280.jpg\",\"datePublished\":\"2025-06-24T14:20:23+00:00\",\"dateModified\":\"2025-11-20T16:40:32+00:00\",\"description\":\"Dieser Embedded Box PC ist mit einer Intel Celeron N2930 CPU und einem leicht zug\u00e4nglichen SATA2 Festplattenschacht ausgestattet und eignet sich ideal f\u00fcr industrielle Steuerung, Fertigung und Automatisierung.\",\"breadcrumb\":{\"@id\":\"https:\/\/teguar.com\/eu\/de\/product\/tb-2945-din\/#breadcrumb\"},\"inLanguage\":\"de\",\"potentialAction\":[{\"@type\":\"ReadAction\",\"target\":[\"https:\/\/teguar.com\/eu\/de\/product\/tb-2945-din\/\"]}]},{\"@type\":\"ImageObject\",\"inLanguage\":\"de\",\"@id\":\"https:\/\/teguar.com\/eu\/de\/product\/tb-2945-din\/#primaryimage\",\"url\":\"https:\/\/teguar.com\/eu\/wp-content\/uploads\/sites\/2\/2020\/07\/tb-2945-din__48299.1595934819.1280.1280.jpg\",\"contentUrl\":\"https:\/\/teguar.com\/eu\/wp-content\/uploads\/sites\/2\/2020\/07\/tb-2945-din__48299.1595934819.1280.1280.jpg\",\"width\":1000,\"height\":1000,\"caption\":\"Rugged Mini PC | TB-2945-DIN\"},{\"@type\":\"BreadcrumbList\",\"@id\":\"https:\/\/teguar.com\/eu\/de\/product\/tb-2945-din\/#breadcrumb\",\"itemListElement\":[{\"@type\":\"ListItem\",\"position\":1,\"name\":\"Home\",\"item\":\"https:\/\/teguar.com\/eu\/de\/\"},{\"@type\":\"ListItem\",\"position\":2,\"name\":\"TB-2945-DIN\"}]},{\"@type\":\"WebSite\",\"@id\":\"https:\/\/teguar.com\/eu\/en\/#website\",\"url\":\"https:\/\/teguar.com\/eu\/en\/\",\"name\":\"Teguar\",\"description\":\"Industrial PCs, Medical Computers, and Rugged Tablets\",\"potentialAction\":[{\"@type\":\"SearchAction\",\"target\":{\"@type\":\"EntryPoint\",\"urlTemplate\":\"https:\/\/teguar.com\/eu\/en\/?s={search_term_string}\"},\"query-input\":{\"@type\":\"PropertyValueSpecification\",\"valueRequired\":true,\"valueName\":\"search_term_string\"}}],\"inLanguage\":\"de\"}]}<\/script>\n<!-- \/ Yoast SEO Premium plugin. -->","yoast_head_json":{"title":"L\u00fcfterloser Box-PC mit DIN-Schienenmontage | TB-2945-DIN","description":"Dieser Embedded Box PC ist mit einer Intel Celeron N2930 CPU und einem leicht zug\u00e4nglichen SATA2 Festplattenschacht ausgestattet und eignet sich ideal f\u00fcr industrielle Steuerung, Fertigung und Automatisierung.","robots":{"index":"index","follow":"follow","max-snippet":"max-snippet:-1","max-image-preview":"max-image-preview:large","max-video-preview":"max-video-preview:-1"},"canonical":"https:\/\/teguar.com\/eu\/de\/product\/tb-2945-din\/","og_locale":"de_DE","og_type":"article","og_title":"TB-2945-DIN","og_description":"Dieser Embedded Box PC ist mit einer Intel Celeron N2930 CPU und einem leicht zug\u00e4nglichen SATA2 Festplattenschacht ausgestattet und eignet sich ideal f\u00fcr industrielle Steuerung, Fertigung und Automatisierung.","og_url":"https:\/\/teguar.com\/eu\/de\/product\/tb-2945-din\/","og_site_name":"Teguar","article_modified_time":"2025-11-20T16:40:32+00:00","og_image":[{"width":1000,"height":1000,"url":"https:\/\/teguar.com\/eu\/wp-content\/uploads\/sites\/2\/2020\/07\/tb-2945-din__48299.1595934819.1280.1280.jpg","type":"image\/jpeg"}],"twitter_card":"summary_large_image","twitter_misc":{"Gesch\u00e4tzte Lesezeit":"1\u00a0Minute"},"schema":{"@context":"https:\/\/schema.org","@graph":[{"@type":"WebPage","@id":"https:\/\/teguar.com\/eu\/de\/product\/tb-2945-din\/","url":"https:\/\/teguar.com\/eu\/de\/product\/tb-2945-din\/","name":"L\u00fcfterloser Box-PC mit DIN-Schienenmontage | TB-2945-DIN","isPartOf":{"@id":"https:\/\/teguar.com\/eu\/en\/#website"},"primaryImageOfPage":{"@id":"https:\/\/teguar.com\/eu\/de\/product\/tb-2945-din\/#primaryimage"},"image":{"@id":"https:\/\/teguar.com\/eu\/de\/product\/tb-2945-din\/#primaryimage"},"thumbnailUrl":"https:\/\/teguar.com\/eu\/wp-content\/uploads\/sites\/2\/2020\/07\/tb-2945-din__48299.1595934819.1280.1280.jpg","datePublished":"2025-06-24T14:20:23+00:00","dateModified":"2025-11-20T16:40:32+00:00","description":"Dieser Embedded Box PC ist mit einer Intel Celeron N2930 CPU und einem leicht zug\u00e4nglichen SATA2 Festplattenschacht ausgestattet und eignet sich ideal f\u00fcr industrielle Steuerung, Fertigung und Automatisierung.","breadcrumb":{"@id":"https:\/\/teguar.com\/eu\/de\/product\/tb-2945-din\/#breadcrumb"},"inLanguage":"de","potentialAction":[{"@type":"ReadAction","target":["https:\/\/teguar.com\/eu\/de\/product\/tb-2945-din\/"]}]},{"@type":"ImageObject","inLanguage":"de","@id":"https:\/\/teguar.com\/eu\/de\/product\/tb-2945-din\/#primaryimage","url":"https:\/\/teguar.com\/eu\/wp-content\/uploads\/sites\/2\/2020\/07\/tb-2945-din__48299.1595934819.1280.1280.jpg","contentUrl":"https:\/\/teguar.com\/eu\/wp-content\/uploads\/sites\/2\/2020\/07\/tb-2945-din__48299.1595934819.1280.1280.jpg","width":1000,"height":1000,"caption":"Rugged Mini PC | TB-2945-DIN"},{"@type":"BreadcrumbList","@id":"https:\/\/teguar.com\/eu\/de\/product\/tb-2945-din\/#breadcrumb","itemListElement":[{"@type":"ListItem","position":1,"name":"Home","item":"https:\/\/teguar.com\/eu\/de\/"},{"@type":"ListItem","position":2,"name":"TB-2945-DIN"}]},{"@type":"WebSite","@id":"https:\/\/teguar.com\/eu\/en\/#website","url":"https:\/\/teguar.com\/eu\/en\/","name":"Teguar","description":"Industrial PCs, Medical Computers, and Rugged Tablets","potentialAction":[{"@type":"SearchAction","target":{"@type":"EntryPoint","urlTemplate":"https:\/\/teguar.com\/eu\/en\/?s={search_term_string}"},"query-input":{"@type":"PropertyValueSpecification","valueRequired":true,"valueName":"search_term_string"}}],"inLanguage":"de"}]}},"_links":{"self":[{"href":"https:\/\/teguar.com\/eu\/de\/wp-json\/wp\/v2\/product\/2245024","targetHints":{"allow":["GET"]}}],"collection":[{"href":"https:\/\/teguar.com\/eu\/de\/wp-json\/wp\/v2\/product"}],"about":[{"href":"https:\/\/teguar.com\/eu\/de\/wp-json\/wp\/v2\/types\/product"}],"wp:featuredmedia":[{"embeddable":true,"href":"https:\/\/teguar.com\/eu\/de\/wp-json\/wp\/v2\/media\/2247028"}],"wp:attachment":[{"href":"https:\/\/teguar.com\/eu\/de\/wp-json\/wp\/v2\/media?parent=2245024"}],"wp:term":[{"taxonomy":"product_brand","embeddable":true,"href":"https:\/\/teguar.com\/eu\/de\/wp-json\/wp\/v2\/product_brand?post=2245024"},{"taxonomy":"product_cat","embeddable":true,"href":"https:\/\/teguar.com\/eu\/de\/wp-json\/wp\/v2\/product_cat?post=2245024"},{"taxonomy":"product_tag","embeddable":true,"href":"https:\/\/teguar.com\/eu\/de\/wp-json\/wp\/v2\/product_tag?post=2245024"},{"taxonomy":"product_label","embeddable":true,"href":"https:\/\/teguar.com\/eu\/de\/wp-json\/wp\/v2\/product_label?post=2245024"}],"curies":[{"name":"wp","href":"https:\/\/api.w.org\/{rel}","templated":true}]}}