{"id":2245021,"date":"2025-06-24T14:20:22","date_gmt":"2025-06-24T14:20:22","guid":{"rendered":"https:\/\/teguar.com\/eu\/product\/tm-5010-17f\/"},"modified":"2026-05-06T12:58:41","modified_gmt":"2026-05-06T12:58:41","slug":"tm-5010-17f","status":"publish","type":"product","link":"https:\/\/teguar.com\/eu\/de\/product\/tm-5010-17f\/","title":{"rendered":"TM-5010-17F"},"content":{"rendered":"<p>Beim medizinischen Computer TM-5010-17F wurde alles f\u00fcr eine nahtlose digitale Versorgung ber\u00fccksichtigt. Dieser medizinische PC ist nach 60601-1 4th Edition zertifiziert und seine leicht zu reinigende, antibakterielle Frontblende ist nach IP65 zertifiziert. Der TM-5010-17F verf\u00fcgt \u00fcber ein H\u00f6chstma\u00df an medizinischem Sicherheitsschutz und einen ger\u00e4uscharmen, intelligenten L\u00fcfter. Ausgestattet mit einem leistungsstarken Intel Core i3\/i5\/i7 Prozessor der 6. Generation, verf\u00fcgt dieser PC \u00fcber eine Sockel-CPU mit 35 W, die schnelle Grafiken liefert und mit anspruchsvoller medizinischer Software mithalten kann. Die integrierte HD-Grafik von Intel und eine breite Palette anpassbarer Optionen erm\u00f6glichen eine optimale Computerl\u00f6sung zur Unterst\u00fctzung Ihres medizinischen Teams.<\/p>\n","protected":false},"excerpt":{"rendered":"<p><a href=\"https:\/\/teguar.com\/eu\/de\/elektronische-krankenakten-computer\/\">Klinische Dokumentation und EMR:<\/a> Die TM-5010 Medical Computer Serie bietet eine zuverl\u00e4ssige Plattform f\u00fcr elektronische Krankenakten und klinische Dokumentation.<br \/>\n<br \/><a href=\"https:\/\/teguar.com\/eu\/de\/telemedizin-computer\/\">Telemedizin und virtuelle Konsultationen:<\/a> Diese Computer unterst\u00fctzen telemedizinische Dienste mit optionaler Kamera und drahtloser Konnektivit\u00e4t.<br \/>\n<br \/><a href=\"https:\/\/teguar.com\/eu\/de\/point-of-care-computer\/\">Medizinische Point-of-Care-Stationen:<\/a> Die TM-5010 Serie ist ideal f\u00fcr die effiziente Verwaltung von Arbeitsabl\u00e4ufen und die Patientenversorgung an medizinischen Point-of-Care-Stationen.  <\/p>\n","protected":false},"featured_media":2246113,"template":"","meta":{"_acf_changed":false},"product_brand":[],"product_cat":[2834],"product_tag":[3037],"product_label":[],"class_list":{"0":"post-2245021","1":"product","2":"type-product","3":"status-publish","4":"has-post-thumbnail","6":"product_cat-computer-fur-medizinische-zwecke","7":"product_tag-epic-konforme-medizinische-computer","8":"pa_windows-windows-10-iot","9":"pa_windows-windows-10-pro","10":"pa_windows-windows-7-pro","12":"first","13":"outofstock","14":"taxable","15":"shipping-taxable","16":"purchasable","17":"product-type-simple"},"composite_virtual":false,"composite_layout":"","composite_add_to_cart_form_location":"","composite_editable_in_cart":false,"composite_sold_individually_context":"","composite_shop_price_calc":"","composite_components":[],"composite_scenarios":[],"acf":[],"yoast_head":"<!-- This site is optimized with the Yoast SEO Premium plugin v26.8 (Yoast SEO v27.2) - https:\/\/yoast.com\/product\/yoast-seo-premium-wordpress\/ -->\n<title>17&quot; Medizinischer Computer | TM-5010-17F<\/title>\n<meta name=\"description\" content=\"Der TM-5010-17F ist ein medizinisch zertifizierter Computer. Dieser PC l\u00e4uft mit einem Intel Core i3\/i5\/i7 und ist vollgepackt mit medizinisch spezifischen Funktionen.\" \/>\n<meta name=\"robots\" content=\"index, follow, max-snippet:-1, max-image-preview:large, max-video-preview:-1\" \/>\n<link rel=\"canonical\" href=\"https:\/\/teguar.com\/eu\/de\/product\/tm-5010-17f\/\" \/>\n<meta property=\"og:locale\" content=\"de_DE\" \/>\n<meta property=\"og:type\" content=\"article\" \/>\n<meta property=\"og:title\" content=\"TM-5010-17F\" \/>\n<meta property=\"og:description\" content=\"Der TM-5010-17F ist ein medizinisch zertifizierter Computer. Dieser PC l\u00e4uft mit einem Intel Core i3\/i5\/i7 und ist vollgepackt mit medizinisch spezifischen Funktionen.\" \/>\n<meta property=\"og:url\" content=\"https:\/\/teguar.com\/eu\/de\/product\/tm-5010-17f\/\" \/>\n<meta property=\"og:site_name\" content=\"Teguar\" \/>\n<meta property=\"article:modified_time\" content=\"2026-05-06T12:58:41+00:00\" \/>\n<meta property=\"og:image\" content=\"https:\/\/teguar.com\/eu\/wp-content\/uploads\/sites\/2\/2020\/07\/tm-5010-17f_frontslant__61533.1595934859.1280.1280.jpg\" \/>\n\t<meta property=\"og:image:width\" content=\"1000\" \/>\n\t<meta property=\"og:image:height\" content=\"1000\" \/>\n\t<meta property=\"og:image:type\" content=\"image\/jpeg\" \/>\n<meta name=\"twitter:card\" content=\"summary_large_image\" \/>\n<meta name=\"twitter:label1\" content=\"Gesch\u00e4tzte Lesezeit\" \/>\n\t<meta name=\"twitter:data1\" content=\"1\u00a0Minute\" \/>\n<script type=\"application\/ld+json\" class=\"yoast-schema-graph\">{\"@context\":\"https:\/\/schema.org\",\"@graph\":[{\"@type\":\"WebPage\",\"@id\":\"https:\/\/teguar.com\/eu\/de\/product\/tm-5010-17f\/\",\"url\":\"https:\/\/teguar.com\/eu\/de\/product\/tm-5010-17f\/\",\"name\":\"17\\\" Medizinischer Computer | TM-5010-17F\",\"isPartOf\":{\"@id\":\"https:\/\/teguar.com\/eu\/en\/#website\"},\"primaryImageOfPage\":{\"@id\":\"https:\/\/teguar.com\/eu\/de\/product\/tm-5010-17f\/#primaryimage\"},\"image\":{\"@id\":\"https:\/\/teguar.com\/eu\/de\/product\/tm-5010-17f\/#primaryimage\"},\"thumbnailUrl\":\"https:\/\/teguar.com\/eu\/wp-content\/uploads\/sites\/2\/2020\/07\/tm-5010-17f_frontslant__61533.1595934859.1280.1280.jpg\",\"datePublished\":\"2025-06-24T14:20:22+00:00\",\"dateModified\":\"2026-05-06T12:58:41+00:00\",\"description\":\"Der TM-5010-17F ist ein medizinisch zertifizierter Computer. Dieser PC l\u00e4uft mit einem Intel Core i3\/i5\/i7 und ist vollgepackt mit medizinisch spezifischen Funktionen.\",\"breadcrumb\":{\"@id\":\"https:\/\/teguar.com\/eu\/de\/product\/tm-5010-17f\/#breadcrumb\"},\"inLanguage\":\"de\",\"potentialAction\":[{\"@type\":\"ReadAction\",\"target\":[\"https:\/\/teguar.com\/eu\/de\/product\/tm-5010-17f\/\"]}]},{\"@type\":\"ImageObject\",\"inLanguage\":\"de\",\"@id\":\"https:\/\/teguar.com\/eu\/de\/product\/tm-5010-17f\/#primaryimage\",\"url\":\"https:\/\/teguar.com\/eu\/wp-content\/uploads\/sites\/2\/2020\/07\/tm-5010-17f_frontslant__61533.1595934859.1280.1280.jpg\",\"contentUrl\":\"https:\/\/teguar.com\/eu\/wp-content\/uploads\/sites\/2\/2020\/07\/tm-5010-17f_frontslant__61533.1595934859.1280.1280.jpg\",\"width\":1000,\"height\":1000,\"caption\":\"17\\\" Healthcare Computer | TM-5010-17F\"},{\"@type\":\"BreadcrumbList\",\"@id\":\"https:\/\/teguar.com\/eu\/de\/product\/tm-5010-17f\/#breadcrumb\",\"itemListElement\":[{\"@type\":\"ListItem\",\"position\":1,\"name\":\"Home\",\"item\":\"https:\/\/teguar.com\/eu\/de\/\"},{\"@type\":\"ListItem\",\"position\":2,\"name\":\"TM-5010-17F\"}]},{\"@type\":\"WebSite\",\"@id\":\"https:\/\/teguar.com\/eu\/en\/#website\",\"url\":\"https:\/\/teguar.com\/eu\/en\/\",\"name\":\"Teguar\",\"description\":\"Industrial PCs, Medical Computers, and Rugged Tablets\",\"potentialAction\":[{\"@type\":\"SearchAction\",\"target\":{\"@type\":\"EntryPoint\",\"urlTemplate\":\"https:\/\/teguar.com\/eu\/en\/?s={search_term_string}\"},\"query-input\":{\"@type\":\"PropertyValueSpecification\",\"valueRequired\":true,\"valueName\":\"search_term_string\"}}],\"inLanguage\":\"de\"}]}<\/script>\n<!-- \/ Yoast SEO Premium plugin. -->","yoast_head_json":{"title":"17\" Medizinischer Computer | TM-5010-17F","description":"Der TM-5010-17F ist ein medizinisch zertifizierter Computer. Dieser PC l\u00e4uft mit einem Intel Core i3\/i5\/i7 und ist vollgepackt mit medizinisch spezifischen Funktionen.","robots":{"index":"index","follow":"follow","max-snippet":"max-snippet:-1","max-image-preview":"max-image-preview:large","max-video-preview":"max-video-preview:-1"},"canonical":"https:\/\/teguar.com\/eu\/de\/product\/tm-5010-17f\/","og_locale":"de_DE","og_type":"article","og_title":"TM-5010-17F","og_description":"Der TM-5010-17F ist ein medizinisch zertifizierter Computer. Dieser PC l\u00e4uft mit einem Intel Core i3\/i5\/i7 und ist vollgepackt mit medizinisch spezifischen Funktionen.","og_url":"https:\/\/teguar.com\/eu\/de\/product\/tm-5010-17f\/","og_site_name":"Teguar","article_modified_time":"2026-05-06T12:58:41+00:00","og_image":[{"width":1000,"height":1000,"url":"https:\/\/teguar.com\/eu\/wp-content\/uploads\/sites\/2\/2020\/07\/tm-5010-17f_frontslant__61533.1595934859.1280.1280.jpg","type":"image\/jpeg"}],"twitter_card":"summary_large_image","twitter_misc":{"Gesch\u00e4tzte Lesezeit":"1\u00a0Minute"},"schema":{"@context":"https:\/\/schema.org","@graph":[{"@type":"WebPage","@id":"https:\/\/teguar.com\/eu\/de\/product\/tm-5010-17f\/","url":"https:\/\/teguar.com\/eu\/de\/product\/tm-5010-17f\/","name":"17\" Medizinischer Computer | TM-5010-17F","isPartOf":{"@id":"https:\/\/teguar.com\/eu\/en\/#website"},"primaryImageOfPage":{"@id":"https:\/\/teguar.com\/eu\/de\/product\/tm-5010-17f\/#primaryimage"},"image":{"@id":"https:\/\/teguar.com\/eu\/de\/product\/tm-5010-17f\/#primaryimage"},"thumbnailUrl":"https:\/\/teguar.com\/eu\/wp-content\/uploads\/sites\/2\/2020\/07\/tm-5010-17f_frontslant__61533.1595934859.1280.1280.jpg","datePublished":"2025-06-24T14:20:22+00:00","dateModified":"2026-05-06T12:58:41+00:00","description":"Der TM-5010-17F ist ein medizinisch zertifizierter Computer. Dieser PC l\u00e4uft mit einem Intel Core i3\/i5\/i7 und ist vollgepackt mit medizinisch spezifischen Funktionen.","breadcrumb":{"@id":"https:\/\/teguar.com\/eu\/de\/product\/tm-5010-17f\/#breadcrumb"},"inLanguage":"de","potentialAction":[{"@type":"ReadAction","target":["https:\/\/teguar.com\/eu\/de\/product\/tm-5010-17f\/"]}]},{"@type":"ImageObject","inLanguage":"de","@id":"https:\/\/teguar.com\/eu\/de\/product\/tm-5010-17f\/#primaryimage","url":"https:\/\/teguar.com\/eu\/wp-content\/uploads\/sites\/2\/2020\/07\/tm-5010-17f_frontslant__61533.1595934859.1280.1280.jpg","contentUrl":"https:\/\/teguar.com\/eu\/wp-content\/uploads\/sites\/2\/2020\/07\/tm-5010-17f_frontslant__61533.1595934859.1280.1280.jpg","width":1000,"height":1000,"caption":"17\" Healthcare Computer | TM-5010-17F"},{"@type":"BreadcrumbList","@id":"https:\/\/teguar.com\/eu\/de\/product\/tm-5010-17f\/#breadcrumb","itemListElement":[{"@type":"ListItem","position":1,"name":"Home","item":"https:\/\/teguar.com\/eu\/de\/"},{"@type":"ListItem","position":2,"name":"TM-5010-17F"}]},{"@type":"WebSite","@id":"https:\/\/teguar.com\/eu\/en\/#website","url":"https:\/\/teguar.com\/eu\/en\/","name":"Teguar","description":"Industrial PCs, Medical Computers, and Rugged Tablets","potentialAction":[{"@type":"SearchAction","target":{"@type":"EntryPoint","urlTemplate":"https:\/\/teguar.com\/eu\/en\/?s={search_term_string}"},"query-input":{"@type":"PropertyValueSpecification","valueRequired":true,"valueName":"search_term_string"}}],"inLanguage":"de"}]}},"_links":{"self":[{"href":"https:\/\/teguar.com\/eu\/de\/wp-json\/wp\/v2\/product\/2245021","targetHints":{"allow":["GET"]}}],"collection":[{"href":"https:\/\/teguar.com\/eu\/de\/wp-json\/wp\/v2\/product"}],"about":[{"href":"https:\/\/teguar.com\/eu\/de\/wp-json\/wp\/v2\/types\/product"}],"wp:featuredmedia":[{"embeddable":true,"href":"https:\/\/teguar.com\/eu\/de\/wp-json\/wp\/v2\/media\/2246113"}],"wp:attachment":[{"href":"https:\/\/teguar.com\/eu\/de\/wp-json\/wp\/v2\/media?parent=2245021"}],"wp:term":[{"taxonomy":"product_brand","embeddable":true,"href":"https:\/\/teguar.com\/eu\/de\/wp-json\/wp\/v2\/product_brand?post=2245021"},{"taxonomy":"product_cat","embeddable":true,"href":"https:\/\/teguar.com\/eu\/de\/wp-json\/wp\/v2\/product_cat?post=2245021"},{"taxonomy":"product_tag","embeddable":true,"href":"https:\/\/teguar.com\/eu\/de\/wp-json\/wp\/v2\/product_tag?post=2245021"},{"taxonomy":"product_label","embeddable":true,"href":"https:\/\/teguar.com\/eu\/de\/wp-json\/wp\/v2\/product_label?post=2245021"}],"curies":[{"name":"wp","href":"https:\/\/api.w.org\/{rel}","templated":true}]}}