{"id":2245009,"date":"2025-06-24T14:20:21","date_gmt":"2025-06-24T14:20:21","guid":{"rendered":"https:\/\/teguar.com\/eu\/product\/tm-5510-24\/"},"modified":"2025-11-20T16:42:42","modified_gmt":"2025-11-20T16:42:42","slug":"tm-5510-24","status":"publish","type":"product","link":"https:\/\/teguar.com\/eu\/de\/product\/tm-5510-24\/","title":{"rendered":"TM-5510-24"},"content":{"rendered":"<p>Der TM-5510-24 verf\u00fcgt \u00fcber drei <a href=\"https:\/\/teguar.com\/eu\/de\/hot-swapping-was-es-ist-wie-es-funktioniert-und-andere-haeufig-gestellte-fragen\/\">im laufenden Betrieb austauschbare<\/a> Akkus, die Ihnen eine 24\/7-Laufzeit erm\u00f6glichen, ideal f\u00fcr nicht mit Strom versorgte medizinische Wagen oder Work Stations on Wheels (WOW). Der hochaufl\u00f6sende HD-Touchscreen und die leistungsstarke Intel Kabylake-CPU machen diesen Computer zu einer erstklassigen Wahl im Bereich der medizinischen Computer. Dieser PC ist ideal f\u00fcr Anwendungen wie Krankenpflegestationen, Bildgebungssysteme im Operationssaal, Radiologie-Informationssysteme und andere EMR-Systeme, einschlie\u00dflich der EPIC-Software. Sein l\u00fcfterloses System verhindert die Verbreitung von Keimen und erm\u00f6glicht einen leisen Betrieb. Der TM-5510-24 ist 60601-1 4th Edition zertifiziert und EMC 4.0\/ Safety 3.1 zertifiziert. Das leicht zu reinigende, antibakterielle Geh\u00e4use verhindert das Wachstum von Bakterien und die IP65-zertifizierte Frontblende widersteht auch aggressiven Reinigungschemikalien.     <\/p>\n","protected":false},"excerpt":{"rendered":"<p><a href=\"https:\/\/teguar.com\/eu\/medical-workstation-computer\/\">Medizinische Workstations auf R\u00e4dern: <\/a>Die TM-5510 Serie wurde speziell f\u00fcr die Verwendung mit medizinischen Workstations auf R\u00e4dern entwickelt und bietet medizinischen Fachkr\u00e4ften eine mobile und zuverl\u00e4ssige Computerl\u00f6sung f\u00fcr die Dokumentation am Krankenbett, die Verabreichung von Medikamenten und die Patienten\u00fcberwachung.<\/p>\n<p><a href=\"https:\/\/teguar.com\/eu\/point-of-care-computer\/\">Point-of-Care Dokumentation:<\/a> Mit ihrem leicht zu reinigenden Geh\u00e4use und ihrem hygienischen Design ist die TM-5510 Serie ideal f\u00fcr medizinisches Fachpersonal, um Patienteninformationen effizient zu dokumentieren und elektronische Gesundheitsakten (EHR) am Ort der Behandlung zu aktualisieren.<\/p>\n<p><a href=\"https:\/\/teguar.com\/eu\/telemedicine-computer\/\">Telemedizin und Patientenfern\u00fcberwachung:<\/a> Die TM-5510 Serie unterst\u00fctzt telemedizinische Anwendungen und erm\u00f6glicht es Gesundheitsdienstleistern, virtuelle Konsultationen durchzuf\u00fchren, Patienten aus der Ferne zu \u00fcberwachen und eine zeitnahe Versorgung aus der Ferne zu gew\u00e4hrleisten.<\/p>\n","protected":false},"featured_media":2246105,"template":"","meta":{"_acf_changed":false},"product_brand":[],"product_cat":[2834],"product_tag":[],"product_label":[],"class_list":{"0":"post-2245009","1":"product","2":"type-product","3":"status-publish","4":"has-post-thumbnail","6":"product_cat-computer-fur-medizinische-zwecke","7":"pa_windows-windows-10-iot","9":"first","10":"outofstock","11":"taxable","12":"shipping-taxable","13":"purchasable","14":"product-type-simple"},"composite_virtual":false,"composite_layout":"","composite_add_to_cart_form_location":"","composite_editable_in_cart":false,"composite_sold_individually_context":"","composite_shop_price_calc":"","composite_components":[],"composite_scenarios":[],"acf":[],"yoast_head":"<!-- This site is optimized with the Yoast SEO Premium plugin v26.8 (Yoast SEO v27.2) - https:\/\/yoast.com\/product\/yoast-seo-premium-wordpress\/ -->\n<title>24&quot; Medizinischer Wagen Computer mit Hot-Swap-Batterien | TM-5510-24<\/title>\n<meta name=\"description\" content=\"Dieser 24-Zoll-Medizin-PC l\u00e4uft mit der 7. Generation der Intel Core i5\/i7 CPU und verf\u00fcgt \u00fcber 3 im laufenden Betrieb austauschbare Batterien. Ideal f\u00fcr Arbeitsstationen auf R\u00e4dern und Pflegewagen.\" \/>\n<meta name=\"robots\" content=\"index, follow, max-snippet:-1, max-image-preview:large, max-video-preview:-1\" \/>\n<link rel=\"canonical\" href=\"https:\/\/teguar.com\/eu\/de\/product\/tm-5510-24\/\" \/>\n<meta property=\"og:locale\" content=\"de_DE\" \/>\n<meta property=\"og:type\" content=\"article\" \/>\n<meta property=\"og:title\" content=\"TM-5510-24\" \/>\n<meta property=\"og:description\" content=\"Dieser 24-Zoll-Medizin-PC l\u00e4uft mit der 7. Generation der Intel Core i5\/i7 CPU und verf\u00fcgt \u00fcber 3 im laufenden Betrieb austauschbare Batterien. Ideal f\u00fcr Arbeitsstationen auf R\u00e4dern und Pflegewagen.\" \/>\n<meta property=\"og:url\" content=\"https:\/\/teguar.com\/eu\/de\/product\/tm-5510-24\/\" \/>\n<meta property=\"og:site_name\" content=\"Teguar\" \/>\n<meta property=\"article:modified_time\" content=\"2025-11-20T16:42:42+00:00\" \/>\n<meta property=\"og:image\" content=\"https:\/\/teguar.com\/eu\/wp-content\/uploads\/sites\/2\/2020\/07\/tm-5510-22_aio_wo_bateries_1__81182.1595934874.1280.1280.jpg\" \/>\n\t<meta property=\"og:image:width\" content=\"1000\" \/>\n\t<meta property=\"og:image:height\" content=\"1000\" \/>\n\t<meta property=\"og:image:type\" content=\"image\/jpeg\" \/>\n<meta name=\"twitter:card\" content=\"summary_large_image\" \/>\n<meta name=\"twitter:label1\" content=\"Gesch\u00e4tzte Lesezeit\" \/>\n\t<meta name=\"twitter:data1\" content=\"1\u00a0Minute\" \/>\n<script type=\"application\/ld+json\" class=\"yoast-schema-graph\">{\"@context\":\"https:\/\/schema.org\",\"@graph\":[{\"@type\":\"WebPage\",\"@id\":\"https:\/\/teguar.com\/eu\/de\/product\/tm-5510-24\/\",\"url\":\"https:\/\/teguar.com\/eu\/de\/product\/tm-5510-24\/\",\"name\":\"24\\\" Medizinischer Wagen Computer mit Hot-Swap-Batterien | TM-5510-24\",\"isPartOf\":{\"@id\":\"https:\/\/teguar.com\/eu\/en\/#website\"},\"primaryImageOfPage\":{\"@id\":\"https:\/\/teguar.com\/eu\/de\/product\/tm-5510-24\/#primaryimage\"},\"image\":{\"@id\":\"https:\/\/teguar.com\/eu\/de\/product\/tm-5510-24\/#primaryimage\"},\"thumbnailUrl\":\"https:\/\/teguar.com\/eu\/wp-content\/uploads\/sites\/2\/2020\/07\/tm-5510-22_aio_wo_bateries_1__81182.1595934874.1280.1280.jpg\",\"datePublished\":\"2025-06-24T14:20:21+00:00\",\"dateModified\":\"2025-11-20T16:42:42+00:00\",\"description\":\"Dieser 24-Zoll-Medizin-PC l\u00e4uft mit der 7. Generation der Intel Core i5\/i7 CPU und verf\u00fcgt \u00fcber 3 im laufenden Betrieb austauschbare Batterien. Ideal f\u00fcr Arbeitsstationen auf R\u00e4dern und Pflegewagen.\",\"breadcrumb\":{\"@id\":\"https:\/\/teguar.com\/eu\/de\/product\/tm-5510-24\/#breadcrumb\"},\"inLanguage\":\"de\",\"potentialAction\":[{\"@type\":\"ReadAction\",\"target\":[\"https:\/\/teguar.com\/eu\/de\/product\/tm-5510-24\/\"]}]},{\"@type\":\"ImageObject\",\"inLanguage\":\"de\",\"@id\":\"https:\/\/teguar.com\/eu\/de\/product\/tm-5510-24\/#primaryimage\",\"url\":\"https:\/\/teguar.com\/eu\/wp-content\/uploads\/sites\/2\/2020\/07\/tm-5510-22_aio_wo_bateries_1__81182.1595934874.1280.1280.jpg\",\"contentUrl\":\"https:\/\/teguar.com\/eu\/wp-content\/uploads\/sites\/2\/2020\/07\/tm-5510-22_aio_wo_bateries_1__81182.1595934874.1280.1280.jpg\",\"width\":1000,\"height\":1000,\"caption\":\"24\\\" Medical All-in-One Computer | TM-5510-24\"},{\"@type\":\"BreadcrumbList\",\"@id\":\"https:\/\/teguar.com\/eu\/de\/product\/tm-5510-24\/#breadcrumb\",\"itemListElement\":[{\"@type\":\"ListItem\",\"position\":1,\"name\":\"Home\",\"item\":\"https:\/\/teguar.com\/eu\/de\/\"},{\"@type\":\"ListItem\",\"position\":2,\"name\":\"TM-5510-24\"}]},{\"@type\":\"WebSite\",\"@id\":\"https:\/\/teguar.com\/eu\/en\/#website\",\"url\":\"https:\/\/teguar.com\/eu\/en\/\",\"name\":\"Teguar\",\"description\":\"Industrial PCs, Medical Computers, and Rugged Tablets\",\"potentialAction\":[{\"@type\":\"SearchAction\",\"target\":{\"@type\":\"EntryPoint\",\"urlTemplate\":\"https:\/\/teguar.com\/eu\/en\/?s={search_term_string}\"},\"query-input\":{\"@type\":\"PropertyValueSpecification\",\"valueRequired\":true,\"valueName\":\"search_term_string\"}}],\"inLanguage\":\"de\"}]}<\/script>\n<!-- \/ Yoast SEO Premium plugin. -->","yoast_head_json":{"title":"24\" Medizinischer Wagen Computer mit Hot-Swap-Batterien | TM-5510-24","description":"Dieser 24-Zoll-Medizin-PC l\u00e4uft mit der 7. Generation der Intel Core i5\/i7 CPU und verf\u00fcgt \u00fcber 3 im laufenden Betrieb austauschbare Batterien. Ideal f\u00fcr Arbeitsstationen auf R\u00e4dern und Pflegewagen.","robots":{"index":"index","follow":"follow","max-snippet":"max-snippet:-1","max-image-preview":"max-image-preview:large","max-video-preview":"max-video-preview:-1"},"canonical":"https:\/\/teguar.com\/eu\/de\/product\/tm-5510-24\/","og_locale":"de_DE","og_type":"article","og_title":"TM-5510-24","og_description":"Dieser 24-Zoll-Medizin-PC l\u00e4uft mit der 7. Generation der Intel Core i5\/i7 CPU und verf\u00fcgt \u00fcber 3 im laufenden Betrieb austauschbare Batterien. Ideal f\u00fcr Arbeitsstationen auf R\u00e4dern und Pflegewagen.","og_url":"https:\/\/teguar.com\/eu\/de\/product\/tm-5510-24\/","og_site_name":"Teguar","article_modified_time":"2025-11-20T16:42:42+00:00","og_image":[{"width":1000,"height":1000,"url":"https:\/\/teguar.com\/eu\/wp-content\/uploads\/sites\/2\/2020\/07\/tm-5510-22_aio_wo_bateries_1__81182.1595934874.1280.1280.jpg","type":"image\/jpeg"}],"twitter_card":"summary_large_image","twitter_misc":{"Gesch\u00e4tzte Lesezeit":"1\u00a0Minute"},"schema":{"@context":"https:\/\/schema.org","@graph":[{"@type":"WebPage","@id":"https:\/\/teguar.com\/eu\/de\/product\/tm-5510-24\/","url":"https:\/\/teguar.com\/eu\/de\/product\/tm-5510-24\/","name":"24\" Medizinischer Wagen Computer mit Hot-Swap-Batterien | TM-5510-24","isPartOf":{"@id":"https:\/\/teguar.com\/eu\/en\/#website"},"primaryImageOfPage":{"@id":"https:\/\/teguar.com\/eu\/de\/product\/tm-5510-24\/#primaryimage"},"image":{"@id":"https:\/\/teguar.com\/eu\/de\/product\/tm-5510-24\/#primaryimage"},"thumbnailUrl":"https:\/\/teguar.com\/eu\/wp-content\/uploads\/sites\/2\/2020\/07\/tm-5510-22_aio_wo_bateries_1__81182.1595934874.1280.1280.jpg","datePublished":"2025-06-24T14:20:21+00:00","dateModified":"2025-11-20T16:42:42+00:00","description":"Dieser 24-Zoll-Medizin-PC l\u00e4uft mit der 7. Generation der Intel Core i5\/i7 CPU und verf\u00fcgt \u00fcber 3 im laufenden Betrieb austauschbare Batterien. Ideal f\u00fcr Arbeitsstationen auf R\u00e4dern und Pflegewagen.","breadcrumb":{"@id":"https:\/\/teguar.com\/eu\/de\/product\/tm-5510-24\/#breadcrumb"},"inLanguage":"de","potentialAction":[{"@type":"ReadAction","target":["https:\/\/teguar.com\/eu\/de\/product\/tm-5510-24\/"]}]},{"@type":"ImageObject","inLanguage":"de","@id":"https:\/\/teguar.com\/eu\/de\/product\/tm-5510-24\/#primaryimage","url":"https:\/\/teguar.com\/eu\/wp-content\/uploads\/sites\/2\/2020\/07\/tm-5510-22_aio_wo_bateries_1__81182.1595934874.1280.1280.jpg","contentUrl":"https:\/\/teguar.com\/eu\/wp-content\/uploads\/sites\/2\/2020\/07\/tm-5510-22_aio_wo_bateries_1__81182.1595934874.1280.1280.jpg","width":1000,"height":1000,"caption":"24\" Medical All-in-One Computer | TM-5510-24"},{"@type":"BreadcrumbList","@id":"https:\/\/teguar.com\/eu\/de\/product\/tm-5510-24\/#breadcrumb","itemListElement":[{"@type":"ListItem","position":1,"name":"Home","item":"https:\/\/teguar.com\/eu\/de\/"},{"@type":"ListItem","position":2,"name":"TM-5510-24"}]},{"@type":"WebSite","@id":"https:\/\/teguar.com\/eu\/en\/#website","url":"https:\/\/teguar.com\/eu\/en\/","name":"Teguar","description":"Industrial PCs, Medical Computers, and Rugged Tablets","potentialAction":[{"@type":"SearchAction","target":{"@type":"EntryPoint","urlTemplate":"https:\/\/teguar.com\/eu\/en\/?s={search_term_string}"},"query-input":{"@type":"PropertyValueSpecification","valueRequired":true,"valueName":"search_term_string"}}],"inLanguage":"de"}]}},"_links":{"self":[{"href":"https:\/\/teguar.com\/eu\/de\/wp-json\/wp\/v2\/product\/2245009","targetHints":{"allow":["GET"]}}],"collection":[{"href":"https:\/\/teguar.com\/eu\/de\/wp-json\/wp\/v2\/product"}],"about":[{"href":"https:\/\/teguar.com\/eu\/de\/wp-json\/wp\/v2\/types\/product"}],"wp:featuredmedia":[{"embeddable":true,"href":"https:\/\/teguar.com\/eu\/de\/wp-json\/wp\/v2\/media\/2246105"}],"wp:attachment":[{"href":"https:\/\/teguar.com\/eu\/de\/wp-json\/wp\/v2\/media?parent=2245009"}],"wp:term":[{"taxonomy":"product_brand","embeddable":true,"href":"https:\/\/teguar.com\/eu\/de\/wp-json\/wp\/v2\/product_brand?post=2245009"},{"taxonomy":"product_cat","embeddable":true,"href":"https:\/\/teguar.com\/eu\/de\/wp-json\/wp\/v2\/product_cat?post=2245009"},{"taxonomy":"product_tag","embeddable":true,"href":"https:\/\/teguar.com\/eu\/de\/wp-json\/wp\/v2\/product_tag?post=2245009"},{"taxonomy":"product_label","embeddable":true,"href":"https:\/\/teguar.com\/eu\/de\/wp-json\/wp\/v2\/product_label?post=2245009"}],"curies":[{"name":"wp","href":"https:\/\/api.w.org\/{rel}","templated":true}]}}