{"id":2245002,"date":"2025-06-24T14:20:21","date_gmt":"2025-06-24T14:20:21","guid":{"rendered":"https:\/\/teguar.com\/eu\/product\/tmb-5010\/"},"modified":"2025-11-20T16:42:35","modified_gmt":"2025-11-20T16:42:35","slug":"tmb-5010","status":"publish","type":"product","link":"https:\/\/teguar.com\/eu\/de\/product\/tmb-5010\/","title":{"rendered":"TMB-5010"},"content":{"rendered":"<p>Das TMB-5010 gew\u00e4hrleistet ein H\u00f6chstma\u00df an Patientensicherheit und bietet gleichzeitig einen hohen Nutzen f\u00fcr Ihr medizinisches Team. Die Intel Skylake Core I CPU ist schnell und zuverl\u00e4ssig und widersteht hohen Mengen elektromagnetischer Wellen aus der Umgebung, ohne die medizinischen Ger\u00e4te zu st\u00f6ren. Dieser PC hat ein robustes Aluminium-Metallgeh\u00e4use und sein l\u00fcfterloses Design verhindert die Verbreitung von Staub und Keimen. Mehrere COM-Ports f\u00fcr Steuerungsanwendungen, USB-Ports und WLAN verleihen ihm Flexibilit\u00e4t f\u00fcr die Integration in eine Vielzahl von Anwendungen wie Chirurgie, Radiologie und PACS (Picture Archiving Communication Systems). Das TMB-5010 wurde entwickelt, um den st\u00e4ndigen Anforderungen Ihres medizinischen Teams gerecht zu werden und einen Mehrwert f\u00fcr die Patientenversorgung zu schaffen.<\/p>\n<p><strong>Dieses Produkt gilt jetzt als &#8222;Vorg\u00e4ngergeneration&#8220;, d.h. es kann sein, dass es nicht mehr erh\u00e4ltlich ist. Rufen Sie +1 800 870 7715 an, um weitere Informationen zu diesem Produkt zu erhalten, oder sehen Sie sich unsere vollst\u00e4ndige Liste der derzeit <a href=\"https:\/\/teguar.com\/eu\/de\/medizinische-box-pcs\/\">verf\u00fcgbaren Medical Box PCs<\/a> an. <\/strong><\/p>\n","protected":false},"excerpt":{"rendered":"<p><a href=\"https:\/\/teguar.com\/eu\/de\/computer-und-monitore-fuer-den-operationssaal\/\">Chirurgische Anwendungen:<\/a> Die TMB-5010 Serie eignet sich hervorragend f\u00fcr chirurgische Umgebungen und bietet zuverl\u00e4ssige Rechenleistung f\u00fcr die chirurgische Planung, Dokumentation und den Echtzeit-Datenzugriff w\u00e4hrend des Eingriffs.<br \/>\n<br \/><a href=\"https:\/\/teguar.com\/eu\/de\/roentgenraum-roentgencomputer\/\">Radiologie:<\/a> Radiologische Abteilungen k\u00f6nnen von der TMB-5010 Serie profitieren, indem sie sie f\u00fcr die Bildverarbeitung, die diagnostische Interpretation und die Archivierung medizinischer Bilder in PACS-Systemen einsetzen.<br \/>\n<br \/><a href=\"https:\/\/teguar.com\/eu\/medical-imaging-computer\/\">PACS (Picture Archiving Communication Systems):<\/a> Die TMB-5010 Serie unterst\u00fctzt PACS-Anwendungen, die es Gesundheitsdienstleistern erm\u00f6glichen, medizinische Bilder und Berichte f\u00fcr eine effiziente Zusammenarbeit und Entscheidungsfindung sicher zu speichern, abzurufen und gemeinsam zu nutzen.<br \/>\n<br \/><a href=\"https:\/\/teguar.com\/eu\/de\/computer-zur-patientenueberwachung\/\">Patienten\u00fcberwachung und Datenmanagement: <\/a>Die TMB-5010 Serie kann f\u00fcr die Patienten\u00fcberwachung eingesetzt werden, so dass medizinisches Fachpersonal in Echtzeit auf Patientendaten zugreifen, Vitaldaten verfolgen und Patienteninformationen effektiv verwalten kann.<\/p>\n","protected":false},"featured_media":2246107,"template":"","meta":{"_acf_changed":false},"product_brand":[],"product_cat":[2832,2834],"product_tag":[],"product_label":[],"class_list":{"0":"post-2245002","1":"product","2":"type-product","3":"status-publish","4":"has-post-thumbnail","6":"product_cat-medizinische-box-pcs","7":"product_cat-computer-fur-medizinische-zwecke","8":"pa_windows-windows-10-iot","9":"pa_windows-windows-7-pro","11":"first","12":"outofstock","13":"taxable","14":"shipping-taxable","15":"purchasable","16":"product-type-simple"},"composite_virtual":false,"composite_layout":"","composite_add_to_cart_form_location":"","composite_editable_in_cart":false,"composite_sold_individually_context":"","composite_shop_price_calc":"","composite_components":[],"composite_scenarios":[],"acf":[],"yoast_head":"<!-- This site is optimized with the Yoast SEO Premium plugin v26.8 (Yoast SEO v27.2) - https:\/\/yoast.com\/product\/yoast-seo-premium-wordpress\/ -->\n<title>Medizinische Box Computer | TMB-5010<\/title>\n<meta name=\"description\" content=\"Teguar&#039;s Medical Box Computer mit Intel 6th Gen Core i3\/i5\/i7. Dieser Computer ist nach IEC 60601-1 medizinisch zertifiziert und verf\u00fcgt \u00fcber TPM 2.0 Hardware-Sicherheit.\" \/>\n<meta name=\"robots\" content=\"index, follow, max-snippet:-1, max-image-preview:large, max-video-preview:-1\" \/>\n<link rel=\"canonical\" href=\"https:\/\/teguar.com\/eu\/de\/product\/tmb-5010\/\" \/>\n<meta property=\"og:locale\" content=\"de_DE\" \/>\n<meta property=\"og:type\" content=\"article\" \/>\n<meta property=\"og:title\" content=\"TMB-5010\" \/>\n<meta property=\"og:description\" content=\"Teguar&#039;s Medical Box Computer mit Intel 6th Gen Core i3\/i5\/i7. Dieser Computer ist nach IEC 60601-1 medizinisch zertifiziert und verf\u00fcgt \u00fcber TPM 2.0 Hardware-Sicherheit.\" \/>\n<meta property=\"og:url\" content=\"https:\/\/teguar.com\/eu\/de\/product\/tmb-5010\/\" \/>\n<meta property=\"og:site_name\" content=\"Teguar\" \/>\n<meta property=\"article:modified_time\" content=\"2025-11-20T16:42:35+00:00\" \/>\n<meta property=\"og:image\" content=\"https:\/\/teguar.com\/eu\/wp-content\/uploads\/sites\/2\/2020\/07\/tmb-5010_white_front_slant__27662.1595934878.1280.1280.jpg\" \/>\n\t<meta property=\"og:image:width\" content=\"1000\" \/>\n\t<meta property=\"og:image:height\" content=\"1000\" \/>\n\t<meta property=\"og:image:type\" content=\"image\/jpeg\" \/>\n<meta name=\"twitter:card\" content=\"summary_large_image\" \/>\n<meta name=\"twitter:label1\" content=\"Gesch\u00e4tzte Lesezeit\" \/>\n\t<meta name=\"twitter:data1\" content=\"1\u00a0Minute\" \/>\n<script type=\"application\/ld+json\" class=\"yoast-schema-graph\">{\"@context\":\"https:\/\/schema.org\",\"@graph\":[{\"@type\":\"WebPage\",\"@id\":\"https:\/\/teguar.com\/eu\/de\/product\/tmb-5010\/\",\"url\":\"https:\/\/teguar.com\/eu\/de\/product\/tmb-5010\/\",\"name\":\"Medizinische Box Computer | TMB-5010\",\"isPartOf\":{\"@id\":\"https:\/\/teguar.com\/eu\/en\/#website\"},\"primaryImageOfPage\":{\"@id\":\"https:\/\/teguar.com\/eu\/de\/product\/tmb-5010\/#primaryimage\"},\"image\":{\"@id\":\"https:\/\/teguar.com\/eu\/de\/product\/tmb-5010\/#primaryimage\"},\"thumbnailUrl\":\"https:\/\/teguar.com\/eu\/wp-content\/uploads\/sites\/2\/2020\/07\/tmb-5010_white_front_slant__27662.1595934878.1280.1280.jpg\",\"datePublished\":\"2025-06-24T14:20:21+00:00\",\"dateModified\":\"2025-11-20T16:42:35+00:00\",\"description\":\"Teguar's Medical Box Computer mit Intel 6th Gen Core i3\/i5\/i7. Dieser Computer ist nach IEC 60601-1 medizinisch zertifiziert und verf\u00fcgt \u00fcber TPM 2.0 Hardware-Sicherheit.\",\"breadcrumb\":{\"@id\":\"https:\/\/teguar.com\/eu\/de\/product\/tmb-5010\/#breadcrumb\"},\"inLanguage\":\"de\",\"potentialAction\":[{\"@type\":\"ReadAction\",\"target\":[\"https:\/\/teguar.com\/eu\/de\/product\/tmb-5010\/\"]}]},{\"@type\":\"ImageObject\",\"inLanguage\":\"de\",\"@id\":\"https:\/\/teguar.com\/eu\/de\/product\/tmb-5010\/#primaryimage\",\"url\":\"https:\/\/teguar.com\/eu\/wp-content\/uploads\/sites\/2\/2020\/07\/tmb-5010_white_front_slant__27662.1595934878.1280.1280.jpg\",\"contentUrl\":\"https:\/\/teguar.com\/eu\/wp-content\/uploads\/sites\/2\/2020\/07\/tmb-5010_white_front_slant__27662.1595934878.1280.1280.jpg\",\"width\":1000,\"height\":1000,\"caption\":\"Fanless Medical Box Computer | TMB-5010\"},{\"@type\":\"BreadcrumbList\",\"@id\":\"https:\/\/teguar.com\/eu\/de\/product\/tmb-5010\/#breadcrumb\",\"itemListElement\":[{\"@type\":\"ListItem\",\"position\":1,\"name\":\"Home\",\"item\":\"https:\/\/teguar.com\/eu\/de\/\"},{\"@type\":\"ListItem\",\"position\":2,\"name\":\"TMB-5010\"}]},{\"@type\":\"WebSite\",\"@id\":\"https:\/\/teguar.com\/eu\/en\/#website\",\"url\":\"https:\/\/teguar.com\/eu\/en\/\",\"name\":\"Teguar\",\"description\":\"Industrial PCs, Medical Computers, and Rugged Tablets\",\"potentialAction\":[{\"@type\":\"SearchAction\",\"target\":{\"@type\":\"EntryPoint\",\"urlTemplate\":\"https:\/\/teguar.com\/eu\/en\/?s={search_term_string}\"},\"query-input\":{\"@type\":\"PropertyValueSpecification\",\"valueRequired\":true,\"valueName\":\"search_term_string\"}}],\"inLanguage\":\"de\"}]}<\/script>\n<!-- \/ Yoast SEO Premium plugin. -->","yoast_head_json":{"title":"Medizinische Box Computer | TMB-5010","description":"Teguar's Medical Box Computer mit Intel 6th Gen Core i3\/i5\/i7. Dieser Computer ist nach IEC 60601-1 medizinisch zertifiziert und verf\u00fcgt \u00fcber TPM 2.0 Hardware-Sicherheit.","robots":{"index":"index","follow":"follow","max-snippet":"max-snippet:-1","max-image-preview":"max-image-preview:large","max-video-preview":"max-video-preview:-1"},"canonical":"https:\/\/teguar.com\/eu\/de\/product\/tmb-5010\/","og_locale":"de_DE","og_type":"article","og_title":"TMB-5010","og_description":"Teguar's Medical Box Computer mit Intel 6th Gen Core i3\/i5\/i7. Dieser Computer ist nach IEC 60601-1 medizinisch zertifiziert und verf\u00fcgt \u00fcber TPM 2.0 Hardware-Sicherheit.","og_url":"https:\/\/teguar.com\/eu\/de\/product\/tmb-5010\/","og_site_name":"Teguar","article_modified_time":"2025-11-20T16:42:35+00:00","og_image":[{"width":1000,"height":1000,"url":"https:\/\/teguar.com\/eu\/wp-content\/uploads\/sites\/2\/2020\/07\/tmb-5010_white_front_slant__27662.1595934878.1280.1280.jpg","type":"image\/jpeg"}],"twitter_card":"summary_large_image","twitter_misc":{"Gesch\u00e4tzte Lesezeit":"1\u00a0Minute"},"schema":{"@context":"https:\/\/schema.org","@graph":[{"@type":"WebPage","@id":"https:\/\/teguar.com\/eu\/de\/product\/tmb-5010\/","url":"https:\/\/teguar.com\/eu\/de\/product\/tmb-5010\/","name":"Medizinische Box Computer | TMB-5010","isPartOf":{"@id":"https:\/\/teguar.com\/eu\/en\/#website"},"primaryImageOfPage":{"@id":"https:\/\/teguar.com\/eu\/de\/product\/tmb-5010\/#primaryimage"},"image":{"@id":"https:\/\/teguar.com\/eu\/de\/product\/tmb-5010\/#primaryimage"},"thumbnailUrl":"https:\/\/teguar.com\/eu\/wp-content\/uploads\/sites\/2\/2020\/07\/tmb-5010_white_front_slant__27662.1595934878.1280.1280.jpg","datePublished":"2025-06-24T14:20:21+00:00","dateModified":"2025-11-20T16:42:35+00:00","description":"Teguar's Medical Box Computer mit Intel 6th Gen Core i3\/i5\/i7. Dieser Computer ist nach IEC 60601-1 medizinisch zertifiziert und verf\u00fcgt \u00fcber TPM 2.0 Hardware-Sicherheit.","breadcrumb":{"@id":"https:\/\/teguar.com\/eu\/de\/product\/tmb-5010\/#breadcrumb"},"inLanguage":"de","potentialAction":[{"@type":"ReadAction","target":["https:\/\/teguar.com\/eu\/de\/product\/tmb-5010\/"]}]},{"@type":"ImageObject","inLanguage":"de","@id":"https:\/\/teguar.com\/eu\/de\/product\/tmb-5010\/#primaryimage","url":"https:\/\/teguar.com\/eu\/wp-content\/uploads\/sites\/2\/2020\/07\/tmb-5010_white_front_slant__27662.1595934878.1280.1280.jpg","contentUrl":"https:\/\/teguar.com\/eu\/wp-content\/uploads\/sites\/2\/2020\/07\/tmb-5010_white_front_slant__27662.1595934878.1280.1280.jpg","width":1000,"height":1000,"caption":"Fanless Medical Box Computer | TMB-5010"},{"@type":"BreadcrumbList","@id":"https:\/\/teguar.com\/eu\/de\/product\/tmb-5010\/#breadcrumb","itemListElement":[{"@type":"ListItem","position":1,"name":"Home","item":"https:\/\/teguar.com\/eu\/de\/"},{"@type":"ListItem","position":2,"name":"TMB-5010"}]},{"@type":"WebSite","@id":"https:\/\/teguar.com\/eu\/en\/#website","url":"https:\/\/teguar.com\/eu\/en\/","name":"Teguar","description":"Industrial PCs, Medical Computers, and Rugged Tablets","potentialAction":[{"@type":"SearchAction","target":{"@type":"EntryPoint","urlTemplate":"https:\/\/teguar.com\/eu\/en\/?s={search_term_string}"},"query-input":{"@type":"PropertyValueSpecification","valueRequired":true,"valueName":"search_term_string"}}],"inLanguage":"de"}]}},"_links":{"self":[{"href":"https:\/\/teguar.com\/eu\/de\/wp-json\/wp\/v2\/product\/2245002","targetHints":{"allow":["GET"]}}],"collection":[{"href":"https:\/\/teguar.com\/eu\/de\/wp-json\/wp\/v2\/product"}],"about":[{"href":"https:\/\/teguar.com\/eu\/de\/wp-json\/wp\/v2\/types\/product"}],"wp:featuredmedia":[{"embeddable":true,"href":"https:\/\/teguar.com\/eu\/de\/wp-json\/wp\/v2\/media\/2246107"}],"wp:attachment":[{"href":"https:\/\/teguar.com\/eu\/de\/wp-json\/wp\/v2\/media?parent=2245002"}],"wp:term":[{"taxonomy":"product_brand","embeddable":true,"href":"https:\/\/teguar.com\/eu\/de\/wp-json\/wp\/v2\/product_brand?post=2245002"},{"taxonomy":"product_cat","embeddable":true,"href":"https:\/\/teguar.com\/eu\/de\/wp-json\/wp\/v2\/product_cat?post=2245002"},{"taxonomy":"product_tag","embeddable":true,"href":"https:\/\/teguar.com\/eu\/de\/wp-json\/wp\/v2\/product_tag?post=2245002"},{"taxonomy":"product_label","embeddable":true,"href":"https:\/\/teguar.com\/eu\/de\/wp-json\/wp\/v2\/product_label?post=2245002"}],"curies":[{"name":"wp","href":"https:\/\/api.w.org\/{rel}","templated":true}]}}