{"id":2244999,"date":"2025-06-24T14:20:20","date_gmt":"2025-06-24T14:20:20","guid":{"rendered":"https:\/\/teguar.com\/eu\/product\/tm-5010-24\/"},"modified":"2025-11-20T16:43:15","modified_gmt":"2025-11-20T16:43:15","slug":"tm-5010-24","status":"publish","type":"product","link":"https:\/\/teguar.com\/eu\/de\/product\/tm-5010-24\/","title":{"rendered":"TM-5010-24"},"content":{"rendered":"<p>Mit einem H\u00f6chstma\u00df an medizinischem Sicherheitsschutz ist der TM-5010-24 der erste 24-Zoll-Computer f\u00fcr das Gesundheitswesen, der heute erh\u00e4ltlich ist. Bei der Herstellung dieses un\u00fcbertroffenen medizinischen Computers wurden die neuesten Anforderungen an medizinische Panel-PCs und zuk\u00fcnftige Bed\u00fcrfnisse ber\u00fccksichtigt. Der TM-5010-24 ist nach EN\/UL 60601 &#8211; 4. Auflage zertifiziert, verf\u00fcgt \u00fcber einen Zehn-Punkt-Multi-Touch-HD-Bildschirm und ist f\u00fcr DICOM anpassbar. Die fortschrittliche CPU unterst\u00fctzt Intel vPro mit Optionen f\u00fcr TPM v2.0. Ein optionales Pufferbatteriepaket und eine 4KV-Isolierung sorgen f\u00fcr weitere Vielseitigkeit bei Anwendungen in der Intensivpflege. Die zehn Funktionstasten auf der Vorderseite sind vollst\u00e4ndig b\u00fcndig und lassen sich im antibakteriellen Geh\u00e4use leicht reinigen. Von der Patientenversorgung am Krankenbett bis hin zum Operationssaal setzt dieser TM-5010-24 einen neuen Standard in der medizinischen Versorgung.<\/p>\n","protected":false},"excerpt":{"rendered":"<p><a href=\"https:\/\/teguar.com\/eu\/de\/elektronische-krankenakten-computer\/\">Klinische Dokumentation und EMR:<\/a> Die TM-5010 Medical Computer Serie bietet eine zuverl\u00e4ssige Plattform f\u00fcr elektronische Krankenakten und klinische Dokumentation.<br \/>\n<br \/><a href=\"https:\/\/teguar.com\/eu\/de\/telemedizin-computer\/\">Telemedizin und virtuelle Konsultationen:<\/a> Diese Computer unterst\u00fctzen telemedizinische Dienste mit optionaler Kamera und drahtloser Konnektivit\u00e4t.<br \/>\n<br \/><a href=\"https:\/\/teguar.com\/eu\/point-of-care-computer\/\">Medizinische Point-of-Care-Stationen:<\/a> Die TM-5010 Serie ist ideal f\u00fcr die effiziente Verwaltung von Arbeitsabl\u00e4ufen und die Patientenversorgung an medizinischen Point-of-Care-Stationen.  <\/p>\n","protected":false},"featured_media":2246102,"template":"","meta":{"_acf_changed":false},"product_brand":[],"product_cat":[2834],"product_tag":[],"product_label":[],"class_list":{"0":"post-2244999","1":"product","2":"type-product","3":"status-publish","4":"has-post-thumbnail","6":"product_cat-computer-fur-medizinische-zwecke","7":"pa_windows-windows-10-iot","8":"pa_windows-windows-7-pro","9":"pa_windows-windows-8-1-pro","11":"first","12":"instock","13":"taxable","14":"shipping-taxable","15":"purchasable","16":"product-type-simple"},"composite_virtual":false,"composite_layout":"","composite_add_to_cart_form_location":"","composite_editable_in_cart":false,"composite_sold_individually_context":"","composite_shop_price_calc":"","composite_components":[],"composite_scenarios":[],"acf":[],"yoast_head":"<!-- This site is optimized with the Yoast SEO Premium plugin v26.8 (Yoast SEO v27.2) - https:\/\/yoast.com\/product\/yoast-seo-premium-wordpress\/ -->\n<title>24&quot; Medizinischer Computer | TM-5010-24<\/title>\n<meta name=\"description\" content=\"Der l\u00fcfterlose 24-Zoll-Medizincomputer von Teguar ist ideal f\u00fcr Anwendungen, bei denen die Bildgebung im Mittelpunkt der Diagnose steht. Dieser PC ist 60601-1 zertifiziert und Epic-konform.\" \/>\n<meta name=\"robots\" content=\"index, follow, max-snippet:-1, max-image-preview:large, max-video-preview:-1\" \/>\n<link rel=\"canonical\" href=\"https:\/\/teguar.com\/eu\/de\/product\/tm-5010-24\/\" \/>\n<meta property=\"og:locale\" content=\"de_DE\" \/>\n<meta property=\"og:type\" content=\"article\" \/>\n<meta property=\"og:title\" content=\"TM-5010-24\" \/>\n<meta property=\"og:description\" content=\"Der l\u00fcfterlose 24-Zoll-Medizincomputer von Teguar ist ideal f\u00fcr Anwendungen, bei denen die Bildgebung im Mittelpunkt der Diagnose steht. Dieser PC ist 60601-1 zertifiziert und Epic-konform.\" \/>\n<meta property=\"og:url\" content=\"https:\/\/teguar.com\/eu\/de\/product\/tm-5010-24\/\" \/>\n<meta property=\"og:site_name\" content=\"Teguar\" \/>\n<meta property=\"article:modified_time\" content=\"2025-11-20T16:43:15+00:00\" \/>\n<meta property=\"og:image\" content=\"https:\/\/teguar.com\/eu\/wp-content\/uploads\/sites\/2\/2020\/07\/24_inch_medical_pc_tm-5010-24__99654.1595934866.1280.1280.jpg\" \/>\n\t<meta property=\"og:image:width\" content=\"1000\" \/>\n\t<meta property=\"og:image:height\" content=\"1000\" \/>\n\t<meta property=\"og:image:type\" content=\"image\/jpeg\" \/>\n<meta name=\"twitter:card\" content=\"summary_large_image\" \/>\n<meta name=\"twitter:label1\" content=\"Gesch\u00e4tzte Lesezeit\" \/>\n\t<meta name=\"twitter:data1\" content=\"1\u00a0Minute\" \/>\n<script type=\"application\/ld+json\" class=\"yoast-schema-graph\">{\"@context\":\"https:\/\/schema.org\",\"@graph\":[{\"@type\":\"WebPage\",\"@id\":\"https:\/\/teguar.com\/eu\/de\/product\/tm-5010-24\/\",\"url\":\"https:\/\/teguar.com\/eu\/de\/product\/tm-5010-24\/\",\"name\":\"24\\\" Medizinischer Computer | TM-5010-24\",\"isPartOf\":{\"@id\":\"https:\/\/teguar.com\/eu\/en\/#website\"},\"primaryImageOfPage\":{\"@id\":\"https:\/\/teguar.com\/eu\/de\/product\/tm-5010-24\/#primaryimage\"},\"image\":{\"@id\":\"https:\/\/teguar.com\/eu\/de\/product\/tm-5010-24\/#primaryimage\"},\"thumbnailUrl\":\"https:\/\/teguar.com\/eu\/wp-content\/uploads\/sites\/2\/2020\/07\/24_inch_medical_pc_tm-5010-24__99654.1595934866.1280.1280.jpg\",\"datePublished\":\"2025-06-24T14:20:20+00:00\",\"dateModified\":\"2025-11-20T16:43:15+00:00\",\"description\":\"Der l\u00fcfterlose 24-Zoll-Medizincomputer von Teguar ist ideal f\u00fcr Anwendungen, bei denen die Bildgebung im Mittelpunkt der Diagnose steht. Dieser PC ist 60601-1 zertifiziert und Epic-konform.\",\"breadcrumb\":{\"@id\":\"https:\/\/teguar.com\/eu\/de\/product\/tm-5010-24\/#breadcrumb\"},\"inLanguage\":\"de\",\"potentialAction\":[{\"@type\":\"ReadAction\",\"target\":[\"https:\/\/teguar.com\/eu\/de\/product\/tm-5010-24\/\"]}]},{\"@type\":\"ImageObject\",\"inLanguage\":\"de\",\"@id\":\"https:\/\/teguar.com\/eu\/de\/product\/tm-5010-24\/#primaryimage\",\"url\":\"https:\/\/teguar.com\/eu\/wp-content\/uploads\/sites\/2\/2020\/07\/24_inch_medical_pc_tm-5010-24__99654.1595934866.1280.1280.jpg\",\"contentUrl\":\"https:\/\/teguar.com\/eu\/wp-content\/uploads\/sites\/2\/2020\/07\/24_inch_medical_pc_tm-5010-24__99654.1595934866.1280.1280.jpg\",\"width\":1000,\"height\":1000,\"caption\":\"24\\\" Medical Computer | TM-5010-24\"},{\"@type\":\"BreadcrumbList\",\"@id\":\"https:\/\/teguar.com\/eu\/de\/product\/tm-5010-24\/#breadcrumb\",\"itemListElement\":[{\"@type\":\"ListItem\",\"position\":1,\"name\":\"Home\",\"item\":\"https:\/\/teguar.com\/eu\/de\/\"},{\"@type\":\"ListItem\",\"position\":2,\"name\":\"TM-5010-24\"}]},{\"@type\":\"WebSite\",\"@id\":\"https:\/\/teguar.com\/eu\/en\/#website\",\"url\":\"https:\/\/teguar.com\/eu\/en\/\",\"name\":\"Teguar\",\"description\":\"Industrial PCs, Medical Computers, and Rugged Tablets\",\"potentialAction\":[{\"@type\":\"SearchAction\",\"target\":{\"@type\":\"EntryPoint\",\"urlTemplate\":\"https:\/\/teguar.com\/eu\/en\/?s={search_term_string}\"},\"query-input\":{\"@type\":\"PropertyValueSpecification\",\"valueRequired\":true,\"valueName\":\"search_term_string\"}}],\"inLanguage\":\"de\"}]}<\/script>\n<!-- \/ Yoast SEO Premium plugin. -->","yoast_head_json":{"title":"24\" Medizinischer Computer | TM-5010-24","description":"Der l\u00fcfterlose 24-Zoll-Medizincomputer von Teguar ist ideal f\u00fcr Anwendungen, bei denen die Bildgebung im Mittelpunkt der Diagnose steht. Dieser PC ist 60601-1 zertifiziert und Epic-konform.","robots":{"index":"index","follow":"follow","max-snippet":"max-snippet:-1","max-image-preview":"max-image-preview:large","max-video-preview":"max-video-preview:-1"},"canonical":"https:\/\/teguar.com\/eu\/de\/product\/tm-5010-24\/","og_locale":"de_DE","og_type":"article","og_title":"TM-5010-24","og_description":"Der l\u00fcfterlose 24-Zoll-Medizincomputer von Teguar ist ideal f\u00fcr Anwendungen, bei denen die Bildgebung im Mittelpunkt der Diagnose steht. Dieser PC ist 60601-1 zertifiziert und Epic-konform.","og_url":"https:\/\/teguar.com\/eu\/de\/product\/tm-5010-24\/","og_site_name":"Teguar","article_modified_time":"2025-11-20T16:43:15+00:00","og_image":[{"width":1000,"height":1000,"url":"https:\/\/teguar.com\/eu\/wp-content\/uploads\/sites\/2\/2020\/07\/24_inch_medical_pc_tm-5010-24__99654.1595934866.1280.1280.jpg","type":"image\/jpeg"}],"twitter_card":"summary_large_image","twitter_misc":{"Gesch\u00e4tzte Lesezeit":"1\u00a0Minute"},"schema":{"@context":"https:\/\/schema.org","@graph":[{"@type":"WebPage","@id":"https:\/\/teguar.com\/eu\/de\/product\/tm-5010-24\/","url":"https:\/\/teguar.com\/eu\/de\/product\/tm-5010-24\/","name":"24\" Medizinischer Computer | TM-5010-24","isPartOf":{"@id":"https:\/\/teguar.com\/eu\/en\/#website"},"primaryImageOfPage":{"@id":"https:\/\/teguar.com\/eu\/de\/product\/tm-5010-24\/#primaryimage"},"image":{"@id":"https:\/\/teguar.com\/eu\/de\/product\/tm-5010-24\/#primaryimage"},"thumbnailUrl":"https:\/\/teguar.com\/eu\/wp-content\/uploads\/sites\/2\/2020\/07\/24_inch_medical_pc_tm-5010-24__99654.1595934866.1280.1280.jpg","datePublished":"2025-06-24T14:20:20+00:00","dateModified":"2025-11-20T16:43:15+00:00","description":"Der l\u00fcfterlose 24-Zoll-Medizincomputer von Teguar ist ideal f\u00fcr Anwendungen, bei denen die Bildgebung im Mittelpunkt der Diagnose steht. Dieser PC ist 60601-1 zertifiziert und Epic-konform.","breadcrumb":{"@id":"https:\/\/teguar.com\/eu\/de\/product\/tm-5010-24\/#breadcrumb"},"inLanguage":"de","potentialAction":[{"@type":"ReadAction","target":["https:\/\/teguar.com\/eu\/de\/product\/tm-5010-24\/"]}]},{"@type":"ImageObject","inLanguage":"de","@id":"https:\/\/teguar.com\/eu\/de\/product\/tm-5010-24\/#primaryimage","url":"https:\/\/teguar.com\/eu\/wp-content\/uploads\/sites\/2\/2020\/07\/24_inch_medical_pc_tm-5010-24__99654.1595934866.1280.1280.jpg","contentUrl":"https:\/\/teguar.com\/eu\/wp-content\/uploads\/sites\/2\/2020\/07\/24_inch_medical_pc_tm-5010-24__99654.1595934866.1280.1280.jpg","width":1000,"height":1000,"caption":"24\" Medical Computer | TM-5010-24"},{"@type":"BreadcrumbList","@id":"https:\/\/teguar.com\/eu\/de\/product\/tm-5010-24\/#breadcrumb","itemListElement":[{"@type":"ListItem","position":1,"name":"Home","item":"https:\/\/teguar.com\/eu\/de\/"},{"@type":"ListItem","position":2,"name":"TM-5010-24"}]},{"@type":"WebSite","@id":"https:\/\/teguar.com\/eu\/en\/#website","url":"https:\/\/teguar.com\/eu\/en\/","name":"Teguar","description":"Industrial PCs, Medical Computers, and Rugged Tablets","potentialAction":[{"@type":"SearchAction","target":{"@type":"EntryPoint","urlTemplate":"https:\/\/teguar.com\/eu\/en\/?s={search_term_string}"},"query-input":{"@type":"PropertyValueSpecification","valueRequired":true,"valueName":"search_term_string"}}],"inLanguage":"de"}]}},"_links":{"self":[{"href":"https:\/\/teguar.com\/eu\/de\/wp-json\/wp\/v2\/product\/2244999","targetHints":{"allow":["GET"]}}],"collection":[{"href":"https:\/\/teguar.com\/eu\/de\/wp-json\/wp\/v2\/product"}],"about":[{"href":"https:\/\/teguar.com\/eu\/de\/wp-json\/wp\/v2\/types\/product"}],"wp:featuredmedia":[{"embeddable":true,"href":"https:\/\/teguar.com\/eu\/de\/wp-json\/wp\/v2\/media\/2246102"}],"wp:attachment":[{"href":"https:\/\/teguar.com\/eu\/de\/wp-json\/wp\/v2\/media?parent=2244999"}],"wp:term":[{"taxonomy":"product_brand","embeddable":true,"href":"https:\/\/teguar.com\/eu\/de\/wp-json\/wp\/v2\/product_brand?post=2244999"},{"taxonomy":"product_cat","embeddable":true,"href":"https:\/\/teguar.com\/eu\/de\/wp-json\/wp\/v2\/product_cat?post=2244999"},{"taxonomy":"product_tag","embeddable":true,"href":"https:\/\/teguar.com\/eu\/de\/wp-json\/wp\/v2\/product_tag?post=2244999"},{"taxonomy":"product_label","embeddable":true,"href":"https:\/\/teguar.com\/eu\/de\/wp-json\/wp\/v2\/product_label?post=2244999"}],"curies":[{"name":"wp","href":"https:\/\/api.w.org\/{rel}","templated":true}]}}