{"id":2244998,"date":"2025-06-24T14:20:21","date_gmt":"2025-06-24T14:20:21","guid":{"rendered":"https:\/\/teguar.com\/eu\/product\/tm-5010-15\/"},"modified":"2025-11-20T16:42:01","modified_gmt":"2025-11-20T16:42:01","slug":"tm-5010-15","status":"publish","type":"product","link":"https:\/\/teguar.com\/eu\/de\/product\/tm-5010-15\/","title":{"rendered":"TM-5010-15"},"content":{"rendered":"<p>Der TM-5010-15 Panel PC ist ein kompakter, effizienter PC, der die Anforderungen an einen medizinischen Computer erf\u00fcllt oder sogar \u00fcbertrifft. Mit seinem leistungsstarken Intel Core i3\/i5\/i7 der 6. Generation h\u00e4lt dieser leistungsstarke medizinische Panel-PC mit den anspruchsvollen medizinischen Anforderungen Schritt. Das antibakterielle Kunststoffgeh\u00e4use unterst\u00fctzt einen Multi-Touch-Full-HD-Bildschirm mit leicht abwischbaren Oberfl\u00e4chen. Dieser medizinische Computer unterst\u00fctzt Intel vPro mit Optionen f\u00fcr TPM v2.0 f\u00fcr die Hardwaresicherheit und verf\u00fcgt \u00fcber eine optionale 3,2-Megapixel-Kamera, ein Akkupaket, ein WLAN\/Bluetooth-Modul mit Innenantenne, einen Tischst\u00e4nder und ein RFID-Leseger\u00e4t. Der TM-5010-15 Medical Grade Computer wurde f\u00fcr eine Vielzahl von Funktionen in medizinischen Umgebungen entwickelt und ist eine zuverl\u00e4ssige L\u00f6sung, die f\u00fcr einen reibungslosen Ablauf in jedem medizinischen Versorgungszentrum sorgt.<\/p>\n","protected":false},"excerpt":{"rendered":"<p><a href=\"https:\/\/teguar.com\/eu\/de\/elektronische-krankenakten-computer\/\">Klinische Dokumentation und EMR:<\/a> Die TM-5010 Medical Computer Serie bietet eine zuverl\u00e4ssige Plattform f\u00fcr elektronische Krankenakten und klinische Dokumentation.<br \/>\n<br \/><a href=\"https:\/\/teguar.com\/eu\/de\/telemedizin-computer\/\">Telemedizin und virtuelle Konsultationen:<\/a> Diese Computer unterst\u00fctzen telemedizinische Dienste mit optionaler Kamera und drahtloser Konnektivit\u00e4t.<br \/>\n<br \/><a href=\"https:\/\/teguar.com\/eu\/point-of-care-computer\/\">Medizinische Point-of-Care-Stationen:<\/a> Die TM-5010 Serie ist ideal f\u00fcr die effiziente Verwaltung von Arbeitsabl\u00e4ufen und die Patientenversorgung an medizinischen Point-of-Care-Stationen.  <\/p>\n","protected":false},"featured_media":2246112,"template":"","meta":{"_acf_changed":false},"product_brand":[],"product_cat":[2834],"product_tag":[],"product_label":[],"class_list":{"0":"post-2244998","1":"product","2":"type-product","3":"status-publish","4":"has-post-thumbnail","6":"product_cat-computer-fur-medizinische-zwecke","7":"pa_windows-windows-10-pro","8":"pa_windows-windows-7-pro","10":"first","11":"outofstock","12":"taxable","13":"shipping-taxable","14":"purchasable","15":"product-type-simple"},"composite_virtual":false,"composite_layout":"","composite_add_to_cart_form_location":"","composite_editable_in_cart":false,"composite_sold_individually_context":"","composite_shop_price_calc":"","composite_components":[],"composite_scenarios":[],"acf":[],"yoast_head":"<!-- This site is optimized with the Yoast SEO Premium plugin v26.8 (Yoast SEO v27.2) - https:\/\/yoast.com\/product\/yoast-seo-premium-wordpress\/ -->\n<title>15&quot; Medizinischer Panel PC | TM-5010-15<\/title>\n<meta name=\"description\" content=\"Der 15-Zoll-Core-i3\/i5\/i7-Computer von Teguar ist vollgepackt mit medizinisch spezifischen Funktionen. Dieser Krankenhauscomputer ist 60601-1 zertifiziert.\" \/>\n<meta name=\"robots\" content=\"index, follow, max-snippet:-1, max-image-preview:large, max-video-preview:-1\" \/>\n<link rel=\"canonical\" href=\"https:\/\/teguar.com\/eu\/en\/product\/tm-5010-15\/\" \/>\n<meta property=\"og:locale\" content=\"de_DE\" \/>\n<meta property=\"og:type\" content=\"article\" \/>\n<meta property=\"og:title\" content=\"TM-5010-15\" \/>\n<meta property=\"og:description\" content=\"Der 15-Zoll-Core-i3\/i5\/i7-Computer von Teguar ist vollgepackt mit medizinisch spezifischen Funktionen. Dieser Krankenhauscomputer ist 60601-1 zertifiziert.\" \/>\n<meta property=\"og:url\" content=\"https:\/\/teguar.com\/eu\/en\/product\/tm-5010-15\/\" \/>\n<meta property=\"og:site_name\" content=\"Teguar\" \/>\n<meta property=\"article:modified_time\" content=\"2025-11-20T16:42:01+00:00\" \/>\n<meta property=\"og:image\" content=\"https:\/\/teguar.com\/eu\/wp-content\/uploads\/sites\/2\/2020\/07\/15-inch-medical-aio-pc-tm-5010-15__76441.1595934857.1280.1280.jpg\" \/>\n\t<meta property=\"og:image:width\" content=\"1000\" \/>\n\t<meta property=\"og:image:height\" content=\"1000\" \/>\n\t<meta property=\"og:image:type\" content=\"image\/jpeg\" \/>\n<meta name=\"twitter:card\" content=\"summary_large_image\" \/>\n<meta name=\"twitter:label1\" content=\"Gesch\u00e4tzte Lesezeit\" \/>\n\t<meta name=\"twitter:data1\" content=\"1\u00a0Minute\" \/>\n<script type=\"application\/ld+json\" class=\"yoast-schema-graph\">{\"@context\":\"https:\/\/schema.org\",\"@graph\":[{\"@type\":\"WebPage\",\"@id\":\"https:\/\/teguar.com\/eu\/en\/product\/tm-5010-15\/\",\"url\":\"https:\/\/teguar.com\/eu\/en\/product\/tm-5010-15\/\",\"name\":\"15\\\" Medizinischer Panel PC | TM-5010-15\",\"isPartOf\":{\"@id\":\"https:\/\/teguar.com\/eu\/en\/#website\"},\"primaryImageOfPage\":{\"@id\":\"https:\/\/teguar.com\/eu\/en\/product\/tm-5010-15\/#primaryimage\"},\"image\":{\"@id\":\"https:\/\/teguar.com\/eu\/en\/product\/tm-5010-15\/#primaryimage\"},\"thumbnailUrl\":\"https:\/\/teguar.com\/eu\/wp-content\/uploads\/sites\/2\/2020\/07\/15-inch-medical-aio-pc-tm-5010-15__76441.1595934857.1280.1280.jpg\",\"datePublished\":\"2025-06-24T14:20:21+00:00\",\"dateModified\":\"2025-11-20T16:42:01+00:00\",\"description\":\"Der 15-Zoll-Core-i3\/i5\/i7-Computer von Teguar ist vollgepackt mit medizinisch spezifischen Funktionen. Dieser Krankenhauscomputer ist 60601-1 zertifiziert.\",\"breadcrumb\":{\"@id\":\"https:\/\/teguar.com\/eu\/en\/product\/tm-5010-15\/#breadcrumb\"},\"inLanguage\":\"de\",\"potentialAction\":[{\"@type\":\"ReadAction\",\"target\":[\"https:\/\/teguar.com\/eu\/en\/product\/tm-5010-15\/\"]}]},{\"@type\":\"ImageObject\",\"inLanguage\":\"de\",\"@id\":\"https:\/\/teguar.com\/eu\/en\/product\/tm-5010-15\/#primaryimage\",\"url\":\"https:\/\/teguar.com\/eu\/wp-content\/uploads\/sites\/2\/2020\/07\/15-inch-medical-aio-pc-tm-5010-15__76441.1595934857.1280.1280.jpg\",\"contentUrl\":\"https:\/\/teguar.com\/eu\/wp-content\/uploads\/sites\/2\/2020\/07\/15-inch-medical-aio-pc-tm-5010-15__76441.1595934857.1280.1280.jpg\",\"width\":1000,\"height\":1000,\"caption\":\"15\\\" Medical Panel PC | TM-5010-15\"},{\"@type\":\"BreadcrumbList\",\"@id\":\"https:\/\/teguar.com\/eu\/en\/product\/tm-5010-15\/#breadcrumb\",\"itemListElement\":[{\"@type\":\"ListItem\",\"position\":1,\"name\":\"Home\",\"item\":\"https:\/\/teguar.com\/eu\/de\/\"},{\"@type\":\"ListItem\",\"position\":2,\"name\":\"TM-5010-15\"}]},{\"@type\":\"WebSite\",\"@id\":\"https:\/\/teguar.com\/eu\/en\/#website\",\"url\":\"https:\/\/teguar.com\/eu\/en\/\",\"name\":\"Teguar\",\"description\":\"Industrial PCs, Medical Computers, and Rugged Tablets\",\"potentialAction\":[{\"@type\":\"SearchAction\",\"target\":{\"@type\":\"EntryPoint\",\"urlTemplate\":\"https:\/\/teguar.com\/eu\/en\/?s={search_term_string}\"},\"query-input\":{\"@type\":\"PropertyValueSpecification\",\"valueRequired\":true,\"valueName\":\"search_term_string\"}}],\"inLanguage\":\"de\"}]}<\/script>\n<!-- \/ Yoast SEO Premium plugin. -->","yoast_head_json":{"title":"15\" Medizinischer Panel PC | TM-5010-15","description":"Der 15-Zoll-Core-i3\/i5\/i7-Computer von Teguar ist vollgepackt mit medizinisch spezifischen Funktionen. Dieser Krankenhauscomputer ist 60601-1 zertifiziert.","robots":{"index":"index","follow":"follow","max-snippet":"max-snippet:-1","max-image-preview":"max-image-preview:large","max-video-preview":"max-video-preview:-1"},"canonical":"https:\/\/teguar.com\/eu\/en\/product\/tm-5010-15\/","og_locale":"de_DE","og_type":"article","og_title":"TM-5010-15","og_description":"Der 15-Zoll-Core-i3\/i5\/i7-Computer von Teguar ist vollgepackt mit medizinisch spezifischen Funktionen. Dieser Krankenhauscomputer ist 60601-1 zertifiziert.","og_url":"https:\/\/teguar.com\/eu\/en\/product\/tm-5010-15\/","og_site_name":"Teguar","article_modified_time":"2025-11-20T16:42:01+00:00","og_image":[{"width":1000,"height":1000,"url":"https:\/\/teguar.com\/eu\/wp-content\/uploads\/sites\/2\/2020\/07\/15-inch-medical-aio-pc-tm-5010-15__76441.1595934857.1280.1280.jpg","type":"image\/jpeg"}],"twitter_card":"summary_large_image","twitter_misc":{"Gesch\u00e4tzte Lesezeit":"1\u00a0Minute"},"schema":{"@context":"https:\/\/schema.org","@graph":[{"@type":"WebPage","@id":"https:\/\/teguar.com\/eu\/en\/product\/tm-5010-15\/","url":"https:\/\/teguar.com\/eu\/en\/product\/tm-5010-15\/","name":"15\" Medizinischer Panel PC | TM-5010-15","isPartOf":{"@id":"https:\/\/teguar.com\/eu\/en\/#website"},"primaryImageOfPage":{"@id":"https:\/\/teguar.com\/eu\/en\/product\/tm-5010-15\/#primaryimage"},"image":{"@id":"https:\/\/teguar.com\/eu\/en\/product\/tm-5010-15\/#primaryimage"},"thumbnailUrl":"https:\/\/teguar.com\/eu\/wp-content\/uploads\/sites\/2\/2020\/07\/15-inch-medical-aio-pc-tm-5010-15__76441.1595934857.1280.1280.jpg","datePublished":"2025-06-24T14:20:21+00:00","dateModified":"2025-11-20T16:42:01+00:00","description":"Der 15-Zoll-Core-i3\/i5\/i7-Computer von Teguar ist vollgepackt mit medizinisch spezifischen Funktionen. Dieser Krankenhauscomputer ist 60601-1 zertifiziert.","breadcrumb":{"@id":"https:\/\/teguar.com\/eu\/en\/product\/tm-5010-15\/#breadcrumb"},"inLanguage":"de","potentialAction":[{"@type":"ReadAction","target":["https:\/\/teguar.com\/eu\/en\/product\/tm-5010-15\/"]}]},{"@type":"ImageObject","inLanguage":"de","@id":"https:\/\/teguar.com\/eu\/en\/product\/tm-5010-15\/#primaryimage","url":"https:\/\/teguar.com\/eu\/wp-content\/uploads\/sites\/2\/2020\/07\/15-inch-medical-aio-pc-tm-5010-15__76441.1595934857.1280.1280.jpg","contentUrl":"https:\/\/teguar.com\/eu\/wp-content\/uploads\/sites\/2\/2020\/07\/15-inch-medical-aio-pc-tm-5010-15__76441.1595934857.1280.1280.jpg","width":1000,"height":1000,"caption":"15\" Medical Panel PC | TM-5010-15"},{"@type":"BreadcrumbList","@id":"https:\/\/teguar.com\/eu\/en\/product\/tm-5010-15\/#breadcrumb","itemListElement":[{"@type":"ListItem","position":1,"name":"Home","item":"https:\/\/teguar.com\/eu\/de\/"},{"@type":"ListItem","position":2,"name":"TM-5010-15"}]},{"@type":"WebSite","@id":"https:\/\/teguar.com\/eu\/en\/#website","url":"https:\/\/teguar.com\/eu\/en\/","name":"Teguar","description":"Industrial PCs, Medical Computers, and Rugged Tablets","potentialAction":[{"@type":"SearchAction","target":{"@type":"EntryPoint","urlTemplate":"https:\/\/teguar.com\/eu\/en\/?s={search_term_string}"},"query-input":{"@type":"PropertyValueSpecification","valueRequired":true,"valueName":"search_term_string"}}],"inLanguage":"de"}]}},"_links":{"self":[{"href":"https:\/\/teguar.com\/eu\/de\/wp-json\/wp\/v2\/product\/2244998","targetHints":{"allow":["GET"]}}],"collection":[{"href":"https:\/\/teguar.com\/eu\/de\/wp-json\/wp\/v2\/product"}],"about":[{"href":"https:\/\/teguar.com\/eu\/de\/wp-json\/wp\/v2\/types\/product"}],"wp:featuredmedia":[{"embeddable":true,"href":"https:\/\/teguar.com\/eu\/de\/wp-json\/wp\/v2\/media\/2246112"}],"wp:attachment":[{"href":"https:\/\/teguar.com\/eu\/de\/wp-json\/wp\/v2\/media?parent=2244998"}],"wp:term":[{"taxonomy":"product_brand","embeddable":true,"href":"https:\/\/teguar.com\/eu\/de\/wp-json\/wp\/v2\/product_brand?post=2244998"},{"taxonomy":"product_cat","embeddable":true,"href":"https:\/\/teguar.com\/eu\/de\/wp-json\/wp\/v2\/product_cat?post=2244998"},{"taxonomy":"product_tag","embeddable":true,"href":"https:\/\/teguar.com\/eu\/de\/wp-json\/wp\/v2\/product_tag?post=2244998"},{"taxonomy":"product_label","embeddable":true,"href":"https:\/\/teguar.com\/eu\/de\/wp-json\/wp\/v2\/product_label?post=2244998"}],"curies":[{"name":"wp","href":"https:\/\/api.w.org\/{rel}","templated":true}]}}