{"id":2244997,"date":"2025-06-24T14:20:20","date_gmt":"2025-06-24T14:20:20","guid":{"rendered":"https:\/\/teguar.com\/eu\/product\/tm-5040-18\/"},"modified":"2025-11-20T16:43:06","modified_gmt":"2025-11-20T16:43:06","slug":"tm-5040-18","status":"publish","type":"product","link":"https:\/\/teguar.com\/eu\/de\/product\/tm-5040-18\/","title":{"rendered":"TM-5040-18"},"content":{"rendered":"<p>Der All-in-One-PC TM-5040-18 verf\u00fcgt \u00fcber ein gro\u00dfes 18,5-Zoll-Breitbild-Touchdisplay mit P-Cap. Die Vorderseite dieses PCs ist vollst\u00e4ndig b\u00fcndig, so dass sich kein Schmutz in Ecken und Ritzen ansammeln kann, und entspricht der Schutzklasse IP65, so dass er vor Spritzwasser und der t\u00e4glichen Reinigung mit medizinischen Reinigern gesch\u00fctzt ist. Mit dem Skylake Celeron\/i5-Prozessor und einem l\u00fcfterlosen K\u00fchlsystem ist dieses Ger\u00e4t bereit f\u00fcr den zuverl\u00e4ssigen Einsatz in jeder medizinischen oder pflegerischen Einrichtung. Der TM-5040-18 verf\u00fcgt \u00fcber antibakterielle Eigenschaften, um das Wachstum von Keimen zu stoppen. Er ist nach IEC 60601-1 4th Edition medizinisch zertifiziert und verf\u00fcgt \u00fcber isolierte RS232-, LAN- und USB-Anschl\u00fcsse, die eine St\u00f6rung anderer medizinischer Ger\u00e4te verhindern.<\/p>\n<p>*TPM 2.0 und Intel vPro nur mit Core i5 verf\u00fcgbar<\/p>\n","protected":false},"excerpt":{"rendered":"<p><a href=\"https:\/\/teguar.com\/eu\/point-of-care-computer\/\">Krankenhaus-Point-of-Care-Stationen:<\/a> Die medizinischen Computer der Serie TM-5040 sind ideal f\u00fcr hygienische Point-of-Care-Stationen in Krankenh\u00e4usern.<br \/>\n<br \/><a href=\"https:\/\/teguar.com\/eu\/medical-imaging-computer\/\">Medizinische Bildgebung und Diagnose:<\/a> Die Computer der Serie TM-5040 bieten eine nahtlose Integration mit Scannern und Druckern f\u00fcr die medizinische Bildgebung und Diagnose.<br \/>\n<br \/><a href=\"https:\/\/teguar.com\/eu\/telemedicine-computer\/\">Telemedizin und Patientenfern\u00fcberwachung:<\/a> Diese Computer bieten zuverl\u00e4ssige Leistung und Konnektivit\u00e4t f\u00fcr die Telemedizin und die Fern\u00fcberwachung von Patienten.<\/p>\n","protected":false},"featured_media":2246103,"template":"","meta":{"_acf_changed":false},"product_brand":[],"product_cat":[2828],"product_tag":[],"product_label":[],"class_list":{"0":"post-2244997","1":"product","2":"type-product","3":"status-publish","4":"has-post-thumbnail","6":"product_cat-industrieller-all-in-one-pc","7":"pa_windows-windows-10-iot","8":"pa_windows-windows-10-pro","10":"first","11":"outofstock","12":"taxable","13":"shipping-taxable","14":"purchasable","15":"product-type-simple"},"composite_virtual":false,"composite_layout":"","composite_add_to_cart_form_location":"","composite_editable_in_cart":false,"composite_sold_individually_context":"","composite_shop_price_calc":"","composite_components":[],"composite_scenarios":[],"acf":[],"yoast_head":"<!-- This site is optimized with the Yoast SEO Premium plugin v26.8 (Yoast SEO v27.2) - https:\/\/yoast.com\/product\/yoast-seo-premium-wordpress\/ -->\n<title>18,5&quot; Medizinischer Computer | TM-5040-18<\/title>\n<meta name=\"description\" content=\"Dieser medizinische PC verf\u00fcgt \u00fcber die neuesten medizinischen Zertifizierungen und einen 18,5-Zoll-Breitbild-Touchscreen. Die Front ist nach IP54 zertifiziert und das Geh\u00e4use ist antibakteriell.\" \/>\n<meta name=\"robots\" content=\"index, follow, max-snippet:-1, max-image-preview:large, max-video-preview:-1\" \/>\n<link rel=\"canonical\" href=\"https:\/\/teguar.com\/eu\/de\/product\/tm-5040-18\/\" \/>\n<meta property=\"og:locale\" content=\"de_DE\" \/>\n<meta property=\"og:type\" content=\"article\" \/>\n<meta property=\"og:title\" content=\"TM-5040-18\" \/>\n<meta property=\"og:description\" content=\"Dieser medizinische PC verf\u00fcgt \u00fcber die neuesten medizinischen Zertifizierungen und einen 18,5-Zoll-Breitbild-Touchscreen. Die Front ist nach IP54 zertifiziert und das Geh\u00e4use ist antibakteriell.\" \/>\n<meta property=\"og:url\" content=\"https:\/\/teguar.com\/eu\/de\/product\/tm-5040-18\/\" \/>\n<meta property=\"og:site_name\" content=\"Teguar\" \/>\n<meta property=\"article:modified_time\" content=\"2025-11-20T16:43:06+00:00\" \/>\n<meta property=\"og:image\" content=\"https:\/\/teguar.com\/eu\/wp-content\/uploads\/sites\/2\/2020\/07\/18-inch-healthcare-computer-tm-5040-18__01210.1595934869.1280.1280.jpg\" \/>\n\t<meta property=\"og:image:width\" content=\"1000\" \/>\n\t<meta property=\"og:image:height\" content=\"1000\" \/>\n\t<meta property=\"og:image:type\" content=\"image\/jpeg\" \/>\n<meta name=\"twitter:card\" content=\"summary_large_image\" \/>\n<meta name=\"twitter:label1\" content=\"Gesch\u00e4tzte Lesezeit\" \/>\n\t<meta name=\"twitter:data1\" content=\"1\u00a0Minute\" \/>\n<script type=\"application\/ld+json\" class=\"yoast-schema-graph\">{\"@context\":\"https:\/\/schema.org\",\"@graph\":[{\"@type\":\"WebPage\",\"@id\":\"https:\/\/teguar.com\/eu\/de\/product\/tm-5040-18\/\",\"url\":\"https:\/\/teguar.com\/eu\/de\/product\/tm-5040-18\/\",\"name\":\"18,5\\\" Medizinischer Computer | TM-5040-18\",\"isPartOf\":{\"@id\":\"https:\/\/teguar.com\/eu\/en\/#website\"},\"primaryImageOfPage\":{\"@id\":\"https:\/\/teguar.com\/eu\/de\/product\/tm-5040-18\/#primaryimage\"},\"image\":{\"@id\":\"https:\/\/teguar.com\/eu\/de\/product\/tm-5040-18\/#primaryimage\"},\"thumbnailUrl\":\"https:\/\/teguar.com\/eu\/wp-content\/uploads\/sites\/2\/2020\/07\/18-inch-healthcare-computer-tm-5040-18__01210.1595934869.1280.1280.jpg\",\"datePublished\":\"2025-06-24T14:20:20+00:00\",\"dateModified\":\"2025-11-20T16:43:06+00:00\",\"description\":\"Dieser medizinische PC verf\u00fcgt \u00fcber die neuesten medizinischen Zertifizierungen und einen 18,5-Zoll-Breitbild-Touchscreen. Die Front ist nach IP54 zertifiziert und das Geh\u00e4use ist antibakteriell.\",\"breadcrumb\":{\"@id\":\"https:\/\/teguar.com\/eu\/de\/product\/tm-5040-18\/#breadcrumb\"},\"inLanguage\":\"de\",\"potentialAction\":[{\"@type\":\"ReadAction\",\"target\":[\"https:\/\/teguar.com\/eu\/de\/product\/tm-5040-18\/\"]}]},{\"@type\":\"ImageObject\",\"inLanguage\":\"de\",\"@id\":\"https:\/\/teguar.com\/eu\/de\/product\/tm-5040-18\/#primaryimage\",\"url\":\"https:\/\/teguar.com\/eu\/wp-content\/uploads\/sites\/2\/2020\/07\/18-inch-healthcare-computer-tm-5040-18__01210.1595934869.1280.1280.jpg\",\"contentUrl\":\"https:\/\/teguar.com\/eu\/wp-content\/uploads\/sites\/2\/2020\/07\/18-inch-healthcare-computer-tm-5040-18__01210.1595934869.1280.1280.jpg\",\"width\":1000,\"height\":1000,\"caption\":\"18\\\" Medical Grade PC | TM-5040-18\"},{\"@type\":\"BreadcrumbList\",\"@id\":\"https:\/\/teguar.com\/eu\/de\/product\/tm-5040-18\/#breadcrumb\",\"itemListElement\":[{\"@type\":\"ListItem\",\"position\":1,\"name\":\"Home\",\"item\":\"https:\/\/teguar.com\/eu\/de\/\"},{\"@type\":\"ListItem\",\"position\":2,\"name\":\"TM-5040-18\"}]},{\"@type\":\"WebSite\",\"@id\":\"https:\/\/teguar.com\/eu\/en\/#website\",\"url\":\"https:\/\/teguar.com\/eu\/en\/\",\"name\":\"Teguar\",\"description\":\"Industrial PCs, Medical Computers, and Rugged Tablets\",\"potentialAction\":[{\"@type\":\"SearchAction\",\"target\":{\"@type\":\"EntryPoint\",\"urlTemplate\":\"https:\/\/teguar.com\/eu\/en\/?s={search_term_string}\"},\"query-input\":{\"@type\":\"PropertyValueSpecification\",\"valueRequired\":true,\"valueName\":\"search_term_string\"}}],\"inLanguage\":\"de\"}]}<\/script>\n<!-- \/ Yoast SEO Premium plugin. -->","yoast_head_json":{"title":"18,5\" Medizinischer Computer | TM-5040-18","description":"Dieser medizinische PC verf\u00fcgt \u00fcber die neuesten medizinischen Zertifizierungen und einen 18,5-Zoll-Breitbild-Touchscreen. Die Front ist nach IP54 zertifiziert und das Geh\u00e4use ist antibakteriell.","robots":{"index":"index","follow":"follow","max-snippet":"max-snippet:-1","max-image-preview":"max-image-preview:large","max-video-preview":"max-video-preview:-1"},"canonical":"https:\/\/teguar.com\/eu\/de\/product\/tm-5040-18\/","og_locale":"de_DE","og_type":"article","og_title":"TM-5040-18","og_description":"Dieser medizinische PC verf\u00fcgt \u00fcber die neuesten medizinischen Zertifizierungen und einen 18,5-Zoll-Breitbild-Touchscreen. Die Front ist nach IP54 zertifiziert und das Geh\u00e4use ist antibakteriell.","og_url":"https:\/\/teguar.com\/eu\/de\/product\/tm-5040-18\/","og_site_name":"Teguar","article_modified_time":"2025-11-20T16:43:06+00:00","og_image":[{"width":1000,"height":1000,"url":"https:\/\/teguar.com\/eu\/wp-content\/uploads\/sites\/2\/2020\/07\/18-inch-healthcare-computer-tm-5040-18__01210.1595934869.1280.1280.jpg","type":"image\/jpeg"}],"twitter_card":"summary_large_image","twitter_misc":{"Gesch\u00e4tzte Lesezeit":"1\u00a0Minute"},"schema":{"@context":"https:\/\/schema.org","@graph":[{"@type":"WebPage","@id":"https:\/\/teguar.com\/eu\/de\/product\/tm-5040-18\/","url":"https:\/\/teguar.com\/eu\/de\/product\/tm-5040-18\/","name":"18,5\" Medizinischer Computer | TM-5040-18","isPartOf":{"@id":"https:\/\/teguar.com\/eu\/en\/#website"},"primaryImageOfPage":{"@id":"https:\/\/teguar.com\/eu\/de\/product\/tm-5040-18\/#primaryimage"},"image":{"@id":"https:\/\/teguar.com\/eu\/de\/product\/tm-5040-18\/#primaryimage"},"thumbnailUrl":"https:\/\/teguar.com\/eu\/wp-content\/uploads\/sites\/2\/2020\/07\/18-inch-healthcare-computer-tm-5040-18__01210.1595934869.1280.1280.jpg","datePublished":"2025-06-24T14:20:20+00:00","dateModified":"2025-11-20T16:43:06+00:00","description":"Dieser medizinische PC verf\u00fcgt \u00fcber die neuesten medizinischen Zertifizierungen und einen 18,5-Zoll-Breitbild-Touchscreen. Die Front ist nach IP54 zertifiziert und das Geh\u00e4use ist antibakteriell.","breadcrumb":{"@id":"https:\/\/teguar.com\/eu\/de\/product\/tm-5040-18\/#breadcrumb"},"inLanguage":"de","potentialAction":[{"@type":"ReadAction","target":["https:\/\/teguar.com\/eu\/de\/product\/tm-5040-18\/"]}]},{"@type":"ImageObject","inLanguage":"de","@id":"https:\/\/teguar.com\/eu\/de\/product\/tm-5040-18\/#primaryimage","url":"https:\/\/teguar.com\/eu\/wp-content\/uploads\/sites\/2\/2020\/07\/18-inch-healthcare-computer-tm-5040-18__01210.1595934869.1280.1280.jpg","contentUrl":"https:\/\/teguar.com\/eu\/wp-content\/uploads\/sites\/2\/2020\/07\/18-inch-healthcare-computer-tm-5040-18__01210.1595934869.1280.1280.jpg","width":1000,"height":1000,"caption":"18\" Medical Grade PC | TM-5040-18"},{"@type":"BreadcrumbList","@id":"https:\/\/teguar.com\/eu\/de\/product\/tm-5040-18\/#breadcrumb","itemListElement":[{"@type":"ListItem","position":1,"name":"Home","item":"https:\/\/teguar.com\/eu\/de\/"},{"@type":"ListItem","position":2,"name":"TM-5040-18"}]},{"@type":"WebSite","@id":"https:\/\/teguar.com\/eu\/en\/#website","url":"https:\/\/teguar.com\/eu\/en\/","name":"Teguar","description":"Industrial PCs, Medical Computers, and Rugged Tablets","potentialAction":[{"@type":"SearchAction","target":{"@type":"EntryPoint","urlTemplate":"https:\/\/teguar.com\/eu\/en\/?s={search_term_string}"},"query-input":{"@type":"PropertyValueSpecification","valueRequired":true,"valueName":"search_term_string"}}],"inLanguage":"de"}]}},"_links":{"self":[{"href":"https:\/\/teguar.com\/eu\/de\/wp-json\/wp\/v2\/product\/2244997","targetHints":{"allow":["GET"]}}],"collection":[{"href":"https:\/\/teguar.com\/eu\/de\/wp-json\/wp\/v2\/product"}],"about":[{"href":"https:\/\/teguar.com\/eu\/de\/wp-json\/wp\/v2\/types\/product"}],"wp:featuredmedia":[{"embeddable":true,"href":"https:\/\/teguar.com\/eu\/de\/wp-json\/wp\/v2\/media\/2246103"}],"wp:attachment":[{"href":"https:\/\/teguar.com\/eu\/de\/wp-json\/wp\/v2\/media?parent=2244997"}],"wp:term":[{"taxonomy":"product_brand","embeddable":true,"href":"https:\/\/teguar.com\/eu\/de\/wp-json\/wp\/v2\/product_brand?post=2244997"},{"taxonomy":"product_cat","embeddable":true,"href":"https:\/\/teguar.com\/eu\/de\/wp-json\/wp\/v2\/product_cat?post=2244997"},{"taxonomy":"product_tag","embeddable":true,"href":"https:\/\/teguar.com\/eu\/de\/wp-json\/wp\/v2\/product_tag?post=2244997"},{"taxonomy":"product_label","embeddable":true,"href":"https:\/\/teguar.com\/eu\/de\/wp-json\/wp\/v2\/product_label?post=2244997"}],"curies":[{"name":"wp","href":"https:\/\/api.w.org\/{rel}","templated":true}]}}