{"id":2244993,"date":"2025-06-24T14:15:27","date_gmt":"2025-06-24T14:15:27","guid":{"rendered":"https:\/\/teguar.com\/eu\/product\/tp-2945-12\/"},"modified":"2025-11-20T16:46:41","modified_gmt":"2025-11-20T16:46:41","slug":"tp-2945-12","status":"publish","type":"product","link":"https:\/\/teguar.com\/eu\/de\/product\/tp-2945-12\/","title":{"rendered":"TP-2945-12"},"content":{"rendered":"<p>Der l\u00fcfterlose <a href=\"https:\/\/teguar.com\/eu\/de\/panel-pcs\/\">12-Zoll-Panel-PC<\/a> ist eine solide Erg\u00e4nzung f\u00fcr jede Werkstatt oder Produktionsst\u00e4tte. Das 12,1&#8243; gro\u00dfe, flache Touchscreen-Display erm\u00f6glicht eine einfache Interaktion mit der Betriebssoftware. Durch die Verwendung einer System-on-Chip (SoC)-Architektur kann dieses Ger\u00e4t eine starke CPU-Leistung bieten, ohne dabei viel Strom zu verbrauchen. Dieser l\u00fcfterlose Panel-PC ist mit industrietauglichen Solid-State-Komponenten ausgestattet und kann Arbeitsumgebungen mit Staub, Schmutz und Vibrationen problemlos standhalten. Das robuste Geh\u00e4use besteht aus widerstandsf\u00e4higem Aluminiumdruckguss und ist an der Vorderseite nach IP65 staub- und wasserdicht. F\u00fcr zus\u00e4tzliche Vielseitigkeit k\u00f6nnen Sie diesen Computer so konfigurieren, dass er \u00fcber ein Standard-Ethernetkabel (PoE) mit Strom versorgt wird, anstatt ein Gleichstromkabel zu verwenden.<\/p>\n","protected":false},"excerpt":{"rendered":"<p><a href=\"https:\/\/teguar.com\/eu\/de\/computer-fuer-die-industrielle-automatisierung\/\">Industrielle Automatisierung:<\/a> Die TP-2945 Serie kann in der Industrieautomatisierung eingesetzt werden, z.B. zur Maschinensteuerung, \u00dcberwachung von Produktionslinien und Datenerfassung.<\/p>\n<p><a href=\"https:\/\/teguar.com\/eu\/de\/computer-fuer-den-aussenbereich\/\">Outdoor-Umgebungen:<\/a> Diese robusten Panel-PCs mit wasserdichtem Frontrahmen nach IP66 eignen sich f\u00fcr den Einsatz im Freien, z. B. f\u00fcr Kioske, digitale Beschilderung und die \u00dcberwachung von Ger\u00e4ten im Freien.<\/p>\n<p><a href=\"https:\/\/teguar.com\/eu\/logistics-transportation-computer\/\">Transport und Logistik:<\/a> Die TP-2945 Serie kann dank ihrer Robustheit und PoE-F\u00e4higkeit in Transport- und Logistikumgebungen f\u00fcr Flottenmanagement, Fahrzeugverfolgung und Lagerverwaltung eingesetzt werden.<\/p>\n<p> *Interner<strong> Akku und PoE k\u00f6nnen nicht nebeneinander bestehen<\/strong><\/p>\n","protected":false},"featured_media":2246097,"template":"","meta":{"_acf_changed":false},"product_brand":[],"product_cat":[2839],"product_tag":[],"product_label":[],"class_list":{"0":"post-2244993","1":"product","2":"type-product","3":"status-publish","4":"has-post-thumbnail","6":"product_cat-panel-pcs","7":"pa_windows-windows-10-iot","8":"pa_windows-windows-10-pro","9":"pa_windows-windows-8-1-pro","11":"first","12":"outofstock","13":"taxable","14":"shipping-taxable","15":"purchasable","16":"product-type-simple"},"composite_virtual":false,"composite_layout":"","composite_add_to_cart_form_location":"","composite_editable_in_cart":false,"composite_sold_individually_context":"","composite_shop_price_calc":"","composite_components":[],"composite_scenarios":[],"acf":[],"yoast_head":"<!-- This site is optimized with the Yoast SEO Premium plugin v26.8 (Yoast SEO v27.2) - https:\/\/yoast.com\/product\/yoast-seo-premium-wordpress\/ -->\n<title>12&quot; l\u00fcfterloser Panel PC | TP-2945-12<\/title>\n<meta name=\"description\" content=\"Dieser l\u00fcfterlose Panel-PC ist mit industrietauglichen Solid-State-Komponenten ausgestattet und kann problemlos Arbeitsumgebungen mit Staub, Schmutz und Vibrationen standhalten.\" \/>\n<meta name=\"robots\" content=\"index, follow, max-snippet:-1, max-image-preview:large, max-video-preview:-1\" \/>\n<link rel=\"canonical\" href=\"https:\/\/teguar.com\/eu\/de\/product\/tp-2945-12\/\" \/>\n<meta property=\"og:locale\" content=\"de_DE\" \/>\n<meta property=\"og:type\" content=\"article\" \/>\n<meta property=\"og:title\" content=\"TP-2945-12\" \/>\n<meta property=\"og:description\" content=\"Dieser l\u00fcfterlose Panel-PC ist mit industrietauglichen Solid-State-Komponenten ausgestattet und kann problemlos Arbeitsumgebungen mit Staub, Schmutz und Vibrationen standhalten.\" \/>\n<meta property=\"og:url\" content=\"https:\/\/teguar.com\/eu\/de\/product\/tp-2945-12\/\" \/>\n<meta property=\"og:site_name\" content=\"Teguar\" \/>\n<meta property=\"article:modified_time\" content=\"2025-11-20T16:46:41+00:00\" \/>\n<meta property=\"og:image\" content=\"https:\/\/teguar.com\/eu\/wp-content\/uploads\/sites\/2\/2020\/07\/12-inch-industrial-pc_2__15576.1595934898.1280.1280.jpg\" \/>\n\t<meta property=\"og:image:width\" content=\"1000\" \/>\n\t<meta property=\"og:image:height\" content=\"1000\" \/>\n\t<meta property=\"og:image:type\" content=\"image\/jpeg\" \/>\n<meta name=\"twitter:card\" content=\"summary_large_image\" \/>\n<meta name=\"twitter:label1\" content=\"Gesch\u00e4tzte Lesezeit\" \/>\n\t<meta name=\"twitter:data1\" content=\"1\u00a0Minute\" \/>\n<script type=\"application\/ld+json\" class=\"yoast-schema-graph\">{\"@context\":\"https:\/\/schema.org\",\"@graph\":[{\"@type\":\"WebPage\",\"@id\":\"https:\/\/teguar.com\/eu\/de\/product\/tp-2945-12\/\",\"url\":\"https:\/\/teguar.com\/eu\/de\/product\/tp-2945-12\/\",\"name\":\"12\\\" l\u00fcfterloser Panel PC | TP-2945-12\",\"isPartOf\":{\"@id\":\"https:\/\/teguar.com\/eu\/en\/#website\"},\"primaryImageOfPage\":{\"@id\":\"https:\/\/teguar.com\/eu\/de\/product\/tp-2945-12\/#primaryimage\"},\"image\":{\"@id\":\"https:\/\/teguar.com\/eu\/de\/product\/tp-2945-12\/#primaryimage\"},\"thumbnailUrl\":\"https:\/\/teguar.com\/eu\/wp-content\/uploads\/sites\/2\/2020\/07\/12-inch-industrial-pc_2__15576.1595934898.1280.1280.jpg\",\"datePublished\":\"2025-06-24T14:15:27+00:00\",\"dateModified\":\"2025-11-20T16:46:41+00:00\",\"description\":\"Dieser l\u00fcfterlose Panel-PC ist mit industrietauglichen Solid-State-Komponenten ausgestattet und kann problemlos Arbeitsumgebungen mit Staub, Schmutz und Vibrationen standhalten.\",\"breadcrumb\":{\"@id\":\"https:\/\/teguar.com\/eu\/de\/product\/tp-2945-12\/#breadcrumb\"},\"inLanguage\":\"de\",\"potentialAction\":[{\"@type\":\"ReadAction\",\"target\":[\"https:\/\/teguar.com\/eu\/de\/product\/tp-2945-12\/\"]}]},{\"@type\":\"ImageObject\",\"inLanguage\":\"de\",\"@id\":\"https:\/\/teguar.com\/eu\/de\/product\/tp-2945-12\/#primaryimage\",\"url\":\"https:\/\/teguar.com\/eu\/wp-content\/uploads\/sites\/2\/2020\/07\/12-inch-industrial-pc_2__15576.1595934898.1280.1280.jpg\",\"contentUrl\":\"https:\/\/teguar.com\/eu\/wp-content\/uploads\/sites\/2\/2020\/07\/12-inch-industrial-pc_2__15576.1595934898.1280.1280.jpg\",\"width\":1000,\"height\":1000,\"caption\":\"12\\\" Industrial Panel PC | TP-2945-12\"},{\"@type\":\"BreadcrumbList\",\"@id\":\"https:\/\/teguar.com\/eu\/de\/product\/tp-2945-12\/#breadcrumb\",\"itemListElement\":[{\"@type\":\"ListItem\",\"position\":1,\"name\":\"Home\",\"item\":\"https:\/\/teguar.com\/eu\/de\/\"},{\"@type\":\"ListItem\",\"position\":2,\"name\":\"TP-2945-12\"}]},{\"@type\":\"WebSite\",\"@id\":\"https:\/\/teguar.com\/eu\/en\/#website\",\"url\":\"https:\/\/teguar.com\/eu\/en\/\",\"name\":\"Teguar\",\"description\":\"Industrial PCs, Medical Computers, and Rugged Tablets\",\"potentialAction\":[{\"@type\":\"SearchAction\",\"target\":{\"@type\":\"EntryPoint\",\"urlTemplate\":\"https:\/\/teguar.com\/eu\/en\/?s={search_term_string}\"},\"query-input\":{\"@type\":\"PropertyValueSpecification\",\"valueRequired\":true,\"valueName\":\"search_term_string\"}}],\"inLanguage\":\"de\"}]}<\/script>\n<!-- \/ Yoast SEO Premium plugin. -->","yoast_head_json":{"title":"12\" l\u00fcfterloser Panel PC | TP-2945-12","description":"Dieser l\u00fcfterlose Panel-PC ist mit industrietauglichen Solid-State-Komponenten ausgestattet und kann problemlos Arbeitsumgebungen mit Staub, Schmutz und Vibrationen standhalten.","robots":{"index":"index","follow":"follow","max-snippet":"max-snippet:-1","max-image-preview":"max-image-preview:large","max-video-preview":"max-video-preview:-1"},"canonical":"https:\/\/teguar.com\/eu\/de\/product\/tp-2945-12\/","og_locale":"de_DE","og_type":"article","og_title":"TP-2945-12","og_description":"Dieser l\u00fcfterlose Panel-PC ist mit industrietauglichen Solid-State-Komponenten ausgestattet und kann problemlos Arbeitsumgebungen mit Staub, Schmutz und Vibrationen standhalten.","og_url":"https:\/\/teguar.com\/eu\/de\/product\/tp-2945-12\/","og_site_name":"Teguar","article_modified_time":"2025-11-20T16:46:41+00:00","og_image":[{"width":1000,"height":1000,"url":"https:\/\/teguar.com\/eu\/wp-content\/uploads\/sites\/2\/2020\/07\/12-inch-industrial-pc_2__15576.1595934898.1280.1280.jpg","type":"image\/jpeg"}],"twitter_card":"summary_large_image","twitter_misc":{"Gesch\u00e4tzte Lesezeit":"1\u00a0Minute"},"schema":{"@context":"https:\/\/schema.org","@graph":[{"@type":"WebPage","@id":"https:\/\/teguar.com\/eu\/de\/product\/tp-2945-12\/","url":"https:\/\/teguar.com\/eu\/de\/product\/tp-2945-12\/","name":"12\" l\u00fcfterloser Panel PC | TP-2945-12","isPartOf":{"@id":"https:\/\/teguar.com\/eu\/en\/#website"},"primaryImageOfPage":{"@id":"https:\/\/teguar.com\/eu\/de\/product\/tp-2945-12\/#primaryimage"},"image":{"@id":"https:\/\/teguar.com\/eu\/de\/product\/tp-2945-12\/#primaryimage"},"thumbnailUrl":"https:\/\/teguar.com\/eu\/wp-content\/uploads\/sites\/2\/2020\/07\/12-inch-industrial-pc_2__15576.1595934898.1280.1280.jpg","datePublished":"2025-06-24T14:15:27+00:00","dateModified":"2025-11-20T16:46:41+00:00","description":"Dieser l\u00fcfterlose Panel-PC ist mit industrietauglichen Solid-State-Komponenten ausgestattet und kann problemlos Arbeitsumgebungen mit Staub, Schmutz und Vibrationen standhalten.","breadcrumb":{"@id":"https:\/\/teguar.com\/eu\/de\/product\/tp-2945-12\/#breadcrumb"},"inLanguage":"de","potentialAction":[{"@type":"ReadAction","target":["https:\/\/teguar.com\/eu\/de\/product\/tp-2945-12\/"]}]},{"@type":"ImageObject","inLanguage":"de","@id":"https:\/\/teguar.com\/eu\/de\/product\/tp-2945-12\/#primaryimage","url":"https:\/\/teguar.com\/eu\/wp-content\/uploads\/sites\/2\/2020\/07\/12-inch-industrial-pc_2__15576.1595934898.1280.1280.jpg","contentUrl":"https:\/\/teguar.com\/eu\/wp-content\/uploads\/sites\/2\/2020\/07\/12-inch-industrial-pc_2__15576.1595934898.1280.1280.jpg","width":1000,"height":1000,"caption":"12\" Industrial Panel PC | TP-2945-12"},{"@type":"BreadcrumbList","@id":"https:\/\/teguar.com\/eu\/de\/product\/tp-2945-12\/#breadcrumb","itemListElement":[{"@type":"ListItem","position":1,"name":"Home","item":"https:\/\/teguar.com\/eu\/de\/"},{"@type":"ListItem","position":2,"name":"TP-2945-12"}]},{"@type":"WebSite","@id":"https:\/\/teguar.com\/eu\/en\/#website","url":"https:\/\/teguar.com\/eu\/en\/","name":"Teguar","description":"Industrial PCs, Medical Computers, and Rugged Tablets","potentialAction":[{"@type":"SearchAction","target":{"@type":"EntryPoint","urlTemplate":"https:\/\/teguar.com\/eu\/en\/?s={search_term_string}"},"query-input":{"@type":"PropertyValueSpecification","valueRequired":true,"valueName":"search_term_string"}}],"inLanguage":"de"}]}},"_links":{"self":[{"href":"https:\/\/teguar.com\/eu\/de\/wp-json\/wp\/v2\/product\/2244993","targetHints":{"allow":["GET"]}}],"collection":[{"href":"https:\/\/teguar.com\/eu\/de\/wp-json\/wp\/v2\/product"}],"about":[{"href":"https:\/\/teguar.com\/eu\/de\/wp-json\/wp\/v2\/types\/product"}],"wp:featuredmedia":[{"embeddable":true,"href":"https:\/\/teguar.com\/eu\/de\/wp-json\/wp\/v2\/media\/2246097"}],"wp:attachment":[{"href":"https:\/\/teguar.com\/eu\/de\/wp-json\/wp\/v2\/media?parent=2244993"}],"wp:term":[{"taxonomy":"product_brand","embeddable":true,"href":"https:\/\/teguar.com\/eu\/de\/wp-json\/wp\/v2\/product_brand?post=2244993"},{"taxonomy":"product_cat","embeddable":true,"href":"https:\/\/teguar.com\/eu\/de\/wp-json\/wp\/v2\/product_cat?post=2244993"},{"taxonomy":"product_tag","embeddable":true,"href":"https:\/\/teguar.com\/eu\/de\/wp-json\/wp\/v2\/product_tag?post=2244993"},{"taxonomy":"product_label","embeddable":true,"href":"https:\/\/teguar.com\/eu\/de\/wp-json\/wp\/v2\/product_label?post=2244993"}],"curies":[{"name":"wp","href":"https:\/\/api.w.org\/{rel}","templated":true}]}}