{"id":2244988,"date":"2025-06-24T14:15:26","date_gmt":"2025-06-24T14:15:26","guid":{"rendered":"https:\/\/teguar.com\/eu\/product\/tp-4010-15aio\/"},"modified":"2025-11-13T16:26:28","modified_gmt":"2025-11-13T16:26:28","slug":"tp-4010-15aio","status":"publish","type":"product","link":"https:\/\/teguar.com\/eu\/de\/product\/tp-4010-15aio\/","title":{"rendered":"TP-4010-15AIO"},"content":{"rendered":"<p>Der l\u00fcfterlose All-in-One-Industrie-Panel-PC TP-4010-15AIO verf\u00fcgt \u00fcber einen 15-Zoll-Resistiv-Touchscreen mit IP66-zertifizierter Frontblende. Dieses f\u00fcr den kosteng\u00fcnstigen Betrieb konzipierte Ger\u00e4t verwendet eine Bay Trail Quad-Core J1900 CPU und eine System-on-Chip (SoC) Architektur. Das Modell TP-4010-15AIO nutzt die Vorteile eines passiven K\u00fchlk\u00f6rpers, der den Einsatz von L\u00fcftern zur K\u00fchlung des Ger\u00e4ts \u00fcberfl\u00fcssig macht. Die Vielseitigkeit dieses Ger\u00e4ts zeigt sich auch darin, dass es f\u00fcr eine schnelle Integration in Ihren Betrieb am Panel oder an der VESA montiert werden kann.   <\/p>\n","protected":false},"excerpt":{"rendered":"<p>Der TP-4010-15AIO hat einen 15&#8243; resistiven Touchscreen mit IP66-zertifizierter Frontblende. Dieser kosteng\u00fcnstige All-in-One-Computer l\u00e4uft mit einer Bay Trail Quad-Core J1900 CPU. <\/p>\n","protected":false},"featured_media":2246083,"template":"","meta":{"_acf_changed":false},"product_brand":[],"product_cat":[2839],"product_tag":[],"product_label":[],"class_list":{"0":"post-2244988","1":"product","2":"type-product","3":"status-publish","4":"has-post-thumbnail","6":"product_cat-panel-pcs","7":"pa_windows-windows-10-iot","8":"pa_windows-windows-10-pro","9":"pa_windows-windows-8-1-pro","11":"first","12":"instock","13":"taxable","14":"shipping-taxable","15":"purchasable","16":"product-type-simple"},"composite_virtual":false,"composite_layout":"","composite_add_to_cart_form_location":"","composite_editable_in_cart":false,"composite_sold_individually_context":"","composite_shop_price_calc":"","composite_components":[],"composite_scenarios":[],"acf":[],"yoast_head":"<!-- This site is optimized with the Yoast SEO Premium plugin v26.8 (Yoast SEO v27.2) - https:\/\/yoast.com\/product\/yoast-seo-premium-wordpress\/ -->\n<title>15&quot; All-in-One Industrie-PC | TP-4010-15AIO<\/title>\n<meta name=\"description\" content=\"Dieser kosteng\u00fcnstige Panel PC verwendet eine Bay Trail Quad-Core J1900 CPU und eine passive K\u00fchlk\u00f6rperw\u00e4rmel\u00f6sung. Er hat einen 15-Zoll-Touchscreen.\" \/>\n<meta name=\"robots\" content=\"index, follow, max-snippet:-1, max-image-preview:large, max-video-preview:-1\" \/>\n<link rel=\"canonical\" href=\"https:\/\/teguar.com\/eu\/de\/product\/tp-4010-15aio\/\" \/>\n<meta property=\"og:locale\" content=\"de_DE\" \/>\n<meta property=\"og:type\" content=\"article\" \/>\n<meta property=\"og:title\" content=\"TP-4010-15AIO\" \/>\n<meta property=\"og:description\" content=\"Dieser kosteng\u00fcnstige Panel PC verwendet eine Bay Trail Quad-Core J1900 CPU und eine passive K\u00fchlk\u00f6rperw\u00e4rmel\u00f6sung. Er hat einen 15-Zoll-Touchscreen.\" \/>\n<meta property=\"og:url\" content=\"https:\/\/teguar.com\/eu\/de\/product\/tp-4010-15aio\/\" \/>\n<meta property=\"og:site_name\" content=\"Teguar\" \/>\n<meta property=\"article:modified_time\" content=\"2025-11-13T16:26:28+00:00\" \/>\n<meta property=\"og:image\" content=\"https:\/\/teguar.com\/eu\/wp-content\/uploads\/sites\/2\/2020\/07\/TP-4010-15AIO__64415.1597769904.1280.1280.jpg\" \/>\n\t<meta property=\"og:image:width\" content=\"1000\" \/>\n\t<meta property=\"og:image:height\" content=\"1000\" \/>\n\t<meta property=\"og:image:type\" content=\"image\/jpeg\" \/>\n<meta name=\"twitter:card\" content=\"summary_large_image\" \/>\n<script type=\"application\/ld+json\" class=\"yoast-schema-graph\">{\"@context\":\"https:\/\/schema.org\",\"@graph\":[{\"@type\":\"WebPage\",\"@id\":\"https:\/\/teguar.com\/eu\/de\/product\/tp-4010-15aio\/\",\"url\":\"https:\/\/teguar.com\/eu\/de\/product\/tp-4010-15aio\/\",\"name\":\"15\\\" All-in-One Industrie-PC | TP-4010-15AIO\",\"isPartOf\":{\"@id\":\"https:\/\/teguar.com\/eu\/en\/#website\"},\"primaryImageOfPage\":{\"@id\":\"https:\/\/teguar.com\/eu\/de\/product\/tp-4010-15aio\/#primaryimage\"},\"image\":{\"@id\":\"https:\/\/teguar.com\/eu\/de\/product\/tp-4010-15aio\/#primaryimage\"},\"thumbnailUrl\":\"https:\/\/teguar.com\/eu\/wp-content\/uploads\/sites\/2\/2020\/07\/TP-4010-15AIO__64415.1597769904.1280.1280.jpg\",\"datePublished\":\"2025-06-24T14:15:26+00:00\",\"dateModified\":\"2025-11-13T16:26:28+00:00\",\"description\":\"Dieser kosteng\u00fcnstige Panel PC verwendet eine Bay Trail Quad-Core J1900 CPU und eine passive K\u00fchlk\u00f6rperw\u00e4rmel\u00f6sung. Er hat einen 15-Zoll-Touchscreen.\",\"breadcrumb\":{\"@id\":\"https:\/\/teguar.com\/eu\/de\/product\/tp-4010-15aio\/#breadcrumb\"},\"inLanguage\":\"de\",\"potentialAction\":[{\"@type\":\"ReadAction\",\"target\":[\"https:\/\/teguar.com\/eu\/de\/product\/tp-4010-15aio\/\"]}]},{\"@type\":\"ImageObject\",\"inLanguage\":\"de\",\"@id\":\"https:\/\/teguar.com\/eu\/de\/product\/tp-4010-15aio\/#primaryimage\",\"url\":\"https:\/\/teguar.com\/eu\/wp-content\/uploads\/sites\/2\/2020\/07\/TP-4010-15AIO__64415.1597769904.1280.1280.jpg\",\"contentUrl\":\"https:\/\/teguar.com\/eu\/wp-content\/uploads\/sites\/2\/2020\/07\/TP-4010-15AIO__64415.1597769904.1280.1280.jpg\",\"width\":1000,\"height\":1000,\"caption\":\"TP-4010-15AIO Panel PC\"},{\"@type\":\"BreadcrumbList\",\"@id\":\"https:\/\/teguar.com\/eu\/de\/product\/tp-4010-15aio\/#breadcrumb\",\"itemListElement\":[{\"@type\":\"ListItem\",\"position\":1,\"name\":\"Home\",\"item\":\"https:\/\/teguar.com\/eu\/de\/\"},{\"@type\":\"ListItem\",\"position\":2,\"name\":\"TP-4010-15AIO\"}]},{\"@type\":\"WebSite\",\"@id\":\"https:\/\/teguar.com\/eu\/en\/#website\",\"url\":\"https:\/\/teguar.com\/eu\/en\/\",\"name\":\"Teguar\",\"description\":\"Industrial PCs, Medical Computers, and Rugged Tablets\",\"potentialAction\":[{\"@type\":\"SearchAction\",\"target\":{\"@type\":\"EntryPoint\",\"urlTemplate\":\"https:\/\/teguar.com\/eu\/en\/?s={search_term_string}\"},\"query-input\":{\"@type\":\"PropertyValueSpecification\",\"valueRequired\":true,\"valueName\":\"search_term_string\"}}],\"inLanguage\":\"de\"}]}<\/script>\n<!-- \/ Yoast SEO Premium plugin. -->","yoast_head_json":{"title":"15\" All-in-One Industrie-PC | TP-4010-15AIO","description":"Dieser kosteng\u00fcnstige Panel PC verwendet eine Bay Trail Quad-Core J1900 CPU und eine passive K\u00fchlk\u00f6rperw\u00e4rmel\u00f6sung. Er hat einen 15-Zoll-Touchscreen.","robots":{"index":"index","follow":"follow","max-snippet":"max-snippet:-1","max-image-preview":"max-image-preview:large","max-video-preview":"max-video-preview:-1"},"canonical":"https:\/\/teguar.com\/eu\/de\/product\/tp-4010-15aio\/","og_locale":"de_DE","og_type":"article","og_title":"TP-4010-15AIO","og_description":"Dieser kosteng\u00fcnstige Panel PC verwendet eine Bay Trail Quad-Core J1900 CPU und eine passive K\u00fchlk\u00f6rperw\u00e4rmel\u00f6sung. Er hat einen 15-Zoll-Touchscreen.","og_url":"https:\/\/teguar.com\/eu\/de\/product\/tp-4010-15aio\/","og_site_name":"Teguar","article_modified_time":"2025-11-13T16:26:28+00:00","og_image":[{"width":1000,"height":1000,"url":"https:\/\/teguar.com\/eu\/wp-content\/uploads\/sites\/2\/2020\/07\/TP-4010-15AIO__64415.1597769904.1280.1280.jpg","type":"image\/jpeg"}],"twitter_card":"summary_large_image","schema":{"@context":"https:\/\/schema.org","@graph":[{"@type":"WebPage","@id":"https:\/\/teguar.com\/eu\/de\/product\/tp-4010-15aio\/","url":"https:\/\/teguar.com\/eu\/de\/product\/tp-4010-15aio\/","name":"15\" All-in-One Industrie-PC | TP-4010-15AIO","isPartOf":{"@id":"https:\/\/teguar.com\/eu\/en\/#website"},"primaryImageOfPage":{"@id":"https:\/\/teguar.com\/eu\/de\/product\/tp-4010-15aio\/#primaryimage"},"image":{"@id":"https:\/\/teguar.com\/eu\/de\/product\/tp-4010-15aio\/#primaryimage"},"thumbnailUrl":"https:\/\/teguar.com\/eu\/wp-content\/uploads\/sites\/2\/2020\/07\/TP-4010-15AIO__64415.1597769904.1280.1280.jpg","datePublished":"2025-06-24T14:15:26+00:00","dateModified":"2025-11-13T16:26:28+00:00","description":"Dieser kosteng\u00fcnstige Panel PC verwendet eine Bay Trail Quad-Core J1900 CPU und eine passive K\u00fchlk\u00f6rperw\u00e4rmel\u00f6sung. Er hat einen 15-Zoll-Touchscreen.","breadcrumb":{"@id":"https:\/\/teguar.com\/eu\/de\/product\/tp-4010-15aio\/#breadcrumb"},"inLanguage":"de","potentialAction":[{"@type":"ReadAction","target":["https:\/\/teguar.com\/eu\/de\/product\/tp-4010-15aio\/"]}]},{"@type":"ImageObject","inLanguage":"de","@id":"https:\/\/teguar.com\/eu\/de\/product\/tp-4010-15aio\/#primaryimage","url":"https:\/\/teguar.com\/eu\/wp-content\/uploads\/sites\/2\/2020\/07\/TP-4010-15AIO__64415.1597769904.1280.1280.jpg","contentUrl":"https:\/\/teguar.com\/eu\/wp-content\/uploads\/sites\/2\/2020\/07\/TP-4010-15AIO__64415.1597769904.1280.1280.jpg","width":1000,"height":1000,"caption":"TP-4010-15AIO Panel PC"},{"@type":"BreadcrumbList","@id":"https:\/\/teguar.com\/eu\/de\/product\/tp-4010-15aio\/#breadcrumb","itemListElement":[{"@type":"ListItem","position":1,"name":"Home","item":"https:\/\/teguar.com\/eu\/de\/"},{"@type":"ListItem","position":2,"name":"TP-4010-15AIO"}]},{"@type":"WebSite","@id":"https:\/\/teguar.com\/eu\/en\/#website","url":"https:\/\/teguar.com\/eu\/en\/","name":"Teguar","description":"Industrial PCs, Medical Computers, and Rugged Tablets","potentialAction":[{"@type":"SearchAction","target":{"@type":"EntryPoint","urlTemplate":"https:\/\/teguar.com\/eu\/en\/?s={search_term_string}"},"query-input":{"@type":"PropertyValueSpecification","valueRequired":true,"valueName":"search_term_string"}}],"inLanguage":"de"}]}},"_links":{"self":[{"href":"https:\/\/teguar.com\/eu\/de\/wp-json\/wp\/v2\/product\/2244988","targetHints":{"allow":["GET"]}}],"collection":[{"href":"https:\/\/teguar.com\/eu\/de\/wp-json\/wp\/v2\/product"}],"about":[{"href":"https:\/\/teguar.com\/eu\/de\/wp-json\/wp\/v2\/types\/product"}],"wp:featuredmedia":[{"embeddable":true,"href":"https:\/\/teguar.com\/eu\/de\/wp-json\/wp\/v2\/media\/2246083"}],"wp:attachment":[{"href":"https:\/\/teguar.com\/eu\/de\/wp-json\/wp\/v2\/media?parent=2244988"}],"wp:term":[{"taxonomy":"product_brand","embeddable":true,"href":"https:\/\/teguar.com\/eu\/de\/wp-json\/wp\/v2\/product_brand?post=2244988"},{"taxonomy":"product_cat","embeddable":true,"href":"https:\/\/teguar.com\/eu\/de\/wp-json\/wp\/v2\/product_cat?post=2244988"},{"taxonomy":"product_tag","embeddable":true,"href":"https:\/\/teguar.com\/eu\/de\/wp-json\/wp\/v2\/product_tag?post=2244988"},{"taxonomy":"product_label","embeddable":true,"href":"https:\/\/teguar.com\/eu\/de\/wp-json\/wp\/v2\/product_label?post=2244988"}],"curies":[{"name":"wp","href":"https:\/\/api.w.org\/{rel}","templated":true}]}}