{"id":2244985,"date":"2025-06-24T14:15:27","date_gmt":"2025-06-24T14:15:27","guid":{"rendered":"https:\/\/teguar.com\/eu\/product\/tp-2945-07\/"},"modified":"2025-11-20T16:46:18","modified_gmt":"2025-11-20T16:46:18","slug":"tp-2945-07","status":"publish","type":"product","link":"https:\/\/teguar.com\/eu\/de\/product\/tp-2945-07\/","title":{"rendered":"TP-2945-07"},"content":{"rendered":"<p>Der l\u00fcfterlose <a href=\"https:\/\/teguar.com\/eu\/de\/panel-pcs\/\">7-Zoll-Panel-PC<\/a> ist ein \u00e4u\u00dferst robuster, sehr kompakter, l\u00fcfterloser Touchscreen-Computer. Dieser industrietaugliche PC ist ideal f\u00fcr die \u00dcberwachung von Metriken f\u00fcr Ihr SCADA-Programm (Supervisory Control and Data Acquisition) oder als Check-in-Station f\u00fcr Mitarbeiter geeignet. Das 7&#8243; gro\u00dfe, flache Touchscreen-Panel ist widerstandsf\u00e4higer als Touchscreens f\u00fcr den Endverbraucher und kann auch in stark frequentierten Bereichen eingesetzt werden. Der TP-2945-07 verf\u00fcgt \u00fcber ein zug\u00e4ngliches Staufach auf der R\u00fcckseite und acht Ein- und Ausg\u00e4nge, die sauber unter dem Panel verstaut sind. Alle Komponenten sind industrietauglich und das Geh\u00e4use ist aus Aluminiumdruckguss gefertigt. Dank des SoC-Chipsatzes wird der Stromverbrauch auf ein absolutes Minimum reduziert. Die IP66-Einstufung der Vorderseite gibt Ihnen die Gewissheit, dass der TP-2945-07 dem Kontakt mit Wasser, Staub und Partikeln standh\u00e4lt, die einfach abgewischt werden k\u00f6nnen. Dieser l\u00fcfterlose Panel-PC ist eine zuverl\u00e4ssige und preisg\u00fcnstige Wahl.<\/p>\n","protected":false},"excerpt":{"rendered":"<p><a href=\"https:\/\/teguar.com\/eu\/de\/computer-fuer-die-industrielle-automatisierung\/\">Industrielle Automatisierung:<\/a> Die TP-2945 Serie kann in der Industrieautomatisierung eingesetzt werden, z.B. zur Maschinensteuerung, \u00dcberwachung von Produktionslinien und Datenerfassung.<\/p>\n<p><a href=\"https:\/\/teguar.com\/eu\/de\/computer-fuer-den-aussenbereich\/\">Outdoor-Umgebungen:<\/a> Diese robusten Panel-PCs mit wasserdichtem Frontrahmen nach IP66 eignen sich f\u00fcr den Einsatz im Freien, z. B. f\u00fcr Kioske, digitale Beschilderung und die \u00dcberwachung von Ger\u00e4ten im Freien.<\/p>\n<p><a href=\"https:\/\/teguar.com\/eu\/logistics-transportation-computer\/\">Transport und Logistik:<\/a> Die TP-2945 Serie kann dank ihrer Robustheit und PoE-F\u00e4higkeit in Transport- und Logistikumgebungen f\u00fcr Flottenmanagement, Fahrzeugverfolgung und Lagerverwaltung eingesetzt werden.<\/p>\n","protected":false},"featured_media":2246956,"template":"","meta":{"_acf_changed":false},"product_brand":[],"product_cat":[2839],"product_tag":[],"product_label":[],"class_list":{"0":"post-2244985","1":"product","2":"type-product","3":"status-publish","4":"has-post-thumbnail","6":"product_cat-panel-pcs","7":"pa_windows-windows-10-iot","8":"pa_windows-windows-10-pro","9":"pa_windows-windows-7-pro","10":"pa_windows-windows-8-1-pro","12":"first","13":"outofstock","14":"taxable","15":"shipping-taxable","16":"purchasable","17":"product-type-simple"},"composite_virtual":false,"composite_layout":"","composite_add_to_cart_form_location":"","composite_editable_in_cart":false,"composite_sold_individually_context":"","composite_shop_price_calc":"","composite_components":[],"composite_scenarios":[],"acf":[],"yoast_head":"<!-- This site is optimized with the Yoast SEO Premium plugin v26.8 (Yoast SEO v27.2) - https:\/\/yoast.com\/product\/yoast-seo-premium-wordpress\/ -->\n<title>7&quot; l\u00fcfterloser Panel PC | TP-2945-07<\/title>\n<meta name=\"description\" content=\"Der TP-2945-07 ist ein kosteng\u00fcnstiger und robuster Touchscreen-Panel-PC. Er hat eine IP66-gesch\u00fctzte Frontblende. Dieser kompakte Industrie-PC ist ideal f\u00fcr die Fertigung.\" \/>\n<meta name=\"robots\" content=\"index, follow, max-snippet:-1, max-image-preview:large, max-video-preview:-1\" \/>\n<link rel=\"canonical\" href=\"https:\/\/teguar.com\/eu\/de\/product\/tp-2945-07\/\" \/>\n<meta property=\"og:locale\" content=\"de_DE\" \/>\n<meta property=\"og:type\" content=\"article\" \/>\n<meta property=\"og:title\" content=\"TP-2945-07\" \/>\n<meta property=\"og:description\" content=\"Der TP-2945-07 ist ein kosteng\u00fcnstiger und robuster Touchscreen-Panel-PC. Er hat eine IP66-gesch\u00fctzte Frontblende. Dieser kompakte Industrie-PC ist ideal f\u00fcr die Fertigung.\" \/>\n<meta property=\"og:url\" content=\"https:\/\/teguar.com\/eu\/de\/product\/tp-2945-07\/\" \/>\n<meta property=\"og:site_name\" content=\"Teguar\" \/>\n<meta property=\"article:modified_time\" content=\"2025-11-20T16:46:18+00:00\" \/>\n<meta property=\"og:image\" content=\"https:\/\/teguar.com\/eu\/wp-content\/uploads\/sites\/2\/2020\/07\/7-inch-panel-pc_5__04533.1595934894.1280.1280.jpg\" \/>\n\t<meta property=\"og:image:width\" content=\"1000\" \/>\n\t<meta property=\"og:image:height\" content=\"1000\" \/>\n\t<meta property=\"og:image:type\" content=\"image\/jpeg\" \/>\n<meta name=\"twitter:card\" content=\"summary_large_image\" \/>\n<meta name=\"twitter:label1\" content=\"Gesch\u00e4tzte Lesezeit\" \/>\n\t<meta name=\"twitter:data1\" content=\"1\u00a0Minute\" \/>\n<script type=\"application\/ld+json\" class=\"yoast-schema-graph\">{\"@context\":\"https:\/\/schema.org\",\"@graph\":[{\"@type\":\"WebPage\",\"@id\":\"https:\/\/teguar.com\/eu\/de\/product\/tp-2945-07\/\",\"url\":\"https:\/\/teguar.com\/eu\/de\/product\/tp-2945-07\/\",\"name\":\"7\\\" l\u00fcfterloser Panel PC | TP-2945-07\",\"isPartOf\":{\"@id\":\"https:\/\/teguar.com\/eu\/en\/#website\"},\"primaryImageOfPage\":{\"@id\":\"https:\/\/teguar.com\/eu\/de\/product\/tp-2945-07\/#primaryimage\"},\"image\":{\"@id\":\"https:\/\/teguar.com\/eu\/de\/product\/tp-2945-07\/#primaryimage\"},\"thumbnailUrl\":\"https:\/\/teguar.com\/eu\/wp-content\/uploads\/sites\/2\/2020\/07\/7-inch-panel-pc_5__04533.1595934894.1280.1280.jpg\",\"datePublished\":\"2025-06-24T14:15:27+00:00\",\"dateModified\":\"2025-11-20T16:46:18+00:00\",\"description\":\"Der TP-2945-07 ist ein kosteng\u00fcnstiger und robuster Touchscreen-Panel-PC. Er hat eine IP66-gesch\u00fctzte Frontblende. Dieser kompakte Industrie-PC ist ideal f\u00fcr die Fertigung.\",\"breadcrumb\":{\"@id\":\"https:\/\/teguar.com\/eu\/de\/product\/tp-2945-07\/#breadcrumb\"},\"inLanguage\":\"de\",\"potentialAction\":[{\"@type\":\"ReadAction\",\"target\":[\"https:\/\/teguar.com\/eu\/de\/product\/tp-2945-07\/\"]}]},{\"@type\":\"ImageObject\",\"inLanguage\":\"de\",\"@id\":\"https:\/\/teguar.com\/eu\/de\/product\/tp-2945-07\/#primaryimage\",\"url\":\"https:\/\/teguar.com\/eu\/wp-content\/uploads\/sites\/2\/2020\/07\/7-inch-panel-pc_5__04533.1595934894.1280.1280.jpg\",\"contentUrl\":\"https:\/\/teguar.com\/eu\/wp-content\/uploads\/sites\/2\/2020\/07\/7-inch-panel-pc_5__04533.1595934894.1280.1280.jpg\",\"width\":1000,\"height\":1000,\"caption\":\"7\\\" Industrial Touchscreen PC | TP-2945-07\"},{\"@type\":\"BreadcrumbList\",\"@id\":\"https:\/\/teguar.com\/eu\/de\/product\/tp-2945-07\/#breadcrumb\",\"itemListElement\":[{\"@type\":\"ListItem\",\"position\":1,\"name\":\"Home\",\"item\":\"https:\/\/teguar.com\/eu\/de\/\"},{\"@type\":\"ListItem\",\"position\":2,\"name\":\"TP-2945-07\"}]},{\"@type\":\"WebSite\",\"@id\":\"https:\/\/teguar.com\/eu\/en\/#website\",\"url\":\"https:\/\/teguar.com\/eu\/en\/\",\"name\":\"Teguar\",\"description\":\"Industrial PCs, Medical Computers, and Rugged Tablets\",\"potentialAction\":[{\"@type\":\"SearchAction\",\"target\":{\"@type\":\"EntryPoint\",\"urlTemplate\":\"https:\/\/teguar.com\/eu\/en\/?s={search_term_string}\"},\"query-input\":{\"@type\":\"PropertyValueSpecification\",\"valueRequired\":true,\"valueName\":\"search_term_string\"}}],\"inLanguage\":\"de\"}]}<\/script>\n<!-- \/ Yoast SEO Premium plugin. -->","yoast_head_json":{"title":"7\" l\u00fcfterloser Panel PC | TP-2945-07","description":"Der TP-2945-07 ist ein kosteng\u00fcnstiger und robuster Touchscreen-Panel-PC. Er hat eine IP66-gesch\u00fctzte Frontblende. Dieser kompakte Industrie-PC ist ideal f\u00fcr die Fertigung.","robots":{"index":"index","follow":"follow","max-snippet":"max-snippet:-1","max-image-preview":"max-image-preview:large","max-video-preview":"max-video-preview:-1"},"canonical":"https:\/\/teguar.com\/eu\/de\/product\/tp-2945-07\/","og_locale":"de_DE","og_type":"article","og_title":"TP-2945-07","og_description":"Der TP-2945-07 ist ein kosteng\u00fcnstiger und robuster Touchscreen-Panel-PC. Er hat eine IP66-gesch\u00fctzte Frontblende. Dieser kompakte Industrie-PC ist ideal f\u00fcr die Fertigung.","og_url":"https:\/\/teguar.com\/eu\/de\/product\/tp-2945-07\/","og_site_name":"Teguar","article_modified_time":"2025-11-20T16:46:18+00:00","og_image":[{"width":1000,"height":1000,"url":"https:\/\/teguar.com\/eu\/wp-content\/uploads\/sites\/2\/2020\/07\/7-inch-panel-pc_5__04533.1595934894.1280.1280.jpg","type":"image\/jpeg"}],"twitter_card":"summary_large_image","twitter_misc":{"Gesch\u00e4tzte Lesezeit":"1\u00a0Minute"},"schema":{"@context":"https:\/\/schema.org","@graph":[{"@type":"WebPage","@id":"https:\/\/teguar.com\/eu\/de\/product\/tp-2945-07\/","url":"https:\/\/teguar.com\/eu\/de\/product\/tp-2945-07\/","name":"7\" l\u00fcfterloser Panel PC | TP-2945-07","isPartOf":{"@id":"https:\/\/teguar.com\/eu\/en\/#website"},"primaryImageOfPage":{"@id":"https:\/\/teguar.com\/eu\/de\/product\/tp-2945-07\/#primaryimage"},"image":{"@id":"https:\/\/teguar.com\/eu\/de\/product\/tp-2945-07\/#primaryimage"},"thumbnailUrl":"https:\/\/teguar.com\/eu\/wp-content\/uploads\/sites\/2\/2020\/07\/7-inch-panel-pc_5__04533.1595934894.1280.1280.jpg","datePublished":"2025-06-24T14:15:27+00:00","dateModified":"2025-11-20T16:46:18+00:00","description":"Der TP-2945-07 ist ein kosteng\u00fcnstiger und robuster Touchscreen-Panel-PC. Er hat eine IP66-gesch\u00fctzte Frontblende. Dieser kompakte Industrie-PC ist ideal f\u00fcr die Fertigung.","breadcrumb":{"@id":"https:\/\/teguar.com\/eu\/de\/product\/tp-2945-07\/#breadcrumb"},"inLanguage":"de","potentialAction":[{"@type":"ReadAction","target":["https:\/\/teguar.com\/eu\/de\/product\/tp-2945-07\/"]}]},{"@type":"ImageObject","inLanguage":"de","@id":"https:\/\/teguar.com\/eu\/de\/product\/tp-2945-07\/#primaryimage","url":"https:\/\/teguar.com\/eu\/wp-content\/uploads\/sites\/2\/2020\/07\/7-inch-panel-pc_5__04533.1595934894.1280.1280.jpg","contentUrl":"https:\/\/teguar.com\/eu\/wp-content\/uploads\/sites\/2\/2020\/07\/7-inch-panel-pc_5__04533.1595934894.1280.1280.jpg","width":1000,"height":1000,"caption":"7\" Industrial Touchscreen PC | TP-2945-07"},{"@type":"BreadcrumbList","@id":"https:\/\/teguar.com\/eu\/de\/product\/tp-2945-07\/#breadcrumb","itemListElement":[{"@type":"ListItem","position":1,"name":"Home","item":"https:\/\/teguar.com\/eu\/de\/"},{"@type":"ListItem","position":2,"name":"TP-2945-07"}]},{"@type":"WebSite","@id":"https:\/\/teguar.com\/eu\/en\/#website","url":"https:\/\/teguar.com\/eu\/en\/","name":"Teguar","description":"Industrial PCs, Medical Computers, and Rugged Tablets","potentialAction":[{"@type":"SearchAction","target":{"@type":"EntryPoint","urlTemplate":"https:\/\/teguar.com\/eu\/en\/?s={search_term_string}"},"query-input":{"@type":"PropertyValueSpecification","valueRequired":true,"valueName":"search_term_string"}}],"inLanguage":"de"}]}},"_links":{"self":[{"href":"https:\/\/teguar.com\/eu\/de\/wp-json\/wp\/v2\/product\/2244985","targetHints":{"allow":["GET"]}}],"collection":[{"href":"https:\/\/teguar.com\/eu\/de\/wp-json\/wp\/v2\/product"}],"about":[{"href":"https:\/\/teguar.com\/eu\/de\/wp-json\/wp\/v2\/types\/product"}],"wp:featuredmedia":[{"embeddable":true,"href":"https:\/\/teguar.com\/eu\/de\/wp-json\/wp\/v2\/media\/2246956"}],"wp:attachment":[{"href":"https:\/\/teguar.com\/eu\/de\/wp-json\/wp\/v2\/media?parent=2244985"}],"wp:term":[{"taxonomy":"product_brand","embeddable":true,"href":"https:\/\/teguar.com\/eu\/de\/wp-json\/wp\/v2\/product_brand?post=2244985"},{"taxonomy":"product_cat","embeddable":true,"href":"https:\/\/teguar.com\/eu\/de\/wp-json\/wp\/v2\/product_cat?post=2244985"},{"taxonomy":"product_tag","embeddable":true,"href":"https:\/\/teguar.com\/eu\/de\/wp-json\/wp\/v2\/product_tag?post=2244985"},{"taxonomy":"product_label","embeddable":true,"href":"https:\/\/teguar.com\/eu\/de\/wp-json\/wp\/v2\/product_label?post=2244985"}],"curies":[{"name":"wp","href":"https:\/\/api.w.org\/{rel}","templated":true}]}}