{"id":2244981,"date":"2025-06-24T14:15:27","date_gmt":"2025-06-24T14:15:27","guid":{"rendered":"https:\/\/teguar.com\/eu\/product\/tp-2945-10\/"},"modified":"2025-11-20T16:45:48","modified_gmt":"2025-11-20T16:45:48","slug":"tp-2945-10","status":"publish","type":"product","link":"https:\/\/teguar.com\/eu\/de\/product\/tp-2945-10\/","title":{"rendered":"TP-2945-10"},"content":{"rendered":"<p>Der l\u00fcfterlose <a href=\"https:\/\/teguar.com\/eu\/de\/panel-pcs\/\">Panel PC<\/a> TP-2945-10 ist eine hervorragende kompakte Schnittstelle f\u00fcr Ihre Werkstatt und arbeitet gut mit MES (Manufacturing Execution Systems) und SCADA (Supervisory Control and Data Acquisition) Softwarepaketen zusammen. Um den harten Bedingungen in Ihrem Betrieb standzuhalten, verf\u00fcgt dieser Computer \u00fcber ein l\u00fcfterloses K\u00fchlsystem und ist mit Komponenten in Industriequalit\u00e4t ausgestattet. Die leistungsstarke, aber effiziente Intel 1,83 GHz Quad-Core-CPU nutzt die Vorteile einer System-on-Chip (SoC)-Architektur, um eine hohe Verarbeitungsleistung bei niedrigem Energieverbrauch zu erzielen. Die Vorderseite ist nach IP65 staub- und wasserdicht und verf\u00fcgt \u00fcber einen flachen 10,1-Zoll-Touchscreen.<\/p>\n","protected":false},"excerpt":{"rendered":"<p><a href=\"https:\/\/teguar.com\/eu\/de\/computer-fuer-die-industrielle-automatisierung\/\">Industrielle Automatisierung:<\/a> Die TP-2945 Serie kann in der Industrieautomatisierung eingesetzt werden, z.B. zur Maschinensteuerung, \u00dcberwachung von Produktionslinien und Datenerfassung.<\/p>\n<p><a href=\"https:\/\/teguar.com\/eu\/de\/computer-fuer-den-aussenbereich\/\">Outdoor-Umgebungen:<\/a> Diese robusten Panel-PCs mit wasserdichtem Frontrahmen nach IP66 eignen sich f\u00fcr den Einsatz im Freien, z. B. f\u00fcr Kioske, digitale Beschilderung und die \u00dcberwachung von Ger\u00e4ten im Freien.<\/p>\n<p><a href=\"https:\/\/teguar.com\/eu\/logistics-transportation-computer\/\">Transport und Logistik:<\/a> Die TP-2945 Serie kann dank ihrer Robustheit und PoE-F\u00e4higkeit in Transport- und Logistikumgebungen f\u00fcr Flottenmanagement, Fahrzeugverfolgung und Lagerverwaltung eingesetzt werden.<\/p>\n<p> *Interner<strong> Akku und PoE k\u00f6nnen nicht nebeneinander bestehen<\/strong><\/p>\n","protected":false},"featured_media":2246096,"template":"","meta":{"_acf_changed":false},"product_brand":[],"product_cat":[2839],"product_tag":[],"product_label":[],"class_list":{"0":"post-2244981","1":"product","2":"type-product","3":"status-publish","4":"has-post-thumbnail","6":"product_cat-panel-pcs","7":"pa_windows-windows-10-iot","8":"pa_windows-windows-10-pro","9":"pa_windows-windows-8-1-pro","11":"first","12":"outofstock","13":"taxable","14":"shipping-taxable","15":"purchasable","16":"product-type-simple"},"composite_virtual":false,"composite_layout":"","composite_add_to_cart_form_location":"","composite_editable_in_cart":false,"composite_sold_individually_context":"","composite_shop_price_calc":"","composite_components":[],"composite_scenarios":[],"acf":[],"yoast_head":"<!-- This site is optimized with the Yoast SEO Premium plugin v26.8 (Yoast SEO v27.2) - https:\/\/yoast.com\/product\/yoast-seo-premium-wordpress\/ -->\n<title>10&quot; Unterputz-Panel-PC | TP-2945-10<\/title>\n<meta name=\"description\" content=\"Dieser Panel-PC l\u00e4uft mit der leistungsstarken und effizienten Intel 1,83 GHz CPU und nutzt die Vorteile einer System-on-Chip (SoC)-Architektur, um den Energieverbrauch niedrig zu halten.\" \/>\n<meta name=\"robots\" content=\"index, follow, max-snippet:-1, max-image-preview:large, max-video-preview:-1\" \/>\n<link rel=\"canonical\" href=\"https:\/\/teguar.com\/eu\/de\/product\/tp-2945-10\/\" \/>\n<meta property=\"og:locale\" content=\"de_DE\" \/>\n<meta property=\"og:type\" content=\"article\" \/>\n<meta property=\"og:title\" content=\"TP-2945-10\" \/>\n<meta property=\"og:description\" content=\"Dieser Panel-PC l\u00e4uft mit der leistungsstarken und effizienten Intel 1,83 GHz CPU und nutzt die Vorteile einer System-on-Chip (SoC)-Architektur, um den Energieverbrauch niedrig zu halten.\" \/>\n<meta property=\"og:url\" content=\"https:\/\/teguar.com\/eu\/de\/product\/tp-2945-10\/\" \/>\n<meta property=\"og:site_name\" content=\"Teguar\" \/>\n<meta property=\"article:modified_time\" content=\"2025-11-20T16:45:48+00:00\" \/>\n<meta property=\"og:image\" content=\"https:\/\/teguar.com\/eu\/wp-content\/uploads\/sites\/2\/2020\/07\/10-inch-industrial-computer_5__90122.1595934896.1280.1280.jpg\" \/>\n\t<meta property=\"og:image:width\" content=\"1000\" \/>\n\t<meta property=\"og:image:height\" content=\"1000\" \/>\n\t<meta property=\"og:image:type\" content=\"image\/jpeg\" \/>\n<meta name=\"twitter:card\" content=\"summary_large_image\" \/>\n<meta name=\"twitter:label1\" content=\"Gesch\u00e4tzte Lesezeit\" \/>\n\t<meta name=\"twitter:data1\" content=\"1\u00a0Minute\" \/>\n<script type=\"application\/ld+json\" class=\"yoast-schema-graph\">{\"@context\":\"https:\/\/schema.org\",\"@graph\":[{\"@type\":\"WebPage\",\"@id\":\"https:\/\/teguar.com\/eu\/de\/product\/tp-2945-10\/\",\"url\":\"https:\/\/teguar.com\/eu\/de\/product\/tp-2945-10\/\",\"name\":\"10\\\" Unterputz-Panel-PC | TP-2945-10\",\"isPartOf\":{\"@id\":\"https:\/\/teguar.com\/eu\/en\/#website\"},\"primaryImageOfPage\":{\"@id\":\"https:\/\/teguar.com\/eu\/de\/product\/tp-2945-10\/#primaryimage\"},\"image\":{\"@id\":\"https:\/\/teguar.com\/eu\/de\/product\/tp-2945-10\/#primaryimage\"},\"thumbnailUrl\":\"https:\/\/teguar.com\/eu\/wp-content\/uploads\/sites\/2\/2020\/07\/10-inch-industrial-computer_5__90122.1595934896.1280.1280.jpg\",\"datePublished\":\"2025-06-24T14:15:27+00:00\",\"dateModified\":\"2025-11-20T16:45:48+00:00\",\"description\":\"Dieser Panel-PC l\u00e4uft mit der leistungsstarken und effizienten Intel 1,83 GHz CPU und nutzt die Vorteile einer System-on-Chip (SoC)-Architektur, um den Energieverbrauch niedrig zu halten.\",\"breadcrumb\":{\"@id\":\"https:\/\/teguar.com\/eu\/de\/product\/tp-2945-10\/#breadcrumb\"},\"inLanguage\":\"de\",\"potentialAction\":[{\"@type\":\"ReadAction\",\"target\":[\"https:\/\/teguar.com\/eu\/de\/product\/tp-2945-10\/\"]}]},{\"@type\":\"ImageObject\",\"inLanguage\":\"de\",\"@id\":\"https:\/\/teguar.com\/eu\/de\/product\/tp-2945-10\/#primaryimage\",\"url\":\"https:\/\/teguar.com\/eu\/wp-content\/uploads\/sites\/2\/2020\/07\/10-inch-industrial-computer_5__90122.1595934896.1280.1280.jpg\",\"contentUrl\":\"https:\/\/teguar.com\/eu\/wp-content\/uploads\/sites\/2\/2020\/07\/10-inch-industrial-computer_5__90122.1595934896.1280.1280.jpg\",\"width\":1000,\"height\":1000,\"caption\":\"10\\\" Industrial Panel PC | TP-2945-10\"},{\"@type\":\"BreadcrumbList\",\"@id\":\"https:\/\/teguar.com\/eu\/de\/product\/tp-2945-10\/#breadcrumb\",\"itemListElement\":[{\"@type\":\"ListItem\",\"position\":1,\"name\":\"Home\",\"item\":\"https:\/\/teguar.com\/eu\/de\/\"},{\"@type\":\"ListItem\",\"position\":2,\"name\":\"TP-2945-10\"}]},{\"@type\":\"WebSite\",\"@id\":\"https:\/\/teguar.com\/eu\/en\/#website\",\"url\":\"https:\/\/teguar.com\/eu\/en\/\",\"name\":\"Teguar\",\"description\":\"Industrial PCs, Medical Computers, and Rugged Tablets\",\"potentialAction\":[{\"@type\":\"SearchAction\",\"target\":{\"@type\":\"EntryPoint\",\"urlTemplate\":\"https:\/\/teguar.com\/eu\/en\/?s={search_term_string}\"},\"query-input\":{\"@type\":\"PropertyValueSpecification\",\"valueRequired\":true,\"valueName\":\"search_term_string\"}}],\"inLanguage\":\"de\"}]}<\/script>\n<!-- \/ Yoast SEO Premium plugin. -->","yoast_head_json":{"title":"10\" Unterputz-Panel-PC | TP-2945-10","description":"Dieser Panel-PC l\u00e4uft mit der leistungsstarken und effizienten Intel 1,83 GHz CPU und nutzt die Vorteile einer System-on-Chip (SoC)-Architektur, um den Energieverbrauch niedrig zu halten.","robots":{"index":"index","follow":"follow","max-snippet":"max-snippet:-1","max-image-preview":"max-image-preview:large","max-video-preview":"max-video-preview:-1"},"canonical":"https:\/\/teguar.com\/eu\/de\/product\/tp-2945-10\/","og_locale":"de_DE","og_type":"article","og_title":"TP-2945-10","og_description":"Dieser Panel-PC l\u00e4uft mit der leistungsstarken und effizienten Intel 1,83 GHz CPU und nutzt die Vorteile einer System-on-Chip (SoC)-Architektur, um den Energieverbrauch niedrig zu halten.","og_url":"https:\/\/teguar.com\/eu\/de\/product\/tp-2945-10\/","og_site_name":"Teguar","article_modified_time":"2025-11-20T16:45:48+00:00","og_image":[{"width":1000,"height":1000,"url":"https:\/\/teguar.com\/eu\/wp-content\/uploads\/sites\/2\/2020\/07\/10-inch-industrial-computer_5__90122.1595934896.1280.1280.jpg","type":"image\/jpeg"}],"twitter_card":"summary_large_image","twitter_misc":{"Gesch\u00e4tzte Lesezeit":"1\u00a0Minute"},"schema":{"@context":"https:\/\/schema.org","@graph":[{"@type":"WebPage","@id":"https:\/\/teguar.com\/eu\/de\/product\/tp-2945-10\/","url":"https:\/\/teguar.com\/eu\/de\/product\/tp-2945-10\/","name":"10\" Unterputz-Panel-PC | TP-2945-10","isPartOf":{"@id":"https:\/\/teguar.com\/eu\/en\/#website"},"primaryImageOfPage":{"@id":"https:\/\/teguar.com\/eu\/de\/product\/tp-2945-10\/#primaryimage"},"image":{"@id":"https:\/\/teguar.com\/eu\/de\/product\/tp-2945-10\/#primaryimage"},"thumbnailUrl":"https:\/\/teguar.com\/eu\/wp-content\/uploads\/sites\/2\/2020\/07\/10-inch-industrial-computer_5__90122.1595934896.1280.1280.jpg","datePublished":"2025-06-24T14:15:27+00:00","dateModified":"2025-11-20T16:45:48+00:00","description":"Dieser Panel-PC l\u00e4uft mit der leistungsstarken und effizienten Intel 1,83 GHz CPU und nutzt die Vorteile einer System-on-Chip (SoC)-Architektur, um den Energieverbrauch niedrig zu halten.","breadcrumb":{"@id":"https:\/\/teguar.com\/eu\/de\/product\/tp-2945-10\/#breadcrumb"},"inLanguage":"de","potentialAction":[{"@type":"ReadAction","target":["https:\/\/teguar.com\/eu\/de\/product\/tp-2945-10\/"]}]},{"@type":"ImageObject","inLanguage":"de","@id":"https:\/\/teguar.com\/eu\/de\/product\/tp-2945-10\/#primaryimage","url":"https:\/\/teguar.com\/eu\/wp-content\/uploads\/sites\/2\/2020\/07\/10-inch-industrial-computer_5__90122.1595934896.1280.1280.jpg","contentUrl":"https:\/\/teguar.com\/eu\/wp-content\/uploads\/sites\/2\/2020\/07\/10-inch-industrial-computer_5__90122.1595934896.1280.1280.jpg","width":1000,"height":1000,"caption":"10\" Industrial Panel PC | TP-2945-10"},{"@type":"BreadcrumbList","@id":"https:\/\/teguar.com\/eu\/de\/product\/tp-2945-10\/#breadcrumb","itemListElement":[{"@type":"ListItem","position":1,"name":"Home","item":"https:\/\/teguar.com\/eu\/de\/"},{"@type":"ListItem","position":2,"name":"TP-2945-10"}]},{"@type":"WebSite","@id":"https:\/\/teguar.com\/eu\/en\/#website","url":"https:\/\/teguar.com\/eu\/en\/","name":"Teguar","description":"Industrial PCs, Medical Computers, and Rugged Tablets","potentialAction":[{"@type":"SearchAction","target":{"@type":"EntryPoint","urlTemplate":"https:\/\/teguar.com\/eu\/en\/?s={search_term_string}"},"query-input":{"@type":"PropertyValueSpecification","valueRequired":true,"valueName":"search_term_string"}}],"inLanguage":"de"}]}},"_links":{"self":[{"href":"https:\/\/teguar.com\/eu\/de\/wp-json\/wp\/v2\/product\/2244981","targetHints":{"allow":["GET"]}}],"collection":[{"href":"https:\/\/teguar.com\/eu\/de\/wp-json\/wp\/v2\/product"}],"about":[{"href":"https:\/\/teguar.com\/eu\/de\/wp-json\/wp\/v2\/types\/product"}],"wp:featuredmedia":[{"embeddable":true,"href":"https:\/\/teguar.com\/eu\/de\/wp-json\/wp\/v2\/media\/2246096"}],"wp:attachment":[{"href":"https:\/\/teguar.com\/eu\/de\/wp-json\/wp\/v2\/media?parent=2244981"}],"wp:term":[{"taxonomy":"product_brand","embeddable":true,"href":"https:\/\/teguar.com\/eu\/de\/wp-json\/wp\/v2\/product_brand?post=2244981"},{"taxonomy":"product_cat","embeddable":true,"href":"https:\/\/teguar.com\/eu\/de\/wp-json\/wp\/v2\/product_cat?post=2244981"},{"taxonomy":"product_tag","embeddable":true,"href":"https:\/\/teguar.com\/eu\/de\/wp-json\/wp\/v2\/product_tag?post=2244981"},{"taxonomy":"product_label","embeddable":true,"href":"https:\/\/teguar.com\/eu\/de\/wp-json\/wp\/v2\/product_label?post=2244981"}],"curies":[{"name":"wp","href":"https:\/\/api.w.org\/{rel}","templated":true}]}}