{"id":2244955,"date":"2025-06-24T17:12:50","date_gmt":"2025-06-24T17:12:50","guid":{"rendered":"https:\/\/teguar.com\/eu\/product\/tb-3445\/"},"modified":"2025-11-20T16:33:29","modified_gmt":"2025-11-20T16:33:29","slug":"tb-3445","status":"publish","type":"product","link":"https:\/\/teguar.com\/eu\/de\/product\/tb-3445\/","title":{"rendered":"TB-3445"},"content":{"rendered":"<p>Der TB-3445 ist ein <a href=\"https:\/\/teguar.com\/eu\/de\/rugged-mini-pcs\/\">robuster Mini-Box-PC<\/a>, der f\u00fcr den jahrelangen Einsatz in schmutzigen, hei\u00dfen Umgebungen entwickelt wurde. Dieser Computer ist preiswert und kompakt, aber dennoch robust und industrietauglich. Im Vergleich zu \u00e4hnlichen preisg\u00fcnstigen Computerl\u00f6sungen ist der TB-3445 viel zuverl\u00e4ssiger. Dieser Computer ist f\u00fcr den 24\/7-Betrieb in Ihrer Produktionsst\u00e4tte oder Ihrem Lager ausgelegt. Er ist ideal, um Ihre SPS mit der Cloud zu verbinden, die Produktion von einem B\u00fcro aus zu \u00fcberwachen und Aktionen wie die Steuerung von Maschinen, das Ein- und Ausschalten von Pumpen oder das Anhalten der Produktion auszuf\u00fchren. Dieser PC kann auf einer DIN-Schiene oder an der Wand montiert werden und bietet eine Vielzahl von E\/As in einem kleinen Geh\u00e4use.     <\/p>\n<p><a href=\"https:\/\/www.ruggedpcreview.com\/3_embedded_teguar_tb3445.html\" target=\"_blank\" rel=\"noopener\">Lesen Sie eine Bewertung des TB-3445 durch einen Dritten von ruggedpcreview.com  &gt;<\/a><\/p>\n","protected":false},"excerpt":{"rendered":"<p><a href=\"https:\/\/teguar.com\/eu\/de\/computer-fuer-die-lagerverwaltung\/\">Lagerverwaltungssysteme:<\/a> Mit seiner kleinen Stellfl\u00e4che und seinem robusten Design eignet sich der TB-3445 Box PC hervorragend f\u00fcr Anwendungen in der Lagerverwaltung. Er passt in enge R\u00e4ume und bietet zuverl\u00e4ssige Rechenleistung f\u00fcr die Bestandsverfolgung und das Logistikmanagement.<\/p>\n<p> IoT<a href=\"https:\/\/teguar.com\/eu\/de\/iiot-computer-industrielles-internet-der-dinge\/\">Gateway:<\/a> Ausgestattet mit zahlreichen E\/As und einer kompakten Gr\u00f6\u00dfe ist der TB-3445 die ideale Wahl f\u00fcr IoT-Gateway-Anwendungen und erm\u00f6glicht nahtlose Konnektivit\u00e4t und Datenaggregation in industriellen Umgebungen mit begrenztem Platzangebot.<\/p>\n<p><a href=\"https:\/\/teguar.com\/eu\/de\/computer-fuer-die-industrielle-automatisierung\/\">Embedded Industrial Computing:<\/a> Dieses nur 2 Zoll dicke und f\u00fcr den Dauerbetrieb ausgelegte Ger\u00e4t eignet sich f\u00fcr Embedded Computing-Anwendungen in verschiedenen Industriezweigen und bietet Langlebigkeit und Zuverl\u00e4ssigkeit in schwierigen Umgebungen.<\/p>\n","protected":false},"featured_media":2244967,"template":"","meta":{"_acf_changed":false},"product_brand":[],"product_cat":[2812,2824,2843,2845],"product_tag":[2769,2635],"product_label":[],"class_list":{"0":"post-2244955","1":"product","2":"type-product","3":"status-publish","4":"has-post-thumbnail","6":"product_cat-embedded-pcs","7":"product_cat-lufterlose-pcs","8":"product_cat-rugged-computer","9":"product_cat-rugged-mini-pcs","10":"product_tag-iiot-computer","11":"product_tag-online-kaufen","12":"pa_windows-windows-10-iot","13":"pa_windows-windows-10-pro","15":"first","16":"onbackorder","17":"taxable","18":"shipping-taxable","19":"purchasable","20":"product-type-composite"},"composite_virtual":false,"composite_layout":"single","composite_add_to_cart_form_location":"default","composite_editable_in_cart":false,"composite_sold_individually_context":"product","composite_shop_price_calc":"min_max","composite_components":[{"id":"1751041137","title":"WIDDER","description":"","query_type":"product_ids","query_ids":[2240779,2240780],"default_option_id":"","thumbnail_id":"","thumbnail_src":"","quantity_min":1,"quantity_max":1,"priced_individually":true,"shipped_individually":false,"optional":false,"discount":"","options_style":"dropdowns","pagination_style":"classic","display_prices":"relative","show_sorting_options":false,"show_filtering_options":false,"attribute_filter_ids":[],"select_action":"view","product_title_visible":false,"product_descr_visible":false,"product_price_visible":false,"product_thumb_visible":false,"subtotal_visible_product":true,"subtotal_visible_cart":false,"subtotal_visible_orders":false},{"id":"1751041138","title":"Lagerung","description":"","query_type":"product_ids","query_ids":[2240807,2240808,2240809],"default_option_id":"","thumbnail_id":"","thumbnail_src":"","quantity_min":1,"quantity_max":1,"priced_individually":true,"shipped_individually":false,"optional":false,"discount":"","options_style":"dropdowns","pagination_style":"classic","display_prices":"relative","show_sorting_options":false,"show_filtering_options":false,"attribute_filter_ids":[],"select_action":"view","product_title_visible":false,"product_descr_visible":false,"product_price_visible":false,"product_thumb_visible":false,"subtotal_visible_product":true,"subtotal_visible_cart":false,"subtotal_visible_orders":false},{"id":"1751041139","title":"Stromversorgung","description":"","query_type":"product_ids","query_ids":[2240753,2240767],"default_option_id":"","thumbnail_id":"","thumbnail_src":"","quantity_min":1,"quantity_max":1,"priced_individually":true,"shipped_individually":false,"optional":false,"discount":"","options_style":"dropdowns","pagination_style":"classic","display_prices":"relative","show_sorting_options":false,"show_filtering_options":false,"attribute_filter_ids":[],"select_action":"view","product_title_visible":false,"product_descr_visible":false,"product_price_visible":false,"product_thumb_visible":false,"subtotal_visible_product":true,"subtotal_visible_cart":false,"subtotal_visible_orders":false},{"id":"1751041140","title":"Betriebssystem","description":"","query_type":"product_ids","query_ids":[2240737,2240732,2240733,2240736],"default_option_id":"","thumbnail_id":"","thumbnail_src":"","quantity_min":1,"quantity_max":1,"priced_individually":true,"shipped_individually":false,"optional":false,"discount":"","options_style":"dropdowns","pagination_style":"classic","display_prices":"relative","show_sorting_options":false,"show_filtering_options":false,"attribute_filter_ids":[],"select_action":"view","product_title_visible":false,"product_descr_visible":false,"product_price_visible":false,"product_thumb_visible":false,"subtotal_visible_product":true,"subtotal_visible_cart":false,"subtotal_visible_orders":false},{"id":"1751041141","title":"WiFi und Bluetooth","description":"","query_type":"product_ids","query_ids":[2240833,2240829],"default_option_id":"","thumbnail_id":"","thumbnail_src":"","quantity_min":1,"quantity_max":1,"priced_individually":true,"shipped_individually":false,"optional":false,"discount":"","options_style":"dropdowns","pagination_style":"classic","display_prices":"relative","show_sorting_options":false,"show_filtering_options":false,"attribute_filter_ids":[],"select_action":"view","product_title_visible":false,"product_descr_visible":false,"product_price_visible":false,"product_thumb_visible":false,"subtotal_visible_product":true,"subtotal_visible_cart":false,"subtotal_visible_orders":false}],"composite_scenarios":[],"acf":[],"yoast_head":"<!-- This site is optimized with the Yoast SEO Premium plugin v26.8 (Yoast SEO v27.2) - https:\/\/yoast.com\/product\/yoast-seo-premium-wordpress\/ -->\n<title>Robuster Mini-PC | TB-3445<\/title>\n<meta name=\"description\" content=\"Der TB-3445 ist ein Mini-Box-PC, der f\u00fcr den jahrelangen Einsatz in schmutzigen, hei\u00dfen Umgebungen entwickelt wurde. Dieser Computer ist kompakt und dennoch robust.\" \/>\n<meta name=\"robots\" content=\"index, follow, max-snippet:-1, max-image-preview:large, max-video-preview:-1\" \/>\n<link rel=\"canonical\" href=\"https:\/\/teguar.com\/eu\/de\/product\/tb-3445\/\" \/>\n<meta property=\"og:locale\" content=\"de_DE\" \/>\n<meta property=\"og:type\" content=\"article\" \/>\n<meta property=\"og:title\" content=\"TB-3445\" \/>\n<meta property=\"og:description\" content=\"Der TB-3445 ist ein Mini-Box-PC, der f\u00fcr den jahrelangen Einsatz in schmutzigen, hei\u00dfen Umgebungen entwickelt wurde. Dieser Computer ist kompakt und dennoch robust.\" \/>\n<meta property=\"og:url\" content=\"https:\/\/teguar.com\/eu\/de\/product\/tb-3445\/\" \/>\n<meta property=\"og:site_name\" content=\"Teguar\" \/>\n<meta property=\"article:modified_time\" content=\"2025-11-20T16:33:29+00:00\" \/>\n<meta property=\"og:image\" content=\"https:\/\/teguar.com\/eu\/wp-content\/uploads\/sites\/2\/2021\/05\/fanless-mini-pc-tb-3445__30871.1622041926.1280.1280.jpg\" \/>\n\t<meta property=\"og:image:width\" content=\"1000\" \/>\n\t<meta property=\"og:image:height\" content=\"1000\" \/>\n\t<meta property=\"og:image:type\" content=\"image\/jpeg\" \/>\n<meta name=\"twitter:card\" content=\"summary_large_image\" \/>\n<meta name=\"twitter:label1\" content=\"Gesch\u00e4tzte Lesezeit\" \/>\n\t<meta name=\"twitter:data1\" content=\"1\u00a0Minute\" \/>\n<script type=\"application\/ld+json\" class=\"yoast-schema-graph\">{\"@context\":\"https:\/\/schema.org\",\"@graph\":[{\"@type\":\"WebPage\",\"@id\":\"https:\/\/teguar.com\/eu\/de\/product\/tb-3445\/\",\"url\":\"https:\/\/teguar.com\/eu\/de\/product\/tb-3445\/\",\"name\":\"Robuster Mini-PC | TB-3445\",\"isPartOf\":{\"@id\":\"https:\/\/teguar.com\/eu\/en\/#website\"},\"primaryImageOfPage\":{\"@id\":\"https:\/\/teguar.com\/eu\/de\/product\/tb-3445\/#primaryimage\"},\"image\":{\"@id\":\"https:\/\/teguar.com\/eu\/de\/product\/tb-3445\/#primaryimage\"},\"thumbnailUrl\":\"https:\/\/teguar.com\/eu\/wp-content\/uploads\/sites\/2\/2021\/05\/fanless-mini-pc-tb-3445__30871.1622041926.1280.1280.jpg\",\"datePublished\":\"2025-06-24T17:12:50+00:00\",\"dateModified\":\"2025-11-20T16:33:29+00:00\",\"description\":\"Der TB-3445 ist ein Mini-Box-PC, der f\u00fcr den jahrelangen Einsatz in schmutzigen, hei\u00dfen Umgebungen entwickelt wurde. Dieser Computer ist kompakt und dennoch robust.\",\"breadcrumb\":{\"@id\":\"https:\/\/teguar.com\/eu\/de\/product\/tb-3445\/#breadcrumb\"},\"inLanguage\":\"de\",\"potentialAction\":[{\"@type\":\"ReadAction\",\"target\":[\"https:\/\/teguar.com\/eu\/de\/product\/tb-3445\/\"]}]},{\"@type\":\"ImageObject\",\"inLanguage\":\"de\",\"@id\":\"https:\/\/teguar.com\/eu\/de\/product\/tb-3445\/#primaryimage\",\"url\":\"https:\/\/teguar.com\/eu\/wp-content\/uploads\/sites\/2\/2021\/05\/fanless-mini-pc-tb-3445__30871.1622041926.1280.1280.jpg\",\"contentUrl\":\"https:\/\/teguar.com\/eu\/wp-content\/uploads\/sites\/2\/2021\/05\/fanless-mini-pc-tb-3445__30871.1622041926.1280.1280.jpg\",\"width\":1000,\"height\":1000,\"caption\":\"Rugged Mini PC\"},{\"@type\":\"BreadcrumbList\",\"@id\":\"https:\/\/teguar.com\/eu\/de\/product\/tb-3445\/#breadcrumb\",\"itemListElement\":[{\"@type\":\"ListItem\",\"position\":1,\"name\":\"Home\",\"item\":\"https:\/\/teguar.com\/eu\/de\/\"},{\"@type\":\"ListItem\",\"position\":2,\"name\":\"TB-3445\"}]},{\"@type\":\"WebSite\",\"@id\":\"https:\/\/teguar.com\/eu\/en\/#website\",\"url\":\"https:\/\/teguar.com\/eu\/en\/\",\"name\":\"Teguar\",\"description\":\"Industrial PCs, Medical Computers, and Rugged Tablets\",\"potentialAction\":[{\"@type\":\"SearchAction\",\"target\":{\"@type\":\"EntryPoint\",\"urlTemplate\":\"https:\/\/teguar.com\/eu\/en\/?s={search_term_string}\"},\"query-input\":{\"@type\":\"PropertyValueSpecification\",\"valueRequired\":true,\"valueName\":\"search_term_string\"}}],\"inLanguage\":\"de\"}]}<\/script>\n<!-- \/ Yoast SEO Premium plugin. -->","yoast_head_json":{"title":"Robuster Mini-PC | TB-3445","description":"Der TB-3445 ist ein Mini-Box-PC, der f\u00fcr den jahrelangen Einsatz in schmutzigen, hei\u00dfen Umgebungen entwickelt wurde. Dieser Computer ist kompakt und dennoch robust.","robots":{"index":"index","follow":"follow","max-snippet":"max-snippet:-1","max-image-preview":"max-image-preview:large","max-video-preview":"max-video-preview:-1"},"canonical":"https:\/\/teguar.com\/eu\/de\/product\/tb-3445\/","og_locale":"de_DE","og_type":"article","og_title":"TB-3445","og_description":"Der TB-3445 ist ein Mini-Box-PC, der f\u00fcr den jahrelangen Einsatz in schmutzigen, hei\u00dfen Umgebungen entwickelt wurde. Dieser Computer ist kompakt und dennoch robust.","og_url":"https:\/\/teguar.com\/eu\/de\/product\/tb-3445\/","og_site_name":"Teguar","article_modified_time":"2025-11-20T16:33:29+00:00","og_image":[{"width":1000,"height":1000,"url":"https:\/\/teguar.com\/eu\/wp-content\/uploads\/sites\/2\/2021\/05\/fanless-mini-pc-tb-3445__30871.1622041926.1280.1280.jpg","type":"image\/jpeg"}],"twitter_card":"summary_large_image","twitter_misc":{"Gesch\u00e4tzte Lesezeit":"1\u00a0Minute"},"schema":{"@context":"https:\/\/schema.org","@graph":[{"@type":"WebPage","@id":"https:\/\/teguar.com\/eu\/de\/product\/tb-3445\/","url":"https:\/\/teguar.com\/eu\/de\/product\/tb-3445\/","name":"Robuster Mini-PC | TB-3445","isPartOf":{"@id":"https:\/\/teguar.com\/eu\/en\/#website"},"primaryImageOfPage":{"@id":"https:\/\/teguar.com\/eu\/de\/product\/tb-3445\/#primaryimage"},"image":{"@id":"https:\/\/teguar.com\/eu\/de\/product\/tb-3445\/#primaryimage"},"thumbnailUrl":"https:\/\/teguar.com\/eu\/wp-content\/uploads\/sites\/2\/2021\/05\/fanless-mini-pc-tb-3445__30871.1622041926.1280.1280.jpg","datePublished":"2025-06-24T17:12:50+00:00","dateModified":"2025-11-20T16:33:29+00:00","description":"Der TB-3445 ist ein Mini-Box-PC, der f\u00fcr den jahrelangen Einsatz in schmutzigen, hei\u00dfen Umgebungen entwickelt wurde. Dieser Computer ist kompakt und dennoch robust.","breadcrumb":{"@id":"https:\/\/teguar.com\/eu\/de\/product\/tb-3445\/#breadcrumb"},"inLanguage":"de","potentialAction":[{"@type":"ReadAction","target":["https:\/\/teguar.com\/eu\/de\/product\/tb-3445\/"]}]},{"@type":"ImageObject","inLanguage":"de","@id":"https:\/\/teguar.com\/eu\/de\/product\/tb-3445\/#primaryimage","url":"https:\/\/teguar.com\/eu\/wp-content\/uploads\/sites\/2\/2021\/05\/fanless-mini-pc-tb-3445__30871.1622041926.1280.1280.jpg","contentUrl":"https:\/\/teguar.com\/eu\/wp-content\/uploads\/sites\/2\/2021\/05\/fanless-mini-pc-tb-3445__30871.1622041926.1280.1280.jpg","width":1000,"height":1000,"caption":"Rugged Mini PC"},{"@type":"BreadcrumbList","@id":"https:\/\/teguar.com\/eu\/de\/product\/tb-3445\/#breadcrumb","itemListElement":[{"@type":"ListItem","position":1,"name":"Home","item":"https:\/\/teguar.com\/eu\/de\/"},{"@type":"ListItem","position":2,"name":"TB-3445"}]},{"@type":"WebSite","@id":"https:\/\/teguar.com\/eu\/en\/#website","url":"https:\/\/teguar.com\/eu\/en\/","name":"Teguar","description":"Industrial PCs, Medical Computers, and Rugged Tablets","potentialAction":[{"@type":"SearchAction","target":{"@type":"EntryPoint","urlTemplate":"https:\/\/teguar.com\/eu\/en\/?s={search_term_string}"},"query-input":{"@type":"PropertyValueSpecification","valueRequired":true,"valueName":"search_term_string"}}],"inLanguage":"de"}]}},"_links":{"self":[{"href":"https:\/\/teguar.com\/eu\/de\/wp-json\/wp\/v2\/product\/2244955","targetHints":{"allow":["GET"]}}],"collection":[{"href":"https:\/\/teguar.com\/eu\/de\/wp-json\/wp\/v2\/product"}],"about":[{"href":"https:\/\/teguar.com\/eu\/de\/wp-json\/wp\/v2\/types\/product"}],"wp:featuredmedia":[{"embeddable":true,"href":"https:\/\/teguar.com\/eu\/de\/wp-json\/wp\/v2\/media\/2244967"}],"wp:attachment":[{"href":"https:\/\/teguar.com\/eu\/de\/wp-json\/wp\/v2\/media?parent=2244955"}],"wp:term":[{"taxonomy":"product_brand","embeddable":true,"href":"https:\/\/teguar.com\/eu\/de\/wp-json\/wp\/v2\/product_brand?post=2244955"},{"taxonomy":"product_cat","embeddable":true,"href":"https:\/\/teguar.com\/eu\/de\/wp-json\/wp\/v2\/product_cat?post=2244955"},{"taxonomy":"product_tag","embeddable":true,"href":"https:\/\/teguar.com\/eu\/de\/wp-json\/wp\/v2\/product_tag?post=2244955"},{"taxonomy":"product_label","embeddable":true,"href":"https:\/\/teguar.com\/eu\/de\/wp-json\/wp\/v2\/product_label?post=2244955"}],"curies":[{"name":"wp","href":"https:\/\/api.w.org\/{rel}","templated":true}]}}