{"id":2244954,"date":"2025-06-24T18:11:52","date_gmt":"2025-06-24T18:11:52","guid":{"rendered":"https:\/\/teguar.com\/eu\/product\/ts-5645-19\/"},"modified":"2025-11-20T16:32:42","modified_gmt":"2025-11-20T16:32:42","slug":"ts-5645-19","status":"publish","type":"product","link":"https:\/\/teguar.com\/eu\/de\/product\/ts-5645-19\/","title":{"rendered":"TS-5645-19"},"content":{"rendered":"<p>Das TS-5645-19 Edelstahl-Bedienger\u00e4t l\u00e4uft auf einem leistungsstarken Intel Core i3 Prozessor der<sup>8.<\/sup> Generation und kann mit Windows 11 betrieben werden. Der Computer ist in einem vollst\u00e4ndig versiegelten Edelstahlgeh\u00e4use untergebracht und damit ideal f\u00fcr feuchte Umgebungen geeignet. Das l\u00fcfterlose K\u00fchlsystem und die IP66-Einstufung sorgen daf\u00fcr, dass kein Staub, kein Schmutz, kein Wasser und keine aggressiven Chemikalien in das Ger\u00e4t eindringen k\u00f6nnen. Die wasserdichten M12-E\/A-Anschl\u00fcsse sch\u00fctzen die Ein- und Ausg\u00e4nge ebenfalls vor m\u00f6glicher Feuchtigkeit. Der TS-5645-19 besteht aus industrietauglichen Komponenten und unterst\u00fctzt einen breiten Temperaturbereich, so dass er in einer Vielzahl von Umgebungen eingesetzt werden kann.    <\/p>\n","protected":false},"excerpt":{"rendered":"<p><a href=\"https:\/\/teguar.com\/eu\/de\/computer-fuer-die-lebensmittelverarbeitung\/\">Lebensmittelverarbeitung:<\/a> Die HMI-Computer der Serie TS-5645 aus Edelstahl sind so konzipiert, dass sie den Herausforderungen in der Lebensmittelverarbeitung standhalten. Ihr vollst\u00e4ndig abgedichtetes Edelstahlgeh\u00e4use und die Schutzart IP66 gew\u00e4hrleisten Schutz vor Wasser, Staub und aggressiven Reinigungschemikalien.<\/p>\n<p><a href=\"https:\/\/teguar.com\/eu\/chemical-processing-computer\/\">Chemische Produktion:<\/a> Dank ihrer Widerstandsf\u00e4higkeit gegen\u00fcber aggressiven Chemikalien und ihrer F\u00e4higkeit, in einem weiten Temperaturbereich zu arbeiten, eignet sich die Serie TS-5645 hervorragend f\u00fcr industrielle Umgebungen in der chemischen Fertigungsindustrie und bietet zuverl\u00e4ssige Computerl\u00f6sungen f\u00fcr Prozesssteuerungs- und \u00dcberwachungsanwendungen.<\/p>\n<p><a href=\"https:\/\/teguar.com\/eu\/de\/pharmazeutische-computer\/\">Pharmazeutische Produktion:<\/a> Die HMI-Computer der Serie TS-5645 aus Edelstahl sind mit ihrem robusten und versiegelten Edelstahlgeh\u00e4use ideal f\u00fcr pharmazeutische Produktionsumgebungen geeignet, die ein hohes Ma\u00df an Sauberkeit und Schutz vor Verunreinigungen erfordern. Sie eignen sich daher f\u00fcr kritische Daten\u00fcberwachungs- und Analyseaufgaben.<\/p>\n","protected":false},"featured_media":2245832,"template":"","meta":{"_acf_changed":false},"product_brand":[],"product_cat":[2854],"product_tag":[],"product_label":[],"class_list":{"0":"post-2244954","1":"product","2":"type-product","3":"status-publish","4":"has-post-thumbnail","6":"product_cat-wasserdichte-computer","7":"pa_windows-windows-10-iot","8":"pa_windows-windows-11","9":"pa_windows-windows-11-pro","11":"first","12":"instock","13":"taxable","14":"shipping-taxable","15":"purchasable","16":"product-type-simple"},"composite_virtual":false,"composite_layout":"","composite_add_to_cart_form_location":"","composite_editable_in_cart":false,"composite_sold_individually_context":"","composite_shop_price_calc":"","composite_components":[],"composite_scenarios":[],"acf":[],"yoast_head":"<!-- This site is optimized with the Yoast SEO Premium plugin v26.8 (Yoast SEO v27.2) - https:\/\/yoast.com\/product\/yoast-seo-premium-wordpress\/ -->\n<title>19&quot; Edelstahl HMI | TS-5645-19<\/title>\n<meta name=\"robots\" content=\"index, follow, max-snippet:-1, max-image-preview:large, max-video-preview:-1\" \/>\n<link rel=\"canonical\" href=\"https:\/\/teguar.com\/eu\/de\/product\/ts-5645-19\/\" \/>\n<meta property=\"og:locale\" content=\"de_DE\" \/>\n<meta property=\"og:type\" content=\"article\" \/>\n<meta property=\"og:title\" content=\"TS-5645-19\" \/>\n<meta property=\"og:description\" content=\"Lebensmittelverarbeitung: Die HMI-Computer der Serie TS-5645 aus Edelstahl sind so konzipiert, dass sie den Herausforderungen in der Lebensmittelverarbeitung standhalten. Ihr vollst\u00e4ndig abgedichtetes Edelstahlgeh\u00e4use und die Schutzart IP66 gew\u00e4hrleisten Schutz vor Wasser, Staub und aggressiven Reinigungschemikalien.  Chemische Produktion: Dank ihrer Widerstandsf\u00e4higkeit gegen\u00fcber aggressiven Chemikalien und ihrer F\u00e4higkeit, in einem weiten Temperaturbereich zu arbeiten, eignet sich die Serie TS-5645 hervorragend f\u00fcr industrielle Umgebungen in der chemischen Fertigungsindustrie und bietet zuverl\u00e4ssige Computerl\u00f6sungen f\u00fcr Prozesssteuerungs- und \u00dcberwachungsanwendungen.  Pharmazeutische Produktion: Die HMI-Computer der Serie TS-5645 aus Edelstahl sind mit ihrem robusten und versiegelten Edelstahlgeh\u00e4use ideal f\u00fcr pharmazeutische Produktionsumgebungen geeignet, die ein hohes Ma\u00df an Sauberkeit und Schutz vor Verunreinigungen erfordern. Sie eignen sich daher f\u00fcr kritische Daten\u00fcberwachungs- und Analyseaufgaben.\" \/>\n<meta property=\"og:url\" content=\"https:\/\/teguar.com\/eu\/de\/product\/ts-5645-19\/\" \/>\n<meta property=\"og:site_name\" content=\"Teguar\" \/>\n<meta property=\"article:modified_time\" content=\"2025-11-20T16:32:42+00:00\" \/>\n<meta property=\"og:image\" content=\"https:\/\/teguar.com\/eu\/wp-content\/uploads\/sites\/2\/2022\/11\/Stainless_Steel_HMI_TS-5645-19_Front_Angle__51442.1668800364.1280.1280.jpg\" \/>\n\t<meta property=\"og:image:width\" content=\"1280\" \/>\n\t<meta property=\"og:image:height\" content=\"914\" \/>\n\t<meta property=\"og:image:type\" content=\"image\/jpeg\" \/>\n<meta name=\"twitter:card\" content=\"summary_large_image\" \/>\n<meta name=\"twitter:label1\" content=\"Gesch\u00e4tzte Lesezeit\" \/>\n\t<meta name=\"twitter:data1\" content=\"1\u00a0Minute\" \/>\n<script type=\"application\/ld+json\" class=\"yoast-schema-graph\">{\"@context\":\"https:\/\/schema.org\",\"@graph\":[{\"@type\":\"WebPage\",\"@id\":\"https:\/\/teguar.com\/eu\/de\/product\/ts-5645-19\/\",\"url\":\"https:\/\/teguar.com\/eu\/de\/product\/ts-5645-19\/\",\"name\":\"19\\\" Edelstahl HMI | TS-5645-19\",\"isPartOf\":{\"@id\":\"https:\/\/teguar.com\/eu\/en\/#website\"},\"primaryImageOfPage\":{\"@id\":\"https:\/\/teguar.com\/eu\/de\/product\/ts-5645-19\/#primaryimage\"},\"image\":{\"@id\":\"https:\/\/teguar.com\/eu\/de\/product\/ts-5645-19\/#primaryimage\"},\"thumbnailUrl\":\"https:\/\/teguar.com\/eu\/wp-content\/uploads\/sites\/2\/2022\/11\/Stainless_Steel_HMI_TS-5645-19_Front_Angle__51442.1668800364.1280.1280.jpg\",\"datePublished\":\"2025-06-24T18:11:52+00:00\",\"dateModified\":\"2025-11-20T16:32:42+00:00\",\"breadcrumb\":{\"@id\":\"https:\/\/teguar.com\/eu\/de\/product\/ts-5645-19\/#breadcrumb\"},\"inLanguage\":\"de\",\"potentialAction\":[{\"@type\":\"ReadAction\",\"target\":[\"https:\/\/teguar.com\/eu\/de\/product\/ts-5645-19\/\"]}]},{\"@type\":\"ImageObject\",\"inLanguage\":\"de\",\"@id\":\"https:\/\/teguar.com\/eu\/de\/product\/ts-5645-19\/#primaryimage\",\"url\":\"https:\/\/teguar.com\/eu\/wp-content\/uploads\/sites\/2\/2022\/11\/Stainless_Steel_HMI_TS-5645-19_Front_Angle__51442.1668800364.1280.1280.jpg\",\"contentUrl\":\"https:\/\/teguar.com\/eu\/wp-content\/uploads\/sites\/2\/2022\/11\/Stainless_Steel_HMI_TS-5645-19_Front_Angle__51442.1668800364.1280.1280.jpg\",\"width\":1280,\"height\":914,\"caption\":\"Stainless Steel HMI TS-5645-19 Front Angle\"},{\"@type\":\"BreadcrumbList\",\"@id\":\"https:\/\/teguar.com\/eu\/de\/product\/ts-5645-19\/#breadcrumb\",\"itemListElement\":[{\"@type\":\"ListItem\",\"position\":1,\"name\":\"Home\",\"item\":\"https:\/\/teguar.com\/eu\/de\/\"},{\"@type\":\"ListItem\",\"position\":2,\"name\":\"TS-5645-19\"}]},{\"@type\":\"WebSite\",\"@id\":\"https:\/\/teguar.com\/eu\/en\/#website\",\"url\":\"https:\/\/teguar.com\/eu\/en\/\",\"name\":\"Teguar\",\"description\":\"Industrial PCs, Medical Computers, and Rugged Tablets\",\"potentialAction\":[{\"@type\":\"SearchAction\",\"target\":{\"@type\":\"EntryPoint\",\"urlTemplate\":\"https:\/\/teguar.com\/eu\/en\/?s={search_term_string}\"},\"query-input\":{\"@type\":\"PropertyValueSpecification\",\"valueRequired\":true,\"valueName\":\"search_term_string\"}}],\"inLanguage\":\"de\"}]}<\/script>\n<!-- \/ Yoast SEO Premium plugin. -->","yoast_head_json":{"title":"19\" Edelstahl HMI | TS-5645-19","robots":{"index":"index","follow":"follow","max-snippet":"max-snippet:-1","max-image-preview":"max-image-preview:large","max-video-preview":"max-video-preview:-1"},"canonical":"https:\/\/teguar.com\/eu\/de\/product\/ts-5645-19\/","og_locale":"de_DE","og_type":"article","og_title":"TS-5645-19","og_description":"Lebensmittelverarbeitung: Die HMI-Computer der Serie TS-5645 aus Edelstahl sind so konzipiert, dass sie den Herausforderungen in der Lebensmittelverarbeitung standhalten. Ihr vollst\u00e4ndig abgedichtetes Edelstahlgeh\u00e4use und die Schutzart IP66 gew\u00e4hrleisten Schutz vor Wasser, Staub und aggressiven Reinigungschemikalien.  Chemische Produktion: Dank ihrer Widerstandsf\u00e4higkeit gegen\u00fcber aggressiven Chemikalien und ihrer F\u00e4higkeit, in einem weiten Temperaturbereich zu arbeiten, eignet sich die Serie TS-5645 hervorragend f\u00fcr industrielle Umgebungen in der chemischen Fertigungsindustrie und bietet zuverl\u00e4ssige Computerl\u00f6sungen f\u00fcr Prozesssteuerungs- und \u00dcberwachungsanwendungen.  Pharmazeutische Produktion: Die HMI-Computer der Serie TS-5645 aus Edelstahl sind mit ihrem robusten und versiegelten Edelstahlgeh\u00e4use ideal f\u00fcr pharmazeutische Produktionsumgebungen geeignet, die ein hohes Ma\u00df an Sauberkeit und Schutz vor Verunreinigungen erfordern. Sie eignen sich daher f\u00fcr kritische Daten\u00fcberwachungs- und Analyseaufgaben.","og_url":"https:\/\/teguar.com\/eu\/de\/product\/ts-5645-19\/","og_site_name":"Teguar","article_modified_time":"2025-11-20T16:32:42+00:00","og_image":[{"width":1280,"height":914,"url":"https:\/\/teguar.com\/eu\/wp-content\/uploads\/sites\/2\/2022\/11\/Stainless_Steel_HMI_TS-5645-19_Front_Angle__51442.1668800364.1280.1280.jpg","type":"image\/jpeg"}],"twitter_card":"summary_large_image","twitter_misc":{"Gesch\u00e4tzte Lesezeit":"1\u00a0Minute"},"schema":{"@context":"https:\/\/schema.org","@graph":[{"@type":"WebPage","@id":"https:\/\/teguar.com\/eu\/de\/product\/ts-5645-19\/","url":"https:\/\/teguar.com\/eu\/de\/product\/ts-5645-19\/","name":"19\" Edelstahl HMI | TS-5645-19","isPartOf":{"@id":"https:\/\/teguar.com\/eu\/en\/#website"},"primaryImageOfPage":{"@id":"https:\/\/teguar.com\/eu\/de\/product\/ts-5645-19\/#primaryimage"},"image":{"@id":"https:\/\/teguar.com\/eu\/de\/product\/ts-5645-19\/#primaryimage"},"thumbnailUrl":"https:\/\/teguar.com\/eu\/wp-content\/uploads\/sites\/2\/2022\/11\/Stainless_Steel_HMI_TS-5645-19_Front_Angle__51442.1668800364.1280.1280.jpg","datePublished":"2025-06-24T18:11:52+00:00","dateModified":"2025-11-20T16:32:42+00:00","breadcrumb":{"@id":"https:\/\/teguar.com\/eu\/de\/product\/ts-5645-19\/#breadcrumb"},"inLanguage":"de","potentialAction":[{"@type":"ReadAction","target":["https:\/\/teguar.com\/eu\/de\/product\/ts-5645-19\/"]}]},{"@type":"ImageObject","inLanguage":"de","@id":"https:\/\/teguar.com\/eu\/de\/product\/ts-5645-19\/#primaryimage","url":"https:\/\/teguar.com\/eu\/wp-content\/uploads\/sites\/2\/2022\/11\/Stainless_Steel_HMI_TS-5645-19_Front_Angle__51442.1668800364.1280.1280.jpg","contentUrl":"https:\/\/teguar.com\/eu\/wp-content\/uploads\/sites\/2\/2022\/11\/Stainless_Steel_HMI_TS-5645-19_Front_Angle__51442.1668800364.1280.1280.jpg","width":1280,"height":914,"caption":"Stainless Steel HMI TS-5645-19 Front Angle"},{"@type":"BreadcrumbList","@id":"https:\/\/teguar.com\/eu\/de\/product\/ts-5645-19\/#breadcrumb","itemListElement":[{"@type":"ListItem","position":1,"name":"Home","item":"https:\/\/teguar.com\/eu\/de\/"},{"@type":"ListItem","position":2,"name":"TS-5645-19"}]},{"@type":"WebSite","@id":"https:\/\/teguar.com\/eu\/en\/#website","url":"https:\/\/teguar.com\/eu\/en\/","name":"Teguar","description":"Industrial PCs, Medical Computers, and Rugged Tablets","potentialAction":[{"@type":"SearchAction","target":{"@type":"EntryPoint","urlTemplate":"https:\/\/teguar.com\/eu\/en\/?s={search_term_string}"},"query-input":{"@type":"PropertyValueSpecification","valueRequired":true,"valueName":"search_term_string"}}],"inLanguage":"de"}]}},"_links":{"self":[{"href":"https:\/\/teguar.com\/eu\/de\/wp-json\/wp\/v2\/product\/2244954","targetHints":{"allow":["GET"]}}],"collection":[{"href":"https:\/\/teguar.com\/eu\/de\/wp-json\/wp\/v2\/product"}],"about":[{"href":"https:\/\/teguar.com\/eu\/de\/wp-json\/wp\/v2\/types\/product"}],"wp:featuredmedia":[{"embeddable":true,"href":"https:\/\/teguar.com\/eu\/de\/wp-json\/wp\/v2\/media\/2245832"}],"wp:attachment":[{"href":"https:\/\/teguar.com\/eu\/de\/wp-json\/wp\/v2\/media?parent=2244954"}],"wp:term":[{"taxonomy":"product_brand","embeddable":true,"href":"https:\/\/teguar.com\/eu\/de\/wp-json\/wp\/v2\/product_brand?post=2244954"},{"taxonomy":"product_cat","embeddable":true,"href":"https:\/\/teguar.com\/eu\/de\/wp-json\/wp\/v2\/product_cat?post=2244954"},{"taxonomy":"product_tag","embeddable":true,"href":"https:\/\/teguar.com\/eu\/de\/wp-json\/wp\/v2\/product_tag?post=2244954"},{"taxonomy":"product_label","embeddable":true,"href":"https:\/\/teguar.com\/eu\/de\/wp-json\/wp\/v2\/product_label?post=2244954"}],"curies":[{"name":"wp","href":"https:\/\/api.w.org\/{rel}","templated":true}]}}