{"id":2244915,"date":"2025-06-24T14:20:31","date_gmt":"2025-06-24T14:20:31","guid":{"rendered":"https:\/\/teguar.com\/eu\/product\/tb-5545\/"},"modified":"2025-11-20T16:34:24","modified_gmt":"2025-11-20T16:34:24","slug":"tb-5545","status":"publish","type":"product","link":"https:\/\/teguar.com\/eu\/de\/product\/tb-5545\/","title":{"rendered":"TB-5545"},"content":{"rendered":"<p>Der l\u00fcfterlose Industriecomputer TB-5545 hat ein nicht standardisiertes Motherboard und ein innovatives Design. Dieser PC wurde entwickelt, um eine F\u00fclle von Peripherieschnittstellen aufzunehmen, und seine Intel Core i3\/i5\/i7 CPU unterst\u00fctzt zwei DDR4 SO-DIMM-Steckpl\u00e4tze mit bis zu 32 GB RAM. Die Option zur Montage auf einer DIN-Schiene erm\u00f6glicht eine einfache Integration in Ihre Produktionslinie und eine einfache Installation. Mit einer Breite von nur 277 mm (etwa 10 Zoll) bietet dieser Embedded PC maximale Wirkung in einem kleinen Formfaktor. Der TB-5545 kann als industrielles Steuerungssystem verwendet oder an mehrere Monitore angeschlossen werden, die eine 4K-Aufl\u00f6sung unterst\u00fctzen.    <\/p>\n<p><a title=\"RuggedPCReview\" href=\"https:\/\/www.ruggedpcreview.com\/3_embedded_teguar_tb5545.html\" target=\"_blank\" rel=\"noopener\"><span style=\"color: #0078bb;\"><i>Lesen Sie den Produktbericht von RuggedPCReview  &gt;<\/i><\/span><\/a><\/p>\n","protected":false},"excerpt":{"rendered":"<p><a href=\"https:\/\/teguar.com\/eu\/machine-vision-computer\/\">Systeme f\u00fcr die industrielle Bildverarbeitung:<\/a> Die robusten Industrie-PCs der Serie TB-5545 mit ihrer Intel Core i3\/i5\/i7-CPU der 7. Generation und ihren Erweiterungsoptionen eignen sich hervorragend f\u00fcr Machine-Vision-Anwendungen in industriellen Umgebungen und bieten zuverl\u00e4ssige Leistung und ma\u00dfgeschneiderte L\u00f6sungen.<\/p>\n<p><a href=\"https:\/\/teguar.com\/eu\/quality-control-computer\/\">Systeme zur Qualit\u00e4tskontrolle:<\/a> Mit ihrem robusten Stahlgeh\u00e4use und der K\u00fchlung durch einen Aluminium-K\u00fchlk\u00f6rper sind die Industrie-PCs der Serie TB-5545 speziell f\u00fcr die Anforderungen von Qualit\u00e4tskontrollanwendungen in industriellen Umgebungen konzipiert und gew\u00e4hrleisten eine zuverl\u00e4ssige und effiziente Leistung.<\/p>\n<p><a href=\"https:\/\/teguar.com\/eu\/de\/steuerungssysteme-computer\/\">Industrielle \u00dcberwachung und Steuerung:<\/a> Die Box-PCs der Serie TB-5545 sind mit einer Intel Core i3\/i5\/i7 CPU der 7. Generation ausgestattet und eignen sich f\u00fcr die \u00dcberwachung und Steuerung von Systemen wie SCADA (Supervisory Control and Data Acquisition) in Bereichen wie Energie, Versorgung und Transport.<\/p>\n","protected":false},"featured_media":2246147,"template":"","meta":{"_acf_changed":false},"product_brand":[],"product_cat":[2812,2824,2843,2845],"product_tag":[],"product_label":[],"class_list":{"0":"post-2244915","1":"product","2":"type-product","3":"status-publish","4":"has-post-thumbnail","6":"product_cat-embedded-pcs","7":"product_cat-lufterlose-pcs","8":"product_cat-rugged-computer","9":"product_cat-rugged-mini-pcs","10":"pa_windows-windows-10-iot","11":"pa_windows-windows-10-pro","12":"pa_windows-windows-8-1-pro","14":"first","15":"outofstock","16":"taxable","17":"shipping-taxable","18":"purchasable","19":"product-type-simple"},"composite_virtual":false,"composite_layout":"","composite_add_to_cart_form_location":"","composite_editable_in_cart":false,"composite_sold_individually_context":"","composite_shop_price_calc":"","composite_components":[],"composite_scenarios":[],"acf":[],"yoast_head":"<!-- This site is optimized with the Yoast SEO Premium plugin v26.8 (Yoast SEO v27.2) - https:\/\/yoast.com\/product\/yoast-seo-premium-wordpress\/ -->\n<title>L\u00fcfterloser Computer TB-5545 | TB-5545<\/title>\n<meta name=\"description\" content=\"Die Core\/i3\/i5\/i7 CPU unterst\u00fctzt zwei DDR4 SO-DIMM Steckpl\u00e4tze mit bis zu 32GB RAM. Dieser Embedded PC hat eine optionale DIN-Schienenhalterung.\" \/>\n<meta name=\"robots\" content=\"index, follow, max-snippet:-1, max-image-preview:large, max-video-preview:-1\" \/>\n<link rel=\"canonical\" href=\"https:\/\/teguar.com\/eu\/de\/product\/tb-5545\/\" \/>\n<meta property=\"og:locale\" content=\"de_DE\" \/>\n<meta property=\"og:type\" content=\"article\" \/>\n<meta property=\"og:title\" content=\"TB-5545\" \/>\n<meta property=\"og:description\" content=\"Die Core\/i3\/i5\/i7 CPU unterst\u00fctzt zwei DDR4 SO-DIMM Steckpl\u00e4tze mit bis zu 32GB RAM. Dieser Embedded PC hat eine optionale DIN-Schienenhalterung.\" \/>\n<meta property=\"og:url\" content=\"https:\/\/teguar.com\/eu\/de\/product\/tb-5545\/\" \/>\n<meta property=\"og:site_name\" content=\"Teguar\" \/>\n<meta property=\"article:modified_time\" content=\"2025-11-20T16:34:24+00:00\" \/>\n<meta property=\"og:image\" content=\"https:\/\/teguar.com\/eu\/wp-content\/uploads\/sites\/2\/2020\/07\/fanless_computer.tb-5045.mainslant_2__97841.1595934830.1280.1280.jpg\" \/>\n\t<meta property=\"og:image:width\" content=\"1000\" \/>\n\t<meta property=\"og:image:height\" content=\"1000\" \/>\n\t<meta property=\"og:image:type\" content=\"image\/jpeg\" \/>\n<meta name=\"twitter:card\" content=\"summary_large_image\" \/>\n<meta name=\"twitter:label1\" content=\"Gesch\u00e4tzte Lesezeit\" \/>\n\t<meta name=\"twitter:data1\" content=\"1\u00a0Minute\" \/>\n<script type=\"application\/ld+json\" class=\"yoast-schema-graph\">{\"@context\":\"https:\/\/schema.org\",\"@graph\":[{\"@type\":\"WebPage\",\"@id\":\"https:\/\/teguar.com\/eu\/de\/product\/tb-5545\/\",\"url\":\"https:\/\/teguar.com\/eu\/de\/product\/tb-5545\/\",\"name\":\"L\u00fcfterloser Computer TB-5545 | TB-5545\",\"isPartOf\":{\"@id\":\"https:\/\/teguar.com\/eu\/en\/#website\"},\"primaryImageOfPage\":{\"@id\":\"https:\/\/teguar.com\/eu\/de\/product\/tb-5545\/#primaryimage\"},\"image\":{\"@id\":\"https:\/\/teguar.com\/eu\/de\/product\/tb-5545\/#primaryimage\"},\"thumbnailUrl\":\"https:\/\/teguar.com\/eu\/wp-content\/uploads\/sites\/2\/2020\/07\/fanless_computer.tb-5045.mainslant_2__97841.1595934830.1280.1280.jpg\",\"datePublished\":\"2025-06-24T14:20:31+00:00\",\"dateModified\":\"2025-11-20T16:34:24+00:00\",\"description\":\"Die Core\/i3\/i5\/i7 CPU unterst\u00fctzt zwei DDR4 SO-DIMM Steckpl\u00e4tze mit bis zu 32GB RAM. Dieser Embedded PC hat eine optionale DIN-Schienenhalterung.\",\"breadcrumb\":{\"@id\":\"https:\/\/teguar.com\/eu\/de\/product\/tb-5545\/#breadcrumb\"},\"inLanguage\":\"de\",\"potentialAction\":[{\"@type\":\"ReadAction\",\"target\":[\"https:\/\/teguar.com\/eu\/de\/product\/tb-5545\/\"]}]},{\"@type\":\"ImageObject\",\"inLanguage\":\"de\",\"@id\":\"https:\/\/teguar.com\/eu\/de\/product\/tb-5545\/#primaryimage\",\"url\":\"https:\/\/teguar.com\/eu\/wp-content\/uploads\/sites\/2\/2020\/07\/fanless_computer.tb-5045.mainslant_2__97841.1595934830.1280.1280.jpg\",\"contentUrl\":\"https:\/\/teguar.com\/eu\/wp-content\/uploads\/sites\/2\/2020\/07\/fanless_computer.tb-5045.mainslant_2__97841.1595934830.1280.1280.jpg\",\"width\":1000,\"height\":1000,\"caption\":\"Fanless Box PC | TB-5545\"},{\"@type\":\"BreadcrumbList\",\"@id\":\"https:\/\/teguar.com\/eu\/de\/product\/tb-5545\/#breadcrumb\",\"itemListElement\":[{\"@type\":\"ListItem\",\"position\":1,\"name\":\"Home\",\"item\":\"https:\/\/teguar.com\/eu\/de\/\"},{\"@type\":\"ListItem\",\"position\":2,\"name\":\"TB-5545\"}]},{\"@type\":\"WebSite\",\"@id\":\"https:\/\/teguar.com\/eu\/en\/#website\",\"url\":\"https:\/\/teguar.com\/eu\/en\/\",\"name\":\"Teguar\",\"description\":\"Industrial PCs, Medical Computers, and Rugged Tablets\",\"potentialAction\":[{\"@type\":\"SearchAction\",\"target\":{\"@type\":\"EntryPoint\",\"urlTemplate\":\"https:\/\/teguar.com\/eu\/en\/?s={search_term_string}\"},\"query-input\":{\"@type\":\"PropertyValueSpecification\",\"valueRequired\":true,\"valueName\":\"search_term_string\"}}],\"inLanguage\":\"de\"}]}<\/script>\n<!-- \/ Yoast SEO Premium plugin. -->","yoast_head_json":{"title":"L\u00fcfterloser Computer TB-5545 | TB-5545","description":"Die Core\/i3\/i5\/i7 CPU unterst\u00fctzt zwei DDR4 SO-DIMM Steckpl\u00e4tze mit bis zu 32GB RAM. Dieser Embedded PC hat eine optionale DIN-Schienenhalterung.","robots":{"index":"index","follow":"follow","max-snippet":"max-snippet:-1","max-image-preview":"max-image-preview:large","max-video-preview":"max-video-preview:-1"},"canonical":"https:\/\/teguar.com\/eu\/de\/product\/tb-5545\/","og_locale":"de_DE","og_type":"article","og_title":"TB-5545","og_description":"Die Core\/i3\/i5\/i7 CPU unterst\u00fctzt zwei DDR4 SO-DIMM Steckpl\u00e4tze mit bis zu 32GB RAM. Dieser Embedded PC hat eine optionale DIN-Schienenhalterung.","og_url":"https:\/\/teguar.com\/eu\/de\/product\/tb-5545\/","og_site_name":"Teguar","article_modified_time":"2025-11-20T16:34:24+00:00","og_image":[{"width":1000,"height":1000,"url":"https:\/\/teguar.com\/eu\/wp-content\/uploads\/sites\/2\/2020\/07\/fanless_computer.tb-5045.mainslant_2__97841.1595934830.1280.1280.jpg","type":"image\/jpeg"}],"twitter_card":"summary_large_image","twitter_misc":{"Gesch\u00e4tzte Lesezeit":"1\u00a0Minute"},"schema":{"@context":"https:\/\/schema.org","@graph":[{"@type":"WebPage","@id":"https:\/\/teguar.com\/eu\/de\/product\/tb-5545\/","url":"https:\/\/teguar.com\/eu\/de\/product\/tb-5545\/","name":"L\u00fcfterloser Computer TB-5545 | TB-5545","isPartOf":{"@id":"https:\/\/teguar.com\/eu\/en\/#website"},"primaryImageOfPage":{"@id":"https:\/\/teguar.com\/eu\/de\/product\/tb-5545\/#primaryimage"},"image":{"@id":"https:\/\/teguar.com\/eu\/de\/product\/tb-5545\/#primaryimage"},"thumbnailUrl":"https:\/\/teguar.com\/eu\/wp-content\/uploads\/sites\/2\/2020\/07\/fanless_computer.tb-5045.mainslant_2__97841.1595934830.1280.1280.jpg","datePublished":"2025-06-24T14:20:31+00:00","dateModified":"2025-11-20T16:34:24+00:00","description":"Die Core\/i3\/i5\/i7 CPU unterst\u00fctzt zwei DDR4 SO-DIMM Steckpl\u00e4tze mit bis zu 32GB RAM. Dieser Embedded PC hat eine optionale DIN-Schienenhalterung.","breadcrumb":{"@id":"https:\/\/teguar.com\/eu\/de\/product\/tb-5545\/#breadcrumb"},"inLanguage":"de","potentialAction":[{"@type":"ReadAction","target":["https:\/\/teguar.com\/eu\/de\/product\/tb-5545\/"]}]},{"@type":"ImageObject","inLanguage":"de","@id":"https:\/\/teguar.com\/eu\/de\/product\/tb-5545\/#primaryimage","url":"https:\/\/teguar.com\/eu\/wp-content\/uploads\/sites\/2\/2020\/07\/fanless_computer.tb-5045.mainslant_2__97841.1595934830.1280.1280.jpg","contentUrl":"https:\/\/teguar.com\/eu\/wp-content\/uploads\/sites\/2\/2020\/07\/fanless_computer.tb-5045.mainslant_2__97841.1595934830.1280.1280.jpg","width":1000,"height":1000,"caption":"Fanless Box PC | TB-5545"},{"@type":"BreadcrumbList","@id":"https:\/\/teguar.com\/eu\/de\/product\/tb-5545\/#breadcrumb","itemListElement":[{"@type":"ListItem","position":1,"name":"Home","item":"https:\/\/teguar.com\/eu\/de\/"},{"@type":"ListItem","position":2,"name":"TB-5545"}]},{"@type":"WebSite","@id":"https:\/\/teguar.com\/eu\/en\/#website","url":"https:\/\/teguar.com\/eu\/en\/","name":"Teguar","description":"Industrial PCs, Medical Computers, and Rugged Tablets","potentialAction":[{"@type":"SearchAction","target":{"@type":"EntryPoint","urlTemplate":"https:\/\/teguar.com\/eu\/en\/?s={search_term_string}"},"query-input":{"@type":"PropertyValueSpecification","valueRequired":true,"valueName":"search_term_string"}}],"inLanguage":"de"}]}},"_links":{"self":[{"href":"https:\/\/teguar.com\/eu\/de\/wp-json\/wp\/v2\/product\/2244915","targetHints":{"allow":["GET"]}}],"collection":[{"href":"https:\/\/teguar.com\/eu\/de\/wp-json\/wp\/v2\/product"}],"about":[{"href":"https:\/\/teguar.com\/eu\/de\/wp-json\/wp\/v2\/types\/product"}],"wp:featuredmedia":[{"embeddable":true,"href":"https:\/\/teguar.com\/eu\/de\/wp-json\/wp\/v2\/media\/2246147"}],"wp:attachment":[{"href":"https:\/\/teguar.com\/eu\/de\/wp-json\/wp\/v2\/media?parent=2244915"}],"wp:term":[{"taxonomy":"product_brand","embeddable":true,"href":"https:\/\/teguar.com\/eu\/de\/wp-json\/wp\/v2\/product_brand?post=2244915"},{"taxonomy":"product_cat","embeddable":true,"href":"https:\/\/teguar.com\/eu\/de\/wp-json\/wp\/v2\/product_cat?post=2244915"},{"taxonomy":"product_tag","embeddable":true,"href":"https:\/\/teguar.com\/eu\/de\/wp-json\/wp\/v2\/product_tag?post=2244915"},{"taxonomy":"product_label","embeddable":true,"href":"https:\/\/teguar.com\/eu\/de\/wp-json\/wp\/v2\/product_label?post=2244915"}],"curies":[{"name":"wp","href":"https:\/\/api.w.org\/{rel}","templated":true}]}}