{"id":2244904,"date":"2025-06-24T14:20:31","date_gmt":"2025-06-24T14:20:31","guid":{"rendered":"https:\/\/teguar.com\/eu\/product\/tb-5545-mvs\/"},"modified":"2025-11-24T14:33:23","modified_gmt":"2025-11-24T14:33:23","slug":"tb-5545-mvs","status":"publish","type":"product","link":"https:\/\/teguar.com\/eu\/de\/product\/tb-5545-mvs\/","title":{"rendered":"TB-5545-MVS"},"content":{"rendered":"<p>Der TB-5545-MVS kombiniert hohe Leistung und eine F\u00fclle von E\/As in einem kompakten, robusten Formfaktor. Mit einer Breite von nur 9 Zoll (222 mm) und den bequem auf einer Seite angeordneten E\/As wurde dieser Computer f\u00fcr kompakte R\u00e4ume, wie z.B. einen Schaltschrank in einer Werkstatt, entwickelt. Er ist l\u00fcfterlos, in einem Aluminium- und Stahlgeh\u00e4use untergebracht und kann auf einer DIN-Schiene oder an der Wand montiert werden. Die TB-5545-MVS kann mit 2x oder 4x PCIe-Steckpl\u00e4tzen konfiguriert werden, die eine unendliche Vielzahl von Erweiterungskarten unterst\u00fctzen, was diesen Computer flexibel f\u00fcr branchenspezifische Anwendungen macht, darunter Machine Vision, Edge Computing und Qualit\u00e4tskontrolle. Die TB-5545-MVS bietet maximale Leistung in einem kleinen Formfaktor.    <\/p>\n<p><span style=\"color: #0078bb;\"><em><a title=\"RuggedPCReview\" href=\"https:\/\/www.ruggedpcreview.com\/3_embedded_teguar_tb5545mvs.html\" target=\"_blank\" rel=\"noopener\">Lesen Sie den Produktbericht von RuggedPCReview  &gt;<\/a><\/em><\/span><\/p>\n","protected":false},"excerpt":{"rendered":"<p><a href=\"https:\/\/teguar.com\/eu\/machine-vision-computer\/\">Systeme f\u00fcr die industrielle Bildverarbeitung:<\/a> Die robusten Industrie-PCs der Serie TB-5545 mit ihrer Intel Core i3\/i5\/i7-CPU der 7. Generation und ihren Erweiterungsoptionen eignen sich hervorragend f\u00fcr Machine-Vision-Anwendungen in industriellen Umgebungen und bieten zuverl\u00e4ssige Leistung und ma\u00dfgeschneiderte L\u00f6sungen.<\/p>\n<p><a href=\"https:\/\/teguar.com\/eu\/quality-control-computer\/\">Systeme zur Qualit\u00e4tskontrolle:<\/a> Mit ihrem robusten Stahlgeh\u00e4use und der K\u00fchlung durch einen Aluminium-K\u00fchlk\u00f6rper sind die Industrie-PCs der Serie TB-5545 speziell f\u00fcr die Anforderungen von Qualit\u00e4tskontrollanwendungen in industriellen Umgebungen konzipiert und gew\u00e4hrleisten eine zuverl\u00e4ssige und effiziente Leistung.<\/p>\n<p><a href=\"https:\/\/teguar.com\/eu\/de\/steuerungssysteme-computer\/\">Industrielle \u00dcberwachung und Steuerung:<\/a> Die Box-PCs der Serie TB-5545 sind mit einer Intel Core i3\/i5\/i7 CPU der 7. Generation ausgestattet und eignen sich f\u00fcr die \u00dcberwachung und Steuerung von Systemen wie SCADA (Supervisory Control and Data Acquisition) in Bereichen wie Energie, Versorgung und Transport.<\/p>\n","protected":false},"featured_media":2246148,"template":"","meta":{"_acf_changed":false},"product_brand":[],"product_cat":[2812,2824,2843,2845],"product_tag":[],"product_label":[],"class_list":{"0":"post-2244904","1":"product","2":"type-product","3":"status-publish","4":"has-post-thumbnail","6":"product_cat-embedded-pcs","7":"product_cat-lufterlose-pcs","8":"product_cat-rugged-computer","9":"product_cat-rugged-mini-pcs","10":"pa_windows-windows-10-iot","11":"pa_windows-windows-10-pro","13":"first","14":"instock","15":"taxable","16":"shipping-taxable","17":"purchasable","18":"product-type-simple"},"composite_virtual":false,"composite_layout":"","composite_add_to_cart_form_location":"","composite_editable_in_cart":false,"composite_sold_individually_context":"","composite_shop_price_calc":"","composite_components":[],"composite_scenarios":[],"acf":[],"yoast_head":"<!-- This site is optimized with the Yoast SEO Premium plugin v26.8 (Yoast SEO v27.2) - https:\/\/yoast.com\/product\/yoast-seo-premium-wordpress\/ -->\n<title>Machine Vision Box Computer | TB-5545-MVS<\/title>\n<meta name=\"description\" content=\"Dieser Edge Computer ist f\u00fcr die Erfassung von Daten aus mehreren Eingaben konzipiert und verf\u00fcgt \u00fcber die n\u00f6tige Rechenleistung, um Entscheidungen \u00fcber diese Eingaben in Echtzeit zu treffen.\" \/>\n<meta name=\"robots\" content=\"index, follow, max-snippet:-1, max-image-preview:large, max-video-preview:-1\" \/>\n<link rel=\"canonical\" href=\"https:\/\/teguar.com\/eu\/de\/product\/tb-5545-mvs\/\" \/>\n<meta property=\"og:locale\" content=\"de_DE\" \/>\n<meta property=\"og:type\" content=\"article\" \/>\n<meta property=\"og:title\" content=\"TB-5545-MVS\" \/>\n<meta property=\"og:description\" content=\"Dieser Edge Computer ist f\u00fcr die Erfassung von Daten aus mehreren Eingaben konzipiert und verf\u00fcgt \u00fcber die n\u00f6tige Rechenleistung, um Entscheidungen \u00fcber diese Eingaben in Echtzeit zu treffen.\" \/>\n<meta property=\"og:url\" content=\"https:\/\/teguar.com\/eu\/de\/product\/tb-5545-mvs\/\" \/>\n<meta property=\"og:site_name\" content=\"Teguar\" \/>\n<meta property=\"article:modified_time\" content=\"2025-11-24T14:33:23+00:00\" \/>\n<meta property=\"og:image\" content=\"https:\/\/teguar.com\/eu\/wp-content\/uploads\/sites\/2\/2020\/07\/tb-5545-mvs-box-pc__38986.1595934831.1280.1280.jpg\" \/>\n\t<meta property=\"og:image:width\" content=\"1000\" \/>\n\t<meta property=\"og:image:height\" content=\"1000\" \/>\n\t<meta property=\"og:image:type\" content=\"image\/jpeg\" \/>\n<meta name=\"twitter:card\" content=\"summary_large_image\" \/>\n<meta name=\"twitter:label1\" content=\"Gesch\u00e4tzte Lesezeit\" \/>\n\t<meta name=\"twitter:data1\" content=\"1\u00a0Minute\" \/>\n<script type=\"application\/ld+json\" class=\"yoast-schema-graph\">{\"@context\":\"https:\/\/schema.org\",\"@graph\":[{\"@type\":\"WebPage\",\"@id\":\"https:\/\/teguar.com\/eu\/de\/product\/tb-5545-mvs\/\",\"url\":\"https:\/\/teguar.com\/eu\/de\/product\/tb-5545-mvs\/\",\"name\":\"Machine Vision Box Computer | TB-5545-MVS\",\"isPartOf\":{\"@id\":\"https:\/\/teguar.com\/eu\/en\/#website\"},\"primaryImageOfPage\":{\"@id\":\"https:\/\/teguar.com\/eu\/de\/product\/tb-5545-mvs\/#primaryimage\"},\"image\":{\"@id\":\"https:\/\/teguar.com\/eu\/de\/product\/tb-5545-mvs\/#primaryimage\"},\"thumbnailUrl\":\"https:\/\/teguar.com\/eu\/wp-content\/uploads\/sites\/2\/2020\/07\/tb-5545-mvs-box-pc__38986.1595934831.1280.1280.jpg\",\"datePublished\":\"2025-06-24T14:20:31+00:00\",\"dateModified\":\"2025-11-24T14:33:23+00:00\",\"description\":\"Dieser Edge Computer ist f\u00fcr die Erfassung von Daten aus mehreren Eingaben konzipiert und verf\u00fcgt \u00fcber die n\u00f6tige Rechenleistung, um Entscheidungen \u00fcber diese Eingaben in Echtzeit zu treffen.\",\"breadcrumb\":{\"@id\":\"https:\/\/teguar.com\/eu\/de\/product\/tb-5545-mvs\/#breadcrumb\"},\"inLanguage\":\"de\",\"potentialAction\":[{\"@type\":\"ReadAction\",\"target\":[\"https:\/\/teguar.com\/eu\/de\/product\/tb-5545-mvs\/\"]}]},{\"@type\":\"ImageObject\",\"inLanguage\":\"de\",\"@id\":\"https:\/\/teguar.com\/eu\/de\/product\/tb-5545-mvs\/#primaryimage\",\"url\":\"https:\/\/teguar.com\/eu\/wp-content\/uploads\/sites\/2\/2020\/07\/tb-5545-mvs-box-pc__38986.1595934831.1280.1280.jpg\",\"contentUrl\":\"https:\/\/teguar.com\/eu\/wp-content\/uploads\/sites\/2\/2020\/07\/tb-5545-mvs-box-pc__38986.1595934831.1280.1280.jpg\",\"width\":1000,\"height\":1000,\"caption\":\"Fanless Industrial Computer | TB-5545-MVS\"},{\"@type\":\"BreadcrumbList\",\"@id\":\"https:\/\/teguar.com\/eu\/de\/product\/tb-5545-mvs\/#breadcrumb\",\"itemListElement\":[{\"@type\":\"ListItem\",\"position\":1,\"name\":\"Home\",\"item\":\"https:\/\/teguar.com\/eu\/de\/\"},{\"@type\":\"ListItem\",\"position\":2,\"name\":\"TB-5545-MVS\"}]},{\"@type\":\"WebSite\",\"@id\":\"https:\/\/teguar.com\/eu\/en\/#website\",\"url\":\"https:\/\/teguar.com\/eu\/en\/\",\"name\":\"Teguar\",\"description\":\"Industrial PCs, Medical Computers, and Rugged Tablets\",\"potentialAction\":[{\"@type\":\"SearchAction\",\"target\":{\"@type\":\"EntryPoint\",\"urlTemplate\":\"https:\/\/teguar.com\/eu\/en\/?s={search_term_string}\"},\"query-input\":{\"@type\":\"PropertyValueSpecification\",\"valueRequired\":true,\"valueName\":\"search_term_string\"}}],\"inLanguage\":\"de\"}]}<\/script>\n<!-- \/ Yoast SEO Premium plugin. -->","yoast_head_json":{"title":"Machine Vision Box Computer | TB-5545-MVS","description":"Dieser Edge Computer ist f\u00fcr die Erfassung von Daten aus mehreren Eingaben konzipiert und verf\u00fcgt \u00fcber die n\u00f6tige Rechenleistung, um Entscheidungen \u00fcber diese Eingaben in Echtzeit zu treffen.","robots":{"index":"index","follow":"follow","max-snippet":"max-snippet:-1","max-image-preview":"max-image-preview:large","max-video-preview":"max-video-preview:-1"},"canonical":"https:\/\/teguar.com\/eu\/de\/product\/tb-5545-mvs\/","og_locale":"de_DE","og_type":"article","og_title":"TB-5545-MVS","og_description":"Dieser Edge Computer ist f\u00fcr die Erfassung von Daten aus mehreren Eingaben konzipiert und verf\u00fcgt \u00fcber die n\u00f6tige Rechenleistung, um Entscheidungen \u00fcber diese Eingaben in Echtzeit zu treffen.","og_url":"https:\/\/teguar.com\/eu\/de\/product\/tb-5545-mvs\/","og_site_name":"Teguar","article_modified_time":"2025-11-24T14:33:23+00:00","og_image":[{"width":1000,"height":1000,"url":"https:\/\/teguar.com\/eu\/wp-content\/uploads\/sites\/2\/2020\/07\/tb-5545-mvs-box-pc__38986.1595934831.1280.1280.jpg","type":"image\/jpeg"}],"twitter_card":"summary_large_image","twitter_misc":{"Gesch\u00e4tzte Lesezeit":"1\u00a0Minute"},"schema":{"@context":"https:\/\/schema.org","@graph":[{"@type":"WebPage","@id":"https:\/\/teguar.com\/eu\/de\/product\/tb-5545-mvs\/","url":"https:\/\/teguar.com\/eu\/de\/product\/tb-5545-mvs\/","name":"Machine Vision Box Computer | TB-5545-MVS","isPartOf":{"@id":"https:\/\/teguar.com\/eu\/en\/#website"},"primaryImageOfPage":{"@id":"https:\/\/teguar.com\/eu\/de\/product\/tb-5545-mvs\/#primaryimage"},"image":{"@id":"https:\/\/teguar.com\/eu\/de\/product\/tb-5545-mvs\/#primaryimage"},"thumbnailUrl":"https:\/\/teguar.com\/eu\/wp-content\/uploads\/sites\/2\/2020\/07\/tb-5545-mvs-box-pc__38986.1595934831.1280.1280.jpg","datePublished":"2025-06-24T14:20:31+00:00","dateModified":"2025-11-24T14:33:23+00:00","description":"Dieser Edge Computer ist f\u00fcr die Erfassung von Daten aus mehreren Eingaben konzipiert und verf\u00fcgt \u00fcber die n\u00f6tige Rechenleistung, um Entscheidungen \u00fcber diese Eingaben in Echtzeit zu treffen.","breadcrumb":{"@id":"https:\/\/teguar.com\/eu\/de\/product\/tb-5545-mvs\/#breadcrumb"},"inLanguage":"de","potentialAction":[{"@type":"ReadAction","target":["https:\/\/teguar.com\/eu\/de\/product\/tb-5545-mvs\/"]}]},{"@type":"ImageObject","inLanguage":"de","@id":"https:\/\/teguar.com\/eu\/de\/product\/tb-5545-mvs\/#primaryimage","url":"https:\/\/teguar.com\/eu\/wp-content\/uploads\/sites\/2\/2020\/07\/tb-5545-mvs-box-pc__38986.1595934831.1280.1280.jpg","contentUrl":"https:\/\/teguar.com\/eu\/wp-content\/uploads\/sites\/2\/2020\/07\/tb-5545-mvs-box-pc__38986.1595934831.1280.1280.jpg","width":1000,"height":1000,"caption":"Fanless Industrial Computer | TB-5545-MVS"},{"@type":"BreadcrumbList","@id":"https:\/\/teguar.com\/eu\/de\/product\/tb-5545-mvs\/#breadcrumb","itemListElement":[{"@type":"ListItem","position":1,"name":"Home","item":"https:\/\/teguar.com\/eu\/de\/"},{"@type":"ListItem","position":2,"name":"TB-5545-MVS"}]},{"@type":"WebSite","@id":"https:\/\/teguar.com\/eu\/en\/#website","url":"https:\/\/teguar.com\/eu\/en\/","name":"Teguar","description":"Industrial PCs, Medical Computers, and Rugged Tablets","potentialAction":[{"@type":"SearchAction","target":{"@type":"EntryPoint","urlTemplate":"https:\/\/teguar.com\/eu\/en\/?s={search_term_string}"},"query-input":{"@type":"PropertyValueSpecification","valueRequired":true,"valueName":"search_term_string"}}],"inLanguage":"de"}]}},"_links":{"self":[{"href":"https:\/\/teguar.com\/eu\/de\/wp-json\/wp\/v2\/product\/2244904","targetHints":{"allow":["GET"]}}],"collection":[{"href":"https:\/\/teguar.com\/eu\/de\/wp-json\/wp\/v2\/product"}],"about":[{"href":"https:\/\/teguar.com\/eu\/de\/wp-json\/wp\/v2\/types\/product"}],"wp:featuredmedia":[{"embeddable":true,"href":"https:\/\/teguar.com\/eu\/de\/wp-json\/wp\/v2\/media\/2246148"}],"wp:attachment":[{"href":"https:\/\/teguar.com\/eu\/de\/wp-json\/wp\/v2\/media?parent=2244904"}],"wp:term":[{"taxonomy":"product_brand","embeddable":true,"href":"https:\/\/teguar.com\/eu\/de\/wp-json\/wp\/v2\/product_brand?post=2244904"},{"taxonomy":"product_cat","embeddable":true,"href":"https:\/\/teguar.com\/eu\/de\/wp-json\/wp\/v2\/product_cat?post=2244904"},{"taxonomy":"product_tag","embeddable":true,"href":"https:\/\/teguar.com\/eu\/de\/wp-json\/wp\/v2\/product_tag?post=2244904"},{"taxonomy":"product_label","embeddable":true,"href":"https:\/\/teguar.com\/eu\/de\/wp-json\/wp\/v2\/product_label?post=2244904"}],"curies":[{"name":"wp","href":"https:\/\/api.w.org\/{rel}","templated":true}]}}