{"id":2244898,"date":"2025-06-24T14:20:24","date_gmt":"2025-06-24T14:20:24","guid":{"rendered":"https:\/\/teguar.com\/eu\/product\/tb-5045\/"},"modified":"2025-11-20T16:34:36","modified_gmt":"2025-11-20T16:34:36","slug":"tb-5045","status":"publish","type":"product","link":"https:\/\/teguar.com\/eu\/de\/product\/tb-5045\/","title":{"rendered":"TB-5045"},"content":{"rendered":"<p>Der l\u00fcfterlose Industriecomputer TB-5045 hat ein innovatives Design und verf\u00fcgt \u00fcber eine nicht standardisierte Hauptplatine. Diese wurde entwickelt, um eine F\u00fclle von Peripherie-Schnittstellen unterzubringen. Au\u00dferdem wurde eine Option zur Montage auf DIN-Schienen f\u00fcr die Platzierung in der Fabrik entwickelt. Die Core\/i3\/i5\/i7 CPU unterst\u00fctzt zwei DDR4 SO-DIMM-Steckpl\u00e4tze mit bis zu 32 GB RAM. Mit einer Breite von etwa 9&#8243; (ca. 275 mm) bietet der Embedded PC ein Maximum an Wirkung in einem kleinen Formfaktor. Der TB-5045 kann als industrielles Steuerungssystem verwendet oder an mehrere Monitore angeschlossen werden, die eine 4K-Aufl\u00f6sung unterst\u00fctzen.     <\/p>\n<p><strong><span class=\"ui-provider a b c d e f g h i j k l m n o p q r s t u v w x y z ab ac ae af ag ah ai aj ak\" dir=\"ltr\">Dieses Produkt gilt jetzt als &#8222;Vorherige Generation&#8220;, d.h. es kann sein, dass es nicht mehr erh\u00e4ltlich ist. Rufen Sie +1 800 870 7715 an, um weitere Informationen zu diesem Produkt zu erhalten, oder sehen Sie sich unsere vollst\u00e4ndige Liste der derzeit <a href=\"https:\/\/teguar.com\/eu\/box-pcs\/\">verf\u00fcgbaren Box PCs<\/a> an. <\/span><\/strong><\/p>\n","protected":false},"excerpt":{"rendered":"<p>Der l\u00fcfterlose Industriecomputer TB-5045 verf\u00fcgt \u00fcber ein Nicht-Standard-Motherboard und kann eine F\u00fclle von Peripherieger\u00e4ten aufnehmen. Die Core i3\/i5\/i7 CPU unterst\u00fctzt zwei DDR4 SO-DIMM-Steckpl\u00e4tze mit bis zu 32 GB RAM. <\/p>\n","protected":false},"featured_media":2246141,"template":"","meta":{"_acf_changed":false},"product_brand":[],"product_cat":[2812,2824,2843,2845],"product_tag":[],"product_label":[],"class_list":{"0":"post-2244898","1":"product","2":"type-product","3":"status-publish","4":"has-post-thumbnail","6":"product_cat-embedded-pcs","7":"product_cat-lufterlose-pcs","8":"product_cat-rugged-computer","9":"product_cat-rugged-mini-pcs","10":"pa_windows-windows-10-iot","11":"pa_windows-windows-8-1-pro","13":"first","14":"outofstock","15":"taxable","16":"shipping-taxable","17":"purchasable","18":"product-type-simple"},"composite_virtual":false,"composite_layout":"","composite_add_to_cart_form_location":"","composite_editable_in_cart":false,"composite_sold_individually_context":"","composite_shop_price_calc":"","composite_components":[],"composite_scenarios":[],"acf":[],"yoast_head":"<!-- This site is optimized with the Yoast SEO Premium plugin v26.8 (Yoast SEO v27.2) - https:\/\/yoast.com\/product\/yoast-seo-premium-wordpress\/ -->\n<title>L\u00fcfterloser Computer | TB-5045<\/title>\n<meta name=\"description\" content=\"Die Core i3\/i5\/i7 CPU unterst\u00fctzt zwei DDR4 SO-DIMM-Steckpl\u00e4tze mit bis zu 32 GB RAM. Dieser Embedded PC bietet eine maximale Leistung in einem kleinen Formfaktor.\" \/>\n<meta name=\"robots\" content=\"index, follow, max-snippet:-1, max-image-preview:large, max-video-preview:-1\" \/>\n<link rel=\"canonical\" href=\"https:\/\/teguar.com\/eu\/de\/product\/tb-5045\/\" \/>\n<meta property=\"og:locale\" content=\"de_DE\" \/>\n<meta property=\"og:type\" content=\"article\" \/>\n<meta property=\"og:title\" content=\"TB-5045\" \/>\n<meta property=\"og:description\" content=\"Die Core i3\/i5\/i7 CPU unterst\u00fctzt zwei DDR4 SO-DIMM-Steckpl\u00e4tze mit bis zu 32 GB RAM. Dieser Embedded PC bietet eine maximale Leistung in einem kleinen Formfaktor.\" \/>\n<meta property=\"og:url\" content=\"https:\/\/teguar.com\/eu\/de\/product\/tb-5045\/\" \/>\n<meta property=\"og:site_name\" content=\"Teguar\" \/>\n<meta property=\"article:modified_time\" content=\"2025-11-20T16:34:36+00:00\" \/>\n<meta property=\"og:image\" content=\"https:\/\/teguar.com\/eu\/wp-content\/uploads\/sites\/2\/2020\/07\/fanless_computer.tb-5045.mainslant__68736.1595934824.1280.1280.jpg\" \/>\n\t<meta property=\"og:image:width\" content=\"1000\" \/>\n\t<meta property=\"og:image:height\" content=\"1000\" \/>\n\t<meta property=\"og:image:type\" content=\"image\/jpeg\" \/>\n<meta name=\"twitter:card\" content=\"summary_large_image\" \/>\n<meta name=\"twitter:label1\" content=\"Gesch\u00e4tzte Lesezeit\" \/>\n\t<meta name=\"twitter:data1\" content=\"1\u00a0Minute\" \/>\n<script type=\"application\/ld+json\" class=\"yoast-schema-graph\">{\"@context\":\"https:\/\/schema.org\",\"@graph\":[{\"@type\":\"WebPage\",\"@id\":\"https:\/\/teguar.com\/eu\/de\/product\/tb-5045\/\",\"url\":\"https:\/\/teguar.com\/eu\/de\/product\/tb-5045\/\",\"name\":\"L\u00fcfterloser Computer | TB-5045\",\"isPartOf\":{\"@id\":\"https:\/\/teguar.com\/eu\/en\/#website\"},\"primaryImageOfPage\":{\"@id\":\"https:\/\/teguar.com\/eu\/de\/product\/tb-5045\/#primaryimage\"},\"image\":{\"@id\":\"https:\/\/teguar.com\/eu\/de\/product\/tb-5045\/#primaryimage\"},\"thumbnailUrl\":\"https:\/\/teguar.com\/eu\/wp-content\/uploads\/sites\/2\/2020\/07\/fanless_computer.tb-5045.mainslant__68736.1595934824.1280.1280.jpg\",\"datePublished\":\"2025-06-24T14:20:24+00:00\",\"dateModified\":\"2025-11-20T16:34:36+00:00\",\"description\":\"Die Core i3\/i5\/i7 CPU unterst\u00fctzt zwei DDR4 SO-DIMM-Steckpl\u00e4tze mit bis zu 32 GB RAM. Dieser Embedded PC bietet eine maximale Leistung in einem kleinen Formfaktor.\",\"breadcrumb\":{\"@id\":\"https:\/\/teguar.com\/eu\/de\/product\/tb-5045\/#breadcrumb\"},\"inLanguage\":\"de\",\"potentialAction\":[{\"@type\":\"ReadAction\",\"target\":[\"https:\/\/teguar.com\/eu\/de\/product\/tb-5045\/\"]}]},{\"@type\":\"ImageObject\",\"inLanguage\":\"de\",\"@id\":\"https:\/\/teguar.com\/eu\/de\/product\/tb-5045\/#primaryimage\",\"url\":\"https:\/\/teguar.com\/eu\/wp-content\/uploads\/sites\/2\/2020\/07\/fanless_computer.tb-5045.mainslant__68736.1595934824.1280.1280.jpg\",\"contentUrl\":\"https:\/\/teguar.com\/eu\/wp-content\/uploads\/sites\/2\/2020\/07\/fanless_computer.tb-5045.mainslant__68736.1595934824.1280.1280.jpg\",\"width\":1000,\"height\":1000,\"caption\":\"Embedded Box PC | TB-5545\"},{\"@type\":\"BreadcrumbList\",\"@id\":\"https:\/\/teguar.com\/eu\/de\/product\/tb-5045\/#breadcrumb\",\"itemListElement\":[{\"@type\":\"ListItem\",\"position\":1,\"name\":\"Home\",\"item\":\"https:\/\/teguar.com\/eu\/de\/\"},{\"@type\":\"ListItem\",\"position\":2,\"name\":\"TB-5045\"}]},{\"@type\":\"WebSite\",\"@id\":\"https:\/\/teguar.com\/eu\/en\/#website\",\"url\":\"https:\/\/teguar.com\/eu\/en\/\",\"name\":\"Teguar\",\"description\":\"Industrial PCs, Medical Computers, and Rugged Tablets\",\"potentialAction\":[{\"@type\":\"SearchAction\",\"target\":{\"@type\":\"EntryPoint\",\"urlTemplate\":\"https:\/\/teguar.com\/eu\/en\/?s={search_term_string}\"},\"query-input\":{\"@type\":\"PropertyValueSpecification\",\"valueRequired\":true,\"valueName\":\"search_term_string\"}}],\"inLanguage\":\"de\"}]}<\/script>\n<!-- \/ Yoast SEO Premium plugin. -->","yoast_head_json":{"title":"L\u00fcfterloser Computer | TB-5045","description":"Die Core i3\/i5\/i7 CPU unterst\u00fctzt zwei DDR4 SO-DIMM-Steckpl\u00e4tze mit bis zu 32 GB RAM. Dieser Embedded PC bietet eine maximale Leistung in einem kleinen Formfaktor.","robots":{"index":"index","follow":"follow","max-snippet":"max-snippet:-1","max-image-preview":"max-image-preview:large","max-video-preview":"max-video-preview:-1"},"canonical":"https:\/\/teguar.com\/eu\/de\/product\/tb-5045\/","og_locale":"de_DE","og_type":"article","og_title":"TB-5045","og_description":"Die Core i3\/i5\/i7 CPU unterst\u00fctzt zwei DDR4 SO-DIMM-Steckpl\u00e4tze mit bis zu 32 GB RAM. Dieser Embedded PC bietet eine maximale Leistung in einem kleinen Formfaktor.","og_url":"https:\/\/teguar.com\/eu\/de\/product\/tb-5045\/","og_site_name":"Teguar","article_modified_time":"2025-11-20T16:34:36+00:00","og_image":[{"width":1000,"height":1000,"url":"https:\/\/teguar.com\/eu\/wp-content\/uploads\/sites\/2\/2020\/07\/fanless_computer.tb-5045.mainslant__68736.1595934824.1280.1280.jpg","type":"image\/jpeg"}],"twitter_card":"summary_large_image","twitter_misc":{"Gesch\u00e4tzte Lesezeit":"1\u00a0Minute"},"schema":{"@context":"https:\/\/schema.org","@graph":[{"@type":"WebPage","@id":"https:\/\/teguar.com\/eu\/de\/product\/tb-5045\/","url":"https:\/\/teguar.com\/eu\/de\/product\/tb-5045\/","name":"L\u00fcfterloser Computer | TB-5045","isPartOf":{"@id":"https:\/\/teguar.com\/eu\/en\/#website"},"primaryImageOfPage":{"@id":"https:\/\/teguar.com\/eu\/de\/product\/tb-5045\/#primaryimage"},"image":{"@id":"https:\/\/teguar.com\/eu\/de\/product\/tb-5045\/#primaryimage"},"thumbnailUrl":"https:\/\/teguar.com\/eu\/wp-content\/uploads\/sites\/2\/2020\/07\/fanless_computer.tb-5045.mainslant__68736.1595934824.1280.1280.jpg","datePublished":"2025-06-24T14:20:24+00:00","dateModified":"2025-11-20T16:34:36+00:00","description":"Die Core i3\/i5\/i7 CPU unterst\u00fctzt zwei DDR4 SO-DIMM-Steckpl\u00e4tze mit bis zu 32 GB RAM. Dieser Embedded PC bietet eine maximale Leistung in einem kleinen Formfaktor.","breadcrumb":{"@id":"https:\/\/teguar.com\/eu\/de\/product\/tb-5045\/#breadcrumb"},"inLanguage":"de","potentialAction":[{"@type":"ReadAction","target":["https:\/\/teguar.com\/eu\/de\/product\/tb-5045\/"]}]},{"@type":"ImageObject","inLanguage":"de","@id":"https:\/\/teguar.com\/eu\/de\/product\/tb-5045\/#primaryimage","url":"https:\/\/teguar.com\/eu\/wp-content\/uploads\/sites\/2\/2020\/07\/fanless_computer.tb-5045.mainslant__68736.1595934824.1280.1280.jpg","contentUrl":"https:\/\/teguar.com\/eu\/wp-content\/uploads\/sites\/2\/2020\/07\/fanless_computer.tb-5045.mainslant__68736.1595934824.1280.1280.jpg","width":1000,"height":1000,"caption":"Embedded Box PC | TB-5545"},{"@type":"BreadcrumbList","@id":"https:\/\/teguar.com\/eu\/de\/product\/tb-5045\/#breadcrumb","itemListElement":[{"@type":"ListItem","position":1,"name":"Home","item":"https:\/\/teguar.com\/eu\/de\/"},{"@type":"ListItem","position":2,"name":"TB-5045"}]},{"@type":"WebSite","@id":"https:\/\/teguar.com\/eu\/en\/#website","url":"https:\/\/teguar.com\/eu\/en\/","name":"Teguar","description":"Industrial PCs, Medical Computers, and Rugged Tablets","potentialAction":[{"@type":"SearchAction","target":{"@type":"EntryPoint","urlTemplate":"https:\/\/teguar.com\/eu\/en\/?s={search_term_string}"},"query-input":{"@type":"PropertyValueSpecification","valueRequired":true,"valueName":"search_term_string"}}],"inLanguage":"de"}]}},"_links":{"self":[{"href":"https:\/\/teguar.com\/eu\/de\/wp-json\/wp\/v2\/product\/2244898","targetHints":{"allow":["GET"]}}],"collection":[{"href":"https:\/\/teguar.com\/eu\/de\/wp-json\/wp\/v2\/product"}],"about":[{"href":"https:\/\/teguar.com\/eu\/de\/wp-json\/wp\/v2\/types\/product"}],"wp:featuredmedia":[{"embeddable":true,"href":"https:\/\/teguar.com\/eu\/de\/wp-json\/wp\/v2\/media\/2246141"}],"wp:attachment":[{"href":"https:\/\/teguar.com\/eu\/de\/wp-json\/wp\/v2\/media?parent=2244898"}],"wp:term":[{"taxonomy":"product_brand","embeddable":true,"href":"https:\/\/teguar.com\/eu\/de\/wp-json\/wp\/v2\/product_brand?post=2244898"},{"taxonomy":"product_cat","embeddable":true,"href":"https:\/\/teguar.com\/eu\/de\/wp-json\/wp\/v2\/product_cat?post=2244898"},{"taxonomy":"product_tag","embeddable":true,"href":"https:\/\/teguar.com\/eu\/de\/wp-json\/wp\/v2\/product_tag?post=2244898"},{"taxonomy":"product_label","embeddable":true,"href":"https:\/\/teguar.com\/eu\/de\/wp-json\/wp\/v2\/product_label?post=2244898"}],"curies":[{"name":"wp","href":"https:\/\/api.w.org\/{rel}","templated":true}]}}