{"id":2244895,"date":"2025-06-29T14:12:50","date_gmt":"2025-06-29T14:12:50","guid":{"rendered":"https:\/\/teguar.com\/eu\/product\/tp-4180-10\/"},"modified":"2025-11-19T20:47:48","modified_gmt":"2025-11-19T20:47:48","slug":"tp-4180-10","status":"publish","type":"product","link":"https:\/\/teguar.com\/eu\/de\/product\/tp-4180-10\/","title":{"rendered":"TP-4180-10"},"content":{"rendered":"<p>Der TP-4180-10 10&#8243; Eclipse <a href=\"https:\/\/teguar.com\/eu\/de\/panel-pcs\/\">Panel PC<\/a> ist das Angebot von Teguar f\u00fcr Projektmanager, die einen einfachen, kleinen und dennoch robusten Panel PC suchen, der f\u00fcr den Einsatz in einer Fertigungsumgebung konzipiert ist. Obwohl alle Produkte von Teguar zu wettbewerbsf\u00e4higen Preisen angeboten werden, steht beim TP-4180-10 der Aspekt der <strong>niedrigen Kosten<\/strong> im Vordergrund. Mit seinem kleinen 10-Zoll-Bildschirm und dem flachen, IP65-zertifizierten Rahmen eignet sich das TP-4180-10 perfekt f\u00fcr die Installation in beengten Bereichen oder f\u00fcr die Anzeige einer begrenzten Anzahl von Daten f\u00fcr die Mitarbeiter. Der TP-4180-10 verf\u00fcgt \u00fcber eine robuste Verarbeitungsleistung f\u00fcr ein so kleines Ger\u00e4t und ist mit einem optionalen 16 GB gro\u00dfen Arbeitsspeicher f\u00fcr die browserbasierte Verbindung zu cloudbasierten ERP-Systemen oder die Dateneingabe in Ihre Fertigungssoftwareplattform geeignet.   <\/p>\n","protected":false},"excerpt":{"rendered":"<p>Der 10-Zoll-Panel-PC Eclipse von Teguar ist ein kosteng\u00fcnstiger Touchscreen-Panel-PC mit einem kapazitiven 10-Zoll-Touchscreen, einer IP65-zertifizierten Frontblende, einem Aluminiumgeh\u00e4use und einer Celeron J3455 CPU.<\/p>\n","protected":false},"featured_media":2245891,"template":"","meta":{"_acf_changed":false},"product_brand":[],"product_cat":[2839],"product_tag":[3109],"product_label":[],"class_list":{"0":"post-2244895","1":"product","2":"type-product","3":"status-publish","4":"has-post-thumbnail","6":"product_cat-panel-pcs","7":"product_tag-eclipse-series","8":"pa_windows-windows-10-iot","9":"pa_windows-windows-10-pro","11":"first","12":"outofstock","13":"taxable","14":"shipping-taxable","15":"purchasable","16":"product-type-simple"},"composite_virtual":false,"composite_layout":"","composite_add_to_cart_form_location":"","composite_editable_in_cart":false,"composite_sold_individually_context":"","composite_shop_price_calc":"","composite_components":[],"composite_scenarios":[],"acf":[],"yoast_head":"<!-- This site is optimized with the Yoast SEO Premium plugin v26.8 (Yoast SEO v27.2) - https:\/\/yoast.com\/product\/yoast-seo-premium-wordpress\/ -->\n<title>10&quot; Eclipse Panel PC | TP-4180-10<\/title>\n<meta name=\"description\" content=\"Der TP-4180-10 von Teguar ist ein kleiner, budgetfreundlicher Panel-PC, der sich perfekt f\u00fcr die Installation in beengten R\u00e4umen oder f\u00fcr die Anzeige einer begrenzten Anzahl von Daten f\u00fcr Mitarbeiter eignet.\" \/>\n<meta name=\"robots\" content=\"index, follow, max-snippet:-1, max-image-preview:large, max-video-preview:-1\" \/>\n<link rel=\"canonical\" href=\"https:\/\/teguar.com\/eu\/de\/product\/tp-4180-10\/\" \/>\n<meta property=\"og:locale\" content=\"de_DE\" \/>\n<meta property=\"og:type\" content=\"article\" \/>\n<meta property=\"og:title\" content=\"TP-4180-10\" \/>\n<meta property=\"og:description\" content=\"Der TP-4180-10 von Teguar ist ein kleiner, budgetfreundlicher Panel-PC, der sich perfekt f\u00fcr die Installation in beengten R\u00e4umen oder f\u00fcr die Anzeige einer begrenzten Anzahl von Daten f\u00fcr Mitarbeiter eignet.\" \/>\n<meta property=\"og:url\" content=\"https:\/\/teguar.com\/eu\/de\/product\/tp-4180-10\/\" \/>\n<meta property=\"og:site_name\" content=\"Teguar\" \/>\n<meta property=\"article:modified_time\" content=\"2025-11-19T20:47:48+00:00\" \/>\n<meta property=\"og:image\" content=\"https:\/\/teguar.com\/eu\/wp-content\/uploads\/sites\/2\/2021\/06\/10-inch-economy-panel-pc-bottom-front__66133.1622659207.1280.1280.jpg\" \/>\n\t<meta property=\"og:image:width\" content=\"1000\" \/>\n\t<meta property=\"og:image:height\" content=\"1000\" \/>\n\t<meta property=\"og:image:type\" content=\"image\/jpeg\" \/>\n<meta name=\"twitter:card\" content=\"summary_large_image\" \/>\n<meta name=\"twitter:label1\" content=\"Gesch\u00e4tzte Lesezeit\" \/>\n\t<meta name=\"twitter:data1\" content=\"1\u00a0Minute\" \/>\n<script type=\"application\/ld+json\" class=\"yoast-schema-graph\">{\"@context\":\"https:\/\/schema.org\",\"@graph\":[{\"@type\":\"WebPage\",\"@id\":\"https:\/\/teguar.com\/eu\/de\/product\/tp-4180-10\/\",\"url\":\"https:\/\/teguar.com\/eu\/de\/product\/tp-4180-10\/\",\"name\":\"10\\\" Eclipse Panel PC | TP-4180-10\",\"isPartOf\":{\"@id\":\"https:\/\/teguar.com\/eu\/en\/#website\"},\"primaryImageOfPage\":{\"@id\":\"https:\/\/teguar.com\/eu\/de\/product\/tp-4180-10\/#primaryimage\"},\"image\":{\"@id\":\"https:\/\/teguar.com\/eu\/de\/product\/tp-4180-10\/#primaryimage\"},\"thumbnailUrl\":\"https:\/\/teguar.com\/eu\/wp-content\/uploads\/sites\/2\/2021\/06\/10-inch-economy-panel-pc-bottom-front__66133.1622659207.1280.1280.jpg\",\"datePublished\":\"2025-06-29T14:12:50+00:00\",\"dateModified\":\"2025-11-19T20:47:48+00:00\",\"description\":\"Der TP-4180-10 von Teguar ist ein kleiner, budgetfreundlicher Panel-PC, der sich perfekt f\u00fcr die Installation in beengten R\u00e4umen oder f\u00fcr die Anzeige einer begrenzten Anzahl von Daten f\u00fcr Mitarbeiter eignet.\",\"breadcrumb\":{\"@id\":\"https:\/\/teguar.com\/eu\/de\/product\/tp-4180-10\/#breadcrumb\"},\"inLanguage\":\"de\",\"potentialAction\":[{\"@type\":\"ReadAction\",\"target\":[\"https:\/\/teguar.com\/eu\/de\/product\/tp-4180-10\/\"]}]},{\"@type\":\"ImageObject\",\"inLanguage\":\"de\",\"@id\":\"https:\/\/teguar.com\/eu\/de\/product\/tp-4180-10\/#primaryimage\",\"url\":\"https:\/\/teguar.com\/eu\/wp-content\/uploads\/sites\/2\/2021\/06\/10-inch-economy-panel-pc-bottom-front__66133.1622659207.1280.1280.jpg\",\"contentUrl\":\"https:\/\/teguar.com\/eu\/wp-content\/uploads\/sites\/2\/2021\/06\/10-inch-economy-panel-pc-bottom-front__66133.1622659207.1280.1280.jpg\",\"width\":1000,\"height\":1000,\"caption\":\"Front view of the Teguar 10-inch Eclipse Panel PC\"},{\"@type\":\"BreadcrumbList\",\"@id\":\"https:\/\/teguar.com\/eu\/de\/product\/tp-4180-10\/#breadcrumb\",\"itemListElement\":[{\"@type\":\"ListItem\",\"position\":1,\"name\":\"Home\",\"item\":\"https:\/\/teguar.com\/eu\/de\/\"},{\"@type\":\"ListItem\",\"position\":2,\"name\":\"TP-4180-10\"}]},{\"@type\":\"WebSite\",\"@id\":\"https:\/\/teguar.com\/eu\/en\/#website\",\"url\":\"https:\/\/teguar.com\/eu\/en\/\",\"name\":\"Teguar\",\"description\":\"Industrial PCs, Medical Computers, and Rugged Tablets\",\"potentialAction\":[{\"@type\":\"SearchAction\",\"target\":{\"@type\":\"EntryPoint\",\"urlTemplate\":\"https:\/\/teguar.com\/eu\/en\/?s={search_term_string}\"},\"query-input\":{\"@type\":\"PropertyValueSpecification\",\"valueRequired\":true,\"valueName\":\"search_term_string\"}}],\"inLanguage\":\"de\"}]}<\/script>\n<!-- \/ Yoast SEO Premium plugin. -->","yoast_head_json":{"title":"10\" Eclipse Panel PC | TP-4180-10","description":"Der TP-4180-10 von Teguar ist ein kleiner, budgetfreundlicher Panel-PC, der sich perfekt f\u00fcr die Installation in beengten R\u00e4umen oder f\u00fcr die Anzeige einer begrenzten Anzahl von Daten f\u00fcr Mitarbeiter eignet.","robots":{"index":"index","follow":"follow","max-snippet":"max-snippet:-1","max-image-preview":"max-image-preview:large","max-video-preview":"max-video-preview:-1"},"canonical":"https:\/\/teguar.com\/eu\/de\/product\/tp-4180-10\/","og_locale":"de_DE","og_type":"article","og_title":"TP-4180-10","og_description":"Der TP-4180-10 von Teguar ist ein kleiner, budgetfreundlicher Panel-PC, der sich perfekt f\u00fcr die Installation in beengten R\u00e4umen oder f\u00fcr die Anzeige einer begrenzten Anzahl von Daten f\u00fcr Mitarbeiter eignet.","og_url":"https:\/\/teguar.com\/eu\/de\/product\/tp-4180-10\/","og_site_name":"Teguar","article_modified_time":"2025-11-19T20:47:48+00:00","og_image":[{"width":1000,"height":1000,"url":"https:\/\/teguar.com\/eu\/wp-content\/uploads\/sites\/2\/2021\/06\/10-inch-economy-panel-pc-bottom-front__66133.1622659207.1280.1280.jpg","type":"image\/jpeg"}],"twitter_card":"summary_large_image","twitter_misc":{"Gesch\u00e4tzte Lesezeit":"1\u00a0Minute"},"schema":{"@context":"https:\/\/schema.org","@graph":[{"@type":"WebPage","@id":"https:\/\/teguar.com\/eu\/de\/product\/tp-4180-10\/","url":"https:\/\/teguar.com\/eu\/de\/product\/tp-4180-10\/","name":"10\" Eclipse Panel PC | TP-4180-10","isPartOf":{"@id":"https:\/\/teguar.com\/eu\/en\/#website"},"primaryImageOfPage":{"@id":"https:\/\/teguar.com\/eu\/de\/product\/tp-4180-10\/#primaryimage"},"image":{"@id":"https:\/\/teguar.com\/eu\/de\/product\/tp-4180-10\/#primaryimage"},"thumbnailUrl":"https:\/\/teguar.com\/eu\/wp-content\/uploads\/sites\/2\/2021\/06\/10-inch-economy-panel-pc-bottom-front__66133.1622659207.1280.1280.jpg","datePublished":"2025-06-29T14:12:50+00:00","dateModified":"2025-11-19T20:47:48+00:00","description":"Der TP-4180-10 von Teguar ist ein kleiner, budgetfreundlicher Panel-PC, der sich perfekt f\u00fcr die Installation in beengten R\u00e4umen oder f\u00fcr die Anzeige einer begrenzten Anzahl von Daten f\u00fcr Mitarbeiter eignet.","breadcrumb":{"@id":"https:\/\/teguar.com\/eu\/de\/product\/tp-4180-10\/#breadcrumb"},"inLanguage":"de","potentialAction":[{"@type":"ReadAction","target":["https:\/\/teguar.com\/eu\/de\/product\/tp-4180-10\/"]}]},{"@type":"ImageObject","inLanguage":"de","@id":"https:\/\/teguar.com\/eu\/de\/product\/tp-4180-10\/#primaryimage","url":"https:\/\/teguar.com\/eu\/wp-content\/uploads\/sites\/2\/2021\/06\/10-inch-economy-panel-pc-bottom-front__66133.1622659207.1280.1280.jpg","contentUrl":"https:\/\/teguar.com\/eu\/wp-content\/uploads\/sites\/2\/2021\/06\/10-inch-economy-panel-pc-bottom-front__66133.1622659207.1280.1280.jpg","width":1000,"height":1000,"caption":"Front view of the Teguar 10-inch Eclipse Panel PC"},{"@type":"BreadcrumbList","@id":"https:\/\/teguar.com\/eu\/de\/product\/tp-4180-10\/#breadcrumb","itemListElement":[{"@type":"ListItem","position":1,"name":"Home","item":"https:\/\/teguar.com\/eu\/de\/"},{"@type":"ListItem","position":2,"name":"TP-4180-10"}]},{"@type":"WebSite","@id":"https:\/\/teguar.com\/eu\/en\/#website","url":"https:\/\/teguar.com\/eu\/en\/","name":"Teguar","description":"Industrial PCs, Medical Computers, and Rugged Tablets","potentialAction":[{"@type":"SearchAction","target":{"@type":"EntryPoint","urlTemplate":"https:\/\/teguar.com\/eu\/en\/?s={search_term_string}"},"query-input":{"@type":"PropertyValueSpecification","valueRequired":true,"valueName":"search_term_string"}}],"inLanguage":"de"}]}},"_links":{"self":[{"href":"https:\/\/teguar.com\/eu\/de\/wp-json\/wp\/v2\/product\/2244895","targetHints":{"allow":["GET"]}}],"collection":[{"href":"https:\/\/teguar.com\/eu\/de\/wp-json\/wp\/v2\/product"}],"about":[{"href":"https:\/\/teguar.com\/eu\/de\/wp-json\/wp\/v2\/types\/product"}],"wp:featuredmedia":[{"embeddable":true,"href":"https:\/\/teguar.com\/eu\/de\/wp-json\/wp\/v2\/media\/2245891"}],"wp:attachment":[{"href":"https:\/\/teguar.com\/eu\/de\/wp-json\/wp\/v2\/media?parent=2244895"}],"wp:term":[{"taxonomy":"product_brand","embeddable":true,"href":"https:\/\/teguar.com\/eu\/de\/wp-json\/wp\/v2\/product_brand?post=2244895"},{"taxonomy":"product_cat","embeddable":true,"href":"https:\/\/teguar.com\/eu\/de\/wp-json\/wp\/v2\/product_cat?post=2244895"},{"taxonomy":"product_tag","embeddable":true,"href":"https:\/\/teguar.com\/eu\/de\/wp-json\/wp\/v2\/product_tag?post=2244895"},{"taxonomy":"product_label","embeddable":true,"href":"https:\/\/teguar.com\/eu\/de\/wp-json\/wp\/v2\/product_label?post=2244895"}],"curies":[{"name":"wp","href":"https:\/\/api.w.org\/{rel}","templated":true}]}}