{"id":2244884,"date":"2025-06-29T14:11:06","date_gmt":"2025-06-29T14:11:06","guid":{"rendered":"https:\/\/teguar.com\/eu\/product\/trt-7080-10\/"},"modified":"2026-01-02T16:34:12","modified_gmt":"2026-01-02T16:34:12","slug":"trt-7080-10","status":"publish","type":"product","link":"https:\/\/teguar.com\/eu\/de\/product\/trt-7080-10\/","title":{"rendered":"TRT-7080-10"},"content":{"rendered":"<p>Das TRT-7080-10 Tablet arbeitet nahtlos mit seinem leistungsstarken Intel Alder Lake Core i5\/i7 Prozessor der 12. Generation und f\u00fchrt m\u00fchelos Windows 11 aus. Sein 10-Zoll-Touchscreen bietet eine beeindruckende Full HD-Anzeige mit 1920 x 1200 Pixeln. F\u00fcr noch mehr Komfort l\u00e4sst sich dieses Tablet m\u00fchelos mit einer Dockingstation verbinden, die es in eine Desktop-\u00e4hnliche Workstation verwandelt. Dieses robuste Tablet ist aus widerstandsf\u00e4higen Materialien gefertigt und nach IP65 wasserdicht, so dass es selbst den h\u00e4rtesten industriellen Bedingungen standh\u00e4lt. Dank der WiFi 6 Technologie k\u00f6nnen Sie problemlos im Internet surfen und streamen. Der TRT-7080-10 kombiniert die Leistung eines Desktops mit der Mobilit\u00e4t, die f\u00fcr den Einsatz im Feld oder in der Industrie erforderlich ist, und bietet damit unvergleichlichen Komfort f\u00fcr unterwegs.     <\/p>\n","protected":false},"excerpt":{"rendered":"<p><a href=\"https:\/\/teguar.com\/eu\/de\/fertigungs-computer\/\">Industrielle Fertigung: <\/a>Das robuste TRT-7080-Tablet mit Schutzart IP65 eignet sich hervorragend f\u00fcr den Einsatz in anspruchsvollen industriellen Fertigungsumgebungen und ist ein zuverl\u00e4ssiges Ger\u00e4t f\u00fcr Produktionskontrolle, Qualit\u00e4tssicherung und Bestandsverwaltung.<\/p>\n<p><a href=\"https:\/\/teguar.com\/eu\/de\/tablets-fuer-den-aussendienst\/\">Inspektionen und Vermessungen vor Ort:<\/a> In Verbindung mit einer Dockingstation zum Aufladen kann das robuste Tablet TRT-7080 f\u00fcr Inspektionen und Erhebungen vor Ort eingesetzt werden. Damit k\u00f6nnen Fachleute in verschiedenen Branchen, z. B. im Ingenieurwesen und bei Umweltdiensten, Daten erfassen und analysieren, Inspektionen durchf\u00fchren und Berichte erstellen.<\/p>\n<p><a href=\"https:\/\/teguar.com\/eu\/building-automation-computer-2\/\">Versorgungsunternehmen und Infrastrukturwartung:<\/a> Dank seiner Robustheit und seines Schutzes vor Staub, Wasser und St\u00f6\u00dfen eignet sich das TRT-7080-Tablet f\u00fcr die Wartung von Versorgungseinrichtungen und Infrastrukturen und bietet Technikern im Au\u00dfendienst ein zuverl\u00e4ssiges Ger\u00e4t f\u00fcr die Verwaltung von Anlagen, die Planung von Wartungsarbeiten und die Fernkommunikation in anspruchsvollen Au\u00dfenumgebungen.<\/p>\n","protected":false},"featured_media":2244894,"template":"","meta":{"_acf_changed":false},"product_brand":[],"product_cat":[2846],"product_tag":[2635,3374,3325],"product_label":[],"class_list":{"0":"post-2244884","1":"product","2":"type-product","3":"status-publish","4":"has-post-thumbnail","6":"product_cat-rugged-windows-tablets","7":"product_tag-online-kaufen","8":"product_tag-schneller-versand-von-robusten-tablets","9":"product_tag-tablets-fur-den-ausendienst","10":"pa_windows-windows-10-iot","11":"pa_windows-windows-10-pro","12":"pa_windows-windows-11-pro","14":"first","15":"instock","16":"taxable","17":"shipping-taxable","18":"purchasable","19":"product-type-composite"},"composite_virtual":false,"composite_layout":"single","composite_add_to_cart_form_location":"default","composite_editable_in_cart":false,"composite_sold_individually_context":"product","composite_shop_price_calc":"min_max","composite_components":[{"id":"1750967233","title":"Prozessor","description":"","query_type":"product_ids","query_ids":[2240835,2240690,2240691,2240695],"default_option_id":"","thumbnail_id":"","thumbnail_src":"","quantity_min":1,"quantity_max":1,"priced_individually":true,"shipped_individually":false,"optional":false,"discount":"","options_style":"dropdowns","pagination_style":"classic","display_prices":"relative","show_sorting_options":false,"show_filtering_options":false,"attribute_filter_ids":[],"select_action":"view","product_title_visible":false,"product_descr_visible":false,"product_price_visible":false,"product_thumb_visible":false,"subtotal_visible_product":true,"subtotal_visible_cart":false,"subtotal_visible_orders":false},{"id":"1750967234","title":"Lagerung","description":"","query_type":"product_ids","query_ids":[2240784,2240785],"default_option_id":"","thumbnail_id":"","thumbnail_src":"","quantity_min":1,"quantity_max":1,"priced_individually":true,"shipped_individually":false,"optional":false,"discount":"","options_style":"dropdowns","pagination_style":"classic","display_prices":"relative","show_sorting_options":false,"show_filtering_options":false,"attribute_filter_ids":[],"select_action":"view","product_title_visible":false,"product_descr_visible":false,"product_price_visible":false,"product_thumb_visible":false,"subtotal_visible_product":true,"subtotal_visible_cart":false,"subtotal_visible_orders":false},{"id":"1750967235","title":"Betriebssystem","description":"","query_type":"product_ids","query_ids":[2240737,2240735,2240733],"default_option_id":"","thumbnail_id":"","thumbnail_src":"","quantity_min":1,"quantity_max":1,"priced_individually":true,"shipped_individually":false,"optional":false,"discount":"","options_style":"dropdowns","pagination_style":"classic","display_prices":"relative","show_sorting_options":false,"show_filtering_options":false,"attribute_filter_ids":[],"select_action":"view","product_title_visible":false,"product_descr_visible":false,"product_price_visible":false,"product_thumb_visible":false,"subtotal_visible_product":true,"subtotal_visible_cart":false,"subtotal_visible_orders":false},{"id":"1750967236","title":"Batterie","description":"","query_type":"product_ids","query_ids":[2240679,2245315],"default_option_id":2245315,"thumbnail_id":"","thumbnail_src":"","quantity_min":1,"quantity_max":1,"priced_individually":true,"shipped_individually":false,"optional":false,"discount":"","options_style":"dropdowns","pagination_style":"classic","display_prices":"relative","show_sorting_options":false,"show_filtering_options":false,"attribute_filter_ids":[],"select_action":"view","product_title_visible":false,"product_descr_visible":false,"product_price_visible":false,"product_thumb_visible":false,"subtotal_visible_product":true,"subtotal_visible_cart":false,"subtotal_visible_orders":false},{"id":"1750967237","title":"Desktop-Dock","description":"","query_type":"product_ids","query_ids":[2240706,2245459],"default_option_id":2245459,"thumbnail_id":"","thumbnail_src":"","quantity_min":1,"quantity_max":1,"priced_individually":true,"shipped_individually":false,"optional":false,"discount":"","options_style":"dropdowns","pagination_style":"classic","display_prices":"relative","show_sorting_options":false,"show_filtering_options":false,"attribute_filter_ids":[],"select_action":"view","product_title_visible":false,"product_descr_visible":false,"product_price_visible":false,"product_thumb_visible":false,"subtotal_visible_product":true,"subtotal_visible_cart":false,"subtotal_visible_orders":false}],"composite_scenarios":[],"acf":[],"yoast_head":"<!-- This site is optimized with the Yoast SEO Premium plugin v26.8 (Yoast SEO v27.2) - https:\/\/yoast.com\/product\/yoast-seo-premium-wordpress\/ -->\n<title>10&quot; Robustes Tablet mit Dockingstation | TRT-7080-10<\/title>\n<meta name=\"description\" content=\"Der TRT-7080-10 kombiniert die Leistung eines Desktop-Rechners mit der Mobilit\u00e4t, die f\u00fcr den Einsatz im Feld oder in der Industrie erforderlich ist, und bietet somit Komfort f\u00fcr unterwegs.\" \/>\n<meta name=\"robots\" content=\"index, follow, max-snippet:-1, max-image-preview:large, max-video-preview:-1\" \/>\n<link rel=\"canonical\" href=\"https:\/\/teguar.com\/eu\/de\/product\/trt-7080-10\/\" \/>\n<meta property=\"og:locale\" content=\"de_DE\" \/>\n<meta property=\"og:type\" content=\"article\" \/>\n<meta property=\"og:title\" content=\"TRT-7080-10\" \/>\n<meta property=\"og:description\" content=\"Der TRT-7080-10 kombiniert die Leistung eines Desktop-Rechners mit der Mobilit\u00e4t, die f\u00fcr den Einsatz im Feld oder in der Industrie erforderlich ist, und bietet somit Komfort f\u00fcr unterwegs.\" \/>\n<meta property=\"og:url\" content=\"https:\/\/teguar.com\/eu\/de\/product\/trt-7080-10\/\" \/>\n<meta property=\"og:site_name\" content=\"Teguar\" \/>\n<meta property=\"article:modified_time\" content=\"2026-01-02T16:34:12+00:00\" \/>\n<meta property=\"og:image\" content=\"https:\/\/teguar.com\/eu\/wp-content\/uploads\/sites\/2\/2023\/06\/10_Inch_Rugged_Tablet_Docking_Station-_TRT-7080-10_Front_Angle__58443.1686577260.1280.1280.jpg\" \/>\n\t<meta property=\"og:image:width\" content=\"930\" \/>\n\t<meta property=\"og:image:height\" content=\"565\" \/>\n\t<meta property=\"og:image:type\" content=\"image\/jpeg\" \/>\n<meta name=\"twitter:card\" content=\"summary_large_image\" \/>\n<meta name=\"twitter:label1\" content=\"Gesch\u00e4tzte Lesezeit\" \/>\n\t<meta name=\"twitter:data1\" content=\"1\u00a0Minute\" \/>\n<script type=\"application\/ld+json\" class=\"yoast-schema-graph\">{\"@context\":\"https:\/\/schema.org\",\"@graph\":[{\"@type\":\"WebPage\",\"@id\":\"https:\/\/teguar.com\/eu\/de\/product\/trt-7080-10\/\",\"url\":\"https:\/\/teguar.com\/eu\/de\/product\/trt-7080-10\/\",\"name\":\"10\\\" Robustes Tablet mit Dockingstation | TRT-7080-10\",\"isPartOf\":{\"@id\":\"https:\/\/teguar.com\/eu\/en\/#website\"},\"primaryImageOfPage\":{\"@id\":\"https:\/\/teguar.com\/eu\/de\/product\/trt-7080-10\/#primaryimage\"},\"image\":{\"@id\":\"https:\/\/teguar.com\/eu\/de\/product\/trt-7080-10\/#primaryimage\"},\"thumbnailUrl\":\"https:\/\/teguar.com\/eu\/wp-content\/uploads\/sites\/2\/2023\/06\/10_Inch_Rugged_Tablet_Docking_Station-_TRT-7080-10_Front_Angle__58443.1686577260.1280.1280.jpg\",\"datePublished\":\"2025-06-29T14:11:06+00:00\",\"dateModified\":\"2026-01-02T16:34:12+00:00\",\"description\":\"Der TRT-7080-10 kombiniert die Leistung eines Desktop-Rechners mit der Mobilit\u00e4t, die f\u00fcr den Einsatz im Feld oder in der Industrie erforderlich ist, und bietet somit Komfort f\u00fcr unterwegs.\",\"breadcrumb\":{\"@id\":\"https:\/\/teguar.com\/eu\/de\/product\/trt-7080-10\/#breadcrumb\"},\"inLanguage\":\"de\",\"potentialAction\":[{\"@type\":\"ReadAction\",\"target\":[\"https:\/\/teguar.com\/eu\/de\/product\/trt-7080-10\/\"]}]},{\"@type\":\"ImageObject\",\"inLanguage\":\"de\",\"@id\":\"https:\/\/teguar.com\/eu\/de\/product\/trt-7080-10\/#primaryimage\",\"url\":\"https:\/\/teguar.com\/eu\/wp-content\/uploads\/sites\/2\/2023\/06\/10_Inch_Rugged_Tablet_Docking_Station-_TRT-7080-10_Front_Angle__58443.1686577260.1280.1280.jpg\",\"contentUrl\":\"https:\/\/teguar.com\/eu\/wp-content\/uploads\/sites\/2\/2023\/06\/10_Inch_Rugged_Tablet_Docking_Station-_TRT-7080-10_Front_Angle__58443.1686577260.1280.1280.jpg\",\"width\":930,\"height\":565,\"caption\":\"10 inch Rugged Tablet Docking Station- TRT-7080-10 Front Angle\"},{\"@type\":\"BreadcrumbList\",\"@id\":\"https:\/\/teguar.com\/eu\/de\/product\/trt-7080-10\/#breadcrumb\",\"itemListElement\":[{\"@type\":\"ListItem\",\"position\":1,\"name\":\"Home\",\"item\":\"https:\/\/teguar.com\/eu\/de\/\"},{\"@type\":\"ListItem\",\"position\":2,\"name\":\"TRT-7080-10\"}]},{\"@type\":\"WebSite\",\"@id\":\"https:\/\/teguar.com\/eu\/en\/#website\",\"url\":\"https:\/\/teguar.com\/eu\/en\/\",\"name\":\"Teguar\",\"description\":\"Industrial PCs, Medical Computers, and Rugged Tablets\",\"potentialAction\":[{\"@type\":\"SearchAction\",\"target\":{\"@type\":\"EntryPoint\",\"urlTemplate\":\"https:\/\/teguar.com\/eu\/en\/?s={search_term_string}\"},\"query-input\":{\"@type\":\"PropertyValueSpecification\",\"valueRequired\":true,\"valueName\":\"search_term_string\"}}],\"inLanguage\":\"de\"}]}<\/script>\n<!-- \/ Yoast SEO Premium plugin. -->","yoast_head_json":{"title":"10\" Robustes Tablet mit Dockingstation | TRT-7080-10","description":"Der TRT-7080-10 kombiniert die Leistung eines Desktop-Rechners mit der Mobilit\u00e4t, die f\u00fcr den Einsatz im Feld oder in der Industrie erforderlich ist, und bietet somit Komfort f\u00fcr unterwegs.","robots":{"index":"index","follow":"follow","max-snippet":"max-snippet:-1","max-image-preview":"max-image-preview:large","max-video-preview":"max-video-preview:-1"},"canonical":"https:\/\/teguar.com\/eu\/de\/product\/trt-7080-10\/","og_locale":"de_DE","og_type":"article","og_title":"TRT-7080-10","og_description":"Der TRT-7080-10 kombiniert die Leistung eines Desktop-Rechners mit der Mobilit\u00e4t, die f\u00fcr den Einsatz im Feld oder in der Industrie erforderlich ist, und bietet somit Komfort f\u00fcr unterwegs.","og_url":"https:\/\/teguar.com\/eu\/de\/product\/trt-7080-10\/","og_site_name":"Teguar","article_modified_time":"2026-01-02T16:34:12+00:00","og_image":[{"width":930,"height":565,"url":"https:\/\/teguar.com\/eu\/wp-content\/uploads\/sites\/2\/2023\/06\/10_Inch_Rugged_Tablet_Docking_Station-_TRT-7080-10_Front_Angle__58443.1686577260.1280.1280.jpg","type":"image\/jpeg"}],"twitter_card":"summary_large_image","twitter_misc":{"Gesch\u00e4tzte Lesezeit":"1\u00a0Minute"},"schema":{"@context":"https:\/\/schema.org","@graph":[{"@type":"WebPage","@id":"https:\/\/teguar.com\/eu\/de\/product\/trt-7080-10\/","url":"https:\/\/teguar.com\/eu\/de\/product\/trt-7080-10\/","name":"10\" Robustes Tablet mit Dockingstation | TRT-7080-10","isPartOf":{"@id":"https:\/\/teguar.com\/eu\/en\/#website"},"primaryImageOfPage":{"@id":"https:\/\/teguar.com\/eu\/de\/product\/trt-7080-10\/#primaryimage"},"image":{"@id":"https:\/\/teguar.com\/eu\/de\/product\/trt-7080-10\/#primaryimage"},"thumbnailUrl":"https:\/\/teguar.com\/eu\/wp-content\/uploads\/sites\/2\/2023\/06\/10_Inch_Rugged_Tablet_Docking_Station-_TRT-7080-10_Front_Angle__58443.1686577260.1280.1280.jpg","datePublished":"2025-06-29T14:11:06+00:00","dateModified":"2026-01-02T16:34:12+00:00","description":"Der TRT-7080-10 kombiniert die Leistung eines Desktop-Rechners mit der Mobilit\u00e4t, die f\u00fcr den Einsatz im Feld oder in der Industrie erforderlich ist, und bietet somit Komfort f\u00fcr unterwegs.","breadcrumb":{"@id":"https:\/\/teguar.com\/eu\/de\/product\/trt-7080-10\/#breadcrumb"},"inLanguage":"de","potentialAction":[{"@type":"ReadAction","target":["https:\/\/teguar.com\/eu\/de\/product\/trt-7080-10\/"]}]},{"@type":"ImageObject","inLanguage":"de","@id":"https:\/\/teguar.com\/eu\/de\/product\/trt-7080-10\/#primaryimage","url":"https:\/\/teguar.com\/eu\/wp-content\/uploads\/sites\/2\/2023\/06\/10_Inch_Rugged_Tablet_Docking_Station-_TRT-7080-10_Front_Angle__58443.1686577260.1280.1280.jpg","contentUrl":"https:\/\/teguar.com\/eu\/wp-content\/uploads\/sites\/2\/2023\/06\/10_Inch_Rugged_Tablet_Docking_Station-_TRT-7080-10_Front_Angle__58443.1686577260.1280.1280.jpg","width":930,"height":565,"caption":"10 inch Rugged Tablet Docking Station- TRT-7080-10 Front Angle"},{"@type":"BreadcrumbList","@id":"https:\/\/teguar.com\/eu\/de\/product\/trt-7080-10\/#breadcrumb","itemListElement":[{"@type":"ListItem","position":1,"name":"Home","item":"https:\/\/teguar.com\/eu\/de\/"},{"@type":"ListItem","position":2,"name":"TRT-7080-10"}]},{"@type":"WebSite","@id":"https:\/\/teguar.com\/eu\/en\/#website","url":"https:\/\/teguar.com\/eu\/en\/","name":"Teguar","description":"Industrial PCs, Medical Computers, and Rugged Tablets","potentialAction":[{"@type":"SearchAction","target":{"@type":"EntryPoint","urlTemplate":"https:\/\/teguar.com\/eu\/en\/?s={search_term_string}"},"query-input":{"@type":"PropertyValueSpecification","valueRequired":true,"valueName":"search_term_string"}}],"inLanguage":"de"}]}},"_links":{"self":[{"href":"https:\/\/teguar.com\/eu\/de\/wp-json\/wp\/v2\/product\/2244884","targetHints":{"allow":["GET"]}}],"collection":[{"href":"https:\/\/teguar.com\/eu\/de\/wp-json\/wp\/v2\/product"}],"about":[{"href":"https:\/\/teguar.com\/eu\/de\/wp-json\/wp\/v2\/types\/product"}],"wp:featuredmedia":[{"embeddable":true,"href":"https:\/\/teguar.com\/eu\/de\/wp-json\/wp\/v2\/media\/2244894"}],"wp:attachment":[{"href":"https:\/\/teguar.com\/eu\/de\/wp-json\/wp\/v2\/media?parent=2244884"}],"wp:term":[{"taxonomy":"product_brand","embeddable":true,"href":"https:\/\/teguar.com\/eu\/de\/wp-json\/wp\/v2\/product_brand?post=2244884"},{"taxonomy":"product_cat","embeddable":true,"href":"https:\/\/teguar.com\/eu\/de\/wp-json\/wp\/v2\/product_cat?post=2244884"},{"taxonomy":"product_tag","embeddable":true,"href":"https:\/\/teguar.com\/eu\/de\/wp-json\/wp\/v2\/product_tag?post=2244884"},{"taxonomy":"product_label","embeddable":true,"href":"https:\/\/teguar.com\/eu\/de\/wp-json\/wp\/v2\/product_label?post=2244884"}],"curies":[{"name":"wp","href":"https:\/\/api.w.org\/{rel}","templated":true}]}}