{"id":2244877,"date":"2025-06-30T14:11:57","date_gmt":"2025-06-30T14:11:57","guid":{"rendered":"https:\/\/teguar.com\/eu\/product\/tm-5957-22\/"},"modified":"2025-11-20T16:25:43","modified_gmt":"2025-11-20T16:25:43","slug":"tm-5957-22","status":"publish","type":"product","link":"https:\/\/teguar.com\/eu\/de\/product\/tm-5957-22\/","title":{"rendered":"TM-5957-22"},"content":{"rendered":"<p>Der TM-5957-22 ist mit einem leistungsstarken Intel Core Tiger Lake i5\/i7 Prozessor der 11. Generation ausgestattet, auf dem Windows 11 l\u00e4uft. Mit einer Breite von 44 mm und einem Gewicht von nur 11 Pfund ist dieser medizinische Computer der leichteste in seiner Klasse. Durch sein geringes Gewicht ist er der beste seiner Klasse f\u00fcr medizinische Wagen und bettseitige Terminals, die schon zu lange \u00fcbergewichtig und schwer zu man\u00f6vrieren sind. Die Vorderseite ist nach IP65 mit antibakteriell beschichtetem Kunststoff in medizinischer Qualit\u00e4t ausgestattet, so dass dieser PC Spritzwasser und wiederholtes Abwischen mit Reinigungschemikalien \u00fcberstehen kann. Dank des l\u00fcfterlosen K\u00fchlsystems arbeitet dieser PC leise und verhindert die Verbreitung von Staub und Keimen. Zur einfachen Integration mit anderen medizinischen Ger\u00e4ten ist der TM-5957-22 standardm\u00e4\u00dfig mit WiFi 6, BT 5.2, einer Frontkamera und sogar isolierten E\/As ausgestattet. Das Gesundheitspersonal kann den Raum wechseln, ohne den Computer ausschalten oder einen schweren batteriebetriebenen Wagen verwenden zu m\u00fcssen, denn dieser medizinische Panel-Computer verf\u00fcgt \u00fcber ein optionales Akkupack, das etwa zwei Stunden Strom liefert.      <\/p>\n","protected":false},"excerpt":{"rendered":"<p><a href=\"https:\/\/teguar.com\/eu\/point-of-care-computer\/\">Krankenhaus-Point-of-Care-Computing:<\/a> Der TM-5957-22 wurde f\u00fcr die nahtlose Integration mit anderen medizinischen Ger\u00e4ten entwickelt und eignet sich daher f\u00fcr Point-of-Care-Computing in Krankenh\u00e4usern und Gesundheitseinrichtungen.<\/p>\n<p><a href=\"https:\/\/teguar.com\/eu\/telemedicine-computer\/\">Telemedizin und Videokonferenzen:<\/a> Ausgestattet mit WiFi 6, BT 5.2 und einer 5MP-Frontkamera unterst\u00fctzt der TM-5957-22 Telemedizin- und Videokonferenzanwendungen und erm\u00f6glicht so Konsultationen und Zusammenarbeit aus der Ferne.<\/p>\n<p><a href=\"https:\/\/teguar.com\/eu\/medical-workstation-computer\/\">Tragbares und mobiles Computing:<\/a> Das optionale Akkupaket des TM-5957-22 erm\u00f6glicht es dem medizinischen Personal, sich zwischen R\u00e4umen zu bewegen, ohne den Computer auszuschalten oder auf schwere, batteriebetriebene Wagen angewiesen zu sein, was die Mobilit\u00e4t und Effizienz erh\u00f6ht.<\/p>\n","protected":false},"featured_media":2244890,"template":"","meta":{"_acf_changed":false},"product_brand":[],"product_cat":[2834],"product_tag":[3038,3324,3073,2635,3036],"product_label":[],"class_list":{"0":"post-2244877","1":"product","2":"type-product","3":"status-publish","4":"has-post-thumbnail","6":"product_cat-computer-fur-medizinische-zwecke","7":"product_tag-computer-im-gesundheitswesen","8":"product_tag-computer-und-tablets-fur-reinraume","9":"product_tag-elektronische-krankenakten-computer","10":"product_tag-online-kaufen","11":"product_tag-quick-ship-medizinische-computer","12":"pa_windows-windows-10-iot","13":"pa_windows-windows-10-pro","14":"pa_windows-windows-11-iot","15":"pa_windows-windows-11-pro","17":"first","18":"instock","19":"taxable","20":"shipping-taxable","21":"purchasable","22":"product-type-composite"},"composite_virtual":false,"composite_layout":"single","composite_add_to_cart_form_location":"default","composite_editable_in_cart":false,"composite_sold_individually_context":"product","composite_shop_price_calc":"min_max","composite_components":[{"id":"1757944051","title":"Prozessor","description":"","query_type":"product_ids","query_ids":[2242846],"default_option_id":"","thumbnail_id":"","thumbnail_src":"","quantity_min":1,"quantity_max":1,"priced_individually":true,"shipped_individually":false,"optional":false,"discount":"","options_style":"dropdowns","pagination_style":"classic","display_prices":"relative","show_sorting_options":false,"show_filtering_options":false,"attribute_filter_ids":[],"select_action":"view","product_title_visible":true,"product_descr_visible":false,"product_price_visible":false,"product_thumb_visible":false,"subtotal_visible_product":false,"subtotal_visible_cart":false,"subtotal_visible_orders":false},{"id":"1757944052","title":"WIDDER","description":"","query_type":"product_ids","query_ids":[2240774,2240775,2240776],"default_option_id":"","thumbnail_id":"","thumbnail_src":"","quantity_min":1,"quantity_max":1,"priced_individually":true,"shipped_individually":false,"optional":false,"discount":"","options_style":"dropdowns","pagination_style":"classic","display_prices":"relative","show_sorting_options":false,"show_filtering_options":false,"attribute_filter_ids":[],"select_action":"view","product_title_visible":true,"product_descr_visible":false,"product_price_visible":false,"product_thumb_visible":false,"subtotal_visible_product":false,"subtotal_visible_cart":false,"subtotal_visible_orders":false},{"id":"1757944053","title":"Lagerung","description":"","query_type":"product_ids","query_ids":[2242848,2240787,2240788,2240789],"default_option_id":"","thumbnail_id":"","thumbnail_src":"","quantity_min":1,"quantity_max":1,"priced_individually":true,"shipped_individually":false,"optional":false,"discount":"","options_style":"dropdowns","pagination_style":"classic","display_prices":"relative","show_sorting_options":false,"show_filtering_options":false,"attribute_filter_ids":[],"select_action":"view","product_title_visible":true,"product_descr_visible":false,"product_price_visible":false,"product_thumb_visible":false,"subtotal_visible_product":false,"subtotal_visible_cart":false,"subtotal_visible_orders":false},{"id":"1757944278","title":"Interne Batterie","description":"","query_type":"product_ids","query_ids":[2240679,2242851],"default_option_id":"","thumbnail_id":"","thumbnail_src":"","quantity_min":1,"quantity_max":1,"priced_individually":true,"shipped_individually":false,"optional":false,"discount":"","options_style":"dropdowns","pagination_style":"classic","display_prices":"relative","show_sorting_options":false,"show_filtering_options":false,"attribute_filter_ids":[],"select_action":"view","product_title_visible":true,"product_descr_visible":false,"product_price_visible":false,"product_thumb_visible":false,"subtotal_visible_product":false,"subtotal_visible_cart":false,"subtotal_visible_orders":false},{"id":"1757944054","title":"Zus\u00e4tzlicher Stauraum","description":"","query_type":"product_ids","query_ids":[2240811,2242848,2240787,2240788,2240789],"default_option_id":"","thumbnail_id":"","thumbnail_src":"","quantity_min":1,"quantity_max":1,"priced_individually":true,"shipped_individually":false,"optional":false,"discount":"","options_style":"dropdowns","pagination_style":"classic","display_prices":"relative","show_sorting_options":false,"show_filtering_options":false,"attribute_filter_ids":[],"select_action":"view","product_title_visible":true,"product_descr_visible":false,"product_price_visible":false,"product_thumb_visible":false,"subtotal_visible_product":false,"subtotal_visible_cart":false,"subtotal_visible_orders":false},{"id":"1757944056","title":"Stand","description":"","query_type":"product_ids","query_ids":[2240783,2242852],"default_option_id":"","thumbnail_id":"","thumbnail_src":"","quantity_min":1,"quantity_max":1,"priced_individually":true,"shipped_individually":false,"optional":false,"discount":"","options_style":"dropdowns","pagination_style":"classic","display_prices":"relative","show_sorting_options":false,"show_filtering_options":false,"attribute_filter_ids":[],"select_action":"view","product_title_visible":true,"product_descr_visible":false,"product_price_visible":false,"product_thumb_visible":false,"subtotal_visible_product":false,"subtotal_visible_cart":false,"subtotal_visible_orders":false},{"id":"1757944057","title":"Betriebssystem","description":"","query_type":"product_ids","query_ids":[2240737,2242853,2240736,2242960,2240735,2242808,2242807,2240733],"default_option_id":"","thumbnail_id":"","thumbnail_src":"","quantity_min":1,"quantity_max":1,"priced_individually":true,"shipped_individually":false,"optional":false,"discount":"","options_style":"dropdowns","pagination_style":"classic","display_prices":"relative","show_sorting_options":false,"show_filtering_options":false,"attribute_filter_ids":[],"select_action":"view","product_title_visible":true,"product_descr_visible":true,"product_price_visible":true,"product_thumb_visible":true,"subtotal_visible_product":true,"subtotal_visible_cart":true,"subtotal_visible_orders":true}],"composite_scenarios":[{"id":"1757944279","name":"Core i5 Win IoT","description":"","configuration":[{"component_id":"1757944051","options_modifier":"in","component_options":[2242846]}],"actions":[{"action_id":"compat_group","is_active":false},{"action_id":"conditional_components","is_active":false,"hidden_components":[]},{"action_id":"conditional_options","is_active":true,"hidden_options":[{"component_id":"1757944057","component_options":[2242960,2242807],"options_modifier":"in"}]}],"enabled":true},{"id":"1757944280","name":"Core i7 Win IoT","description":"","configuration":[{"component_id":"1757944051","options_modifier":"in","component_options":[]}],"actions":[{"action_id":"compat_group","is_active":false},{"action_id":"conditional_components","is_active":false,"hidden_components":[]},{"action_id":"conditional_options","is_active":true,"hidden_options":[{"component_id":"1757944057","component_options":[2242853,2240736,2242808],"options_modifier":"in"}]}],"enabled":true},{"id":"1757944364","name":"Battery","description":"","configuration":[{"component_id":"1757944278","options_modifier":"in","component_options":[2242851]}],"actions":[{"action_id":"compat_group","is_active":false},{"action_id":"conditional_components","is_active":true,"hidden_components":["1757944054"]},{"action_id":"conditional_options","is_active":false,"hidden_options":[]}],"enabled":true}],"acf":[],"yoast_head":"<!-- This site is optimized with the Yoast SEO Premium plugin v26.8 (Yoast SEO v27.2) - https:\/\/yoast.com\/product\/yoast-seo-premium-wordpress\/ -->\n<title>22&quot; Medizinischer Computer | TM-5957-22<\/title>\n<meta name=\"description\" content=\"Der l\u00fcfterlose und schlanke All-in-One-Medizin-PC TM-5957-22 von Teguar bietet Langlebigkeit ohne Abstriche bei der \u00c4sthetik. Lesen Sie die technischen Daten oder fordern Sie ein Angebot an.\" \/>\n<meta name=\"robots\" content=\"index, follow, max-snippet:-1, max-image-preview:large, max-video-preview:-1\" \/>\n<link rel=\"canonical\" href=\"https:\/\/teguar.com\/eu\/de\/product\/tm-5957-22\/\" \/>\n<meta property=\"og:locale\" content=\"de_DE\" \/>\n<meta property=\"og:type\" content=\"article\" \/>\n<meta property=\"og:title\" content=\"TM-5957-22\" \/>\n<meta property=\"og:description\" content=\"Der l\u00fcfterlose und schlanke All-in-One-Medizin-PC TM-5957-22 von Teguar bietet Langlebigkeit ohne Abstriche bei der \u00c4sthetik. Lesen Sie die technischen Daten oder fordern Sie ein Angebot an.\" \/>\n<meta property=\"og:url\" content=\"https:\/\/teguar.com\/eu\/de\/product\/tm-5957-22\/\" \/>\n<meta property=\"og:site_name\" content=\"Teguar\" \/>\n<meta property=\"article:modified_time\" content=\"2025-11-20T16:25:43+00:00\" \/>\n<meta property=\"og:image\" content=\"https:\/\/teguar.com\/eu\/wp-content\/uploads\/sites\/2\/2022\/08\/22_medical_panel_computer_TM-5557-22_front_w_logo__41484.1663779213.1280.1280.jpg\" \/>\n\t<meta property=\"og:image:width\" content=\"1000\" \/>\n\t<meta property=\"og:image:height\" content=\"1000\" \/>\n\t<meta property=\"og:image:type\" content=\"image\/jpeg\" \/>\n<meta name=\"twitter:card\" content=\"summary_large_image\" \/>\n<meta name=\"twitter:label1\" content=\"Gesch\u00e4tzte Lesezeit\" \/>\n\t<meta name=\"twitter:data1\" content=\"1\u00a0Minute\" \/>\n<script type=\"application\/ld+json\" class=\"yoast-schema-graph\">{\"@context\":\"https:\/\/schema.org\",\"@graph\":[{\"@type\":\"WebPage\",\"@id\":\"https:\/\/teguar.com\/eu\/de\/product\/tm-5957-22\/\",\"url\":\"https:\/\/teguar.com\/eu\/de\/product\/tm-5957-22\/\",\"name\":\"22\\\" Medizinischer Computer | TM-5957-22\",\"isPartOf\":{\"@id\":\"https:\/\/teguar.com\/eu\/en\/#website\"},\"primaryImageOfPage\":{\"@id\":\"https:\/\/teguar.com\/eu\/de\/product\/tm-5957-22\/#primaryimage\"},\"image\":{\"@id\":\"https:\/\/teguar.com\/eu\/de\/product\/tm-5957-22\/#primaryimage\"},\"thumbnailUrl\":\"https:\/\/teguar.com\/eu\/wp-content\/uploads\/sites\/2\/2022\/08\/22_medical_panel_computer_TM-5557-22_front_w_logo__41484.1663779213.1280.1280.jpg\",\"datePublished\":\"2025-06-30T14:11:57+00:00\",\"dateModified\":\"2025-11-20T16:25:43+00:00\",\"description\":\"Der l\u00fcfterlose und schlanke All-in-One-Medizin-PC TM-5957-22 von Teguar bietet Langlebigkeit ohne Abstriche bei der \u00c4sthetik. Lesen Sie die technischen Daten oder fordern Sie ein Angebot an.\",\"breadcrumb\":{\"@id\":\"https:\/\/teguar.com\/eu\/de\/product\/tm-5957-22\/#breadcrumb\"},\"inLanguage\":\"de\",\"potentialAction\":[{\"@type\":\"ReadAction\",\"target\":[\"https:\/\/teguar.com\/eu\/de\/product\/tm-5957-22\/\"]}]},{\"@type\":\"ImageObject\",\"inLanguage\":\"de\",\"@id\":\"https:\/\/teguar.com\/eu\/de\/product\/tm-5957-22\/#primaryimage\",\"url\":\"https:\/\/teguar.com\/eu\/wp-content\/uploads\/sites\/2\/2022\/08\/22_medical_panel_computer_TM-5557-22_front_w_logo__41484.1663779213.1280.1280.jpg\",\"contentUrl\":\"https:\/\/teguar.com\/eu\/wp-content\/uploads\/sites\/2\/2022\/08\/22_medical_panel_computer_TM-5557-22_front_w_logo__41484.1663779213.1280.1280.jpg\",\"width\":1000,\"height\":1000,\"caption\":\"22\\\" medical computer front | TM-5957-22\"},{\"@type\":\"BreadcrumbList\",\"@id\":\"https:\/\/teguar.com\/eu\/de\/product\/tm-5957-22\/#breadcrumb\",\"itemListElement\":[{\"@type\":\"ListItem\",\"position\":1,\"name\":\"Home\",\"item\":\"https:\/\/teguar.com\/eu\/de\/\"},{\"@type\":\"ListItem\",\"position\":2,\"name\":\"TM-5957-22\"}]},{\"@type\":\"WebSite\",\"@id\":\"https:\/\/teguar.com\/eu\/en\/#website\",\"url\":\"https:\/\/teguar.com\/eu\/en\/\",\"name\":\"Teguar\",\"description\":\"Industrial PCs, Medical Computers, and Rugged Tablets\",\"potentialAction\":[{\"@type\":\"SearchAction\",\"target\":{\"@type\":\"EntryPoint\",\"urlTemplate\":\"https:\/\/teguar.com\/eu\/en\/?s={search_term_string}\"},\"query-input\":{\"@type\":\"PropertyValueSpecification\",\"valueRequired\":true,\"valueName\":\"search_term_string\"}}],\"inLanguage\":\"de\"}]}<\/script>\n<!-- \/ Yoast SEO Premium plugin. -->","yoast_head_json":{"title":"22\" Medizinischer Computer | TM-5957-22","description":"Der l\u00fcfterlose und schlanke All-in-One-Medizin-PC TM-5957-22 von Teguar bietet Langlebigkeit ohne Abstriche bei der \u00c4sthetik. Lesen Sie die technischen Daten oder fordern Sie ein Angebot an.","robots":{"index":"index","follow":"follow","max-snippet":"max-snippet:-1","max-image-preview":"max-image-preview:large","max-video-preview":"max-video-preview:-1"},"canonical":"https:\/\/teguar.com\/eu\/de\/product\/tm-5957-22\/","og_locale":"de_DE","og_type":"article","og_title":"TM-5957-22","og_description":"Der l\u00fcfterlose und schlanke All-in-One-Medizin-PC TM-5957-22 von Teguar bietet Langlebigkeit ohne Abstriche bei der \u00c4sthetik. Lesen Sie die technischen Daten oder fordern Sie ein Angebot an.","og_url":"https:\/\/teguar.com\/eu\/de\/product\/tm-5957-22\/","og_site_name":"Teguar","article_modified_time":"2025-11-20T16:25:43+00:00","og_image":[{"width":1000,"height":1000,"url":"https:\/\/teguar.com\/eu\/wp-content\/uploads\/sites\/2\/2022\/08\/22_medical_panel_computer_TM-5557-22_front_w_logo__41484.1663779213.1280.1280.jpg","type":"image\/jpeg"}],"twitter_card":"summary_large_image","twitter_misc":{"Gesch\u00e4tzte Lesezeit":"1\u00a0Minute"},"schema":{"@context":"https:\/\/schema.org","@graph":[{"@type":"WebPage","@id":"https:\/\/teguar.com\/eu\/de\/product\/tm-5957-22\/","url":"https:\/\/teguar.com\/eu\/de\/product\/tm-5957-22\/","name":"22\" Medizinischer Computer | TM-5957-22","isPartOf":{"@id":"https:\/\/teguar.com\/eu\/en\/#website"},"primaryImageOfPage":{"@id":"https:\/\/teguar.com\/eu\/de\/product\/tm-5957-22\/#primaryimage"},"image":{"@id":"https:\/\/teguar.com\/eu\/de\/product\/tm-5957-22\/#primaryimage"},"thumbnailUrl":"https:\/\/teguar.com\/eu\/wp-content\/uploads\/sites\/2\/2022\/08\/22_medical_panel_computer_TM-5557-22_front_w_logo__41484.1663779213.1280.1280.jpg","datePublished":"2025-06-30T14:11:57+00:00","dateModified":"2025-11-20T16:25:43+00:00","description":"Der l\u00fcfterlose und schlanke All-in-One-Medizin-PC TM-5957-22 von Teguar bietet Langlebigkeit ohne Abstriche bei der \u00c4sthetik. Lesen Sie die technischen Daten oder fordern Sie ein Angebot an.","breadcrumb":{"@id":"https:\/\/teguar.com\/eu\/de\/product\/tm-5957-22\/#breadcrumb"},"inLanguage":"de","potentialAction":[{"@type":"ReadAction","target":["https:\/\/teguar.com\/eu\/de\/product\/tm-5957-22\/"]}]},{"@type":"ImageObject","inLanguage":"de","@id":"https:\/\/teguar.com\/eu\/de\/product\/tm-5957-22\/#primaryimage","url":"https:\/\/teguar.com\/eu\/wp-content\/uploads\/sites\/2\/2022\/08\/22_medical_panel_computer_TM-5557-22_front_w_logo__41484.1663779213.1280.1280.jpg","contentUrl":"https:\/\/teguar.com\/eu\/wp-content\/uploads\/sites\/2\/2022\/08\/22_medical_panel_computer_TM-5557-22_front_w_logo__41484.1663779213.1280.1280.jpg","width":1000,"height":1000,"caption":"22\" medical computer front | TM-5957-22"},{"@type":"BreadcrumbList","@id":"https:\/\/teguar.com\/eu\/de\/product\/tm-5957-22\/#breadcrumb","itemListElement":[{"@type":"ListItem","position":1,"name":"Home","item":"https:\/\/teguar.com\/eu\/de\/"},{"@type":"ListItem","position":2,"name":"TM-5957-22"}]},{"@type":"WebSite","@id":"https:\/\/teguar.com\/eu\/en\/#website","url":"https:\/\/teguar.com\/eu\/en\/","name":"Teguar","description":"Industrial PCs, Medical Computers, and Rugged Tablets","potentialAction":[{"@type":"SearchAction","target":{"@type":"EntryPoint","urlTemplate":"https:\/\/teguar.com\/eu\/en\/?s={search_term_string}"},"query-input":{"@type":"PropertyValueSpecification","valueRequired":true,"valueName":"search_term_string"}}],"inLanguage":"de"}]}},"_links":{"self":[{"href":"https:\/\/teguar.com\/eu\/de\/wp-json\/wp\/v2\/product\/2244877","targetHints":{"allow":["GET"]}}],"collection":[{"href":"https:\/\/teguar.com\/eu\/de\/wp-json\/wp\/v2\/product"}],"about":[{"href":"https:\/\/teguar.com\/eu\/de\/wp-json\/wp\/v2\/types\/product"}],"wp:featuredmedia":[{"embeddable":true,"href":"https:\/\/teguar.com\/eu\/de\/wp-json\/wp\/v2\/media\/2244890"}],"wp:attachment":[{"href":"https:\/\/teguar.com\/eu\/de\/wp-json\/wp\/v2\/media?parent=2244877"}],"wp:term":[{"taxonomy":"product_brand","embeddable":true,"href":"https:\/\/teguar.com\/eu\/de\/wp-json\/wp\/v2\/product_brand?post=2244877"},{"taxonomy":"product_cat","embeddable":true,"href":"https:\/\/teguar.com\/eu\/de\/wp-json\/wp\/v2\/product_cat?post=2244877"},{"taxonomy":"product_tag","embeddable":true,"href":"https:\/\/teguar.com\/eu\/de\/wp-json\/wp\/v2\/product_tag?post=2244877"},{"taxonomy":"product_label","embeddable":true,"href":"https:\/\/teguar.com\/eu\/de\/wp-json\/wp\/v2\/product_label?post=2244877"}],"curies":[{"name":"wp","href":"https:\/\/api.w.org\/{rel}","templated":true}]}}