{"id":2244871,"date":"2025-06-29T14:11:05","date_gmt":"2025-06-29T14:11:05","guid":{"rendered":"https:\/\/teguar.com\/eu\/product\/trt-7080-12\/"},"modified":"2026-01-02T16:34:26","modified_gmt":"2026-01-02T16:34:26","slug":"trt-7080-12","status":"publish","type":"product","link":"https:\/\/teguar.com\/eu\/de\/product\/trt-7080-12\/","title":{"rendered":"TRT-7080-12"},"content":{"rendered":"<p>Das TRT-7080-12 verf\u00fcgt \u00fcber ein 12-Zoll-Touchscreen-Display, das mit einer Full-HD-Aufl\u00f6sung von 1920 x 1200 Pixeln atemberaubende Bilder liefert. Dieses Tablet arbeitet mit einer Intel Alder Lake CPU der 12. Generation und kann m\u00fchelos Windows 11 ausf\u00fchren. Dank der WiFi 6 Technologie k\u00f6nnen Sie problemlos im Internet surfen und streamen. F\u00fcr zus\u00e4tzlichen Komfort kann es mit einer Dockingstation gekoppelt werden, um es in eine desktop\u00e4hnliche Workstation zu verwandeln. Der TRT-7080-12 vereint die Leistung eines Desktops mit der Mobilit\u00e4t, die f\u00fcr den Einsatz im Feld oder in der Industrie erforderlich ist, und bietet damit un\u00fcbertroffenen Komfort f\u00fcr unterwegs.      <\/p>\n","protected":false},"excerpt":{"rendered":"<p><a href=\"https:\/\/teguar.com\/eu\/de\/fertigungs-computer\/\">Industrielle Fertigung: <\/a>Das robuste TRT-7080-Tablet mit Schutzart IP65 eignet sich hervorragend f\u00fcr den Einsatz in anspruchsvollen industriellen Fertigungsumgebungen und ist ein zuverl\u00e4ssiges Ger\u00e4t f\u00fcr Produktionskontrolle, Qualit\u00e4tssicherung und Bestandsverwaltung.<\/p>\n<p><a href=\"https:\/\/teguar.com\/eu\/de\/tablets-fuer-den-aussendienst\/\">Inspektionen und Vermessungen vor Ort:<\/a> In Verbindung mit einer Dockingstation zum Aufladen kann das robuste Tablet TRT-7080 f\u00fcr Inspektionen und Erhebungen vor Ort eingesetzt werden. Damit k\u00f6nnen Fachleute in verschiedenen Branchen, z. B. im Ingenieurwesen und bei Umweltdiensten, Daten erfassen und analysieren, Inspektionen durchf\u00fchren und Berichte erstellen.<\/p>\n<p><a href=\"https:\/\/teguar.com\/eu\/building-automation-computer-2\/\">Versorgungsunternehmen und Infrastrukturwartung:<\/a> Dank seiner Robustheit und seines Schutzes vor Staub, Wasser und St\u00f6\u00dfen eignet sich das TRT-7080-Tablet f\u00fcr die Wartung von Versorgungseinrichtungen und Infrastrukturen und bietet Technikern im Au\u00dfendienst ein zuverl\u00e4ssiges Ger\u00e4t f\u00fcr die Verwaltung von Anlagen, die Planung von Wartungsarbeiten und die Fernkommunikation in anspruchsvollen Au\u00dfenumgebungen.<\/p>\n","protected":false},"featured_media":2244883,"template":"","meta":{"_acf_changed":false},"product_brand":[],"product_cat":[2846],"product_tag":[3235,2635,3374],"product_label":[],"class_list":{"0":"post-2244871","1":"product","2":"type-product","3":"status-publish","4":"has-post-thumbnail","6":"product_cat-rugged-windows-tablets","7":"product_tag-fahrzeug-und-gabelstapler-tablets","8":"product_tag-online-kaufen","9":"product_tag-schneller-versand-von-robusten-tablets","10":"pa_windows-windows-10-iot","11":"pa_windows-windows-10-pro","12":"pa_windows-windows-11-pro","14":"first","15":"instock","16":"taxable","17":"shipping-taxable","18":"purchasable","19":"product-type-composite"},"composite_virtual":false,"composite_layout":"single","composite_add_to_cart_form_location":"default","composite_editable_in_cart":false,"composite_sold_individually_context":"product","composite_shop_price_calc":"min_max","composite_components":[{"id":"1750967233","title":"Prozessor","description":"","query_type":"product_ids","query_ids":[2240951,2240952,2240953,2240954],"default_option_id":"","thumbnail_id":"","thumbnail_src":"","quantity_min":1,"quantity_max":1,"priced_individually":true,"shipped_individually":false,"optional":false,"discount":"","options_style":"dropdowns","pagination_style":"classic","display_prices":"relative","show_sorting_options":false,"show_filtering_options":false,"attribute_filter_ids":[],"select_action":"view","product_title_visible":false,"product_descr_visible":false,"product_price_visible":false,"product_thumb_visible":false,"subtotal_visible_product":true,"subtotal_visible_cart":false,"subtotal_visible_orders":false},{"id":"1750967234","title":"Lagerung","description":"","query_type":"product_ids","query_ids":[2240784,2240785],"default_option_id":"","thumbnail_id":"","thumbnail_src":"","quantity_min":1,"quantity_max":1,"priced_individually":true,"shipped_individually":false,"optional":false,"discount":"","options_style":"dropdowns","pagination_style":"classic","display_prices":"relative","show_sorting_options":false,"show_filtering_options":false,"attribute_filter_ids":[],"select_action":"view","product_title_visible":false,"product_descr_visible":false,"product_price_visible":false,"product_thumb_visible":false,"subtotal_visible_product":true,"subtotal_visible_cart":false,"subtotal_visible_orders":false},{"id":"1750967235","title":"Betriebssystem","description":"","query_type":"product_ids","query_ids":[2240737,2240735,2240733],"default_option_id":"","thumbnail_id":"","thumbnail_src":"","quantity_min":1,"quantity_max":1,"priced_individually":true,"shipped_individually":false,"optional":false,"discount":"","options_style":"dropdowns","pagination_style":"classic","display_prices":"relative","show_sorting_options":false,"show_filtering_options":false,"attribute_filter_ids":[],"select_action":"view","product_title_visible":false,"product_descr_visible":false,"product_price_visible":false,"product_thumb_visible":false,"subtotal_visible_product":true,"subtotal_visible_cart":false,"subtotal_visible_orders":false},{"id":"1750967236","title":"Batterie","description":"","query_type":"product_ids","query_ids":[2240679,2245325],"default_option_id":2245325,"thumbnail_id":"","thumbnail_src":"","quantity_min":1,"quantity_max":1,"priced_individually":true,"shipped_individually":false,"optional":false,"discount":"","options_style":"dropdowns","pagination_style":"classic","display_prices":"relative","show_sorting_options":false,"show_filtering_options":false,"attribute_filter_ids":[],"select_action":"view","product_title_visible":false,"product_descr_visible":false,"product_price_visible":false,"product_thumb_visible":false,"subtotal_visible_product":true,"subtotal_visible_cart":false,"subtotal_visible_orders":false},{"id":"1750967237","title":"Desktop-Dock","description":"","query_type":"product_ids","query_ids":[2240706,2245459],"default_option_id":2245459,"thumbnail_id":"","thumbnail_src":"","quantity_min":1,"quantity_max":1,"priced_individually":true,"shipped_individually":false,"optional":false,"discount":"","options_style":"dropdowns","pagination_style":"classic","display_prices":"relative","show_sorting_options":false,"show_filtering_options":false,"attribute_filter_ids":[],"select_action":"view","product_title_visible":false,"product_descr_visible":false,"product_price_visible":false,"product_thumb_visible":false,"subtotal_visible_product":true,"subtotal_visible_cart":false,"subtotal_visible_orders":false},{"id":"1751379006","title":"Dock f\u00fcr Gabelstapler","description":"","query_type":"product_ids","query_ids":[2240955,2240957],"default_option_id":"","thumbnail_id":"","thumbnail_src":"","quantity_min":1,"quantity_max":1,"priced_individually":true,"shipped_individually":false,"optional":false,"discount":"","options_style":"dropdowns","pagination_style":"classic","display_prices":"relative","show_sorting_options":false,"show_filtering_options":false,"attribute_filter_ids":[],"select_action":"view","product_title_visible":false,"product_descr_visible":false,"product_price_visible":false,"product_thumb_visible":false,"subtotal_visible_product":true,"subtotal_visible_cart":false,"subtotal_visible_orders":false}],"composite_scenarios":[],"acf":[],"yoast_head":"<!-- This site is optimized with the Yoast SEO Premium plugin v26.8 (Yoast SEO v27.2) - https:\/\/yoast.com\/product\/yoast-seo-premium-wordpress\/ -->\n<title>12&quot; Robustes Tablet mit Dockingstation | TRT-7080-12<\/title>\n<meta name=\"description\" content=\"Der TRT-7080-12 vereint die Leistung eines Desktop-Rechners mit der Portabilit\u00e4t, die f\u00fcr den Einsatz im Feld oder in der Industrie erforderlich ist.\" \/>\n<meta name=\"robots\" content=\"index, follow, max-snippet:-1, max-image-preview:large, max-video-preview:-1\" \/>\n<link rel=\"canonical\" href=\"https:\/\/teguar.com\/eu\/de\/product\/trt-7080-12\/\" \/>\n<meta property=\"og:locale\" content=\"de_DE\" \/>\n<meta property=\"og:type\" content=\"article\" \/>\n<meta property=\"og:title\" content=\"TRT-7080-12\" \/>\n<meta property=\"og:description\" content=\"Der TRT-7080-12 vereint die Leistung eines Desktop-Rechners mit der Portabilit\u00e4t, die f\u00fcr den Einsatz im Feld oder in der Industrie erforderlich ist.\" \/>\n<meta property=\"og:url\" content=\"https:\/\/teguar.com\/eu\/de\/product\/trt-7080-12\/\" \/>\n<meta property=\"og:site_name\" content=\"Teguar\" \/>\n<meta property=\"article:modified_time\" content=\"2026-01-02T16:34:26+00:00\" \/>\n<meta property=\"og:image\" content=\"https:\/\/teguar.com\/eu\/wp-content\/uploads\/sites\/2\/2023\/06\/12_Inch_Rugged_Tablet_Docking_Station-TRT-7080-12_Front_with_Dock__07697.1686580506.1280.1280.jpg\" \/>\n\t<meta property=\"og:image:width\" content=\"930\" \/>\n\t<meta property=\"og:image:height\" content=\"565\" \/>\n\t<meta property=\"og:image:type\" content=\"image\/jpeg\" \/>\n<meta name=\"twitter:card\" content=\"summary_large_image\" \/>\n<meta name=\"twitter:label1\" content=\"Gesch\u00e4tzte Lesezeit\" \/>\n\t<meta name=\"twitter:data1\" content=\"1\u00a0Minute\" \/>\n<script type=\"application\/ld+json\" class=\"yoast-schema-graph\">{\"@context\":\"https:\/\/schema.org\",\"@graph\":[{\"@type\":\"WebPage\",\"@id\":\"https:\/\/teguar.com\/eu\/de\/product\/trt-7080-12\/\",\"url\":\"https:\/\/teguar.com\/eu\/de\/product\/trt-7080-12\/\",\"name\":\"12\\\" Robustes Tablet mit Dockingstation | TRT-7080-12\",\"isPartOf\":{\"@id\":\"https:\/\/teguar.com\/eu\/en\/#website\"},\"primaryImageOfPage\":{\"@id\":\"https:\/\/teguar.com\/eu\/de\/product\/trt-7080-12\/#primaryimage\"},\"image\":{\"@id\":\"https:\/\/teguar.com\/eu\/de\/product\/trt-7080-12\/#primaryimage\"},\"thumbnailUrl\":\"https:\/\/teguar.com\/eu\/wp-content\/uploads\/sites\/2\/2023\/06\/12_Inch_Rugged_Tablet_Docking_Station-TRT-7080-12_Front_with_Dock__07697.1686580506.1280.1280.jpg\",\"datePublished\":\"2025-06-29T14:11:05+00:00\",\"dateModified\":\"2026-01-02T16:34:26+00:00\",\"description\":\"Der TRT-7080-12 vereint die Leistung eines Desktop-Rechners mit der Portabilit\u00e4t, die f\u00fcr den Einsatz im Feld oder in der Industrie erforderlich ist.\",\"breadcrumb\":{\"@id\":\"https:\/\/teguar.com\/eu\/de\/product\/trt-7080-12\/#breadcrumb\"},\"inLanguage\":\"de\",\"potentialAction\":[{\"@type\":\"ReadAction\",\"target\":[\"https:\/\/teguar.com\/eu\/de\/product\/trt-7080-12\/\"]}]},{\"@type\":\"ImageObject\",\"inLanguage\":\"de\",\"@id\":\"https:\/\/teguar.com\/eu\/de\/product\/trt-7080-12\/#primaryimage\",\"url\":\"https:\/\/teguar.com\/eu\/wp-content\/uploads\/sites\/2\/2023\/06\/12_Inch_Rugged_Tablet_Docking_Station-TRT-7080-12_Front_with_Dock__07697.1686580506.1280.1280.jpg\",\"contentUrl\":\"https:\/\/teguar.com\/eu\/wp-content\/uploads\/sites\/2\/2023\/06\/12_Inch_Rugged_Tablet_Docking_Station-TRT-7080-12_Front_with_Dock__07697.1686580506.1280.1280.jpg\",\"width\":930,\"height\":565,\"caption\":\"12 Inch Rugged Tablet Docking Station-TRT-7080-12 Front With Dock\"},{\"@type\":\"BreadcrumbList\",\"@id\":\"https:\/\/teguar.com\/eu\/de\/product\/trt-7080-12\/#breadcrumb\",\"itemListElement\":[{\"@type\":\"ListItem\",\"position\":1,\"name\":\"Home\",\"item\":\"https:\/\/teguar.com\/eu\/de\/\"},{\"@type\":\"ListItem\",\"position\":2,\"name\":\"TRT-7080-12\"}]},{\"@type\":\"WebSite\",\"@id\":\"https:\/\/teguar.com\/eu\/en\/#website\",\"url\":\"https:\/\/teguar.com\/eu\/en\/\",\"name\":\"Teguar\",\"description\":\"Industrial PCs, Medical Computers, and Rugged Tablets\",\"potentialAction\":[{\"@type\":\"SearchAction\",\"target\":{\"@type\":\"EntryPoint\",\"urlTemplate\":\"https:\/\/teguar.com\/eu\/en\/?s={search_term_string}\"},\"query-input\":{\"@type\":\"PropertyValueSpecification\",\"valueRequired\":true,\"valueName\":\"search_term_string\"}}],\"inLanguage\":\"de\"}]}<\/script>\n<!-- \/ Yoast SEO Premium plugin. -->","yoast_head_json":{"title":"12\" Robustes Tablet mit Dockingstation | TRT-7080-12","description":"Der TRT-7080-12 vereint die Leistung eines Desktop-Rechners mit der Portabilit\u00e4t, die f\u00fcr den Einsatz im Feld oder in der Industrie erforderlich ist.","robots":{"index":"index","follow":"follow","max-snippet":"max-snippet:-1","max-image-preview":"max-image-preview:large","max-video-preview":"max-video-preview:-1"},"canonical":"https:\/\/teguar.com\/eu\/de\/product\/trt-7080-12\/","og_locale":"de_DE","og_type":"article","og_title":"TRT-7080-12","og_description":"Der TRT-7080-12 vereint die Leistung eines Desktop-Rechners mit der Portabilit\u00e4t, die f\u00fcr den Einsatz im Feld oder in der Industrie erforderlich ist.","og_url":"https:\/\/teguar.com\/eu\/de\/product\/trt-7080-12\/","og_site_name":"Teguar","article_modified_time":"2026-01-02T16:34:26+00:00","og_image":[{"width":930,"height":565,"url":"https:\/\/teguar.com\/eu\/wp-content\/uploads\/sites\/2\/2023\/06\/12_Inch_Rugged_Tablet_Docking_Station-TRT-7080-12_Front_with_Dock__07697.1686580506.1280.1280.jpg","type":"image\/jpeg"}],"twitter_card":"summary_large_image","twitter_misc":{"Gesch\u00e4tzte Lesezeit":"1\u00a0Minute"},"schema":{"@context":"https:\/\/schema.org","@graph":[{"@type":"WebPage","@id":"https:\/\/teguar.com\/eu\/de\/product\/trt-7080-12\/","url":"https:\/\/teguar.com\/eu\/de\/product\/trt-7080-12\/","name":"12\" Robustes Tablet mit Dockingstation | TRT-7080-12","isPartOf":{"@id":"https:\/\/teguar.com\/eu\/en\/#website"},"primaryImageOfPage":{"@id":"https:\/\/teguar.com\/eu\/de\/product\/trt-7080-12\/#primaryimage"},"image":{"@id":"https:\/\/teguar.com\/eu\/de\/product\/trt-7080-12\/#primaryimage"},"thumbnailUrl":"https:\/\/teguar.com\/eu\/wp-content\/uploads\/sites\/2\/2023\/06\/12_Inch_Rugged_Tablet_Docking_Station-TRT-7080-12_Front_with_Dock__07697.1686580506.1280.1280.jpg","datePublished":"2025-06-29T14:11:05+00:00","dateModified":"2026-01-02T16:34:26+00:00","description":"Der TRT-7080-12 vereint die Leistung eines Desktop-Rechners mit der Portabilit\u00e4t, die f\u00fcr den Einsatz im Feld oder in der Industrie erforderlich ist.","breadcrumb":{"@id":"https:\/\/teguar.com\/eu\/de\/product\/trt-7080-12\/#breadcrumb"},"inLanguage":"de","potentialAction":[{"@type":"ReadAction","target":["https:\/\/teguar.com\/eu\/de\/product\/trt-7080-12\/"]}]},{"@type":"ImageObject","inLanguage":"de","@id":"https:\/\/teguar.com\/eu\/de\/product\/trt-7080-12\/#primaryimage","url":"https:\/\/teguar.com\/eu\/wp-content\/uploads\/sites\/2\/2023\/06\/12_Inch_Rugged_Tablet_Docking_Station-TRT-7080-12_Front_with_Dock__07697.1686580506.1280.1280.jpg","contentUrl":"https:\/\/teguar.com\/eu\/wp-content\/uploads\/sites\/2\/2023\/06\/12_Inch_Rugged_Tablet_Docking_Station-TRT-7080-12_Front_with_Dock__07697.1686580506.1280.1280.jpg","width":930,"height":565,"caption":"12 Inch Rugged Tablet Docking Station-TRT-7080-12 Front With Dock"},{"@type":"BreadcrumbList","@id":"https:\/\/teguar.com\/eu\/de\/product\/trt-7080-12\/#breadcrumb","itemListElement":[{"@type":"ListItem","position":1,"name":"Home","item":"https:\/\/teguar.com\/eu\/de\/"},{"@type":"ListItem","position":2,"name":"TRT-7080-12"}]},{"@type":"WebSite","@id":"https:\/\/teguar.com\/eu\/en\/#website","url":"https:\/\/teguar.com\/eu\/en\/","name":"Teguar","description":"Industrial PCs, Medical Computers, and Rugged Tablets","potentialAction":[{"@type":"SearchAction","target":{"@type":"EntryPoint","urlTemplate":"https:\/\/teguar.com\/eu\/en\/?s={search_term_string}"},"query-input":{"@type":"PropertyValueSpecification","valueRequired":true,"valueName":"search_term_string"}}],"inLanguage":"de"}]}},"_links":{"self":[{"href":"https:\/\/teguar.com\/eu\/de\/wp-json\/wp\/v2\/product\/2244871","targetHints":{"allow":["GET"]}}],"collection":[{"href":"https:\/\/teguar.com\/eu\/de\/wp-json\/wp\/v2\/product"}],"about":[{"href":"https:\/\/teguar.com\/eu\/de\/wp-json\/wp\/v2\/types\/product"}],"wp:featuredmedia":[{"embeddable":true,"href":"https:\/\/teguar.com\/eu\/de\/wp-json\/wp\/v2\/media\/2244883"}],"wp:attachment":[{"href":"https:\/\/teguar.com\/eu\/de\/wp-json\/wp\/v2\/media?parent=2244871"}],"wp:term":[{"taxonomy":"product_brand","embeddable":true,"href":"https:\/\/teguar.com\/eu\/de\/wp-json\/wp\/v2\/product_brand?post=2244871"},{"taxonomy":"product_cat","embeddable":true,"href":"https:\/\/teguar.com\/eu\/de\/wp-json\/wp\/v2\/product_cat?post=2244871"},{"taxonomy":"product_tag","embeddable":true,"href":"https:\/\/teguar.com\/eu\/de\/wp-json\/wp\/v2\/product_tag?post=2244871"},{"taxonomy":"product_label","embeddable":true,"href":"https:\/\/teguar.com\/eu\/de\/wp-json\/wp\/v2\/product_label?post=2244871"}],"curies":[{"name":"wp","href":"https:\/\/api.w.org\/{rel}","templated":true}]}}