{"id":2244858,"date":"2025-06-28T14:11:58","date_gmt":"2025-06-28T14:11:58","guid":{"rendered":"https:\/\/teguar.com\/eu\/product\/trt-5380-10\/"},"modified":"2026-01-02T16:36:39","modified_gmt":"2026-01-02T16:36:39","slug":"trt-5380-10","status":"publish","type":"product","link":"https:\/\/teguar.com\/eu\/de\/product\/trt-5380-10\/","title":{"rendered":"TRT-5380-10"},"content":{"rendered":"<p>Das TRT-5380-10 ist ein 10&#8243; l\u00fcfterloses, robustes Tablet mit einer Intel Jasper Lake Quad-Core CPU. Dieses robuste Tablet ist nach IP65 wasser- und staubdicht und erf\u00fcllt die Anforderungen von MIL-STD-810G zum Schutz vor St\u00f6\u00dfen, Vibrationen und St\u00fcrzen. Das TRT-5380-10 kann von mehreren Benutzern bedient werden und verf\u00fcgt \u00fcber einen herausnehmbaren Akku mit einer Laufzeit von bis zu 8 Stunden. Es verf\u00fcgt \u00fcber einen optionalen 1D\/2D-Barcodescanner und einen Fingerabdruckleser sowie \u00fcber integriertes WiFi, Bluetooth, GPS und NFC und zwei Kameras: 5 MP auf der Vorderseite und 8 MP auf der R\u00fcckseite. Der TRT-5380-10 wird in Ihrer Einrichtung \u00fcber Jahre hinweg zuverl\u00e4ssig arbeiten.    <\/p>\n","protected":false},"excerpt":{"rendered":"<p><a href=\"https:\/\/teguar.com\/eu\/de\/computer-fuer-das-baugewerbe\/\">Verfolgung von Anlagen im Freien:<\/a> Mit ihrer Robustheit und ihren Konnektivit\u00e4tsoptionen sind die Tablets der Serie TRT-5380 ideal f\u00fcr die Verfolgung von Anlagen im Freien geeignet. Sie erm\u00f6glichen die \u00dcberwachung des Standorts in Echtzeit, die Datenerfassung und die effiziente Verwaltung von Anlagen in Branchen wie Logistik, Bauwesen und Versorgungsunternehmen.<\/p>\n<p><a href=\"https:\/\/teguar.com\/eu\/de\/fertigungs-computer\/\">Betrieb von Produktionsanlagen:<\/a> Die Tabletten der Serie TRT-5380, die f\u00fcr den Einsatz in feuchten oder nassen Produktionsanlagen konzipiert sind, bieten ein zuverl\u00e4ssiges Werkzeug f\u00fcr die Prozess\u00fcberwachung, Qualit\u00e4tskontrolle und Bestandsverwaltung und sorgen f\u00fcr einen reibungslosen Betrieb und Produktivit\u00e4t.<\/p>\n<p><a href=\"https:\/\/teguar.com\/eu\/de\/tablets-fuer-den-aussendienst\/\">Au\u00dfendienst-Management:<\/a> Die Tablets der Serie TRT-5380 sind mit einer Vielzahl von Ein- und Ausg\u00e4ngen und Konnektivit\u00e4tsoptionen ausgestattet und eignen sich f\u00fcr das Au\u00dfendienstmanagement. Sie erm\u00f6glichen es Technikern, unterwegs auf Handb\u00fccher zuzugreifen, Probleme zu beheben und mit Support-Teams zu kommunizieren.<\/p>\n","protected":false},"featured_media":2244870,"template":"","meta":{"_acf_changed":false},"product_brand":[],"product_cat":[2846,2856],"product_tag":[2635,3374],"product_label":[],"class_list":{"0":"post-2244858","1":"product","2":"type-product","3":"status-publish","4":"has-post-thumbnail","6":"product_cat-rugged-windows-tablets","7":"product_cat-wasserdichte-tablets","8":"product_tag-online-kaufen","9":"product_tag-schneller-versand-von-robusten-tablets","10":"pa_windows-windows-10-iot","11":"pa_windows-windows-10-pro","12":"pa_windows-windows-11-pro","14":"first","15":"instock","16":"taxable","17":"shipping-taxable","18":"purchasable","19":"product-type-composite"},"composite_virtual":false,"composite_layout":"single","composite_add_to_cart_form_location":"default","composite_editable_in_cart":false,"composite_sold_individually_context":"product","composite_shop_price_calc":"min_max","composite_components":[{"id":"1751312715","title":"2D-Scanner","description":"","query_type":"product_ids","query_ids":[2240838,2240675],"default_option_id":"","thumbnail_id":"","thumbnail_src":"","quantity_min":1,"quantity_max":1,"priced_individually":true,"shipped_individually":false,"optional":false,"discount":"","options_style":"dropdowns","pagination_style":"classic","display_prices":"relative","show_sorting_options":false,"show_filtering_options":false,"attribute_filter_ids":[],"select_action":"view","product_title_visible":false,"product_descr_visible":false,"product_price_visible":false,"product_thumb_visible":false,"subtotal_visible_product":true,"subtotal_visible_cart":false,"subtotal_visible_orders":false},{"id":"1751312716","title":"Betriebssystem","description":"","query_type":"product_ids","query_ids":[2240733],"default_option_id":"","thumbnail_id":"","thumbnail_src":"","quantity_min":1,"quantity_max":1,"priced_individually":true,"shipped_individually":false,"optional":false,"discount":"","options_style":"dropdowns","pagination_style":"classic","display_prices":"relative","show_sorting_options":false,"show_filtering_options":false,"attribute_filter_ids":[],"select_action":"view","product_title_visible":true,"product_descr_visible":false,"product_price_visible":true,"product_thumb_visible":false,"subtotal_visible_product":true,"subtotal_visible_cart":false,"subtotal_visible_orders":false}],"composite_scenarios":[],"acf":[],"yoast_head":"<!-- This site is optimized with the Yoast SEO Premium plugin v26.8 (Yoast SEO v27.2) - https:\/\/yoast.com\/product\/yoast-seo-premium-wordpress\/ -->\n<title>10\u201c Hochleistungs-Tablet | TRT-5380-10<\/title>\n<meta name=\"robots\" content=\"index, follow, max-snippet:-1, max-image-preview:large, max-video-preview:-1\" \/>\n<link rel=\"canonical\" href=\"https:\/\/teguar.com\/eu\/de\/product\/trt-5380-10\/\" \/>\n<meta property=\"og:locale\" content=\"de_DE\" \/>\n<meta property=\"og:type\" content=\"article\" \/>\n<meta property=\"og:title\" content=\"TRT-5380-10\" \/>\n<meta property=\"og:description\" content=\"Verfolgung von Anlagen im Freien: Mit ihrer Robustheit und ihren Konnektivit\u00e4tsoptionen sind die Tablets der Serie TRT-5380 ideal f\u00fcr die Verfolgung von Anlagen im Freien geeignet. Sie erm\u00f6glichen die \u00dcberwachung des Standorts in Echtzeit, die Datenerfassung und die effiziente Verwaltung von Anlagen in Branchen wie Logistik, Bauwesen und Versorgungsunternehmen.  Betrieb von Produktionsanlagen: Die Tabletten der Serie TRT-5380, die f\u00fcr den Einsatz in feuchten oder nassen Produktionsanlagen konzipiert sind, bieten ein zuverl\u00e4ssiges Werkzeug f\u00fcr die Prozess\u00fcberwachung, Qualit\u00e4tskontrolle und Bestandsverwaltung und sorgen f\u00fcr einen reibungslosen Betrieb und Produktivit\u00e4t.  Au\u00dfendienst-Management: Die Tablets der Serie TRT-5380 sind mit einer Vielzahl von Ein- und Ausg\u00e4ngen und Konnektivit\u00e4tsoptionen ausgestattet und eignen sich f\u00fcr das Au\u00dfendienstmanagement. Sie erm\u00f6glichen es Technikern, unterwegs auf Handb\u00fccher zuzugreifen, Probleme zu beheben und mit Support-Teams zu kommunizieren.\" \/>\n<meta property=\"og:url\" content=\"https:\/\/teguar.com\/eu\/de\/product\/trt-5380-10\/\" \/>\n<meta property=\"og:site_name\" content=\"Teguar\" \/>\n<meta property=\"article:modified_time\" content=\"2026-01-02T16:36:39+00:00\" \/>\n<meta property=\"og:image\" content=\"https:\/\/teguar.com\/eu\/wp-content\/uploads\/sites\/2\/2022\/07\/heavy_duty_tablet_10__60039.1658346583.1280.1280.jpg\" \/>\n\t<meta property=\"og:image:width\" content=\"960\" \/>\n\t<meta property=\"og:image:height\" content=\"960\" \/>\n\t<meta property=\"og:image:type\" content=\"image\/jpeg\" \/>\n<meta name=\"twitter:card\" content=\"summary_large_image\" \/>\n<meta name=\"twitter:label1\" content=\"Gesch\u00e4tzte Lesezeit\" \/>\n\t<meta name=\"twitter:data1\" content=\"1\u00a0Minute\" \/>\n<script type=\"application\/ld+json\" class=\"yoast-schema-graph\">{\"@context\":\"https:\/\/schema.org\",\"@graph\":[{\"@type\":\"WebPage\",\"@id\":\"https:\/\/teguar.com\/eu\/de\/product\/trt-5380-10\/\",\"url\":\"https:\/\/teguar.com\/eu\/de\/product\/trt-5380-10\/\",\"name\":\"10\u201c Hochleistungs-Tablet | TRT-5380-10\",\"isPartOf\":{\"@id\":\"https:\/\/teguar.com\/eu\/en\/#website\"},\"primaryImageOfPage\":{\"@id\":\"https:\/\/teguar.com\/eu\/de\/product\/trt-5380-10\/#primaryimage\"},\"image\":{\"@id\":\"https:\/\/teguar.com\/eu\/de\/product\/trt-5380-10\/#primaryimage\"},\"thumbnailUrl\":\"https:\/\/teguar.com\/eu\/wp-content\/uploads\/sites\/2\/2022\/07\/heavy_duty_tablet_10__60039.1658346583.1280.1280.jpg\",\"datePublished\":\"2025-06-28T14:11:58+00:00\",\"dateModified\":\"2026-01-02T16:36:39+00:00\",\"breadcrumb\":{\"@id\":\"https:\/\/teguar.com\/eu\/de\/product\/trt-5380-10\/#breadcrumb\"},\"inLanguage\":\"de\",\"potentialAction\":[{\"@type\":\"ReadAction\",\"target\":[\"https:\/\/teguar.com\/eu\/de\/product\/trt-5380-10\/\"]}]},{\"@type\":\"ImageObject\",\"inLanguage\":\"de\",\"@id\":\"https:\/\/teguar.com\/eu\/de\/product\/trt-5380-10\/#primaryimage\",\"url\":\"https:\/\/teguar.com\/eu\/wp-content\/uploads\/sites\/2\/2022\/07\/heavy_duty_tablet_10__60039.1658346583.1280.1280.jpg\",\"contentUrl\":\"https:\/\/teguar.com\/eu\/wp-content\/uploads\/sites\/2\/2022\/07\/heavy_duty_tablet_10__60039.1658346583.1280.1280.jpg\",\"width\":960,\"height\":960,\"caption\":\"10\\\" Heavy Duty Tablet | TRT-5380-10\"},{\"@type\":\"BreadcrumbList\",\"@id\":\"https:\/\/teguar.com\/eu\/de\/product\/trt-5380-10\/#breadcrumb\",\"itemListElement\":[{\"@type\":\"ListItem\",\"position\":1,\"name\":\"Home\",\"item\":\"https:\/\/teguar.com\/eu\/de\/\"},{\"@type\":\"ListItem\",\"position\":2,\"name\":\"TRT-5380-10\"}]},{\"@type\":\"WebSite\",\"@id\":\"https:\/\/teguar.com\/eu\/en\/#website\",\"url\":\"https:\/\/teguar.com\/eu\/en\/\",\"name\":\"Teguar\",\"description\":\"Industrial PCs, Medical Computers, and Rugged Tablets\",\"potentialAction\":[{\"@type\":\"SearchAction\",\"target\":{\"@type\":\"EntryPoint\",\"urlTemplate\":\"https:\/\/teguar.com\/eu\/en\/?s={search_term_string}\"},\"query-input\":{\"@type\":\"PropertyValueSpecification\",\"valueRequired\":true,\"valueName\":\"search_term_string\"}}],\"inLanguage\":\"de\"}]}<\/script>\n<!-- \/ Yoast SEO Premium plugin. -->","yoast_head_json":{"title":"10\u201c Hochleistungs-Tablet | TRT-5380-10","robots":{"index":"index","follow":"follow","max-snippet":"max-snippet:-1","max-image-preview":"max-image-preview:large","max-video-preview":"max-video-preview:-1"},"canonical":"https:\/\/teguar.com\/eu\/de\/product\/trt-5380-10\/","og_locale":"de_DE","og_type":"article","og_title":"TRT-5380-10","og_description":"Verfolgung von Anlagen im Freien: Mit ihrer Robustheit und ihren Konnektivit\u00e4tsoptionen sind die Tablets der Serie TRT-5380 ideal f\u00fcr die Verfolgung von Anlagen im Freien geeignet. Sie erm\u00f6glichen die \u00dcberwachung des Standorts in Echtzeit, die Datenerfassung und die effiziente Verwaltung von Anlagen in Branchen wie Logistik, Bauwesen und Versorgungsunternehmen.  Betrieb von Produktionsanlagen: Die Tabletten der Serie TRT-5380, die f\u00fcr den Einsatz in feuchten oder nassen Produktionsanlagen konzipiert sind, bieten ein zuverl\u00e4ssiges Werkzeug f\u00fcr die Prozess\u00fcberwachung, Qualit\u00e4tskontrolle und Bestandsverwaltung und sorgen f\u00fcr einen reibungslosen Betrieb und Produktivit\u00e4t.  Au\u00dfendienst-Management: Die Tablets der Serie TRT-5380 sind mit einer Vielzahl von Ein- und Ausg\u00e4ngen und Konnektivit\u00e4tsoptionen ausgestattet und eignen sich f\u00fcr das Au\u00dfendienstmanagement. Sie erm\u00f6glichen es Technikern, unterwegs auf Handb\u00fccher zuzugreifen, Probleme zu beheben und mit Support-Teams zu kommunizieren.","og_url":"https:\/\/teguar.com\/eu\/de\/product\/trt-5380-10\/","og_site_name":"Teguar","article_modified_time":"2026-01-02T16:36:39+00:00","og_image":[{"width":960,"height":960,"url":"https:\/\/teguar.com\/eu\/wp-content\/uploads\/sites\/2\/2022\/07\/heavy_duty_tablet_10__60039.1658346583.1280.1280.jpg","type":"image\/jpeg"}],"twitter_card":"summary_large_image","twitter_misc":{"Gesch\u00e4tzte Lesezeit":"1\u00a0Minute"},"schema":{"@context":"https:\/\/schema.org","@graph":[{"@type":"WebPage","@id":"https:\/\/teguar.com\/eu\/de\/product\/trt-5380-10\/","url":"https:\/\/teguar.com\/eu\/de\/product\/trt-5380-10\/","name":"10\u201c Hochleistungs-Tablet | TRT-5380-10","isPartOf":{"@id":"https:\/\/teguar.com\/eu\/en\/#website"},"primaryImageOfPage":{"@id":"https:\/\/teguar.com\/eu\/de\/product\/trt-5380-10\/#primaryimage"},"image":{"@id":"https:\/\/teguar.com\/eu\/de\/product\/trt-5380-10\/#primaryimage"},"thumbnailUrl":"https:\/\/teguar.com\/eu\/wp-content\/uploads\/sites\/2\/2022\/07\/heavy_duty_tablet_10__60039.1658346583.1280.1280.jpg","datePublished":"2025-06-28T14:11:58+00:00","dateModified":"2026-01-02T16:36:39+00:00","breadcrumb":{"@id":"https:\/\/teguar.com\/eu\/de\/product\/trt-5380-10\/#breadcrumb"},"inLanguage":"de","potentialAction":[{"@type":"ReadAction","target":["https:\/\/teguar.com\/eu\/de\/product\/trt-5380-10\/"]}]},{"@type":"ImageObject","inLanguage":"de","@id":"https:\/\/teguar.com\/eu\/de\/product\/trt-5380-10\/#primaryimage","url":"https:\/\/teguar.com\/eu\/wp-content\/uploads\/sites\/2\/2022\/07\/heavy_duty_tablet_10__60039.1658346583.1280.1280.jpg","contentUrl":"https:\/\/teguar.com\/eu\/wp-content\/uploads\/sites\/2\/2022\/07\/heavy_duty_tablet_10__60039.1658346583.1280.1280.jpg","width":960,"height":960,"caption":"10\" Heavy Duty Tablet | TRT-5380-10"},{"@type":"BreadcrumbList","@id":"https:\/\/teguar.com\/eu\/de\/product\/trt-5380-10\/#breadcrumb","itemListElement":[{"@type":"ListItem","position":1,"name":"Home","item":"https:\/\/teguar.com\/eu\/de\/"},{"@type":"ListItem","position":2,"name":"TRT-5380-10"}]},{"@type":"WebSite","@id":"https:\/\/teguar.com\/eu\/en\/#website","url":"https:\/\/teguar.com\/eu\/en\/","name":"Teguar","description":"Industrial PCs, Medical Computers, and Rugged Tablets","potentialAction":[{"@type":"SearchAction","target":{"@type":"EntryPoint","urlTemplate":"https:\/\/teguar.com\/eu\/en\/?s={search_term_string}"},"query-input":{"@type":"PropertyValueSpecification","valueRequired":true,"valueName":"search_term_string"}}],"inLanguage":"de"}]}},"_links":{"self":[{"href":"https:\/\/teguar.com\/eu\/de\/wp-json\/wp\/v2\/product\/2244858","targetHints":{"allow":["GET"]}}],"collection":[{"href":"https:\/\/teguar.com\/eu\/de\/wp-json\/wp\/v2\/product"}],"about":[{"href":"https:\/\/teguar.com\/eu\/de\/wp-json\/wp\/v2\/types\/product"}],"wp:featuredmedia":[{"embeddable":true,"href":"https:\/\/teguar.com\/eu\/de\/wp-json\/wp\/v2\/media\/2244870"}],"wp:attachment":[{"href":"https:\/\/teguar.com\/eu\/de\/wp-json\/wp\/v2\/media?parent=2244858"}],"wp:term":[{"taxonomy":"product_brand","embeddable":true,"href":"https:\/\/teguar.com\/eu\/de\/wp-json\/wp\/v2\/product_brand?post=2244858"},{"taxonomy":"product_cat","embeddable":true,"href":"https:\/\/teguar.com\/eu\/de\/wp-json\/wp\/v2\/product_cat?post=2244858"},{"taxonomy":"product_tag","embeddable":true,"href":"https:\/\/teguar.com\/eu\/de\/wp-json\/wp\/v2\/product_tag?post=2244858"},{"taxonomy":"product_label","embeddable":true,"href":"https:\/\/teguar.com\/eu\/de\/wp-json\/wp\/v2\/product_label?post=2244858"}],"curies":[{"name":"wp","href":"https:\/\/api.w.org\/{rel}","templated":true}]}}