{"id":2244847,"date":"2025-06-29T14:12:52","date_gmt":"2025-06-29T14:12:52","guid":{"rendered":"https:\/\/teguar.com\/eu\/product\/trt-a5780-08\/"},"modified":"2026-01-02T16:39:26","modified_gmt":"2026-01-02T16:39:26","slug":"trt-a5780-08","status":"publish","type":"product","link":"https:\/\/teguar.com\/eu\/de\/product\/trt-a5780-08\/","title":{"rendered":"TRT-A5780-08"},"content":{"rendered":"<p>Der TRT-A5780-08 ist ein kleines, aber feines Android-Tablet mit einem robusten Geh\u00e4use. F\u00fcr Situationen, in denen ein Android-Telefon zu klein w\u00e4re, aber Mobilit\u00e4t dennoch wichtig ist, bietet der TRT-A5780-08 den perfekten Kompromiss. Sie erhalten die Funktionalit\u00e4t eines Android-Ger\u00e4ts mit einem gr\u00f6\u00dferen (aber nicht zu gro\u00dfen) Bildschirm, und das Ganze wird von einer leistungsstarken Mediatek G99 Ultimate Octa-Core CPU angetrieben. Mit einem hellen, hochaufl\u00f6senden Display, 5 anpassbaren Funktionstasten an der Seite, einem herausnehmbaren und wiederaufladbaren Akku f\u00fcr Hot-Swapping und einer Kamera auf der Vorder- und R\u00fcckseite bietet das TRT-A5780-08 eine Menge Wert in einem kleinen Formfaktor.   <\/p>\n","protected":false},"excerpt":{"rendered":"<p>Mobiler Verkauf und Bestellung: Das robuste Tablet TRT-A5780-08 mit 4G LTE-Konnektivit\u00e4t ist ideal f\u00fcr den mobilen Verkauf und das Bestellwesen. So k\u00f6nnen Vertriebsmitarbeiter auch unterwegs Produkte pr\u00e4sentieren, Bestellungen bearbeiten und auf Kundendaten zugreifen.<\/p>\n<p><a href=\"https:\/\/teguar.com\/eu\/de\/computer-fuer-die-lagerverwaltung\/\">Lagerbetrieb:<\/a> Dank seiner Robustheit, Erweiterbarkeit und langen Akkulaufzeit eignet sich das TRT-A5780-08 Tablet f\u00fcr den Einsatz im Lager. Es bietet Mitarbeitern ein zuverl\u00e4ssiges Ger\u00e4t f\u00fcr die Bestandsverwaltung, das Scannen von Barcodes und die Dateneingabe und verbessert so die Effizienz und Genauigkeit.<\/p>\n<p>Sicherheit und Zugangskontrolle: Mit seiner GMS-Zertifizierung und optionalen Modulen wie biometrischen Fingerabdrucklesern und IC-Kartenlesern kann das TRT-A5780-08-Tablet f\u00fcr Sicherheits- und Zugangskontrollanwendungen eingesetzt werden und bietet eine sichere und bequeme L\u00f6sung f\u00fcr die Authentifizierung und Zugangsverwaltung.<\/p>\n","protected":false},"featured_media":2244857,"template":"","meta":{"_acf_changed":false},"product_brand":[],"product_cat":[2842],"product_tag":[2635,3325],"product_label":[],"class_list":{"0":"post-2244847","1":"product","2":"type-product","3":"status-publish","4":"has-post-thumbnail","6":"product_cat-rugged-android-tablets","7":"product_tag-online-kaufen","8":"product_tag-tablets-fur-den-ausendienst","10":"first","11":"instock","12":"taxable","13":"shipping-taxable","14":"purchasable","15":"product-type-composite"},"composite_virtual":false,"composite_layout":"single","composite_add_to_cart_form_location":"default","composite_editable_in_cart":false,"composite_sold_individually_context":"product","composite_shop_price_calc":"min_max","composite_components":[{"id":"1750969130","title":"Desktop-Dock","description":"","query_type":"product_ids","query_ids":[2240706,2240705],"default_option_id":"","thumbnail_id":"","thumbnail_src":"","quantity_min":1,"quantity_max":1,"priced_individually":true,"shipped_individually":false,"optional":false,"discount":"","options_style":"dropdowns","pagination_style":"classic","display_prices":"relative","show_sorting_options":false,"show_filtering_options":false,"attribute_filter_ids":[],"select_action":"view","product_title_visible":false,"product_descr_visible":false,"product_price_visible":false,"product_thumb_visible":false,"subtotal_visible_product":true,"subtotal_visible_cart":false,"subtotal_visible_orders":false},{"id":"1750969131","title":"Fahrzeug-Dock","description":"","query_type":"product_ids","query_ids":[2240826,2240824],"default_option_id":"","thumbnail_id":"","thumbnail_src":"","quantity_min":1,"quantity_max":1,"priced_individually":true,"shipped_individually":false,"optional":false,"discount":"","options_style":"dropdowns","pagination_style":"classic","display_prices":"relative","show_sorting_options":false,"show_filtering_options":false,"attribute_filter_ids":[],"select_action":"view","product_title_visible":false,"product_descr_visible":false,"product_price_visible":false,"product_thumb_visible":false,"subtotal_visible_product":true,"subtotal_visible_cart":false,"subtotal_visible_orders":false}],"composite_scenarios":[],"acf":[],"yoast_head":"<!-- This site is optimized with the Yoast SEO Premium plugin v26.8 (Yoast SEO v27.2) - https:\/\/yoast.com\/product\/yoast-seo-premium-wordpress\/ -->\n<title>Stabiler 8&quot; Tablet Computer | TRT-A5780-08<\/title>\n<meta name=\"description\" content=\"Der TRT-A5780-08 ist ein robustes 8-Zoll-Tablet f\u00fcr industrielle Anwendungen und den Au\u00dfendienst. Dieses Tablet l\u00e4uft mit einer Mediatek G99 Ultimate Octa-Core CPU.\" \/>\n<meta name=\"robots\" content=\"index, follow, max-snippet:-1, max-image-preview:large, max-video-preview:-1\" \/>\n<link rel=\"canonical\" href=\"https:\/\/teguar.com\/eu\/de\/product\/trt-a5780-08\/\" \/>\n<meta property=\"og:locale\" content=\"de_DE\" \/>\n<meta property=\"og:type\" content=\"article\" \/>\n<meta property=\"og:title\" content=\"TRT-A5780-08\" \/>\n<meta property=\"og:description\" content=\"Der TRT-A5780-08 ist ein robustes 8-Zoll-Tablet f\u00fcr industrielle Anwendungen und den Au\u00dfendienst. Dieses Tablet l\u00e4uft mit einer Mediatek G99 Ultimate Octa-Core CPU.\" \/>\n<meta property=\"og:url\" content=\"https:\/\/teguar.com\/eu\/de\/product\/trt-a5780-08\/\" \/>\n<meta property=\"og:site_name\" content=\"Teguar\" \/>\n<meta property=\"article:modified_time\" content=\"2026-01-02T16:39:26+00:00\" \/>\n<meta property=\"og:image\" content=\"https:\/\/teguar.com\/eu\/wp-content\/uploads\/sites\/2\/2021\/04\/8_Rugged_Android_Tablet_TRT-A5780-08_front_angled_view__55882.1722868612.1280.1280.jpg\" \/>\n\t<meta property=\"og:image:width\" content=\"1000\" \/>\n\t<meta property=\"og:image:height\" content=\"1000\" \/>\n\t<meta property=\"og:image:type\" content=\"image\/jpeg\" \/>\n<meta name=\"twitter:card\" content=\"summary_large_image\" \/>\n<meta name=\"twitter:label1\" content=\"Gesch\u00e4tzte Lesezeit\" \/>\n\t<meta name=\"twitter:data1\" content=\"1\u00a0Minute\" \/>\n<script type=\"application\/ld+json\" class=\"yoast-schema-graph\">{\"@context\":\"https:\/\/schema.org\",\"@graph\":[{\"@type\":\"WebPage\",\"@id\":\"https:\/\/teguar.com\/eu\/de\/product\/trt-a5780-08\/\",\"url\":\"https:\/\/teguar.com\/eu\/de\/product\/trt-a5780-08\/\",\"name\":\"Stabiler 8\\\" Tablet Computer | TRT-A5780-08\",\"isPartOf\":{\"@id\":\"https:\/\/teguar.com\/eu\/en\/#website\"},\"primaryImageOfPage\":{\"@id\":\"https:\/\/teguar.com\/eu\/de\/product\/trt-a5780-08\/#primaryimage\"},\"image\":{\"@id\":\"https:\/\/teguar.com\/eu\/de\/product\/trt-a5780-08\/#primaryimage\"},\"thumbnailUrl\":\"https:\/\/teguar.com\/eu\/wp-content\/uploads\/sites\/2\/2021\/04\/8_Rugged_Android_Tablet_TRT-A5780-08_front_angled_view__55882.1722868612.1280.1280.jpg\",\"datePublished\":\"2025-06-29T14:12:52+00:00\",\"dateModified\":\"2026-01-02T16:39:26+00:00\",\"description\":\"Der TRT-A5780-08 ist ein robustes 8-Zoll-Tablet f\u00fcr industrielle Anwendungen und den Au\u00dfendienst. Dieses Tablet l\u00e4uft mit einer Mediatek G99 Ultimate Octa-Core CPU.\",\"breadcrumb\":{\"@id\":\"https:\/\/teguar.com\/eu\/de\/product\/trt-a5780-08\/#breadcrumb\"},\"inLanguage\":\"de\",\"potentialAction\":[{\"@type\":\"ReadAction\",\"target\":[\"https:\/\/teguar.com\/eu\/de\/product\/trt-a5780-08\/\"]}]},{\"@type\":\"ImageObject\",\"inLanguage\":\"de\",\"@id\":\"https:\/\/teguar.com\/eu\/de\/product\/trt-a5780-08\/#primaryimage\",\"url\":\"https:\/\/teguar.com\/eu\/wp-content\/uploads\/sites\/2\/2021\/04\/8_Rugged_Android_Tablet_TRT-A5780-08_front_angled_view__55882.1722868612.1280.1280.jpg\",\"contentUrl\":\"https:\/\/teguar.com\/eu\/wp-content\/uploads\/sites\/2\/2021\/04\/8_Rugged_Android_Tablet_TRT-A5780-08_front_angled_view__55882.1722868612.1280.1280.jpg\",\"width\":1000,\"height\":1000,\"caption\":\"8\\\" Rugged Android Tablet front angled view\"},{\"@type\":\"BreadcrumbList\",\"@id\":\"https:\/\/teguar.com\/eu\/de\/product\/trt-a5780-08\/#breadcrumb\",\"itemListElement\":[{\"@type\":\"ListItem\",\"position\":1,\"name\":\"Home\",\"item\":\"https:\/\/teguar.com\/eu\/de\/\"},{\"@type\":\"ListItem\",\"position\":2,\"name\":\"TRT-A5780-08\"}]},{\"@type\":\"WebSite\",\"@id\":\"https:\/\/teguar.com\/eu\/en\/#website\",\"url\":\"https:\/\/teguar.com\/eu\/en\/\",\"name\":\"Teguar\",\"description\":\"Industrial PCs, Medical Computers, and Rugged Tablets\",\"potentialAction\":[{\"@type\":\"SearchAction\",\"target\":{\"@type\":\"EntryPoint\",\"urlTemplate\":\"https:\/\/teguar.com\/eu\/en\/?s={search_term_string}\"},\"query-input\":{\"@type\":\"PropertyValueSpecification\",\"valueRequired\":true,\"valueName\":\"search_term_string\"}}],\"inLanguage\":\"de\"}]}<\/script>\n<!-- \/ Yoast SEO Premium plugin. -->","yoast_head_json":{"title":"Stabiler 8\" Tablet Computer | TRT-A5780-08","description":"Der TRT-A5780-08 ist ein robustes 8-Zoll-Tablet f\u00fcr industrielle Anwendungen und den Au\u00dfendienst. Dieses Tablet l\u00e4uft mit einer Mediatek G99 Ultimate Octa-Core CPU.","robots":{"index":"index","follow":"follow","max-snippet":"max-snippet:-1","max-image-preview":"max-image-preview:large","max-video-preview":"max-video-preview:-1"},"canonical":"https:\/\/teguar.com\/eu\/de\/product\/trt-a5780-08\/","og_locale":"de_DE","og_type":"article","og_title":"TRT-A5780-08","og_description":"Der TRT-A5780-08 ist ein robustes 8-Zoll-Tablet f\u00fcr industrielle Anwendungen und den Au\u00dfendienst. Dieses Tablet l\u00e4uft mit einer Mediatek G99 Ultimate Octa-Core CPU.","og_url":"https:\/\/teguar.com\/eu\/de\/product\/trt-a5780-08\/","og_site_name":"Teguar","article_modified_time":"2026-01-02T16:39:26+00:00","og_image":[{"width":1000,"height":1000,"url":"https:\/\/teguar.com\/eu\/wp-content\/uploads\/sites\/2\/2021\/04\/8_Rugged_Android_Tablet_TRT-A5780-08_front_angled_view__55882.1722868612.1280.1280.jpg","type":"image\/jpeg"}],"twitter_card":"summary_large_image","twitter_misc":{"Gesch\u00e4tzte Lesezeit":"1\u00a0Minute"},"schema":{"@context":"https:\/\/schema.org","@graph":[{"@type":"WebPage","@id":"https:\/\/teguar.com\/eu\/de\/product\/trt-a5780-08\/","url":"https:\/\/teguar.com\/eu\/de\/product\/trt-a5780-08\/","name":"Stabiler 8\" Tablet Computer | TRT-A5780-08","isPartOf":{"@id":"https:\/\/teguar.com\/eu\/en\/#website"},"primaryImageOfPage":{"@id":"https:\/\/teguar.com\/eu\/de\/product\/trt-a5780-08\/#primaryimage"},"image":{"@id":"https:\/\/teguar.com\/eu\/de\/product\/trt-a5780-08\/#primaryimage"},"thumbnailUrl":"https:\/\/teguar.com\/eu\/wp-content\/uploads\/sites\/2\/2021\/04\/8_Rugged_Android_Tablet_TRT-A5780-08_front_angled_view__55882.1722868612.1280.1280.jpg","datePublished":"2025-06-29T14:12:52+00:00","dateModified":"2026-01-02T16:39:26+00:00","description":"Der TRT-A5780-08 ist ein robustes 8-Zoll-Tablet f\u00fcr industrielle Anwendungen und den Au\u00dfendienst. Dieses Tablet l\u00e4uft mit einer Mediatek G99 Ultimate Octa-Core CPU.","breadcrumb":{"@id":"https:\/\/teguar.com\/eu\/de\/product\/trt-a5780-08\/#breadcrumb"},"inLanguage":"de","potentialAction":[{"@type":"ReadAction","target":["https:\/\/teguar.com\/eu\/de\/product\/trt-a5780-08\/"]}]},{"@type":"ImageObject","inLanguage":"de","@id":"https:\/\/teguar.com\/eu\/de\/product\/trt-a5780-08\/#primaryimage","url":"https:\/\/teguar.com\/eu\/wp-content\/uploads\/sites\/2\/2021\/04\/8_Rugged_Android_Tablet_TRT-A5780-08_front_angled_view__55882.1722868612.1280.1280.jpg","contentUrl":"https:\/\/teguar.com\/eu\/wp-content\/uploads\/sites\/2\/2021\/04\/8_Rugged_Android_Tablet_TRT-A5780-08_front_angled_view__55882.1722868612.1280.1280.jpg","width":1000,"height":1000,"caption":"8\" Rugged Android Tablet front angled view"},{"@type":"BreadcrumbList","@id":"https:\/\/teguar.com\/eu\/de\/product\/trt-a5780-08\/#breadcrumb","itemListElement":[{"@type":"ListItem","position":1,"name":"Home","item":"https:\/\/teguar.com\/eu\/de\/"},{"@type":"ListItem","position":2,"name":"TRT-A5780-08"}]},{"@type":"WebSite","@id":"https:\/\/teguar.com\/eu\/en\/#website","url":"https:\/\/teguar.com\/eu\/en\/","name":"Teguar","description":"Industrial PCs, Medical Computers, and Rugged Tablets","potentialAction":[{"@type":"SearchAction","target":{"@type":"EntryPoint","urlTemplate":"https:\/\/teguar.com\/eu\/en\/?s={search_term_string}"},"query-input":{"@type":"PropertyValueSpecification","valueRequired":true,"valueName":"search_term_string"}}],"inLanguage":"de"}]}},"_links":{"self":[{"href":"https:\/\/teguar.com\/eu\/de\/wp-json\/wp\/v2\/product\/2244847","targetHints":{"allow":["GET"]}}],"collection":[{"href":"https:\/\/teguar.com\/eu\/de\/wp-json\/wp\/v2\/product"}],"about":[{"href":"https:\/\/teguar.com\/eu\/de\/wp-json\/wp\/v2\/types\/product"}],"wp:featuredmedia":[{"embeddable":true,"href":"https:\/\/teguar.com\/eu\/de\/wp-json\/wp\/v2\/media\/2244857"}],"wp:attachment":[{"href":"https:\/\/teguar.com\/eu\/de\/wp-json\/wp\/v2\/media?parent=2244847"}],"wp:term":[{"taxonomy":"product_brand","embeddable":true,"href":"https:\/\/teguar.com\/eu\/de\/wp-json\/wp\/v2\/product_brand?post=2244847"},{"taxonomy":"product_cat","embeddable":true,"href":"https:\/\/teguar.com\/eu\/de\/wp-json\/wp\/v2\/product_cat?post=2244847"},{"taxonomy":"product_tag","embeddable":true,"href":"https:\/\/teguar.com\/eu\/de\/wp-json\/wp\/v2\/product_tag?post=2244847"},{"taxonomy":"product_label","embeddable":true,"href":"https:\/\/teguar.com\/eu\/de\/wp-json\/wp\/v2\/product_label?post=2244847"}],"curies":[{"name":"wp","href":"https:\/\/api.w.org\/{rel}","templated":true}]}}