{"id":2244846,"date":"2025-06-26T14:11:04","date_gmt":"2025-06-26T14:11:04","guid":{"rendered":"https:\/\/teguar.com\/eu\/product\/tb-4845-din\/"},"modified":"2025-11-18T16:23:43","modified_gmt":"2025-11-18T16:23:43","slug":"tb-4845-din","status":"publish","type":"product","link":"https:\/\/teguar.com\/eu\/de\/product\/tb-4845-din\/","title":{"rendered":"TB-4845-DIN"},"content":{"rendered":"<p>Das TB-4845-DIN ist eine kompakte und leistungsstarke Computerl\u00f6sung, die auf industrielle Anwendungen zugeschnitten ist. Ausgestattet mit einer Intel Celeron J6413 CPU und Windows 11 bietet er zuverl\u00e4ssige Leistung und Zugriff auf die neuesten Softwarefunktionen. Mit seinem Hardware-Design f\u00fcr die DIN-Schiene f\u00fcgt er sich nahtlos in platzbeschr\u00e4nkte Umgebungen ein und ist damit ideal f\u00fcr allgemeine Fertigungseinrichtungen. Die TB-4845-DIN verf\u00fcgt \u00fcber mehrere E\/As, die eine nahtlose Verbindung mit einer Vielzahl von Peripherieger\u00e4ten erm\u00f6glichen. Diese L\u00f6sung bietet die perfekte Kombination aus Kompaktheit, Leistung und Konnektivit\u00e4t und ist damit eine ausgezeichnete Wahl f\u00fcr industrielle Computeranforderungen bei begrenztem Platzangebot.    <\/p>\n","protected":false},"excerpt":{"rendered":"<p><a href=\"https:\/\/teguar.com\/eu\/de\/computer-fuer-die-industrielle-automatisierung\/\">Industrielle Automatisierungssteuerung: <\/a>Das TB-4845-DIN, das von einer Intel Celeron J6413 CPU angetrieben wird und unter Windows 11 l\u00e4uft, wurde speziell f\u00fcr die Steuerung der industriellen Automatisierung entwickelt. Die kompakte Form, das Hardware-Design f\u00fcr die DIN-Schiene und die zahlreichen E\/As erleichtern die nahtlose Integration in Umgebungen mit begrenztem Platzangebot und bieten zuverl\u00e4ssige und effiziente Leistung bei der Steuerung von Fertigungsprozessen. <\/p>\n<p><a href=\"https:\/\/teguar.com\/eu\/de\/fertigungs-computer\/\">Maschinen\u00fcberwachung und -steuerung:<\/a> In Fertigungseinrichtungen, in denen Echtzeit-\u00dcberwachung und -Steuerung entscheidend sind, ist die TB-4845-DIN hervorragend geeignet. Sein kompaktes und leistungsf\u00e4higes Design, gepaart mit mehreren E\/As, erm\u00f6glicht die nahtlose Verbindung mit verschiedenen Peripherieger\u00e4ten zur effektiven Maschinen\u00fcberwachung und -steuerung und tr\u00e4gt so zu einer h\u00f6heren Effizienz in der Fabrik bei. <\/p>\n<p>Datenerfassungssysteme: Die Kombination aus Kompaktheit, Leistung und Konnektivit\u00e4t macht das TB-4845-DIN zu einer hervorragenden Wahl f\u00fcr Datenerfassungssysteme in industriellen Umgebungen. Mit seinem Hardware-Design f\u00fcr die DIN-Schiene und der robusten Intel Celeron J6413 CPU eignet sich diese Computerl\u00f6sung hervorragend f\u00fcr die effiziente Erfassung und Verarbeitung von Daten von Sensoren und Ger\u00e4ten und unterst\u00fctzt damit Aufgaben wie Qualit\u00e4tskontrolle und Prozessoptimierung. <\/p>\n","protected":false},"featured_media":2244849,"template":"","meta":{"_acf_changed":false},"product_brand":[],"product_cat":[2812,2824,2843,2845],"product_tag":[3127,2635,5415],"product_label":[],"class_list":{"0":"post-2244846","1":"product","2":"type-product","3":"status-publish","4":"has-post-thumbnail","6":"product_cat-embedded-pcs","7":"product_cat-lufterlose-pcs","8":"product_cat-rugged-computer","9":"product_cat-rugged-mini-pcs","10":"product_tag-industriecomputer-im-schnellversand","11":"product_tag-online-kaufen","12":"product_tag-schnellversand-box-pcs","13":"pa_windows-windows-10-iot","14":"pa_windows-windows-10-pro","15":"pa_windows-windows-11-pro","17":"first","18":"instock","19":"taxable","20":"shipping-taxable","21":"purchasable","22":"product-type-composite"},"composite_virtual":false,"composite_layout":"single","composite_add_to_cart_form_location":"default","composite_editable_in_cart":false,"composite_sold_individually_context":"product","composite_shop_price_calc":"min_max","composite_components":[{"id":"1751026675","title":"WIDDER","description":"","query_type":"product_ids","query_ids":[2240778,2240774,2240775,2240776],"default_option_id":"","thumbnail_id":"","thumbnail_src":"","quantity_min":1,"quantity_max":1,"priced_individually":true,"shipped_individually":false,"optional":false,"discount":"","options_style":"dropdowns","pagination_style":"classic","display_prices":"relative","show_sorting_options":false,"show_filtering_options":false,"attribute_filter_ids":[],"select_action":"view","product_title_visible":false,"product_descr_visible":false,"product_price_visible":false,"product_thumb_visible":false,"subtotal_visible_product":true,"subtotal_visible_cart":false,"subtotal_visible_orders":false},{"id":"1751026676","title":"Lagerung","description":"","query_type":"product_ids","query_ids":[2240798,2240799,2240800],"default_option_id":"","thumbnail_id":"","thumbnail_src":"","quantity_min":1,"quantity_max":1,"priced_individually":true,"shipped_individually":false,"optional":false,"discount":"","options_style":"dropdowns","pagination_style":"classic","display_prices":"relative","show_sorting_options":false,"show_filtering_options":false,"attribute_filter_ids":[],"select_action":"view","product_title_visible":false,"product_descr_visible":false,"product_price_visible":false,"product_thumb_visible":false,"subtotal_visible_product":true,"subtotal_visible_cart":false,"subtotal_visible_orders":false},{"id":"1751026677","title":"Stromversorgung","description":"","query_type":"product_ids","query_ids":[2240753,2240767],"default_option_id":"","thumbnail_id":"","thumbnail_src":"","quantity_min":1,"quantity_max":1,"priced_individually":true,"shipped_individually":false,"optional":false,"discount":"","options_style":"dropdowns","pagination_style":"classic","display_prices":"relative","show_sorting_options":false,"show_filtering_options":false,"attribute_filter_ids":[],"select_action":"view","product_title_visible":false,"product_descr_visible":false,"product_price_visible":false,"product_thumb_visible":false,"subtotal_visible_product":true,"subtotal_visible_cart":false,"subtotal_visible_orders":false},{"id":"1751026678","title":"Betriebssystem","description":"","query_type":"product_ids","query_ids":[2240737,2240732,2240733,2240734],"default_option_id":"","thumbnail_id":"","thumbnail_src":"","quantity_min":1,"quantity_max":1,"priced_individually":true,"shipped_individually":false,"optional":false,"discount":"","options_style":"dropdowns","pagination_style":"classic","display_prices":"relative","show_sorting_options":false,"show_filtering_options":false,"attribute_filter_ids":[],"select_action":"view","product_title_visible":false,"product_descr_visible":false,"product_price_visible":false,"product_thumb_visible":false,"subtotal_visible_product":true,"subtotal_visible_cart":false,"subtotal_visible_orders":false}],"composite_scenarios":[],"acf":[],"yoast_head":"<!-- This site is optimized with the Yoast SEO Premium plugin v26.8 (Yoast SEO v27.2) - https:\/\/yoast.com\/product\/yoast-seo-premium-wordpress\/ -->\n<title>Industrie Mini PC DIN | TB-4845-DIN<\/title>\n<meta name=\"description\" content=\"Der Industrie-Mini-PC DIN ist eine Kombination aus Kompaktheit und Konnektivit\u00e4t, die ihn zu einer ausgezeichneten Wahl f\u00fcr den Bedarf an industriellen Computern macht.\" \/>\n<meta name=\"robots\" content=\"index, follow, max-snippet:-1, max-image-preview:large, max-video-preview:-1\" \/>\n<link rel=\"canonical\" href=\"https:\/\/teguar.com\/eu\/de\/product\/tb-4845-din\/\" \/>\n<meta property=\"og:locale\" content=\"de_DE\" \/>\n<meta property=\"og:type\" content=\"article\" \/>\n<meta property=\"og:title\" content=\"TB-4845-DIN\" \/>\n<meta property=\"og:description\" content=\"Der Industrie-Mini-PC DIN ist eine Kombination aus Kompaktheit und Konnektivit\u00e4t, die ihn zu einer ausgezeichneten Wahl f\u00fcr den Bedarf an industriellen Computern macht.\" \/>\n<meta property=\"og:url\" content=\"https:\/\/teguar.com\/eu\/de\/product\/tb-4845-din\/\" \/>\n<meta property=\"og:site_name\" content=\"Teguar\" \/>\n<meta property=\"article:modified_time\" content=\"2025-11-18T16:23:43+00:00\" \/>\n<meta property=\"og:image\" content=\"https:\/\/teguar.com\/eu\/wp-content\/uploads\/sites\/2\/2023\/06\/TB-4845-DIN_Front_Angle_2_fixed__51710.1688129273.1280.1280.jpg\" \/>\n\t<meta property=\"og:image:width\" content=\"850\" \/>\n\t<meta property=\"og:image:height\" content=\"565\" \/>\n\t<meta property=\"og:image:type\" content=\"image\/jpeg\" \/>\n<meta name=\"twitter:card\" content=\"summary_large_image\" \/>\n<meta name=\"twitter:label1\" content=\"Gesch\u00e4tzte Lesezeit\" \/>\n\t<meta name=\"twitter:data1\" content=\"1\u00a0Minute\" \/>\n<script type=\"application\/ld+json\" class=\"yoast-schema-graph\">{\"@context\":\"https:\/\/schema.org\",\"@graph\":[{\"@type\":\"WebPage\",\"@id\":\"https:\/\/teguar.com\/eu\/de\/product\/tb-4845-din\/\",\"url\":\"https:\/\/teguar.com\/eu\/de\/product\/tb-4845-din\/\",\"name\":\"Industrie Mini PC DIN | TB-4845-DIN\",\"isPartOf\":{\"@id\":\"https:\/\/teguar.com\/eu\/en\/#website\"},\"primaryImageOfPage\":{\"@id\":\"https:\/\/teguar.com\/eu\/de\/product\/tb-4845-din\/#primaryimage\"},\"image\":{\"@id\":\"https:\/\/teguar.com\/eu\/de\/product\/tb-4845-din\/#primaryimage\"},\"thumbnailUrl\":\"https:\/\/teguar.com\/eu\/wp-content\/uploads\/sites\/2\/2023\/06\/TB-4845-DIN_Front_Angle_2_fixed__51710.1688129273.1280.1280.jpg\",\"datePublished\":\"2025-06-26T14:11:04+00:00\",\"dateModified\":\"2025-11-18T16:23:43+00:00\",\"description\":\"Der Industrie-Mini-PC DIN ist eine Kombination aus Kompaktheit und Konnektivit\u00e4t, die ihn zu einer ausgezeichneten Wahl f\u00fcr den Bedarf an industriellen Computern macht.\",\"breadcrumb\":{\"@id\":\"https:\/\/teguar.com\/eu\/de\/product\/tb-4845-din\/#breadcrumb\"},\"inLanguage\":\"de\",\"potentialAction\":[{\"@type\":\"ReadAction\",\"target\":[\"https:\/\/teguar.com\/eu\/de\/product\/tb-4845-din\/\"]}]},{\"@type\":\"ImageObject\",\"inLanguage\":\"de\",\"@id\":\"https:\/\/teguar.com\/eu\/de\/product\/tb-4845-din\/#primaryimage\",\"url\":\"https:\/\/teguar.com\/eu\/wp-content\/uploads\/sites\/2\/2023\/06\/TB-4845-DIN_Front_Angle_2_fixed__51710.1688129273.1280.1280.jpg\",\"contentUrl\":\"https:\/\/teguar.com\/eu\/wp-content\/uploads\/sites\/2\/2023\/06\/TB-4845-DIN_Front_Angle_2_fixed__51710.1688129273.1280.1280.jpg\",\"width\":850,\"height\":565},{\"@type\":\"BreadcrumbList\",\"@id\":\"https:\/\/teguar.com\/eu\/de\/product\/tb-4845-din\/#breadcrumb\",\"itemListElement\":[{\"@type\":\"ListItem\",\"position\":1,\"name\":\"Home\",\"item\":\"https:\/\/teguar.com\/eu\/de\/\"},{\"@type\":\"ListItem\",\"position\":2,\"name\":\"TB-4845-DIN\"}]},{\"@type\":\"WebSite\",\"@id\":\"https:\/\/teguar.com\/eu\/en\/#website\",\"url\":\"https:\/\/teguar.com\/eu\/en\/\",\"name\":\"Teguar\",\"description\":\"Industrial PCs, Medical Computers, and Rugged Tablets\",\"potentialAction\":[{\"@type\":\"SearchAction\",\"target\":{\"@type\":\"EntryPoint\",\"urlTemplate\":\"https:\/\/teguar.com\/eu\/en\/?s={search_term_string}\"},\"query-input\":{\"@type\":\"PropertyValueSpecification\",\"valueRequired\":true,\"valueName\":\"search_term_string\"}}],\"inLanguage\":\"de\"}]}<\/script>\n<!-- \/ Yoast SEO Premium plugin. -->","yoast_head_json":{"title":"Industrie Mini PC DIN | TB-4845-DIN","description":"Der Industrie-Mini-PC DIN ist eine Kombination aus Kompaktheit und Konnektivit\u00e4t, die ihn zu einer ausgezeichneten Wahl f\u00fcr den Bedarf an industriellen Computern macht.","robots":{"index":"index","follow":"follow","max-snippet":"max-snippet:-1","max-image-preview":"max-image-preview:large","max-video-preview":"max-video-preview:-1"},"canonical":"https:\/\/teguar.com\/eu\/de\/product\/tb-4845-din\/","og_locale":"de_DE","og_type":"article","og_title":"TB-4845-DIN","og_description":"Der Industrie-Mini-PC DIN ist eine Kombination aus Kompaktheit und Konnektivit\u00e4t, die ihn zu einer ausgezeichneten Wahl f\u00fcr den Bedarf an industriellen Computern macht.","og_url":"https:\/\/teguar.com\/eu\/de\/product\/tb-4845-din\/","og_site_name":"Teguar","article_modified_time":"2025-11-18T16:23:43+00:00","og_image":[{"width":850,"height":565,"url":"https:\/\/teguar.com\/eu\/wp-content\/uploads\/sites\/2\/2023\/06\/TB-4845-DIN_Front_Angle_2_fixed__51710.1688129273.1280.1280.jpg","type":"image\/jpeg"}],"twitter_card":"summary_large_image","twitter_misc":{"Gesch\u00e4tzte Lesezeit":"1\u00a0Minute"},"schema":{"@context":"https:\/\/schema.org","@graph":[{"@type":"WebPage","@id":"https:\/\/teguar.com\/eu\/de\/product\/tb-4845-din\/","url":"https:\/\/teguar.com\/eu\/de\/product\/tb-4845-din\/","name":"Industrie Mini PC DIN | TB-4845-DIN","isPartOf":{"@id":"https:\/\/teguar.com\/eu\/en\/#website"},"primaryImageOfPage":{"@id":"https:\/\/teguar.com\/eu\/de\/product\/tb-4845-din\/#primaryimage"},"image":{"@id":"https:\/\/teguar.com\/eu\/de\/product\/tb-4845-din\/#primaryimage"},"thumbnailUrl":"https:\/\/teguar.com\/eu\/wp-content\/uploads\/sites\/2\/2023\/06\/TB-4845-DIN_Front_Angle_2_fixed__51710.1688129273.1280.1280.jpg","datePublished":"2025-06-26T14:11:04+00:00","dateModified":"2025-11-18T16:23:43+00:00","description":"Der Industrie-Mini-PC DIN ist eine Kombination aus Kompaktheit und Konnektivit\u00e4t, die ihn zu einer ausgezeichneten Wahl f\u00fcr den Bedarf an industriellen Computern macht.","breadcrumb":{"@id":"https:\/\/teguar.com\/eu\/de\/product\/tb-4845-din\/#breadcrumb"},"inLanguage":"de","potentialAction":[{"@type":"ReadAction","target":["https:\/\/teguar.com\/eu\/de\/product\/tb-4845-din\/"]}]},{"@type":"ImageObject","inLanguage":"de","@id":"https:\/\/teguar.com\/eu\/de\/product\/tb-4845-din\/#primaryimage","url":"https:\/\/teguar.com\/eu\/wp-content\/uploads\/sites\/2\/2023\/06\/TB-4845-DIN_Front_Angle_2_fixed__51710.1688129273.1280.1280.jpg","contentUrl":"https:\/\/teguar.com\/eu\/wp-content\/uploads\/sites\/2\/2023\/06\/TB-4845-DIN_Front_Angle_2_fixed__51710.1688129273.1280.1280.jpg","width":850,"height":565},{"@type":"BreadcrumbList","@id":"https:\/\/teguar.com\/eu\/de\/product\/tb-4845-din\/#breadcrumb","itemListElement":[{"@type":"ListItem","position":1,"name":"Home","item":"https:\/\/teguar.com\/eu\/de\/"},{"@type":"ListItem","position":2,"name":"TB-4845-DIN"}]},{"@type":"WebSite","@id":"https:\/\/teguar.com\/eu\/en\/#website","url":"https:\/\/teguar.com\/eu\/en\/","name":"Teguar","description":"Industrial PCs, Medical Computers, and Rugged Tablets","potentialAction":[{"@type":"SearchAction","target":{"@type":"EntryPoint","urlTemplate":"https:\/\/teguar.com\/eu\/en\/?s={search_term_string}"},"query-input":{"@type":"PropertyValueSpecification","valueRequired":true,"valueName":"search_term_string"}}],"inLanguage":"de"}]}},"_links":{"self":[{"href":"https:\/\/teguar.com\/eu\/de\/wp-json\/wp\/v2\/product\/2244846","targetHints":{"allow":["GET"]}}],"collection":[{"href":"https:\/\/teguar.com\/eu\/de\/wp-json\/wp\/v2\/product"}],"about":[{"href":"https:\/\/teguar.com\/eu\/de\/wp-json\/wp\/v2\/types\/product"}],"wp:featuredmedia":[{"embeddable":true,"href":"https:\/\/teguar.com\/eu\/de\/wp-json\/wp\/v2\/media\/2244849"}],"wp:attachment":[{"href":"https:\/\/teguar.com\/eu\/de\/wp-json\/wp\/v2\/media?parent=2244846"}],"wp:term":[{"taxonomy":"product_brand","embeddable":true,"href":"https:\/\/teguar.com\/eu\/de\/wp-json\/wp\/v2\/product_brand?post=2244846"},{"taxonomy":"product_cat","embeddable":true,"href":"https:\/\/teguar.com\/eu\/de\/wp-json\/wp\/v2\/product_cat?post=2244846"},{"taxonomy":"product_tag","embeddable":true,"href":"https:\/\/teguar.com\/eu\/de\/wp-json\/wp\/v2\/product_tag?post=2244846"},{"taxonomy":"product_label","embeddable":true,"href":"https:\/\/teguar.com\/eu\/de\/wp-json\/wp\/v2\/product_label?post=2244846"}],"curies":[{"name":"wp","href":"https:\/\/api.w.org\/{rel}","templated":true}]}}