{"id":2244828,"date":"2025-06-26T14:11:54","date_gmt":"2025-06-26T14:11:54","guid":{"rendered":"https:\/\/teguar.com\/eu\/product\/tmt-q7c80-10s\/"},"modified":"2025-11-20T16:30:24","modified_gmt":"2025-11-20T16:30:24","slug":"tmt-q7c80-10s","status":"publish","type":"product","link":"https:\/\/teguar.com\/eu\/de\/product\/tmt-q7c80-10s\/","title":{"rendered":"TMT-Q7C80-10S"},"content":{"rendered":"<p>Dieses 10&#8243; Medical Tablet ist ein leichtes, hochwertiges und vielseitiges Ger\u00e4t f\u00fcr medizinisches Fachpersonal. Ausgestattet mit einem Qualcomm SC7180 Octa-Core-Prozessor bietet dieses Tablet Hochgeschwindigkeitsleistung, die ein reibungsloses und effizientes Multitasking erm\u00f6glicht. Dieser hocheffiziente ARM-Prozessor erm\u00f6glicht auch die reibungslose Ausf\u00fchrung des Betriebssystems Windows 11 und macht das Tablet zu einer sehr wettbewerbsf\u00e4higen Wahl. Das TMT-Q7C80-10S ist ein 60601-konformes Tablet, um sicherzustellen, dass es die strengen Sicherheits- und Leistungsstandards f\u00fcr medizinische Einrichtungen erf\u00fcllt, und macht es OEMs leicht, dieses Tablet als Teil eines kompletten medizinischen Systems zu integrieren. Die Akkulaufzeit von 10 Stunden erm\u00f6glicht eine l\u00e4ngere Nutzung \u00fcber den ganzen Tag hinweg. Damit ist es die ideale Wahl f\u00fcr medizinisches Fachpersonal, das ein zuverl\u00e4ssiges und langlebiges Ger\u00e4t ben\u00f6tigt.    <\/p>\n","protected":false},"excerpt":{"rendered":"<p><a href=\"https:\/\/teguar.com\/eu\/point-of-care-computer\/\">Entscheidungsfindung am Ort der Behandlung:<\/a> Mit ihrem robusten Design eignet sich die Tablet-Serie f\u00fcr die Entscheidungsfindung am Point-of-Care, so dass medizinisches Fachpersonal schnell auf medizinische Referenzen, Arzneimitteldatenbanken und klinische Entscheidungshilfen direkt beim Patienten zugreifen kann.<\/p>\n<p><a href=\"https:\/\/teguar.com\/eu\/home-healthcare-tablets\/\">Medizinische Versorgung zu Hause und Fern\u00fcberwachung:<\/a> Dank ihres geringen Gewichts und ihrer Tragbarkeit eignet sich die Tablet-Serie f\u00fcr die h\u00e4usliche Pflege und die Fern\u00fcberwachung. Gesundheitsdienstleister k\u00f6nnen die Tablets nutzen, um Patienten aus der Ferne zu \u00fcberwachen, virtuelle Konsultationen durchzuf\u00fchren und Pflege au\u00dferhalb traditioneller Gesundheitseinrichtungen anzubieten. <\/p>\n<p><a href=\"https:\/\/teguar.com\/eu\/general-medical\/\">Medizinische Ausbildung und Schulung:<\/a> Die Medical Tablet-Serie kann in der medizinischen Aus- und Weiterbildung eingesetzt werden und erm\u00f6glicht Studenten, Assistenz\u00e4rzten und medizinischem Fachpersonal den Zugriff auf Bildungsressourcen, die Teilnahme an virtuellen Simulationen und interaktive Lernaktivit\u00e4ten.<\/p>\n","protected":false},"featured_media":2245841,"template":"","meta":{"_acf_changed":false},"product_brand":[],"product_cat":[2836],"product_tag":[],"product_label":[],"class_list":{"0":"post-2244828","1":"product","2":"type-product","3":"status-publish","4":"has-post-thumbnail","6":"product_cat-medizinische-tablets","7":"pa_windows-windows-11-iot","8":"pa_windows-windows-11-pro","10":"first","11":"outofstock","12":"taxable","13":"shipping-taxable","14":"purchasable","15":"product-type-simple"},"composite_virtual":false,"composite_layout":"","composite_add_to_cart_form_location":"","composite_editable_in_cart":false,"composite_sold_individually_context":"","composite_shop_price_calc":"","composite_components":[],"composite_scenarios":[],"acf":[],"yoast_head":"<!-- This site is optimized with the Yoast SEO Premium plugin v26.8 (Yoast SEO v27.2) - https:\/\/yoast.com\/product\/yoast-seo-premium-wordpress\/ -->\n<title>10&quot; Medizinisches Tablet | TMT-Q7C80-10S<\/title>\n<meta name=\"description\" content=\"Entdecken Sie die Leistungsf\u00e4higkeit des 10&quot; Medical Tablet von Teguar: leicht, schnell und medizinisch konform - ideal f\u00fcr medizinisches Fachpersonal.\" \/>\n<meta name=\"robots\" content=\"index, follow, max-snippet:-1, max-image-preview:large, max-video-preview:-1\" \/>\n<link rel=\"canonical\" href=\"https:\/\/teguar.com\/eu\/de\/product\/tmt-q7c80-10s\/\" \/>\n<meta property=\"og:locale\" content=\"de_DE\" \/>\n<meta property=\"og:type\" content=\"article\" \/>\n<meta property=\"og:title\" content=\"TMT-Q7C80-10S\" \/>\n<meta property=\"og:description\" content=\"Entdecken Sie die Leistungsf\u00e4higkeit des 10&quot; Medical Tablet von Teguar: leicht, schnell und medizinisch konform - ideal f\u00fcr medizinisches Fachpersonal.\" \/>\n<meta property=\"og:url\" content=\"https:\/\/teguar.com\/eu\/de\/product\/tmt-q7c80-10s\/\" \/>\n<meta property=\"og:site_name\" content=\"Teguar\" \/>\n<meta property=\"article:modified_time\" content=\"2025-11-20T16:30:24+00:00\" \/>\n<meta property=\"og:image\" content=\"https:\/\/teguar.com\/eu\/wp-content\/uploads\/sites\/2\/2022\/10\/10_Medical_Tablet_TMT-Q7C80-10S_Front2__30439.1683732834.1280.1280.jpg\" \/>\n\t<meta property=\"og:image:width\" content=\"900\" \/>\n\t<meta property=\"og:image:height\" content=\"700\" \/>\n\t<meta property=\"og:image:type\" content=\"image\/jpeg\" \/>\n<meta name=\"twitter:card\" content=\"summary_large_image\" \/>\n<meta name=\"twitter:label1\" content=\"Gesch\u00e4tzte Lesezeit\" \/>\n\t<meta name=\"twitter:data1\" content=\"1\u00a0Minute\" \/>\n<script type=\"application\/ld+json\" class=\"yoast-schema-graph\">{\"@context\":\"https:\/\/schema.org\",\"@graph\":[{\"@type\":\"WebPage\",\"@id\":\"https:\/\/teguar.com\/eu\/de\/product\/tmt-q7c80-10s\/\",\"url\":\"https:\/\/teguar.com\/eu\/de\/product\/tmt-q7c80-10s\/\",\"name\":\"10\\\" Medizinisches Tablet | TMT-Q7C80-10S\",\"isPartOf\":{\"@id\":\"https:\/\/teguar.com\/eu\/en\/#website\"},\"primaryImageOfPage\":{\"@id\":\"https:\/\/teguar.com\/eu\/de\/product\/tmt-q7c80-10s\/#primaryimage\"},\"image\":{\"@id\":\"https:\/\/teguar.com\/eu\/de\/product\/tmt-q7c80-10s\/#primaryimage\"},\"thumbnailUrl\":\"https:\/\/teguar.com\/eu\/wp-content\/uploads\/sites\/2\/2022\/10\/10_Medical_Tablet_TMT-Q7C80-10S_Front2__30439.1683732834.1280.1280.jpg\",\"datePublished\":\"2025-06-26T14:11:54+00:00\",\"dateModified\":\"2025-11-20T16:30:24+00:00\",\"description\":\"Entdecken Sie die Leistungsf\u00e4higkeit des 10\\\" Medical Tablet von Teguar: leicht, schnell und medizinisch konform - ideal f\u00fcr medizinisches Fachpersonal.\",\"breadcrumb\":{\"@id\":\"https:\/\/teguar.com\/eu\/de\/product\/tmt-q7c80-10s\/#breadcrumb\"},\"inLanguage\":\"de\",\"potentialAction\":[{\"@type\":\"ReadAction\",\"target\":[\"https:\/\/teguar.com\/eu\/de\/product\/tmt-q7c80-10s\/\"]}]},{\"@type\":\"ImageObject\",\"inLanguage\":\"de\",\"@id\":\"https:\/\/teguar.com\/eu\/de\/product\/tmt-q7c80-10s\/#primaryimage\",\"url\":\"https:\/\/teguar.com\/eu\/wp-content\/uploads\/sites\/2\/2022\/10\/10_Medical_Tablet_TMT-Q7C80-10S_Front2__30439.1683732834.1280.1280.jpg\",\"contentUrl\":\"https:\/\/teguar.com\/eu\/wp-content\/uploads\/sites\/2\/2022\/10\/10_Medical_Tablet_TMT-Q7C80-10S_Front2__30439.1683732834.1280.1280.jpg\",\"width\":900,\"height\":700,\"caption\":\"10\\\" Medical Tablet TMT-Q7C80-10S Front\"},{\"@type\":\"BreadcrumbList\",\"@id\":\"https:\/\/teguar.com\/eu\/de\/product\/tmt-q7c80-10s\/#breadcrumb\",\"itemListElement\":[{\"@type\":\"ListItem\",\"position\":1,\"name\":\"Home\",\"item\":\"https:\/\/teguar.com\/eu\/de\/\"},{\"@type\":\"ListItem\",\"position\":2,\"name\":\"TMT-Q7C80-10S\"}]},{\"@type\":\"WebSite\",\"@id\":\"https:\/\/teguar.com\/eu\/en\/#website\",\"url\":\"https:\/\/teguar.com\/eu\/en\/\",\"name\":\"Teguar\",\"description\":\"Industrial PCs, Medical Computers, and Rugged Tablets\",\"potentialAction\":[{\"@type\":\"SearchAction\",\"target\":{\"@type\":\"EntryPoint\",\"urlTemplate\":\"https:\/\/teguar.com\/eu\/en\/?s={search_term_string}\"},\"query-input\":{\"@type\":\"PropertyValueSpecification\",\"valueRequired\":true,\"valueName\":\"search_term_string\"}}],\"inLanguage\":\"de\"}]}<\/script>\n<!-- \/ Yoast SEO Premium plugin. -->","yoast_head_json":{"title":"10\" Medizinisches Tablet | TMT-Q7C80-10S","description":"Entdecken Sie die Leistungsf\u00e4higkeit des 10\" Medical Tablet von Teguar: leicht, schnell und medizinisch konform - ideal f\u00fcr medizinisches Fachpersonal.","robots":{"index":"index","follow":"follow","max-snippet":"max-snippet:-1","max-image-preview":"max-image-preview:large","max-video-preview":"max-video-preview:-1"},"canonical":"https:\/\/teguar.com\/eu\/de\/product\/tmt-q7c80-10s\/","og_locale":"de_DE","og_type":"article","og_title":"TMT-Q7C80-10S","og_description":"Entdecken Sie die Leistungsf\u00e4higkeit des 10\" Medical Tablet von Teguar: leicht, schnell und medizinisch konform - ideal f\u00fcr medizinisches Fachpersonal.","og_url":"https:\/\/teguar.com\/eu\/de\/product\/tmt-q7c80-10s\/","og_site_name":"Teguar","article_modified_time":"2025-11-20T16:30:24+00:00","og_image":[{"width":900,"height":700,"url":"https:\/\/teguar.com\/eu\/wp-content\/uploads\/sites\/2\/2022\/10\/10_Medical_Tablet_TMT-Q7C80-10S_Front2__30439.1683732834.1280.1280.jpg","type":"image\/jpeg"}],"twitter_card":"summary_large_image","twitter_misc":{"Gesch\u00e4tzte Lesezeit":"1\u00a0Minute"},"schema":{"@context":"https:\/\/schema.org","@graph":[{"@type":"WebPage","@id":"https:\/\/teguar.com\/eu\/de\/product\/tmt-q7c80-10s\/","url":"https:\/\/teguar.com\/eu\/de\/product\/tmt-q7c80-10s\/","name":"10\" Medizinisches Tablet | TMT-Q7C80-10S","isPartOf":{"@id":"https:\/\/teguar.com\/eu\/en\/#website"},"primaryImageOfPage":{"@id":"https:\/\/teguar.com\/eu\/de\/product\/tmt-q7c80-10s\/#primaryimage"},"image":{"@id":"https:\/\/teguar.com\/eu\/de\/product\/tmt-q7c80-10s\/#primaryimage"},"thumbnailUrl":"https:\/\/teguar.com\/eu\/wp-content\/uploads\/sites\/2\/2022\/10\/10_Medical_Tablet_TMT-Q7C80-10S_Front2__30439.1683732834.1280.1280.jpg","datePublished":"2025-06-26T14:11:54+00:00","dateModified":"2025-11-20T16:30:24+00:00","description":"Entdecken Sie die Leistungsf\u00e4higkeit des 10\" Medical Tablet von Teguar: leicht, schnell und medizinisch konform - ideal f\u00fcr medizinisches Fachpersonal.","breadcrumb":{"@id":"https:\/\/teguar.com\/eu\/de\/product\/tmt-q7c80-10s\/#breadcrumb"},"inLanguage":"de","potentialAction":[{"@type":"ReadAction","target":["https:\/\/teguar.com\/eu\/de\/product\/tmt-q7c80-10s\/"]}]},{"@type":"ImageObject","inLanguage":"de","@id":"https:\/\/teguar.com\/eu\/de\/product\/tmt-q7c80-10s\/#primaryimage","url":"https:\/\/teguar.com\/eu\/wp-content\/uploads\/sites\/2\/2022\/10\/10_Medical_Tablet_TMT-Q7C80-10S_Front2__30439.1683732834.1280.1280.jpg","contentUrl":"https:\/\/teguar.com\/eu\/wp-content\/uploads\/sites\/2\/2022\/10\/10_Medical_Tablet_TMT-Q7C80-10S_Front2__30439.1683732834.1280.1280.jpg","width":900,"height":700,"caption":"10\" Medical Tablet TMT-Q7C80-10S Front"},{"@type":"BreadcrumbList","@id":"https:\/\/teguar.com\/eu\/de\/product\/tmt-q7c80-10s\/#breadcrumb","itemListElement":[{"@type":"ListItem","position":1,"name":"Home","item":"https:\/\/teguar.com\/eu\/de\/"},{"@type":"ListItem","position":2,"name":"TMT-Q7C80-10S"}]},{"@type":"WebSite","@id":"https:\/\/teguar.com\/eu\/en\/#website","url":"https:\/\/teguar.com\/eu\/en\/","name":"Teguar","description":"Industrial PCs, Medical Computers, and Rugged Tablets","potentialAction":[{"@type":"SearchAction","target":{"@type":"EntryPoint","urlTemplate":"https:\/\/teguar.com\/eu\/en\/?s={search_term_string}"},"query-input":{"@type":"PropertyValueSpecification","valueRequired":true,"valueName":"search_term_string"}}],"inLanguage":"de"}]}},"_links":{"self":[{"href":"https:\/\/teguar.com\/eu\/de\/wp-json\/wp\/v2\/product\/2244828","targetHints":{"allow":["GET"]}}],"collection":[{"href":"https:\/\/teguar.com\/eu\/de\/wp-json\/wp\/v2\/product"}],"about":[{"href":"https:\/\/teguar.com\/eu\/de\/wp-json\/wp\/v2\/types\/product"}],"wp:featuredmedia":[{"embeddable":true,"href":"https:\/\/teguar.com\/eu\/de\/wp-json\/wp\/v2\/media\/2245841"}],"wp:attachment":[{"href":"https:\/\/teguar.com\/eu\/de\/wp-json\/wp\/v2\/media?parent=2244828"}],"wp:term":[{"taxonomy":"product_brand","embeddable":true,"href":"https:\/\/teguar.com\/eu\/de\/wp-json\/wp\/v2\/product_brand?post=2244828"},{"taxonomy":"product_cat","embeddable":true,"href":"https:\/\/teguar.com\/eu\/de\/wp-json\/wp\/v2\/product_cat?post=2244828"},{"taxonomy":"product_tag","embeddable":true,"href":"https:\/\/teguar.com\/eu\/de\/wp-json\/wp\/v2\/product_tag?post=2244828"},{"taxonomy":"product_label","embeddable":true,"href":"https:\/\/teguar.com\/eu\/de\/wp-json\/wp\/v2\/product_label?post=2244828"}],"curies":[{"name":"wp","href":"https:\/\/api.w.org\/{rel}","templated":true}]}}