{"id":2244823,"date":"2025-06-27T14:11:56","date_gmt":"2025-06-27T14:11:56","guid":{"rendered":"https:\/\/teguar.com\/eu\/product\/tm-5957-22i\/"},"modified":"2025-12-01T14:33:54","modified_gmt":"2025-12-01T14:33:54","slug":"tm-5957-22i","status":"publish","type":"product","link":"https:\/\/teguar.com\/eu\/de\/product\/tm-5957-22i\/","title":{"rendered":"TM-5957-22i"},"content":{"rendered":"<p>Der TM-5957-22i ist mit einem leistungsstarken Intel Core Tiger Lake i5\/i7 Prozessor der 11. Generation ausgestattet, auf dem Windows 11 l\u00e4uft. Mit einer Breite von 44 mm und einem Gewicht von nur 11 Pfund ist dieser l\u00fcfterlose All-in-One der leichteste Industriecomputer seiner Klasse. Das leichte und schlanke Design macht ihn ideal f\u00fcr Anwendungen, bei denen \u00c4sthetik eine Rolle spielt, aber t\u00e4uschen Sie sich nicht: Die Konstruktion ist robust, und da er l\u00fcfterlos ist, stellen staubige und schmutzige Umgebungen kein Problem dar. Die Vorderseite ist IP65-zertifiziert, so dass dieser PC Spritzwasser und wiederholtes Abwischen mit Reinigungschemikalien \u00fcbersteht. Dank des l\u00fcfterlosen K\u00fchlsystems arbeitet dieser PC leise und verhindert die Verbreitung von Staub und Keimen. Zur einfachen Integration mit anderen Ger\u00e4ten ist der TM-5957-22i standardm\u00e4\u00dfig mit WiFi 6, BT 5.2, einer Frontkamera und sogar isolierten E\/As ausgestattet. Dank des optionalen 2-Stunden-Akkupacks k\u00f6nnen Sie das Ger\u00e4t sogar auf einer mobilen Workstation montieren und die Batterien austauschen, ohne den Computer ausschalten oder einen schweren batteriebetriebenen Wagen verwenden zu m\u00fcssen.      <\/p>\n","protected":false},"excerpt":{"rendered":"<p>Der TM-5957-22i verf\u00fcgt \u00fcber einen 21,5&#8243; Full HD, P-Capacitive Touchscreen und l\u00e4uft mit dem Intel Core i5\/i7 Prozessor. Dieser Computer ist schlank, leicht und elegant, ohne dabei an Robustheit einzub\u00fc\u00dfen. Dank des l\u00fcfterlosen K\u00fchlsystems ist dieser PC staub- und schmutzgesch\u00fctzt und damit perfekt f\u00fcr industrielle Umgebungen geeignet.  <\/p>\n","protected":false},"featured_media":2245858,"template":"","meta":{"_acf_changed":false},"product_brand":[],"product_cat":[2828],"product_tag":[],"product_label":[],"class_list":{"0":"post-2244823","1":"product","2":"type-product","3":"status-publish","4":"has-post-thumbnail","6":"product_cat-industrieller-all-in-one-pc","7":"pa_windows-windows-10-iot","8":"pa_windows-windows-10-pro","10":"first","11":"instock","12":"taxable","13":"shipping-taxable","14":"purchasable","15":"product-type-simple"},"composite_virtual":false,"composite_layout":"","composite_add_to_cart_form_location":"","composite_editable_in_cart":false,"composite_sold_individually_context":"","composite_shop_price_calc":"","composite_components":[],"composite_scenarios":[],"acf":[],"yoast_head":"<!-- This site is optimized with the Yoast SEO Premium plugin v26.8 (Yoast SEO v27.2) - https:\/\/yoast.com\/product\/yoast-seo-premium-wordpress\/ -->\n<title>22&quot; L\u00fcfterloser AIO PC | TM-5957-22i<\/title>\n<meta name=\"description\" content=\"Der TM-5957-22i ist ein l\u00fcfterloser All-in-One-Industriecomputer mit einem leichten Design und einem robusten Geh\u00e4use. Sehen Sie sich die technischen Daten an oder fordern Sie hier ein Angebot an.\" \/>\n<meta name=\"robots\" content=\"index, follow, max-snippet:-1, max-image-preview:large, max-video-preview:-1\" \/>\n<link rel=\"canonical\" href=\"https:\/\/teguar.com\/eu\/de\/product\/tm-5957-22i\/\" \/>\n<meta property=\"og:locale\" content=\"de_DE\" \/>\n<meta property=\"og:type\" content=\"article\" \/>\n<meta property=\"og:title\" content=\"TM-5957-22i\" \/>\n<meta property=\"og:description\" content=\"Der TM-5957-22i ist ein l\u00fcfterloser All-in-One-Industriecomputer mit einem leichten Design und einem robusten Geh\u00e4use. Sehen Sie sich die technischen Daten an oder fordern Sie hier ein Angebot an.\" \/>\n<meta property=\"og:url\" content=\"https:\/\/teguar.com\/eu\/de\/product\/tm-5957-22i\/\" \/>\n<meta property=\"og:site_name\" content=\"Teguar\" \/>\n<meta property=\"article:modified_time\" content=\"2025-12-01T14:33:54+00:00\" \/>\n<meta property=\"og:image\" content=\"https:\/\/teguar.com\/eu\/wp-content\/uploads\/sites\/2\/2022\/09\/22_fanless_aio_pc_tm-5957-22i_front_angled__91447.1663779552.1280.1280.jpg\" \/>\n\t<meta property=\"og:image:width\" content=\"1000\" \/>\n\t<meta property=\"og:image:height\" content=\"1000\" \/>\n\t<meta property=\"og:image:type\" content=\"image\/jpeg\" \/>\n<meta name=\"twitter:card\" content=\"summary_large_image\" \/>\n<meta name=\"twitter:label1\" content=\"Gesch\u00e4tzte Lesezeit\" \/>\n\t<meta name=\"twitter:data1\" content=\"1\u00a0Minute\" \/>\n<script type=\"application\/ld+json\" class=\"yoast-schema-graph\">{\"@context\":\"https:\/\/schema.org\",\"@graph\":[{\"@type\":\"WebPage\",\"@id\":\"https:\/\/teguar.com\/eu\/de\/product\/tm-5957-22i\/\",\"url\":\"https:\/\/teguar.com\/eu\/de\/product\/tm-5957-22i\/\",\"name\":\"22\\\" L\u00fcfterloser AIO PC | TM-5957-22i\",\"isPartOf\":{\"@id\":\"https:\/\/teguar.com\/eu\/en\/#website\"},\"primaryImageOfPage\":{\"@id\":\"https:\/\/teguar.com\/eu\/de\/product\/tm-5957-22i\/#primaryimage\"},\"image\":{\"@id\":\"https:\/\/teguar.com\/eu\/de\/product\/tm-5957-22i\/#primaryimage\"},\"thumbnailUrl\":\"https:\/\/teguar.com\/eu\/wp-content\/uploads\/sites\/2\/2022\/09\/22_fanless_aio_pc_tm-5957-22i_front_angled__91447.1663779552.1280.1280.jpg\",\"datePublished\":\"2025-06-27T14:11:56+00:00\",\"dateModified\":\"2025-12-01T14:33:54+00:00\",\"description\":\"Der TM-5957-22i ist ein l\u00fcfterloser All-in-One-Industriecomputer mit einem leichten Design und einem robusten Geh\u00e4use. Sehen Sie sich die technischen Daten an oder fordern Sie hier ein Angebot an.\",\"breadcrumb\":{\"@id\":\"https:\/\/teguar.com\/eu\/de\/product\/tm-5957-22i\/#breadcrumb\"},\"inLanguage\":\"de\",\"potentialAction\":[{\"@type\":\"ReadAction\",\"target\":[\"https:\/\/teguar.com\/eu\/de\/product\/tm-5957-22i\/\"]}]},{\"@type\":\"ImageObject\",\"inLanguage\":\"de\",\"@id\":\"https:\/\/teguar.com\/eu\/de\/product\/tm-5957-22i\/#primaryimage\",\"url\":\"https:\/\/teguar.com\/eu\/wp-content\/uploads\/sites\/2\/2022\/09\/22_fanless_aio_pc_tm-5957-22i_front_angled__91447.1663779552.1280.1280.jpg\",\"contentUrl\":\"https:\/\/teguar.com\/eu\/wp-content\/uploads\/sites\/2\/2022\/09\/22_fanless_aio_pc_tm-5957-22i_front_angled__91447.1663779552.1280.1280.jpg\",\"width\":1000,\"height\":1000,\"caption\":\"22\\\" fanless all in one industrial computer | TM-5957-22i front angled\"},{\"@type\":\"BreadcrumbList\",\"@id\":\"https:\/\/teguar.com\/eu\/de\/product\/tm-5957-22i\/#breadcrumb\",\"itemListElement\":[{\"@type\":\"ListItem\",\"position\":1,\"name\":\"Home\",\"item\":\"https:\/\/teguar.com\/eu\/de\/\"},{\"@type\":\"ListItem\",\"position\":2,\"name\":\"TM-5957-22i\"}]},{\"@type\":\"WebSite\",\"@id\":\"https:\/\/teguar.com\/eu\/en\/#website\",\"url\":\"https:\/\/teguar.com\/eu\/en\/\",\"name\":\"Teguar\",\"description\":\"Industrial PCs, Medical Computers, and Rugged Tablets\",\"potentialAction\":[{\"@type\":\"SearchAction\",\"target\":{\"@type\":\"EntryPoint\",\"urlTemplate\":\"https:\/\/teguar.com\/eu\/en\/?s={search_term_string}\"},\"query-input\":{\"@type\":\"PropertyValueSpecification\",\"valueRequired\":true,\"valueName\":\"search_term_string\"}}],\"inLanguage\":\"de\"}]}<\/script>\n<!-- \/ Yoast SEO Premium plugin. -->","yoast_head_json":{"title":"22\" L\u00fcfterloser AIO PC | TM-5957-22i","description":"Der TM-5957-22i ist ein l\u00fcfterloser All-in-One-Industriecomputer mit einem leichten Design und einem robusten Geh\u00e4use. Sehen Sie sich die technischen Daten an oder fordern Sie hier ein Angebot an.","robots":{"index":"index","follow":"follow","max-snippet":"max-snippet:-1","max-image-preview":"max-image-preview:large","max-video-preview":"max-video-preview:-1"},"canonical":"https:\/\/teguar.com\/eu\/de\/product\/tm-5957-22i\/","og_locale":"de_DE","og_type":"article","og_title":"TM-5957-22i","og_description":"Der TM-5957-22i ist ein l\u00fcfterloser All-in-One-Industriecomputer mit einem leichten Design und einem robusten Geh\u00e4use. Sehen Sie sich die technischen Daten an oder fordern Sie hier ein Angebot an.","og_url":"https:\/\/teguar.com\/eu\/de\/product\/tm-5957-22i\/","og_site_name":"Teguar","article_modified_time":"2025-12-01T14:33:54+00:00","og_image":[{"width":1000,"height":1000,"url":"https:\/\/teguar.com\/eu\/wp-content\/uploads\/sites\/2\/2022\/09\/22_fanless_aio_pc_tm-5957-22i_front_angled__91447.1663779552.1280.1280.jpg","type":"image\/jpeg"}],"twitter_card":"summary_large_image","twitter_misc":{"Gesch\u00e4tzte Lesezeit":"1\u00a0Minute"},"schema":{"@context":"https:\/\/schema.org","@graph":[{"@type":"WebPage","@id":"https:\/\/teguar.com\/eu\/de\/product\/tm-5957-22i\/","url":"https:\/\/teguar.com\/eu\/de\/product\/tm-5957-22i\/","name":"22\" L\u00fcfterloser AIO PC | TM-5957-22i","isPartOf":{"@id":"https:\/\/teguar.com\/eu\/en\/#website"},"primaryImageOfPage":{"@id":"https:\/\/teguar.com\/eu\/de\/product\/tm-5957-22i\/#primaryimage"},"image":{"@id":"https:\/\/teguar.com\/eu\/de\/product\/tm-5957-22i\/#primaryimage"},"thumbnailUrl":"https:\/\/teguar.com\/eu\/wp-content\/uploads\/sites\/2\/2022\/09\/22_fanless_aio_pc_tm-5957-22i_front_angled__91447.1663779552.1280.1280.jpg","datePublished":"2025-06-27T14:11:56+00:00","dateModified":"2025-12-01T14:33:54+00:00","description":"Der TM-5957-22i ist ein l\u00fcfterloser All-in-One-Industriecomputer mit einem leichten Design und einem robusten Geh\u00e4use. Sehen Sie sich die technischen Daten an oder fordern Sie hier ein Angebot an.","breadcrumb":{"@id":"https:\/\/teguar.com\/eu\/de\/product\/tm-5957-22i\/#breadcrumb"},"inLanguage":"de","potentialAction":[{"@type":"ReadAction","target":["https:\/\/teguar.com\/eu\/de\/product\/tm-5957-22i\/"]}]},{"@type":"ImageObject","inLanguage":"de","@id":"https:\/\/teguar.com\/eu\/de\/product\/tm-5957-22i\/#primaryimage","url":"https:\/\/teguar.com\/eu\/wp-content\/uploads\/sites\/2\/2022\/09\/22_fanless_aio_pc_tm-5957-22i_front_angled__91447.1663779552.1280.1280.jpg","contentUrl":"https:\/\/teguar.com\/eu\/wp-content\/uploads\/sites\/2\/2022\/09\/22_fanless_aio_pc_tm-5957-22i_front_angled__91447.1663779552.1280.1280.jpg","width":1000,"height":1000,"caption":"22\" fanless all in one industrial computer | TM-5957-22i front angled"},{"@type":"BreadcrumbList","@id":"https:\/\/teguar.com\/eu\/de\/product\/tm-5957-22i\/#breadcrumb","itemListElement":[{"@type":"ListItem","position":1,"name":"Home","item":"https:\/\/teguar.com\/eu\/de\/"},{"@type":"ListItem","position":2,"name":"TM-5957-22i"}]},{"@type":"WebSite","@id":"https:\/\/teguar.com\/eu\/en\/#website","url":"https:\/\/teguar.com\/eu\/en\/","name":"Teguar","description":"Industrial PCs, Medical Computers, and Rugged Tablets","potentialAction":[{"@type":"SearchAction","target":{"@type":"EntryPoint","urlTemplate":"https:\/\/teguar.com\/eu\/en\/?s={search_term_string}"},"query-input":{"@type":"PropertyValueSpecification","valueRequired":true,"valueName":"search_term_string"}}],"inLanguage":"de"}]}},"_links":{"self":[{"href":"https:\/\/teguar.com\/eu\/de\/wp-json\/wp\/v2\/product\/2244823","targetHints":{"allow":["GET"]}}],"collection":[{"href":"https:\/\/teguar.com\/eu\/de\/wp-json\/wp\/v2\/product"}],"about":[{"href":"https:\/\/teguar.com\/eu\/de\/wp-json\/wp\/v2\/types\/product"}],"wp:featuredmedia":[{"embeddable":true,"href":"https:\/\/teguar.com\/eu\/de\/wp-json\/wp\/v2\/media\/2245858"}],"wp:attachment":[{"href":"https:\/\/teguar.com\/eu\/de\/wp-json\/wp\/v2\/media?parent=2244823"}],"wp:term":[{"taxonomy":"product_brand","embeddable":true,"href":"https:\/\/teguar.com\/eu\/de\/wp-json\/wp\/v2\/product_brand?post=2244823"},{"taxonomy":"product_cat","embeddable":true,"href":"https:\/\/teguar.com\/eu\/de\/wp-json\/wp\/v2\/product_cat?post=2244823"},{"taxonomy":"product_tag","embeddable":true,"href":"https:\/\/teguar.com\/eu\/de\/wp-json\/wp\/v2\/product_tag?post=2244823"},{"taxonomy":"product_label","embeddable":true,"href":"https:\/\/teguar.com\/eu\/de\/wp-json\/wp\/v2\/product_label?post=2244823"}],"curies":[{"name":"wp","href":"https:\/\/api.w.org\/{rel}","templated":true}]}}