{"id":2244822,"date":"2025-06-26T14:11:52","date_gmt":"2025-06-26T14:11:52","guid":{"rendered":"https:\/\/teguar.com\/eu\/product\/trt-4680-08\/"},"modified":"2025-11-20T16:30:26","modified_gmt":"2025-11-20T16:30:26","slug":"trt-4680-08","status":"publish","type":"product","link":"https:\/\/teguar.com\/eu\/de\/product\/trt-4680-08\/","title":{"rendered":"TRT-4680-08"},"content":{"rendered":"<p>Das TRT-4680-08 ist ein l\u00fcfterloses, robustes Tablet mit einem Intel Jasper Lake Quad-Core-Prozessor. Dieses Industrie-Tablet entspricht der Schutzklasse IP65 und ist damit vollst\u00e4ndig staubdicht und vor Spritzwasser gesch\u00fctzt. Es ist au\u00dferdem MIL-STD-810G-zertifiziert, was bedeutet, dass es St\u00fcrze und starke Ersch\u00fctterungen \u00fcbersteht. Der Touchscreen ist ein kapazitiver 5-Punkt-Multi-Touch-Bildschirm und besteht aus kratzfestem 7H-Glas f\u00fcr hohen Schutz vor Rissen. Der TRT-4680-08 ist ideal f\u00fcr den Einsatz in jedem Bereich Ihrer Einrichtung und kann aufgrund der gro\u00dfen Temperaturspanne, die er aush\u00e4lt, sogar im Freien verwendet werden. Mit seinen 8 Zoll ist dieses Ger\u00e4t leicht zu tragen. Es verf\u00fcgt au\u00dferdem \u00fcber integriertes WIFI und Bluetooth, so dass Sie es in der Werkstatt oder im Au\u00dfendienst mit sich f\u00fchren k\u00f6nnen, ohne bef\u00fcrchten zu m\u00fcssen, die Verbindung oder die Arbeit zu verlieren. Mit dem TRT-4680-08 k\u00f6nnen Sie Ihren Betrieb bequem \u00fcberwachen, egal wo Sie ihn aufstellen.       <\/p>\n","protected":false},"excerpt":{"rendered":"<p><a href=\"https:\/\/teguar.com\/eu\/de\/fertigungs-computer\/\">Einsatz in der Fertigung:<\/a> Das robuste Tablet TRT-4680-08 mit seiner MIL-STD-810-Einstufung, seinem leistungsstarken Prozessor und seinem robusten Design eignet sich hervorragend f\u00fcr den Einsatz in der Fertigung und bietet den Mitarbeitern einen zuverl\u00e4ssigen Zugriff auf Echtzeitdaten, Anweisungen und Prozessmanagement-Tools.<\/p>\n<p><a href=\"https:\/\/teguar.com\/eu\/de\/computer-fuer-das-baugewerbe\/\">Management auf der Baustelle:<\/a> Mit seiner Langlebigkeit, dem IP65-Geh\u00e4use und dem kratzfesten Glas ist das TRT-4680-08-Tablet eine ausgezeichnete Wahl f\u00fcr das Baustellenmanagement. Es erm\u00f6glicht den Bauleitern den Zugriff auf Baupl\u00e4ne, Zeitpl\u00e4ne und die Kommunikation mit Teams in schwierigen Umgebungen.<\/p>\n<p><a href=\"https:\/\/teguar.com\/eu\/de\/tablets-fuer-den-aussendienst\/\">Anwendungen f\u00fcr Fahrzeuge und Gabelstapler:<\/a> Das TRT-4680-08 Tablet eignet sich aufgrund seiner Robustheit und seiner Konnektivit\u00e4tsoptionen f\u00fcr den Einsatz in Fahrzeugen und Gabelstaplern und erm\u00f6glicht Fahrern und Bedienern den Zugriff auf GPS-Navigation und Bestandsverwaltungssysteme sowie die Kommunikation w\u00e4hrend der Fahrt. (Branche: Transport, Logistik) <\/p>\n","protected":false},"featured_media":2244827,"template":"","meta":{"_acf_changed":false},"product_brand":[],"product_cat":[2846],"product_tag":[3235,2635],"product_label":[],"class_list":{"0":"post-2244822","1":"product","2":"type-product","3":"status-publish","4":"has-post-thumbnail","6":"product_cat-rugged-windows-tablets","7":"product_tag-fahrzeug-und-gabelstapler-tablets","8":"product_tag-online-kaufen","9":"pa_windows-windows-10-iot","10":"pa_windows-windows-10-pro","11":"pa_windows-windows-11-pro","13":"first","14":"instock","15":"taxable","16":"shipping-taxable","17":"purchasable","18":"product-type-composite"},"composite_virtual":false,"composite_layout":"single","composite_add_to_cart_form_location":"default","composite_editable_in_cart":false,"composite_sold_individually_context":"product","composite_shop_price_calc":"min_max","composite_components":[{"id":"1751312209","title":"2D-Scanner","description":"","query_type":"product_ids","query_ids":[2240673,2240836],"default_option_id":"","thumbnail_id":"","thumbnail_src":"","quantity_min":1,"quantity_max":1,"priced_individually":true,"shipped_individually":false,"optional":false,"discount":"","options_style":"dropdowns","pagination_style":"classic","display_prices":"relative","show_sorting_options":false,"show_filtering_options":false,"attribute_filter_ids":[],"select_action":"view","product_title_visible":false,"product_descr_visible":false,"product_price_visible":false,"product_thumb_visible":false,"subtotal_visible_product":true,"subtotal_visible_cart":false,"subtotal_visible_orders":false},{"id":"1751312210","title":"Betriebssystem","description":"","query_type":"product_ids","query_ids":[2240735],"default_option_id":"","thumbnail_id":"","thumbnail_src":"","quantity_min":1,"quantity_max":1,"priced_individually":false,"shipped_individually":false,"optional":false,"discount":"","options_style":"dropdowns","pagination_style":"classic","display_prices":"absolute","show_sorting_options":false,"show_filtering_options":false,"attribute_filter_ids":[],"select_action":"view","product_title_visible":true,"product_descr_visible":false,"product_price_visible":true,"product_thumb_visible":false,"subtotal_visible_product":false,"subtotal_visible_cart":false,"subtotal_visible_orders":false}],"composite_scenarios":[],"acf":[],"yoast_head":"<!-- This site is optimized with the Yoast SEO Premium plugin v26.8 (Yoast SEO v27.2) - https:\/\/yoast.com\/product\/yoast-seo-premium-wordpress\/ -->\n<title>8&quot; Langlebiges Tablet | TRT-4680-08<\/title>\n<meta name=\"description\" content=\"Das 8-Zoll Intel Jasper Lake Quad Core Durable Tablet von Teguar ist f\u00fcr den Einsatz in rauen Produktionsumgebungen konzipiert und verf\u00fcgt \u00fcber die Schutzklassen IP65 und MIL-STD-810G.\" \/>\n<meta name=\"robots\" content=\"index, follow, max-snippet:-1, max-image-preview:large, max-video-preview:-1\" \/>\n<link rel=\"canonical\" href=\"https:\/\/teguar.com\/eu\/de\/product\/trt-4680-08\/\" \/>\n<meta property=\"og:locale\" content=\"de_DE\" \/>\n<meta property=\"og:type\" content=\"article\" \/>\n<meta property=\"og:title\" content=\"TRT-4680-08\" \/>\n<meta property=\"og:description\" content=\"Das 8-Zoll Intel Jasper Lake Quad Core Durable Tablet von Teguar ist f\u00fcr den Einsatz in rauen Produktionsumgebungen konzipiert und verf\u00fcgt \u00fcber die Schutzklassen IP65 und MIL-STD-810G.\" \/>\n<meta property=\"og:url\" content=\"https:\/\/teguar.com\/eu\/de\/product\/trt-4680-08\/\" \/>\n<meta property=\"og:site_name\" content=\"Teguar\" \/>\n<meta property=\"article:modified_time\" content=\"2025-11-20T16:30:26+00:00\" \/>\n<meta property=\"og:image\" content=\"https:\/\/teguar.com\/eu\/wp-content\/uploads\/sites\/2\/2022\/12\/TRT-4680_Front__03498.1670516265.1280.1280.jpg\" \/>\n\t<meta property=\"og:image:width\" content=\"1279\" \/>\n\t<meta property=\"og:image:height\" content=\"973\" \/>\n\t<meta property=\"og:image:type\" content=\"image\/jpeg\" \/>\n<meta name=\"twitter:card\" content=\"summary_large_image\" \/>\n<meta name=\"twitter:label1\" content=\"Gesch\u00e4tzte Lesezeit\" \/>\n\t<meta name=\"twitter:data1\" content=\"1\u00a0Minute\" \/>\n<script type=\"application\/ld+json\" class=\"yoast-schema-graph\">{\"@context\":\"https:\/\/schema.org\",\"@graph\":[{\"@type\":\"WebPage\",\"@id\":\"https:\/\/teguar.com\/eu\/de\/product\/trt-4680-08\/\",\"url\":\"https:\/\/teguar.com\/eu\/de\/product\/trt-4680-08\/\",\"name\":\"8\\\" Langlebiges Tablet | TRT-4680-08\",\"isPartOf\":{\"@id\":\"https:\/\/teguar.com\/eu\/en\/#website\"},\"primaryImageOfPage\":{\"@id\":\"https:\/\/teguar.com\/eu\/de\/product\/trt-4680-08\/#primaryimage\"},\"image\":{\"@id\":\"https:\/\/teguar.com\/eu\/de\/product\/trt-4680-08\/#primaryimage\"},\"thumbnailUrl\":\"https:\/\/teguar.com\/eu\/wp-content\/uploads\/sites\/2\/2022\/12\/TRT-4680_Front__03498.1670516265.1280.1280.jpg\",\"datePublished\":\"2025-06-26T14:11:52+00:00\",\"dateModified\":\"2025-11-20T16:30:26+00:00\",\"description\":\"Das 8-Zoll Intel Jasper Lake Quad Core Durable Tablet von Teguar ist f\u00fcr den Einsatz in rauen Produktionsumgebungen konzipiert und verf\u00fcgt \u00fcber die Schutzklassen IP65 und MIL-STD-810G.\",\"breadcrumb\":{\"@id\":\"https:\/\/teguar.com\/eu\/de\/product\/trt-4680-08\/#breadcrumb\"},\"inLanguage\":\"de\",\"potentialAction\":[{\"@type\":\"ReadAction\",\"target\":[\"https:\/\/teguar.com\/eu\/de\/product\/trt-4680-08\/\"]}]},{\"@type\":\"ImageObject\",\"inLanguage\":\"de\",\"@id\":\"https:\/\/teguar.com\/eu\/de\/product\/trt-4680-08\/#primaryimage\",\"url\":\"https:\/\/teguar.com\/eu\/wp-content\/uploads\/sites\/2\/2022\/12\/TRT-4680_Front__03498.1670516265.1280.1280.jpg\",\"contentUrl\":\"https:\/\/teguar.com\/eu\/wp-content\/uploads\/sites\/2\/2022\/12\/TRT-4680_Front__03498.1670516265.1280.1280.jpg\",\"width\":1279,\"height\":973,\"caption\":\"Durable Tablet TRT-4680-08 Front\"},{\"@type\":\"BreadcrumbList\",\"@id\":\"https:\/\/teguar.com\/eu\/de\/product\/trt-4680-08\/#breadcrumb\",\"itemListElement\":[{\"@type\":\"ListItem\",\"position\":1,\"name\":\"Home\",\"item\":\"https:\/\/teguar.com\/eu\/de\/\"},{\"@type\":\"ListItem\",\"position\":2,\"name\":\"TRT-4680-08\"}]},{\"@type\":\"WebSite\",\"@id\":\"https:\/\/teguar.com\/eu\/en\/#website\",\"url\":\"https:\/\/teguar.com\/eu\/en\/\",\"name\":\"Teguar\",\"description\":\"Industrial PCs, Medical Computers, and Rugged Tablets\",\"potentialAction\":[{\"@type\":\"SearchAction\",\"target\":{\"@type\":\"EntryPoint\",\"urlTemplate\":\"https:\/\/teguar.com\/eu\/en\/?s={search_term_string}\"},\"query-input\":{\"@type\":\"PropertyValueSpecification\",\"valueRequired\":true,\"valueName\":\"search_term_string\"}}],\"inLanguage\":\"de\"}]}<\/script>\n<!-- \/ Yoast SEO Premium plugin. -->","yoast_head_json":{"title":"8\" Langlebiges Tablet | TRT-4680-08","description":"Das 8-Zoll Intel Jasper Lake Quad Core Durable Tablet von Teguar ist f\u00fcr den Einsatz in rauen Produktionsumgebungen konzipiert und verf\u00fcgt \u00fcber die Schutzklassen IP65 und MIL-STD-810G.","robots":{"index":"index","follow":"follow","max-snippet":"max-snippet:-1","max-image-preview":"max-image-preview:large","max-video-preview":"max-video-preview:-1"},"canonical":"https:\/\/teguar.com\/eu\/de\/product\/trt-4680-08\/","og_locale":"de_DE","og_type":"article","og_title":"TRT-4680-08","og_description":"Das 8-Zoll Intel Jasper Lake Quad Core Durable Tablet von Teguar ist f\u00fcr den Einsatz in rauen Produktionsumgebungen konzipiert und verf\u00fcgt \u00fcber die Schutzklassen IP65 und MIL-STD-810G.","og_url":"https:\/\/teguar.com\/eu\/de\/product\/trt-4680-08\/","og_site_name":"Teguar","article_modified_time":"2025-11-20T16:30:26+00:00","og_image":[{"width":1279,"height":973,"url":"https:\/\/teguar.com\/eu\/wp-content\/uploads\/sites\/2\/2022\/12\/TRT-4680_Front__03498.1670516265.1280.1280.jpg","type":"image\/jpeg"}],"twitter_card":"summary_large_image","twitter_misc":{"Gesch\u00e4tzte Lesezeit":"1\u00a0Minute"},"schema":{"@context":"https:\/\/schema.org","@graph":[{"@type":"WebPage","@id":"https:\/\/teguar.com\/eu\/de\/product\/trt-4680-08\/","url":"https:\/\/teguar.com\/eu\/de\/product\/trt-4680-08\/","name":"8\" Langlebiges Tablet | TRT-4680-08","isPartOf":{"@id":"https:\/\/teguar.com\/eu\/en\/#website"},"primaryImageOfPage":{"@id":"https:\/\/teguar.com\/eu\/de\/product\/trt-4680-08\/#primaryimage"},"image":{"@id":"https:\/\/teguar.com\/eu\/de\/product\/trt-4680-08\/#primaryimage"},"thumbnailUrl":"https:\/\/teguar.com\/eu\/wp-content\/uploads\/sites\/2\/2022\/12\/TRT-4680_Front__03498.1670516265.1280.1280.jpg","datePublished":"2025-06-26T14:11:52+00:00","dateModified":"2025-11-20T16:30:26+00:00","description":"Das 8-Zoll Intel Jasper Lake Quad Core Durable Tablet von Teguar ist f\u00fcr den Einsatz in rauen Produktionsumgebungen konzipiert und verf\u00fcgt \u00fcber die Schutzklassen IP65 und MIL-STD-810G.","breadcrumb":{"@id":"https:\/\/teguar.com\/eu\/de\/product\/trt-4680-08\/#breadcrumb"},"inLanguage":"de","potentialAction":[{"@type":"ReadAction","target":["https:\/\/teguar.com\/eu\/de\/product\/trt-4680-08\/"]}]},{"@type":"ImageObject","inLanguage":"de","@id":"https:\/\/teguar.com\/eu\/de\/product\/trt-4680-08\/#primaryimage","url":"https:\/\/teguar.com\/eu\/wp-content\/uploads\/sites\/2\/2022\/12\/TRT-4680_Front__03498.1670516265.1280.1280.jpg","contentUrl":"https:\/\/teguar.com\/eu\/wp-content\/uploads\/sites\/2\/2022\/12\/TRT-4680_Front__03498.1670516265.1280.1280.jpg","width":1279,"height":973,"caption":"Durable Tablet TRT-4680-08 Front"},{"@type":"BreadcrumbList","@id":"https:\/\/teguar.com\/eu\/de\/product\/trt-4680-08\/#breadcrumb","itemListElement":[{"@type":"ListItem","position":1,"name":"Home","item":"https:\/\/teguar.com\/eu\/de\/"},{"@type":"ListItem","position":2,"name":"TRT-4680-08"}]},{"@type":"WebSite","@id":"https:\/\/teguar.com\/eu\/en\/#website","url":"https:\/\/teguar.com\/eu\/en\/","name":"Teguar","description":"Industrial PCs, Medical Computers, and Rugged Tablets","potentialAction":[{"@type":"SearchAction","target":{"@type":"EntryPoint","urlTemplate":"https:\/\/teguar.com\/eu\/en\/?s={search_term_string}"},"query-input":{"@type":"PropertyValueSpecification","valueRequired":true,"valueName":"search_term_string"}}],"inLanguage":"de"}]}},"_links":{"self":[{"href":"https:\/\/teguar.com\/eu\/de\/wp-json\/wp\/v2\/product\/2244822","targetHints":{"allow":["GET"]}}],"collection":[{"href":"https:\/\/teguar.com\/eu\/de\/wp-json\/wp\/v2\/product"}],"about":[{"href":"https:\/\/teguar.com\/eu\/de\/wp-json\/wp\/v2\/types\/product"}],"wp:featuredmedia":[{"embeddable":true,"href":"https:\/\/teguar.com\/eu\/de\/wp-json\/wp\/v2\/media\/2244827"}],"wp:attachment":[{"href":"https:\/\/teguar.com\/eu\/de\/wp-json\/wp\/v2\/media?parent=2244822"}],"wp:term":[{"taxonomy":"product_brand","embeddable":true,"href":"https:\/\/teguar.com\/eu\/de\/wp-json\/wp\/v2\/product_brand?post=2244822"},{"taxonomy":"product_cat","embeddable":true,"href":"https:\/\/teguar.com\/eu\/de\/wp-json\/wp\/v2\/product_cat?post=2244822"},{"taxonomy":"product_tag","embeddable":true,"href":"https:\/\/teguar.com\/eu\/de\/wp-json\/wp\/v2\/product_tag?post=2244822"},{"taxonomy":"product_label","embeddable":true,"href":"https:\/\/teguar.com\/eu\/de\/wp-json\/wp\/v2\/product_label?post=2244822"}],"curies":[{"name":"wp","href":"https:\/\/api.w.org\/{rel}","templated":true}]}}