{"id":2244805,"date":"2025-07-02T14:12:50","date_gmt":"2025-07-02T14:12:50","guid":{"rendered":"https:\/\/teguar.com\/eu\/product\/tp-3493-15\/"},"modified":"2025-11-19T20:41:51","modified_gmt":"2025-11-19T20:41:51","slug":"tp-3493-15","status":"publish","type":"product","link":"https:\/\/teguar.com\/eu\/de\/product\/tp-3493-15\/","title":{"rendered":"TP-3493-15"},"content":{"rendered":"<p>Dieser <strong>preisg\u00fcnstige<\/strong> <a href=\"\/eu\/de\/panel-pcs\/?filter_screen-size=15%2C15-6&#038;query_type_screen-size=or\">15-Zoll-Panel-PC<\/a> ist das Angebot von Teguar f\u00fcr Projektmanager, die einen mittelgro\u00dfen Industrie-PC ben\u00f6tigen, aber nicht das Budget f\u00fcr Vollpreisl\u00f6sungen haben. Mit seinem Stahlgeh\u00e4use und der wasserdichten Frontblende nach IP65 ist dieser robuste Computer f\u00fcr die harten Bedingungen einer industriellen Umgebung ausgelegt und kann problemlos bei Temperaturen von -20\u00b0C bis 60\u00b0C betrieben werden. Mit bis zu 8 GB Arbeitsspeicher und einem Intel Celeron Apollo Lake-Prozessor eignet sich der TP-3493-15 f\u00fcr einfache Aufgaben wie die browserbasierte Verbindung zu einem cloudbasierten ERP-System oder die Dateneingabe in Ihre Fertigungssoftwareplattform. Ein interner Erweiterungssteckplatz macht das Hinzuf\u00fcgen optionaler WiFi-Funktionen zum Kinderspiel.  <\/p>\n<p><a href=\"https:\/\/www.ruggedpcreview.com\/3_panels_teguar_economy_panel_pc_series.html\" target=\"_blank\" rel=\"noopener\">&gt;&gt;  Lesen Sie eine unabh\u00e4ngige Bewertung des TP-3493-15 auf ruggedpcreview.com<\/a><\/p>\n","protected":false},"excerpt":{"rendered":"<p><a href=\"https:\/\/teguar.com\/eu\/de\/fertigungs-computer\/\">Fertigung:<\/a> Verbessern Sie Ihre Fertigungsprozesse mit dem 15&#8243; Panel PC von Teguar. Sein robustes Design sorgt f\u00fcr Zuverl\u00e4ssigkeit unter rauen Bedingungen und erleichtert die nahtlose Integration in Produktionslinien zur Datenprotokollierung und \u00dcberwachung. <\/p>\n<p><a href=\"https:\/\/teguar.com\/eu\/de\/computer-fuer-die-lagerverwaltung\/\">Lagerverwaltung:<\/a> Optimieren Sie Ihre Lagerabl\u00e4ufe kosteng\u00fcnstig mit dem 15-Zoll-Panel-PC von Teguar. Seine Langlebigkeit und Erweiterbarkeit erm\u00f6glichen eine reibungslose Integration in bestehende Systeme f\u00fcr eine optimierte Bestandskontrolle. <\/p>\n","protected":false},"featured_media":2244811,"template":"","meta":{"_acf_changed":false},"product_brand":[],"product_cat":[2826,2839],"product_tag":[3109,3127,2635,5418],"product_label":[],"class_list":{"0":"post-2244805","1":"product","2":"type-product","3":"status-publish","4":"has-post-thumbnail","6":"product_cat-hmi-panel","7":"product_cat-panel-pcs","8":"product_tag-eclipse-series","9":"product_tag-industriecomputer-im-schnellversand","10":"product_tag-online-kaufen","11":"product_tag-schnellversand-panel-pcs","12":"pa_windows-windows-10-iot","13":"pa_windows-windows-10-pro","15":"first","16":"instock","17":"taxable","18":"shipping-taxable","19":"purchasable","20":"product-type-composite"},"composite_virtual":false,"composite_layout":"single","composite_add_to_cart_form_location":"default","composite_editable_in_cart":false,"composite_sold_individually_context":"product","composite_shop_price_calc":"min_max","composite_components":[{"id":"1752608773","title":"WIDDER","description":"","query_type":"product_ids","query_ids":[2240779,2240780],"default_option_id":"","thumbnail_id":"","thumbnail_src":"","quantity_min":1,"quantity_max":1,"priced_individually":true,"shipped_individually":false,"optional":false,"discount":"","options_style":"dropdowns","pagination_style":"classic","display_prices":"relative","show_sorting_options":false,"show_filtering_options":false,"attribute_filter_ids":[],"select_action":"view","product_title_visible":true,"product_descr_visible":false,"product_price_visible":false,"product_thumb_visible":false,"subtotal_visible_product":true,"subtotal_visible_cart":false,"subtotal_visible_orders":false},{"id":"1752608774","title":"Lagerung","description":"","query_type":"product_ids","query_ids":[2240810,2240794,2240795,2240796],"default_option_id":"","thumbnail_id":"","thumbnail_src":"","quantity_min":1,"quantity_max":1,"priced_individually":true,"shipped_individually":false,"optional":false,"discount":"","options_style":"dropdowns","pagination_style":"classic","display_prices":"relative","show_sorting_options":false,"show_filtering_options":false,"attribute_filter_ids":[],"select_action":"view","product_title_visible":true,"product_descr_visible":false,"product_price_visible":false,"product_thumb_visible":false,"subtotal_visible_product":true,"subtotal_visible_cart":false,"subtotal_visible_orders":false},{"id":"1752608775","title":"Betriebssystem","description":"","query_type":"product_ids","query_ids":[2240737,2240732,2240733,2240736],"default_option_id":"","thumbnail_id":"","thumbnail_src":"","quantity_min":1,"quantity_max":1,"priced_individually":true,"shipped_individually":false,"optional":false,"discount":"","options_style":"dropdowns","pagination_style":"classic","display_prices":"relative","show_sorting_options":false,"show_filtering_options":false,"attribute_filter_ids":[],"select_action":"view","product_title_visible":true,"product_descr_visible":false,"product_price_visible":false,"product_thumb_visible":false,"subtotal_visible_product":true,"subtotal_visible_cart":false,"subtotal_visible_orders":false}],"composite_scenarios":[],"acf":[],"yoast_head":"<!-- This site is optimized with the Yoast SEO Premium plugin v26.8 (Yoast SEO v27.2) - https:\/\/yoast.com\/product\/yoast-seo-premium-wordpress\/ -->\n<title>15&quot; Eclipse Panel PC | TP-3493-15<\/title>\n<meta name=\"description\" content=\"Der TP-3493-15 ist ein preiswerter, mittelgro\u00dfer Industrie-Panel-PC mit Stahlgeh\u00e4use, kapazitivem Touchscreen und moderater Rechenleistung.\" \/>\n<meta name=\"robots\" content=\"index, follow, max-snippet:-1, max-image-preview:large, max-video-preview:-1\" \/>\n<link rel=\"canonical\" href=\"https:\/\/teguar.com\/eu\/de\/product\/tp-3493-15\/\" \/>\n<meta property=\"og:locale\" content=\"de_DE\" \/>\n<meta property=\"og:type\" content=\"article\" \/>\n<meta property=\"og:title\" content=\"TP-3493-15\" \/>\n<meta property=\"og:description\" content=\"Der TP-3493-15 ist ein preiswerter, mittelgro\u00dfer Industrie-Panel-PC mit Stahlgeh\u00e4use, kapazitivem Touchscreen und moderater Rechenleistung.\" \/>\n<meta property=\"og:url\" content=\"https:\/\/teguar.com\/eu\/de\/product\/tp-3493-15\/\" \/>\n<meta property=\"og:site_name\" content=\"Teguar\" \/>\n<meta property=\"article:modified_time\" content=\"2025-11-19T20:41:51+00:00\" \/>\n<meta property=\"og:image\" content=\"https:\/\/teguar.com\/eu\/wp-content\/uploads\/sites\/2\/2021\/06\/15-inch-economy-panel-pc-front__99098.1622667187.1280.1280.jpg\" \/>\n\t<meta property=\"og:image:width\" content=\"1000\" \/>\n\t<meta property=\"og:image:height\" content=\"1000\" \/>\n\t<meta property=\"og:image:type\" content=\"image\/jpeg\" \/>\n<meta name=\"twitter:card\" content=\"summary_large_image\" \/>\n<meta name=\"twitter:label1\" content=\"Gesch\u00e4tzte Lesezeit\" \/>\n\t<meta name=\"twitter:data1\" content=\"1\u00a0Minute\" \/>\n<script type=\"application\/ld+json\" class=\"yoast-schema-graph\">{\"@context\":\"https:\/\/schema.org\",\"@graph\":[{\"@type\":\"WebPage\",\"@id\":\"https:\/\/teguar.com\/eu\/de\/product\/tp-3493-15\/\",\"url\":\"https:\/\/teguar.com\/eu\/de\/product\/tp-3493-15\/\",\"name\":\"15\\\" Eclipse Panel PC | TP-3493-15\",\"isPartOf\":{\"@id\":\"https:\/\/teguar.com\/eu\/en\/#website\"},\"primaryImageOfPage\":{\"@id\":\"https:\/\/teguar.com\/eu\/de\/product\/tp-3493-15\/#primaryimage\"},\"image\":{\"@id\":\"https:\/\/teguar.com\/eu\/de\/product\/tp-3493-15\/#primaryimage\"},\"thumbnailUrl\":\"https:\/\/teguar.com\/eu\/wp-content\/uploads\/sites\/2\/2021\/06\/15-inch-economy-panel-pc-front__99098.1622667187.1280.1280.jpg\",\"datePublished\":\"2025-07-02T14:12:50+00:00\",\"dateModified\":\"2025-11-19T20:41:51+00:00\",\"description\":\"Der TP-3493-15 ist ein preiswerter, mittelgro\u00dfer Industrie-Panel-PC mit Stahlgeh\u00e4use, kapazitivem Touchscreen und moderater Rechenleistung.\",\"breadcrumb\":{\"@id\":\"https:\/\/teguar.com\/eu\/de\/product\/tp-3493-15\/#breadcrumb\"},\"inLanguage\":\"de\",\"potentialAction\":[{\"@type\":\"ReadAction\",\"target\":[\"https:\/\/teguar.com\/eu\/de\/product\/tp-3493-15\/\"]}]},{\"@type\":\"ImageObject\",\"inLanguage\":\"de\",\"@id\":\"https:\/\/teguar.com\/eu\/de\/product\/tp-3493-15\/#primaryimage\",\"url\":\"https:\/\/teguar.com\/eu\/wp-content\/uploads\/sites\/2\/2021\/06\/15-inch-economy-panel-pc-front__99098.1622667187.1280.1280.jpg\",\"contentUrl\":\"https:\/\/teguar.com\/eu\/wp-content\/uploads\/sites\/2\/2021\/06\/15-inch-economy-panel-pc-front__99098.1622667187.1280.1280.jpg\",\"width\":1000,\"height\":1000,\"caption\":\"Front view of the Teguar 15-inch Eclipse Panel PC\"},{\"@type\":\"BreadcrumbList\",\"@id\":\"https:\/\/teguar.com\/eu\/de\/product\/tp-3493-15\/#breadcrumb\",\"itemListElement\":[{\"@type\":\"ListItem\",\"position\":1,\"name\":\"Home\",\"item\":\"https:\/\/teguar.com\/eu\/de\/\"},{\"@type\":\"ListItem\",\"position\":2,\"name\":\"TP-3493-15\"}]},{\"@type\":\"WebSite\",\"@id\":\"https:\/\/teguar.com\/eu\/en\/#website\",\"url\":\"https:\/\/teguar.com\/eu\/en\/\",\"name\":\"Teguar\",\"description\":\"Industrial PCs, Medical Computers, and Rugged Tablets\",\"potentialAction\":[{\"@type\":\"SearchAction\",\"target\":{\"@type\":\"EntryPoint\",\"urlTemplate\":\"https:\/\/teguar.com\/eu\/en\/?s={search_term_string}\"},\"query-input\":{\"@type\":\"PropertyValueSpecification\",\"valueRequired\":true,\"valueName\":\"search_term_string\"}}],\"inLanguage\":\"de\"}]}<\/script>\n<!-- \/ Yoast SEO Premium plugin. -->","yoast_head_json":{"title":"15\" Eclipse Panel PC | TP-3493-15","description":"Der TP-3493-15 ist ein preiswerter, mittelgro\u00dfer Industrie-Panel-PC mit Stahlgeh\u00e4use, kapazitivem Touchscreen und moderater Rechenleistung.","robots":{"index":"index","follow":"follow","max-snippet":"max-snippet:-1","max-image-preview":"max-image-preview:large","max-video-preview":"max-video-preview:-1"},"canonical":"https:\/\/teguar.com\/eu\/de\/product\/tp-3493-15\/","og_locale":"de_DE","og_type":"article","og_title":"TP-3493-15","og_description":"Der TP-3493-15 ist ein preiswerter, mittelgro\u00dfer Industrie-Panel-PC mit Stahlgeh\u00e4use, kapazitivem Touchscreen und moderater Rechenleistung.","og_url":"https:\/\/teguar.com\/eu\/de\/product\/tp-3493-15\/","og_site_name":"Teguar","article_modified_time":"2025-11-19T20:41:51+00:00","og_image":[{"width":1000,"height":1000,"url":"https:\/\/teguar.com\/eu\/wp-content\/uploads\/sites\/2\/2021\/06\/15-inch-economy-panel-pc-front__99098.1622667187.1280.1280.jpg","type":"image\/jpeg"}],"twitter_card":"summary_large_image","twitter_misc":{"Gesch\u00e4tzte Lesezeit":"1\u00a0Minute"},"schema":{"@context":"https:\/\/schema.org","@graph":[{"@type":"WebPage","@id":"https:\/\/teguar.com\/eu\/de\/product\/tp-3493-15\/","url":"https:\/\/teguar.com\/eu\/de\/product\/tp-3493-15\/","name":"15\" Eclipse Panel PC | TP-3493-15","isPartOf":{"@id":"https:\/\/teguar.com\/eu\/en\/#website"},"primaryImageOfPage":{"@id":"https:\/\/teguar.com\/eu\/de\/product\/tp-3493-15\/#primaryimage"},"image":{"@id":"https:\/\/teguar.com\/eu\/de\/product\/tp-3493-15\/#primaryimage"},"thumbnailUrl":"https:\/\/teguar.com\/eu\/wp-content\/uploads\/sites\/2\/2021\/06\/15-inch-economy-panel-pc-front__99098.1622667187.1280.1280.jpg","datePublished":"2025-07-02T14:12:50+00:00","dateModified":"2025-11-19T20:41:51+00:00","description":"Der TP-3493-15 ist ein preiswerter, mittelgro\u00dfer Industrie-Panel-PC mit Stahlgeh\u00e4use, kapazitivem Touchscreen und moderater Rechenleistung.","breadcrumb":{"@id":"https:\/\/teguar.com\/eu\/de\/product\/tp-3493-15\/#breadcrumb"},"inLanguage":"de","potentialAction":[{"@type":"ReadAction","target":["https:\/\/teguar.com\/eu\/de\/product\/tp-3493-15\/"]}]},{"@type":"ImageObject","inLanguage":"de","@id":"https:\/\/teguar.com\/eu\/de\/product\/tp-3493-15\/#primaryimage","url":"https:\/\/teguar.com\/eu\/wp-content\/uploads\/sites\/2\/2021\/06\/15-inch-economy-panel-pc-front__99098.1622667187.1280.1280.jpg","contentUrl":"https:\/\/teguar.com\/eu\/wp-content\/uploads\/sites\/2\/2021\/06\/15-inch-economy-panel-pc-front__99098.1622667187.1280.1280.jpg","width":1000,"height":1000,"caption":"Front view of the Teguar 15-inch Eclipse Panel PC"},{"@type":"BreadcrumbList","@id":"https:\/\/teguar.com\/eu\/de\/product\/tp-3493-15\/#breadcrumb","itemListElement":[{"@type":"ListItem","position":1,"name":"Home","item":"https:\/\/teguar.com\/eu\/de\/"},{"@type":"ListItem","position":2,"name":"TP-3493-15"}]},{"@type":"WebSite","@id":"https:\/\/teguar.com\/eu\/en\/#website","url":"https:\/\/teguar.com\/eu\/en\/","name":"Teguar","description":"Industrial PCs, Medical Computers, and Rugged Tablets","potentialAction":[{"@type":"SearchAction","target":{"@type":"EntryPoint","urlTemplate":"https:\/\/teguar.com\/eu\/en\/?s={search_term_string}"},"query-input":{"@type":"PropertyValueSpecification","valueRequired":true,"valueName":"search_term_string"}}],"inLanguage":"de"}]}},"_links":{"self":[{"href":"https:\/\/teguar.com\/eu\/de\/wp-json\/wp\/v2\/product\/2244805","targetHints":{"allow":["GET"]}}],"collection":[{"href":"https:\/\/teguar.com\/eu\/de\/wp-json\/wp\/v2\/product"}],"about":[{"href":"https:\/\/teguar.com\/eu\/de\/wp-json\/wp\/v2\/types\/product"}],"wp:featuredmedia":[{"embeddable":true,"href":"https:\/\/teguar.com\/eu\/de\/wp-json\/wp\/v2\/media\/2244811"}],"wp:attachment":[{"href":"https:\/\/teguar.com\/eu\/de\/wp-json\/wp\/v2\/media?parent=2244805"}],"wp:term":[{"taxonomy":"product_brand","embeddable":true,"href":"https:\/\/teguar.com\/eu\/de\/wp-json\/wp\/v2\/product_brand?post=2244805"},{"taxonomy":"product_cat","embeddable":true,"href":"https:\/\/teguar.com\/eu\/de\/wp-json\/wp\/v2\/product_cat?post=2244805"},{"taxonomy":"product_tag","embeddable":true,"href":"https:\/\/teguar.com\/eu\/de\/wp-json\/wp\/v2\/product_tag?post=2244805"},{"taxonomy":"product_label","embeddable":true,"href":"https:\/\/teguar.com\/eu\/de\/wp-json\/wp\/v2\/product_label?post=2244805"}],"curies":[{"name":"wp","href":"https:\/\/api.w.org\/{rel}","templated":true}]}}