{"id":2244788,"date":"2025-07-01T19:48:20","date_gmt":"2025-07-01T19:48:20","guid":{"rendered":"https:\/\/teguar.com\/eu\/product\/halcyon-tp-7310-22\/"},"modified":"2025-11-19T20:44:10","modified_gmt":"2025-11-19T20:44:10","slug":"halcyon-tp-7310-22","status":"publish","type":"product","link":"https:\/\/teguar.com\/eu\/de\/product\/halcyon-tp-7310-22\/","title":{"rendered":"Halcyon TP-7310-22"},"content":{"rendered":"<p>Der TP-7310-22 ist ein <a href=\"\/eu\/de\/panel-pcs\/\">blitzschneller Hochleistungs-Panel-PC<\/a> mit einem hellen HD-Display in PCAP- oder resistiver Touch-Ausf\u00fchrung. Das Besondere an dieser Serie ist die nahezu grenzenlose PCIe-Erweiterungskarte, die robuste Unterst\u00fctzung f\u00fcr die besten GPUs, NPUs und zus\u00e4tzliche I\/Os bietet. Der leistungsstarke 21,5-Zoll-Halcyon-Panel-Computer ist so konzipiert, dass er an die jeweiligen Anforderungen angepasst werden kann. Zu den weiteren herausragenden Merkmalen geh\u00f6ren der neueste Hochgeschwindigkeits-DDR5-RAM sowie ein integriertes Netzteil, das keine sperrigen, das Stromkabel belastenden Box-Adapter mehr ben\u00f6tigt. Die leistungsstarke Verarbeitung der <a href=\"https:\/\/www.intel.com\/content\/www\/us\/en\/products\/sku\/236788\/intel-core-i5-processor-14400-20m-cache-up-to-4-70-ghz\/specifications.html\" target=\"_blank\" rel=\"noopener\">Intel\u00ae<\/a> CPU<sup>der 14.<\/sup> Generation und die anpassbare Vielseitigkeit machen Halcyon zu einer leistungsstarken All-in-One-L\u00f6sung.    <\/p>\n","protected":false},"excerpt":{"rendered":"<p><strong>F\u00fcr High-End-Rechenleistung &#8211; Perfekt f\u00fcr <a href=\"https:\/\/teguar.com\/eu\/ai-computers\/\">Robotik und KI<\/a>:<\/strong> F\u00fcr Aufgaben, die eine fortschrittliche Rechenleistung erfordern, ben\u00f6tigten Anwender bisher einen effizienten Embedded Computer mit einem separaten Display. Dieser Raptor Lake-Panel-PC kombiniert ultramoderne Rechenleistung mit einem integrierten, robusten Display und ist damit eine einzige L\u00f6sung, die Ihre Leistungsanforderungen erf\u00fcllt und \u00fcbertrifft. <\/p>\n<p><strong>F\u00fcr die Verwendung von NVIDIA &#8211; Volle <a href=\"https:\/\/teguar.com\/eu\/quality-control-computer\/\">Unterst\u00fctzung f\u00fcr Hochleistungs-GPUs<\/a>:<\/strong> Andere All-in-One-Ger\u00e4te unterst\u00fctzen nur einige Grafikkarten. Der PCIe x16-Steckplatz und die CPU<sup>der 14.<\/sup> Generation des Halcyon unterst\u00fctzen die leistungsst\u00e4rksten Grafik- und anderen Erweiterungskarten, wenn es um komplexe Daten und pr\u00e4zise Bilder geht. <\/p>\n<p><strong>F\u00fcr die Netzwerkkonnektivit\u00e4t &#8211; Ein <a href=\"https:\/\/teguar.com\/eu\/de\/edge-computer\/\">KI-Edge-Endpunkt<\/a>:<\/strong> Halcyon verf\u00fcgt \u00fcber eine starke Netzwerkverbindung mit zuverl\u00e4ssigem 2,5 Gbe Ethernet. In Verbindung mit seiner rasend schnellen Verarbeitungsleistung dient er als perfekte HMI f\u00fcr eine lokale, zentralisierte Edge-L\u00f6sung. <\/p>\n","protected":false},"featured_media":2244789,"template":"","meta":{"_acf_changed":false},"product_brand":[],"product_cat":[2826,2813,2839],"product_tag":[],"product_label":[],"class_list":{"0":"post-2244788","1":"product","2":"type-product","3":"status-publish","4":"has-post-thumbnail","6":"product_cat-hmi-panel","7":"product_cat-ki-computer","8":"product_cat-panel-pcs","10":"first","11":"instock","12":"taxable","13":"shipping-taxable","14":"purchasable","15":"product-type-simple"},"composite_virtual":false,"composite_layout":"","composite_add_to_cart_form_location":"","composite_editable_in_cart":false,"composite_sold_individually_context":"","composite_shop_price_calc":"","composite_components":[],"composite_scenarios":[],"acf":[],"yoast_head":"<!-- This site is optimized with the Yoast SEO Premium plugin v26.8 (Yoast SEO v27.2) - https:\/\/yoast.com\/product\/yoast-seo-premium-wordpress\/ -->\n<title>21,5&quot; Hochleistungs-GPU-Panel-PC | Halcyon TP-7310-22<\/title>\n<meta name=\"description\" content=\"Der Halcyon 21,5&quot; High Performance GPU Panel PC der 14. Generation unterst\u00fctzt die leistungsst\u00e4rksten Grafik- und KI-Karten f\u00fcr robustes Computing hinter einem gestochen scharfen, klaren Display.\" \/>\n<meta name=\"robots\" content=\"index, follow, max-snippet:-1, max-image-preview:large, max-video-preview:-1\" \/>\n<link rel=\"canonical\" href=\"https:\/\/teguar.com\/eu\/de\/product\/halcyon-tp-7310-22\/\" \/>\n<meta property=\"og:locale\" content=\"de_DE\" \/>\n<meta property=\"og:type\" content=\"article\" \/>\n<meta property=\"og:title\" content=\"Halcyon TP-7310-22\" \/>\n<meta property=\"og:description\" content=\"Der Halcyon 21,5&quot; High Performance GPU Panel PC der 14. Generation unterst\u00fctzt die leistungsst\u00e4rksten Grafik- und KI-Karten f\u00fcr robustes Computing hinter einem gestochen scharfen, klaren Display.\" \/>\n<meta property=\"og:url\" content=\"https:\/\/teguar.com\/eu\/de\/product\/halcyon-tp-7310-22\/\" \/>\n<meta property=\"og:site_name\" content=\"Teguar\" \/>\n<meta property=\"article:modified_time\" content=\"2025-11-19T20:44:10+00:00\" \/>\n<meta property=\"og:image\" content=\"https:\/\/teguar.com\/eu\/wp-content\/uploads\/sites\/2\/2025\/07\/Panel-PC-Halcyon-TP-7310-22-Front.jpg\" \/>\n\t<meta property=\"og:image:width\" content=\"1000\" \/>\n\t<meta property=\"og:image:height\" content=\"1000\" \/>\n\t<meta property=\"og:image:type\" content=\"image\/jpeg\" \/>\n<meta name=\"twitter:card\" content=\"summary_large_image\" \/>\n<meta name=\"twitter:label1\" content=\"Gesch\u00e4tzte Lesezeit\" \/>\n\t<meta name=\"twitter:data1\" content=\"1\u00a0Minute\" \/>\n<script type=\"application\/ld+json\" class=\"yoast-schema-graph\">{\"@context\":\"https:\/\/schema.org\",\"@graph\":[{\"@type\":\"WebPage\",\"@id\":\"https:\/\/teguar.com\/eu\/de\/product\/halcyon-tp-7310-22\/\",\"url\":\"https:\/\/teguar.com\/eu\/de\/product\/halcyon-tp-7310-22\/\",\"name\":\"21,5\\\" Hochleistungs-GPU-Panel-PC | Halcyon TP-7310-22\",\"isPartOf\":{\"@id\":\"https:\/\/teguar.com\/eu\/en\/#website\"},\"primaryImageOfPage\":{\"@id\":\"https:\/\/teguar.com\/eu\/de\/product\/halcyon-tp-7310-22\/#primaryimage\"},\"image\":{\"@id\":\"https:\/\/teguar.com\/eu\/de\/product\/halcyon-tp-7310-22\/#primaryimage\"},\"thumbnailUrl\":\"https:\/\/teguar.com\/eu\/wp-content\/uploads\/sites\/2\/2025\/07\/Panel-PC-Halcyon-TP-7310-22-Front.jpg\",\"datePublished\":\"2025-07-01T19:48:20+00:00\",\"dateModified\":\"2025-11-19T20:44:10+00:00\",\"description\":\"Der Halcyon 21,5\\\" High Performance GPU Panel PC der 14. Generation unterst\u00fctzt die leistungsst\u00e4rksten Grafik- und KI-Karten f\u00fcr robustes Computing hinter einem gestochen scharfen, klaren Display.\",\"breadcrumb\":{\"@id\":\"https:\/\/teguar.com\/eu\/de\/product\/halcyon-tp-7310-22\/#breadcrumb\"},\"inLanguage\":\"de\",\"potentialAction\":[{\"@type\":\"ReadAction\",\"target\":[\"https:\/\/teguar.com\/eu\/de\/product\/halcyon-tp-7310-22\/\"]}]},{\"@type\":\"ImageObject\",\"inLanguage\":\"de\",\"@id\":\"https:\/\/teguar.com\/eu\/de\/product\/halcyon-tp-7310-22\/#primaryimage\",\"url\":\"https:\/\/teguar.com\/eu\/wp-content\/uploads\/sites\/2\/2025\/07\/Panel-PC-Halcyon-TP-7310-22-Front.jpg\",\"contentUrl\":\"https:\/\/teguar.com\/eu\/wp-content\/uploads\/sites\/2\/2025\/07\/Panel-PC-Halcyon-TP-7310-22-Front.jpg\",\"width\":1000,\"height\":1000,\"caption\":\"21.5\\\" High Performance GPU Panel PC. Halcyon TP-7310-22\"},{\"@type\":\"BreadcrumbList\",\"@id\":\"https:\/\/teguar.com\/eu\/de\/product\/halcyon-tp-7310-22\/#breadcrumb\",\"itemListElement\":[{\"@type\":\"ListItem\",\"position\":1,\"name\":\"Home\",\"item\":\"https:\/\/teguar.com\/eu\/de\/\"},{\"@type\":\"ListItem\",\"position\":2,\"name\":\"Halcyon TP-7310-22\"}]},{\"@type\":\"WebSite\",\"@id\":\"https:\/\/teguar.com\/eu\/en\/#website\",\"url\":\"https:\/\/teguar.com\/eu\/en\/\",\"name\":\"Teguar\",\"description\":\"Industrial PCs, Medical Computers, and Rugged Tablets\",\"potentialAction\":[{\"@type\":\"SearchAction\",\"target\":{\"@type\":\"EntryPoint\",\"urlTemplate\":\"https:\/\/teguar.com\/eu\/en\/?s={search_term_string}\"},\"query-input\":{\"@type\":\"PropertyValueSpecification\",\"valueRequired\":true,\"valueName\":\"search_term_string\"}}],\"inLanguage\":\"de\"}]}<\/script>\n<!-- \/ Yoast SEO Premium plugin. -->","yoast_head_json":{"title":"21,5\" Hochleistungs-GPU-Panel-PC | Halcyon TP-7310-22","description":"Der Halcyon 21,5\" High Performance GPU Panel PC der 14. Generation unterst\u00fctzt die leistungsst\u00e4rksten Grafik- und KI-Karten f\u00fcr robustes Computing hinter einem gestochen scharfen, klaren Display.","robots":{"index":"index","follow":"follow","max-snippet":"max-snippet:-1","max-image-preview":"max-image-preview:large","max-video-preview":"max-video-preview:-1"},"canonical":"https:\/\/teguar.com\/eu\/de\/product\/halcyon-tp-7310-22\/","og_locale":"de_DE","og_type":"article","og_title":"Halcyon TP-7310-22","og_description":"Der Halcyon 21,5\" High Performance GPU Panel PC der 14. Generation unterst\u00fctzt die leistungsst\u00e4rksten Grafik- und KI-Karten f\u00fcr robustes Computing hinter einem gestochen scharfen, klaren Display.","og_url":"https:\/\/teguar.com\/eu\/de\/product\/halcyon-tp-7310-22\/","og_site_name":"Teguar","article_modified_time":"2025-11-19T20:44:10+00:00","og_image":[{"width":1000,"height":1000,"url":"https:\/\/teguar.com\/eu\/wp-content\/uploads\/sites\/2\/2025\/07\/Panel-PC-Halcyon-TP-7310-22-Front.jpg","type":"image\/jpeg"}],"twitter_card":"summary_large_image","twitter_misc":{"Gesch\u00e4tzte Lesezeit":"1\u00a0Minute"},"schema":{"@context":"https:\/\/schema.org","@graph":[{"@type":"WebPage","@id":"https:\/\/teguar.com\/eu\/de\/product\/halcyon-tp-7310-22\/","url":"https:\/\/teguar.com\/eu\/de\/product\/halcyon-tp-7310-22\/","name":"21,5\" Hochleistungs-GPU-Panel-PC | Halcyon TP-7310-22","isPartOf":{"@id":"https:\/\/teguar.com\/eu\/en\/#website"},"primaryImageOfPage":{"@id":"https:\/\/teguar.com\/eu\/de\/product\/halcyon-tp-7310-22\/#primaryimage"},"image":{"@id":"https:\/\/teguar.com\/eu\/de\/product\/halcyon-tp-7310-22\/#primaryimage"},"thumbnailUrl":"https:\/\/teguar.com\/eu\/wp-content\/uploads\/sites\/2\/2025\/07\/Panel-PC-Halcyon-TP-7310-22-Front.jpg","datePublished":"2025-07-01T19:48:20+00:00","dateModified":"2025-11-19T20:44:10+00:00","description":"Der Halcyon 21,5\" High Performance GPU Panel PC der 14. Generation unterst\u00fctzt die leistungsst\u00e4rksten Grafik- und KI-Karten f\u00fcr robustes Computing hinter einem gestochen scharfen, klaren Display.","breadcrumb":{"@id":"https:\/\/teguar.com\/eu\/de\/product\/halcyon-tp-7310-22\/#breadcrumb"},"inLanguage":"de","potentialAction":[{"@type":"ReadAction","target":["https:\/\/teguar.com\/eu\/de\/product\/halcyon-tp-7310-22\/"]}]},{"@type":"ImageObject","inLanguage":"de","@id":"https:\/\/teguar.com\/eu\/de\/product\/halcyon-tp-7310-22\/#primaryimage","url":"https:\/\/teguar.com\/eu\/wp-content\/uploads\/sites\/2\/2025\/07\/Panel-PC-Halcyon-TP-7310-22-Front.jpg","contentUrl":"https:\/\/teguar.com\/eu\/wp-content\/uploads\/sites\/2\/2025\/07\/Panel-PC-Halcyon-TP-7310-22-Front.jpg","width":1000,"height":1000,"caption":"21.5\" High Performance GPU Panel PC. Halcyon TP-7310-22"},{"@type":"BreadcrumbList","@id":"https:\/\/teguar.com\/eu\/de\/product\/halcyon-tp-7310-22\/#breadcrumb","itemListElement":[{"@type":"ListItem","position":1,"name":"Home","item":"https:\/\/teguar.com\/eu\/de\/"},{"@type":"ListItem","position":2,"name":"Halcyon TP-7310-22"}]},{"@type":"WebSite","@id":"https:\/\/teguar.com\/eu\/en\/#website","url":"https:\/\/teguar.com\/eu\/en\/","name":"Teguar","description":"Industrial PCs, Medical Computers, and Rugged Tablets","potentialAction":[{"@type":"SearchAction","target":{"@type":"EntryPoint","urlTemplate":"https:\/\/teguar.com\/eu\/en\/?s={search_term_string}"},"query-input":{"@type":"PropertyValueSpecification","valueRequired":true,"valueName":"search_term_string"}}],"inLanguage":"de"}]}},"_links":{"self":[{"href":"https:\/\/teguar.com\/eu\/de\/wp-json\/wp\/v2\/product\/2244788","targetHints":{"allow":["GET"]}}],"collection":[{"href":"https:\/\/teguar.com\/eu\/de\/wp-json\/wp\/v2\/product"}],"about":[{"href":"https:\/\/teguar.com\/eu\/de\/wp-json\/wp\/v2\/types\/product"}],"wp:featuredmedia":[{"embeddable":true,"href":"https:\/\/teguar.com\/eu\/de\/wp-json\/wp\/v2\/media\/2244789"}],"wp:attachment":[{"href":"https:\/\/teguar.com\/eu\/de\/wp-json\/wp\/v2\/media?parent=2244788"}],"wp:term":[{"taxonomy":"product_brand","embeddable":true,"href":"https:\/\/teguar.com\/eu\/de\/wp-json\/wp\/v2\/product_brand?post=2244788"},{"taxonomy":"product_cat","embeddable":true,"href":"https:\/\/teguar.com\/eu\/de\/wp-json\/wp\/v2\/product_cat?post=2244788"},{"taxonomy":"product_tag","embeddable":true,"href":"https:\/\/teguar.com\/eu\/de\/wp-json\/wp\/v2\/product_tag?post=2244788"},{"taxonomy":"product_label","embeddable":true,"href":"https:\/\/teguar.com\/eu\/de\/wp-json\/wp\/v2\/product_label?post=2244788"}],"curies":[{"name":"wp","href":"https:\/\/api.w.org\/{rel}","templated":true}]}}