{"id":2244785,"date":"2025-06-30T14:08:48","date_gmt":"2025-06-30T14:08:48","guid":{"rendered":"https:\/\/teguar.com\/eu\/product\/tme-7115-24\/"},"modified":"2026-01-02T14:16:42","modified_gmt":"2026-01-02T14:16:42","slug":"tme-7115-24","status":"publish","type":"product","link":"https:\/\/teguar.com\/eu\/de\/product\/tme-7115-24\/","title":{"rendered":"TME-7115-24"},"content":{"rendered":"<p>Der TME-7115-24 ist ein leistungsstarker Touchscreen-Computer, der f\u00fcr einfache und hervorragende Leistung auf medizinischen Wagen und in anderen mobilen medizinischen Anwendungen entwickelt wurde. Die im laufenden Betrieb austauschbaren Akkus heben dieses Produkt von anderen medizinischen All-in-One-Ger\u00e4ten ab. Mit 3 Akkusch\u00e4chten, LED-Batterieanzeigeleuchten und einer Ladestation f\u00fcr bis zu 6 zus\u00e4tzliche Akkus kann der TME-7115-24 rund um die Uhr und \u00fcberall einsatzbereit bleiben. Der 24-Zoll-PCAP-Touchscreen reagiert selbst mit f\u00fcnf Schichten Handschuhen oder mit Wasser auf der IP65-zertifizierten Vorderseite, so dass nichts zwischen Ihnen und Ihrer Arbeit steht. Mit seinem konfigurierbaren Gleichstromausgang, den USB 3.2-Steckpl\u00e4tzen und dem USB-C-Anschluss kann der gesamte medizinische Wagen direkt von diesem Computer aus mit Strom versorgt werden &#8211; perfekt f\u00fcr alle Wagenanbauten oder Zusatzger\u00e4te.    <\/p>\n","protected":false},"excerpt":{"rendered":"<p><a href=\"\/medical-cart-computers\/\">Computer f\u00fcr medizinische Wagen<\/a>: Die im laufenden Betrieb austauschbaren Akkus des TME-7115-24 machen ihn mobil &#8211; perfekt f\u00fcr einen ungebundenen medizinischen Wagen. \u00dcber den Gleichstromausgang und die zahlreichen USB-Anschl\u00fcsse k\u00f6nnen Sie zus\u00e4tzliches Zubeh\u00f6r oder Zusatzger\u00e4te direkt vom Computer aus mit Strom versorgen. Dieser Computer macht einen medizinischen Wagen mit Stromanschluss \u00fcberfl\u00fcssig, da die Batterien direkt im Computer untergebracht sind. Die 3 Batterien haben eine Laufzeit von 10-16 Stunden und k\u00f6nnen bei Bedarf einfach ausgetauscht werden.   <\/p>\n<p>Bew\u00e4ltigen Sie komplexe medizinische Software: Dank der hocheffizienten DDR5- und Core i-Prozessoroptionen des TME-7115-24 k\u00f6nnen Sie problemlos auf EMR\/EHR zugreifen und anspruchsvolle Bildgebungssoftware ausf\u00fchren. Dual NVMe bietet RAID-Unterst\u00fctzung f\u00fcr zus\u00e4tzliche Sicherheit. <\/p>\n<p><a href=\"https:\/\/teguar.com\/eu\/point-of-care-computer\/\">Computer f\u00fcr den Pflegebereich<\/a>: Hochgeschwindigkeits-Computer sorgen f\u00fcr Ruhe bei Patienten und Fachleuten gleicherma\u00dfen. Dieser Touchscreen-Computer eignet sich perfekt f\u00fcr den Zugriff auf Patienteninformationen am Point of Care. Das hygienische Design macht in jeder patientenorientierten Umgebung eine gute Figur. <\/p>\n","protected":false},"featured_media":2247120,"template":"","meta":{"_acf_changed":false},"product_brand":[],"product_cat":[2833,2834],"product_tag":[3074],"product_label":[],"class_list":{"0":"post-2244785","1":"product","2":"type-product","3":"status-publish","4":"has-post-thumbnail","6":"product_cat-medizinische-wagencomputer","7":"product_cat-computer-fur-medizinische-zwecke","8":"product_tag-tme-7115-series","9":"pa_windows-windows-10-iot","10":"pa_windows-windows-10-pro","11":"pa_windows-windows-11-iot","12":"pa_windows-windows-11-pro","14":"first","15":"outofstock","16":"taxable","17":"shipping-taxable","18":"purchasable","19":"product-type-simple"},"composite_virtual":false,"composite_layout":"","composite_add_to_cart_form_location":"","composite_editable_in_cart":false,"composite_sold_individually_context":"","composite_shop_price_calc":"","composite_components":[],"composite_scenarios":[],"acf":[],"yoast_head":"<!-- This site is optimized with the Yoast SEO Premium plugin v26.8 (Yoast SEO v27.2) - https:\/\/yoast.com\/product\/yoast-seo-premium-wordpress\/ -->\n<title>24&quot; Medizinischer Touchscreen-Computer | TME-7115-24<\/title>\n<meta name=\"description\" content=\"Der TME-7115-24 von Teguar ist ein batteriebetriebener All-in-One-Computer mit 24-Zoll-Touchscreen, der f\u00fcr medizinische Wagen und andere mobile medizinische Anwendungen entwickelt wurde.\" \/>\n<meta name=\"robots\" content=\"index, follow, max-snippet:-1, max-image-preview:large, max-video-preview:-1\" \/>\n<link rel=\"canonical\" href=\"https:\/\/teguar.com\/eu\/de\/product\/tme-7115-24\/\" \/>\n<meta property=\"og:locale\" content=\"de_DE\" \/>\n<meta property=\"og:type\" content=\"article\" \/>\n<meta property=\"og:title\" content=\"TME-7115-24\" \/>\n<meta property=\"og:description\" content=\"Der TME-7115-24 von Teguar ist ein batteriebetriebener All-in-One-Computer mit 24-Zoll-Touchscreen, der f\u00fcr medizinische Wagen und andere mobile medizinische Anwendungen entwickelt wurde.\" \/>\n<meta property=\"og:url\" content=\"https:\/\/teguar.com\/eu\/de\/product\/tme-7115-24\/\" \/>\n<meta property=\"og:site_name\" content=\"Teguar\" \/>\n<meta property=\"article:modified_time\" content=\"2026-01-02T14:16:42+00:00\" \/>\n<meta property=\"og:image\" content=\"https:\/\/teguar.com\/eu\/wp-content\/uploads\/sites\/2\/2025\/03\/Touch_screen_Medical_Computer_TME-7115-24_Front__69510.1742501258.1280.1280.jpg\" \/>\n\t<meta property=\"og:image:width\" content=\"1000\" \/>\n\t<meta property=\"og:image:height\" content=\"1000\" \/>\n\t<meta property=\"og:image:type\" content=\"image\/jpeg\" \/>\n<meta name=\"twitter:card\" content=\"summary_large_image\" \/>\n<meta name=\"twitter:label1\" content=\"Gesch\u00e4tzte Lesezeit\" \/>\n\t<meta name=\"twitter:data1\" content=\"1\u00a0Minute\" \/>\n<script type=\"application\/ld+json\" class=\"yoast-schema-graph\">{\"@context\":\"https:\/\/schema.org\",\"@graph\":[{\"@type\":\"WebPage\",\"@id\":\"https:\/\/teguar.com\/eu\/de\/product\/tme-7115-24\/\",\"url\":\"https:\/\/teguar.com\/eu\/de\/product\/tme-7115-24\/\",\"name\":\"24\\\" Medizinischer Touchscreen-Computer | TME-7115-24\",\"isPartOf\":{\"@id\":\"https:\/\/teguar.com\/eu\/en\/#website\"},\"primaryImageOfPage\":{\"@id\":\"https:\/\/teguar.com\/eu\/de\/product\/tme-7115-24\/#primaryimage\"},\"image\":{\"@id\":\"https:\/\/teguar.com\/eu\/de\/product\/tme-7115-24\/#primaryimage\"},\"thumbnailUrl\":\"https:\/\/teguar.com\/eu\/wp-content\/uploads\/sites\/2\/2025\/03\/Touch_screen_Medical_Computer_TME-7115-24_Front__69510.1742501258.1280.1280.jpg\",\"datePublished\":\"2025-06-30T14:08:48+00:00\",\"dateModified\":\"2026-01-02T14:16:42+00:00\",\"description\":\"Der TME-7115-24 von Teguar ist ein batteriebetriebener All-in-One-Computer mit 24-Zoll-Touchscreen, der f\u00fcr medizinische Wagen und andere mobile medizinische Anwendungen entwickelt wurde.\",\"breadcrumb\":{\"@id\":\"https:\/\/teguar.com\/eu\/de\/product\/tme-7115-24\/#breadcrumb\"},\"inLanguage\":\"de\",\"potentialAction\":[{\"@type\":\"ReadAction\",\"target\":[\"https:\/\/teguar.com\/eu\/de\/product\/tme-7115-24\/\"]}]},{\"@type\":\"ImageObject\",\"inLanguage\":\"de\",\"@id\":\"https:\/\/teguar.com\/eu\/de\/product\/tme-7115-24\/#primaryimage\",\"url\":\"https:\/\/teguar.com\/eu\/wp-content\/uploads\/sites\/2\/2025\/03\/Touch_screen_Medical_Computer_TME-7115-24_Front__69510.1742501258.1280.1280.jpg\",\"contentUrl\":\"https:\/\/teguar.com\/eu\/wp-content\/uploads\/sites\/2\/2025\/03\/Touch_screen_Medical_Computer_TME-7115-24_Front__69510.1742501258.1280.1280.jpg\",\"width\":1000,\"height\":1000,\"caption\":\"24 inch touch screen computer TME-7115-24 Front\"},{\"@type\":\"BreadcrumbList\",\"@id\":\"https:\/\/teguar.com\/eu\/de\/product\/tme-7115-24\/#breadcrumb\",\"itemListElement\":[{\"@type\":\"ListItem\",\"position\":1,\"name\":\"Home\",\"item\":\"https:\/\/teguar.com\/eu\/de\/\"},{\"@type\":\"ListItem\",\"position\":2,\"name\":\"TME-7115-24\"}]},{\"@type\":\"WebSite\",\"@id\":\"https:\/\/teguar.com\/eu\/en\/#website\",\"url\":\"https:\/\/teguar.com\/eu\/en\/\",\"name\":\"Teguar\",\"description\":\"Industrial PCs, Medical Computers, and Rugged Tablets\",\"potentialAction\":[{\"@type\":\"SearchAction\",\"target\":{\"@type\":\"EntryPoint\",\"urlTemplate\":\"https:\/\/teguar.com\/eu\/en\/?s={search_term_string}\"},\"query-input\":{\"@type\":\"PropertyValueSpecification\",\"valueRequired\":true,\"valueName\":\"search_term_string\"}}],\"inLanguage\":\"de\"}]}<\/script>\n<!-- \/ Yoast SEO Premium plugin. -->","yoast_head_json":{"title":"24\" Medizinischer Touchscreen-Computer | TME-7115-24","description":"Der TME-7115-24 von Teguar ist ein batteriebetriebener All-in-One-Computer mit 24-Zoll-Touchscreen, der f\u00fcr medizinische Wagen und andere mobile medizinische Anwendungen entwickelt wurde.","robots":{"index":"index","follow":"follow","max-snippet":"max-snippet:-1","max-image-preview":"max-image-preview:large","max-video-preview":"max-video-preview:-1"},"canonical":"https:\/\/teguar.com\/eu\/de\/product\/tme-7115-24\/","og_locale":"de_DE","og_type":"article","og_title":"TME-7115-24","og_description":"Der TME-7115-24 von Teguar ist ein batteriebetriebener All-in-One-Computer mit 24-Zoll-Touchscreen, der f\u00fcr medizinische Wagen und andere mobile medizinische Anwendungen entwickelt wurde.","og_url":"https:\/\/teguar.com\/eu\/de\/product\/tme-7115-24\/","og_site_name":"Teguar","article_modified_time":"2026-01-02T14:16:42+00:00","og_image":[{"width":1000,"height":1000,"url":"https:\/\/teguar.com\/eu\/wp-content\/uploads\/sites\/2\/2025\/03\/Touch_screen_Medical_Computer_TME-7115-24_Front__69510.1742501258.1280.1280.jpg","type":"image\/jpeg"}],"twitter_card":"summary_large_image","twitter_misc":{"Gesch\u00e4tzte Lesezeit":"1\u00a0Minute"},"schema":{"@context":"https:\/\/schema.org","@graph":[{"@type":"WebPage","@id":"https:\/\/teguar.com\/eu\/de\/product\/tme-7115-24\/","url":"https:\/\/teguar.com\/eu\/de\/product\/tme-7115-24\/","name":"24\" Medizinischer Touchscreen-Computer | TME-7115-24","isPartOf":{"@id":"https:\/\/teguar.com\/eu\/en\/#website"},"primaryImageOfPage":{"@id":"https:\/\/teguar.com\/eu\/de\/product\/tme-7115-24\/#primaryimage"},"image":{"@id":"https:\/\/teguar.com\/eu\/de\/product\/tme-7115-24\/#primaryimage"},"thumbnailUrl":"https:\/\/teguar.com\/eu\/wp-content\/uploads\/sites\/2\/2025\/03\/Touch_screen_Medical_Computer_TME-7115-24_Front__69510.1742501258.1280.1280.jpg","datePublished":"2025-06-30T14:08:48+00:00","dateModified":"2026-01-02T14:16:42+00:00","description":"Der TME-7115-24 von Teguar ist ein batteriebetriebener All-in-One-Computer mit 24-Zoll-Touchscreen, der f\u00fcr medizinische Wagen und andere mobile medizinische Anwendungen entwickelt wurde.","breadcrumb":{"@id":"https:\/\/teguar.com\/eu\/de\/product\/tme-7115-24\/#breadcrumb"},"inLanguage":"de","potentialAction":[{"@type":"ReadAction","target":["https:\/\/teguar.com\/eu\/de\/product\/tme-7115-24\/"]}]},{"@type":"ImageObject","inLanguage":"de","@id":"https:\/\/teguar.com\/eu\/de\/product\/tme-7115-24\/#primaryimage","url":"https:\/\/teguar.com\/eu\/wp-content\/uploads\/sites\/2\/2025\/03\/Touch_screen_Medical_Computer_TME-7115-24_Front__69510.1742501258.1280.1280.jpg","contentUrl":"https:\/\/teguar.com\/eu\/wp-content\/uploads\/sites\/2\/2025\/03\/Touch_screen_Medical_Computer_TME-7115-24_Front__69510.1742501258.1280.1280.jpg","width":1000,"height":1000,"caption":"24 inch touch screen computer TME-7115-24 Front"},{"@type":"BreadcrumbList","@id":"https:\/\/teguar.com\/eu\/de\/product\/tme-7115-24\/#breadcrumb","itemListElement":[{"@type":"ListItem","position":1,"name":"Home","item":"https:\/\/teguar.com\/eu\/de\/"},{"@type":"ListItem","position":2,"name":"TME-7115-24"}]},{"@type":"WebSite","@id":"https:\/\/teguar.com\/eu\/en\/#website","url":"https:\/\/teguar.com\/eu\/en\/","name":"Teguar","description":"Industrial PCs, Medical Computers, and Rugged Tablets","potentialAction":[{"@type":"SearchAction","target":{"@type":"EntryPoint","urlTemplate":"https:\/\/teguar.com\/eu\/en\/?s={search_term_string}"},"query-input":{"@type":"PropertyValueSpecification","valueRequired":true,"valueName":"search_term_string"}}],"inLanguage":"de"}]}},"_links":{"self":[{"href":"https:\/\/teguar.com\/eu\/de\/wp-json\/wp\/v2\/product\/2244785","targetHints":{"allow":["GET"]}}],"collection":[{"href":"https:\/\/teguar.com\/eu\/de\/wp-json\/wp\/v2\/product"}],"about":[{"href":"https:\/\/teguar.com\/eu\/de\/wp-json\/wp\/v2\/types\/product"}],"wp:featuredmedia":[{"embeddable":true,"href":"https:\/\/teguar.com\/eu\/de\/wp-json\/wp\/v2\/media\/2247120"}],"wp:attachment":[{"href":"https:\/\/teguar.com\/eu\/de\/wp-json\/wp\/v2\/media?parent=2244785"}],"wp:term":[{"taxonomy":"product_brand","embeddable":true,"href":"https:\/\/teguar.com\/eu\/de\/wp-json\/wp\/v2\/product_brand?post=2244785"},{"taxonomy":"product_cat","embeddable":true,"href":"https:\/\/teguar.com\/eu\/de\/wp-json\/wp\/v2\/product_cat?post=2244785"},{"taxonomy":"product_tag","embeddable":true,"href":"https:\/\/teguar.com\/eu\/de\/wp-json\/wp\/v2\/product_tag?post=2244785"},{"taxonomy":"product_label","embeddable":true,"href":"https:\/\/teguar.com\/eu\/de\/wp-json\/wp\/v2\/product_label?post=2244785"}],"curies":[{"name":"wp","href":"https:\/\/api.w.org\/{rel}","templated":true}]}}