{"id":2244774,"date":"2025-10-03T08:52:59","date_gmt":"2025-10-03T08:52:59","guid":{"rendered":"https:\/\/teguar.com\/eu\/product\/tm-5900-24\/"},"modified":"2026-01-29T13:51:25","modified_gmt":"2026-01-29T13:51:25","slug":"tm-5900-24","status":"publish","type":"product","link":"https:\/\/teguar.com\/eu\/de\/product\/tm-5900-24\/","title":{"rendered":"TM-5900-24"},"content":{"rendered":"<p>Der TM-5900-24 ist ein absolutes Kraftpaket von einem medizinischen All-in-One-PC. Dieser medizinische Computer ist standardm\u00e4\u00dfig mit einem leistungsstarken Intel Tiger Lake-Prozessor der 11. Generation, einem 24-Zoll-Full-HD-Display und einem PCAP-Touchscreen ausgestattet und wiegt als schlanker und eleganter All-in-One-Computer keine 8 Kilogramm. Das geringe Gewicht und das schlanke Profil des TM-5900-24 sowie ein optionales Akkupaket machen ihn auch zur perfekten Wahl f\u00fcr den Einsatz auf mobilen medizinischen Wagen. Dieser medizinische All-in-One-Computer verf\u00fcgt au\u00dferdem \u00fcber zwei Mikrofone, eine 5-MP-Weitwinkelkamera und optionale Lautsprecher. Dadurch eignet er sich auch hervorragend als telemedizinische Station oder als mobiles Kommunikationszentrum f\u00fcr Krankenhauspatienten. Wenn Sie all dies mit dem Langzeitsupport von sieben Jahren und einem garantierten Lebenszyklus-Support bis 2030 kombinieren, erhalten Sie den beeindruckendsten medizinischen All-in-One-PC, der derzeit auf dem Markt verf\u00fcgbar ist.<\/p>\n<p><a href=\"https:\/\/www.ruggedpcreview.com\/3_panels_teguar_tm5900_24.html\" target=\"_blank\" rel=\"noopener\">Lesen Sie eine Bewertung des TM-5900-24 durch einen Dritten von ruggedpcreview.com &gt;<\/a><\/p>\n","protected":false},"excerpt":{"rendered":"<p><a href=\"https:\/\/teguar.com\/eu\/telemedicine-computer\/\">Telemedizinische Konsultationen:<\/a> Der Medical All in One PC von Teguar wurde speziell f\u00fcr telemedizinische Anwendungen entwickelt und erm\u00f6glicht es Gesundheitsdienstleistern, mit Hilfe der integrierten Mikrofone und Lautsprecher, der Webcam und der optionalen Zusatzlautsprecher Fernkonsultationen mit Patienten durchzuf\u00fchren.<\/p>\n","protected":false},"featured_media":2244782,"template":"","meta":{"_acf_changed":false},"product_brand":[],"product_cat":[2834],"product_tag":[3038,3037,2635,3036],"product_label":[],"class_list":{"0":"post-2244774","1":"product","2":"type-product","3":"status-publish","4":"has-post-thumbnail","6":"product_cat-computer-fur-medizinische-zwecke","7":"product_tag-computer-im-gesundheitswesen","8":"product_tag-epic-konforme-medizinische-computer","9":"product_tag-online-kaufen","10":"product_tag-quick-ship-medizinische-computer","11":"pa_windows-windows-10-iot","12":"pa_windows-windows-10-pro","13":"pa_windows-windows-11-iot","14":"pa_windows-windows-11-pro","16":"first","17":"instock","18":"taxable","19":"shipping-taxable","20":"purchasable","21":"product-type-composite"},"composite_virtual":false,"composite_layout":"single","composite_add_to_cart_form_location":"default","composite_editable_in_cart":false,"composite_sold_individually_context":"product","composite_shop_price_calc":"min_max","composite_components":[{"id":"1757941394","title":"WIDDER","description":"","query_type":"product_ids","query_ids":[2240774,2240775,2240776,2240778],"default_option_id":"","thumbnail_id":"","thumbnail_src":"","quantity_min":1,"quantity_max":1,"priced_individually":true,"shipped_individually":false,"optional":false,"discount":"","options_style":"dropdowns","pagination_style":"classic","display_prices":"relative","show_sorting_options":false,"show_filtering_options":false,"attribute_filter_ids":[],"select_action":"view","product_title_visible":true,"product_descr_visible":false,"product_price_visible":false,"product_thumb_visible":false,"subtotal_visible_product":false,"subtotal_visible_cart":false,"subtotal_visible_orders":false},{"id":"1757941395","title":"Lagerung","description":"","query_type":"product_ids","query_ids":[2240794,2240795,2240796,2240797],"default_option_id":"","thumbnail_id":"","thumbnail_src":"","quantity_min":1,"quantity_max":1,"priced_individually":true,"shipped_individually":false,"optional":false,"discount":"","options_style":"dropdowns","pagination_style":"classic","display_prices":"relative","show_sorting_options":false,"show_filtering_options":false,"attribute_filter_ids":[],"select_action":"view","product_title_visible":true,"product_descr_visible":false,"product_price_visible":false,"product_thumb_visible":false,"subtotal_visible_product":false,"subtotal_visible_cart":false,"subtotal_visible_orders":false},{"id":"1757941396","title":"Stromversorgung","description":"","query_type":"product_ids","query_ids":[2242838,2240767],"default_option_id":"","thumbnail_id":"","thumbnail_src":"","quantity_min":1,"quantity_max":1,"priced_individually":true,"shipped_individually":false,"optional":false,"discount":"","options_style":"dropdowns","pagination_style":"classic","display_prices":"relative","show_sorting_options":false,"show_filtering_options":false,"attribute_filter_ids":[],"select_action":"view","product_title_visible":true,"product_descr_visible":false,"product_price_visible":false,"product_thumb_visible":false,"subtotal_visible_product":false,"subtotal_visible_cart":false,"subtotal_visible_orders":false},{"id":"1757941397","title":"Betriebssystem","description":"","query_type":"product_ids","query_ids":[2240737,2240736,2240735,2240733,2242844],"default_option_id":"","thumbnail_id":"","thumbnail_src":"","quantity_min":1,"quantity_max":1,"priced_individually":true,"shipped_individually":false,"optional":false,"discount":"","options_style":"dropdowns","pagination_style":"classic","display_prices":"relative","show_sorting_options":false,"show_filtering_options":false,"attribute_filter_ids":[],"select_action":"view","product_title_visible":true,"product_descr_visible":false,"product_price_visible":false,"product_thumb_visible":false,"subtotal_visible_product":false,"subtotal_visible_cart":false,"subtotal_visible_orders":false},{"id":"1757941398","title":"RFID-Leseger\u00e4t Zubeh\u00f6r","description":"","query_type":"product_ids","query_ids":[2242845,2242839],"default_option_id":"","thumbnail_id":"","thumbnail_src":"","quantity_min":1,"quantity_max":1,"priced_individually":true,"shipped_individually":false,"optional":false,"discount":"","options_style":"dropdowns","pagination_style":"classic","display_prices":"relative","show_sorting_options":false,"show_filtering_options":false,"attribute_filter_ids":[],"select_action":"view","product_title_visible":true,"product_descr_visible":false,"product_price_visible":false,"product_thumb_visible":false,"subtotal_visible_product":false,"subtotal_visible_cart":false,"subtotal_visible_orders":false},{"id":"1757941399","title":"Zubeh\u00f6r f\u00fcr externe Lautsprecherboxen","description":"","query_type":"product_ids","query_ids":[2242845,2242840],"default_option_id":"","thumbnail_id":"","thumbnail_src":"","quantity_min":1,"quantity_max":1,"priced_individually":true,"shipped_individually":false,"optional":false,"discount":"","options_style":"dropdowns","pagination_style":"classic","display_prices":"relative","show_sorting_options":false,"show_filtering_options":false,"attribute_filter_ids":[],"select_action":"view","product_title_visible":true,"product_descr_visible":false,"product_price_visible":false,"product_thumb_visible":false,"subtotal_visible_product":false,"subtotal_visible_cart":false,"subtotal_visible_orders":false},{"id":"1757941400","title":"Batterie Zubeh\u00f6r","description":"","query_type":"product_ids","query_ids":[2242845,2242841],"default_option_id":"","thumbnail_id":"","thumbnail_src":"","quantity_min":1,"quantity_max":1,"priced_individually":true,"shipped_individually":false,"optional":false,"discount":"","options_style":"dropdowns","pagination_style":"classic","display_prices":"relative","show_sorting_options":false,"show_filtering_options":false,"attribute_filter_ids":[],"select_action":"view","product_title_visible":true,"product_descr_visible":false,"product_price_visible":false,"product_thumb_visible":false,"subtotal_visible_product":false,"subtotal_visible_cart":false,"subtotal_visible_orders":false}],"composite_scenarios":[],"acf":[],"yoast_head":"<!-- This site is optimized with the Yoast SEO Premium plugin v26.8 (Yoast SEO v27.2) - https:\/\/yoast.com\/product\/yoast-seo-premium-wordpress\/ -->\n<title>24&quot; Medizinischer All-in-One PC | TM-5900-24<\/title>\n<meta name=\"description\" content=\"Der medizinische 24-Zoll-All-in-One-PC TM-5900-24 von TEGUAR ist schlank, leicht, leistungsstark und medizinisch zertifiziert - perfekt f\u00fcr Telemedizin und mehr.\" \/>\n<meta name=\"robots\" content=\"index, follow, max-snippet:-1, max-image-preview:large, max-video-preview:-1\" \/>\n<link rel=\"canonical\" href=\"https:\/\/teguar.com\/eu\/de\/product\/tm-5900-24\/\" \/>\n<meta property=\"og:locale\" content=\"de_DE\" \/>\n<meta property=\"og:type\" content=\"article\" \/>\n<meta property=\"og:title\" content=\"TM-5900-24\" \/>\n<meta property=\"og:description\" content=\"Der medizinische 24-Zoll-All-in-One-PC TM-5900-24 von TEGUAR ist schlank, leicht, leistungsstark und medizinisch zertifiziert - perfekt f\u00fcr Telemedizin und mehr.\" \/>\n<meta property=\"og:url\" content=\"https:\/\/teguar.com\/eu\/de\/product\/tm-5900-24\/\" \/>\n<meta property=\"og:site_name\" content=\"Teguar\" \/>\n<meta property=\"article:modified_time\" content=\"2026-01-29T13:51:25+00:00\" \/>\n<meta property=\"og:image\" content=\"https:\/\/teguar.com\/eu\/wp-content\/uploads\/sites\/2\/2021\/09\/Medical_All_in_One_PC_TM-5900-24_Front_Angled__32953.1736460724.1280.1280.jpg\" \/>\n\t<meta property=\"og:image:width\" content=\"1000\" \/>\n\t<meta property=\"og:image:height\" content=\"1000\" \/>\n\t<meta property=\"og:image:type\" content=\"image\/jpeg\" \/>\n<meta name=\"twitter:card\" content=\"summary_large_image\" \/>\n<meta name=\"twitter:label1\" content=\"Gesch\u00e4tzte Lesezeit\" \/>\n\t<meta name=\"twitter:data1\" content=\"1\u00a0Minute\" \/>\n<script type=\"application\/ld+json\" class=\"yoast-schema-graph\">{\"@context\":\"https:\/\/schema.org\",\"@graph\":[{\"@type\":\"WebPage\",\"@id\":\"https:\/\/teguar.com\/eu\/de\/product\/tm-5900-24\/\",\"url\":\"https:\/\/teguar.com\/eu\/de\/product\/tm-5900-24\/\",\"name\":\"24\\\" Medizinischer All-in-One PC | TM-5900-24\",\"isPartOf\":{\"@id\":\"https:\/\/teguar.com\/eu\/en\/#website\"},\"primaryImageOfPage\":{\"@id\":\"https:\/\/teguar.com\/eu\/de\/product\/tm-5900-24\/#primaryimage\"},\"image\":{\"@id\":\"https:\/\/teguar.com\/eu\/de\/product\/tm-5900-24\/#primaryimage\"},\"thumbnailUrl\":\"https:\/\/teguar.com\/eu\/wp-content\/uploads\/sites\/2\/2021\/09\/Medical_All_in_One_PC_TM-5900-24_Front_Angled__32953.1736460724.1280.1280.jpg\",\"datePublished\":\"2025-10-03T08:52:59+00:00\",\"dateModified\":\"2026-01-29T13:51:25+00:00\",\"description\":\"Der medizinische 24-Zoll-All-in-One-PC TM-5900-24 von TEGUAR ist schlank, leicht, leistungsstark und medizinisch zertifiziert - perfekt f\u00fcr Telemedizin und mehr.\",\"breadcrumb\":{\"@id\":\"https:\/\/teguar.com\/eu\/de\/product\/tm-5900-24\/#breadcrumb\"},\"inLanguage\":\"de\",\"potentialAction\":[{\"@type\":\"ReadAction\",\"target\":[\"https:\/\/teguar.com\/eu\/de\/product\/tm-5900-24\/\"]}]},{\"@type\":\"ImageObject\",\"inLanguage\":\"de\",\"@id\":\"https:\/\/teguar.com\/eu\/de\/product\/tm-5900-24\/#primaryimage\",\"url\":\"https:\/\/teguar.com\/eu\/wp-content\/uploads\/sites\/2\/2021\/09\/Medical_All_in_One_PC_TM-5900-24_Front_Angled__32953.1736460724.1280.1280.jpg\",\"contentUrl\":\"https:\/\/teguar.com\/eu\/wp-content\/uploads\/sites\/2\/2021\/09\/Medical_All_in_One_PC_TM-5900-24_Front_Angled__32953.1736460724.1280.1280.jpg\",\"width\":1000,\"height\":1000,\"caption\":\"Medical all in one PC TM-5900-24 front angle\"},{\"@type\":\"BreadcrumbList\",\"@id\":\"https:\/\/teguar.com\/eu\/de\/product\/tm-5900-24\/#breadcrumb\",\"itemListElement\":[{\"@type\":\"ListItem\",\"position\":1,\"name\":\"Home\",\"item\":\"https:\/\/teguar.com\/eu\/de\/\"},{\"@type\":\"ListItem\",\"position\":2,\"name\":\"TM-5900-24\"}]},{\"@type\":\"WebSite\",\"@id\":\"https:\/\/teguar.com\/eu\/en\/#website\",\"url\":\"https:\/\/teguar.com\/eu\/en\/\",\"name\":\"Teguar\",\"description\":\"Industrial PCs, Medical Computers, and Rugged Tablets\",\"potentialAction\":[{\"@type\":\"SearchAction\",\"target\":{\"@type\":\"EntryPoint\",\"urlTemplate\":\"https:\/\/teguar.com\/eu\/en\/?s={search_term_string}\"},\"query-input\":{\"@type\":\"PropertyValueSpecification\",\"valueRequired\":true,\"valueName\":\"search_term_string\"}}],\"inLanguage\":\"de\"}]}<\/script>\n<!-- \/ Yoast SEO Premium plugin. -->","yoast_head_json":{"title":"24\" Medizinischer All-in-One PC | TM-5900-24","description":"Der medizinische 24-Zoll-All-in-One-PC TM-5900-24 von TEGUAR ist schlank, leicht, leistungsstark und medizinisch zertifiziert - perfekt f\u00fcr Telemedizin und mehr.","robots":{"index":"index","follow":"follow","max-snippet":"max-snippet:-1","max-image-preview":"max-image-preview:large","max-video-preview":"max-video-preview:-1"},"canonical":"https:\/\/teguar.com\/eu\/de\/product\/tm-5900-24\/","og_locale":"de_DE","og_type":"article","og_title":"TM-5900-24","og_description":"Der medizinische 24-Zoll-All-in-One-PC TM-5900-24 von TEGUAR ist schlank, leicht, leistungsstark und medizinisch zertifiziert - perfekt f\u00fcr Telemedizin und mehr.","og_url":"https:\/\/teguar.com\/eu\/de\/product\/tm-5900-24\/","og_site_name":"Teguar","article_modified_time":"2026-01-29T13:51:25+00:00","og_image":[{"width":1000,"height":1000,"url":"https:\/\/teguar.com\/eu\/wp-content\/uploads\/sites\/2\/2021\/09\/Medical_All_in_One_PC_TM-5900-24_Front_Angled__32953.1736460724.1280.1280.jpg","type":"image\/jpeg"}],"twitter_card":"summary_large_image","twitter_misc":{"Gesch\u00e4tzte Lesezeit":"1\u00a0Minute"},"schema":{"@context":"https:\/\/schema.org","@graph":[{"@type":"WebPage","@id":"https:\/\/teguar.com\/eu\/de\/product\/tm-5900-24\/","url":"https:\/\/teguar.com\/eu\/de\/product\/tm-5900-24\/","name":"24\" Medizinischer All-in-One PC | TM-5900-24","isPartOf":{"@id":"https:\/\/teguar.com\/eu\/en\/#website"},"primaryImageOfPage":{"@id":"https:\/\/teguar.com\/eu\/de\/product\/tm-5900-24\/#primaryimage"},"image":{"@id":"https:\/\/teguar.com\/eu\/de\/product\/tm-5900-24\/#primaryimage"},"thumbnailUrl":"https:\/\/teguar.com\/eu\/wp-content\/uploads\/sites\/2\/2021\/09\/Medical_All_in_One_PC_TM-5900-24_Front_Angled__32953.1736460724.1280.1280.jpg","datePublished":"2025-10-03T08:52:59+00:00","dateModified":"2026-01-29T13:51:25+00:00","description":"Der medizinische 24-Zoll-All-in-One-PC TM-5900-24 von TEGUAR ist schlank, leicht, leistungsstark und medizinisch zertifiziert - perfekt f\u00fcr Telemedizin und mehr.","breadcrumb":{"@id":"https:\/\/teguar.com\/eu\/de\/product\/tm-5900-24\/#breadcrumb"},"inLanguage":"de","potentialAction":[{"@type":"ReadAction","target":["https:\/\/teguar.com\/eu\/de\/product\/tm-5900-24\/"]}]},{"@type":"ImageObject","inLanguage":"de","@id":"https:\/\/teguar.com\/eu\/de\/product\/tm-5900-24\/#primaryimage","url":"https:\/\/teguar.com\/eu\/wp-content\/uploads\/sites\/2\/2021\/09\/Medical_All_in_One_PC_TM-5900-24_Front_Angled__32953.1736460724.1280.1280.jpg","contentUrl":"https:\/\/teguar.com\/eu\/wp-content\/uploads\/sites\/2\/2021\/09\/Medical_All_in_One_PC_TM-5900-24_Front_Angled__32953.1736460724.1280.1280.jpg","width":1000,"height":1000,"caption":"Medical all in one PC TM-5900-24 front angle"},{"@type":"BreadcrumbList","@id":"https:\/\/teguar.com\/eu\/de\/product\/tm-5900-24\/#breadcrumb","itemListElement":[{"@type":"ListItem","position":1,"name":"Home","item":"https:\/\/teguar.com\/eu\/de\/"},{"@type":"ListItem","position":2,"name":"TM-5900-24"}]},{"@type":"WebSite","@id":"https:\/\/teguar.com\/eu\/en\/#website","url":"https:\/\/teguar.com\/eu\/en\/","name":"Teguar","description":"Industrial PCs, Medical Computers, and Rugged Tablets","potentialAction":[{"@type":"SearchAction","target":{"@type":"EntryPoint","urlTemplate":"https:\/\/teguar.com\/eu\/en\/?s={search_term_string}"},"query-input":{"@type":"PropertyValueSpecification","valueRequired":true,"valueName":"search_term_string"}}],"inLanguage":"de"}]}},"_links":{"self":[{"href":"https:\/\/teguar.com\/eu\/de\/wp-json\/wp\/v2\/product\/2244774","targetHints":{"allow":["GET"]}}],"collection":[{"href":"https:\/\/teguar.com\/eu\/de\/wp-json\/wp\/v2\/product"}],"about":[{"href":"https:\/\/teguar.com\/eu\/de\/wp-json\/wp\/v2\/types\/product"}],"wp:featuredmedia":[{"embeddable":true,"href":"https:\/\/teguar.com\/eu\/de\/wp-json\/wp\/v2\/media\/2244782"}],"wp:attachment":[{"href":"https:\/\/teguar.com\/eu\/de\/wp-json\/wp\/v2\/media?parent=2244774"}],"wp:term":[{"taxonomy":"product_brand","embeddable":true,"href":"https:\/\/teguar.com\/eu\/de\/wp-json\/wp\/v2\/product_brand?post=2244774"},{"taxonomy":"product_cat","embeddable":true,"href":"https:\/\/teguar.com\/eu\/de\/wp-json\/wp\/v2\/product_cat?post=2244774"},{"taxonomy":"product_tag","embeddable":true,"href":"https:\/\/teguar.com\/eu\/de\/wp-json\/wp\/v2\/product_tag?post=2244774"},{"taxonomy":"product_label","embeddable":true,"href":"https:\/\/teguar.com\/eu\/de\/wp-json\/wp\/v2\/product_label?post=2244774"}],"curies":[{"name":"wp","href":"https:\/\/api.w.org\/{rel}","templated":true}]}}