{"id":2243174,"date":"2025-06-27T14:09:50","date_gmt":"2025-06-27T14:09:50","guid":{"rendered":"https:\/\/teguar.com\/eu\/product\/tb-7145-mvs\/"},"modified":"2026-04-21T17:51:12","modified_gmt":"2026-04-21T17:51:12","slug":"tb-7145-mvs","status":"publish","type":"product","link":"https:\/\/teguar.com\/eu\/de\/product\/tb-7145-mvs\/","title":{"rendered":"TB-7145-MVS"},"content":{"rendered":"<p>Hosten Sie Ihr n\u00e4chstes Computing-Projekt auf dem robusten KI-Plattform-PC: mit einem Prozessor, der schwierige Aufgaben bew\u00e4ltigt, in einer Box, die f\u00fcr raue Umgebungen geeignet ist.<\/p>\n<p>Die drei verschiedenen Formen dieses PCs bieten eine unterschiedliche Anzahl von PCIe-Steckpl\u00e4tzen, um Ihren Anforderungen gerecht zu werden. Nutzen Sie die PCIex4-Steckpl\u00e4tze f\u00fcr Ethernet-Netzwerkadapter, 4K-Video-Capture-Karten f\u00fcr die medizinische \u00dcberwachung oder das Daten-Streaming sowie RAID-Controller. Sparen Sie sich den PCIex16-Steckplatz f\u00fcr die gro\u00dfen Aufgaben auf \u2013 eine leistungsstarke Nvidia-Grafikkarte passt genau in die zus\u00e4tzliche H\u00f6he der 4X-Erweiterung.<\/p>\n<p>Mit diesen Erweiterungsm\u00f6glichkeiten, I\/O-Erg\u00e4nzungen, der Rechenleistung zur Unterst\u00fctzung der komplexesten Maschineninferenzen und einer l\u00fcfterlosen, langlebigen Bauweise ist der robuste KI-Plattform-PC so konzipiert, dass er die Stellung h\u00e4lt, wo andere PCs nicht mithalten k\u00f6nnen.<\/p>\n","protected":false},"excerpt":{"rendered":"<table>\n<tbody>\n<tr>\n<td colspan=\"3\"><strong>2-fache Erweiterung<\/strong><\/td>\n<\/tr>\n<tr style=\"text-align: left\">\n<th>Slot<\/th>\n<th><\/th>\n<th>Slot-Typ<\/th>\n<\/tr>\n<tr>\n<td>1<\/td>\n<td>164 Pins<\/td>\n<td>PCIex16-Slot<\/td>\n<\/tr>\n<tr>\n<td>2<\/td>\n<td>64 Pins<\/td>\n<td>PCIex4-Slot<\/td>\n<\/tr>\n<tr>\n<td colspan=\"3\"><strong>4-fache Erweiterung<\/strong><\/td>\n<\/tr>\n<tr style=\"text-align: left\">\n<th>Slot<\/th>\n<th><\/th>\n<th>Slot-Typ<\/th>\n<\/tr>\n<tr>\n<td>1<\/td>\n<td>164 Pins<\/td>\n<td>PCIex16-Slot<\/td>\n<\/tr>\n<tr>\n<td>2<\/td>\n<td>&#8211;<\/td>\n<td>&#8211;<\/td>\n<\/tr>\n<tr>\n<td>3<\/td>\n<td>64 Pins<\/td>\n<td>PCIex4-Slot<\/td>\n<\/tr>\n<tr>\n<td>4<\/td>\n<td>64 Pins<\/td>\n<td>PCIex4-Slot<\/td>\n<\/tr>\n<\/tbody>\n<\/table>\n<p><a href=\"https:\/\/teguar.com\/eu\/machine-vision-computer\/\"><span data-contrast=\"none\">Industrielle Bildverarbeitung<\/span><\/a><span data-contrast=\"auto\">: Der schnelle und leistungsstarke Prozessor des robusten KI-Plattform-PCs kann visuelle Daten f\u00fcr Sicherheits\u00fcberpr\u00fcfungen und andere Bildverarbeitungsanwendungen effizient verarbeiten und analysieren.<\/span><\/p>\n<p><a href=\"https:\/\/teguar.com\/eu\/de\/edge-computer\/\"><span data-contrast=\"none\">Edge-Computing<\/span><\/a><span data-contrast=\"auto\">: Mit der PCIe-Erweiterung zur Unterst\u00fctzung von Netzwerkadaptern und zus\u00e4tzlichem RAM kann der TB-7145-MVS als kompakter und dennoch effektiver Edge-Computer f\u00fcr die Verarbeitung lokaler Daten in einer Fabrik oder einer anderen industriellen Umgebung dienen.<\/span><\/p>\n<p><a href=\"https:\/\/teguar.com\/eu\/ai-computers\/\"><span data-contrast=\"none\">KI-Implementierung<\/span><\/a><span data-contrast=\"auto\">: Nutzen Sie die vPro-Funktion zur Remote-Ger\u00e4teverwaltung oder Windows 11 f\u00fcr eine unendliche Anzahl von Anwendungen mit k\u00fcnstlicher Intelligenz, z. B. das Ausf\u00fchren benutzerdefinierter Vorhersagealgorithmen oder die automatisierte Ger\u00e4testeuerung.<\/span><\/p>\n","protected":false},"featured_media":2247867,"template":"","meta":{"_acf_changed":false},"product_brand":[],"product_cat":[2823,2812,2813,2824,2843],"product_tag":[],"product_label":[],"class_list":{"0":"post-2243174","1":"product","2":"type-product","3":"status-publish","4":"has-post-thumbnail","6":"product_cat-edge-computer","7":"product_cat-embedded-pcs","8":"product_cat-ki-computer","9":"product_cat-lufterlose-pcs","10":"product_cat-rugged-computer","11":"pa_windows-windows-10-iot","12":"pa_windows-windows-10-pro","13":"pa_windows-windows-11-iot","14":"pa_windows-windows-11-pro","16":"first","17":"instock","18":"taxable","19":"shipping-taxable","20":"purchasable","21":"product-type-composite"},"composite_virtual":false,"composite_layout":"single","composite_add_to_cart_form_location":"default","composite_editable_in_cart":false,"composite_sold_individually_context":"product","composite_shop_price_calc":"min_max","composite_components":[{"id":"1750968278","title":"Prozessor","description":"","query_type":"product_ids","query_ids":[2240842,2240696,2240697,2240698,2240699,2240700,2240701,2240702,2240703],"default_option_id":"","thumbnail_id":"","thumbnail_src":"","quantity_min":1,"quantity_max":1,"priced_individually":true,"shipped_individually":false,"optional":false,"discount":"","options_style":"dropdowns","pagination_style":"classic","display_prices":"relative","show_sorting_options":false,"show_filtering_options":false,"attribute_filter_ids":[],"select_action":"view","product_title_visible":false,"product_descr_visible":false,"product_price_visible":false,"product_thumb_visible":false,"subtotal_visible_product":true,"subtotal_visible_cart":false,"subtotal_visible_orders":false},{"id":"1750968279","title":"WIDDER","description":"","query_type":"product_ids","query_ids":[2248375,2248376,2248377],"default_option_id":"","thumbnail_id":"","thumbnail_src":"","quantity_min":1,"quantity_max":1,"priced_individually":true,"shipped_individually":false,"optional":false,"discount":"","options_style":"dropdowns","pagination_style":"classic","display_prices":"relative","show_sorting_options":false,"show_filtering_options":false,"attribute_filter_ids":[],"select_action":"view","product_title_visible":false,"product_descr_visible":false,"product_price_visible":false,"product_thumb_visible":false,"subtotal_visible_product":true,"subtotal_visible_cart":false,"subtotal_visible_orders":false},{"id":"1750968280","title":"Lagerung","description":"","query_type":"product_ids","query_ids":[2248766,2248765,2248371,2248372,2248373,2248374],"default_option_id":"","thumbnail_id":"","thumbnail_src":"","quantity_min":1,"quantity_max":1,"priced_individually":true,"shipped_individually":false,"optional":false,"discount":"","options_style":"dropdowns","pagination_style":"classic","display_prices":"relative","show_sorting_options":false,"show_filtering_options":false,"attribute_filter_ids":[],"select_action":"view","product_title_visible":false,"product_descr_visible":false,"product_price_visible":false,"product_thumb_visible":false,"subtotal_visible_product":true,"subtotal_visible_cart":false,"subtotal_visible_orders":false},{"id":"1750968281","title":"I\/O-Erweiterung","description":"","query_type":"product_ids","query_ids":[2240726,2240724],"default_option_id":"","thumbnail_id":"","thumbnail_src":"","quantity_min":1,"quantity_max":1,"priced_individually":true,"shipped_individually":false,"optional":false,"discount":"","options_style":"dropdowns","pagination_style":"classic","display_prices":"relative","show_sorting_options":false,"show_filtering_options":false,"attribute_filter_ids":[],"select_action":"view","product_title_visible":false,"product_descr_visible":false,"product_price_visible":false,"product_thumb_visible":false,"subtotal_visible_product":true,"subtotal_visible_cart":false,"subtotal_visible_orders":false},{"id":"1750968282","title":"Zus\u00e4tzlicher Stauraum","description":"","query_type":"product_ids","query_ids":[2240811,2240794,2240795,2240796,2240797],"default_option_id":"","thumbnail_id":"","thumbnail_src":"","quantity_min":1,"quantity_max":1,"priced_individually":true,"shipped_individually":false,"optional":false,"discount":"","options_style":"dropdowns","pagination_style":"classic","display_prices":"relative","show_sorting_options":false,"show_filtering_options":false,"attribute_filter_ids":[],"select_action":"view","product_title_visible":false,"product_descr_visible":false,"product_price_visible":false,"product_thumb_visible":false,"subtotal_visible_product":true,"subtotal_visible_cart":false,"subtotal_visible_orders":false},{"id":"1750968283","title":"Zus\u00e4tzlicher Stauraum (2)","description":"","query_type":"product_ids","query_ids":[2240811,2240794,2240795,2240796,2240797],"default_option_id":"","thumbnail_id":"","thumbnail_src":"","quantity_min":1,"quantity_max":1,"priced_individually":true,"shipped_individually":false,"optional":false,"discount":"","options_style":"dropdowns","pagination_style":"classic","display_prices":"relative","show_sorting_options":false,"show_filtering_options":false,"attribute_filter_ids":[],"select_action":"view","product_title_visible":false,"product_descr_visible":false,"product_price_visible":false,"product_thumb_visible":false,"subtotal_visible_product":true,"subtotal_visible_cart":false,"subtotal_visible_orders":false},{"id":"1776793664","title":"Graphics Card","description":"","query_type":"product_ids","query_ids":[2248386,2249069,2249070],"default_option_id":"","thumbnail_id":"","thumbnail_src":"","quantity_min":1,"quantity_max":1,"priced_individually":true,"shipped_individually":false,"optional":false,"discount":"","options_style":"dropdowns","pagination_style":"classic","display_prices":"relative","show_sorting_options":false,"show_filtering_options":false,"attribute_filter_ids":[],"select_action":"view","product_title_visible":true,"product_descr_visible":false,"product_price_visible":false,"product_thumb_visible":false,"subtotal_visible_product":false,"subtotal_visible_cart":false,"subtotal_visible_orders":false},{"id":"1750968284","title":"Stromversorgung","description":"","query_type":"product_ids","query_ids":[2240751,2240767,2240752],"default_option_id":"","thumbnail_id":"","thumbnail_src":"","quantity_min":1,"quantity_max":1,"priced_individually":true,"shipped_individually":false,"optional":false,"discount":"","options_style":"dropdowns","pagination_style":"classic","display_prices":"relative","show_sorting_options":false,"show_filtering_options":false,"attribute_filter_ids":[],"select_action":"view","product_title_visible":false,"product_descr_visible":false,"product_price_visible":false,"product_thumb_visible":false,"subtotal_visible_product":true,"subtotal_visible_cart":false,"subtotal_visible_orders":false},{"id":"1750968285","title":"Betriebssystem","description":"","query_type":"product_ids","query_ids":[2240737,2240733,2242807,2242808,2240734],"default_option_id":"","thumbnail_id":"","thumbnail_src":"","quantity_min":1,"quantity_max":1,"priced_individually":true,"shipped_individually":false,"optional":false,"discount":"","options_style":"dropdowns","pagination_style":"classic","display_prices":"relative","show_sorting_options":false,"show_filtering_options":false,"attribute_filter_ids":[],"select_action":"view","product_title_visible":false,"product_descr_visible":false,"product_price_visible":false,"product_thumb_visible":false,"subtotal_visible_product":true,"subtotal_visible_cart":false,"subtotal_visible_orders":false},{"id":"1750968286","title":"Wifi und Bluetooth","description":"","query_type":"product_ids","query_ids":[2240833,2240827],"default_option_id":"","thumbnail_id":"","thumbnail_src":"","quantity_min":1,"quantity_max":1,"priced_individually":true,"shipped_individually":false,"optional":false,"discount":"","options_style":"dropdowns","pagination_style":"classic","display_prices":"relative","show_sorting_options":false,"show_filtering_options":false,"attribute_filter_ids":[],"select_action":"view","product_title_visible":false,"product_descr_visible":false,"product_price_visible":false,"product_thumb_visible":false,"subtotal_visible_product":true,"subtotal_visible_cart":false,"subtotal_visible_orders":false}],"composite_scenarios":[{"id":"1752514639","name":"Power supply for CPUs","description":"","configuration":[{"component_id":"1750968278","options_modifier":"in","component_options":[2240696,2240697,2240699,2240700,2240702,2240703]}],"actions":[{"action_id":"compat_group","is_active":false},{"action_id":"conditional_components","is_active":false,"hidden_components":[]},{"action_id":"conditional_options","is_active":true,"hidden_options":[{"component_id":"1750968284","component_options":[2240751],"options_modifier":"in"}]}],"enabled":true},{"id":"1757425050","name":"Core i3 i5 Win 11","description":"","configuration":[{"component_id":"1750968278","options_modifier":"in","component_options":[2240842,2240696,2240697,2240698,2240699,2240700]}],"actions":[{"action_id":"compat_group","is_active":false},{"action_id":"conditional_components","is_active":false,"hidden_components":[]},{"action_id":"conditional_options","is_active":true,"hidden_options":[{"component_id":"1750968285","component_options":[2242807],"options_modifier":"in"}]}],"enabled":true},{"id":"1757425051","name":"Core i7 Win 11","description":"","configuration":[{"component_id":"1750968278","options_modifier":"in","component_options":[2240701,2240702,2240703]}],"actions":[{"action_id":"compat_group","is_active":false},{"action_id":"conditional_components","is_active":false,"hidden_components":[]},{"action_id":"conditional_options","is_active":true,"hidden_options":[{"component_id":"1750968285","component_options":[2242808],"options_modifier":"in"}]}],"enabled":true}],"acf":[],"yoast_head":"<!-- This site is optimized with the Yoast SEO Premium plugin v26.8 (Yoast SEO v27.2) - https:\/\/yoast.com\/product\/yoast-seo-premium-wordpress\/ -->\n<title>Robuster KI-Plattform-PC | TB-7145-MVS<\/title>\n<meta name=\"description\" content=\"Der robuste KI-Plattform-PC bietet zwei PCIe-Erweiterungsstufen, um anspruchsvollen Computing-Anforderungen gerecht zu werden. Es verf\u00fcgt \u00fcber einen Intel-Prozessor der 13. Generation.\" \/>\n<meta name=\"robots\" content=\"index, follow, max-snippet:-1, max-image-preview:large, max-video-preview:-1\" \/>\n<link rel=\"canonical\" href=\"https:\/\/teguar.com\/eu\/de\/product\/tb-7145-mvs\/\" \/>\n<meta property=\"og:locale\" content=\"de_DE\" \/>\n<meta property=\"og:type\" content=\"article\" \/>\n<meta property=\"og:title\" content=\"TB-7145-MVS\" \/>\n<meta property=\"og:description\" content=\"Der robuste KI-Plattform-PC bietet zwei PCIe-Erweiterungsstufen, um anspruchsvollen Computing-Anforderungen gerecht zu werden. Es verf\u00fcgt \u00fcber einen Intel-Prozessor der 13. Generation.\" \/>\n<meta property=\"og:url\" content=\"https:\/\/teguar.com\/eu\/de\/product\/tb-7145-mvs\/\" \/>\n<meta property=\"og:site_name\" content=\"Teguar\" \/>\n<meta property=\"article:modified_time\" content=\"2026-04-21T17:51:12+00:00\" \/>\n<meta property=\"og:image\" content=\"https:\/\/teguar.com\/eu\/wp-content\/uploads\/sites\/2\/2025\/12\/All-Expansions.jpg\" \/>\n\t<meta property=\"og:image:width\" content=\"1000\" \/>\n\t<meta property=\"og:image:height\" content=\"1000\" \/>\n\t<meta property=\"og:image:type\" content=\"image\/jpeg\" \/>\n<meta name=\"twitter:card\" content=\"summary_large_image\" \/>\n<meta name=\"twitter:label1\" content=\"Gesch\u00e4tzte Lesezeit\" \/>\n\t<meta name=\"twitter:data1\" content=\"1\u00a0Minute\" \/>\n<script type=\"application\/ld+json\" class=\"yoast-schema-graph\">{\"@context\":\"https:\/\/schema.org\",\"@graph\":[{\"@type\":\"WebPage\",\"@id\":\"https:\/\/teguar.com\/eu\/de\/product\/tb-7145-mvs\/\",\"url\":\"https:\/\/teguar.com\/eu\/de\/product\/tb-7145-mvs\/\",\"name\":\"Robuster KI-Plattform-PC | TB-7145-MVS\",\"isPartOf\":{\"@id\":\"https:\/\/teguar.com\/eu\/en\/#website\"},\"primaryImageOfPage\":{\"@id\":\"https:\/\/teguar.com\/eu\/de\/product\/tb-7145-mvs\/#primaryimage\"},\"image\":{\"@id\":\"https:\/\/teguar.com\/eu\/de\/product\/tb-7145-mvs\/#primaryimage\"},\"thumbnailUrl\":\"https:\/\/teguar.com\/eu\/wp-content\/uploads\/sites\/2\/2025\/12\/All-Expansions.jpg\",\"datePublished\":\"2025-06-27T14:09:50+00:00\",\"dateModified\":\"2026-04-21T17:51:12+00:00\",\"description\":\"Der robuste KI-Plattform-PC bietet zwei PCIe-Erweiterungsstufen, um anspruchsvollen Computing-Anforderungen gerecht zu werden. Es verf\u00fcgt \u00fcber einen Intel-Prozessor der 13. Generation.\",\"breadcrumb\":{\"@id\":\"https:\/\/teguar.com\/eu\/de\/product\/tb-7145-mvs\/#breadcrumb\"},\"inLanguage\":\"de\",\"potentialAction\":[{\"@type\":\"ReadAction\",\"target\":[\"https:\/\/teguar.com\/eu\/de\/product\/tb-7145-mvs\/\"]}]},{\"@type\":\"ImageObject\",\"inLanguage\":\"de\",\"@id\":\"https:\/\/teguar.com\/eu\/de\/product\/tb-7145-mvs\/#primaryimage\",\"url\":\"https:\/\/teguar.com\/eu\/wp-content\/uploads\/sites\/2\/2025\/12\/All-Expansions.jpg\",\"contentUrl\":\"https:\/\/teguar.com\/eu\/wp-content\/uploads\/sites\/2\/2025\/12\/All-Expansions.jpg\",\"width\":1000,\"height\":1000,\"caption\":\"All-Expansions\"},{\"@type\":\"BreadcrumbList\",\"@id\":\"https:\/\/teguar.com\/eu\/de\/product\/tb-7145-mvs\/#breadcrumb\",\"itemListElement\":[{\"@type\":\"ListItem\",\"position\":1,\"name\":\"Home\",\"item\":\"https:\/\/teguar.com\/eu\/de\/\"},{\"@type\":\"ListItem\",\"position\":2,\"name\":\"TB-7145-MVS\"}]},{\"@type\":\"WebSite\",\"@id\":\"https:\/\/teguar.com\/eu\/en\/#website\",\"url\":\"https:\/\/teguar.com\/eu\/en\/\",\"name\":\"Teguar\",\"description\":\"Industrial PCs, Medical Computers, and Rugged Tablets\",\"potentialAction\":[{\"@type\":\"SearchAction\",\"target\":{\"@type\":\"EntryPoint\",\"urlTemplate\":\"https:\/\/teguar.com\/eu\/en\/?s={search_term_string}\"},\"query-input\":{\"@type\":\"PropertyValueSpecification\",\"valueRequired\":true,\"valueName\":\"search_term_string\"}}],\"inLanguage\":\"de\"}]}<\/script>\n<!-- \/ Yoast SEO Premium plugin. -->","yoast_head_json":{"title":"Robuster KI-Plattform-PC | TB-7145-MVS","description":"Der robuste KI-Plattform-PC bietet zwei PCIe-Erweiterungsstufen, um anspruchsvollen Computing-Anforderungen gerecht zu werden. Es verf\u00fcgt \u00fcber einen Intel-Prozessor der 13. Generation.","robots":{"index":"index","follow":"follow","max-snippet":"max-snippet:-1","max-image-preview":"max-image-preview:large","max-video-preview":"max-video-preview:-1"},"canonical":"https:\/\/teguar.com\/eu\/de\/product\/tb-7145-mvs\/","og_locale":"de_DE","og_type":"article","og_title":"TB-7145-MVS","og_description":"Der robuste KI-Plattform-PC bietet zwei PCIe-Erweiterungsstufen, um anspruchsvollen Computing-Anforderungen gerecht zu werden. Es verf\u00fcgt \u00fcber einen Intel-Prozessor der 13. Generation.","og_url":"https:\/\/teguar.com\/eu\/de\/product\/tb-7145-mvs\/","og_site_name":"Teguar","article_modified_time":"2026-04-21T17:51:12+00:00","og_image":[{"width":1000,"height":1000,"url":"https:\/\/teguar.com\/eu\/wp-content\/uploads\/sites\/2\/2025\/12\/All-Expansions.jpg","type":"image\/jpeg"}],"twitter_card":"summary_large_image","twitter_misc":{"Gesch\u00e4tzte Lesezeit":"1\u00a0Minute"},"schema":{"@context":"https:\/\/schema.org","@graph":[{"@type":"WebPage","@id":"https:\/\/teguar.com\/eu\/de\/product\/tb-7145-mvs\/","url":"https:\/\/teguar.com\/eu\/de\/product\/tb-7145-mvs\/","name":"Robuster KI-Plattform-PC | TB-7145-MVS","isPartOf":{"@id":"https:\/\/teguar.com\/eu\/en\/#website"},"primaryImageOfPage":{"@id":"https:\/\/teguar.com\/eu\/de\/product\/tb-7145-mvs\/#primaryimage"},"image":{"@id":"https:\/\/teguar.com\/eu\/de\/product\/tb-7145-mvs\/#primaryimage"},"thumbnailUrl":"https:\/\/teguar.com\/eu\/wp-content\/uploads\/sites\/2\/2025\/12\/All-Expansions.jpg","datePublished":"2025-06-27T14:09:50+00:00","dateModified":"2026-04-21T17:51:12+00:00","description":"Der robuste KI-Plattform-PC bietet zwei PCIe-Erweiterungsstufen, um anspruchsvollen Computing-Anforderungen gerecht zu werden. Es verf\u00fcgt \u00fcber einen Intel-Prozessor der 13. Generation.","breadcrumb":{"@id":"https:\/\/teguar.com\/eu\/de\/product\/tb-7145-mvs\/#breadcrumb"},"inLanguage":"de","potentialAction":[{"@type":"ReadAction","target":["https:\/\/teguar.com\/eu\/de\/product\/tb-7145-mvs\/"]}]},{"@type":"ImageObject","inLanguage":"de","@id":"https:\/\/teguar.com\/eu\/de\/product\/tb-7145-mvs\/#primaryimage","url":"https:\/\/teguar.com\/eu\/wp-content\/uploads\/sites\/2\/2025\/12\/All-Expansions.jpg","contentUrl":"https:\/\/teguar.com\/eu\/wp-content\/uploads\/sites\/2\/2025\/12\/All-Expansions.jpg","width":1000,"height":1000,"caption":"All-Expansions"},{"@type":"BreadcrumbList","@id":"https:\/\/teguar.com\/eu\/de\/product\/tb-7145-mvs\/#breadcrumb","itemListElement":[{"@type":"ListItem","position":1,"name":"Home","item":"https:\/\/teguar.com\/eu\/de\/"},{"@type":"ListItem","position":2,"name":"TB-7145-MVS"}]},{"@type":"WebSite","@id":"https:\/\/teguar.com\/eu\/en\/#website","url":"https:\/\/teguar.com\/eu\/en\/","name":"Teguar","description":"Industrial PCs, Medical Computers, and Rugged Tablets","potentialAction":[{"@type":"SearchAction","target":{"@type":"EntryPoint","urlTemplate":"https:\/\/teguar.com\/eu\/en\/?s={search_term_string}"},"query-input":{"@type":"PropertyValueSpecification","valueRequired":true,"valueName":"search_term_string"}}],"inLanguage":"de"}]}},"_links":{"self":[{"href":"https:\/\/teguar.com\/eu\/de\/wp-json\/wp\/v2\/product\/2243174","targetHints":{"allow":["GET"]}}],"collection":[{"href":"https:\/\/teguar.com\/eu\/de\/wp-json\/wp\/v2\/product"}],"about":[{"href":"https:\/\/teguar.com\/eu\/de\/wp-json\/wp\/v2\/types\/product"}],"wp:featuredmedia":[{"embeddable":true,"href":"https:\/\/teguar.com\/eu\/de\/wp-json\/wp\/v2\/media\/2247867"}],"wp:attachment":[{"href":"https:\/\/teguar.com\/eu\/de\/wp-json\/wp\/v2\/media?parent=2243174"}],"wp:term":[{"taxonomy":"product_brand","embeddable":true,"href":"https:\/\/teguar.com\/eu\/de\/wp-json\/wp\/v2\/product_brand?post=2243174"},{"taxonomy":"product_cat","embeddable":true,"href":"https:\/\/teguar.com\/eu\/de\/wp-json\/wp\/v2\/product_cat?post=2243174"},{"taxonomy":"product_tag","embeddable":true,"href":"https:\/\/teguar.com\/eu\/de\/wp-json\/wp\/v2\/product_tag?post=2243174"},{"taxonomy":"product_label","embeddable":true,"href":"https:\/\/teguar.com\/eu\/de\/wp-json\/wp\/v2\/product_label?post=2243174"}],"curies":[{"name":"wp","href":"https:\/\/api.w.org\/{rel}","templated":true}]}}