{"id":2243167,"date":"2025-06-24T14:09:49","date_gmt":"2025-06-24T14:09:49","guid":{"rendered":"https:\/\/teguar.com\/eu\/product\/tb-6185\/"},"modified":"2025-11-13T16:25:12","modified_gmt":"2025-11-13T16:25:12","slug":"tb-6185","status":"publish","type":"product","link":"https:\/\/teguar.com\/eu\/de\/product\/tb-6185\/","title":{"rendered":"TB-6185"},"content":{"rendered":"<p>Der industrielle Edge-Computer TB-6185 ist bereit, das Herzst\u00fcck Ihrer industriellen Systeme zu werden, mit allen Funktionen zum Anschlie\u00dfen, Steuern und Anzeigen. Genie\u00dfen Sie hohe Verarbeitungsgeschwindigkeiten mit dem Alder-Lake-Prozessor der 12<sup>.<\/sup> Generation von Intel, wobei Sie je nach <a href=\"https:\/\/ark.intel.com\/content\/www\/us\/en\/ark\/products\/233090\/intel-processor-n97-6m-cache-up-to-3-60-ghz.html\" target=\"_blank\" rel=\"noopener\">Celeron N97<\/a> oder <a href=\"https:\/\/ark.intel.com\/content\/www\/us\/en\/ark\/products\/231805\/intel-core-i3-n305-processor-6m-cache-up-to-3-80-ghz.html\" target=\"_blank\" rel=\"noopener\">Core i3<\/a> w\u00e4hlen k\u00f6nnen, um Ihren spezifischen Anforderungen gerecht zu werden.  Die Geschwindigkeit und Kapazit\u00e4t des PCs werden durch den neuesten synchronen dynamischen DDR5-RAM weiter verbessert.<\/p>\n<p>Dieser Embedded-PC hat seine Oberfl\u00e4che optimal genutzt, um alle E\/A-Vorg\u00e4nge aufzunehmen, die Sie in einem Endpunkt ben\u00f6tigen, einschlie\u00dflich DC-Ein- und -Ausg\u00e4ngen, zwei Display-Ports, <em>zehn <\/em>USB-Anschl\u00fcssen und mehr. Mit all diesen Funktionen in einem robusten l\u00fcfterlosen Geh\u00e4use k\u00f6nnen Sie sich darauf verlassen, dass der industrielle Edge-Computer der Eckpfeiler jeder industriellen Anwendung ist. <\/p>\n","protected":false},"excerpt":{"rendered":"<p><a href=\"https:\/\/teguar.com\/eu\/edge-computer\/\">Edge-Computing<\/a>: Dieser Box-PC ist mit seiner erstklassigen 2,5-Gbit-Ethernet-Konnektivit\u00e4t und der konstanten Netzwerknachhaltigkeit, die dank seiner Dual-LAN-Unterst\u00fctzung m\u00f6glich ist, f\u00fcr Edge-Computing konzipiert.<\/p>\n<p><a href=\"https:\/\/teguar.com\/eu\/de\/iiot-computer-industrielles-internet-der-dinge\/\">IIoT-Computer<\/a>: Mit seinem robusten Design, dem High-End-Prozessor und der Netzwerksicherheit \u00fcber seine zwei LAN-Ports k\u00f6nnen Sie den TB-6185 als IIoT-Computer verwenden.<\/p>\n<p><a href=\"https:\/\/teguar.com\/eu\/de\/steuerungssysteme-computer\/\">System-Controller<\/a>: Der industrielle Edge-Computer dient als Ihr System-Controller mit einer starken Leistung, die dank seiner zahlreichen IOs und des Engagements von Teguar f\u00fcr die Langlebigkeit der Produkte anh\u00e4lt.<\/p>\n","protected":false},"featured_media":2243171,"template":"","meta":{"_acf_changed":false},"product_brand":[],"product_cat":[2812,2824,2843],"product_tag":[],"product_label":[],"class_list":{"0":"post-2243167","1":"product","2":"type-product","3":"status-publish","4":"has-post-thumbnail","6":"product_cat-embedded-pcs","7":"product_cat-lufterlose-pcs","8":"product_cat-rugged-computer","9":"pa_windows-windows-10-iot","10":"pa_windows-windows-10-pro","11":"pa_windows-windows-11-iot","12":"pa_windows-windows-11-pro","14":"first","15":"instock","16":"taxable","17":"shipping-taxable","18":"purchasable","19":"product-type-composite"},"composite_virtual":false,"composite_layout":"single","composite_add_to_cart_form_location":"default","composite_editable_in_cart":false,"composite_sold_individually_context":"product","composite_shop_price_calc":"min_max","composite_components":[{"id":"1750955152","title":"Prozessor","description":"","query_type":"product_ids","query_ids":[2240840,2240841],"default_option_id":"","thumbnail_id":"","thumbnail_src":"","quantity_min":1,"quantity_max":1,"priced_individually":true,"shipped_individually":false,"optional":false,"discount":"","options_style":"dropdowns","pagination_style":"classic","display_prices":"relative","show_sorting_options":false,"show_filtering_options":false,"attribute_filter_ids":[],"select_action":"view","product_title_visible":false,"product_descr_visible":false,"product_price_visible":false,"product_thumb_visible":false,"subtotal_visible_product":true,"subtotal_visible_cart":false,"subtotal_visible_orders":false},{"id":"1750955153","title":"WIDDER","description":"","query_type":"product_ids","query_ids":[2240772,2240773],"default_option_id":"","thumbnail_id":"","thumbnail_src":"","quantity_min":1,"quantity_max":1,"priced_individually":true,"shipped_individually":false,"optional":false,"discount":"","options_style":"dropdowns","pagination_style":"classic","display_prices":"relative","show_sorting_options":false,"show_filtering_options":false,"attribute_filter_ids":[],"select_action":"view","product_title_visible":false,"product_descr_visible":false,"product_price_visible":false,"product_thumb_visible":false,"subtotal_visible_product":true,"subtotal_visible_cart":false,"subtotal_visible_orders":false},{"id":"1750955154","title":"Lagerung","description":"","query_type":"product_ids","query_ids":[2240784,2240785,2240786],"default_option_id":"","thumbnail_id":"","thumbnail_src":"","quantity_min":1,"quantity_max":1,"priced_individually":true,"shipped_individually":false,"optional":false,"discount":"","options_style":"dropdowns","pagination_style":"classic","display_prices":"relative","show_sorting_options":false,"show_filtering_options":false,"attribute_filter_ids":[],"select_action":"view","product_title_visible":false,"product_descr_visible":false,"product_price_visible":false,"product_thumb_visible":false,"subtotal_visible_product":true,"subtotal_visible_cart":false,"subtotal_visible_orders":false},{"id":"1750955155","title":"WiFi &amp; Bluetooth","description":"","query_type":"product_ids","query_ids":[2240833,2240827],"default_option_id":"","thumbnail_id":"","thumbnail_src":"","quantity_min":1,"quantity_max":1,"priced_individually":true,"shipped_individually":false,"optional":false,"discount":"","options_style":"dropdowns","pagination_style":"classic","display_prices":"relative","show_sorting_options":false,"show_filtering_options":false,"attribute_filter_ids":[],"select_action":"view","product_title_visible":false,"product_descr_visible":false,"product_price_visible":false,"product_thumb_visible":false,"subtotal_visible_product":true,"subtotal_visible_cart":false,"subtotal_visible_orders":false},{"id":"1750955156","title":"Stromversorgung","description":"","query_type":"product_ids","query_ids":[2240766,2240747],"default_option_id":"","thumbnail_id":"","thumbnail_src":"","quantity_min":1,"quantity_max":1,"priced_individually":true,"shipped_individually":false,"optional":false,"discount":"","options_style":"dropdowns","pagination_style":"classic","display_prices":"relative","show_sorting_options":false,"show_filtering_options":false,"attribute_filter_ids":[],"select_action":"view","product_title_visible":false,"product_descr_visible":false,"product_price_visible":false,"product_thumb_visible":false,"subtotal_visible_product":true,"subtotal_visible_cart":false,"subtotal_visible_orders":false},{"id":"1750955157","title":"Betriebssystem","description":"","query_type":"product_ids","query_ids":[2240737,2240733,2240732,2242808,2240734],"default_option_id":"","thumbnail_id":"","thumbnail_src":"","quantity_min":1,"quantity_max":1,"priced_individually":true,"shipped_individually":false,"optional":false,"discount":"","options_style":"dropdowns","pagination_style":"classic","display_prices":"relative","show_sorting_options":false,"show_filtering_options":false,"attribute_filter_ids":[],"select_action":"view","product_title_visible":false,"product_descr_visible":false,"product_price_visible":false,"product_thumb_visible":false,"subtotal_visible_product":true,"subtotal_visible_cart":false,"subtotal_visible_orders":false}],"composite_scenarios":[{"id":"1757359108","name":"Celeron Win 11","description":"","configuration":[{"component_id":"1750955152","options_modifier":"in","component_options":[2240840]}],"actions":[{"action_id":"compat_group","is_active":false},{"action_id":"conditional_components","is_active":false,"hidden_components":[]},{"action_id":"conditional_options","is_active":true,"hidden_options":[{"component_id":"1750955157","component_options":[2242808],"options_modifier":"in"}]}],"enabled":true},{"id":"1757359109","name":"Core i3 Win 11","description":"","configuration":[{"component_id":"1750955152","options_modifier":"in","component_options":[2240841]}],"actions":[{"action_id":"compat_group","is_active":false},{"action_id":"conditional_components","is_active":false,"hidden_components":[]},{"action_id":"conditional_options","is_active":true,"hidden_options":[{"component_id":"1750955157","component_options":[2240732,2240734],"options_modifier":"in"}]}],"enabled":true}],"acf":[],"yoast_head":"<!-- This site is optimized with the Yoast SEO Premium plugin v26.8 (Yoast SEO v27.2) - https:\/\/yoast.com\/product\/yoast-seo-premium-wordpress\/ -->\n<title>Industrieller Edge-Computer | TB-6185<\/title>\n<meta name=\"description\" content=\"Der TB-6185 Industrial Edge Computer ist entweder mit dem Celeron N97 oder Core i3 Alder Lake Prozessor erh\u00e4ltlich. Es verf\u00fcgt \u00fcber 2,5 Gb Ethernet und DDR5 SDRAM.\" \/>\n<meta name=\"robots\" content=\"index, follow, max-snippet:-1, max-image-preview:large, max-video-preview:-1\" \/>\n<link rel=\"canonical\" href=\"https:\/\/teguar.com\/eu\/de\/product\/tb-6185\/\" \/>\n<meta property=\"og:locale\" content=\"de_DE\" \/>\n<meta property=\"og:type\" content=\"article\" \/>\n<meta property=\"og:title\" content=\"TB-6185\" \/>\n<meta property=\"og:description\" content=\"Der TB-6185 Industrial Edge Computer ist entweder mit dem Celeron N97 oder Core i3 Alder Lake Prozessor erh\u00e4ltlich. Es verf\u00fcgt \u00fcber 2,5 Gb Ethernet und DDR5 SDRAM.\" \/>\n<meta property=\"og:url\" content=\"https:\/\/teguar.com\/eu\/de\/product\/tb-6185\/\" \/>\n<meta property=\"og:site_name\" content=\"Teguar\" \/>\n<meta property=\"article:modified_time\" content=\"2025-11-13T16:25:12+00:00\" \/>\n<meta property=\"og:image\" content=\"https:\/\/teguar.com\/eu\/wp-content\/uploads\/sites\/2\/2024\/09\/Industrial_Edge_Computer_Power_Side_Top_Angle_Square__44802.1727107695.1280.1280.png\" \/>\n\t<meta property=\"og:image:width\" content=\"1000\" \/>\n\t<meta property=\"og:image:height\" content=\"1000\" \/>\n\t<meta property=\"og:image:type\" content=\"image\/png\" \/>\n<meta name=\"twitter:card\" content=\"summary_large_image\" \/>\n<meta name=\"twitter:label1\" content=\"Gesch\u00e4tzte Lesezeit\" \/>\n\t<meta name=\"twitter:data1\" content=\"1\u00a0Minute\" \/>\n<script type=\"application\/ld+json\" class=\"yoast-schema-graph\">{\"@context\":\"https:\/\/schema.org\",\"@graph\":[{\"@type\":\"WebPage\",\"@id\":\"https:\/\/teguar.com\/eu\/de\/product\/tb-6185\/\",\"url\":\"https:\/\/teguar.com\/eu\/de\/product\/tb-6185\/\",\"name\":\"Industrieller Edge-Computer | TB-6185\",\"isPartOf\":{\"@id\":\"https:\/\/teguar.com\/eu\/en\/#website\"},\"primaryImageOfPage\":{\"@id\":\"https:\/\/teguar.com\/eu\/de\/product\/tb-6185\/#primaryimage\"},\"image\":{\"@id\":\"https:\/\/teguar.com\/eu\/de\/product\/tb-6185\/#primaryimage\"},\"thumbnailUrl\":\"https:\/\/teguar.com\/eu\/wp-content\/uploads\/sites\/2\/2024\/09\/Industrial_Edge_Computer_Power_Side_Top_Angle_Square__44802.1727107695.1280.1280.png\",\"datePublished\":\"2025-06-24T14:09:49+00:00\",\"dateModified\":\"2025-11-13T16:25:12+00:00\",\"description\":\"Der TB-6185 Industrial Edge Computer ist entweder mit dem Celeron N97 oder Core i3 Alder Lake Prozessor erh\u00e4ltlich. Es verf\u00fcgt \u00fcber 2,5 Gb Ethernet und DDR5 SDRAM.\",\"breadcrumb\":{\"@id\":\"https:\/\/teguar.com\/eu\/de\/product\/tb-6185\/#breadcrumb\"},\"inLanguage\":\"de\",\"potentialAction\":[{\"@type\":\"ReadAction\",\"target\":[\"https:\/\/teguar.com\/eu\/de\/product\/tb-6185\/\"]}]},{\"@type\":\"ImageObject\",\"inLanguage\":\"de\",\"@id\":\"https:\/\/teguar.com\/eu\/de\/product\/tb-6185\/#primaryimage\",\"url\":\"https:\/\/teguar.com\/eu\/wp-content\/uploads\/sites\/2\/2024\/09\/Industrial_Edge_Computer_Power_Side_Top_Angle_Square__44802.1727107695.1280.1280.png\",\"contentUrl\":\"https:\/\/teguar.com\/eu\/wp-content\/uploads\/sites\/2\/2024\/09\/Industrial_Edge_Computer_Power_Side_Top_Angle_Square__44802.1727107695.1280.1280.png\",\"width\":1000,\"height\":1000,\"caption\":\"Industrial Edge Computer Power Side Top Angle Square\"},{\"@type\":\"BreadcrumbList\",\"@id\":\"https:\/\/teguar.com\/eu\/de\/product\/tb-6185\/#breadcrumb\",\"itemListElement\":[{\"@type\":\"ListItem\",\"position\":1,\"name\":\"Home\",\"item\":\"https:\/\/teguar.com\/eu\/de\/\"},{\"@type\":\"ListItem\",\"position\":2,\"name\":\"TB-6185\"}]},{\"@type\":\"WebSite\",\"@id\":\"https:\/\/teguar.com\/eu\/en\/#website\",\"url\":\"https:\/\/teguar.com\/eu\/en\/\",\"name\":\"Teguar\",\"description\":\"Industrial PCs, Medical Computers, and Rugged Tablets\",\"potentialAction\":[{\"@type\":\"SearchAction\",\"target\":{\"@type\":\"EntryPoint\",\"urlTemplate\":\"https:\/\/teguar.com\/eu\/en\/?s={search_term_string}\"},\"query-input\":{\"@type\":\"PropertyValueSpecification\",\"valueRequired\":true,\"valueName\":\"search_term_string\"}}],\"inLanguage\":\"de\"}]}<\/script>\n<!-- \/ Yoast SEO Premium plugin. -->","yoast_head_json":{"title":"Industrieller Edge-Computer | TB-6185","description":"Der TB-6185 Industrial Edge Computer ist entweder mit dem Celeron N97 oder Core i3 Alder Lake Prozessor erh\u00e4ltlich. Es verf\u00fcgt \u00fcber 2,5 Gb Ethernet und DDR5 SDRAM.","robots":{"index":"index","follow":"follow","max-snippet":"max-snippet:-1","max-image-preview":"max-image-preview:large","max-video-preview":"max-video-preview:-1"},"canonical":"https:\/\/teguar.com\/eu\/de\/product\/tb-6185\/","og_locale":"de_DE","og_type":"article","og_title":"TB-6185","og_description":"Der TB-6185 Industrial Edge Computer ist entweder mit dem Celeron N97 oder Core i3 Alder Lake Prozessor erh\u00e4ltlich. Es verf\u00fcgt \u00fcber 2,5 Gb Ethernet und DDR5 SDRAM.","og_url":"https:\/\/teguar.com\/eu\/de\/product\/tb-6185\/","og_site_name":"Teguar","article_modified_time":"2025-11-13T16:25:12+00:00","og_image":[{"width":1000,"height":1000,"url":"https:\/\/teguar.com\/eu\/wp-content\/uploads\/sites\/2\/2024\/09\/Industrial_Edge_Computer_Power_Side_Top_Angle_Square__44802.1727107695.1280.1280.png","type":"image\/png"}],"twitter_card":"summary_large_image","twitter_misc":{"Gesch\u00e4tzte Lesezeit":"1\u00a0Minute"},"schema":{"@context":"https:\/\/schema.org","@graph":[{"@type":"WebPage","@id":"https:\/\/teguar.com\/eu\/de\/product\/tb-6185\/","url":"https:\/\/teguar.com\/eu\/de\/product\/tb-6185\/","name":"Industrieller Edge-Computer | TB-6185","isPartOf":{"@id":"https:\/\/teguar.com\/eu\/en\/#website"},"primaryImageOfPage":{"@id":"https:\/\/teguar.com\/eu\/de\/product\/tb-6185\/#primaryimage"},"image":{"@id":"https:\/\/teguar.com\/eu\/de\/product\/tb-6185\/#primaryimage"},"thumbnailUrl":"https:\/\/teguar.com\/eu\/wp-content\/uploads\/sites\/2\/2024\/09\/Industrial_Edge_Computer_Power_Side_Top_Angle_Square__44802.1727107695.1280.1280.png","datePublished":"2025-06-24T14:09:49+00:00","dateModified":"2025-11-13T16:25:12+00:00","description":"Der TB-6185 Industrial Edge Computer ist entweder mit dem Celeron N97 oder Core i3 Alder Lake Prozessor erh\u00e4ltlich. Es verf\u00fcgt \u00fcber 2,5 Gb Ethernet und DDR5 SDRAM.","breadcrumb":{"@id":"https:\/\/teguar.com\/eu\/de\/product\/tb-6185\/#breadcrumb"},"inLanguage":"de","potentialAction":[{"@type":"ReadAction","target":["https:\/\/teguar.com\/eu\/de\/product\/tb-6185\/"]}]},{"@type":"ImageObject","inLanguage":"de","@id":"https:\/\/teguar.com\/eu\/de\/product\/tb-6185\/#primaryimage","url":"https:\/\/teguar.com\/eu\/wp-content\/uploads\/sites\/2\/2024\/09\/Industrial_Edge_Computer_Power_Side_Top_Angle_Square__44802.1727107695.1280.1280.png","contentUrl":"https:\/\/teguar.com\/eu\/wp-content\/uploads\/sites\/2\/2024\/09\/Industrial_Edge_Computer_Power_Side_Top_Angle_Square__44802.1727107695.1280.1280.png","width":1000,"height":1000,"caption":"Industrial Edge Computer Power Side Top Angle Square"},{"@type":"BreadcrumbList","@id":"https:\/\/teguar.com\/eu\/de\/product\/tb-6185\/#breadcrumb","itemListElement":[{"@type":"ListItem","position":1,"name":"Home","item":"https:\/\/teguar.com\/eu\/de\/"},{"@type":"ListItem","position":2,"name":"TB-6185"}]},{"@type":"WebSite","@id":"https:\/\/teguar.com\/eu\/en\/#website","url":"https:\/\/teguar.com\/eu\/en\/","name":"Teguar","description":"Industrial PCs, Medical Computers, and Rugged Tablets","potentialAction":[{"@type":"SearchAction","target":{"@type":"EntryPoint","urlTemplate":"https:\/\/teguar.com\/eu\/en\/?s={search_term_string}"},"query-input":{"@type":"PropertyValueSpecification","valueRequired":true,"valueName":"search_term_string"}}],"inLanguage":"de"}]}},"_links":{"self":[{"href":"https:\/\/teguar.com\/eu\/de\/wp-json\/wp\/v2\/product\/2243167","targetHints":{"allow":["GET"]}}],"collection":[{"href":"https:\/\/teguar.com\/eu\/de\/wp-json\/wp\/v2\/product"}],"about":[{"href":"https:\/\/teguar.com\/eu\/de\/wp-json\/wp\/v2\/types\/product"}],"wp:featuredmedia":[{"embeddable":true,"href":"https:\/\/teguar.com\/eu\/de\/wp-json\/wp\/v2\/media\/2243171"}],"wp:attachment":[{"href":"https:\/\/teguar.com\/eu\/de\/wp-json\/wp\/v2\/media?parent=2243167"}],"wp:term":[{"taxonomy":"product_brand","embeddable":true,"href":"https:\/\/teguar.com\/eu\/de\/wp-json\/wp\/v2\/product_brand?post=2243167"},{"taxonomy":"product_cat","embeddable":true,"href":"https:\/\/teguar.com\/eu\/de\/wp-json\/wp\/v2\/product_cat?post=2243167"},{"taxonomy":"product_tag","embeddable":true,"href":"https:\/\/teguar.com\/eu\/de\/wp-json\/wp\/v2\/product_tag?post=2243167"},{"taxonomy":"product_label","embeddable":true,"href":"https:\/\/teguar.com\/eu\/de\/wp-json\/wp\/v2\/product_label?post=2243167"}],"curies":[{"name":"wp","href":"https:\/\/api.w.org\/{rel}","templated":true}]}}