{"id":2243155,"date":"2025-09-08T14:11:51","date_gmt":"2025-09-08T14:11:51","guid":{"rendered":"https:\/\/teguar.com\/eu\/product\/tb-6145\/"},"modified":"2026-03-06T13:15:37","modified_gmt":"2026-03-06T13:15:37","slug":"tb-6145","status":"publish","type":"product","link":"https:\/\/teguar.com\/eu\/de\/product\/tb-6145\/","title":{"rendered":"TB-6145"},"content":{"rendered":"<p>Der TB-6145 ist bereit, das Herzst\u00fcck Ihrer industriellen und Edge-KI-Systeme zu werden, mit allen Funktionen zum Verbinden, Steuern und Anzeigen. Genie\u00dfen Sie hohe Verarbeitungsgeschwindigkeiten mit dem Alder Lake Prozessor der 12. Generation von Intel\u00ae, wobei Sie zwischen <a href=\"https:\/\/ark.intel.com\/content\/www\/us\/en\/ark\/products\/233090\/intel-processor-n97-6m-cache-up-to-3-60-ghz.html\" target=\"_blank\" rel=\"noopener\">Alder Lake N97<\/a> oder <a href=\"https:\/\/ark.intel.com\/content\/www\/us\/en\/ark\/products\/231805\/intel-core-i3-n305-processor-6m-cache-up-to-3-80-ghz.html\" target=\"_blank\" rel=\"noopener\">Core i3<\/a> w\u00e4hlen k\u00f6nnen, um Ihren spezifischen Anforderungen gerecht zu werden. Die Geschwindigkeit und Kapazit\u00e4t des PCs werden durch den neuesten synchronen dynamischen DDR5-RAM weiter gesteigert.<\/p>\n<p>Bei diesem Embedded-PC wurde der verf\u00fcgbare Platz optimal genutzt, um alle E\/A-Schnittstellen aufzunehmen, die Sie an einem Endpunkt ben\u00f6tigen. Einschlie\u00dflich zwei Display-Ports, 8-Kanal-GPIO, einem Mini-PCIe-Steckplatz und mehr. Mit all diesen Funktionen in einem robusten l\u00fcfterlosen Geh\u00e4use k\u00f6nnen Sie sich darauf verlassen, dass dieser robuste Edge-Computer der Eckpfeiler jeder industriellen Anwendung ist.<\/p>\n","protected":false},"excerpt":{"rendered":"<p><a href=\"https:\/\/teguar.com\/eu\/edge-computer\/\"><br \/>\n<span data-contrast=\"none\">Edge-Computing<\/span><br \/>\n<\/a><span data-contrast=\"auto\">: Dieser Box-PC ist mit seiner erstklassigen 2,5-Gbit-Ethernet-Konnektivit\u00e4t und der Netzwerkredundanz, die durch seine Dual-LAN-Unterst\u00fctzung erm\u00f6glicht wird, f\u00fcr Edge-Computing konzipiert.<\/span><\/p>\n<p><a href=\"https:\/\/teguar.com\/eu\/de\/iiot-computer-industrielles-internet-der-dinge\/\"><br \/>\n<span data-contrast=\"none\">IoT-Computer<\/span><br \/>\n<\/a><span data-contrast=\"auto\">: Mit seinem robusten Design, dem High-End-Prozessor und der Netzwerksicherheit \u00fcber seine dualen LAN-Ports k\u00f6nnen Sie den TB-6145 als IoT-Computer verwenden.<\/span><\/p>\n<p><a href=\"https:\/\/teguar.com\/eu\/de\/steuerungssysteme-computer\/\"><br \/>\n<span data-contrast=\"none\">System-Controller<\/span><br \/>\n<\/a><span data-contrast=\"auto\">: Der industrielle Edge-KI-Endpunkt dient als System-Controller mit einer starken Leistung und ist dank seiner zahlreichen I\/Os und langlebigen Komponenten ein nachhaltiges Produkt.<\/span><\/p>\n","protected":false},"featured_media":2248786,"template":"","meta":{"_acf_changed":false},"product_brand":[],"product_cat":[2823,2812,2813,2824,2843,2845],"product_tag":[2636,2634,3127,2635,5415],"product_label":[],"class_list":{"0":"post-2243155","1":"product","2":"type-product","3":"status-publish","4":"has-post-thumbnail","6":"product_cat-edge-computer","7":"product_cat-embedded-pcs","8":"product_cat-ki-computer","9":"product_cat-lufterlose-pcs","10":"product_cat-rugged-computer","11":"product_cat-rugged-mini-pcs","12":"product_tag-computer-fur-die-industrielle-automatisierung","13":"product_tag-fertigungs-computer","14":"product_tag-industriecomputer-im-schnellversand","15":"product_tag-online-kaufen","16":"product_tag-schnellversand-box-pcs","17":"pa_windows-windows-10-iot","18":"pa_windows-windows-10-pro","19":"pa_windows-windows-11-iot","20":"pa_windows-windows-11-pro","22":"first","23":"instock","24":"taxable","25":"shipping-taxable","26":"purchasable","27":"product-type-composite"},"composite_virtual":false,"composite_layout":"single","composite_add_to_cart_form_location":"default","composite_editable_in_cart":false,"composite_sold_individually_context":"product","composite_shop_price_calc":"min_max","composite_components":[{"id":"1750955152","title":"Prozessor","description":"","query_type":"product_ids","query_ids":[2242965],"default_option_id":"","thumbnail_id":"","thumbnail_src":"","quantity_min":1,"quantity_max":1,"priced_individually":true,"shipped_individually":false,"optional":false,"discount":"","options_style":"dropdowns","pagination_style":"classic","display_prices":"relative","show_sorting_options":false,"show_filtering_options":false,"attribute_filter_ids":[],"select_action":"view","product_title_visible":true,"product_descr_visible":false,"product_price_visible":false,"product_thumb_visible":false,"subtotal_visible_product":false,"subtotal_visible_cart":false,"subtotal_visible_orders":false},{"id":"1750955153","title":"WIDDER","description":"","query_type":"product_ids","query_ids":[2240772,2240773],"default_option_id":"","thumbnail_id":"","thumbnail_src":"","quantity_min":1,"quantity_max":1,"priced_individually":true,"shipped_individually":false,"optional":false,"discount":"","options_style":"dropdowns","pagination_style":"classic","display_prices":"relative","show_sorting_options":false,"show_filtering_options":false,"attribute_filter_ids":[],"select_action":"view","product_title_visible":true,"product_descr_visible":false,"product_price_visible":false,"product_thumb_visible":false,"subtotal_visible_product":false,"subtotal_visible_cart":false,"subtotal_visible_orders":false},{"id":"1750955154","title":"Lagerung","description":"","query_type":"product_ids","query_ids":[2240798,2242972,2240799,2240800],"default_option_id":"","thumbnail_id":"","thumbnail_src":"","quantity_min":1,"quantity_max":1,"priced_individually":true,"shipped_individually":false,"optional":false,"discount":"","options_style":"dropdowns","pagination_style":"classic","display_prices":"relative","show_sorting_options":false,"show_filtering_options":false,"attribute_filter_ids":[],"select_action":"view","product_title_visible":true,"product_descr_visible":false,"product_price_visible":false,"product_thumb_visible":false,"subtotal_visible_product":false,"subtotal_visible_cart":false,"subtotal_visible_orders":false},{"id":"1750955155","title":"WiFi &amp; Bluetooth","description":"","query_type":"product_ids","query_ids":[2240833,2242966],"default_option_id":"","thumbnail_id":"","thumbnail_src":"","quantity_min":1,"quantity_max":1,"priced_individually":true,"shipped_individually":false,"optional":false,"discount":"","options_style":"dropdowns","pagination_style":"classic","display_prices":"relative","show_sorting_options":false,"show_filtering_options":false,"attribute_filter_ids":[],"select_action":"view","product_title_visible":true,"product_descr_visible":false,"product_price_visible":false,"product_thumb_visible":false,"subtotal_visible_product":false,"subtotal_visible_cart":false,"subtotal_visible_orders":false},{"id":"1750955156","title":"Stromversorgung","description":"","query_type":"product_ids","query_ids":[2240753,2240767],"default_option_id":"","thumbnail_id":"","thumbnail_src":"","quantity_min":1,"quantity_max":1,"priced_individually":true,"shipped_individually":false,"optional":false,"discount":"","options_style":"dropdowns","pagination_style":"classic","display_prices":"relative","show_sorting_options":false,"show_filtering_options":false,"attribute_filter_ids":[],"select_action":"view","product_title_visible":true,"product_descr_visible":false,"product_price_visible":false,"product_thumb_visible":false,"subtotal_visible_product":false,"subtotal_visible_cart":false,"subtotal_visible_orders":false},{"id":"1758121692","title":"Mobil","description":"","query_type":"product_ids","query_ids":[2242893,2242967,2242968],"default_option_id":"","thumbnail_id":"","thumbnail_src":"","quantity_min":1,"quantity_max":1,"priced_individually":true,"shipped_individually":false,"optional":false,"discount":"","options_style":"dropdowns","pagination_style":"classic","display_prices":"relative","show_sorting_options":false,"show_filtering_options":false,"attribute_filter_ids":[],"select_action":"view","product_title_visible":true,"product_descr_visible":false,"product_price_visible":false,"product_thumb_visible":false,"subtotal_visible_product":false,"subtotal_visible_cart":false,"subtotal_visible_orders":false},{"id":"1758121693","title":"DIN-Schienenmontage","description":"","query_type":"product_ids","query_ids":[2240783,2242969],"default_option_id":"","thumbnail_id":"","thumbnail_src":"","quantity_min":1,"quantity_max":1,"priced_individually":true,"shipped_individually":false,"optional":false,"discount":"","options_style":"dropdowns","pagination_style":"classic","display_prices":"relative","show_sorting_options":false,"show_filtering_options":false,"attribute_filter_ids":[],"select_action":"view","product_title_visible":true,"product_descr_visible":false,"product_price_visible":false,"product_thumb_visible":false,"subtotal_visible_product":false,"subtotal_visible_cart":false,"subtotal_visible_orders":false},{"id":"1750955157","title":"Betriebssystem","description":"","query_type":"product_ids","query_ids":[2240737,2240732,2240733,2240734],"default_option_id":"","thumbnail_id":"","thumbnail_src":"","quantity_min":1,"quantity_max":1,"priced_individually":true,"shipped_individually":false,"optional":false,"discount":"","options_style":"dropdowns","pagination_style":"classic","display_prices":"relative","show_sorting_options":false,"show_filtering_options":false,"attribute_filter_ids":[],"select_action":"view","product_title_visible":true,"product_descr_visible":false,"product_price_visible":false,"product_thumb_visible":false,"subtotal_visible_product":false,"subtotal_visible_cart":false,"subtotal_visible_orders":false}],"composite_scenarios":[],"acf":[],"yoast_head":"<!-- This site is optimized with the Yoast SEO Premium plugin v26.8 (Yoast SEO v27.2) - https:\/\/yoast.com\/product\/yoast-seo-premium-wordpress\/ -->\n<title>KI Endpunkt - L\u00fcfterloser PC der Industrieklasse | TB-6145<\/title>\n<meta name=\"description\" content=\"Der TB-6145 ist ein KI-Endpunkt-PC in Industriequalit\u00e4t, der entweder mit einem Alder Lake N97- oder Core i3-Prozessor erh\u00e4ltlich ist. Es verf\u00fcgt \u00fcber 2,5 Gb Ethernet und DDR5 SDRAM.\" \/>\n<meta name=\"robots\" content=\"index, follow, max-snippet:-1, max-image-preview:large, max-video-preview:-1\" \/>\n<link rel=\"canonical\" href=\"https:\/\/teguar.com\/eu\/de\/product\/tb-6145\/\" \/>\n<meta property=\"og:locale\" content=\"de_DE\" \/>\n<meta property=\"og:type\" content=\"article\" \/>\n<meta property=\"og:title\" content=\"TB-6145\" \/>\n<meta property=\"og:description\" content=\"Der TB-6145 ist ein KI-Endpunkt-PC in Industriequalit\u00e4t, der entweder mit einem Alder Lake N97- oder Core i3-Prozessor erh\u00e4ltlich ist. Es verf\u00fcgt \u00fcber 2,5 Gb Ethernet und DDR5 SDRAM.\" \/>\n<meta property=\"og:url\" content=\"https:\/\/teguar.com\/eu\/de\/product\/tb-6145\/\" \/>\n<meta property=\"og:site_name\" content=\"Teguar\" \/>\n<meta property=\"article:modified_time\" content=\"2026-03-06T13:15:37+00:00\" \/>\n<meta property=\"og:image\" content=\"https:\/\/teguar.com\/eu\/wp-content\/uploads\/sites\/2\/2026\/03\/TB-6145-Hero-Angle.png\" \/>\n\t<meta property=\"og:image:width\" content=\"1000\" \/>\n\t<meta property=\"og:image:height\" content=\"1000\" \/>\n\t<meta property=\"og:image:type\" content=\"image\/png\" \/>\n<meta name=\"twitter:card\" content=\"summary_large_image\" \/>\n<meta name=\"twitter:label1\" content=\"Gesch\u00e4tzte Lesezeit\" \/>\n\t<meta name=\"twitter:data1\" content=\"1\u00a0Minute\" \/>\n<script type=\"application\/ld+json\" class=\"yoast-schema-graph\">{\"@context\":\"https:\/\/schema.org\",\"@graph\":[{\"@type\":\"WebPage\",\"@id\":\"https:\/\/teguar.com\/eu\/de\/product\/tb-6145\/\",\"url\":\"https:\/\/teguar.com\/eu\/de\/product\/tb-6145\/\",\"name\":\"KI Endpunkt - L\u00fcfterloser PC der Industrieklasse | TB-6145\",\"isPartOf\":{\"@id\":\"https:\/\/teguar.com\/eu\/en\/#website\"},\"primaryImageOfPage\":{\"@id\":\"https:\/\/teguar.com\/eu\/de\/product\/tb-6145\/#primaryimage\"},\"image\":{\"@id\":\"https:\/\/teguar.com\/eu\/de\/product\/tb-6145\/#primaryimage\"},\"thumbnailUrl\":\"https:\/\/teguar.com\/eu\/wp-content\/uploads\/sites\/2\/2026\/03\/TB-6145-Hero-Angle.png\",\"datePublished\":\"2025-09-08T14:11:51+00:00\",\"dateModified\":\"2026-03-06T13:15:37+00:00\",\"description\":\"Der TB-6145 ist ein KI-Endpunkt-PC in Industriequalit\u00e4t, der entweder mit einem Alder Lake N97- oder Core i3-Prozessor erh\u00e4ltlich ist. Es verf\u00fcgt \u00fcber 2,5 Gb Ethernet und DDR5 SDRAM.\",\"breadcrumb\":{\"@id\":\"https:\/\/teguar.com\/eu\/de\/product\/tb-6145\/#breadcrumb\"},\"inLanguage\":\"de\",\"potentialAction\":[{\"@type\":\"ReadAction\",\"target\":[\"https:\/\/teguar.com\/eu\/de\/product\/tb-6145\/\"]}]},{\"@type\":\"ImageObject\",\"inLanguage\":\"de\",\"@id\":\"https:\/\/teguar.com\/eu\/de\/product\/tb-6145\/#primaryimage\",\"url\":\"https:\/\/teguar.com\/eu\/wp-content\/uploads\/sites\/2\/2026\/03\/TB-6145-Hero-Angle.png\",\"contentUrl\":\"https:\/\/teguar.com\/eu\/wp-content\/uploads\/sites\/2\/2026\/03\/TB-6145-Hero-Angle.png\",\"width\":1000,\"height\":1000,\"caption\":\"TB-6145-Hero-Angle\"},{\"@type\":\"BreadcrumbList\",\"@id\":\"https:\/\/teguar.com\/eu\/de\/product\/tb-6145\/#breadcrumb\",\"itemListElement\":[{\"@type\":\"ListItem\",\"position\":1,\"name\":\"Home\",\"item\":\"https:\/\/teguar.com\/eu\/de\/\"},{\"@type\":\"ListItem\",\"position\":2,\"name\":\"TB-6145\"}]},{\"@type\":\"WebSite\",\"@id\":\"https:\/\/teguar.com\/eu\/en\/#website\",\"url\":\"https:\/\/teguar.com\/eu\/en\/\",\"name\":\"Teguar\",\"description\":\"Industrial PCs, Medical Computers, and Rugged Tablets\",\"potentialAction\":[{\"@type\":\"SearchAction\",\"target\":{\"@type\":\"EntryPoint\",\"urlTemplate\":\"https:\/\/teguar.com\/eu\/en\/?s={search_term_string}\"},\"query-input\":{\"@type\":\"PropertyValueSpecification\",\"valueRequired\":true,\"valueName\":\"search_term_string\"}}],\"inLanguage\":\"de\"}]}<\/script>\n<!-- \/ Yoast SEO Premium plugin. -->","yoast_head_json":{"title":"KI Endpunkt - L\u00fcfterloser PC der Industrieklasse | TB-6145","description":"Der TB-6145 ist ein KI-Endpunkt-PC in Industriequalit\u00e4t, der entweder mit einem Alder Lake N97- oder Core i3-Prozessor erh\u00e4ltlich ist. Es verf\u00fcgt \u00fcber 2,5 Gb Ethernet und DDR5 SDRAM.","robots":{"index":"index","follow":"follow","max-snippet":"max-snippet:-1","max-image-preview":"max-image-preview:large","max-video-preview":"max-video-preview:-1"},"canonical":"https:\/\/teguar.com\/eu\/de\/product\/tb-6145\/","og_locale":"de_DE","og_type":"article","og_title":"TB-6145","og_description":"Der TB-6145 ist ein KI-Endpunkt-PC in Industriequalit\u00e4t, der entweder mit einem Alder Lake N97- oder Core i3-Prozessor erh\u00e4ltlich ist. Es verf\u00fcgt \u00fcber 2,5 Gb Ethernet und DDR5 SDRAM.","og_url":"https:\/\/teguar.com\/eu\/de\/product\/tb-6145\/","og_site_name":"Teguar","article_modified_time":"2026-03-06T13:15:37+00:00","og_image":[{"width":1000,"height":1000,"url":"https:\/\/teguar.com\/eu\/wp-content\/uploads\/sites\/2\/2026\/03\/TB-6145-Hero-Angle.png","type":"image\/png"}],"twitter_card":"summary_large_image","twitter_misc":{"Gesch\u00e4tzte Lesezeit":"1\u00a0Minute"},"schema":{"@context":"https:\/\/schema.org","@graph":[{"@type":"WebPage","@id":"https:\/\/teguar.com\/eu\/de\/product\/tb-6145\/","url":"https:\/\/teguar.com\/eu\/de\/product\/tb-6145\/","name":"KI Endpunkt - L\u00fcfterloser PC der Industrieklasse | TB-6145","isPartOf":{"@id":"https:\/\/teguar.com\/eu\/en\/#website"},"primaryImageOfPage":{"@id":"https:\/\/teguar.com\/eu\/de\/product\/tb-6145\/#primaryimage"},"image":{"@id":"https:\/\/teguar.com\/eu\/de\/product\/tb-6145\/#primaryimage"},"thumbnailUrl":"https:\/\/teguar.com\/eu\/wp-content\/uploads\/sites\/2\/2026\/03\/TB-6145-Hero-Angle.png","datePublished":"2025-09-08T14:11:51+00:00","dateModified":"2026-03-06T13:15:37+00:00","description":"Der TB-6145 ist ein KI-Endpunkt-PC in Industriequalit\u00e4t, der entweder mit einem Alder Lake N97- oder Core i3-Prozessor erh\u00e4ltlich ist. Es verf\u00fcgt \u00fcber 2,5 Gb Ethernet und DDR5 SDRAM.","breadcrumb":{"@id":"https:\/\/teguar.com\/eu\/de\/product\/tb-6145\/#breadcrumb"},"inLanguage":"de","potentialAction":[{"@type":"ReadAction","target":["https:\/\/teguar.com\/eu\/de\/product\/tb-6145\/"]}]},{"@type":"ImageObject","inLanguage":"de","@id":"https:\/\/teguar.com\/eu\/de\/product\/tb-6145\/#primaryimage","url":"https:\/\/teguar.com\/eu\/wp-content\/uploads\/sites\/2\/2026\/03\/TB-6145-Hero-Angle.png","contentUrl":"https:\/\/teguar.com\/eu\/wp-content\/uploads\/sites\/2\/2026\/03\/TB-6145-Hero-Angle.png","width":1000,"height":1000,"caption":"TB-6145-Hero-Angle"},{"@type":"BreadcrumbList","@id":"https:\/\/teguar.com\/eu\/de\/product\/tb-6145\/#breadcrumb","itemListElement":[{"@type":"ListItem","position":1,"name":"Home","item":"https:\/\/teguar.com\/eu\/de\/"},{"@type":"ListItem","position":2,"name":"TB-6145"}]},{"@type":"WebSite","@id":"https:\/\/teguar.com\/eu\/en\/#website","url":"https:\/\/teguar.com\/eu\/en\/","name":"Teguar","description":"Industrial PCs, Medical Computers, and Rugged Tablets","potentialAction":[{"@type":"SearchAction","target":{"@type":"EntryPoint","urlTemplate":"https:\/\/teguar.com\/eu\/en\/?s={search_term_string}"},"query-input":{"@type":"PropertyValueSpecification","valueRequired":true,"valueName":"search_term_string"}}],"inLanguage":"de"}]}},"_links":{"self":[{"href":"https:\/\/teguar.com\/eu\/de\/wp-json\/wp\/v2\/product\/2243155","targetHints":{"allow":["GET"]}}],"collection":[{"href":"https:\/\/teguar.com\/eu\/de\/wp-json\/wp\/v2\/product"}],"about":[{"href":"https:\/\/teguar.com\/eu\/de\/wp-json\/wp\/v2\/types\/product"}],"wp:featuredmedia":[{"embeddable":true,"href":"https:\/\/teguar.com\/eu\/de\/wp-json\/wp\/v2\/media\/2248786"}],"wp:attachment":[{"href":"https:\/\/teguar.com\/eu\/de\/wp-json\/wp\/v2\/media?parent=2243155"}],"wp:term":[{"taxonomy":"product_brand","embeddable":true,"href":"https:\/\/teguar.com\/eu\/de\/wp-json\/wp\/v2\/product_brand?post=2243155"},{"taxonomy":"product_cat","embeddable":true,"href":"https:\/\/teguar.com\/eu\/de\/wp-json\/wp\/v2\/product_cat?post=2243155"},{"taxonomy":"product_tag","embeddable":true,"href":"https:\/\/teguar.com\/eu\/de\/wp-json\/wp\/v2\/product_tag?post=2243155"},{"taxonomy":"product_label","embeddable":true,"href":"https:\/\/teguar.com\/eu\/de\/wp-json\/wp\/v2\/product_label?post=2243155"}],"curies":[{"name":"wp","href":"https:\/\/api.w.org\/{rel}","templated":true}]}}