{"id":2249033,"date":"2026-04-13T13:28:03","date_gmt":"2026-04-13T13:28:03","guid":{"rendered":"https:\/\/teguar.com\/eu\/?page_id=2249033"},"modified":"2026-04-13T13:28:09","modified_gmt":"2026-04-13T13:28:09","slug":"impressum","status":"publish","type":"page","link":"https:\/\/teguar.com\/eu\/de\/impressum\/","title":{"rendered":"Impressum und Haftungsausschluss"},"content":{"rendered":"<h3>Anbieterer<\/h3>\n\n\n<p>TEGUAR AG<br>Churerstrasse 54<br>8808 Pf\u00e4ffikon<br>Switzerland<\/p>\n\n\n\n<p>Telefon: +41 41 561 5311<br>E-Mail: <a href=\"&#x6d;&#x61;&#105;&#108;to&#x3a;&#x73;&#x61;&#108;es.&#x45;&#x55;&#x40;&#116;eg&#x75;&#x61;&#x72;&#46;&#99;om\">&#x73;&#x61;&#108;es&#x2e;&#x45;&#x55;&#64;te&#x67;&#x75;&#97;r.&#x63;&#x6f;&#x6d;<\/a><\/p>\n\n\n<h3>Vertretungsberechtigt<\/h3>\n\n\n<p>Gesch\u00e4ftsf\u00fchrer:<br>Jonathan Staub<\/p>\n\n\n<h3>Handelsregistereintrag<\/h3>\n\n\n<p>Eingetragener Firmenname: TEGUAR AG<br>Rechtsform: Aktiengesellschaft<br>Handelsregister-Nummer: CH-130.3.035.231-4<\/p>\n\n\n<h3>Mehrwertsteuer<\/h3>\n\n\n<p>Mehrwertsteuernummer:<br>CHE-187.746.869 MWST<\/p>\n\n\n<h2>Haftungsausschluss<\/h2>\n\n<h3>Inhalte der Website<\/h3>\n\n\n<p>Die Inhalte dieser Website werden mit gr\u00f6sster Sorgfalt erstellt. Die TEGUAR AG \u00fcbernimmt jedoch keine Gew\u00e4hr f\u00fcr die Richtigkeit, Vollst\u00e4ndigkeit und Aktualit\u00e4t der bereitgestellten Inhalte.<\/p>\n\n\n\n<p>Haftungsanspr\u00fcche gegen die TEGUAR AG wegen Sch\u00e4den materieller oder immaterieller Art, welche aus dem Zugriff oder der Nutzung bzw. Nichtnutzung der ver\u00f6ffentlichten Informationen entstehen, sind ausgeschlossen, sofern kein nachweislich vors\u00e4tzliches oder grobfahrl\u00e4ssiges Verschulden vorliegt.<\/p>\n\n\n\n<p>Die TEGUAR AG beh\u00e4lt sich ausdr\u00fccklich vor, Inhalte jederzeit ohne Vorank\u00fcndigung zu \u00e4ndern, zu erg\u00e4nzen oder zu l\u00f6schen.<\/p>\n\n\n<h3>Verweise und Links<\/h3>\n\n\n<p>Diese Website kann Links zu externen Websites Dritter enthalten. Auf deren Inhalte hat die TEGUAR AG keinen Einfluss und \u00fcbernimmt daf\u00fcr keine Verantwortung.<\/p>\n\n\n\n<p>Zum Zeitpunkt der Verlinkung waren keine rechtswidrigen Inhalte erkennbar. Eine permanente Kontrolle der verlinkten Seiten ist ohne konkrete Hinweise nicht zumutbar. Bei Bekanntwerden von Rechtsverletzungen werden entsprechende Links umgehend entfernt.<\/p>\n\n\n<h3>Urheberrechte<\/h3>\n\n\n<p>Die Inhalte und Werke auf dieser Website unterliegen dem schweizerischen Urheberrecht.<\/p>\n\n\n\n<p>Alle Rechte bleiben vorbehalten. Die Vervielf\u00e4ltigung, Bearbeitung, Verbreitung oder Verwendung au\u00dferhalb der gesetzlichen Schranken bedarf der vorherigen schriftlichen Zustimmung der TEGUAR AG.<\/p>\n\n\n\n<p>Marken- und Warenzeichen Dritter unterliegen den Rechten der jeweiligen Eigent\u00fcmer.<\/p>\n","protected":false},"excerpt":{"rendered":"<p>Anbieterer TEGUAR AGChurerstrasse 548808 Pf\u00e4ffikonSwitzerland Telefon: +41 41 561 5311E-Mail: &#x73;&#x61;&#x6c;&#101;&#115;.EU&#x40;&#x74;&#x65;&#x67;&#117;ar.&#x63;&#x6f;&#x6d; Vertretungsberechtigt Gesch\u00e4ftsf\u00fchrer:Jonathan Staub Handelsregistereintrag Eingetragener Firmenname: TEGUAR AGRechtsform: AktiengesellschaftHandelsregister-Nummer: CH-130.3.035.231-4 Mehrwertsteuer Mehrwertsteuernummer:CHE-187.746.869 MWST Haftungsausschluss Inhalte der Website Die Inhalte dieser Website werden mit gr\u00f6sster Sorgfalt erstellt. Die TEGUAR AG \u00fcbernimmt jedoch keine Gew\u00e4hr f\u00fcr die Richtigkeit, Vollst\u00e4ndigkeit und Aktualit\u00e4t der bereitgestellten Inhalte. Haftungsanspr\u00fcche gegen [&hellip;]<\/p>\n","protected":false},"author":3,"featured_media":0,"parent":0,"menu_order":0,"comment_status":"closed","ping_status":"closed","template":"templates\/template-content-page.php","meta":{"_acf_changed":false,"footnotes":""},"class_list":["post-2249033","page","type-page","status-publish","hentry"],"acf":[],"yoast_head":"<!-- This site is optimized with the Yoast SEO Premium plugin v26.8 (Yoast SEO v27.2) - https:\/\/yoast.com\/product\/yoast-seo-premium-wordpress\/ -->\n<title>Impressum und Haftungsausschluss - Teguar<\/title>\n<meta name=\"robots\" content=\"index, follow, max-snippet:-1, max-image-preview:large, max-video-preview:-1\" \/>\n<link rel=\"canonical\" href=\"https:\/\/teguar.com\/eu\/de\/impressum\/\" \/>\n<meta property=\"og:locale\" content=\"de_DE\" \/>\n<meta property=\"og:type\" content=\"article\" \/>\n<meta property=\"og:title\" content=\"Impressum und Haftungsausschluss\" \/>\n<meta property=\"og:description\" content=\"Anbieterer TEGUAR AGChurerstrasse 548808 Pf\u00e4ffikonSwitzerland Telefon: +41 41 561 5311E-Mail: sa&#108;&#x65;&#x73;.E&#085;&#x40;&#x74;&#x65;gu&#097;&#x72;&#x2e;co&#109; Vertretungsberechtigt Gesch\u00e4ftsf\u00fchrer:Jonathan Staub Handelsregistereintrag Eingetragener Firmenname: TEGUAR AGRechtsform: AktiengesellschaftHandelsregister-Nummer: CH-130.3.035.231-4 Mehrwertsteuer Mehrwertsteuernummer:CHE-187.746.869 MWST Haftungsausschluss Inhalte der Website Die Inhalte dieser Website werden mit gr\u00f6sster Sorgfalt erstellt. Die TEGUAR AG \u00fcbernimmt jedoch keine Gew\u00e4hr f\u00fcr die Richtigkeit, Vollst\u00e4ndigkeit und Aktualit\u00e4t der bereitgestellten Inhalte. Haftungsanspr\u00fcche gegen [&hellip;]\" \/>\n<meta property=\"og:url\" content=\"https:\/\/teguar.com\/eu\/de\/impressum\/\" \/>\n<meta property=\"og:site_name\" content=\"Teguar\" \/>\n<meta property=\"article:modified_time\" content=\"2026-04-13T13:28:09+00:00\" \/>\n<meta name=\"twitter:card\" content=\"summary_large_image\" \/>\n<meta name=\"twitter:label1\" content=\"Gesch\u00e4tzte Lesezeit\" \/>\n\t<meta name=\"twitter:data1\" content=\"1\u00a0Minute\" \/>\n<script type=\"application\/ld+json\" class=\"yoast-schema-graph\">{\"@context\":\"https:\/\/schema.org\",\"@graph\":[{\"@type\":\"WebPage\",\"@id\":\"https:\/\/teguar.com\/eu\/de\/impressum\/\",\"url\":\"https:\/\/teguar.com\/eu\/de\/impressum\/\",\"name\":\"Impressum und Haftungsausschluss - Teguar\",\"isPartOf\":{\"@id\":\"https:\/\/teguar.com\/eu\/en\/#website\"},\"datePublished\":\"2026-04-13T13:28:03+00:00\",\"dateModified\":\"2026-04-13T13:28:09+00:00\",\"breadcrumb\":{\"@id\":\"https:\/\/teguar.com\/eu\/de\/impressum\/#breadcrumb\"},\"inLanguage\":\"de\",\"potentialAction\":[{\"@type\":\"ReadAction\",\"target\":[\"https:\/\/teguar.com\/eu\/de\/impressum\/\"]}]},{\"@type\":\"BreadcrumbList\",\"@id\":\"https:\/\/teguar.com\/eu\/de\/impressum\/#breadcrumb\",\"itemListElement\":[{\"@type\":\"ListItem\",\"position\":1,\"name\":\"Home\",\"item\":\"https:\/\/teguar.com\/eu\/de\/\"},{\"@type\":\"ListItem\",\"position\":2,\"name\":\"Impressum und Haftungsausschluss\"}]},{\"@type\":\"WebSite\",\"@id\":\"https:\/\/teguar.com\/eu\/en\/#website\",\"url\":\"https:\/\/teguar.com\/eu\/en\/\",\"name\":\"Teguar\",\"description\":\"Industrial PCs, Medical Computers, and Rugged Tablets\",\"potentialAction\":[{\"@type\":\"SearchAction\",\"target\":{\"@type\":\"EntryPoint\",\"urlTemplate\":\"https:\/\/teguar.com\/eu\/en\/?s={search_term_string}\"},\"query-input\":{\"@type\":\"PropertyValueSpecification\",\"valueRequired\":true,\"valueName\":\"search_term_string\"}}],\"inLanguage\":\"de\"}]}<\/script>\n<!-- \/ Yoast SEO Premium plugin. -->","yoast_head_json":{"title":"Impressum und Haftungsausschluss - Teguar","robots":{"index":"index","follow":"follow","max-snippet":"max-snippet:-1","max-image-preview":"max-image-preview:large","max-video-preview":"max-video-preview:-1"},"canonical":"https:\/\/teguar.com\/eu\/de\/impressum\/","og_locale":"de_DE","og_type":"article","og_title":"Impressum und Haftungsausschluss","og_description":"Anbieterer TEGUAR AGChurerstrasse 548808 Pf\u00e4ffikonSwitzerland Telefon: +41 41 561 5311E-Mail: sa&#108;&#x65;&#x73;.E&#85;&#x40;&#x74;&#x65;gu&#97;&#x72;&#x2e;co&#109; Vertretungsberechtigt Gesch\u00e4ftsf\u00fchrer:Jonathan Staub Handelsregistereintrag Eingetragener Firmenname: TEGUAR AGRechtsform: AktiengesellschaftHandelsregister-Nummer: CH-130.3.035.231-4 Mehrwertsteuer Mehrwertsteuernummer:CHE-187.746.869 MWST Haftungsausschluss Inhalte der Website Die Inhalte dieser Website werden mit gr\u00f6sster Sorgfalt erstellt. Die TEGUAR AG \u00fcbernimmt jedoch keine Gew\u00e4hr f\u00fcr die Richtigkeit, Vollst\u00e4ndigkeit und Aktualit\u00e4t der bereitgestellten Inhalte. Haftungsanspr\u00fcche gegen [&hellip;]","og_url":"https:\/\/teguar.com\/eu\/de\/impressum\/","og_site_name":"Teguar","article_modified_time":"2026-04-13T13:28:09+00:00","twitter_card":"summary_large_image","twitter_misc":{"Gesch\u00e4tzte Lesezeit":"1\u00a0Minute"},"schema":{"@context":"https:\/\/schema.org","@graph":[{"@type":"WebPage","@id":"https:\/\/teguar.com\/eu\/de\/impressum\/","url":"https:\/\/teguar.com\/eu\/de\/impressum\/","name":"Impressum und Haftungsausschluss - Teguar","isPartOf":{"@id":"https:\/\/teguar.com\/eu\/en\/#website"},"datePublished":"2026-04-13T13:28:03+00:00","dateModified":"2026-04-13T13:28:09+00:00","breadcrumb":{"@id":"https:\/\/teguar.com\/eu\/de\/impressum\/#breadcrumb"},"inLanguage":"de","potentialAction":[{"@type":"ReadAction","target":["https:\/\/teguar.com\/eu\/de\/impressum\/"]}]},{"@type":"BreadcrumbList","@id":"https:\/\/teguar.com\/eu\/de\/impressum\/#breadcrumb","itemListElement":[{"@type":"ListItem","position":1,"name":"Home","item":"https:\/\/teguar.com\/eu\/de\/"},{"@type":"ListItem","position":2,"name":"Impressum und Haftungsausschluss"}]},{"@type":"WebSite","@id":"https:\/\/teguar.com\/eu\/en\/#website","url":"https:\/\/teguar.com\/eu\/en\/","name":"Teguar","description":"Industrial PCs, Medical Computers, and Rugged Tablets","potentialAction":[{"@type":"SearchAction","target":{"@type":"EntryPoint","urlTemplate":"https:\/\/teguar.com\/eu\/en\/?s={search_term_string}"},"query-input":{"@type":"PropertyValueSpecification","valueRequired":true,"valueName":"search_term_string"}}],"inLanguage":"de"}]}},"_links":{"self":[{"href":"https:\/\/teguar.com\/eu\/de\/wp-json\/wp\/v2\/pages\/2249033","targetHints":{"allow":["GET"]}}],"collection":[{"href":"https:\/\/teguar.com\/eu\/de\/wp-json\/wp\/v2\/pages"}],"about":[{"href":"https:\/\/teguar.com\/eu\/de\/wp-json\/wp\/v2\/types\/page"}],"author":[{"embeddable":true,"href":"https:\/\/teguar.com\/eu\/de\/wp-json\/wp\/v2\/users\/3"}],"replies":[{"embeddable":true,"href":"https:\/\/teguar.com\/eu\/de\/wp-json\/wp\/v2\/comments?post=2249033"}],"version-history":[{"count":1,"href":"https:\/\/teguar.com\/eu\/de\/wp-json\/wp\/v2\/pages\/2249033\/revisions"}],"predecessor-version":[{"id":2249034,"href":"https:\/\/teguar.com\/eu\/de\/wp-json\/wp\/v2\/pages\/2249033\/revisions\/2249034"}],"wp:attachment":[{"href":"https:\/\/teguar.com\/eu\/de\/wp-json\/wp\/v2\/media?parent=2249033"}],"curies":[{"name":"wp","href":"https:\/\/api.w.org\/{rel}","templated":true}]}}