{"id":2248997,"date":"2026-04-10T18:38:28","date_gmt":"2026-04-10T18:38:28","guid":{"rendered":"https:\/\/teguar.com\/eu\/open-frame-computer-monitore\/"},"modified":"2026-04-10T18:51:12","modified_gmt":"2026-04-10T18:51:12","slug":"open-frame-computer-monitore","status":"publish","type":"page","link":"https:\/\/teguar.com\/eu\/de\/open-frame-computer-monitore\/","title":{"rendered":"Open Frame Computer &amp; Monitore"},"content":{"rendered":"    <section class=\"content-with-side-media\">\n        <div class=\"container\">\n            <div class=\"text wysiwyg\">\n                                    <h2>Teguar Panel PCs in jeder Umgebung montieren<\/h2>\n<p>Open-Frame-Mount-Computer und -Displays sind spezialisierte Industriel\u00f6sungen, die f\u00fcr die nahtlose Integration in kundenspezifische Ger\u00e4te, Geh\u00e4use und platzbeschr\u00e4nkte Umgebungen entwickelt wurden. Im Gegensatz zu vollst\u00e4ndig geschlossenen Systemen bieten Open-Frame-Ger\u00e4te die Flexibilit\u00e4t, die Maschinenbauer und <a href=\"https:\/\/teguar.com\/eu\/de\/oem-odm-kundenspezifische-design-dienstleistungen-fuer-industriecomputer\/\">OEMs<\/a> bei der Entwicklung von eingebetteten Anwendungen wie Kiosken, Automatisierungsger\u00e4ten, Au\u00dfensteuerungsstationen und interaktiven Systemen mit Kundenkontakt ben\u00f6tigen. <\/p>\n<p>Diese robusten Computer und Bildschirme bieten eine zuverl\u00e4ssige Leistung und lassen sich problemlos in bestehende Strukturen einbauen. Damit sind sie ideal f\u00fcr Projekte, bei denen handels\u00fcbliche Ger\u00e4te die Anforderungen an die Abmessungen oder den Betrieb nicht erf\u00fcllen k\u00f6nnen.<\/p>\n                            <\/div>\n\n            <div class=\"media\">\n                <img loading=\"lazy\" decoding=\"async\" src=\"https:\/\/teguar.com\/eu\/wp-content\/uploads\/sites\/2\/2026\/04\/Teguar-Open-Frame-Computer.png\" width=\"640\" height=\"569\" alt=\"Teguar-Open-Frame-Computer\" class=\"large lazy\" srcset=\"https:\/\/teguar.com\/eu\/wp-content\/uploads\/sites\/2\/2026\/04\/Teguar-Open-Frame-Computer.png 1000w, https:\/\/teguar.com\/eu\/wp-content\/uploads\/sites\/2\/2026\/04\/Teguar-Open-Frame-Computer-300x267.png 300w, https:\/\/teguar.com\/eu\/wp-content\/uploads\/sites\/2\/2026\/04\/Teguar-Open-Frame-Computer-768x683.png 768w, https:\/\/teguar.com\/eu\/wp-content\/uploads\/sites\/2\/2026\/04\/Teguar-Open-Frame-Computer-169x150.png 169w, https:\/\/teguar.com\/eu\/wp-content\/uploads\/sites\/2\/2026\/04\/Teguar-Open-Frame-Computer-162x144.png 162w, https:\/\/teguar.com\/eu\/wp-content\/uploads\/sites\/2\/2026\/04\/Teguar-Open-Frame-Computer-600x533.png 600w\"loading=\"lazy\" \/>            <\/div>\n        <\/div>\n    <\/section>\n\n\n    <section class=\"content-with-side-media is-reversed section-spacing\">\n        <div class=\"container\">\n            <div class=\"text wysiwyg\">\n                                    <h2>Abgestimmt auf spezifische industrielle Anforderungen<\/h2>\n<p>Der Bedarf an Einbaul\u00f6sungen f\u00fcr offene Rahmen wird durch die hochspezifischen Anforderungen industrieller und kommerzieller Anwendungen bestimmt. Viele Kunden ben\u00f6tigen Bildschirme und Computersysteme, die in enge R\u00e4ume passen, im Dauerbetrieb funktionieren und anspruchsvollen Bedingungen wie Feuchtigkeit, Staub, Vibrationen oder Au\u00dfeneinsatz standhalten. <\/p>\n<p>Herk\u00f6mmlichen Monitoren und PCs von der Stange fehlt es oft an der f\u00fcr diese Umgebungen erforderlichen Langlebigkeit, Flexibilit\u00e4t bei der Anpassung oder Kompatibilit\u00e4t mit anderen Formfaktoren. Teguar stellt sich diesen Herausforderungen, indem es sich auf Open-Frame-Displays und -Computer mit Bildschirmgr\u00f6\u00dfen von 8&#8243; bis 24&#8243; spezialisiert und robuste, leistungsstarke Optionen anbietet, die auf Maschinenbauer, Kioskhersteller, Autowaschanlagen, Au\u00dfeninstallationen und mehr zugeschnitten sind. <\/p>\n<p>Mit dem Fachwissen von Teguar im Bereich Industriedesign und integrationsorientierten L\u00f6sungen erhalten Kunden die zuverl\u00e4ssige Grundlage, die sie ben\u00f6tigen, um zweckgerichtete Systeme zu bauen, die in anspruchsvollen realen Umgebungen zuverl\u00e4ssig funktionieren.<\/p>\n<p>&nbsp;<\/p>\n<p style=\"text-align: center\"><a class=\"button button-blue button-get-a-quick-quote\" href=\"https:\/\/teguar.com\/eu\/de\/open-frame-computer-monitore\/#get-a-quick-quote\">Schnelles Angebot einholen<\/a><\/p>\n                            <\/div>\n\n            <div class=\"media\">\n                <img loading=\"lazy\" decoding=\"async\" src=\"https:\/\/teguar.com\/eu\/wp-content\/uploads\/sites\/2\/2026\/04\/Open-Frame-Computers-and-Displays-Category-Image.png\" width=\"476\" height=\"561\" alt=\"Open-Frame-Computers-and-Displays-Category-Image\" class=\"large lazy\" srcset=\"https:\/\/teguar.com\/eu\/wp-content\/uploads\/sites\/2\/2026\/04\/Open-Frame-Computers-and-Displays-Category-Image.png 476w, https:\/\/teguar.com\/eu\/wp-content\/uploads\/sites\/2\/2026\/04\/Open-Frame-Computers-and-Displays-Category-Image-255x300.png 255w, https:\/\/teguar.com\/eu\/wp-content\/uploads\/sites\/2\/2026\/04\/Open-Frame-Computers-and-Displays-Category-Image-127x150.png 127w, https:\/\/teguar.com\/eu\/wp-content\/uploads\/sites\/2\/2026\/04\/Open-Frame-Computers-and-Displays-Category-Image-122x144.png 122w\"loading=\"lazy\" \/>            <\/div>\n        <\/div>\n    <\/section>\n\n\n\n<section class=\"trustbox\">\n    <!-- TrustBox script -->\r\n<script type=\"text\/javascript\" src=\"\/\/widget.trustpilot.com\/bootstrap\/v5\/tp.widget.bootstrap.min.js\" async><\/script>\r\n<!-- End TrustBox script -->\r\n<div class=\"wysiwyg\"><h2 class=\"wp-block-heading has-text-align-center\">Kundenrezensionen<\/h2><\/div>\r\n<!-- TrustBox widget - Carousel -->\r\n<div class=\"trustpilot-widget\" data-locale=\"de-DE\" data-template-id=\"53aa8912dec7e10d38f59f36\" data-businessunit-id=\"5e83c4f75a0be6000165ae1b\" data-style-height=\"140px\" data-style-width=\"100%\" data-token=\"cdd7c87b-6bed-400a-8278-a6e96ad4cd9f\" data-tags=\"SelectedReview\">\r\n  <a href=\"https:\/\/de.trustpilot.com\/review\/teguar.com\" target=\"_blank\" rel=\"noopener\">Trustpilot<\/a>\r\n<\/div>\r\n<!-- End TrustBox widget -->\r\n<\/div>\r\n\r\n<br \/><br \/><br \/><\/section>\n\n\n\n\n<div class=\"wp-block-columns is-layout-flex wp-container-core-columns-is-layout-9d6595d7 wp-block-columns-is-layout-flex\">\n<div class=\"wp-block-column is-layout-flow wp-block-column-is-layout-flow\" style=\"flex-basis:25%\">\n<div style=\"height:100px\" aria-hidden=\"true\" class=\"wp-block-spacer\"><\/div>\n<\/div>\n\n\n\n<div class=\"wp-block-column is-layout-flow wp-block-column-is-layout-flow\" style=\"flex-basis:50%\">\n<section class=\"hubspot-form section-spacing\">\n    <script charset=\"utf-8\" type=\"text\/javascript\" src=\"\/\/js.hsforms.net\/forms\/embed\/v2.js\"><\/script>\r\n<script>\r\n  hbspt.forms.create({\r\n    portalId: \"21497995\",\r\n    formId: \"11a43242-0316-4b23-9e13-2f6bc9b8edde\",\r\n    region: \"na1\"\r\n  });\r\n<\/script><\/section>\n\n<\/div>\n\n\n\n<div class=\"wp-block-column is-layout-flow wp-block-column-is-layout-flow\" style=\"flex-basis:25%\">\n<div style=\"height:100px\" aria-hidden=\"true\" class=\"wp-block-spacer\"><\/div>\n<\/div>\n<\/div>\n","protected":false},"excerpt":{"rendered":"","protected":false},"author":3,"featured_media":0,"parent":0,"menu_order":0,"comment_status":"closed","ping_status":"closed","template":"templates\/template-content-page.php","meta":{"_acf_changed":false,"footnotes":""},"class_list":["post-2248997","page","type-page","status-publish","hentry"],"acf":[],"yoast_head":"<!-- This site is optimized with the Yoast SEO Premium plugin v26.8 (Yoast SEO v27.2) - https:\/\/yoast.com\/product\/yoast-seo-premium-wordpress\/ -->\n<title>Open Frame Computer &amp; Monitore - Teguar<\/title>\n<meta name=\"description\" content=\"Optimieren Sie Ihre Integration mit den industriellen Open Frame Computern und Monitoren von Teguar. Leistungsstarke, robuste Konstruktionen, die sich nahtlos in Kioske und OEMs einf\u00fcgen.\" \/>\n<meta name=\"robots\" content=\"index, follow, max-snippet:-1, max-image-preview:large, max-video-preview:-1\" \/>\n<link rel=\"canonical\" href=\"https:\/\/teguar.com\/eu\/de\/open-frame-computer-monitore\/\" \/>\n<meta property=\"og:locale\" content=\"de_DE\" \/>\n<meta property=\"og:type\" content=\"article\" \/>\n<meta property=\"og:title\" content=\"Open Frame Computer &amp; Monitore\" \/>\n<meta property=\"og:description\" content=\"Optimieren Sie Ihre Integration mit den industriellen Open Frame Computern und Monitoren von Teguar. Leistungsstarke, robuste Konstruktionen, die sich nahtlos in Kioske und OEMs einf\u00fcgen.\" \/>\n<meta property=\"og:url\" content=\"https:\/\/teguar.com\/eu\/de\/open-frame-computer-monitore\/\" \/>\n<meta property=\"og:site_name\" content=\"Teguar\" \/>\n<meta property=\"article:modified_time\" content=\"2026-04-10T18:51:12+00:00\" \/>\n<meta name=\"twitter:card\" content=\"summary_large_image\" \/>\n<script type=\"application\/ld+json\" class=\"yoast-schema-graph\">{\"@context\":\"https:\/\/schema.org\",\"@graph\":[{\"@type\":\"WebPage\",\"@id\":\"https:\/\/teguar.com\/eu\/de\/open-frame-computer-monitore\/\",\"url\":\"https:\/\/teguar.com\/eu\/de\/open-frame-computer-monitore\/\",\"name\":\"Open Frame Computer &amp; Monitore - Teguar\",\"isPartOf\":{\"@id\":\"https:\/\/teguar.com\/eu\/en\/#website\"},\"datePublished\":\"2026-04-10T18:38:28+00:00\",\"dateModified\":\"2026-04-10T18:51:12+00:00\",\"description\":\"Optimieren Sie Ihre Integration mit den industriellen Open Frame Computern und Monitoren von Teguar. Leistungsstarke, robuste Konstruktionen, die sich nahtlos in Kioske und OEMs einf\u00fcgen.\",\"breadcrumb\":{\"@id\":\"https:\/\/teguar.com\/eu\/de\/open-frame-computer-monitore\/#breadcrumb\"},\"inLanguage\":\"de\",\"potentialAction\":[{\"@type\":\"ReadAction\",\"target\":[\"https:\/\/teguar.com\/eu\/de\/open-frame-computer-monitore\/\"]}]},{\"@type\":\"BreadcrumbList\",\"@id\":\"https:\/\/teguar.com\/eu\/de\/open-frame-computer-monitore\/#breadcrumb\",\"itemListElement\":[{\"@type\":\"ListItem\",\"position\":1,\"name\":\"Home\",\"item\":\"https:\/\/teguar.com\/eu\/de\/\"},{\"@type\":\"ListItem\",\"position\":2,\"name\":\"Open Frame Computer &amp; Monitore\"}]},{\"@type\":\"WebSite\",\"@id\":\"https:\/\/teguar.com\/eu\/en\/#website\",\"url\":\"https:\/\/teguar.com\/eu\/en\/\",\"name\":\"Teguar\",\"description\":\"Industrial PCs, Medical Computers, and Rugged Tablets\",\"potentialAction\":[{\"@type\":\"SearchAction\",\"target\":{\"@type\":\"EntryPoint\",\"urlTemplate\":\"https:\/\/teguar.com\/eu\/en\/?s={search_term_string}\"},\"query-input\":{\"@type\":\"PropertyValueSpecification\",\"valueRequired\":true,\"valueName\":\"search_term_string\"}}],\"inLanguage\":\"de\"}]}<\/script>\n<!-- \/ Yoast SEO Premium plugin. -->","yoast_head_json":{"title":"Open Frame Computer &amp; Monitore - Teguar","description":"Optimieren Sie Ihre Integration mit den industriellen Open Frame Computern und Monitoren von Teguar. Leistungsstarke, robuste Konstruktionen, die sich nahtlos in Kioske und OEMs einf\u00fcgen.","robots":{"index":"index","follow":"follow","max-snippet":"max-snippet:-1","max-image-preview":"max-image-preview:large","max-video-preview":"max-video-preview:-1"},"canonical":"https:\/\/teguar.com\/eu\/de\/open-frame-computer-monitore\/","og_locale":"de_DE","og_type":"article","og_title":"Open Frame Computer &amp; Monitore","og_description":"Optimieren Sie Ihre Integration mit den industriellen Open Frame Computern und Monitoren von Teguar. Leistungsstarke, robuste Konstruktionen, die sich nahtlos in Kioske und OEMs einf\u00fcgen.","og_url":"https:\/\/teguar.com\/eu\/de\/open-frame-computer-monitore\/","og_site_name":"Teguar","article_modified_time":"2026-04-10T18:51:12+00:00","twitter_card":"summary_large_image","schema":{"@context":"https:\/\/schema.org","@graph":[{"@type":"WebPage","@id":"https:\/\/teguar.com\/eu\/de\/open-frame-computer-monitore\/","url":"https:\/\/teguar.com\/eu\/de\/open-frame-computer-monitore\/","name":"Open Frame Computer &amp; Monitore - Teguar","isPartOf":{"@id":"https:\/\/teguar.com\/eu\/en\/#website"},"datePublished":"2026-04-10T18:38:28+00:00","dateModified":"2026-04-10T18:51:12+00:00","description":"Optimieren Sie Ihre Integration mit den industriellen Open Frame Computern und Monitoren von Teguar. Leistungsstarke, robuste Konstruktionen, die sich nahtlos in Kioske und OEMs einf\u00fcgen.","breadcrumb":{"@id":"https:\/\/teguar.com\/eu\/de\/open-frame-computer-monitore\/#breadcrumb"},"inLanguage":"de","potentialAction":[{"@type":"ReadAction","target":["https:\/\/teguar.com\/eu\/de\/open-frame-computer-monitore\/"]}]},{"@type":"BreadcrumbList","@id":"https:\/\/teguar.com\/eu\/de\/open-frame-computer-monitore\/#breadcrumb","itemListElement":[{"@type":"ListItem","position":1,"name":"Home","item":"https:\/\/teguar.com\/eu\/de\/"},{"@type":"ListItem","position":2,"name":"Open Frame Computer &amp; Monitore"}]},{"@type":"WebSite","@id":"https:\/\/teguar.com\/eu\/en\/#website","url":"https:\/\/teguar.com\/eu\/en\/","name":"Teguar","description":"Industrial PCs, Medical Computers, and Rugged Tablets","potentialAction":[{"@type":"SearchAction","target":{"@type":"EntryPoint","urlTemplate":"https:\/\/teguar.com\/eu\/en\/?s={search_term_string}"},"query-input":{"@type":"PropertyValueSpecification","valueRequired":true,"valueName":"search_term_string"}}],"inLanguage":"de"}]}},"_links":{"self":[{"href":"https:\/\/teguar.com\/eu\/de\/wp-json\/wp\/v2\/pages\/2248997","targetHints":{"allow":["GET"]}}],"collection":[{"href":"https:\/\/teguar.com\/eu\/de\/wp-json\/wp\/v2\/pages"}],"about":[{"href":"https:\/\/teguar.com\/eu\/de\/wp-json\/wp\/v2\/types\/page"}],"author":[{"embeddable":true,"href":"https:\/\/teguar.com\/eu\/de\/wp-json\/wp\/v2\/users\/3"}],"replies":[{"embeddable":true,"href":"https:\/\/teguar.com\/eu\/de\/wp-json\/wp\/v2\/comments?post=2248997"}],"version-history":[{"count":2,"href":"https:\/\/teguar.com\/eu\/de\/wp-json\/wp\/v2\/pages\/2248997\/revisions"}],"predecessor-version":[{"id":2249000,"href":"https:\/\/teguar.com\/eu\/de\/wp-json\/wp\/v2\/pages\/2248997\/revisions\/2249000"}],"wp:attachment":[{"href":"https:\/\/teguar.com\/eu\/de\/wp-json\/wp\/v2\/media?parent=2248997"}],"curies":[{"name":"wp","href":"https:\/\/api.w.org\/{rel}","templated":true}]}}