{"id":2248597,"date":"2026-01-30T20:50:07","date_gmt":"2026-01-30T20:50:07","guid":{"rendered":"https:\/\/teguar.com\/eu\/unser-partner-cat-squared\/"},"modified":"2026-01-30T21:03:58","modified_gmt":"2026-01-30T21:03:58","slug":"cat-squared","status":"publish","type":"page","link":"https:\/\/teguar.com\/eu\/de\/cat-squared\/","title":{"rendered":"Unser Partner: CAT Squared"},"content":{"rendered":"\n<div style=\"height:56px\" aria-hidden=\"true\" class=\"wp-block-spacer\"><\/div>\n\n\n\n<section class=\"homepage-hero\">\n\n            <img decoding=\"async\" fetchpriority=\"high\" class=\"background-image\" src=\"https:\/\/teguar.com\/eu\/wp-content\/uploads\/sites\/2\/2026\/01\/CAT-Squared-Website-Banner-1.jpg\" alt=\"\">\n    \n    <div class=\"container\">\n        <div class=\"grid\">\n            <div class=\"column\">\n                                    <h1 class=\"title wysiwyg\"><p style=\"text-align: center;color: #12151D;padding-left: 50pt\">Teguar und CAT Squared<\/p><\/h1>\n                \n                                    <p class=\"description wysiwyg\"><p style=\"text-align: center;color: #12151D;padding-left: 50pt;font-size: 14pt\"><strong>CAT Squared<\/strong> entwirft intelligente Fabrikl\u00f6sungen, die eine kontinuierliche Verbesserung f\u00fcr ihre Benutzer in der Lebensmittel- und Getr\u00e4nkeverarbeitung erm\u00f6glichen. <strong>Teguar<\/strong> ist ein ausgewiesener Experte in allen Fragen industrieller Computer-Hardware und bietet eine Vielzahl von Industriecomputern und Panel-PCs, die den Anforderungen nahezu jeder Anwendung gerecht werden.<\/p>\n<p style=\"text-align: center;color: #12151D;padding-left: 50pt;font-size: 14pt\">Beide Unternehmen bieten einen erstklassigen Kundenservice f\u00fcr Produktauswahl, Auftragsverwaltung und langfristigen Support. Wenn Sie auf der Suche nach einer vollst\u00e4ndig integrierten Fertigungsl\u00f6sung von der Hardware bis zur Software sind, dann ist die Kombination aus den Industriecomputern von Teguar und den Fertigungsautomatisierungs- und Managementdiensten von CAT Squared genau das Richtige. <\/p>\n<\/p>\n                \n                            <\/div>\n\n            <div class=\"column\">\n                            <\/div>\n        <\/div>\n    <\/div>\n<\/section>\n\n\n\n\n\n\n<h1 class=\"wp-block-heading has-text-align-center\" id=\"h-cynergy-vollstandig-integriertes-pflanzen-boden-system\">CYNERGY\u2122 &#8211; Vollst\u00e4ndig integriertes Pflanzen-Boden-System<\/h1>\n\n\n    <section class=\"content-with-side-media is-reversed\">\n        <div class=\"container\">\n            <div class=\"text wysiwyg\">\n                                    <p>Die modulare MES (Manufacturing Execution System)-L\u00f6sung von CAT Squared erm\u00f6glicht Anwendern die Datenerfassung in Echtzeit im Betrieb, die Erstellung von Berichten \u00fcber Produktion und Lagerbestand sowie die R\u00fcckverfolgbarkeit vom Erzeuger zum Verbraucher.<\/p>\n<p>Das Sammeln von normalisierten Daten aus standardisierten Prozessen (innerhalb des Werks, im gesamten Unternehmen und in der gesamten Wertsch\u00f6pfungskette) gibt Entscheidungstr\u00e4gern Zugang zu aussagekr\u00e4ftigen Berichten, die eine fundierte Entscheidungsfindung erm\u00f6glichen.<\/p>\n<p class=\"has-text-align-center\"><strong><a href=\"https:\/\/www.catsquared.com\/solutions\" target=\"_blank\">Entdecken Sie CYNERGY\u2122.<\/a><\/strong><\/p>\n                            <\/div>\n\n            <div class=\"media\">\n                <img loading=\"lazy\" decoding=\"async\" src=\"https:\/\/teguar.com\/eu\/wp-content\/uploads\/sites\/2\/2026\/01\/TM-5900-24i-Cynergy-Powered-by-CATSquared-1024x731.jpg\" width=\"640\" height=\"457\" alt=\"TM-5900-24i-Cynergy-Powered-by-CATSquared\" class=\"large lazy\" srcset=\"https:\/\/teguar.com\/eu\/wp-content\/uploads\/sites\/2\/2026\/01\/TM-5900-24i-Cynergy-Powered-by-CATSquared-1024x731.jpg 1024w, https:\/\/teguar.com\/eu\/wp-content\/uploads\/sites\/2\/2026\/01\/TM-5900-24i-Cynergy-Powered-by-CATSquared-300x214.jpg 300w, https:\/\/teguar.com\/eu\/wp-content\/uploads\/sites\/2\/2026\/01\/TM-5900-24i-Cynergy-Powered-by-CATSquared-768x548.jpg 768w, https:\/\/teguar.com\/eu\/wp-content\/uploads\/sites\/2\/2026\/01\/TM-5900-24i-Cynergy-Powered-by-CATSquared-210x150.jpg 210w, https:\/\/teguar.com\/eu\/wp-content\/uploads\/sites\/2\/2026\/01\/TM-5900-24i-Cynergy-Powered-by-CATSquared-164x117.jpg 164w, https:\/\/teguar.com\/eu\/wp-content\/uploads\/sites\/2\/2026\/01\/TM-5900-24i-Cynergy-Powered-by-CATSquared-600x429.jpg 600w, https:\/\/teguar.com\/eu\/wp-content\/uploads\/sites\/2\/2026\/01\/TM-5900-24i-Cynergy-Powered-by-CATSquared.jpg 1200w\"loading=\"lazy\" \/>            <\/div>\n        <\/div>\n    <\/section>\n\n\n\n<h2 class=\"wp-block-heading has-text-align-center\" id=\"h-vorteile-der-nutzung-von-cat-squared-mes-und-automatisierungsdiensten-mit-teguar-fur-eine-gemeinsame-losung\">Vorteile der Nutzung von CAT Squared MES und Automatisierungsdiensten mit Teguar f\u00fcr eine gemeinsame L\u00f6sung<\/h2>\n\n\n<div class=\"wp-block-image\">\n<figure class=\"aligncenter size-full\"><img decoding=\"async\" src=\"https:\/\/teguar.com\/wp-content\/uploads\/2025\/09\/CAT-Squared-and-Teguar-Icons.jpg\" alt=\"\" class=\"wp-image-2243185\"\/><\/figure>\n<\/div>\n\n\n<div class=\"wp-block-columns is-layout-flex wp-container-core-columns-is-layout-9d6595d7 wp-block-columns-is-layout-flex\">\n<div class=\"wp-block-column is-vertically-aligned-stretch is-layout-flow wp-block-column-is-layout-flow\">\n<h3 class=\"wp-block-heading has-text-align-center\" id=\"h-datenverarbeitung-in-echtzeit\">Datenverarbeitung in Echtzeit<\/h3>\n\n\n\n<p class=\"has-text-align-center\">Starke Verarbeitungsleistung und umsetzbare Daten in Echtzeit erleichtern eine fundierte, proaktive Entscheidungsfindung.<\/p>\n<\/div>\n\n\n\n<div class=\"wp-block-column is-vertically-aligned-stretch is-layout-flow wp-block-column-is-layout-flow\">\n<h3 class=\"wp-block-heading has-text-align-center\" id=\"h-schneller-und-dauerhafter-roi\">Schneller und dauerhafter ROI<\/h3>\n\n\n\n<p class=\"has-text-align-center\">Dank der wettbewerbsf\u00e4higen Preise f\u00fcr langlebige Hardware und der Verbesserung der Effizienz berichten unsere Kunden von einer schnellen und hohen Investitionsrendite.<\/p>\n<\/div>\n\n\n\n<div class=\"wp-block-column is-vertically-aligned-stretch is-layout-flow wp-block-column-is-layout-flow\">\n<h3 class=\"wp-block-heading has-text-align-center\" id=\"h-zuverlassige-hardware-fur-lange-zeit\">Zuverl\u00e4ssige Hardware f\u00fcr lange Zeit<\/h3>\n\n\n\n<p class=\"has-text-align-center\">Robuste Computer, auf die Sie sich verlassen k\u00f6nnen, verbessern die OEE, erh\u00f6hen die Betriebszeit und CYNERGY\u2122 erstellt und vergibt automatisch Arbeitsauftr\u00e4ge auf der Grundlage von Anomalieerkennung.<\/p>\n<\/div>\n<\/div>\n\n\n\n<div style=\"height:87px\" aria-hidden=\"true\" class=\"wp-block-spacer\"><\/div>\n\n\n\n<h2 class=\"wp-block-heading has-text-align-center\" id=\"ignition-ready-computers\">CYNERGY\u2122-bereite Computer<\/h2>\n\n\n\n<p>Kontaktieren Sie uns mit dem untenstehenden Formular, um weitere Informationen \u00fcber diese Ger\u00e4te zu erhalten. In der Zwischenzeit k\u00f6nnen Sie <a href=\"https:\/\/www.catsquared.com\/solutions\" target=\"_blank\" rel=\"noreferrer noopener\">CYNERGY\u2122<\/a> L\u00f6sungen <a href=\"https:\/\/www.catsquared.com\/solutions\" target=\"_blank\" rel=\"noreferrer noopener\">hier<\/a> und andere <a href=\"https:\/\/teguar.com\/eu\/de\/wasserdichte-computer\/\">Edelstahlcomputer<\/a> von Teguar <a href=\"https:\/\/teguar.com\/eu\/de\/wasserdichte-computer\/\">hier<\/a> entdecken.<\/p>\n\n\n\n<div class=\"wp-block-columns is-layout-flex wp-container-core-columns-is-layout-9d6595d7 wp-block-columns-is-layout-flex\">\n<div class=\"wp-block-column is-layout-flow wp-block-column-is-layout-flow\">\n<figure class=\"wp-block-image size-full\"><img decoding=\"async\" src=\"https:\/\/teguar.com\/wp-content\/uploads\/2025\/10\/TS-4845-17-Cynergy-Powered-by-CATSquared.png\" alt=\"\" class=\"wp-image-2243375\"\/><\/figure>\n\n\n\n<h2 class=\"wp-block-heading\" id=\"h-cat-4845-17\">CAT-4845-17<\/h2>\n\n\n\n<ul class=\"wp-block-list\">\n<li>Celeron J6412 Prozessor Passmark Bewertung 3839<\/li>\n\n\n\n<li>IP66 Geh\u00e4use aus Edelstahl<\/li>\n\n\n\n<li>Wasserdichte M12 E\/A-Steckverbinder<\/li>\n<\/ul>\n<\/div>\n\n\n\n<div class=\"wp-block-column is-layout-flow wp-block-column-is-layout-flow\">\n<figure class=\"wp-block-image size-full\"><img decoding=\"async\" src=\"https:\/\/teguar.com\/wp-content\/uploads\/2025\/10\/TRT-5380-12-Cynergy-Powered-by-CATSquared.png\" alt=\"\" class=\"wp-image-2243376\"\/><\/figure>\n\n\n\n<h2 class=\"wp-block-heading\" id=\"h-cat-5380-12\">CAT-5380-12<\/h2>\n\n\n\n<ul class=\"wp-block-list\">\n<li>12,2&#8243; LCD Gorilla Glass Touchscreen<\/li>\n\n\n\n<li>Intel\u00ae Jasper Lake Quad-Core CPU<\/li>\n\n\n\n<li>Pogo Pin Erweiterung f\u00fcr Docking Stations<\/li>\n<\/ul>\n<\/div>\n\n\n\n<div class=\"wp-block-column is-layout-flow wp-block-column-is-layout-flow\">\n<figure class=\"wp-block-image size-full\"><img decoding=\"async\" src=\"https:\/\/teguar.com\/wp-content\/uploads\/2025\/10\/TS-7045-17-Cynergy-Powered-by-CATSquared.png\" alt=\"\" class=\"wp-image-2243377\"\/><\/figure>\n\n\n\n<h2 class=\"wp-block-heading\" id=\"h-cat-7045-17\">CAT-7045-17<\/h2>\n\n\n\n<ul class=\"wp-block-list\">\n<li>5-Draht-Resistiv-Touchscreen<\/li>\n\n\n\n<li>Vollst\u00e4ndiges IP66-Edelstahl-Geh\u00e4use<\/li>\n\n\n\n<li>Intel Core\u2122 i3-Prozessor der 12.<\/li>\n<\/ul>\n<\/div>\n<\/div>\n\n\n\n<div style=\"height:70px\" aria-hidden=\"true\" class=\"wp-block-spacer\"><\/div>\n\n\n\n<h2 class=\"wp-block-heading has-text-align-center\" id=\"h-kontaktieren-sie-uns\">Kontaktieren Sie uns<\/h2>\n\n\n\n<section class=\"hubspot-form\">\n    <script charset=\"utf-8\" type=\"text\/javascript\" src=\"\/\/js.hsforms.net\/forms\/embed\/v2.js\"><\/script>\r\n<script>\r\n  hbspt.forms.create({\r\n    portalId: \"21497995\",\r\n    formId: \"11a43242-0316-4b23-9e13-2f6bc9b8edde\",\r\n    region: \"na1\"\r\n  });\r\n<\/script><\/section>\n\n\n\n\n<div style=\"height:100px\" aria-hidden=\"true\" class=\"wp-block-spacer\"><\/div>\n","protected":false},"excerpt":{"rendered":"<p>CYNERGY\u2122 &#8211; Vollst\u00e4ndig integriertes Pflanzen-Boden-System Vorteile der Nutzung von CAT Squared MES und Automatisierungsdiensten mit Teguar f\u00fcr eine gemeinsame L\u00f6sung Datenverarbeitung in Echtzeit Starke Verarbeitungsleistung und umsetzbare Daten in Echtzeit erleichtern eine fundierte, proaktive Entscheidungsfindung. Schneller und dauerhafter ROI Dank der wettbewerbsf\u00e4higen Preise f\u00fcr langlebige Hardware und der Verbesserung der Effizienz berichten unsere Kunden von [&hellip;]<\/p>\n","protected":false},"author":3,"featured_media":0,"parent":0,"menu_order":0,"comment_status":"closed","ping_status":"closed","template":"templates\/template-content-page.php","meta":{"_acf_changed":false,"footnotes":""},"class_list":["post-2248597","page","type-page","status-publish","hentry"],"acf":[],"yoast_head":"<!-- This site is optimized with the Yoast SEO Premium plugin v26.8 (Yoast SEO v27.2) - https:\/\/yoast.com\/product\/yoast-seo-premium-wordpress\/ -->\n<title>Unser Partner: CAT Squared - Teguar<\/title>\n<meta name=\"robots\" content=\"index, follow, max-snippet:-1, max-image-preview:large, max-video-preview:-1\" \/>\n<link rel=\"canonical\" href=\"https:\/\/teguar.com\/eu\/de\/cat-squared\/\" \/>\n<meta property=\"og:locale\" content=\"de_DE\" \/>\n<meta property=\"og:type\" content=\"article\" \/>\n<meta property=\"og:title\" content=\"Unser Partner: CAT Squared\" \/>\n<meta property=\"og:description\" content=\"CYNERGY\u2122 &#8211; Vollst\u00e4ndig integriertes Pflanzen-Boden-System Vorteile der Nutzung von CAT Squared MES und Automatisierungsdiensten mit Teguar f\u00fcr eine gemeinsame L\u00f6sung Datenverarbeitung in Echtzeit Starke Verarbeitungsleistung und umsetzbare Daten in Echtzeit erleichtern eine fundierte, proaktive Entscheidungsfindung. Schneller und dauerhafter ROI Dank der wettbewerbsf\u00e4higen Preise f\u00fcr langlebige Hardware und der Verbesserung der Effizienz berichten unsere Kunden von [&hellip;]\" \/>\n<meta property=\"og:url\" content=\"https:\/\/teguar.com\/eu\/de\/cat-squared\/\" \/>\n<meta property=\"og:site_name\" content=\"Teguar\" \/>\n<meta property=\"article:modified_time\" content=\"2026-01-30T21:03:58+00:00\" \/>\n<meta property=\"og:image\" content=\"https:\/\/teguar.com\/wp-content\/uploads\/2025\/09\/CAT-Squared-and-Teguar-Icons.jpg\" \/>\n<meta name=\"twitter:card\" content=\"summary_large_image\" \/>\n<meta name=\"twitter:label1\" content=\"Gesch\u00e4tzte Lesezeit\" \/>\n\t<meta name=\"twitter:data1\" content=\"2\u00a0Minuten\" \/>\n<script type=\"application\/ld+json\" class=\"yoast-schema-graph\">{\"@context\":\"https:\/\/schema.org\",\"@graph\":[{\"@type\":\"WebPage\",\"@id\":\"https:\/\/teguar.com\/eu\/de\/cat-squared\/\",\"url\":\"https:\/\/teguar.com\/eu\/de\/cat-squared\/\",\"name\":\"Unser Partner: CAT Squared - Teguar\",\"isPartOf\":{\"@id\":\"https:\/\/teguar.com\/eu\/en\/#website\"},\"primaryImageOfPage\":{\"@id\":\"https:\/\/teguar.com\/eu\/de\/cat-squared\/#primaryimage\"},\"image\":{\"@id\":\"https:\/\/teguar.com\/eu\/de\/cat-squared\/#primaryimage\"},\"thumbnailUrl\":\"https:\/\/teguar.com\/wp-content\/uploads\/2025\/09\/CAT-Squared-and-Teguar-Icons.jpg\",\"datePublished\":\"2026-01-30T20:50:07+00:00\",\"dateModified\":\"2026-01-30T21:03:58+00:00\",\"breadcrumb\":{\"@id\":\"https:\/\/teguar.com\/eu\/de\/cat-squared\/#breadcrumb\"},\"inLanguage\":\"de\",\"potentialAction\":[{\"@type\":\"ReadAction\",\"target\":[\"https:\/\/teguar.com\/eu\/de\/cat-squared\/\"]}]},{\"@type\":\"ImageObject\",\"inLanguage\":\"de\",\"@id\":\"https:\/\/teguar.com\/eu\/de\/cat-squared\/#primaryimage\",\"url\":\"https:\/\/teguar.com\/wp-content\/uploads\/2025\/09\/CAT-Squared-and-Teguar-Icons.jpg\",\"contentUrl\":\"https:\/\/teguar.com\/wp-content\/uploads\/2025\/09\/CAT-Squared-and-Teguar-Icons.jpg\"},{\"@type\":\"BreadcrumbList\",\"@id\":\"https:\/\/teguar.com\/eu\/de\/cat-squared\/#breadcrumb\",\"itemListElement\":[{\"@type\":\"ListItem\",\"position\":1,\"name\":\"Home\",\"item\":\"https:\/\/teguar.com\/eu\/de\/\"},{\"@type\":\"ListItem\",\"position\":2,\"name\":\"Unser Partner: CAT Squared\"}]},{\"@type\":\"WebSite\",\"@id\":\"https:\/\/teguar.com\/eu\/en\/#website\",\"url\":\"https:\/\/teguar.com\/eu\/en\/\",\"name\":\"Teguar\",\"description\":\"Industrial PCs, Medical Computers, and Rugged Tablets\",\"potentialAction\":[{\"@type\":\"SearchAction\",\"target\":{\"@type\":\"EntryPoint\",\"urlTemplate\":\"https:\/\/teguar.com\/eu\/en\/?s={search_term_string}\"},\"query-input\":{\"@type\":\"PropertyValueSpecification\",\"valueRequired\":true,\"valueName\":\"search_term_string\"}}],\"inLanguage\":\"de\"}]}<\/script>\n<!-- \/ Yoast SEO Premium plugin. -->","yoast_head_json":{"title":"Unser Partner: CAT Squared - Teguar","robots":{"index":"index","follow":"follow","max-snippet":"max-snippet:-1","max-image-preview":"max-image-preview:large","max-video-preview":"max-video-preview:-1"},"canonical":"https:\/\/teguar.com\/eu\/de\/cat-squared\/","og_locale":"de_DE","og_type":"article","og_title":"Unser Partner: CAT Squared","og_description":"CYNERGY\u2122 &#8211; Vollst\u00e4ndig integriertes Pflanzen-Boden-System Vorteile der Nutzung von CAT Squared MES und Automatisierungsdiensten mit Teguar f\u00fcr eine gemeinsame L\u00f6sung Datenverarbeitung in Echtzeit Starke Verarbeitungsleistung und umsetzbare Daten in Echtzeit erleichtern eine fundierte, proaktive Entscheidungsfindung. Schneller und dauerhafter ROI Dank der wettbewerbsf\u00e4higen Preise f\u00fcr langlebige Hardware und der Verbesserung der Effizienz berichten unsere Kunden von [&hellip;]","og_url":"https:\/\/teguar.com\/eu\/de\/cat-squared\/","og_site_name":"Teguar","article_modified_time":"2026-01-30T21:03:58+00:00","og_image":[{"url":"https:\/\/teguar.com\/wp-content\/uploads\/2025\/09\/CAT-Squared-and-Teguar-Icons.jpg","type":"","width":"","height":""}],"twitter_card":"summary_large_image","twitter_misc":{"Gesch\u00e4tzte Lesezeit":"2\u00a0Minuten"},"schema":{"@context":"https:\/\/schema.org","@graph":[{"@type":"WebPage","@id":"https:\/\/teguar.com\/eu\/de\/cat-squared\/","url":"https:\/\/teguar.com\/eu\/de\/cat-squared\/","name":"Unser Partner: CAT Squared - Teguar","isPartOf":{"@id":"https:\/\/teguar.com\/eu\/en\/#website"},"primaryImageOfPage":{"@id":"https:\/\/teguar.com\/eu\/de\/cat-squared\/#primaryimage"},"image":{"@id":"https:\/\/teguar.com\/eu\/de\/cat-squared\/#primaryimage"},"thumbnailUrl":"https:\/\/teguar.com\/wp-content\/uploads\/2025\/09\/CAT-Squared-and-Teguar-Icons.jpg","datePublished":"2026-01-30T20:50:07+00:00","dateModified":"2026-01-30T21:03:58+00:00","breadcrumb":{"@id":"https:\/\/teguar.com\/eu\/de\/cat-squared\/#breadcrumb"},"inLanguage":"de","potentialAction":[{"@type":"ReadAction","target":["https:\/\/teguar.com\/eu\/de\/cat-squared\/"]}]},{"@type":"ImageObject","inLanguage":"de","@id":"https:\/\/teguar.com\/eu\/de\/cat-squared\/#primaryimage","url":"https:\/\/teguar.com\/wp-content\/uploads\/2025\/09\/CAT-Squared-and-Teguar-Icons.jpg","contentUrl":"https:\/\/teguar.com\/wp-content\/uploads\/2025\/09\/CAT-Squared-and-Teguar-Icons.jpg"},{"@type":"BreadcrumbList","@id":"https:\/\/teguar.com\/eu\/de\/cat-squared\/#breadcrumb","itemListElement":[{"@type":"ListItem","position":1,"name":"Home","item":"https:\/\/teguar.com\/eu\/de\/"},{"@type":"ListItem","position":2,"name":"Unser Partner: CAT Squared"}]},{"@type":"WebSite","@id":"https:\/\/teguar.com\/eu\/en\/#website","url":"https:\/\/teguar.com\/eu\/en\/","name":"Teguar","description":"Industrial PCs, Medical Computers, and Rugged Tablets","potentialAction":[{"@type":"SearchAction","target":{"@type":"EntryPoint","urlTemplate":"https:\/\/teguar.com\/eu\/en\/?s={search_term_string}"},"query-input":{"@type":"PropertyValueSpecification","valueRequired":true,"valueName":"search_term_string"}}],"inLanguage":"de"}]}},"_links":{"self":[{"href":"https:\/\/teguar.com\/eu\/de\/wp-json\/wp\/v2\/pages\/2248597","targetHints":{"allow":["GET"]}}],"collection":[{"href":"https:\/\/teguar.com\/eu\/de\/wp-json\/wp\/v2\/pages"}],"about":[{"href":"https:\/\/teguar.com\/eu\/de\/wp-json\/wp\/v2\/types\/page"}],"author":[{"embeddable":true,"href":"https:\/\/teguar.com\/eu\/de\/wp-json\/wp\/v2\/users\/3"}],"replies":[{"embeddable":true,"href":"https:\/\/teguar.com\/eu\/de\/wp-json\/wp\/v2\/comments?post=2248597"}],"version-history":[{"count":3,"href":"https:\/\/teguar.com\/eu\/de\/wp-json\/wp\/v2\/pages\/2248597\/revisions"}],"predecessor-version":[{"id":2248602,"href":"https:\/\/teguar.com\/eu\/de\/wp-json\/wp\/v2\/pages\/2248597\/revisions\/2248602"}],"wp:attachment":[{"href":"https:\/\/teguar.com\/eu\/de\/wp-json\/wp\/v2\/media?parent=2248597"}],"curies":[{"name":"wp","href":"https:\/\/api.w.org\/{rel}","templated":true}]}}