{"id":2248566,"date":"2026-01-29T18:26:48","date_gmt":"2026-01-29T18:26:48","guid":{"rendered":"https:\/\/teguar.com\/eu\/?page_id=2248566"},"modified":"2026-03-27T18:39:34","modified_gmt":"2026-03-27T18:39:34","slug":"regiment-series","status":"publish","type":"page","link":"https:\/\/teguar.com\/eu\/de\/regiment-series\/","title":{"rendered":"Regiment Series"},"content":{"rendered":"<div class=\"wp-block-image\">\n<figure class=\"aligncenter size-full\"><img decoding=\"async\" src=\"https:\/\/teguar.com\/wp-content\/uploads\/2026\/01\/Regiment-Series-Header-draft2.jpg\" alt=\"Regiment Serie. TB-6293 Scout, TB-7293 Optio, TB-7393 Regis. Teguar  \" class=\"wp-image-2244007\"\/><\/figure>\n<\/div>\n\n\n<h2 class=\"wp-block-heading has-text-align-center\" id=\"h-uber-die-regiment-series\">\u00dcber die Regiment Series<\/h2>\n\n\n\n<p>Die Regiment Series ist eine vielf\u00e4ltige Suite leistungsstarker Edge-Ger\u00e4te, die f\u00fcr eine End-to-End-KI-L\u00f6sung zusammengestellt wurden. Vom kleinen Datenmonitor am Rande bis hin zum Zentrum f\u00fcr k\u00fcnstliche Intelligenz im Herzen Ihres Industriesystems &#8211; die Regiment Series hat das richtige Ger\u00e4t f\u00fcr Sie. Alle drei robusten Computer \u00fcberleben und skalieren im industriellen Umfeld mit einem l\u00fcfterlosen Design und einem gro\u00dfen Betriebstemperaturbereich.  <\/p>\n\n\n\n<h3 class=\"wp-block-heading has-text-align-center\" id=\"h-eigenschaften\">Eigenschaften<\/h3>\n\n\n\n<div class=\"wp-block-columns is-layout-flex wp-container-core-columns-is-layout-9d6595d7 wp-block-columns-is-layout-flex\">\n<div class=\"wp-block-column is-layout-flow wp-block-column-is-layout-flow\">\n<div class=\"wp-block-columns is-layout-flex wp-container-core-columns-is-layout-9d6595d7 wp-block-columns-is-layout-flex\">\n<div class=\"wp-block-column is-layout-flow wp-block-column-is-layout-flow\"><div class=\"wp-block-image\">\n<figure class=\"aligncenter size-full is-resized\"><img decoding=\"async\" src=\"https:\/\/teguar.com\/wp-content\/uploads\/2026\/01\/regiment-cpu.png\" alt=\"CPU\" class=\"wp-image-2244073\" style=\"width:150px\"\/><\/figure>\n<\/div>\n\n\n<h4 class=\"wp-block-heading has-text-align-center\" id=\"h-neueste-lufterlose-meteor-lake-oder-twin-lake-prozessoren\"><strong>Neueste l\u00fcfterlose Meteor Lake oder Twin Lake Prozessoren<\/strong><\/h4>\n<\/div>\n\n\n\n<div class=\"wp-block-column is-layout-flow wp-block-column-is-layout-flow\"><div class=\"wp-block-image\">\n<figure class=\"aligncenter size-full is-resized\"><img decoding=\"async\" src=\"https:\/\/teguar.com\/wp-content\/uploads\/2026\/01\/regiment-temp-range.png\" alt=\"Temperaturbereich\" class=\"wp-image-2244072\" style=\"width:auto;height:150px\"\/><\/figure>\n<\/div>\n\n\n<h4 class=\"wp-block-heading has-text-align-center\" id=\"h-breite-dc-eingange-und-grosse-betriebstemperaturbereiche\"><strong>Breite DC-Eing\u00e4nge und gro\u00dfe Betriebstemperaturbereiche<\/strong><\/h4>\n<\/div>\n<\/div>\n<\/div>\n\n\n\n<div class=\"wp-block-column is-layout-flow wp-block-column-is-layout-flow\">\n<div class=\"wp-block-columns is-layout-flex wp-container-core-columns-is-layout-9d6595d7 wp-block-columns-is-layout-flex\">\n<div class=\"wp-block-column is-layout-flow wp-block-column-is-layout-flow\"><div class=\"wp-block-image\">\n<figure class=\"aligncenter size-full is-resized\"><img decoding=\"async\" src=\"https:\/\/teguar.com\/wp-content\/uploads\/2026\/01\/regiment-io.png\" alt=\"IO\" class=\"wp-image-2244074\" style=\"width:150px\"\/><\/figure>\n<\/div>\n\n\n<h4 class=\"wp-block-heading has-text-align-center\" id=\"h-vollstandige-io-funktion-mit-poe-usb-c-digital-io-hdmi-anschlussen\"><strong>Vollst\u00e4ndige IO-Funktion mit PoE, USB-C, Digital IO, HDMI-Anschl\u00fcssen<\/strong><\/h4>\n<\/div>\n\n\n\n<div class=\"wp-block-column is-layout-flow wp-block-column-is-layout-flow\"><div class=\"wp-block-image\">\n<figure class=\"aligncenter size-full is-resized\"><img decoding=\"async\" src=\"https:\/\/teguar.com\/wp-content\/uploads\/2026\/01\/regiment-rugged.png\" alt=\"Robuste\" class=\"wp-image-2244075\" style=\"width:150px\"\/><\/figure>\n<\/div>\n\n\n<h4 class=\"wp-block-heading has-text-align-center\" id=\"h-langlebig-aluminium-gehause\"><strong>Langlebig<\/strong> <strong>Aluminium Geh\u00e4use<\/strong><\/h4>\n<\/div>\n<\/div>\n<\/div>\n<\/div>\n\n\n\n<div style=\"height:100px\" aria-hidden=\"true\" class=\"wp-block-spacer\"><\/div>\n\n\n\n<figure class=\"wp-block-embed is-type-video is-provider-youtube wp-block-embed-youtube wp-embed-aspect-16-9 wp-has-aspect-ratio\"><div class=\"wp-block-embed__wrapper\">\n<iframe loading=\"lazy\" title=\"The Regiment Series: Edge AI Optimized IPCs | Box PCs from Teguar\" width=\"640\" height=\"360\" src=\"https:\/\/www.youtube.com\/embed\/qHfRK4-pKFc?feature=oembed\" frameborder=\"0\" allow=\"accelerometer; autoplay; clipboard-write; encrypted-media; gyroscope; picture-in-picture; web-share\" referrerpolicy=\"strict-origin-when-cross-origin\" allowfullscreen><\/iframe>\n<\/div><\/figure>\n\n\n\n<h2 class=\"wp-block-heading\" id=\"h-drei-einzigartige-produkte\">Drei einzigartige Produkte<\/h2>\n\n\n    <section class=\"content-with-side-media section-spacing\">\n        <div class=\"container\">\n            <div class=\"text wysiwyg\">\n                                    <h5><a href=\"https:\/\/teguar.com\/eu\/de\/product\/tb-7393\/\">REGIS | TB-7393<\/a><\/h5>\n<p>Entwickelt f\u00fcr Edge-KI-Arbeitslasten und robuste Umgebungen. Mit einer Core i-CPU, bis zu 96 GB RAM, E\/A- und PoE-Erweiterung und Grafikkartenunterst\u00fctzung sind der KI und industriellen Anwendungen keine Grenzen gesetzt. <\/p>\n<ul>\n<li>Unterst\u00fctzt Grafikkarten bis zu Nvidia RTX A2000\/RTX 4060<\/li>\n<li>2x Erweiterungssch\u00e4chte und 1x PoE-Erweiterung<\/li>\n<li>Benutzerdefinierte E\/A-Flexibilit\u00e4t<\/li>\n<\/ul>\n<p><a href=\"https:\/\/teguar.com\/eu\/de\/product\/tb-7393\/#tab-tech-specs\"><strong>Vollst\u00e4ndige Produktspezifikationen anzeigen<\/strong><\/a><\/p>\n                            <\/div>\n\n            <div class=\"media\">\n                <img loading=\"lazy\" decoding=\"async\" src=\"https:\/\/teguar.com\/eu\/wp-content\/uploads\/sites\/2\/2026\/01\/Regis-Series-Picture-2-1024x576.jpg\" width=\"640\" height=\"360\" alt=\"Regis-Series-Picture-2\" class=\"large lazy\" srcset=\"https:\/\/teguar.com\/eu\/wp-content\/uploads\/sites\/2\/2026\/01\/Regis-Series-Picture-2-1024x576.jpg 1024w, https:\/\/teguar.com\/eu\/wp-content\/uploads\/sites\/2\/2026\/01\/Regis-Series-Picture-2-300x169.jpg 300w, https:\/\/teguar.com\/eu\/wp-content\/uploads\/sites\/2\/2026\/01\/Regis-Series-Picture-2-768x432.jpg 768w, https:\/\/teguar.com\/eu\/wp-content\/uploads\/sites\/2\/2026\/01\/Regis-Series-Picture-2-1536x864.jpg 1536w, https:\/\/teguar.com\/eu\/wp-content\/uploads\/sites\/2\/2026\/01\/Regis-Series-Picture-2-267x150.jpg 267w, https:\/\/teguar.com\/eu\/wp-content\/uploads\/sites\/2\/2026\/01\/Regis-Series-Picture-2-164x92.jpg 164w, https:\/\/teguar.com\/eu\/wp-content\/uploads\/sites\/2\/2026\/01\/Regis-Series-Picture-2-600x338.jpg 600w, https:\/\/teguar.com\/eu\/wp-content\/uploads\/sites\/2\/2026\/01\/Regis-Series-Picture-2.jpg 1920w\"loading=\"lazy\" \/>            <\/div>\n        <\/div>\n    <\/section>\n\n\n    <section class=\"content-with-side-media is-reversed section-spacing\">\n        <div class=\"container\">\n            <div class=\"text wysiwyg\">\n                                    <p><a href=\"https:\/\/teguar.com\/eu\/de\/product\/tb-7293\/\"><strong>OPTIO | TB-7293<\/strong><\/a><\/p>\n<p>Eine Core Ultra CPU und E\/A, die die Nutzung von Peripherieger\u00e4ten maximiert, und das alles in einem kleinen Formfaktor. Drei Videoanschl\u00fcsse unterst\u00fctzen bis zu vier Bildschirme, w\u00e4hrend USB Peripherieger\u00e4te wie Kameras erm\u00f6glicht. <\/p>\n<ul>\n<li>Breite Betriebstemperatur bis zu -40\u00b0C<\/li>\n<li>Mobilfunkf\u00e4higkeit \u00fcber SATA-Steckplatz und Antennen<\/li>\n<li>Voll ausgestattete E\/A: 6 USB 3.2, 2 USB 2.0<\/li>\n<\/ul>\n<p><a href=\"https:\/\/teguar.com\/eu\/de\/product\/tb-7293\/#tab-tech-specs\"><strong>Vollst\u00e4ndige Produktspezifikationen anzeigen<\/strong><\/a><\/p>\n                            <\/div>\n\n            <div class=\"media\">\n                <img loading=\"lazy\" decoding=\"async\" src=\"https:\/\/teguar.com\/eu\/wp-content\/uploads\/sites\/2\/2026\/01\/Optio-Series-Picture-1024x576.jpg\" width=\"640\" height=\"360\" alt=\"Optio-Series-Picture\" class=\"large lazy\" srcset=\"https:\/\/teguar.com\/eu\/wp-content\/uploads\/sites\/2\/2026\/01\/Optio-Series-Picture-1024x576.jpg 1024w, https:\/\/teguar.com\/eu\/wp-content\/uploads\/sites\/2\/2026\/01\/Optio-Series-Picture-300x169.jpg 300w, https:\/\/teguar.com\/eu\/wp-content\/uploads\/sites\/2\/2026\/01\/Optio-Series-Picture-768x432.jpg 768w, https:\/\/teguar.com\/eu\/wp-content\/uploads\/sites\/2\/2026\/01\/Optio-Series-Picture-1536x864.jpg 1536w, https:\/\/teguar.com\/eu\/wp-content\/uploads\/sites\/2\/2026\/01\/Optio-Series-Picture-267x150.jpg 267w, https:\/\/teguar.com\/eu\/wp-content\/uploads\/sites\/2\/2026\/01\/Optio-Series-Picture-164x92.jpg 164w, https:\/\/teguar.com\/eu\/wp-content\/uploads\/sites\/2\/2026\/01\/Optio-Series-Picture-600x338.jpg 600w, https:\/\/teguar.com\/eu\/wp-content\/uploads\/sites\/2\/2026\/01\/Optio-Series-Picture.jpg 1920w\"loading=\"lazy\" \/>            <\/div>\n        <\/div>\n    <\/section>\n\n\n    <section class=\"content-with-side-media section-spacing\">\n        <div class=\"container\">\n            <div class=\"text wysiwyg\">\n                                    <p><a href=\"https:\/\/teguar.com\/eu\/de\/product\/tb-6293\/\"><strong>PFADFINDER | TB-6293<\/strong><\/a><\/p>\n<p>Das perfekte kleine Gateway f\u00fcr die Aggregation oder den Datentransport. Verbinden Sie es mit dem IoT oder einem zentralen Hub, um Daten \u00fcber Wi-Fi, Mobilfunk oder PoE zu senden. Unterst\u00fctzt nativ zwei Displays und kann mit Multi-Stream Transport (MST) erweitert werden.  <\/p>\n<ul>\n<li>Ultrakompaktes und schlankes Handheld-Design<\/li>\n<li>PoE-Optionen f\u00fcr Stromeingang oder -ausgang<\/li>\n<li>Inklusive DIN-Schienenhalterung<\/li>\n<\/ul>\n<p><a href=\"https:\/\/teguar.com\/eu\/de\/product\/tb-6293\/#tab-tech-specs\"><strong>Vollst\u00e4ndige Produktspezifikationen anzeigen<\/strong><\/a><\/p>\n                            <\/div>\n\n            <div class=\"media\">\n                <img loading=\"lazy\" decoding=\"async\" src=\"https:\/\/teguar.com\/eu\/wp-content\/uploads\/sites\/2\/2026\/01\/Scout-Series-Picture-1024x576.jpg\" width=\"640\" height=\"360\" alt=\"Scout-Series-Picture\" class=\"large lazy\" srcset=\"https:\/\/teguar.com\/eu\/wp-content\/uploads\/sites\/2\/2026\/01\/Scout-Series-Picture-1024x576.jpg 1024w, https:\/\/teguar.com\/eu\/wp-content\/uploads\/sites\/2\/2026\/01\/Scout-Series-Picture-300x169.jpg 300w, https:\/\/teguar.com\/eu\/wp-content\/uploads\/sites\/2\/2026\/01\/Scout-Series-Picture-768x432.jpg 768w, https:\/\/teguar.com\/eu\/wp-content\/uploads\/sites\/2\/2026\/01\/Scout-Series-Picture-1536x864.jpg 1536w, https:\/\/teguar.com\/eu\/wp-content\/uploads\/sites\/2\/2026\/01\/Scout-Series-Picture-267x150.jpg 267w, https:\/\/teguar.com\/eu\/wp-content\/uploads\/sites\/2\/2026\/01\/Scout-Series-Picture-164x92.jpg 164w, https:\/\/teguar.com\/eu\/wp-content\/uploads\/sites\/2\/2026\/01\/Scout-Series-Picture-600x338.jpg 600w, https:\/\/teguar.com\/eu\/wp-content\/uploads\/sites\/2\/2026\/01\/Scout-Series-Picture.jpg 1920w\"loading=\"lazy\" \/>            <\/div>\n        <\/div>\n    <\/section>\n\n\n    <section id=\"regiment-series\" class=\"products-by-tag section-spacing\">\n        <div class=\"container\">\n            <div class=\"header\">\n                                    <h2 class=\"headline\">Produkte der Regiment Serie kaufen<\/h2>\n                            <\/div>\n\n            <div class=\"grid product-card-grid-4\">\n                \n<div class=\"product-card\" class=\"product type-product post-2248492 status-publish first instock product_cat-edge-computer product_cat-embedded-pcs product_cat-ki-computer product_cat-lufterlose-pcs product_cat-rugged-computer product_tag-online-kaufen product_tag-regiment-serie has-post-thumbnail taxable shipping-taxable purchasable product-type-composite\">\n    <div class=\"media\">\n                        <a href=\"https:\/\/teguar.com\/eu\/de\/product\/tb-7393\/\">\n            <img decoding=\"async\" src=\"https:\/\/teguar.com\/eu\/wp-content\/uploads\/sites\/2\/2026\/01\/Regis-TB-7393-Front-Angle.png\" width=\"150\" height=\"150\" alt=\"Regis-TB-7393-Front-Angle\" class=\"hero-image thumb lazy\" loading=\"lazy\" \/>        <\/a>\n    <\/div>\n    <div class=\"content\">\n        <h3>\n            <a href=\"https:\/\/teguar.com\/eu\/de\/product\/tb-7393\/\" class=\"name\">\n                Regis TB-7393\n                            <\/a>\n        <\/h3>\n\n                    <div class=\"subtitle\">\n                Robuster AI Box PC            <\/div>\n\n        \n                    <div class=\"product-kh\">\n                <ul>\n<li>Leistungsstarke Intel\u00ae Desktop-CPU der 14. Generation<\/li>\n<li>Unterst\u00fctzt Grafikkarten bis zu Nvidia RTX A2000\/RTX 4060<\/li>\n<li>Dual-Channel-DDR5-Speicher (bis zu 96 GB)<\/li>\n<li>9\u201348 V Weitbereichsspannungseingang<\/li>\n<li>2x Erweiterungsslots und 1x PoE-Erweiterung<\/li>\n<li>Flexible benutzerdefinierte E\/A-Anschl\u00fcsse<\/li>\n<\/ul>\n            <\/div>\n        \n        <div class=\"c-footer\">\n            <a href=\"https:\/\/teguar.com\/eu\/de\/product\/tb-7393\/#get-a-quick-quote\" class=\"button button-blue button-get-a-quick-quote\" >Angebot anfordern<\/a>        <\/div>\n    <\/div>\n<\/div>\n\n\n<div class=\"product-card\" class=\"product type-product post-2248490 status-publish instock product_cat-edge-computer product_cat-embedded-pcs product_cat-ki-computer product_cat-lufterlose-pcs product_cat-rugged-computer product_tag-online-kaufen product_tag-regiment-serie has-post-thumbnail taxable shipping-taxable purchasable product-type-composite\">\n    <div class=\"media\">\n                        <a href=\"https:\/\/teguar.com\/eu\/de\/product\/tb-7293\/\">\n            <img decoding=\"async\" src=\"https:\/\/teguar.com\/eu\/wp-content\/uploads\/sites\/2\/2026\/01\/Optio-TB-7293-Front-Angle.png\" width=\"150\" height=\"150\" alt=\"Optio-TB-7293-Front-Angle\" class=\"hero-image thumb lazy\" loading=\"lazy\" \/>        <\/a>\n    <\/div>\n    <div class=\"content\">\n        <h3>\n            <a href=\"https:\/\/teguar.com\/eu\/de\/product\/tb-7293\/\" class=\"name\">\n                Optio TB-7293\n                            <\/a>\n        <\/h3>\n\n                    <div class=\"subtitle\">\n                Kompakter Core Ultra PC mit 8 USB            <\/div>\n\n        \n                    <div class=\"product-kh\">\n                <ul>\n<li>KI-f\u00e4hige Core Ultra CPU<\/li>\n<li>Breiter Betriebstemperaturbereich bis zu -40 \u00b0C<\/li>\n<li>Breiter Gleichstrom-Eingangsbereich<\/li>\n<li>Mobilfunkf\u00e4higkeit \u00fcber SATA-Steckplatz und Antennen<\/li>\n<li>Videoausgang \u00fcber USB-C<\/li>\n<li>Umfassende E\/A-Ausstattung: 6 USB 3.2, 2 USB 2.0<\/li>\n<\/ul>\n            <\/div>\n        \n        <div class=\"c-footer\">\n            <a href=\"https:\/\/teguar.com\/eu\/de\/product\/tb-7293\/#get-a-quick-quote\" class=\"button button-blue button-get-a-quick-quote\" >Angebot anfordern<\/a>        <\/div>\n    <\/div>\n<\/div>\n\n            <\/div>\n        <\/div>\n    <\/section>\n\n\n\n<section class=\"hubspot-form section-spacing\">\n    <script charset=\"utf-8\" type=\"text\/javascript\" src=\"\/\/js.hsforms.net\/forms\/embed\/v2.js\"><\/script>\r\n<script>\r\n  hbspt.forms.create({\r\n    portalId: \"21497995\",\r\n    formId: \"11a43242-0316-4b23-9e13-2f6bc9b8edde\",\r\n    region: \"na1\"\r\n  });\r\n<\/script><\/section>\n\n","protected":false},"excerpt":{"rendered":"<p>\u00dcber die Regiment Series Die Regiment Series ist eine vielf\u00e4ltige Suite leistungsstarker Edge-Ger\u00e4te, die f\u00fcr eine End-to-End-KI-L\u00f6sung zusammengestellt wurden. Vom kleinen Datenmonitor am Rande bis hin zum Zentrum f\u00fcr k\u00fcnstliche Intelligenz im Herzen Ihres Industriesystems &#8211; die Regiment Series hat das richtige Ger\u00e4t f\u00fcr Sie. Alle drei robusten Computer \u00fcberleben und skalieren im industriellen Umfeld [&hellip;]<\/p>\n","protected":false},"author":3,"featured_media":2248557,"parent":0,"menu_order":0,"comment_status":"closed","ping_status":"closed","template":"templates\/template-content-page.php","meta":{"_acf_changed":false,"footnotes":""},"class_list":["post-2248566","page","type-page","status-publish","has-post-thumbnail","hentry"],"acf":[],"yoast_head":"<!-- This site is optimized with the Yoast SEO Premium plugin v26.8 (Yoast SEO v27.2) - https:\/\/yoast.com\/product\/yoast-seo-premium-wordpress\/ -->\n<title>Regiment Series - Teguar<\/title>\n<meta name=\"robots\" content=\"index, follow, max-snippet:-1, max-image-preview:large, max-video-preview:-1\" \/>\n<link rel=\"canonical\" href=\"https:\/\/teguar.com\/eu\/de\/regiment-series\/\" \/>\n<meta property=\"og:locale\" content=\"de_DE\" \/>\n<meta property=\"og:type\" content=\"article\" \/>\n<meta property=\"og:title\" content=\"Regiment Series\" \/>\n<meta property=\"og:description\" content=\"\u00dcber die Regiment Series Die Regiment Series ist eine vielf\u00e4ltige Suite leistungsstarker Edge-Ger\u00e4te, die f\u00fcr eine End-to-End-KI-L\u00f6sung zusammengestellt wurden. Vom kleinen Datenmonitor am Rande bis hin zum Zentrum f\u00fcr k\u00fcnstliche Intelligenz im Herzen Ihres Industriesystems &#8211; die Regiment Series hat das richtige Ger\u00e4t f\u00fcr Sie. Alle drei robusten Computer \u00fcberleben und skalieren im industriellen Umfeld [&hellip;]\" \/>\n<meta property=\"og:url\" content=\"https:\/\/teguar.com\/eu\/de\/regiment-series\/\" \/>\n<meta property=\"og:site_name\" content=\"Teguar\" \/>\n<meta property=\"article:modified_time\" content=\"2026-03-27T18:39:34+00:00\" \/>\n<meta property=\"og:image\" content=\"https:\/\/teguar.com\/eu\/wp-content\/uploads\/sites\/2\/2026\/01\/Regiment-Series-Header-draft2.jpg\" \/>\n\t<meta property=\"og:image:width\" content=\"1920\" \/>\n\t<meta property=\"og:image:height\" content=\"1080\" \/>\n\t<meta property=\"og:image:type\" content=\"image\/jpeg\" \/>\n<meta name=\"twitter:card\" content=\"summary_large_image\" \/>\n<meta name=\"twitter:label1\" content=\"Gesch\u00e4tzte Lesezeit\" \/>\n\t<meta name=\"twitter:data1\" content=\"2\u00a0Minuten\" \/>\n<script type=\"application\/ld+json\" class=\"yoast-schema-graph\">{\"@context\":\"https:\/\/schema.org\",\"@graph\":[{\"@type\":\"WebPage\",\"@id\":\"https:\/\/teguar.com\/eu\/de\/regiment-series\/\",\"url\":\"https:\/\/teguar.com\/eu\/de\/regiment-series\/\",\"name\":\"Regiment Series - Teguar\",\"isPartOf\":{\"@id\":\"https:\/\/teguar.com\/eu\/en\/#website\"},\"primaryImageOfPage\":{\"@id\":\"https:\/\/teguar.com\/eu\/de\/regiment-series\/#primaryimage\"},\"image\":{\"@id\":\"https:\/\/teguar.com\/eu\/de\/regiment-series\/#primaryimage\"},\"thumbnailUrl\":\"https:\/\/teguar.com\/eu\/wp-content\/uploads\/sites\/2\/2026\/01\/Regiment-Series-Header-draft2.jpg\",\"datePublished\":\"2026-01-29T18:26:48+00:00\",\"dateModified\":\"2026-03-27T18:39:34+00:00\",\"breadcrumb\":{\"@id\":\"https:\/\/teguar.com\/eu\/de\/regiment-series\/#breadcrumb\"},\"inLanguage\":\"de\",\"potentialAction\":[{\"@type\":\"ReadAction\",\"target\":[\"https:\/\/teguar.com\/eu\/de\/regiment-series\/\"]}]},{\"@type\":\"ImageObject\",\"inLanguage\":\"de\",\"@id\":\"https:\/\/teguar.com\/eu\/de\/regiment-series\/#primaryimage\",\"url\":\"https:\/\/teguar.com\/eu\/wp-content\/uploads\/sites\/2\/2026\/01\/Regiment-Series-Header-draft2.jpg\",\"contentUrl\":\"https:\/\/teguar.com\/eu\/wp-content\/uploads\/sites\/2\/2026\/01\/Regiment-Series-Header-draft2.jpg\",\"width\":1920,\"height\":1080,\"caption\":\"Regiment-Serien-Kopfzeile-Entwurf2\"},{\"@type\":\"BreadcrumbList\",\"@id\":\"https:\/\/teguar.com\/eu\/de\/regiment-series\/#breadcrumb\",\"itemListElement\":[{\"@type\":\"ListItem\",\"position\":1,\"name\":\"Home\",\"item\":\"https:\/\/teguar.com\/eu\/de\/\"},{\"@type\":\"ListItem\",\"position\":2,\"name\":\"Regiment Series\"}]},{\"@type\":\"WebSite\",\"@id\":\"https:\/\/teguar.com\/eu\/en\/#website\",\"url\":\"https:\/\/teguar.com\/eu\/en\/\",\"name\":\"Teguar\",\"description\":\"Industrial PCs, Medical Computers, and Rugged Tablets\",\"potentialAction\":[{\"@type\":\"SearchAction\",\"target\":{\"@type\":\"EntryPoint\",\"urlTemplate\":\"https:\/\/teguar.com\/eu\/en\/?s={search_term_string}\"},\"query-input\":{\"@type\":\"PropertyValueSpecification\",\"valueRequired\":true,\"valueName\":\"search_term_string\"}}],\"inLanguage\":\"de\"}]}<\/script>\n<!-- \/ Yoast SEO Premium plugin. -->","yoast_head_json":{"title":"Regiment Series - Teguar","robots":{"index":"index","follow":"follow","max-snippet":"max-snippet:-1","max-image-preview":"max-image-preview:large","max-video-preview":"max-video-preview:-1"},"canonical":"https:\/\/teguar.com\/eu\/de\/regiment-series\/","og_locale":"de_DE","og_type":"article","og_title":"Regiment Series","og_description":"\u00dcber die Regiment Series Die Regiment Series ist eine vielf\u00e4ltige Suite leistungsstarker Edge-Ger\u00e4te, die f\u00fcr eine End-to-End-KI-L\u00f6sung zusammengestellt wurden. Vom kleinen Datenmonitor am Rande bis hin zum Zentrum f\u00fcr k\u00fcnstliche Intelligenz im Herzen Ihres Industriesystems &#8211; die Regiment Series hat das richtige Ger\u00e4t f\u00fcr Sie. Alle drei robusten Computer \u00fcberleben und skalieren im industriellen Umfeld [&hellip;]","og_url":"https:\/\/teguar.com\/eu\/de\/regiment-series\/","og_site_name":"Teguar","article_modified_time":"2026-03-27T18:39:34+00:00","og_image":[{"width":1920,"height":1080,"url":"https:\/\/teguar.com\/eu\/wp-content\/uploads\/sites\/2\/2026\/01\/Regiment-Series-Header-draft2.jpg","type":"image\/jpeg"}],"twitter_card":"summary_large_image","twitter_misc":{"Gesch\u00e4tzte Lesezeit":"2\u00a0Minuten"},"schema":{"@context":"https:\/\/schema.org","@graph":[{"@type":"WebPage","@id":"https:\/\/teguar.com\/eu\/de\/regiment-series\/","url":"https:\/\/teguar.com\/eu\/de\/regiment-series\/","name":"Regiment Series - Teguar","isPartOf":{"@id":"https:\/\/teguar.com\/eu\/en\/#website"},"primaryImageOfPage":{"@id":"https:\/\/teguar.com\/eu\/de\/regiment-series\/#primaryimage"},"image":{"@id":"https:\/\/teguar.com\/eu\/de\/regiment-series\/#primaryimage"},"thumbnailUrl":"https:\/\/teguar.com\/eu\/wp-content\/uploads\/sites\/2\/2026\/01\/Regiment-Series-Header-draft2.jpg","datePublished":"2026-01-29T18:26:48+00:00","dateModified":"2026-03-27T18:39:34+00:00","breadcrumb":{"@id":"https:\/\/teguar.com\/eu\/de\/regiment-series\/#breadcrumb"},"inLanguage":"de","potentialAction":[{"@type":"ReadAction","target":["https:\/\/teguar.com\/eu\/de\/regiment-series\/"]}]},{"@type":"ImageObject","inLanguage":"de","@id":"https:\/\/teguar.com\/eu\/de\/regiment-series\/#primaryimage","url":"https:\/\/teguar.com\/eu\/wp-content\/uploads\/sites\/2\/2026\/01\/Regiment-Series-Header-draft2.jpg","contentUrl":"https:\/\/teguar.com\/eu\/wp-content\/uploads\/sites\/2\/2026\/01\/Regiment-Series-Header-draft2.jpg","width":1920,"height":1080,"caption":"Regiment-Serien-Kopfzeile-Entwurf2"},{"@type":"BreadcrumbList","@id":"https:\/\/teguar.com\/eu\/de\/regiment-series\/#breadcrumb","itemListElement":[{"@type":"ListItem","position":1,"name":"Home","item":"https:\/\/teguar.com\/eu\/de\/"},{"@type":"ListItem","position":2,"name":"Regiment Series"}]},{"@type":"WebSite","@id":"https:\/\/teguar.com\/eu\/en\/#website","url":"https:\/\/teguar.com\/eu\/en\/","name":"Teguar","description":"Industrial PCs, Medical Computers, and Rugged Tablets","potentialAction":[{"@type":"SearchAction","target":{"@type":"EntryPoint","urlTemplate":"https:\/\/teguar.com\/eu\/en\/?s={search_term_string}"},"query-input":{"@type":"PropertyValueSpecification","valueRequired":true,"valueName":"search_term_string"}}],"inLanguage":"de"}]}},"_links":{"self":[{"href":"https:\/\/teguar.com\/eu\/de\/wp-json\/wp\/v2\/pages\/2248566","targetHints":{"allow":["GET"]}}],"collection":[{"href":"https:\/\/teguar.com\/eu\/de\/wp-json\/wp\/v2\/pages"}],"about":[{"href":"https:\/\/teguar.com\/eu\/de\/wp-json\/wp\/v2\/types\/page"}],"author":[{"embeddable":true,"href":"https:\/\/teguar.com\/eu\/de\/wp-json\/wp\/v2\/users\/3"}],"replies":[{"embeddable":true,"href":"https:\/\/teguar.com\/eu\/de\/wp-json\/wp\/v2\/comments?post=2248566"}],"version-history":[{"count":6,"href":"https:\/\/teguar.com\/eu\/de\/wp-json\/wp\/v2\/pages\/2248566\/revisions"}],"predecessor-version":[{"id":2248908,"href":"https:\/\/teguar.com\/eu\/de\/wp-json\/wp\/v2\/pages\/2248566\/revisions\/2248908"}],"wp:featuredmedia":[{"embeddable":true,"href":"https:\/\/teguar.com\/eu\/de\/wp-json\/wp\/v2\/media\/2248557"}],"wp:attachment":[{"href":"https:\/\/teguar.com\/eu\/de\/wp-json\/wp\/v2\/media?parent=2248566"}],"curies":[{"name":"wp","href":"https:\/\/api.w.org\/{rel}","templated":true}]}}