{"id":2243657,"date":"2025-03-25T22:03:35","date_gmt":"2025-03-25T22:03:35","guid":{"rendered":"https:\/\/teguar.com\/eu\/datenschutzbestimmungen\/"},"modified":"2025-10-16T12:45:52","modified_gmt":"2025-10-16T12:45:52","slug":"datenschutzbestimmungen","status":"publish","type":"page","link":"https:\/\/teguar.com\/eu\/de\/datenschutzbestimmungen\/","title":{"rendered":"Datenschutzbestimmungen"},"content":{"rendered":"\n<p>In dieser Datenschutzerkl\u00e4rung wird dargelegt, wie die Teguar Corporation die Informationen, die Sie <a href=\"https:\/\/teguar.com\/eu\/\">https:\/\/teguar.com\/eu<\/a> bei der Nutzung dieser Website geben, verwendet und sch\u00fctzt.<\/p>\n\n<p>Teguar setzt sich daf\u00fcr ein, dass Ihre Privatsph\u00e4re gesch\u00fctzt wird. Sollten wir Sie bitten, bestimmte Informationen anzugeben, durch die Sie bei der Nutzung dieser Website identifiziert werden k\u00f6nnen, k\u00f6nnen Sie sicher sein, dass diese nur in \u00dcbereinstimmung mit dieser Datenschutzerkl\u00e4rung verwendet werden, die von Zeit zu Zeit durch Aktualisierung dieser Seite ge\u00e4ndert werden kann. Sie sollten diese Seite von Zeit zu Zeit \u00fcberpr\u00fcfen, um sicherzustellen, dass Sie mit allen \u00c4nderungen einverstanden sind.  <\/p>\n\n<p>W\u00e4hrend Sie durch die Website navigieren, k\u00f6nnen bestimmte anonyme Informationen passiv gesammelt werden (d.h. ohne dass Sie die Informationen aktiv zur Verf\u00fcgung stellen), indem verschiedene Technologien wie &#8222;Cookies&#8220;, &#8222;Internet Tags&#8220; oder &#8222;Web Beacons&#8220; und &#8222;Navigationsdatenerfassung&#8220; wie &#8222;Logfiles&#8220;, &#8222;Server Logs&#8220; und &#8222;Clickstream&#8220; (wie diese Begriffe unten definiert sind oder anderweitig gemeinhin verstanden werden) verwendet werden. Ihr Internet-Browser \u00fcbermittelt automatisch einige dieser anonymen Informationen an die Website, wie z.B. die URL der Website, von der Sie gerade gekommen sind, sowie die Internetprotokoll-Adresse (&#8222;IP&#8220;) und die Browserversion, die Ihr Computer gerade verwendet. <\/p>\n\n<p>Dar\u00fcber hinaus kann die Website auch anonyme Informationen von Ihrem Computer \u00fcber Cookies und Internet-Tags oder Web-Beacons sammeln. Sie k\u00f6nnen Ihren Browser so einstellen, dass Sie benachrichtigt werden, wenn ein Cookie gesendet wird, oder dass Sie Cookies ganz ablehnen, aber bestimmte Funktionen der Website funktionieren m\u00f6glicherweise nicht ohne Cookies. Die Website kann solche passiv gesammelten, anonymen Informationen verwenden und mit anderen Quellen kombinieren, um den Benutzern einen besseren Service zu bieten, die Website an Ihre Pr\u00e4ferenzen anzupassen, Statistiken und Trends zu erstellen und zu analysieren und die Website anderweitig zu verwalten und f\u00fcr Sie zu verbessern. Solche Informationen werden nicht mit pers\u00f6nlich identifizierbaren Informationen kombiniert, die an anderer Stelle auf der Website gesammelt werden, es sei denn, Sie haben Ihre Zustimmung gegeben.   <\/p>\n\n<p>Diese Datenschutzrichtlinie gilt nicht f\u00fcr andere Teguar-Plattformen oder f\u00fcr andere Websites, die wir betreiben, oder f\u00fcr Websites von Dritten, zu denen wir Links anbieten. Wir haben keine Kontrolle \u00fcber die Datenschutzpraktiken oder die auf den Websites Dritter verf\u00fcgbaren Daten und sind nicht f\u00fcr diese verantwortlich. Wir bitten Sie, die Zuverl\u00e4ssigkeit dieser Praktiken selbst zu beurteilen. <\/p>\n\n<h2 class=\"wp-block-heading\" id=\"h-what-we-collect\">Was wir sammeln<\/h2>\n\n<p>Wir k\u00f6nnen die folgenden Informationen sammeln:<\/p>\n\n<ul class=\"wp-block-list\">\n<li>Name<\/li>\n\n\n\n<li>Kontaktinformationen einschlie\u00dflich E-Mail Adresse<\/li>\n\n\n\n<li>demografische Informationen wie Postleitzahl, Vorlieben und Interessen<\/li>\n\n\n\n<li>andere f\u00fcr Kundenangebote relevante Informationen<\/li>\n<\/ul>\n\n<h2 class=\"wp-block-heading\" id=\"h-what-we-do-with-the-information-we-gather\">Was wir mit den von uns gesammelten Informationen tun<\/h2>\n\n<p>Wir ben\u00f6tigen diese Informationen, um Ihre Bed\u00fcrfnisse zu verstehen und Ihnen einen besseren Service bieten zu k\u00f6nnen, und zwar insbesondere aus folgenden Gr\u00fcnden<\/p>\n\n<ul class=\"wp-block-list\">\n<li>Interne Buchf\u00fchrung.<\/li>\n\n\n\n<li>Wir k\u00f6nnen die Informationen verwenden, um unsere Produkte und Dienstleistungen zu verbessern.<\/li>\n\n\n\n<li>Es kann sein, dass wir von Zeit zu Zeit Werbe-E-Mails \u00fcber neue Produkte, Sonderangebote oder andere Informationen, die Sie interessieren k\u00f6nnten, an die von Ihnen angegebene E-Mail-Adresse senden.<\/li>\n\n\n\n<li>Von Zeit zu Zeit k\u00f6nnen wir Ihre Daten auch verwenden, um Sie zu Marktforschungszwecken zu kontaktieren. Wir k\u00f6nnen Sie per E-Mail, Telefon, Fax oder Post kontaktieren. Wir k\u00f6nnen die Informationen verwenden, um die Website an Ihre Interessen anzupassen.  <\/li>\n<\/ul>\n\n<h2 class=\"wp-block-heading\" id=\"h-security\">Sicherheit<\/h2>\n\n<p>Wir verpflichten uns, daf\u00fcr zu sorgen, dass Ihre Daten sicher sind. Um einen unbefugten Zugriff oder eine unbefugte Offenlegung zu verhindern, haben wir geeignete physische, elektronische und verwaltungstechnische Verfahren zum Schutz und zur Sicherung der von uns online erfassten Daten eingef\u00fchrt. <\/p>\n\n<h2 class=\"wp-block-heading\" id=\"h-how-we-use-cookies\">Wie wir Cookies verwenden<\/h2>\n\n<p>Ein Cookie ist eine kleine Datei, die Sie um Erlaubnis bittet, auf der Festplatte Ihres Computers gespeichert zu werden. Sobald Sie zustimmen, wird die Datei hinzugef\u00fcgt und das Cookie hilft bei der Analyse des Webverkehrs oder informiert Sie, wenn Sie eine bestimmte Website besuchen. Cookies erm\u00f6glichen es Webanwendungen, auf Sie als Individuum einzugehen. Die Webanwendung kann ihren Betrieb auf Ihre Bed\u00fcrfnisse, Vorlieben und Abneigungen abstimmen, indem sie Informationen \u00fcber Ihre Vorlieben sammelt und speichert.   <\/p>\n\n<p>Wir verwenden Traffic Log Cookies, um festzustellen, welche Seiten genutzt werden. Dies hilft uns, Daten \u00fcber den Webseitenverkehr zu analysieren und unsere Website zu verbessern, um sie an die Bed\u00fcrfnisse unserer Kunden anzupassen. Wir verwenden diese Informationen nur zu statistischen Analysezwecken und die Daten werden anschlie\u00dfend aus dem System entfernt.  <\/p>\n\n<p>Insgesamt helfen uns Cookies dabei, Ihnen eine bessere Website zu bieten, indem sie uns erm\u00f6glichen zu beobachten, welche Seiten Sie n\u00fctzlich finden und welche nicht. Ein Cookie verschafft uns in keiner Weise Zugang zu Ihrem Computer oder zu irgendwelchen Informationen \u00fcber Sie, au\u00dfer den Daten, die Sie uns mitteilen m\u00f6chten. Sie k\u00f6nnen entscheiden, ob Sie Cookies akzeptieren oder ablehnen. Die meisten Webbrowser akzeptieren Cookies automatisch, aber Sie k\u00f6nnen die Einstellungen Ihres Browsers in der Regel so \u00e4ndern, dass Cookies abgelehnt werden, wenn Sie dies w\u00fcnschen. Dies kann dazu f\u00fchren, dass Sie nicht alle Vorteile der Website nutzen k\u00f6nnen.    <\/p>\n\n<h2 class=\"wp-block-heading\" id=\"h-links-to-other-websites\">Links zu anderen Websites<\/h2>\n\n<p>Unsere Website kann Links zu anderen Websites von Interesse enthalten. Wenn Sie jedoch \u00fcber diese Links unsere Website verlassen, sollten Sie beachten, dass wir keine Kontrolle \u00fcber diese andere Website haben. Daher k\u00f6nnen wir nicht f\u00fcr den Schutz und die Vertraulichkeit von Informationen verantwortlich sein, die Sie beim Besuch solcher Websites zur Verf\u00fcgung stellen, und solche Websites unterliegen nicht dieser Datenschutzerkl\u00e4rung. Sie sollten Vorsicht walten lassen und die f\u00fcr die betreffende Website geltenden Datenschutzbestimmungen lesen.   <\/p>\n\n<h2 class=\"wp-block-heading\" id=\"h-controlling-your-personal-information\">Kontrolle Ihrer pers\u00f6nlichen Daten<\/h2>\n\n<p>Wir werden Ihre pers\u00f6nlichen Daten nicht an Dritte verkaufen, weitergeben oder vermieten, es sei denn, wir haben Ihre Erlaubnis oder sind gesetzlich dazu verpflichtet.<\/p>\n\n<p>Sie k\u00f6nnen gem\u00e4\u00df dem Data Protection Act 1998 Einzelheiten zu den pers\u00f6nlichen Daten anfordern, die wir \u00fcber Sie gespeichert haben. Hierf\u00fcr ist eine geringe Geb\u00fchr zu entrichten. Wenn Sie eine Kopie der \u00fcber Sie gespeicherten Daten w\u00fcnschen, schreiben Sie bitte an <a href=\"&#x6d;&#97;i&#x6c;&#x74;&#111;:&#x73;&#x75;&#112;p&#x6f;&#x72;&#116;&#64;&#x74;&#x65;&#103;u&#x61;&#x72;&#46;c&#x6f;&#x6d;\">su&#112;&#x70;&#x6f;rt&#64;&#116;&#x65;&#x67;uar&#46;&#x63;&#x6f;m.<\/a>  <\/p>\n\n<p>Wenn Sie der Meinung sind, dass die Informationen, die wir \u00fcber Sie haben, falsch oder unvollst\u00e4ndig sind, schreiben Sie uns bitte so schnell wie m\u00f6glich an die oben genannte Adresse oder senden Sie uns eine E-Mail. Wir werden alle Informationen, die sich als falsch erweisen, umgehend korrigieren. <\/p>\n\n<h2 class=\"wp-block-heading\" id=\"h-list-of-cookies-we-collect\">Liste der von uns gesammelten Cookies<\/h2>\n\n<p>Die folgende Tabelle zeigt, welche Cookies wir sammeln und welche Informationen sie speichern.<\/p>\n\n<figure class=\"wp-block-table\"><table class=\"has-fixed-layout\"><thead><tr><th class=\"has-text-align-left\" data-align=\"left\">COOKIE-Name<\/th><th class=\"has-text-align-left\" data-align=\"left\">COOKIE Beschreibung<\/th><\/tr><\/thead><tbody><tr><th class=\"has-text-align-left\" data-align=\"left\">CART<\/th><td class=\"has-text-align-left\" data-align=\"left\">Die Assoziation mit Ihrem Einkaufswagen.<\/td><\/tr><tr><th class=\"has-text-align-left\" data-align=\"left\">KATEGORIE_INFO<\/th><td class=\"has-text-align-left\" data-align=\"left\">Speichert die Kategorie-Informationen auf der Seite, wodurch die Seiten schneller angezeigt werden k\u00f6nnen.<\/td><\/tr><tr><th class=\"has-text-align-left\" data-align=\"left\">COMPARE<\/th><td class=\"has-text-align-left\" data-align=\"left\">Die Artikel, die Sie in der Liste Produkte vergleichen haben.<\/td><\/tr><tr><th class=\"has-text-align-left\" data-align=\"left\">W\u00c4HRUNG<\/th><td class=\"has-text-align-left\" data-align=\"left\">Ihre bevorzugte W\u00e4hrung<\/td><\/tr><tr><th class=\"has-text-align-left\" data-align=\"left\">KUNDE<\/th><td class=\"has-text-align-left\" data-align=\"left\">Eine verschl\u00fcsselte Version Ihrer Kundennummer im Gesch\u00e4ft.<\/td><\/tr><tr><th class=\"has-text-align-left\" data-align=\"left\">KUNDEN_AUTH<\/th><td class=\"has-text-align-left\" data-align=\"left\">Eine Anzeige, ob Sie derzeit im Shop angemeldet sind.<\/td><\/tr><tr><th class=\"has-text-align-left\" data-align=\"left\">KUNDEN_INFO<\/th><td class=\"has-text-align-left\" data-align=\"left\">Eine verschl\u00fcsselte Version der Kundengruppe, der Sie angeh\u00f6ren.<\/td><\/tr><tr><th class=\"has-text-align-left\" data-align=\"left\">KUNDEN_SEGMENT_IDS<\/th><td class=\"has-text-align-left\" data-align=\"left\">Speichert die ID des Kundensegments<\/td><\/tr><tr><th class=\"has-text-align-left\" data-align=\"left\">EXTERNAL_NO_CACHE<\/th><td class=\"has-text-align-left\" data-align=\"left\">Ein Flag, das angibt, ob die Zwischenspeicherung deaktiviert ist oder nicht.<\/td><\/tr><tr><th class=\"has-text-align-left\" data-align=\"left\">FRONTEND<\/th><td class=\"has-text-align-left\" data-align=\"left\">Ihre Sitzungs-ID auf dem Server.<\/td><\/tr><tr><th class=\"has-text-align-left\" data-align=\"left\">GASTANSCHAU<\/th><td class=\"has-text-align-left\" data-align=\"left\">Erm\u00f6glicht es G\u00e4sten, ihre Bestellungen zu bearbeiten.<\/td><\/tr><tr><th class=\"has-text-align-left\" data-align=\"left\">LETZTE_KATEGORIE<\/th><td class=\"has-text-align-left\" data-align=\"left\">Die letzte Kategorie, die Sie besucht haben.<\/td><\/tr><tr><th class=\"has-text-align-left\" data-align=\"left\">LAST_PRODUCT<\/th><td class=\"has-text-align-left\" data-align=\"left\">Das Produkt, das Sie zuletzt angesehen haben.<\/td><\/tr><tr><th class=\"has-text-align-left\" data-align=\"left\">NEWMESSAGE<\/th><td class=\"has-text-align-left\" data-align=\"left\">Zeigt an, ob eine neue Nachricht empfangen wurde.<\/td><\/tr><tr><th class=\"has-text-align-left\" data-align=\"left\">NO_CACHE<\/th><td class=\"has-text-align-left\" data-align=\"left\">Zeigt an, ob die Verwendung des Cache erlaubt ist.<\/td><\/tr><tr><th class=\"has-text-align-left\" data-align=\"left\">PERSISTENTER_EINKAUFSWAGEN<\/th><td class=\"has-text-align-left\" data-align=\"left\">Ein Link zu Informationen \u00fcber Ihren Einkaufswagen und Ihre Besuchshistorie, wenn Sie die Seite angefordert haben.<\/td><\/tr><tr><th class=\"has-text-align-left\" data-align=\"left\">POLIZEI<\/th><td class=\"has-text-align-left\" data-align=\"left\">Die ID der Wahllokale, an denen Sie k\u00fcrzlich teilgenommen haben.<\/td><\/tr><tr><th class=\"has-text-align-left\" data-align=\"left\">POLLN<\/th><td class=\"has-text-align-left\" data-align=\"left\">Informationen dar\u00fcber, an welchen Umfragen Sie teilgenommen haben.<\/td><\/tr><tr><th class=\"has-text-align-left\" data-align=\"left\">K\u00dcRZLICH VERGLICHEN<\/th><td class=\"has-text-align-left\" data-align=\"left\">Die Artikel, die Sie k\u00fcrzlich verglichen haben.<\/td><\/tr><tr><th class=\"has-text-align-left\" data-align=\"left\">STF<\/th><td class=\"has-text-align-left\" data-align=\"left\">Informationen \u00fcber Produkte, die Sie an Freunde gemailt haben.<\/td><\/tr><tr><th class=\"has-text-align-left\" data-align=\"left\">STORE<\/th><td class=\"has-text-align-left\" data-align=\"left\">Die Shop-Ansicht oder Sprache, die Sie ausgew\u00e4hlt haben.<\/td><\/tr><tr><th class=\"has-text-align-left\" data-align=\"left\">USER_ALLOWED_SAVE_COOKIE<\/th><td class=\"has-text-align-left\" data-align=\"left\">Zeigt an, ob ein Kunde Cookies verwenden darf.<\/td><\/tr><tr><th class=\"has-text-align-left\" data-align=\"left\">ANGESEHEN_PRODUKT_IDS<\/th><td class=\"has-text-align-left\" data-align=\"left\">Die Produkte, die Sie zuletzt angesehen haben.<\/td><\/tr><tr><th class=\"has-text-align-left\" data-align=\"left\">WUNSCHLISTE<\/th><td class=\"has-text-align-left\" data-align=\"left\">Eine verschl\u00fcsselte Liste der Produkte, die Sie Ihrem Wunschzettel hinzugef\u00fcgt haben.<\/td><\/tr><tr><th class=\"has-text-align-left\" data-align=\"left\">WUNSCHLISTE_CNT<\/th><td class=\"has-text-align-left\" data-align=\"left\">Die Anzahl der Artikel in Ihrem Wunschzettel.<\/td><\/tr><\/tbody><\/table><\/figure>\n\n<p>Teguar setzt auf seiner Website Mechanismen zur Datenerfassung und -verfolgung ein, um die Bewegungen und Pr\u00e4ferenzen der Besucher zu erfassen. Diese Informationen werden verwendet, um die F\u00e4higkeit von Teguar zu verbessern, Kunden und Interessenten mit relevanten und hochwertigen Inhalten zu bedienen. Alle von Teguar gesammelten Daten werden vertraulich behandelt und nicht an andere Unternehmen weitergegeben oder verkauft. Wenn Sie das Tracking f\u00fcr Google Analytics ablehnen m\u00f6chten, k\u00f6nnen Sie dies <a href=\"https:\/\/tools.google.com\/dlpage\/gaoptout\/\" target=\"_blank\" rel=\"noreferrer noopener\">hier<\/a> tun.   <\/p>\n\n<h2 class=\"wp-block-heading\" id=\"h-how-to-unsubscribe\">Wie man sich abmeldet<\/h2>\n\n<p>Innerhalb der E-Mail-Korrespondenz, die Sie erhalten, haben Sie die M\u00f6glichkeit, sich abzumelden oder Ihre Einstellungen zu verwalten. Bitte klicken Sie auf die entsprechenden Links, um die notwendigen Schritte zu unternehmen. Wir empfehlen Ihnen dringend, die Option &#8222;Pr\u00e4ferenzen verwalten&#8220; zu nutzen.  <\/p>\n\n<p><strong>Bitte beachten Sie:<\/strong> Wenn Sie sich mit unserem technischen Support-Team in Verbindung setzen, ist es wichtig, dass Sie Ihr Abonnement f\u00fcr Service-Tickets aufrechterhalten, damit Sie die entsprechenden pers\u00f6nlichen und automatisierten E-Mails zu Ihren Service-Tickets erhalten k\u00f6nnen. Auch dies k\u00f6nnen Sie \u00fcber den Link &#8222;Einstellungen verwalten&#8220; in Ihrer E-Mail-Korrespondenz regeln. <\/p>\n\n<h2 class=\"wp-block-heading\" id=\"h-contact\">Kontakt<\/h2>\n\n<p>Wenn Sie Fragen zu dieser Datenschutzrichtlinie oder anderen Aspekten des Datenschutzes bei Teguar haben, wenden Sie sich bitte an <a href=\"&#x6d;&#x61;&#x69;&#x6c;&#x74;&#x6f;&#x3a;&#x69;&#x6e;&#x66;&#x6f;&#x40;&#x74;&#x65;&#x67;&#x75;&#x61;&#x72;&#x2e;&#x63;&#x6f;&#x6d;\">&#105;n&#x66;o&#x40;t&#x65;&#103;&#x75;&#97;r&#x2e;c&#x6f;m.<\/a> Verbraucher, die Anfragen zu ihren Daten einreichen m\u00f6chten, beachten bitte, dass &#x69;&#110;f&#x6f;&#x40;te&#x67;&#117;a&#x72;&#x2e;co&#x6d; unsere offizielle Adresse und Methode f\u00fcr die Einreichung von Einspr\u00fcchen bei Datenanfragen ist. Damit wir solche Anfragen z\u00fcgig bearbeiten k\u00f6nnen, empfehlen wir Verbrauchern, die eine Anfrage zur \u00dcberpr\u00fcfung oder \u00dcberarbeitung ihrer pers\u00f6nlichen Daten stellen, den Zeitrahmen und den Kontext anzugeben, in dem ihrer Meinung nach ihre Daten erhoben wurden.  <\/p>\n\n<p>Um die Richtigkeit, Aktualit\u00e4t und Vollst\u00e4ndigkeit der von Ihnen \u00fcber die Website zur Verf\u00fcgung gestellten personenbezogenen Daten zu gew\u00e4hrleisten, werden Sie gebeten, sich mit Teguar in Verbindung zu setzen. Wir werden dann geeignete Ma\u00dfnahmen ergreifen, um die in unserem Besitz befindlichen Daten zu aktualisieren oder zu korrigieren oder Ihre Daten aus unserer Kontaktliste zu l\u00f6schen.<\/p>\n","protected":false},"excerpt":{"rendered":"<p>In dieser Datenschutzerkl\u00e4rung wird dargelegt, wie die Teguar Corporation die Informationen, die Sie https:\/\/teguar.com\/eu bei der Nutzung dieser Website geben, verwendet und sch\u00fctzt. Teguar setzt sich daf\u00fcr ein, dass Ihre Privatsph\u00e4re gesch\u00fctzt wird. Sollten wir Sie bitten, bestimmte Informationen anzugeben, durch die Sie bei der Nutzung dieser Website identifiziert werden k\u00f6nnen, k\u00f6nnen Sie sicher sein, [&hellip;]<\/p>\n","protected":false},"author":1,"featured_media":0,"parent":0,"menu_order":0,"comment_status":"closed","ping_status":"open","template":"templates\/template-content-page.php","meta":{"_acf_changed":false,"footnotes":""},"class_list":["post-2243657","page","type-page","status-publish","hentry"],"acf":[],"yoast_head":"<!-- This site is optimized with the Yoast SEO Premium plugin v26.8 (Yoast SEO v27.2) - https:\/\/yoast.com\/product\/yoast-seo-premium-wordpress\/ -->\n<title>Datenschutzbestimmungen - Teguar<\/title>\n<meta name=\"robots\" content=\"index, follow, max-snippet:-1, max-image-preview:large, max-video-preview:-1\" \/>\n<link rel=\"canonical\" href=\"https:\/\/teguar.com\/eu\/de\/datenschutzbestimmungen\/\" \/>\n<meta property=\"og:locale\" content=\"de_DE\" \/>\n<meta property=\"og:type\" content=\"article\" \/>\n<meta property=\"og:title\" content=\"Datenschutzbestimmungen\" \/>\n<meta property=\"og:description\" content=\"In dieser Datenschutzerkl\u00e4rung wird dargelegt, wie die Teguar Corporation die Informationen, die Sie https:\/\/teguar.com\/eu bei der Nutzung dieser Website geben, verwendet und sch\u00fctzt. Teguar setzt sich daf\u00fcr ein, dass Ihre Privatsph\u00e4re gesch\u00fctzt wird. Sollten wir Sie bitten, bestimmte Informationen anzugeben, durch die Sie bei der Nutzung dieser Website identifiziert werden k\u00f6nnen, k\u00f6nnen Sie sicher sein, [&hellip;]\" \/>\n<meta property=\"og:url\" content=\"https:\/\/teguar.com\/eu\/de\/datenschutzbestimmungen\/\" \/>\n<meta property=\"og:site_name\" content=\"Teguar\" \/>\n<meta property=\"article:modified_time\" content=\"2025-10-16T12:45:52+00:00\" \/>\n<meta name=\"twitter:card\" content=\"summary_large_image\" \/>\n<meta name=\"twitter:label1\" content=\"Gesch\u00e4tzte Lesezeit\" \/>\n\t<meta name=\"twitter:data1\" content=\"8\u00a0Minuten\" \/>\n<script type=\"application\/ld+json\" class=\"yoast-schema-graph\">{\"@context\":\"https:\/\/schema.org\",\"@graph\":[{\"@type\":\"WebPage\",\"@id\":\"https:\/\/teguar.com\/eu\/de\/datenschutzbestimmungen\/\",\"url\":\"https:\/\/teguar.com\/eu\/de\/datenschutzbestimmungen\/\",\"name\":\"Datenschutzbestimmungen - Teguar\",\"isPartOf\":{\"@id\":\"https:\/\/teguar.com\/eu\/en\/#website\"},\"datePublished\":\"2025-03-25T22:03:35+00:00\",\"dateModified\":\"2025-10-16T12:45:52+00:00\",\"breadcrumb\":{\"@id\":\"https:\/\/teguar.com\/eu\/de\/datenschutzbestimmungen\/#breadcrumb\"},\"inLanguage\":\"de\",\"potentialAction\":[{\"@type\":\"ReadAction\",\"target\":[\"https:\/\/teguar.com\/eu\/de\/datenschutzbestimmungen\/\"]}]},{\"@type\":\"BreadcrumbList\",\"@id\":\"https:\/\/teguar.com\/eu\/de\/datenschutzbestimmungen\/#breadcrumb\",\"itemListElement\":[{\"@type\":\"ListItem\",\"position\":1,\"name\":\"Home\",\"item\":\"https:\/\/teguar.com\/eu\/de\/\"},{\"@type\":\"ListItem\",\"position\":2,\"name\":\"Datenschutzbestimmungen\"}]},{\"@type\":\"WebSite\",\"@id\":\"https:\/\/teguar.com\/eu\/en\/#website\",\"url\":\"https:\/\/teguar.com\/eu\/en\/\",\"name\":\"Teguar\",\"description\":\"Industrial PCs, Medical Computers, and Rugged Tablets\",\"potentialAction\":[{\"@type\":\"SearchAction\",\"target\":{\"@type\":\"EntryPoint\",\"urlTemplate\":\"https:\/\/teguar.com\/eu\/en\/?s={search_term_string}\"},\"query-input\":{\"@type\":\"PropertyValueSpecification\",\"valueRequired\":true,\"valueName\":\"search_term_string\"}}],\"inLanguage\":\"de\"}]}<\/script>\n<!-- \/ Yoast SEO Premium plugin. -->","yoast_head_json":{"title":"Datenschutzbestimmungen - Teguar","robots":{"index":"index","follow":"follow","max-snippet":"max-snippet:-1","max-image-preview":"max-image-preview:large","max-video-preview":"max-video-preview:-1"},"canonical":"https:\/\/teguar.com\/eu\/de\/datenschutzbestimmungen\/","og_locale":"de_DE","og_type":"article","og_title":"Datenschutzbestimmungen","og_description":"In dieser Datenschutzerkl\u00e4rung wird dargelegt, wie die Teguar Corporation die Informationen, die Sie https:\/\/teguar.com\/eu bei der Nutzung dieser Website geben, verwendet und sch\u00fctzt. Teguar setzt sich daf\u00fcr ein, dass Ihre Privatsph\u00e4re gesch\u00fctzt wird. Sollten wir Sie bitten, bestimmte Informationen anzugeben, durch die Sie bei der Nutzung dieser Website identifiziert werden k\u00f6nnen, k\u00f6nnen Sie sicher sein, [&hellip;]","og_url":"https:\/\/teguar.com\/eu\/de\/datenschutzbestimmungen\/","og_site_name":"Teguar","article_modified_time":"2025-10-16T12:45:52+00:00","twitter_card":"summary_large_image","twitter_misc":{"Gesch\u00e4tzte Lesezeit":"8\u00a0Minuten"},"schema":{"@context":"https:\/\/schema.org","@graph":[{"@type":"WebPage","@id":"https:\/\/teguar.com\/eu\/de\/datenschutzbestimmungen\/","url":"https:\/\/teguar.com\/eu\/de\/datenschutzbestimmungen\/","name":"Datenschutzbestimmungen - Teguar","isPartOf":{"@id":"https:\/\/teguar.com\/eu\/en\/#website"},"datePublished":"2025-03-25T22:03:35+00:00","dateModified":"2025-10-16T12:45:52+00:00","breadcrumb":{"@id":"https:\/\/teguar.com\/eu\/de\/datenschutzbestimmungen\/#breadcrumb"},"inLanguage":"de","potentialAction":[{"@type":"ReadAction","target":["https:\/\/teguar.com\/eu\/de\/datenschutzbestimmungen\/"]}]},{"@type":"BreadcrumbList","@id":"https:\/\/teguar.com\/eu\/de\/datenschutzbestimmungen\/#breadcrumb","itemListElement":[{"@type":"ListItem","position":1,"name":"Home","item":"https:\/\/teguar.com\/eu\/de\/"},{"@type":"ListItem","position":2,"name":"Datenschutzbestimmungen"}]},{"@type":"WebSite","@id":"https:\/\/teguar.com\/eu\/en\/#website","url":"https:\/\/teguar.com\/eu\/en\/","name":"Teguar","description":"Industrial PCs, Medical Computers, and Rugged Tablets","potentialAction":[{"@type":"SearchAction","target":{"@type":"EntryPoint","urlTemplate":"https:\/\/teguar.com\/eu\/en\/?s={search_term_string}"},"query-input":{"@type":"PropertyValueSpecification","valueRequired":true,"valueName":"search_term_string"}}],"inLanguage":"de"}]}},"_links":{"self":[{"href":"https:\/\/teguar.com\/eu\/de\/wp-json\/wp\/v2\/pages\/2243657","targetHints":{"allow":["GET"]}}],"collection":[{"href":"https:\/\/teguar.com\/eu\/de\/wp-json\/wp\/v2\/pages"}],"about":[{"href":"https:\/\/teguar.com\/eu\/de\/wp-json\/wp\/v2\/types\/page"}],"author":[{"embeddable":true,"href":"https:\/\/teguar.com\/eu\/de\/wp-json\/wp\/v2\/users\/1"}],"replies":[{"embeddable":true,"href":"https:\/\/teguar.com\/eu\/de\/wp-json\/wp\/v2\/comments?post=2243657"}],"version-history":[{"count":1,"href":"https:\/\/teguar.com\/eu\/de\/wp-json\/wp\/v2\/pages\/2243657\/revisions"}],"predecessor-version":[{"id":2243658,"href":"https:\/\/teguar.com\/eu\/de\/wp-json\/wp\/v2\/pages\/2243657\/revisions\/2243658"}],"wp:attachment":[{"href":"https:\/\/teguar.com\/eu\/de\/wp-json\/wp\/v2\/media?parent=2243657"}],"curies":[{"name":"wp","href":"https:\/\/api.w.org\/{rel}","templated":true}]}}