{"id":2243615,"date":"2025-08-11T18:59:29","date_gmt":"2025-08-11T18:59:29","guid":{"rendered":"https:\/\/teguar.com\/eu\/ueberwachung-sicherheit-computer\/"},"modified":"2025-10-16T12:45:38","modified_gmt":"2025-10-16T12:45:38","slug":"ueberwachung-sicherheit-computer","status":"publish","type":"page","link":"https:\/\/teguar.com\/eu\/de\/ueberwachung-sicherheit-computer\/","title":{"rendered":"\u00dcberwachung &amp; Sicherheit Computer"},"content":{"rendered":"\n<p><strong>Die wichtigsten Merkmale der \u00dcberwachungs- und Sicherheitscomputer von Teguar:<\/strong><\/p>\n\n<ul class=\"wp-block-list\">\n<li>Verl\u00e4sslichkeit: Konsistente Leistung in der dynamischen und datenintensiven Sicherheitsbranche.  <\/li>\n\n\n\n<li>Datenintegrit\u00e4t: Robuste Funktionen zur Gew\u00e4hrleistung der Vertraulichkeit und Integrit\u00e4t von Sicherheitsdaten.  <\/li>\n\n\n\n<li>Einhaltung von Sicherheitsstandards: Einhaltung strenger Vorschriften zur Gew\u00e4hrleistung des Datenschutzes und der Datenqualit\u00e4t.  <\/li>\n\n\n\n<li>Integration von Peripherieger\u00e4ten: Nahtlose Schnittstelle zu verschiedenen Sicherheitsperipherieger\u00e4ten f\u00fcr erweiterte Funktionalit\u00e4t.  <\/li>\n\n\n\n<li>Sichere Daten\u00fcbertragung: Erweiterte Verschl\u00fcsselung und Sicherheitsprotokolle zum Schutz der Daten w\u00e4hrend der \u00dcbertragung.  <\/li>\n\n\n\n<li>Anpassung: Ma\u00dfgeschneiderte L\u00f6sungen f\u00fcr die spezifischen Anforderungen von Sicherheitsanwendungen, die zu erweiterten \u00dcberwachungsm\u00f6glichkeiten und verbesserten Sicherheitsabl\u00e4ufen beitragen.  <\/li>\n<\/ul>\n    <section id=\"security-computers\" class=\"products-by-tag section-spacing\">\n        <div class=\"container\">\n            <div class=\"header\">\n                                    <h2 class=\"headline\">Shop Sicherheit Computer<\/h2>\n                            <\/div>\n\n            <div class=\"grid product-card-grid-4\">\n                \n<div class=\"product-card\" class=\"product type-product post-2247438 status-publish first instock product_cat-hmi-panel product_cat-panel-pcs product_tag-cornerstone-series product_tag-sicherheits-computer has-post-thumbnail taxable shipping-taxable purchasable product-type-simple\">\n    <div class=\"media\">\n                        <a href=\"https:\/\/teguar.com\/eu\/de\/product\/tp-5645-24\/\">\n            <img decoding=\"async\" src=\"https:\/\/teguar.com\/eu\/wp-content\/uploads\/sites\/2\/2024\/06\/24_Panel_Mount_Computer_TP-5645-24_Front_Angle__63289.1719329815.1280.1280.jpg\" width=\"150\" height=\"113\" alt=\"24&quot; Panel Mount Computer TP-5645-24 Front Angle\" class=\"hero-image thumb lazy\" loading=\"lazy\" \/>        <\/a>\n    <\/div>\n    <div class=\"content\">\n        <h3>\n            <a href=\"https:\/\/teguar.com\/eu\/de\/product\/tp-5645-24\/\" class=\"name\">\n                TP-5645-24\n                            <\/a>\n        <\/h3>\n\n                    <div class=\"subtitle\">\n                24&quot; Panel Mount Computer            <\/div>\n\n        \n                    <div class=\"product-kh\">\n                <ul>\n<li>23,8&#8243; P-Cap Touchscreen<\/li>\n<li>L\u00fcfterloses K\u00fchlsystem<\/li>\n<li>Leicht zug\u00e4nglicher M.2-Speicher, bis zu 1 TB<\/li>\n<li>IP66-gesch\u00fctzte Front mit Aluminiumgeh\u00e4use<\/li>\n<li>Weitbereich 9~36VDC Stromeingang<\/li>\n<li>Intel 8th Gen. Core i3\/i5 CPUIP66 gesch\u00fctzte Front mit Aluminiumgeh\u00e4use<\/li>\n<\/ul>\n            <\/div>\n        \n        <div class=\"c-footer\">\n            <a href=\"https:\/\/teguar.com\/eu\/de\/product\/tp-5645-24\/#get-a-quick-quote\" class=\"button button-blue button-get-a-quick-quote\" >Angebot anfordern<\/a>        <\/div>\n    <\/div>\n<\/div>\n\n\n<div class=\"product-card\" class=\"product type-product post-2245477 status-publish outofstock product_cat-industrieller-all-in-one-pc product_cat-kiosk-computer product_tag-sicherheits-computer has-post-thumbnail taxable shipping-taxable purchasable product-type-simple\">\n    <div class=\"media\">\n                        <a href=\"https:\/\/teguar.com\/eu\/de\/product\/ta-4840-22\/\">\n            <img decoding=\"async\" src=\"https:\/\/teguar.com\/eu\/wp-content\/uploads\/sites\/2\/2023\/05\/TA-4840-22_Front_Angle_with_Modules__10967.1684251713.1280.1280.jpg\" width=\"150\" height=\"150\" alt=\"TA-4840-22  Front Angle with Modules\" class=\"hero-image thumb lazy\" loading=\"lazy\" \/>        <\/a>\n    <\/div>\n    <div class=\"content\">\n        <h3>\n            <a href=\"https:\/\/teguar.com\/eu\/de\/product\/ta-4840-22\/\" class=\"name\">\n                TA-4840-22\n                            <\/a>\n        <\/h3>\n\n                    <div class=\"subtitle\">\n                22&quot; L\u00fcfterloser All-In-One PC            <\/div>\n\n        \n                    <div class=\"product-kh\">\n                <ul>\n<li>21,5&#8243; Full HD-Display mit PCAP-Touchscreen<\/li>\n<li>Intel Celeron J6412 Quad-Core CPU<\/li>\n<li>Verschiedene Montagest\u00e4nder<\/li>\n<li>Modulares Design mit herausnehmbarem Box-PC<\/li>\n<li>Anpassbar und ausbauf\u00e4hig<\/li>\n<\/ul>\n            <\/div>\n        \n        <div class=\"c-footer\">\n            <a href=\"https:\/\/teguar.com\/eu\/de\/product\/ta-4840-22\/#get-a-quick-quote\" class=\"button button-blue button-get-a-quick-quote\" >Angebot anfordern<\/a>        <\/div>\n    <\/div>\n<\/div>\n\n            <\/div>\n        <\/div>\n    <\/section>\n\n<p id=\"security\">In der Sicherheitsbranche steckt so viel Technologie hinter den Kulissen. Die Sicherheitsbranche ist entscheidend f\u00fcr den Schutz von Unternehmen und Verm\u00f6genswerten. Sie nutzt fortschrittliche Technologien f\u00fcr die \u00dcberwachung, Zugangskontrolle und Erkennung von Bedrohungen. Sicherheitscomputer lassen sich nahtlos in Kommandozentralen, \u00dcberwachungsr\u00e4ume und Zugangskontrollzentren integrieren und bieten eine robuste Plattform f\u00fcr die \u00dcberwachung und Reaktion in Echtzeit. Die besonderen Anforderungen an Sicherheitscomputer ergeben sich aus dem kritischen Bedarf an Zuverl\u00e4ssigkeit, Datenintegrit\u00e4t und der Einhaltung strenger Sicherheitsstandards.    <\/p>\n\n<p>Denken Sie an Szenarien, in denen diese Computer f\u00fcr Video\u00fcberwachung, Gesichtserkennung und Zugangskontrollsysteme eingesetzt werden. Die Sicherheitscomputer von Teguar wurden speziell f\u00fcr die Anforderungen der Sicherheitsbranche entwickelt und bieten eine sichere und zuverl\u00e4ssige Plattform f\u00fcr die Verwaltung komplexer Sicherheitsvorg\u00e4nge. Die F\u00e4higkeit, den Strapazen des Dauerbetriebs standzuhalten, nahtlos mit verschiedenen Sicherheitsperipherieger\u00e4ten zusammenzuarbeiten und eine sichere Daten\u00fcbertragung zu gew\u00e4hrleisten, ist f\u00fcr den Schutz von Unternehmen vor potenziellen Bedrohungen von gr\u00f6\u00dfter Bedeutung.    <\/p>\n\n<h2 class=\"wp-block-heading\" id=\"h-why-choose-teguar-for-your-security-computer-nbsp\">Warum Teguar f\u00fcr Ihren Sicherheitscomputer w\u00e4hlen?  <\/h2>\n\n<p>Im Einzelhandel und im gewerblichen Bereich ist ein hochwertiges Sicherheitssystem wichtig. Teguar kennt die komplexen Bed\u00fcrfnisse von Sicherheitsexperten und bietet Computer, die die Erwartungen \u00fcbertreffen. Unsere Ger\u00e4te sind so konzipiert, dass sie die einzigartigen Anforderungen von Sicherheitsanwendungen erf\u00fcllen. Die Sicherheitscomputer von Teguar geben Unternehmen die Gewissheit, dass ihre Technologie die \u00dcberwachungsm\u00f6glichkeiten verbessert, die Sicherheitsabl\u00e4ufe rationalisiert und zur allgemeinen Sicherheit und zum Schutz von Gesch\u00e4ftsr\u00e4umen beitr\u00e4gt.     <\/p>\n\n<section class=\"hubspot-form section-spacing\">\n    <script charset=\"utf-8\" type=\"text\/javascript\" src=\"\/\/js.hsforms.net\/forms\/embed\/v2.js\"><\/script>\r\n<script>\r\n  hbspt.forms.create({\r\n    portalId: \"21497995\",\r\n    formId: \"11a43242-0316-4b23-9e13-2f6bc9b8edde\",\r\n    region: \"na1\"\r\n  });\r\n<\/script><\/section>\n\n","protected":false},"excerpt":{"rendered":"<p>Die wichtigsten Merkmale der \u00dcberwachungs- und Sicherheitscomputer von Teguar: In der Sicherheitsbranche steckt so viel Technologie hinter den Kulissen. Die Sicherheitsbranche ist entscheidend f\u00fcr den Schutz von Unternehmen und Verm\u00f6genswerten. Sie nutzt fortschrittliche Technologien f\u00fcr die \u00dcberwachung, Zugangskontrolle und Erkennung von Bedrohungen. Sicherheitscomputer lassen sich nahtlos in Kommandozentralen, \u00dcberwachungsr\u00e4ume und Zugangskontrollzentren integrieren und bieten eine [&hellip;]<\/p>\n","protected":false},"author":3,"featured_media":0,"parent":0,"menu_order":0,"comment_status":"closed","ping_status":"closed","template":"templates\/template-product-application.php","meta":{"_acf_changed":false,"footnotes":""},"class_list":["post-2243615","page","type-page","status-publish","hentry"],"acf":[],"yoast_head":"<!-- This site is optimized with the Yoast SEO Premium plugin v26.8 (Yoast SEO v27.2) - https:\/\/yoast.com\/product\/yoast-seo-premium-wordpress\/ -->\n<title>\u00dcberwachung &amp; Sicherheit Computer<\/title>\n<meta name=\"description\" content=\"Security Computer bieten eine sichere und zuverl\u00e4ssige Plattform f\u00fcr die Verwaltung komplexer Sicherheitsvorg\u00e4nge.\" \/>\n<meta name=\"robots\" content=\"index, follow, max-snippet:-1, max-image-preview:large, max-video-preview:-1\" \/>\n<link rel=\"canonical\" href=\"https:\/\/teguar.com\/eu\/de\/ueberwachung-sicherheit-computer\/\" \/>\n<meta property=\"og:locale\" content=\"de_DE\" \/>\n<meta property=\"og:type\" content=\"article\" \/>\n<meta property=\"og:title\" content=\"\u00dcberwachung &amp; Sicherheit Computer\" \/>\n<meta property=\"og:description\" content=\"Security Computer bieten eine sichere und zuverl\u00e4ssige Plattform f\u00fcr die Verwaltung komplexer Sicherheitsvorg\u00e4nge.\" \/>\n<meta property=\"og:url\" content=\"https:\/\/teguar.com\/eu\/de\/ueberwachung-sicherheit-computer\/\" \/>\n<meta property=\"og:site_name\" content=\"Teguar\" \/>\n<meta property=\"article:modified_time\" content=\"2025-10-16T12:45:38+00:00\" \/>\n<meta name=\"twitter:card\" content=\"summary_large_image\" \/>\n<meta name=\"twitter:label1\" content=\"Gesch\u00e4tzte Lesezeit\" \/>\n\t<meta name=\"twitter:data1\" content=\"2\u00a0Minuten\" \/>\n<script type=\"application\/ld+json\" class=\"yoast-schema-graph\">{\"@context\":\"https:\/\/schema.org\",\"@graph\":[{\"@type\":\"WebPage\",\"@id\":\"https:\/\/teguar.com\/eu\/de\/ueberwachung-sicherheit-computer\/\",\"url\":\"https:\/\/teguar.com\/eu\/de\/ueberwachung-sicherheit-computer\/\",\"name\":\"\u00dcberwachung & Sicherheit Computer\",\"isPartOf\":{\"@id\":\"https:\/\/teguar.com\/eu\/en\/#website\"},\"datePublished\":\"2025-08-11T18:59:29+00:00\",\"dateModified\":\"2025-10-16T12:45:38+00:00\",\"description\":\"Security Computer bieten eine sichere und zuverl\u00e4ssige Plattform f\u00fcr die Verwaltung komplexer Sicherheitsvorg\u00e4nge.\",\"breadcrumb\":{\"@id\":\"https:\/\/teguar.com\/eu\/de\/ueberwachung-sicherheit-computer\/#breadcrumb\"},\"inLanguage\":\"de\",\"potentialAction\":[{\"@type\":\"ReadAction\",\"target\":[\"https:\/\/teguar.com\/eu\/de\/ueberwachung-sicherheit-computer\/\"]}]},{\"@type\":\"BreadcrumbList\",\"@id\":\"https:\/\/teguar.com\/eu\/de\/ueberwachung-sicherheit-computer\/#breadcrumb\",\"itemListElement\":[{\"@type\":\"ListItem\",\"position\":1,\"name\":\"Home\",\"item\":\"https:\/\/teguar.com\/eu\/de\/\"},{\"@type\":\"ListItem\",\"position\":2,\"name\":\"\u00dcberwachung &amp; Sicherheit Computer\"}]},{\"@type\":\"WebSite\",\"@id\":\"https:\/\/teguar.com\/eu\/en\/#website\",\"url\":\"https:\/\/teguar.com\/eu\/en\/\",\"name\":\"Teguar\",\"description\":\"Industrial PCs, Medical Computers, and Rugged Tablets\",\"potentialAction\":[{\"@type\":\"SearchAction\",\"target\":{\"@type\":\"EntryPoint\",\"urlTemplate\":\"https:\/\/teguar.com\/eu\/en\/?s={search_term_string}\"},\"query-input\":{\"@type\":\"PropertyValueSpecification\",\"valueRequired\":true,\"valueName\":\"search_term_string\"}}],\"inLanguage\":\"de\"}]}<\/script>\n<!-- \/ Yoast SEO Premium plugin. -->","yoast_head_json":{"title":"\u00dcberwachung & Sicherheit Computer","description":"Security Computer bieten eine sichere und zuverl\u00e4ssige Plattform f\u00fcr die Verwaltung komplexer Sicherheitsvorg\u00e4nge.","robots":{"index":"index","follow":"follow","max-snippet":"max-snippet:-1","max-image-preview":"max-image-preview:large","max-video-preview":"max-video-preview:-1"},"canonical":"https:\/\/teguar.com\/eu\/de\/ueberwachung-sicherheit-computer\/","og_locale":"de_DE","og_type":"article","og_title":"\u00dcberwachung &amp; Sicherheit Computer","og_description":"Security Computer bieten eine sichere und zuverl\u00e4ssige Plattform f\u00fcr die Verwaltung komplexer Sicherheitsvorg\u00e4nge.","og_url":"https:\/\/teguar.com\/eu\/de\/ueberwachung-sicherheit-computer\/","og_site_name":"Teguar","article_modified_time":"2025-10-16T12:45:38+00:00","twitter_card":"summary_large_image","twitter_misc":{"Gesch\u00e4tzte Lesezeit":"2\u00a0Minuten"},"schema":{"@context":"https:\/\/schema.org","@graph":[{"@type":"WebPage","@id":"https:\/\/teguar.com\/eu\/de\/ueberwachung-sicherheit-computer\/","url":"https:\/\/teguar.com\/eu\/de\/ueberwachung-sicherheit-computer\/","name":"\u00dcberwachung & Sicherheit Computer","isPartOf":{"@id":"https:\/\/teguar.com\/eu\/en\/#website"},"datePublished":"2025-08-11T18:59:29+00:00","dateModified":"2025-10-16T12:45:38+00:00","description":"Security Computer bieten eine sichere und zuverl\u00e4ssige Plattform f\u00fcr die Verwaltung komplexer Sicherheitsvorg\u00e4nge.","breadcrumb":{"@id":"https:\/\/teguar.com\/eu\/de\/ueberwachung-sicherheit-computer\/#breadcrumb"},"inLanguage":"de","potentialAction":[{"@type":"ReadAction","target":["https:\/\/teguar.com\/eu\/de\/ueberwachung-sicherheit-computer\/"]}]},{"@type":"BreadcrumbList","@id":"https:\/\/teguar.com\/eu\/de\/ueberwachung-sicherheit-computer\/#breadcrumb","itemListElement":[{"@type":"ListItem","position":1,"name":"Home","item":"https:\/\/teguar.com\/eu\/de\/"},{"@type":"ListItem","position":2,"name":"\u00dcberwachung &amp; Sicherheit Computer"}]},{"@type":"WebSite","@id":"https:\/\/teguar.com\/eu\/en\/#website","url":"https:\/\/teguar.com\/eu\/en\/","name":"Teguar","description":"Industrial PCs, Medical Computers, and Rugged Tablets","potentialAction":[{"@type":"SearchAction","target":{"@type":"EntryPoint","urlTemplate":"https:\/\/teguar.com\/eu\/en\/?s={search_term_string}"},"query-input":{"@type":"PropertyValueSpecification","valueRequired":true,"valueName":"search_term_string"}}],"inLanguage":"de"}]}},"_links":{"self":[{"href":"https:\/\/teguar.com\/eu\/de\/wp-json\/wp\/v2\/pages\/2243615","targetHints":{"allow":["GET"]}}],"collection":[{"href":"https:\/\/teguar.com\/eu\/de\/wp-json\/wp\/v2\/pages"}],"about":[{"href":"https:\/\/teguar.com\/eu\/de\/wp-json\/wp\/v2\/types\/page"}],"author":[{"embeddable":true,"href":"https:\/\/teguar.com\/eu\/de\/wp-json\/wp\/v2\/users\/3"}],"replies":[{"embeddable":true,"href":"https:\/\/teguar.com\/eu\/de\/wp-json\/wp\/v2\/comments?post=2243615"}],"version-history":[{"count":1,"href":"https:\/\/teguar.com\/eu\/de\/wp-json\/wp\/v2\/pages\/2243615\/revisions"}],"predecessor-version":[{"id":2243617,"href":"https:\/\/teguar.com\/eu\/de\/wp-json\/wp\/v2\/pages\/2243615\/revisions\/2243617"}],"wp:attachment":[{"href":"https:\/\/teguar.com\/eu\/de\/wp-json\/wp\/v2\/media?parent=2243615"}],"curies":[{"name":"wp","href":"https:\/\/api.w.org\/{rel}","templated":true}]}}