{"id":2243611,"date":"2025-08-05T15:21:46","date_gmt":"2025-08-05T15:21:46","guid":{"rendered":"https:\/\/teguar.com\/eu\/computer-fuer-die-lagerverwaltung\/"},"modified":"2025-11-24T15:08:42","modified_gmt":"2025-11-24T15:08:42","slug":"computer-fuer-die-lagerverwaltung","status":"publish","type":"page","link":"https:\/\/teguar.com\/eu\/de\/computer-fuer-die-lagerverwaltung\/","title":{"rendered":"Computer f\u00fcr die Lagerverwaltung"},"content":{"rendered":"\n<p>Eine effiziente Lagerverwaltung ist f\u00fcr reibungslose Abl\u00e4ufe, p\u00fcnktliche Lieferungen und eine optimale Bestandskontrolle in der Industrie von entscheidender Bedeutung. Lagerverwalter, die Tausende von Quadratmetern an Produkten beaufsichtigen m\u00fcssen, ben\u00f6tigen <a href=\"https:\/\/teguar.com\/eu\/de\/industrie-computer\/\">moderne industrielle Computersysteme<\/a>, um die Komplexit\u00e4t ihrer Aufgaben zu bew\u00e4ltigen.   <\/p>\n\n<h2 class=\"wp-block-heading\" id=\"h-warehouse-management-computer-system-features\"><strong>Warehouse Management Computer System Merkmale:<\/strong><\/h2>\n\n<ul class=\"wp-block-list\">\n<li>Robustes Design: Gebaut, um den rauen Bedingungen in Lagerhallen zu widerstehen, gew\u00e4hrleistet es Haltbarkeit und Langlebigkeit.  <\/li>\n\n\n\n<li>Hohe Verarbeitungsleistung: Leistungsstarke CPUs f\u00fcr schnelle Datenverarbeitung und effizientes Management von Lageroperationen.  <\/li>\n\n\n\n<li>Vielseitige Anschlussm\u00f6glichkeiten: Mehrere E\/A-Anschl\u00fcsse f\u00fcr die nahtlose Integration mit Barcode-Scannern, RFID-Systemen und anderen Peripherieger\u00e4ten.  <\/li>\n\n\n\n<li>Anpassungsoptionen: Ma\u00dfgeschneiderte L\u00f6sungen zur Anpassung an verschiedene Lagerverwaltungsprozesse.  <\/li>\n\n\n\n<li>Benutzerfreundliche Schnittstellen: Intuitive Schnittstellen f\u00fcr einfache Navigation und Benutzerakzeptanz in schnelllebigen Lagerumgebungen.  <\/li>\n<\/ul>\n    <section id=\"warehouse-management-computers\" class=\"products-by-tag section-spacing\">\n        <div class=\"container\">\n            <div class=\"header\">\n                                    <h2 class=\"headline\">Shop Lagerverwaltung Computer<\/h2>\n                            <\/div>\n\n            <div class=\"grid product-card-grid-4\">\n                \n<div class=\"product-card\" class=\"product type-product post-2243325 status-publish first instock product_cat-embedded-pcs product_cat-lufterlose-pcs product_cat-rugged-computer product_cat-rugged-mini-pcs product_tag-computer-fur-die-lagerverwaltung product_tag-online-kaufen product_tag-steuerungssysteme-computer has-post-thumbnail taxable shipping-taxable purchasable product-type-composite\">\n    <div class=\"media\">\n                        <a href=\"https:\/\/teguar.com\/eu\/de\/product\/tb-4845\/\">\n            <img decoding=\"async\" src=\"https:\/\/teguar.com\/eu\/wp-content\/uploads\/sites\/2\/2023\/12\/Industrial_Mini_PC_TB-4845_Front__09803.1701805141.1280.1280.jpg\" width=\"150\" height=\"113\" alt=\"Industrial Mini PC TB-4845 Front\" class=\"hero-image thumb lazy\" loading=\"lazy\" \/>        <\/a>\n    <\/div>\n    <div class=\"content\">\n        <h3>\n            <a href=\"https:\/\/teguar.com\/eu\/de\/product\/tb-4845\/\" class=\"name\">\n                TB-4845\n                            <\/a>\n        <\/h3>\n\n                    <div class=\"subtitle\">\n                Industrie-Mini-PC            <\/div>\n\n        \n                    <div class=\"product-kh\">\n                <ul>\n<li>Intel Celeron J6412 Prozessor<\/li>\n<li>Kompatibel mit Windows 11<\/li>\n<li>Montageoptionen f\u00fcr Wand oder DIN-Schiene<\/li>\n<li>Breite Temperaturunterst\u00fctzung<\/li>\n<li>Mehrere Eing\u00e4nge und Ausg\u00e4nge, einschlie\u00dflich Dual LAN und 2x USB 3.2<\/li>\n<\/ul>\n            <\/div>\n        \n        <div class=\"c-footer\">\n            <a href=\"https:\/\/teguar.com\/eu\/de\/product\/tb-4845\/#get-a-quick-quote\" class=\"button button-blue button-get-a-quick-quote\" >Angebot anfordern<\/a>        <\/div>\n    <\/div>\n<\/div>\n\n\n<div class=\"product-card\" class=\"product type-product post-2245576 status-publish instock product_cat-hmi-panel product_cat-panel-pcs product_tag-computer-fur-die-lagerverwaltung has-post-thumbnail taxable shipping-taxable purchasable product-type-simple\">\n    <div class=\"media\">\n                        <a href=\"https:\/\/teguar.com\/eu\/de\/product\/tp-3445-22\/\">\n            <img decoding=\"async\" src=\"https:\/\/teguar.com\/eu\/wp-content\/uploads\/sites\/2\/2021\/02\/22-inch-touch-screen-panel-pc_2__03901.1604342598.1280.1280__98089.1613421535.1280.1280.jpg\" width=\"150\" height=\"150\" alt=\"22&quot; Industrial Panel PC\" class=\"hero-image thumb lazy\" loading=\"lazy\" \/>        <\/a>\n    <\/div>\n    <div class=\"content\">\n        <h3>\n            <a href=\"https:\/\/teguar.com\/eu\/de\/product\/tp-3445-22\/\" class=\"name\">\n                TP-3445-22\n                            <\/a>\n        <\/h3>\n\n                    <div class=\"subtitle\">\n                22&quot; Panel Mount Computer            <\/div>\n\n        \n                    <div class=\"product-kh\">\n                <ul>\n<li>21,5&#8243; Resistiver oder Pcap Touchscreen<\/li>\n<li>Intel Apollo Lake N4200 Vierkern-CPU<\/li>\n<li>Geh\u00e4use aus Aluminium-Druckguss<\/li>\n<li>Optional Hochglanz &#038; Optisches Bonding<\/li>\n<li>L\u00fcfterloses K\u00fchlsystem<\/li>\n<\/ul>\n            <\/div>\n        \n        <div class=\"c-footer\">\n            <a href=\"https:\/\/teguar.com\/eu\/de\/product\/tp-3445-22\/#get-a-quick-quote\" class=\"button button-blue button-get-a-quick-quote\" >Angebot anfordern<\/a>        <\/div>\n    <\/div>\n<\/div>\n\n            <\/div>\n        <\/div>\n    <\/section>\n\n<p>Lagerh\u00e4user sind heute in hohem Ma\u00dfe auf Technologie angewiesen, um gro\u00dfe Best\u00e4nde zu verwalten und Prozesse zu rationalisieren. <a href=\"https:\/\/teguar.com\/eu\/de\/panel-pcs\/\">Industrielle Panel-PCs<\/a>, <a href=\"https:\/\/teguar.com\/eu\/de\/robuste-tablet-pcs\/\">robuste Tablets<\/a> und <a href=\"\/eu\/?product_cat=eingebettete-computer\">eingebettete Computersysteme<\/a> von Teguar bieten die ideale L\u00f6sung, da sie die notwendige Rechenleistung und Robustheit f\u00fcr die anspruchsvolle Lagerumgebung bieten. Diese Computer erleichtern die Nachverfolgung in Echtzeit, die Bestandsverwaltung und die Kommunikation und versetzen Lagerh\u00e4user in die Lage, die Herausforderungen der modernen Logistik frontal zu meistern.   <\/p>\n\n<h2 class=\"wp-block-heading\">Warum sich die Lagerverwaltung f\u00fcr eine Zusammenarbeit mit Teguar entscheidet<\/h2>\n\n<p>Lagerleiter entscheiden sich aus mehreren Gr\u00fcnden f\u00fcr eine Zusammenarbeit mit Teguar. Die Industriecomputer von Teguar wurden speziell f\u00fcr die Anforderungen der Lagerverwaltung entwickelt. Unser Engagement f\u00fcr Zuverl\u00e4ssigkeit sorgt daf\u00fcr, dass der Betrieb auch unter den schwierigsten Lagerbedingungen reibungslos funktioniert. Der kundenorientierte Ansatz von Teguar bedeutet, dass wir eng mit den Fachleuten der Lagerverwaltung zusammenarbeiten, um ihre individuellen Anforderungen zu verstehen und ma\u00dfgeschneiderte L\u00f6sungen zur Steigerung der Effizienz anzubieten.     <\/p>\n\n<p>Die Zusammenarbeit mit Teguar geht \u00fcber die Anschaffung von Hardware hinaus; es geht darum, einen strategischen Partner zu gewinnen, der in den Erfolg Ihres Lagerbetriebs investiert. Unser engagiertes Support-Team sorgt f\u00fcr einen nahtlosen Integrationsprozess und bietet Fachwissen und personalisierte L\u00f6sungen, mit denen Lagerh\u00e4user ihre Leistung optimieren k\u00f6nnen.   <\/p>\n\n<section class=\"hubspot-form section-spacing\">\n    <script charset=\"utf-8\" type=\"text\/javascript\" src=\"\/\/js.hsforms.net\/forms\/embed\/v2.js\"><\/script>\r\n<script>\r\n  hbspt.forms.create({\r\n    portalId: \"21497995\",\r\n    formId: \"11a43242-0316-4b23-9e13-2f6bc9b8edde\",\r\n    region: \"na1\"\r\n  });\r\n<\/script><\/section>\n\n","protected":false},"excerpt":{"rendered":"<p>Eine effiziente Lagerverwaltung ist f\u00fcr reibungslose Abl\u00e4ufe, p\u00fcnktliche Lieferungen und eine optimale Bestandskontrolle in der Industrie von entscheidender Bedeutung. Lagerverwalter, die Tausende von Quadratmetern an Produkten beaufsichtigen m\u00fcssen, ben\u00f6tigen moderne industrielle Computersysteme, um die Komplexit\u00e4t ihrer Aufgaben zu bew\u00e4ltigen. Warehouse Management Computer System Merkmale: Lagerh\u00e4user sind heute in hohem Ma\u00dfe auf Technologie angewiesen, um gro\u00dfe [&hellip;]<\/p>\n","protected":false},"author":3,"featured_media":0,"parent":0,"menu_order":0,"comment_status":"closed","ping_status":"closed","template":"templates\/template-product-application.php","meta":{"_acf_changed":false,"footnotes":""},"class_list":["post-2243611","page","type-page","status-publish","hentry"],"acf":[],"yoast_head":"<!-- This site is optimized with the Yoast SEO Premium plugin v26.8 (Yoast SEO v27.2) - https:\/\/yoast.com\/product\/yoast-seo-premium-wordpress\/ -->\n<title>Computer-Systeme f\u00fcr die Lagerverwaltung<\/title>\n<meta name=\"description\" content=\"Die Industriecomputer von Teguar bieten die n\u00f6tige Leistung und Robustheit, die f\u00fcr die anspruchsvolle Lagerumgebung erforderlich sind.\" \/>\n<meta name=\"robots\" content=\"index, follow, max-snippet:-1, max-image-preview:large, max-video-preview:-1\" \/>\n<link rel=\"canonical\" href=\"https:\/\/teguar.com\/eu\/de\/computer-fuer-die-lagerverwaltung\/\" \/>\n<meta property=\"og:locale\" content=\"de_DE\" \/>\n<meta property=\"og:type\" content=\"article\" \/>\n<meta property=\"og:title\" content=\"Computer f\u00fcr die Lagerverwaltung\" \/>\n<meta property=\"og:description\" content=\"Die Industriecomputer von Teguar bieten die n\u00f6tige Leistung und Robustheit, die f\u00fcr die anspruchsvolle Lagerumgebung erforderlich sind.\" \/>\n<meta property=\"og:url\" content=\"https:\/\/teguar.com\/eu\/de\/computer-fuer-die-lagerverwaltung\/\" \/>\n<meta property=\"og:site_name\" content=\"Teguar\" \/>\n<meta property=\"article:modified_time\" content=\"2025-11-24T15:08:42+00:00\" \/>\n<meta name=\"twitter:card\" content=\"summary_large_image\" \/>\n<meta name=\"twitter:label1\" content=\"Gesch\u00e4tzte Lesezeit\" \/>\n\t<meta name=\"twitter:data1\" content=\"2\u00a0Minuten\" \/>\n<script type=\"application\/ld+json\" class=\"yoast-schema-graph\">{\"@context\":\"https:\/\/schema.org\",\"@graph\":[{\"@type\":\"WebPage\",\"@id\":\"https:\/\/teguar.com\/eu\/de\/computer-fuer-die-lagerverwaltung\/\",\"url\":\"https:\/\/teguar.com\/eu\/de\/computer-fuer-die-lagerverwaltung\/\",\"name\":\"Computer-Systeme f\u00fcr die Lagerverwaltung\",\"isPartOf\":{\"@id\":\"https:\/\/teguar.com\/eu\/en\/#website\"},\"datePublished\":\"2025-08-05T15:21:46+00:00\",\"dateModified\":\"2025-11-24T15:08:42+00:00\",\"description\":\"Die Industriecomputer von Teguar bieten die n\u00f6tige Leistung und Robustheit, die f\u00fcr die anspruchsvolle Lagerumgebung erforderlich sind.\",\"breadcrumb\":{\"@id\":\"https:\/\/teguar.com\/eu\/de\/computer-fuer-die-lagerverwaltung\/#breadcrumb\"},\"inLanguage\":\"de\",\"potentialAction\":[{\"@type\":\"ReadAction\",\"target\":[\"https:\/\/teguar.com\/eu\/de\/computer-fuer-die-lagerverwaltung\/\"]}]},{\"@type\":\"BreadcrumbList\",\"@id\":\"https:\/\/teguar.com\/eu\/de\/computer-fuer-die-lagerverwaltung\/#breadcrumb\",\"itemListElement\":[{\"@type\":\"ListItem\",\"position\":1,\"name\":\"Home\",\"item\":\"https:\/\/teguar.com\/eu\/de\/\"},{\"@type\":\"ListItem\",\"position\":2,\"name\":\"Computer f\u00fcr die Lagerverwaltung\"}]},{\"@type\":\"WebSite\",\"@id\":\"https:\/\/teguar.com\/eu\/en\/#website\",\"url\":\"https:\/\/teguar.com\/eu\/en\/\",\"name\":\"Teguar\",\"description\":\"Industrial PCs, Medical Computers, and Rugged Tablets\",\"potentialAction\":[{\"@type\":\"SearchAction\",\"target\":{\"@type\":\"EntryPoint\",\"urlTemplate\":\"https:\/\/teguar.com\/eu\/en\/?s={search_term_string}\"},\"query-input\":{\"@type\":\"PropertyValueSpecification\",\"valueRequired\":true,\"valueName\":\"search_term_string\"}}],\"inLanguage\":\"de\"}]}<\/script>\n<!-- \/ Yoast SEO Premium plugin. -->","yoast_head_json":{"title":"Computer-Systeme f\u00fcr die Lagerverwaltung","description":"Die Industriecomputer von Teguar bieten die n\u00f6tige Leistung und Robustheit, die f\u00fcr die anspruchsvolle Lagerumgebung erforderlich sind.","robots":{"index":"index","follow":"follow","max-snippet":"max-snippet:-1","max-image-preview":"max-image-preview:large","max-video-preview":"max-video-preview:-1"},"canonical":"https:\/\/teguar.com\/eu\/de\/computer-fuer-die-lagerverwaltung\/","og_locale":"de_DE","og_type":"article","og_title":"Computer f\u00fcr die Lagerverwaltung","og_description":"Die Industriecomputer von Teguar bieten die n\u00f6tige Leistung und Robustheit, die f\u00fcr die anspruchsvolle Lagerumgebung erforderlich sind.","og_url":"https:\/\/teguar.com\/eu\/de\/computer-fuer-die-lagerverwaltung\/","og_site_name":"Teguar","article_modified_time":"2025-11-24T15:08:42+00:00","twitter_card":"summary_large_image","twitter_misc":{"Gesch\u00e4tzte Lesezeit":"2\u00a0Minuten"},"schema":{"@context":"https:\/\/schema.org","@graph":[{"@type":"WebPage","@id":"https:\/\/teguar.com\/eu\/de\/computer-fuer-die-lagerverwaltung\/","url":"https:\/\/teguar.com\/eu\/de\/computer-fuer-die-lagerverwaltung\/","name":"Computer-Systeme f\u00fcr die Lagerverwaltung","isPartOf":{"@id":"https:\/\/teguar.com\/eu\/en\/#website"},"datePublished":"2025-08-05T15:21:46+00:00","dateModified":"2025-11-24T15:08:42+00:00","description":"Die Industriecomputer von Teguar bieten die n\u00f6tige Leistung und Robustheit, die f\u00fcr die anspruchsvolle Lagerumgebung erforderlich sind.","breadcrumb":{"@id":"https:\/\/teguar.com\/eu\/de\/computer-fuer-die-lagerverwaltung\/#breadcrumb"},"inLanguage":"de","potentialAction":[{"@type":"ReadAction","target":["https:\/\/teguar.com\/eu\/de\/computer-fuer-die-lagerverwaltung\/"]}]},{"@type":"BreadcrumbList","@id":"https:\/\/teguar.com\/eu\/de\/computer-fuer-die-lagerverwaltung\/#breadcrumb","itemListElement":[{"@type":"ListItem","position":1,"name":"Home","item":"https:\/\/teguar.com\/eu\/de\/"},{"@type":"ListItem","position":2,"name":"Computer f\u00fcr die Lagerverwaltung"}]},{"@type":"WebSite","@id":"https:\/\/teguar.com\/eu\/en\/#website","url":"https:\/\/teguar.com\/eu\/en\/","name":"Teguar","description":"Industrial PCs, Medical Computers, and Rugged Tablets","potentialAction":[{"@type":"SearchAction","target":{"@type":"EntryPoint","urlTemplate":"https:\/\/teguar.com\/eu\/en\/?s={search_term_string}"},"query-input":{"@type":"PropertyValueSpecification","valueRequired":true,"valueName":"search_term_string"}}],"inLanguage":"de"}]}},"_links":{"self":[{"href":"https:\/\/teguar.com\/eu\/de\/wp-json\/wp\/v2\/pages\/2243611","targetHints":{"allow":["GET"]}}],"collection":[{"href":"https:\/\/teguar.com\/eu\/de\/wp-json\/wp\/v2\/pages"}],"about":[{"href":"https:\/\/teguar.com\/eu\/de\/wp-json\/wp\/v2\/types\/page"}],"author":[{"embeddable":true,"href":"https:\/\/teguar.com\/eu\/de\/wp-json\/wp\/v2\/users\/3"}],"replies":[{"embeddable":true,"href":"https:\/\/teguar.com\/eu\/de\/wp-json\/wp\/v2\/comments?post=2243611"}],"version-history":[{"count":2,"href":"https:\/\/teguar.com\/eu\/de\/wp-json\/wp\/v2\/pages\/2243611\/revisions"}],"predecessor-version":[{"id":2247764,"href":"https:\/\/teguar.com\/eu\/de\/wp-json\/wp\/v2\/pages\/2243611\/revisions\/2247764"}],"wp:attachment":[{"href":"https:\/\/teguar.com\/eu\/de\/wp-json\/wp\/v2\/media?parent=2243611"}],"curies":[{"name":"wp","href":"https:\/\/api.w.org\/{rel}","templated":true}]}}