{"id":2243599,"date":"2025-09-15T19:22:41","date_gmt":"2025-09-15T19:22:41","guid":{"rendered":"https:\/\/teguar.com\/eu\/teguar-partner\/"},"modified":"2025-11-21T13:03:08","modified_gmt":"2025-11-21T13:03:08","slug":"teguar-partner","status":"publish","type":"page","link":"https:\/\/teguar.com\/eu\/de\/teguar-partner\/","title":{"rendered":"Teguar Partner"},"content":{"rendered":"\n<div style=\"height:21px\" aria-hidden=\"true\" class=\"wp-block-spacer\"><\/div>\n\n<p>Teguar unterst\u00fctzt und arbeitet mit Innovatoren auf der ganzen Welt zusammen. Entdecken Sie unten unsere Partner in den Bereichen Software, KI und anderen Branchen. Klicken Sie auf die Logos, um mehr zu erfahren.  <\/p>\n\n<h2 class=\"wp-block-heading\" id=\"h-our-partners\">Unsere Partner<\/h2>\n\n<div class=\"wp-block-columns are-vertically-aligned-center is-layout-flex wp-container-core-columns-is-layout-9d6595d7 wp-block-columns-is-layout-flex\">\n<div class=\"wp-block-column is-vertically-aligned-center is-layout-flow wp-block-column-is-layout-flow\"><div class=\"wp-block-image\">\n<figure class=\"aligncenter size-full is-resized\"><a href=\"https:\/\/teguar.com\/eu\/rugged-android-tablets\/\"><img loading=\"lazy\" decoding=\"async\" width=\"1000\" height=\"1000\" src=\"https:\/\/teguar.com\/eu\/wp-content\/uploads\/sites\/2\/2025\/09\/Android.png\" alt=\"Android\" class=\"wp-image-2242867\" style=\"width:240px\" srcset=\"https:\/\/teguar.com\/eu\/wp-content\/uploads\/sites\/2\/2025\/09\/Android.png 1000w, https:\/\/teguar.com\/eu\/wp-content\/uploads\/sites\/2\/2025\/09\/Android-300x300.png 300w, https:\/\/teguar.com\/eu\/wp-content\/uploads\/sites\/2\/2025\/09\/Android-150x150.png 150w, https:\/\/teguar.com\/eu\/wp-content\/uploads\/sites\/2\/2025\/09\/Android-768x768.png 768w, https:\/\/teguar.com\/eu\/wp-content\/uploads\/sites\/2\/2025\/09\/Android-276x276.png 276w, https:\/\/teguar.com\/eu\/wp-content\/uploads\/sites\/2\/2025\/09\/Android-30x30.png 30w, https:\/\/teguar.com\/eu\/wp-content\/uploads\/sites\/2\/2025\/09\/Android-352x352.png 352w, https:\/\/teguar.com\/eu\/wp-content\/uploads\/sites\/2\/2025\/09\/Android-144x144.png 144w, https:\/\/teguar.com\/eu\/wp-content\/uploads\/sites\/2\/2025\/09\/Android-960x960.png 960w, https:\/\/teguar.com\/eu\/wp-content\/uploads\/sites\/2\/2025\/09\/Android-600x600.png 600w, https:\/\/teguar.com\/eu\/wp-content\/uploads\/sites\/2\/2025\/09\/Android-100x100.png 100w\" sizes=\"auto, (max-width: 1000px) 100vw, 1000px\" \/><\/a><\/figure>\n<\/div><\/div>\n\n\n\n<div class=\"wp-block-column is-vertically-aligned-center is-layout-flow wp-block-column-is-layout-flow\"><div class=\"wp-block-image\">\n<figure class=\"aligncenter size-full is-resized\"><a href=\"https:\/\/www.automate.org\/companies\/teguar\"><img loading=\"lazy\" decoding=\"async\" width=\"1000\" height=\"1000\" src=\"https:\/\/teguar.com\/eu\/wp-content\/uploads\/sites\/2\/2025\/09\/A3.png\" alt=\"A3 Verein zur F&#xF6;rderung der Automatisierung\" class=\"wp-image-2242878\" style=\"width:240px\" srcset=\"https:\/\/teguar.com\/eu\/wp-content\/uploads\/sites\/2\/2025\/09\/A3.png 1000w, https:\/\/teguar.com\/eu\/wp-content\/uploads\/sites\/2\/2025\/09\/A3-300x300.png 300w, https:\/\/teguar.com\/eu\/wp-content\/uploads\/sites\/2\/2025\/09\/A3-150x150.png 150w, https:\/\/teguar.com\/eu\/wp-content\/uploads\/sites\/2\/2025\/09\/A3-768x768.png 768w, https:\/\/teguar.com\/eu\/wp-content\/uploads\/sites\/2\/2025\/09\/A3-276x276.png 276w, https:\/\/teguar.com\/eu\/wp-content\/uploads\/sites\/2\/2025\/09\/A3-30x30.png 30w, https:\/\/teguar.com\/eu\/wp-content\/uploads\/sites\/2\/2025\/09\/A3-352x352.png 352w, https:\/\/teguar.com\/eu\/wp-content\/uploads\/sites\/2\/2025\/09\/A3-144x144.png 144w, https:\/\/teguar.com\/eu\/wp-content\/uploads\/sites\/2\/2025\/09\/A3-960x960.png 960w, https:\/\/teguar.com\/eu\/wp-content\/uploads\/sites\/2\/2025\/09\/A3-600x600.png 600w, https:\/\/teguar.com\/eu\/wp-content\/uploads\/sites\/2\/2025\/09\/A3-100x100.png 100w\" sizes=\"auto, (max-width: 1000px) 100vw, 1000px\" \/><\/a><\/figure>\n<\/div><\/div>\n\n\n\n<div class=\"wp-block-column is-vertically-aligned-center is-layout-flow wp-block-column-is-layout-flow\"><div class=\"wp-block-image is-style-default\">\n<figure class=\"aligncenter size-full is-resized\"><a href=\"https:\/\/teguar.com\/eu\/hailo-partnership-announcement\/\"><img loading=\"lazy\" decoding=\"async\" width=\"1000\" height=\"1000\" src=\"https:\/\/teguar.com\/eu\/wp-content\/uploads\/sites\/2\/2025\/09\/Hailo.png\" alt=\"Hailo\" class=\"wp-image-2242868\" style=\"width:240px\" srcset=\"https:\/\/teguar.com\/eu\/wp-content\/uploads\/sites\/2\/2025\/09\/Hailo.png 1000w, https:\/\/teguar.com\/eu\/wp-content\/uploads\/sites\/2\/2025\/09\/Hailo-300x300.png 300w, https:\/\/teguar.com\/eu\/wp-content\/uploads\/sites\/2\/2025\/09\/Hailo-150x150.png 150w, https:\/\/teguar.com\/eu\/wp-content\/uploads\/sites\/2\/2025\/09\/Hailo-768x768.png 768w, https:\/\/teguar.com\/eu\/wp-content\/uploads\/sites\/2\/2025\/09\/Hailo-276x276.png 276w, https:\/\/teguar.com\/eu\/wp-content\/uploads\/sites\/2\/2025\/09\/Hailo-30x30.png 30w, https:\/\/teguar.com\/eu\/wp-content\/uploads\/sites\/2\/2025\/09\/Hailo-352x352.png 352w, https:\/\/teguar.com\/eu\/wp-content\/uploads\/sites\/2\/2025\/09\/Hailo-144x144.png 144w, https:\/\/teguar.com\/eu\/wp-content\/uploads\/sites\/2\/2025\/09\/Hailo-960x960.png 960w, https:\/\/teguar.com\/eu\/wp-content\/uploads\/sites\/2\/2025\/09\/Hailo-600x600.png 600w, https:\/\/teguar.com\/eu\/wp-content\/uploads\/sites\/2\/2025\/09\/Hailo-100x100.png 100w\" sizes=\"auto, (max-width: 1000px) 100vw, 1000px\" \/><\/a><\/figure>\n<\/div><\/div>\n\n\n\n<div class=\"wp-block-column is-layout-flow wp-block-column-is-layout-flow\"><div class=\"wp-block-image\">\n<figure class=\"aligncenter size-full is-resized\"><a href=\"https:\/\/teguar.com\/eu\/inductive-automation\/\"><img loading=\"lazy\" decoding=\"async\" width=\"1000\" height=\"1000\" src=\"https:\/\/teguar.com\/eu\/wp-content\/uploads\/sites\/2\/2025\/09\/Inductive-Automation.png\" alt=\"Induktive Automatisierung\" class=\"wp-image-2242869\" style=\"width:240px\" srcset=\"https:\/\/teguar.com\/eu\/wp-content\/uploads\/sites\/2\/2025\/09\/Inductive-Automation.png 1000w, https:\/\/teguar.com\/eu\/wp-content\/uploads\/sites\/2\/2025\/09\/Inductive-Automation-300x300.png 300w, https:\/\/teguar.com\/eu\/wp-content\/uploads\/sites\/2\/2025\/09\/Inductive-Automation-150x150.png 150w, https:\/\/teguar.com\/eu\/wp-content\/uploads\/sites\/2\/2025\/09\/Inductive-Automation-768x768.png 768w, https:\/\/teguar.com\/eu\/wp-content\/uploads\/sites\/2\/2025\/09\/Inductive-Automation-276x276.png 276w, https:\/\/teguar.com\/eu\/wp-content\/uploads\/sites\/2\/2025\/09\/Inductive-Automation-30x30.png 30w, https:\/\/teguar.com\/eu\/wp-content\/uploads\/sites\/2\/2025\/09\/Inductive-Automation-352x352.png 352w, https:\/\/teguar.com\/eu\/wp-content\/uploads\/sites\/2\/2025\/09\/Inductive-Automation-144x144.png 144w, https:\/\/teguar.com\/eu\/wp-content\/uploads\/sites\/2\/2025\/09\/Inductive-Automation-960x960.png 960w, https:\/\/teguar.com\/eu\/wp-content\/uploads\/sites\/2\/2025\/09\/Inductive-Automation-600x600.png 600w, https:\/\/teguar.com\/eu\/wp-content\/uploads\/sites\/2\/2025\/09\/Inductive-Automation-100x100.png 100w\" sizes=\"auto, (max-width: 1000px) 100vw, 1000px\" \/><\/a><\/figure>\n<\/div><\/div>\n\n\n\n<div class=\"wp-block-column is-layout-flow wp-block-column-is-layout-flow\"><div class=\"wp-block-image\">\n<figure class=\"aligncenter size-full is-resized\"><a href=\"https:\/\/www.intel.com\/content\/www\/us\/en\/partner\/showcase\/storefront\/a5S3b000000BAsLEAW\/teguar.html\"><img loading=\"lazy\" decoding=\"async\" width=\"1000\" height=\"1000\" src=\"https:\/\/teguar.com\/eu\/wp-content\/uploads\/sites\/2\/2025\/09\/Intel.png\" alt=\"Intel\" class=\"wp-image-2242866\" style=\"width:240px\" srcset=\"https:\/\/teguar.com\/eu\/wp-content\/uploads\/sites\/2\/2025\/09\/Intel.png 1000w, https:\/\/teguar.com\/eu\/wp-content\/uploads\/sites\/2\/2025\/09\/Intel-300x300.png 300w, https:\/\/teguar.com\/eu\/wp-content\/uploads\/sites\/2\/2025\/09\/Intel-150x150.png 150w, https:\/\/teguar.com\/eu\/wp-content\/uploads\/sites\/2\/2025\/09\/Intel-768x768.png 768w, https:\/\/teguar.com\/eu\/wp-content\/uploads\/sites\/2\/2025\/09\/Intel-276x276.png 276w, https:\/\/teguar.com\/eu\/wp-content\/uploads\/sites\/2\/2025\/09\/Intel-30x30.png 30w, https:\/\/teguar.com\/eu\/wp-content\/uploads\/sites\/2\/2025\/09\/Intel-352x352.png 352w, https:\/\/teguar.com\/eu\/wp-content\/uploads\/sites\/2\/2025\/09\/Intel-144x144.png 144w, https:\/\/teguar.com\/eu\/wp-content\/uploads\/sites\/2\/2025\/09\/Intel-960x960.png 960w, https:\/\/teguar.com\/eu\/wp-content\/uploads\/sites\/2\/2025\/09\/Intel-600x600.png 600w, https:\/\/teguar.com\/eu\/wp-content\/uploads\/sites\/2\/2025\/09\/Intel-100x100.png 100w\" sizes=\"auto, (max-width: 1000px) 100vw, 1000px\" \/><\/a><\/figure>\n<\/div><\/div>\n<\/div>\n\n<div class=\"wp-block-columns is-layout-flex wp-container-core-columns-is-layout-9d6595d7 wp-block-columns-is-layout-flex\">\n<div class=\"wp-block-column is-layout-flow wp-block-column-is-layout-flow\">\n<h2 class=\"wp-block-heading\" id=\"h-systems-integrators\">Systemintegratoren<\/h2>\n\n\n\n<p>If you&#8217;re an integrator looking to leverage a relationship with Teguar, check out our <a href=\"https:\/\/teguar.com\/eu\/integrator-advantage-program\/\">Integrator Advantage Program<\/a>.<\/p>\n<\/div>\n\n\n\n<div class=\"wp-block-column is-layout-flow wp-block-column-is-layout-flow\">\n<h2 class=\"wp-block-heading\" id=\"h-resellers\">Wiederverk\u00e4ufer<\/h2>\n\n\n\n<p>Wenn Sie ein Computer-H\u00e4ndler sind und eine Partnerschaft mit Teguar anstreben, sollten Sie sich \u00fcber unser Reseller Benefit Program informieren, das noch in diesem Jahr erscheinen wird.<\/p>\n<\/div>\n<\/div>\n\n<div style=\"height:68px\" aria-hidden=\"true\" class=\"wp-block-spacer\"><\/div>\n\n<div class=\"hs-cta-embed hs-cta-embed-196077658225\" style=\"max-width:100%; max-height:100%; width:1410px;height:411.35418701171875px\" data-hubspot-wrapper-cta-id=\"196077658225\">\n  <link rel=\"stylesheet\" href=\"https:\/\/js.hscta.com\/embeddable_cta_placeholder_v1.css\"\/>\n  <div class=\"hs-cta-loading-dot__container\">\n     <div class=\"hs-cta-loading-dot\"><\/div>\n     <div class=\"hs-cta-loading-dot\"><\/div>\n     <div class=\"hs-cta-loading-dot\"><\/div>\n  <\/div>\n  <div class=\"hs-cta-embed__skeleton\"><\/div>\n  <picture>\n    <source srcset=\"data:image\/gif;base64,R0lGODlhAQABAAAAACH5BAEKAAEALAAAAAABAAEAAAICTAEAOw==\" media=\"(max-width: 480px)\"\/>\n    <img decoding=\"async\" alt=\"Sind Sie an Teguar-Partnern interessiert?   Wenn Sie mehr \u00fcber unsere Partnerschaften erfahren oder sich \u00fcber eine Zusammenarbeit erkundigen m\u00f6chten, geben Sie Ihren Namen und eine bequeme E-Mail-Adresse ein, um uns bei Teguar zu kontaktieren.\" loading=\"lazy\" src=\"https:\/\/no-cache.hubspot.com\/cta\/default\/21497995\/interactive-196077658225.png\" style=\"height: 100%; width: 100%; object-fit: fill\" onerror=\"this.style.display='none'\"\/>\n  <\/picture>\n<\/div>\n\n\n<div style=\"height:100px\" aria-hidden=\"true\" class=\"wp-block-spacer\"><\/div>\n","protected":false},"excerpt":{"rendered":"<p>Teguar unterst\u00fctzt und arbeitet mit Innovatoren auf der ganzen Welt zusammen. Entdecken Sie unten unsere Partner in den Bereichen Software, KI und anderen Branchen. Klicken Sie auf die Logos, um mehr zu erfahren. Unsere Partner Systemintegratoren If you&#8217;re an integrator looking to leverage a relationship with Teguar, check out our Integrator Advantage Program. Wiederverk\u00e4ufer Wenn [&hellip;]<\/p>\n","protected":false},"author":4,"featured_media":2243607,"parent":0,"menu_order":0,"comment_status":"closed","ping_status":"closed","template":"templates\/template-content-page.php","meta":{"_acf_changed":false,"footnotes":""},"class_list":["post-2243599","page","type-page","status-publish","has-post-thumbnail","hentry"],"acf":[],"yoast_head":"<!-- This site is optimized with the Yoast SEO Premium plugin v26.8 (Yoast SEO v27.2) - https:\/\/yoast.com\/product\/yoast-seo-premium-wordpress\/ -->\n<title>Teguar-Partner, -Integratoren und -Anbieter<\/title>\n<meta name=\"description\" content=\"Durchsuchen Sie unser Verzeichnis der Teguar Partner, Integratoren und Anbieter und erfahren Sie mehr dar\u00fcber, wie Sie dem Teguar Partner Ecosystem beitreten k\u00f6nnen.\" \/>\n<meta name=\"robots\" content=\"index, follow, max-snippet:-1, max-image-preview:large, max-video-preview:-1\" \/>\n<link rel=\"canonical\" href=\"https:\/\/teguar.com\/eu\/de\/teguar-partner\/\" \/>\n<meta property=\"og:locale\" content=\"de_DE\" \/>\n<meta property=\"og:type\" content=\"article\" \/>\n<meta property=\"og:title\" content=\"Teguar Partner\" \/>\n<meta property=\"og:description\" content=\"Durchsuchen Sie unser Verzeichnis der Teguar Partner, Integratoren und Anbieter und erfahren Sie mehr dar\u00fcber, wie Sie dem Teguar Partner Ecosystem beitreten k\u00f6nnen.\" \/>\n<meta property=\"og:url\" content=\"https:\/\/teguar.com\/eu\/de\/teguar-partner\/\" \/>\n<meta property=\"og:site_name\" content=\"Teguar\" \/>\n<meta property=\"article:modified_time\" content=\"2025-11-21T13:03:08+00:00\" \/>\n<meta property=\"og:image\" content=\"https:\/\/teguar.com\/eu\/wp-content\/uploads\/sites\/2\/2025\/09\/Teguar-Partners-Page.jpg\" \/>\n\t<meta property=\"og:image:width\" content=\"930\" \/>\n\t<meta property=\"og:image:height\" content=\"565\" \/>\n\t<meta property=\"og:image:type\" content=\"image\/jpeg\" \/>\n<meta name=\"twitter:card\" content=\"summary_large_image\" \/>\n<script type=\"application\/ld+json\" class=\"yoast-schema-graph\">{\"@context\":\"https:\/\/schema.org\",\"@graph\":[{\"@type\":\"WebPage\",\"@id\":\"https:\/\/teguar.com\/eu\/de\/teguar-partner\/\",\"url\":\"https:\/\/teguar.com\/eu\/de\/teguar-partner\/\",\"name\":\"Teguar-Partner, -Integratoren und -Anbieter\",\"isPartOf\":{\"@id\":\"https:\/\/teguar.com\/eu\/en\/#website\"},\"primaryImageOfPage\":{\"@id\":\"https:\/\/teguar.com\/eu\/de\/teguar-partner\/#primaryimage\"},\"image\":{\"@id\":\"https:\/\/teguar.com\/eu\/de\/teguar-partner\/#primaryimage\"},\"thumbnailUrl\":\"https:\/\/teguar.com\/eu\/wp-content\/uploads\/sites\/2\/2025\/09\/Teguar-Partners-Page.jpg\",\"datePublished\":\"2025-09-15T19:22:41+00:00\",\"dateModified\":\"2025-11-21T13:03:08+00:00\",\"description\":\"Durchsuchen Sie unser Verzeichnis der Teguar Partner, Integratoren und Anbieter und erfahren Sie mehr dar\u00fcber, wie Sie dem Teguar Partner Ecosystem beitreten k\u00f6nnen.\",\"breadcrumb\":{\"@id\":\"https:\/\/teguar.com\/eu\/de\/teguar-partner\/#breadcrumb\"},\"inLanguage\":\"de\",\"potentialAction\":[{\"@type\":\"ReadAction\",\"target\":[\"https:\/\/teguar.com\/eu\/de\/teguar-partner\/\"]}]},{\"@type\":\"ImageObject\",\"inLanguage\":\"de\",\"@id\":\"https:\/\/teguar.com\/eu\/de\/teguar-partner\/#primaryimage\",\"url\":\"https:\/\/teguar.com\/eu\/wp-content\/uploads\/sites\/2\/2025\/09\/Teguar-Partners-Page.jpg\",\"contentUrl\":\"https:\/\/teguar.com\/eu\/wp-content\/uploads\/sites\/2\/2025\/09\/Teguar-Partners-Page.jpg\",\"width\":930,\"height\":565,\"caption\":\"Teguar Partners\"},{\"@type\":\"BreadcrumbList\",\"@id\":\"https:\/\/teguar.com\/eu\/de\/teguar-partner\/#breadcrumb\",\"itemListElement\":[{\"@type\":\"ListItem\",\"position\":1,\"name\":\"Home\",\"item\":\"https:\/\/teguar.com\/eu\/de\/\"},{\"@type\":\"ListItem\",\"position\":2,\"name\":\"Teguar Partner\"}]},{\"@type\":\"WebSite\",\"@id\":\"https:\/\/teguar.com\/eu\/en\/#website\",\"url\":\"https:\/\/teguar.com\/eu\/en\/\",\"name\":\"Teguar\",\"description\":\"Industrial PCs, Medical Computers, and Rugged Tablets\",\"potentialAction\":[{\"@type\":\"SearchAction\",\"target\":{\"@type\":\"EntryPoint\",\"urlTemplate\":\"https:\/\/teguar.com\/eu\/en\/?s={search_term_string}\"},\"query-input\":{\"@type\":\"PropertyValueSpecification\",\"valueRequired\":true,\"valueName\":\"search_term_string\"}}],\"inLanguage\":\"de\"}]}<\/script>\n<!-- \/ Yoast SEO Premium plugin. -->","yoast_head_json":{"title":"Teguar-Partner, -Integratoren und -Anbieter","description":"Durchsuchen Sie unser Verzeichnis der Teguar Partner, Integratoren und Anbieter und erfahren Sie mehr dar\u00fcber, wie Sie dem Teguar Partner Ecosystem beitreten k\u00f6nnen.","robots":{"index":"index","follow":"follow","max-snippet":"max-snippet:-1","max-image-preview":"max-image-preview:large","max-video-preview":"max-video-preview:-1"},"canonical":"https:\/\/teguar.com\/eu\/de\/teguar-partner\/","og_locale":"de_DE","og_type":"article","og_title":"Teguar Partner","og_description":"Durchsuchen Sie unser Verzeichnis der Teguar Partner, Integratoren und Anbieter und erfahren Sie mehr dar\u00fcber, wie Sie dem Teguar Partner Ecosystem beitreten k\u00f6nnen.","og_url":"https:\/\/teguar.com\/eu\/de\/teguar-partner\/","og_site_name":"Teguar","article_modified_time":"2025-11-21T13:03:08+00:00","og_image":[{"width":930,"height":565,"url":"https:\/\/teguar.com\/eu\/wp-content\/uploads\/sites\/2\/2025\/09\/Teguar-Partners-Page.jpg","type":"image\/jpeg"}],"twitter_card":"summary_large_image","schema":{"@context":"https:\/\/schema.org","@graph":[{"@type":"WebPage","@id":"https:\/\/teguar.com\/eu\/de\/teguar-partner\/","url":"https:\/\/teguar.com\/eu\/de\/teguar-partner\/","name":"Teguar-Partner, -Integratoren und -Anbieter","isPartOf":{"@id":"https:\/\/teguar.com\/eu\/en\/#website"},"primaryImageOfPage":{"@id":"https:\/\/teguar.com\/eu\/de\/teguar-partner\/#primaryimage"},"image":{"@id":"https:\/\/teguar.com\/eu\/de\/teguar-partner\/#primaryimage"},"thumbnailUrl":"https:\/\/teguar.com\/eu\/wp-content\/uploads\/sites\/2\/2025\/09\/Teguar-Partners-Page.jpg","datePublished":"2025-09-15T19:22:41+00:00","dateModified":"2025-11-21T13:03:08+00:00","description":"Durchsuchen Sie unser Verzeichnis der Teguar Partner, Integratoren und Anbieter und erfahren Sie mehr dar\u00fcber, wie Sie dem Teguar Partner Ecosystem beitreten k\u00f6nnen.","breadcrumb":{"@id":"https:\/\/teguar.com\/eu\/de\/teguar-partner\/#breadcrumb"},"inLanguage":"de","potentialAction":[{"@type":"ReadAction","target":["https:\/\/teguar.com\/eu\/de\/teguar-partner\/"]}]},{"@type":"ImageObject","inLanguage":"de","@id":"https:\/\/teguar.com\/eu\/de\/teguar-partner\/#primaryimage","url":"https:\/\/teguar.com\/eu\/wp-content\/uploads\/sites\/2\/2025\/09\/Teguar-Partners-Page.jpg","contentUrl":"https:\/\/teguar.com\/eu\/wp-content\/uploads\/sites\/2\/2025\/09\/Teguar-Partners-Page.jpg","width":930,"height":565,"caption":"Teguar Partners"},{"@type":"BreadcrumbList","@id":"https:\/\/teguar.com\/eu\/de\/teguar-partner\/#breadcrumb","itemListElement":[{"@type":"ListItem","position":1,"name":"Home","item":"https:\/\/teguar.com\/eu\/de\/"},{"@type":"ListItem","position":2,"name":"Teguar Partner"}]},{"@type":"WebSite","@id":"https:\/\/teguar.com\/eu\/en\/#website","url":"https:\/\/teguar.com\/eu\/en\/","name":"Teguar","description":"Industrial PCs, Medical Computers, and Rugged Tablets","potentialAction":[{"@type":"SearchAction","target":{"@type":"EntryPoint","urlTemplate":"https:\/\/teguar.com\/eu\/en\/?s={search_term_string}"},"query-input":{"@type":"PropertyValueSpecification","valueRequired":true,"valueName":"search_term_string"}}],"inLanguage":"de"}]}},"_links":{"self":[{"href":"https:\/\/teguar.com\/eu\/de\/wp-json\/wp\/v2\/pages\/2243599","targetHints":{"allow":["GET"]}}],"collection":[{"href":"https:\/\/teguar.com\/eu\/de\/wp-json\/wp\/v2\/pages"}],"about":[{"href":"https:\/\/teguar.com\/eu\/de\/wp-json\/wp\/v2\/types\/page"}],"author":[{"embeddable":true,"href":"https:\/\/teguar.com\/eu\/de\/wp-json\/wp\/v2\/users\/4"}],"replies":[{"embeddable":true,"href":"https:\/\/teguar.com\/eu\/de\/wp-json\/wp\/v2\/comments?post=2243599"}],"version-history":[{"count":2,"href":"https:\/\/teguar.com\/eu\/de\/wp-json\/wp\/v2\/pages\/2243599\/revisions"}],"predecessor-version":[{"id":2247751,"href":"https:\/\/teguar.com\/eu\/de\/wp-json\/wp\/v2\/pages\/2243599\/revisions\/2247751"}],"wp:featuredmedia":[{"embeddable":true,"href":"https:\/\/teguar.com\/eu\/de\/wp-json\/wp\/v2\/media\/2243607"}],"wp:attachment":[{"href":"https:\/\/teguar.com\/eu\/de\/wp-json\/wp\/v2\/media?parent=2243599"}],"curies":[{"name":"wp","href":"https:\/\/api.w.org\/{rel}","templated":true}]}}