{"id":2243598,"date":"2025-08-04T18:39:02","date_gmt":"2025-08-04T18:39:02","guid":{"rendered":"https:\/\/teguar.com\/eu\/pinnacle-serie\/"},"modified":"2026-02-06T15:24:44","modified_gmt":"2026-02-06T15:24:44","slug":"pinnacle-series","status":"publish","type":"page","link":"https:\/\/teguar.com\/eu\/de\/pinnacle-series\/","title":{"rendered":"Pinnacle Series"},"content":{"rendered":"\n<h2 class=\"wp-block-heading\" id=\"h-uber-die-serie\">\u00dcber die Serie<\/h2>\n\n\n\n<p>Die Pinnacle-Serie mit den Modellen TP-4800 und TP-7200 wurde von Grund auf so konzipiert, dass sie die Spitze des <a href=\"https:\/\/teguar.com\/eu\/de\/panel-pcs\/\">Panel-PC-Designs<\/a> darstellt und sich \u00fcberall dort bew\u00e4hrt, wo sie gebraucht wird.<\/p>\n\n\n\n<p>Die Pinnacle-Serie wird von einem leistungsstarken l\u00fcfterlosen Core Ultra-Prozessor mit integrierter NPU oder einer effizienten Celeron-CPU angetrieben, die ein ausgewogenes Verh\u00e4ltnis zwischen Leistung, Wert und Effizienz bietet. Passen Sie die schlanke Bauweise von Pinnacle in einen flachen Schalttafelausschnitt ein oder verwenden Sie es als schlankes All-in-One-Ger\u00e4t mit einer VESA-Halterung. Mit der Pinnacle-Serie k\u00f6nnen Sie auf bis zu 20 % weniger Installationsfl\u00e4che mehr erreichen als mit herk\u00f6mmlichen Modellen. Trotz ihrer Eleganz ist die Pinnacle-Serie dank der l\u00fcfterlosen K\u00fchlung und der IP66-zertifizierten Frontblende sehr robust. Und schlie\u00dflich bietet Pinnacle mit seinem direkt geklebten Display, das eine pr\u00e4zise Ber\u00fchrung und gro\u00dfe Klarheit erm\u00f6glicht, das vertraute Touch-Erlebnis von Tablets und Smartphones f\u00fcr jede industrielle Anwendung. Dieser atemberaubende Panel-Computer ist in den Bildschirmgr\u00f6\u00dfen 12,1&#8243; und 15,6&#8243; erh\u00e4ltlich.    <\/p>\n\n\n\n<p>Wenn Sie Wert auf Effizienz, Langlebigkeit und Platzersparnis legen, sind Sie bei der Pinnacle-Serie genau richtig. Sie wurde von Anfang bis Ende als ultimative Panel-PC-L\u00f6sung konzipiert.<\/p>\n\n\n<div class=\"wp-block-image\">\n<figure class=\"aligncenter size-full\"><img decoding=\"async\" src=\"https:\/\/teguar.com\/eu\/wp-content\/uploads\/sites\/2\/2026\/02\/Pinnacle-TP-7200-and-TP-4800-Panel-PC-Series-Teguar.jpg\" alt=\"Pinnacle-TP-7200-and-TP-4800-Panel-PC-Series-Teguar\" class=\"wp-image-2248723\"\/><\/figure>\n<\/div>\n\n\n<h2 class=\"wp-block-heading\">Wichtige Merkmale der Serie<\/h2>\n\n\n\n<ul class=\"wp-block-list\">\n<li>Neueste l\u00fcfterlose Meteor Lake oder Elkhart Lake Prozessoren<\/li>\n\n\n\n<li>Hochaufl\u00f6sendes, hochhelles, direkt verklebtes Display<\/li>\n\n\n\n<li>PoE, USB-C, Digital IO, HDMI-Anschl\u00fcsse<\/li>\n\n\n\n<li>Atemberaubend schlanker Formfaktor<\/li>\n\n\n\n<li>Solides Aluminium-Gussgeh\u00e4use<\/li>\n\n\n\n<li>Windows 11 Pro und IOT<\/li>\n<\/ul>\n\n\n\n<h2 class=\"wp-block-heading\" id=\"h-merkmale-der-serie\">Merkmale der Serie<\/h2>\n\n\n    <section class=\"content-with-side-media section-spacing\">\n        <div class=\"container\">\n            <div class=\"text wysiwyg\">\n                                    <h5>Arbeitstier CPU<\/h5>\n<p>Pinnacle ist mit einem zuverl\u00e4ssigen Elkhart Lake <a href=\"https:\/\/www.intel.com\/content\/www\/us\/en\/products\/sku\/214758\/intel-celeron-processor-j6412-1-5m-cache-up-to-2-60-ghz\/specifications.html?utm_campaign=4277643-PINNACLE&amp;utm_source=hs_email&amp;utm_medium=email&amp;_hsenc=p2ANqtz--4ZQd5ONEMmeRemqsf_eOFkt2SptK55le6LnLHQSET-dgbcF5HxvfgmDACrzHhQ4uUNbWn\" target=\"_blank\">Intel\u00ae-Prozessor<\/a> ausgestattet, der auch bei sich wiederholenden Arbeitsabl\u00e4ufen nicht aufgibt. Der J6413 ist Teil von Intels Embedded-Roadmap f\u00fcr IOT, die f\u00fcr eine lange Lebensdauer und legend\u00e4re Stabilit\u00e4t sorgt.Der TP-7200 bietet den rasend schnellen Core Ultra-Prozessor, der intensive SCADA-Systeme und anspruchsvolle Grafiken verarbeiten kann. Mit einer kompatiblen KI-beschleunigenden NPU von Hailo halten Sie die Geschwindigkeit hoch und den Stromverbrauch niedrig.  <\/p>\n<h5>Windows 11 Aktiviert<\/h5>\n<p>Das neueste Windows 11-Betriebssystem sorgt mit Long Life Support und TPM 2.0 f\u00fcr optimale Cybersicherheit. Dank des vertrauten Betriebssystems l\u00e4sst sich Pinnacle nahtlos in Ihre vorhandenen Systeme integrieren. <\/p>\n                            <\/div>\n\n            <div class=\"media\">\n                <img loading=\"lazy\" decoding=\"async\" src=\"https:\/\/teguar.com\/eu\/wp-content\/uploads\/sites\/2\/2025\/08\/Pinnacle-TP-4800-Intel-Celeron.webp\" width=\"640\" height=\"353\" alt=\"Pinnacle-TP-4800-Intel-Celeron\" class=\"large lazy\" srcset=\"https:\/\/teguar.com\/eu\/wp-content\/uploads\/sites\/2\/2025\/08\/Pinnacle-TP-4800-Intel-Celeron.webp 680w, https:\/\/teguar.com\/eu\/wp-content\/uploads\/sites\/2\/2025\/08\/Pinnacle-TP-4800-Intel-Celeron-300x165.webp 300w, https:\/\/teguar.com\/eu\/wp-content\/uploads\/sites\/2\/2025\/08\/Pinnacle-TP-4800-Intel-Celeron-272x150.webp 272w, https:\/\/teguar.com\/eu\/wp-content\/uploads\/sites\/2\/2025\/08\/Pinnacle-TP-4800-Intel-Celeron-164x90.webp 164w, https:\/\/teguar.com\/eu\/wp-content\/uploads\/sites\/2\/2025\/08\/Pinnacle-TP-4800-Intel-Celeron-600x331.webp 600w\"loading=\"lazy\" \/>            <\/div>\n        <\/div>\n    <\/section>\n\n\n    <section class=\"content-with-side-media is-reversed section-spacing\">\n        <div class=\"container\">\n            <div class=\"text wysiwyg\">\n                                    <h5>Stromversorgung \u00fcber USB-C oder DC<\/h5>\n<p>Genie\u00dfen Sie ein elegantes, minimalistisches Kabelmanagement, indem Sie einen einzigen USB-C-Anschluss f\u00fcr die Stromversorgung des TP-4800 und TP-7200 verwenden. Sie k\u00f6nnen auch ganz einfach eine weitreichende DC-Stromquelle mit einem 3-poligen Anschluss anschlie\u00dfen. <\/p>\n<h5>Innovativer Formfaktor<\/h5>\n<p>Pinnacle verbl\u00fcfft mit einem schlanken Design, das mit dem Aussehen der angesagtesten modernen Verbraucherprodukte mithalten kann und trotzdem robust ist. Unser d\u00fcnnster Panel-PC hat sogar einen superschlanken Touchscreen-Rahmen. Wir haben einen 16-Zoll-Bildschirm in die Ma\u00dfe eingepasst, die ein durchschnittliches Ger\u00e4t mit einem 12- oder 13-Zoll-Bildschirm normalerweise ben\u00f6tigt. Das bedeutet, dass mehr Platz f\u00fcr das Wesentliche zur Verf\u00fcgung steht und nicht f\u00fcr \u00fcberm\u00e4\u00dfige schwarze R\u00e4nder.   <\/p>\n                            <\/div>\n\n            <div class=\"media\">\n                <img loading=\"lazy\" decoding=\"async\" src=\"https:\/\/teguar.com\/eu\/wp-content\/uploads\/sites\/2\/2025\/08\/Pinnacle-TP-4800-Bezel-Comparison-1.webp\" width=\"640\" height=\"353\" alt=\"Pinnacle-TP-4800-Bezel-Comparison-1\" class=\"large lazy\" srcset=\"https:\/\/teguar.com\/eu\/wp-content\/uploads\/sites\/2\/2025\/08\/Pinnacle-TP-4800-Bezel-Comparison-1.webp 680w, https:\/\/teguar.com\/eu\/wp-content\/uploads\/sites\/2\/2025\/08\/Pinnacle-TP-4800-Bezel-Comparison-1-300x165.webp 300w, https:\/\/teguar.com\/eu\/wp-content\/uploads\/sites\/2\/2025\/08\/Pinnacle-TP-4800-Bezel-Comparison-1-272x150.webp 272w, https:\/\/teguar.com\/eu\/wp-content\/uploads\/sites\/2\/2025\/08\/Pinnacle-TP-4800-Bezel-Comparison-1-164x90.webp 164w, https:\/\/teguar.com\/eu\/wp-content\/uploads\/sites\/2\/2025\/08\/Pinnacle-TP-4800-Bezel-Comparison-1-600x331.webp 600w\"loading=\"lazy\" \/>            <\/div>\n        <\/div>\n    <\/section>\n\n\n    <section class=\"content-with-side-media section-spacing\">\n        <div class=\"container\">\n            <div class=\"text wysiwyg\">\n                                    <h5>Perfekte Klarheit<\/h5>\n<p>Der Pinnacle Panel PC ist mit einem direkt laminierten Bildschirm ausgestattet, der f\u00fcr gestochen scharfe Bilder und ein (buchst\u00e4blich) nahtloses, gehobenes Benutzererlebnis sorgt. Die vollst\u00e4ndige Laminierung zwischen dem Touchpanel und dem Display bietet nicht nur einen dichten Schutz vor Staub und Feuchtigkeit, sondern verbessert auch die Widerstandsf\u00e4higkeit gegen Risse und Besch\u00e4digungen. Der verklebte Bildschirm ist so konzipiert, dass er aus jedem Winkel leicht und deutlich zu erkennen ist.  <\/p>\n<h5>Allesk\u00f6nner<\/h5>\n<p>Erweitern Sie die M\u00f6glichkeiten von Pinnacle, indem Sie seine vielf\u00e4ltigen E\/A-Erweiterungsoptionen nutzen. Optimieren Sie Ihr Setup mit Power over Ethernet (verf\u00fcgbar auf TP-4800), nutzen Sie GPIO, um es genau an Ihre Bed\u00fcrfnisse anzupassen, f\u00fcgen Sie einen zus\u00e4tzlichen COM-Port oder 2 weitere USB-Ports hinzu. Nutzen Sie den NVMe-Steckplatz des TP-7200 f\u00fcr eine dedizierte NPU. Brauchen Sie etwas anderes? Wir haben zus\u00e4tzlichen Platz eingeplant, um die E\/A f\u00fcr Ihre individuellen Bed\u00fcrfnisse anzupassen.    <\/p>\n                            <\/div>\n\n            <div class=\"media\">\n                <img loading=\"lazy\" decoding=\"async\" src=\"https:\/\/teguar.com\/eu\/wp-content\/uploads\/sites\/2\/2025\/08\/Pinnacle-TP-4800-Direct-Bonding-1.webp\" width=\"640\" height=\"353\" alt=\"Pinnacle-TP-4800-Direct-Bonding-1\" class=\"large lazy\" srcset=\"https:\/\/teguar.com\/eu\/wp-content\/uploads\/sites\/2\/2025\/08\/Pinnacle-TP-4800-Direct-Bonding-1.webp 680w, https:\/\/teguar.com\/eu\/wp-content\/uploads\/sites\/2\/2025\/08\/Pinnacle-TP-4800-Direct-Bonding-1-300x165.webp 300w, https:\/\/teguar.com\/eu\/wp-content\/uploads\/sites\/2\/2025\/08\/Pinnacle-TP-4800-Direct-Bonding-1-272x150.webp 272w, https:\/\/teguar.com\/eu\/wp-content\/uploads\/sites\/2\/2025\/08\/Pinnacle-TP-4800-Direct-Bonding-1-164x90.webp 164w, https:\/\/teguar.com\/eu\/wp-content\/uploads\/sites\/2\/2025\/08\/Pinnacle-TP-4800-Direct-Bonding-1-600x331.webp 600w\"loading=\"lazy\" \/>            <\/div>\n        <\/div>\n    <\/section>\n\n\n    <section id=\"pinnacle-series\" class=\"products-by-tag section-spacing\">\n        <div class=\"container\">\n            <div class=\"header\">\n                                    <h2 class=\"headline\">Produkte der Pinnacle-Serie kaufen<\/h2>\n                            <\/div>\n\n            <div class=\"grid product-card-grid-4\">\n                \n<div class=\"product-card\" class=\"product type-product post-2247399 status-publish first instock product_cat-hmi-panel product_cat-panel-pcs product_tag-computer-fur-militar-und-luft-und-raumfahrt product_tag-online-kaufen product_tag-pinnacle-series product_tag-scada-hmi-panel-pcs-2 product_tag-systemintegratoren-fur-die-automatisierung has-post-thumbnail taxable shipping-taxable purchasable product-type-composite\">\n    <div class=\"media\">\n                        <a href=\"https:\/\/teguar.com\/eu\/de\/product\/pinnacle-tp-4800-12\/\">\n            <img decoding=\"async\" src=\"https:\/\/teguar.com\/eu\/wp-content\/uploads\/sites\/2\/2025\/01\/Pinnacle_Panel_PC_TP-4800-12_Front_Red__21644.1742304466.1280.1280.jpg\" width=\"150\" height=\"150\" alt=\"12 inch Pinnacle Panel PC TP-4800-12 Front\" class=\"hero-image thumb lazy\" loading=\"lazy\" \/>        <\/a>\n    <\/div>\n    <div class=\"content\">\n        <h3>\n            <a href=\"https:\/\/teguar.com\/eu\/de\/product\/pinnacle-tp-4800-12\/\" class=\"name\">\n                Pinnacle TP-4800-12\n                            <\/a>\n        <\/h3>\n\n                    <div class=\"subtitle\">\n                12,1&quot; Panel PC            <\/div>\n\n        \n                    <div class=\"product-kh\">\n                <ul>\n<li>Neuester l\u00fcfterloser Intel\u00ae Elkhart Lake-Prozessor<\/li>\n<li>12,1&#8243; Display mit hoher Helligkeit und Direct Bonded Touch<\/li>\n<li>PoE, USB-C, Digital IO, HDMI-Anschl\u00fcsse<\/li>\n<li>Atemberaubend schlanker Formfaktor<\/li>\n<li>Solides Aluminium-Gussgeh\u00e4use<\/li>\n<li>Windows 11 Pro und IOT<\/li>\n<\/ul>\n            <\/div>\n        \n        <div class=\"c-footer\">\n            <a href=\"https:\/\/teguar.com\/eu\/de\/product\/pinnacle-tp-4800-12\/#get-a-quick-quote\" class=\"button button-blue button-get-a-quick-quote\" >Angebot anfordern<\/a>        <\/div>\n    <\/div>\n<\/div>\n\n\n<div class=\"product-card\" class=\"product type-product post-2247402 status-publish instock product_cat-hmi-panel product_cat-ki-computer product_cat-panel-pcs product_tag-online-kaufen product_tag-pinnacle-series has-post-thumbnail taxable shipping-taxable purchasable product-type-composite\">\n    <div class=\"media\">\n                        <a href=\"https:\/\/teguar.com\/eu\/de\/product\/pinnacle-tp-7200-16\/\">\n            <img decoding=\"async\" src=\"https:\/\/teguar.com\/eu\/wp-content\/uploads\/sites\/2\/2025\/07\/Pinnacle_Panel_PC_TP-7200-16.jpg\" width=\"150\" height=\"150\" alt=\"Front view of Teguar&#039;s TP-7200-16 Core Ultra Panel PC with a stylized red landscape wallpaper\" class=\"hero-image thumb lazy\" loading=\"lazy\" \/>        <\/a>\n    <\/div>\n    <div class=\"content\">\n        <h3>\n            <a href=\"https:\/\/teguar.com\/eu\/de\/product\/pinnacle-tp-7200-16\/\" class=\"name\">\n                Pinnacle TP-7200-16\n                            <\/a>\n        <\/h3>\n\n                    <div class=\"subtitle\">\n                15,6&quot; Core Ultra Panel PC            <\/div>\n\n        \n                    <div class=\"product-kh\">\n                <ul>\n<li>Neuester l\u00fcfterloser Meteor Lake-Prozessor<\/li>\n<li>15,6&#8243; Display mit hoher Helligkeit und Direct Bonded Touch<\/li>\n<li>USB-C, Digital IO, HDMI-Anschl\u00fcsse, Dual M.2 NVMe <\/li>\n<li>Atemberaubend schlanker Formfaktor<\/li>\n<li>Solides Aluminium-Gussgeh\u00e4use<\/li>\n<li>Windows 11 Pro und IOT<\/li>\n<\/ul>\n            <\/div>\n        \n        <div class=\"c-footer\">\n            <a href=\"https:\/\/teguar.com\/eu\/de\/product\/pinnacle-tp-7200-16\/#get-a-quick-quote\" class=\"button button-blue button-get-a-quick-quote\" >Angebot anfordern<\/a>        <\/div>\n    <\/div>\n<\/div>\n\n\n<div class=\"product-card\" class=\"product type-product post-2247400 status-publish last instock product_cat-hmi-panel product_cat-panel-pcs product_tag-fertigungs-computer product_tag-interaktive-displays product_tag-online-kaufen product_tag-pinnacle-series product_tag-schnellversand-panel-pcs has-post-thumbnail taxable shipping-taxable purchasable product-type-composite\">\n    <div class=\"media\">\n                        <a href=\"https:\/\/teguar.com\/eu\/de\/product\/pinnacle-tp-4800-16\/\">\n            <img decoding=\"async\" src=\"https:\/\/teguar.com\/eu\/wp-content\/uploads\/sites\/2\/2025\/01\/Pinnacle_Panel_PC_TP-4800-16_Angle_Red__61555.1742304500.1280.1280.jpg\" width=\"150\" height=\"150\" alt=\"16 inch Pinnacle Panel PC TP-4800-16 Front Angle\" class=\"hero-image thumb lazy\" loading=\"lazy\" \/>        <\/a>\n    <\/div>\n    <div class=\"content\">\n        <h3>\n            <a href=\"https:\/\/teguar.com\/eu\/de\/product\/pinnacle-tp-4800-16\/\" class=\"name\">\n                Pinnacle TP-4800-16\n                            <\/a>\n        <\/h3>\n\n                    <div class=\"subtitle\">\n                15,6&quot; Panel PC            <\/div>\n\n        \n                    <div class=\"product-kh\">\n                <ul>\n<li>Neuester l\u00fcfterloser Intel\u00ae Elkhart Lake-Prozessor<\/li>\n<li>15,6&#8243; Display mit hoher Helligkeit und Direct Bonded Touch<\/li>\n<li>PoE, USB-C, Digital I\/O, HDMI-Anschl\u00fcsse<\/li>\n<li>Atemberaubend schlanker Formfaktor<\/li>\n<li>Solides Aluminium-Gussgeh\u00e4use<\/li>\n<li>Windows 11 Pro und IOT<\/li>\n<\/ul>\n            <\/div>\n        \n        <div class=\"c-footer\">\n            <a href=\"https:\/\/teguar.com\/eu\/de\/product\/pinnacle-tp-4800-16\/#get-a-quick-quote\" class=\"button button-blue button-get-a-quick-quote\" >Angebot anfordern<\/a>        <\/div>\n    <\/div>\n<\/div>\n\n\n<div class=\"product-card\" class=\"product type-product post-2247401 status-publish first instock product_cat-hmi-panel product_cat-ki-computer product_cat-panel-pcs product_tag-online-kaufen product_tag-pinnacle-series has-post-thumbnail taxable shipping-taxable purchasable product-type-composite\">\n    <div class=\"media\">\n                        <a href=\"https:\/\/teguar.com\/eu\/de\/product\/pinnacle-tp-7200-12\/\">\n            <img decoding=\"async\" src=\"https:\/\/teguar.com\/eu\/wp-content\/uploads\/sites\/2\/2025\/07\/Pinnacle_Panel_PC_TP-7200-12_Front_Red__02988.1751489237.1280.1280.webp\" width=\"150\" height=\"150\" alt=\"Pinnacle Panel PC TP-7200-12_Front_Red\" class=\"hero-image thumb lazy\" loading=\"lazy\" \/>        <\/a>\n    <\/div>\n    <div class=\"content\">\n        <h3>\n            <a href=\"https:\/\/teguar.com\/eu\/de\/product\/pinnacle-tp-7200-12\/\" class=\"name\">\n                Pinnacle TP-7200-12\n                            <\/a>\n        <\/h3>\n\n                    <div class=\"subtitle\">\n                12,1&quot; Core Ultra Panel PC            <\/div>\n\n        \n                    <div class=\"product-kh\">\n                <ul>\n<li>Neuester l\u00fcfterloser Meteor Lake-Prozessor<\/li>\n<li>12,1&#8243; Display mit hoher Helligkeit und Direct Bonded Touch<\/li>\n<li>USB-C, Digital IO, HDMI-Anschl\u00fcsse, Dual M.2 NVMe <\/li>\n<li>Atemberaubend schlanker Formfaktor<\/li>\n<li>Solides Aluminium-Gussgeh\u00e4use<\/li>\n<li>Windows 11 Pro und IOT<\/li>\n<\/ul>\n            <\/div>\n        \n        <div class=\"c-footer\">\n            <a href=\"https:\/\/teguar.com\/eu\/de\/product\/pinnacle-tp-7200-12\/#get-a-quick-quote\" class=\"button button-blue button-get-a-quick-quote\" >Angebot anfordern<\/a>        <\/div>\n    <\/div>\n<\/div>\n\n            <\/div>\n        <\/div>\n    <\/section>\n\n\n\n<section class=\"hubspot-form section-spacing\">\n    <script charset=\"utf-8\" type=\"text\/javascript\" src=\"\/\/js.hsforms.net\/forms\/embed\/v2.js\"><\/script>\r\n<script>\r\n  hbspt.forms.create({\r\n    portalId: \"21497995\",\r\n    formId: \"11a43242-0316-4b23-9e13-2f6bc9b8edde\",\r\n    region: \"na1\"\r\n  });\r\n<\/script><\/section>\n\n","protected":false},"excerpt":{"rendered":"<p>\u00dcber die Serie Die Pinnacle-Serie mit den Modellen TP-4800 und TP-7200 wurde von Grund auf so konzipiert, dass sie die Spitze des Panel-PC-Designs darstellt und sich \u00fcberall dort bew\u00e4hrt, wo sie gebraucht wird. Die Pinnacle-Serie wird von einem leistungsstarken l\u00fcfterlosen Core Ultra-Prozessor mit integrierter NPU oder einer effizienten Celeron-CPU angetrieben, die ein ausgewogenes Verh\u00e4ltnis zwischen [&hellip;]<\/p>\n","protected":false},"author":3,"featured_media":2243600,"parent":0,"menu_order":0,"comment_status":"closed","ping_status":"closed","template":"templates\/template-content-page.php","meta":{"_acf_changed":false,"footnotes":""},"class_list":["post-2243598","page","type-page","status-publish","has-post-thumbnail","hentry"],"acf":[],"yoast_head":"<!-- This site is optimized with the Yoast SEO Premium plugin v26.8 (Yoast SEO v27.2) - https:\/\/yoast.com\/product\/yoast-seo-premium-wordpress\/ -->\n<title>Pinnacle Series - Teguar<\/title>\n<meta name=\"robots\" content=\"index, follow, max-snippet:-1, max-image-preview:large, max-video-preview:-1\" \/>\n<link rel=\"canonical\" href=\"https:\/\/teguar.com\/eu\/de\/pinnacle-series\/\" \/>\n<meta property=\"og:locale\" content=\"de_DE\" \/>\n<meta property=\"og:type\" content=\"article\" \/>\n<meta property=\"og:title\" content=\"Pinnacle Series\" \/>\n<meta property=\"og:description\" content=\"\u00dcber die Serie Die Pinnacle-Serie mit den Modellen TP-4800 und TP-7200 wurde von Grund auf so konzipiert, dass sie die Spitze des Panel-PC-Designs darstellt und sich \u00fcberall dort bew\u00e4hrt, wo sie gebraucht wird. Die Pinnacle-Serie wird von einem leistungsstarken l\u00fcfterlosen Core Ultra-Prozessor mit integrierter NPU oder einer effizienten Celeron-CPU angetrieben, die ein ausgewogenes Verh\u00e4ltnis zwischen [&hellip;]\" \/>\n<meta property=\"og:url\" content=\"https:\/\/teguar.com\/eu\/de\/pinnacle-series\/\" \/>\n<meta property=\"og:site_name\" content=\"Teguar\" \/>\n<meta property=\"article:modified_time\" content=\"2026-02-06T15:24:44+00:00\" \/>\n<meta property=\"og:image\" content=\"https:\/\/teguar.com\/eu\/wp-content\/uploads\/sites\/2\/2025\/08\/Pinnacle-TP-4800-Series-Panel-PC.webp\" \/>\n\t<meta property=\"og:image:width\" content=\"705\" \/>\n\t<meta property=\"og:image:height\" content=\"388\" \/>\n\t<meta property=\"og:image:type\" content=\"image\/webp\" \/>\n<meta name=\"twitter:card\" content=\"summary_large_image\" \/>\n<meta name=\"twitter:label1\" content=\"Gesch\u00e4tzte Lesezeit\" \/>\n\t<meta name=\"twitter:data1\" content=\"2\u00a0Minuten\" \/>\n<script type=\"application\/ld+json\" class=\"yoast-schema-graph\">{\"@context\":\"https:\/\/schema.org\",\"@graph\":[{\"@type\":\"WebPage\",\"@id\":\"https:\/\/teguar.com\/eu\/de\/pinnacle-series\/\",\"url\":\"https:\/\/teguar.com\/eu\/de\/pinnacle-series\/\",\"name\":\"Pinnacle Series - Teguar\",\"isPartOf\":{\"@id\":\"https:\/\/teguar.com\/eu\/en\/#website\"},\"primaryImageOfPage\":{\"@id\":\"https:\/\/teguar.com\/eu\/de\/pinnacle-series\/#primaryimage\"},\"image\":{\"@id\":\"https:\/\/teguar.com\/eu\/de\/pinnacle-series\/#primaryimage\"},\"thumbnailUrl\":\"https:\/\/teguar.com\/eu\/wp-content\/uploads\/sites\/2\/2025\/08\/Pinnacle-TP-4800-Series-Panel-PC.webp\",\"datePublished\":\"2025-08-04T18:39:02+00:00\",\"dateModified\":\"2026-02-06T15:24:44+00:00\",\"breadcrumb\":{\"@id\":\"https:\/\/teguar.com\/eu\/de\/pinnacle-series\/#breadcrumb\"},\"inLanguage\":\"de\",\"potentialAction\":[{\"@type\":\"ReadAction\",\"target\":[\"https:\/\/teguar.com\/eu\/de\/pinnacle-series\/\"]}]},{\"@type\":\"ImageObject\",\"inLanguage\":\"de\",\"@id\":\"https:\/\/teguar.com\/eu\/de\/pinnacle-series\/#primaryimage\",\"url\":\"https:\/\/teguar.com\/eu\/wp-content\/uploads\/sites\/2\/2025\/08\/Pinnacle-TP-4800-Series-Panel-PC.webp\",\"contentUrl\":\"https:\/\/teguar.com\/eu\/wp-content\/uploads\/sites\/2\/2025\/08\/Pinnacle-TP-4800-Series-Panel-PC.webp\",\"width\":705,\"height\":388,\"caption\":\"Pinnacle-TP-4800-Series-Panel-PC\"},{\"@type\":\"BreadcrumbList\",\"@id\":\"https:\/\/teguar.com\/eu\/de\/pinnacle-series\/#breadcrumb\",\"itemListElement\":[{\"@type\":\"ListItem\",\"position\":1,\"name\":\"Home\",\"item\":\"https:\/\/teguar.com\/eu\/de\/\"},{\"@type\":\"ListItem\",\"position\":2,\"name\":\"Pinnacle Series\"}]},{\"@type\":\"WebSite\",\"@id\":\"https:\/\/teguar.com\/eu\/en\/#website\",\"url\":\"https:\/\/teguar.com\/eu\/en\/\",\"name\":\"Teguar\",\"description\":\"Industrial PCs, Medical Computers, and Rugged Tablets\",\"potentialAction\":[{\"@type\":\"SearchAction\",\"target\":{\"@type\":\"EntryPoint\",\"urlTemplate\":\"https:\/\/teguar.com\/eu\/en\/?s={search_term_string}\"},\"query-input\":{\"@type\":\"PropertyValueSpecification\",\"valueRequired\":true,\"valueName\":\"search_term_string\"}}],\"inLanguage\":\"de\"}]}<\/script>\n<!-- \/ Yoast SEO Premium plugin. -->","yoast_head_json":{"title":"Pinnacle Series - Teguar","robots":{"index":"index","follow":"follow","max-snippet":"max-snippet:-1","max-image-preview":"max-image-preview:large","max-video-preview":"max-video-preview:-1"},"canonical":"https:\/\/teguar.com\/eu\/de\/pinnacle-series\/","og_locale":"de_DE","og_type":"article","og_title":"Pinnacle Series","og_description":"\u00dcber die Serie Die Pinnacle-Serie mit den Modellen TP-4800 und TP-7200 wurde von Grund auf so konzipiert, dass sie die Spitze des Panel-PC-Designs darstellt und sich \u00fcberall dort bew\u00e4hrt, wo sie gebraucht wird. Die Pinnacle-Serie wird von einem leistungsstarken l\u00fcfterlosen Core Ultra-Prozessor mit integrierter NPU oder einer effizienten Celeron-CPU angetrieben, die ein ausgewogenes Verh\u00e4ltnis zwischen [&hellip;]","og_url":"https:\/\/teguar.com\/eu\/de\/pinnacle-series\/","og_site_name":"Teguar","article_modified_time":"2026-02-06T15:24:44+00:00","og_image":[{"width":705,"height":388,"url":"https:\/\/teguar.com\/eu\/wp-content\/uploads\/sites\/2\/2025\/08\/Pinnacle-TP-4800-Series-Panel-PC.webp","type":"image\/webp"}],"twitter_card":"summary_large_image","twitter_misc":{"Gesch\u00e4tzte Lesezeit":"2\u00a0Minuten"},"schema":{"@context":"https:\/\/schema.org","@graph":[{"@type":"WebPage","@id":"https:\/\/teguar.com\/eu\/de\/pinnacle-series\/","url":"https:\/\/teguar.com\/eu\/de\/pinnacle-series\/","name":"Pinnacle Series - Teguar","isPartOf":{"@id":"https:\/\/teguar.com\/eu\/en\/#website"},"primaryImageOfPage":{"@id":"https:\/\/teguar.com\/eu\/de\/pinnacle-series\/#primaryimage"},"image":{"@id":"https:\/\/teguar.com\/eu\/de\/pinnacle-series\/#primaryimage"},"thumbnailUrl":"https:\/\/teguar.com\/eu\/wp-content\/uploads\/sites\/2\/2025\/08\/Pinnacle-TP-4800-Series-Panel-PC.webp","datePublished":"2025-08-04T18:39:02+00:00","dateModified":"2026-02-06T15:24:44+00:00","breadcrumb":{"@id":"https:\/\/teguar.com\/eu\/de\/pinnacle-series\/#breadcrumb"},"inLanguage":"de","potentialAction":[{"@type":"ReadAction","target":["https:\/\/teguar.com\/eu\/de\/pinnacle-series\/"]}]},{"@type":"ImageObject","inLanguage":"de","@id":"https:\/\/teguar.com\/eu\/de\/pinnacle-series\/#primaryimage","url":"https:\/\/teguar.com\/eu\/wp-content\/uploads\/sites\/2\/2025\/08\/Pinnacle-TP-4800-Series-Panel-PC.webp","contentUrl":"https:\/\/teguar.com\/eu\/wp-content\/uploads\/sites\/2\/2025\/08\/Pinnacle-TP-4800-Series-Panel-PC.webp","width":705,"height":388,"caption":"Pinnacle-TP-4800-Series-Panel-PC"},{"@type":"BreadcrumbList","@id":"https:\/\/teguar.com\/eu\/de\/pinnacle-series\/#breadcrumb","itemListElement":[{"@type":"ListItem","position":1,"name":"Home","item":"https:\/\/teguar.com\/eu\/de\/"},{"@type":"ListItem","position":2,"name":"Pinnacle Series"}]},{"@type":"WebSite","@id":"https:\/\/teguar.com\/eu\/en\/#website","url":"https:\/\/teguar.com\/eu\/en\/","name":"Teguar","description":"Industrial PCs, Medical Computers, and Rugged Tablets","potentialAction":[{"@type":"SearchAction","target":{"@type":"EntryPoint","urlTemplate":"https:\/\/teguar.com\/eu\/en\/?s={search_term_string}"},"query-input":{"@type":"PropertyValueSpecification","valueRequired":true,"valueName":"search_term_string"}}],"inLanguage":"de"}]}},"_links":{"self":[{"href":"https:\/\/teguar.com\/eu\/de\/wp-json\/wp\/v2\/pages\/2243598","targetHints":{"allow":["GET"]}}],"collection":[{"href":"https:\/\/teguar.com\/eu\/de\/wp-json\/wp\/v2\/pages"}],"about":[{"href":"https:\/\/teguar.com\/eu\/de\/wp-json\/wp\/v2\/types\/page"}],"author":[{"embeddable":true,"href":"https:\/\/teguar.com\/eu\/de\/wp-json\/wp\/v2\/users\/3"}],"replies":[{"embeddable":true,"href":"https:\/\/teguar.com\/eu\/de\/wp-json\/wp\/v2\/comments?post=2243598"}],"version-history":[{"count":5,"href":"https:\/\/teguar.com\/eu\/de\/wp-json\/wp\/v2\/pages\/2243598\/revisions"}],"predecessor-version":[{"id":2248749,"href":"https:\/\/teguar.com\/eu\/de\/wp-json\/wp\/v2\/pages\/2243598\/revisions\/2248749"}],"wp:featuredmedia":[{"embeddable":true,"href":"https:\/\/teguar.com\/eu\/de\/wp-json\/wp\/v2\/media\/2243600"}],"wp:attachment":[{"href":"https:\/\/teguar.com\/eu\/de\/wp-json\/wp\/v2\/media?parent=2243598"}],"curies":[{"name":"wp","href":"https:\/\/api.w.org\/{rel}","templated":true}]}}