{"id":2243595,"date":"2025-07-30T13:34:03","date_gmt":"2025-07-30T13:34:03","guid":{"rendered":"https:\/\/teguar.com\/eu\/der-teguar-foltertest\/"},"modified":"2025-10-16T12:45:22","modified_gmt":"2025-10-16T12:45:22","slug":"der-teguar-foltertest","status":"publish","type":"page","link":"https:\/\/teguar.com\/eu\/de\/der-teguar-foltertest\/","title":{"rendered":"Der Teguar-Foltertest"},"content":{"rendered":"\n<figure class=\"wp-block-embed is-provider-youtube wp-block-embed-youtube\"><iframe loading=\"lazy\" width=\"1920\" height=\"969\" src=\"https:\/\/www.youtube.com\/embed\/a0Vms_5Vt4Q?autoplay=1&#038;mute=1\" title=\"YouTube-Videoplayer\" frameborder=\"0\" allow=\"autoplay\" allowfullscreen=\"\" autoplay=\"\"><\/iframe><\/figure>\n\n<h3 class=\"wp-block-heading has-text-align-center\" id=\"h-get-industrial-pcs-and-rugged-tablets-built-for-long-term-operation-in-the-most-demanding-environments\">Holen Sie sich Industrie-PCs und robuste Tablets f\u00fcr den Langzeitbetrieb <br\/>in den anspruchsvollsten Umgebungen.<\/h3>\n\n<div class=\"title-wrapper\">\n                 <br\/><br\/>   <a href=\"javascript:void(0)\" class=\"btn btn-buy popup-opener mb-sm\" data-class=\"quick-quote\">MEHR INFORMATIONEN ANFORDERN<\/a>               <\/div>\n\n<div class=\"wp-block-buttons is-content-justification-center is-layout-flex wp-container-core-buttons-is-layout-16018d1d wp-block-buttons-is-layout-flex\">\n<div class=\"wp-block-button has-custom-width wp-block-button__width-50\"><a class=\"wp-block-button__link wp-element-button\" href=\"https:\/\/teguar.com\/eu\/industrial-computer\/\">ALLE INDUSTRIECOMPUTER ANZEIGEN<\/a><\/div>\n<\/div>\n\n<div class=\"call-number-wrapper\">\n       \n<div class=\"call-number-inner\">\n  <div class=\"call-column\">\n\n\n\n <h4>Rufen Sie uns f\u00fcr eine optimale Konfiguration und einen Preis an:<\/h4><br\/>      <h3><a class=\"btn-track-call\" style=\"color:rgb(255, 230, 0);\" href=\"tel:18008707715\">1-800-870-7715<\/a><\/h3>\n          <h6>Sparen Sie sich stundenlange Recherchen und den Vergleich von Optionen<\/h6>\n            <p>Unsere technischen Spezialisten haben an\n Hunderten von Industrieprojekten gearbeitet. Ihr Fachwissen kann\n Ihnen unz\u00e4hlige Stunden ersparen und helfen, Probleme zu vermeiden. \n    <\/p>\n  \n  <\/div>\n\n<\/div>\n\n             <h4 style=\"font-size:26px;\">Verschwenden Sie nicht Ihre Zeit. Rufen Sie uns an! <\/h4>\n<br\/><br\/>\n    <a href=\"javascript:void(0)\" class=\"btn btn-buy popup-opener mb-sm\" data-class=\"quick-quote\">SCHNELLES ANGEBOT ANFORDERN<\/a>\n<br\/><br\/>\n<\/div>\n\n<h2 class=\"wp-block-heading has-text-align-center\" id=\"h-the-evaluation-process\">Der Bewertungsprozess<\/h2>\n\n<p class=\"has-text-align-center\">Mit kurzen Vorlaufzeiten k\u00f6nnen wir Ihr Projekt schnell in die Entwicklung bringen. Unsere genauen Kostenvoranschl\u00e4ge erm\u00f6glichen es Ihnen, Ihr Projekt effizient zu planen. Wir k\u00f6nnen Ihnen helfen, Zeit und Geld zu sparen und Ihr Projekt rechtzeitig fertigzustellen.  <\/p>\n\n<div class=\"wp-block-buttons is-content-justification-center is-layout-flex wp-container-core-buttons-is-layout-16018d1d wp-block-buttons-is-layout-flex\">\n<div class=\"wp-block-button is-style-outline is-style-outline--1\"><a class=\"wp-block-button__link has-text-color has-link-color wp-element-button\" href=\"https:\/\/teguar.com\/eu\/de\/kontaktieren-sie-uns\/?interested_in=Product%20Consultation\" style=\"color:#0078bb\">PROJEKTBERATUNG<\/a><\/div>\n<\/div>\n\n<p><\/p>\n","protected":false},"excerpt":{"rendered":"<p>Holen Sie sich Industrie-PCs und robuste Tablets f\u00fcr den Langzeitbetrieb in den anspruchsvollsten Umgebungen. MEHR INFORMATIONEN ANFORDERN Rufen Sie uns f\u00fcr eine optimale Konfiguration und einen Preis an: 1-800-870-7715 Sparen Sie sich stundenlange Recherchen und den Vergleich von Optionen Unsere technischen Spezialisten haben an Hunderten von Industrieprojekten gearbeitet. Ihr Fachwissen kann Ihnen unz\u00e4hlige Stunden ersparen [&hellip;]<\/p>\n","protected":false},"author":4,"featured_media":0,"parent":0,"menu_order":0,"comment_status":"closed","ping_status":"closed","template":"templates\/template-content-page.php","meta":{"_acf_changed":false,"footnotes":""},"class_list":["post-2243595","page","type-page","status-publish","hentry"],"acf":[],"yoast_head":"<!-- This site is optimized with the Yoast SEO Premium plugin v26.8 (Yoast SEO v27.2) - https:\/\/yoast.com\/product\/yoast-seo-premium-wordpress\/ -->\n<title>Der Teguar-Foltertest - Teguar<\/title>\n<meta name=\"robots\" content=\"index, follow, max-snippet:-1, max-image-preview:large, max-video-preview:-1\" \/>\n<link rel=\"canonical\" href=\"https:\/\/teguar.com\/eu\/de\/der-teguar-foltertest\/\" \/>\n<meta property=\"og:locale\" content=\"de_DE\" \/>\n<meta property=\"og:type\" content=\"article\" \/>\n<meta property=\"og:title\" content=\"Der Teguar-Foltertest\" \/>\n<meta property=\"og:description\" content=\"Holen Sie sich Industrie-PCs und robuste Tablets f\u00fcr den Langzeitbetrieb in den anspruchsvollsten Umgebungen. MEHR INFORMATIONEN ANFORDERN Rufen Sie uns f\u00fcr eine optimale Konfiguration und einen Preis an: 1-800-870-7715 Sparen Sie sich stundenlange Recherchen und den Vergleich von Optionen Unsere technischen Spezialisten haben an Hunderten von Industrieprojekten gearbeitet. Ihr Fachwissen kann Ihnen unz\u00e4hlige Stunden ersparen [&hellip;]\" \/>\n<meta property=\"og:url\" content=\"https:\/\/teguar.com\/eu\/de\/der-teguar-foltertest\/\" \/>\n<meta property=\"og:site_name\" content=\"Teguar\" \/>\n<meta property=\"article:modified_time\" content=\"2025-10-16T12:45:22+00:00\" \/>\n<meta name=\"twitter:card\" content=\"summary_large_image\" \/>\n<meta name=\"twitter:label1\" content=\"Gesch\u00e4tzte Lesezeit\" \/>\n\t<meta name=\"twitter:data1\" content=\"1\u00a0Minute\" \/>\n<script type=\"application\/ld+json\" class=\"yoast-schema-graph\">{\"@context\":\"https:\/\/schema.org\",\"@graph\":[{\"@type\":\"WebPage\",\"@id\":\"https:\/\/teguar.com\/eu\/de\/der-teguar-foltertest\/\",\"url\":\"https:\/\/teguar.com\/eu\/de\/der-teguar-foltertest\/\",\"name\":\"Der Teguar-Foltertest - Teguar\",\"isPartOf\":{\"@id\":\"https:\/\/teguar.com\/eu\/en\/#website\"},\"datePublished\":\"2025-07-30T13:34:03+00:00\",\"dateModified\":\"2025-10-16T12:45:22+00:00\",\"breadcrumb\":{\"@id\":\"https:\/\/teguar.com\/eu\/de\/der-teguar-foltertest\/#breadcrumb\"},\"inLanguage\":\"de\",\"potentialAction\":[{\"@type\":\"ReadAction\",\"target\":[\"https:\/\/teguar.com\/eu\/de\/der-teguar-foltertest\/\"]}]},{\"@type\":\"BreadcrumbList\",\"@id\":\"https:\/\/teguar.com\/eu\/de\/der-teguar-foltertest\/#breadcrumb\",\"itemListElement\":[{\"@type\":\"ListItem\",\"position\":1,\"name\":\"Home\",\"item\":\"https:\/\/teguar.com\/eu\/de\/\"},{\"@type\":\"ListItem\",\"position\":2,\"name\":\"Der Teguar-Foltertest\"}]},{\"@type\":\"WebSite\",\"@id\":\"https:\/\/teguar.com\/eu\/en\/#website\",\"url\":\"https:\/\/teguar.com\/eu\/en\/\",\"name\":\"Teguar\",\"description\":\"Industrial PCs, Medical Computers, and Rugged Tablets\",\"potentialAction\":[{\"@type\":\"SearchAction\",\"target\":{\"@type\":\"EntryPoint\",\"urlTemplate\":\"https:\/\/teguar.com\/eu\/en\/?s={search_term_string}\"},\"query-input\":{\"@type\":\"PropertyValueSpecification\",\"valueRequired\":true,\"valueName\":\"search_term_string\"}}],\"inLanguage\":\"de\"}]}<\/script>\n<!-- \/ Yoast SEO Premium plugin. -->","yoast_head_json":{"title":"Der Teguar-Foltertest - Teguar","robots":{"index":"index","follow":"follow","max-snippet":"max-snippet:-1","max-image-preview":"max-image-preview:large","max-video-preview":"max-video-preview:-1"},"canonical":"https:\/\/teguar.com\/eu\/de\/der-teguar-foltertest\/","og_locale":"de_DE","og_type":"article","og_title":"Der Teguar-Foltertest","og_description":"Holen Sie sich Industrie-PCs und robuste Tablets f\u00fcr den Langzeitbetrieb in den anspruchsvollsten Umgebungen. MEHR INFORMATIONEN ANFORDERN Rufen Sie uns f\u00fcr eine optimale Konfiguration und einen Preis an: 1-800-870-7715 Sparen Sie sich stundenlange Recherchen und den Vergleich von Optionen Unsere technischen Spezialisten haben an Hunderten von Industrieprojekten gearbeitet. Ihr Fachwissen kann Ihnen unz\u00e4hlige Stunden ersparen [&hellip;]","og_url":"https:\/\/teguar.com\/eu\/de\/der-teguar-foltertest\/","og_site_name":"Teguar","article_modified_time":"2025-10-16T12:45:22+00:00","twitter_card":"summary_large_image","twitter_misc":{"Gesch\u00e4tzte Lesezeit":"1\u00a0Minute"},"schema":{"@context":"https:\/\/schema.org","@graph":[{"@type":"WebPage","@id":"https:\/\/teguar.com\/eu\/de\/der-teguar-foltertest\/","url":"https:\/\/teguar.com\/eu\/de\/der-teguar-foltertest\/","name":"Der Teguar-Foltertest - Teguar","isPartOf":{"@id":"https:\/\/teguar.com\/eu\/en\/#website"},"datePublished":"2025-07-30T13:34:03+00:00","dateModified":"2025-10-16T12:45:22+00:00","breadcrumb":{"@id":"https:\/\/teguar.com\/eu\/de\/der-teguar-foltertest\/#breadcrumb"},"inLanguage":"de","potentialAction":[{"@type":"ReadAction","target":["https:\/\/teguar.com\/eu\/de\/der-teguar-foltertest\/"]}]},{"@type":"BreadcrumbList","@id":"https:\/\/teguar.com\/eu\/de\/der-teguar-foltertest\/#breadcrumb","itemListElement":[{"@type":"ListItem","position":1,"name":"Home","item":"https:\/\/teguar.com\/eu\/de\/"},{"@type":"ListItem","position":2,"name":"Der Teguar-Foltertest"}]},{"@type":"WebSite","@id":"https:\/\/teguar.com\/eu\/en\/#website","url":"https:\/\/teguar.com\/eu\/en\/","name":"Teguar","description":"Industrial PCs, Medical Computers, and Rugged Tablets","potentialAction":[{"@type":"SearchAction","target":{"@type":"EntryPoint","urlTemplate":"https:\/\/teguar.com\/eu\/en\/?s={search_term_string}"},"query-input":{"@type":"PropertyValueSpecification","valueRequired":true,"valueName":"search_term_string"}}],"inLanguage":"de"}]}},"_links":{"self":[{"href":"https:\/\/teguar.com\/eu\/de\/wp-json\/wp\/v2\/pages\/2243595","targetHints":{"allow":["GET"]}}],"collection":[{"href":"https:\/\/teguar.com\/eu\/de\/wp-json\/wp\/v2\/pages"}],"about":[{"href":"https:\/\/teguar.com\/eu\/de\/wp-json\/wp\/v2\/types\/page"}],"author":[{"embeddable":true,"href":"https:\/\/teguar.com\/eu\/de\/wp-json\/wp\/v2\/users\/4"}],"replies":[{"embeddable":true,"href":"https:\/\/teguar.com\/eu\/de\/wp-json\/wp\/v2\/comments?post=2243595"}],"version-history":[{"count":1,"href":"https:\/\/teguar.com\/eu\/de\/wp-json\/wp\/v2\/pages\/2243595\/revisions"}],"predecessor-version":[{"id":2243596,"href":"https:\/\/teguar.com\/eu\/de\/wp-json\/wp\/v2\/pages\/2243595\/revisions\/2243596"}],"wp:attachment":[{"href":"https:\/\/teguar.com\/eu\/de\/wp-json\/wp\/v2\/media?parent=2243595"}],"curies":[{"name":"wp","href":"https:\/\/api.w.org\/{rel}","templated":true}]}}