{"id":2243594,"date":"2025-07-29T16:43:10","date_gmt":"2025-07-29T16:43:10","guid":{"rendered":"https:\/\/teguar.com\/eu\/benutzerdefiniertes-bios-programm\/"},"modified":"2025-10-16T12:45:22","modified_gmt":"2025-10-16T12:45:22","slug":"benutzerdefiniertes-bios-programm","status":"publish","type":"page","link":"https:\/\/teguar.com\/eu\/de\/benutzerdefiniertes-bios-programm\/","title":{"rendered":"Benutzerdefiniertes BIOS-Programm"},"content":{"rendered":"\n<h2 class=\"wp-block-heading has-text-align-center\" id=\"h-are-you-looking-to-personalize-the-functionality-and-appearance-of-your-teguar-product\"><strong>M\u00f6chten Sie die Funktionalit\u00e4t und das Aussehen Ihres Teguar-Produkts personalisieren?<\/strong><\/h2>\n\n<p class=\"has-text-align-center\">Mit dem Custom BIOS Program von Teguar haben Sie jetzt die M\u00f6glichkeit, ein wirklich einzigartiges Erlebnis zu schaffen. Unser Expertenteam arbeitet eng mit Ihnen zusammen, um individuelle \u00c4nderungen an den werkseitigen BIOS-Standardeinstellungen vorzunehmen und so sicherzustellen, dass Ihr Produkt Ihren speziellen Anforderungen entspricht. <\/p>\n\n<hr class=\"wp-block-separator has-alpha-channel-opacity\"\/>\n\n<h2 class=\"wp-block-heading\" id=\"h-here-s-how-it-works\">So funktioniert&#8217;s:<\/h2>\n\n<div class=\"wp-block-columns is-layout-flex wp-container-core-columns-is-layout-9d6595d7 wp-block-columns-is-layout-flex\">\n<div class=\"wp-block-column is-layout-flow wp-block-column-is-layout-flow\">\n<ul class=\"wp-block-list\">\n<li><strong>TEILEN SIE UNS DIE LISTE DER GEW\u00dcNSCHTEN \u00c4NDERUNGEN MIT<\/strong>: Ob es um die Feinabstimmung der Systemkonfigurationen oder die Optimierung der Leistungseinstellungen geht, teilen Sie uns einfach Ihre Anpassungsw\u00fcnsche mit.<\/li>\n\n\n\n<li><strong>(Optional) CUSTOM SPLASH SCREEN IMAGE<\/strong>: Ein individuelles Bild auf dem Startbildschirm verleiht Ihrem Produkt eine zus\u00e4tzliche pers\u00f6nliche Note und macht es zu einem echten Hingucker.<\/li>\n\n\n\n<li><strong>ENTWICKLUNG VON KUNDENSPEZIFISCHEN BIOS<\/strong>: Teguar entwickelt ein individuelles BIOS auf der Grundlage Ihrer Spezifikationen, um eine nahtlose Integration mit den von Ihnen erworbenen Teguar-Computern zu gew\u00e4hrleisten.<\/li>\n\n\n\n<li><strong>TESTEN UND KONFIGURIEREN<\/strong>: Um eine einwandfreie Erfahrung zu garantieren, erstellen wir im Rahmen unseres Test- und Konfigurationsprozesses einen eigenen Posten f\u00fcr das benutzerdefinierte BIOS. Dadurch wird sichergestellt, dass Ihr benutzerdefiniertes BIOS auf alle Ihre Teguar-Computer geladen wird. <\/li>\n<\/ul>\n\n\n\n<p class=\"has-text-align-center btn\" style=\"font-size: 30px; padding: 30px 40px;\"><a href=\"https:\/\/teguar.com\/eu\/wp-content\/uploads\/sites\/2\/2025\/07\/Teguar-Custom-Bios-Sell.pdf\" target=\"_blank\" rel=\"noopener\">Als PDF anzeigen<\/a><\/p>\n\n\n\n<hr class=\"wp-block-separator has-alpha-channel-opacity\"\/>\n<\/div>\n\n\n\n<div class=\"wp-block-column is-layout-flow wp-block-column-is-layout-flow\"><div class=\"wp-block-image\">\n<figure class=\"alignleft size-full\"><img loading=\"lazy\" decoding=\"async\" width=\"526\" height=\"742\" src=\"https:\/\/teguar.com\/eu\/wp-content\/uploads\/sites\/2\/2025\/07\/Custom-Bios.jpg\" alt=\"Kundenspezifische BIOS-Entwicklung $500 pro kundenspezifischem BIOS. Installation auf Teguar Computern $10 pro Einheit. \" class=\"wp-image-2241899\" srcset=\"https:\/\/teguar.com\/eu\/wp-content\/uploads\/sites\/2\/2025\/07\/Custom-Bios.jpg 526w, https:\/\/teguar.com\/eu\/wp-content\/uploads\/sites\/2\/2025\/07\/Custom-Bios-213x300.jpg 213w, https:\/\/teguar.com\/eu\/wp-content\/uploads\/sites\/2\/2025\/07\/Custom-Bios-106x150.jpg 106w, https:\/\/teguar.com\/eu\/wp-content\/uploads\/sites\/2\/2025\/07\/Custom-Bios-102x144.jpg 102w\" sizes=\"auto, (max-width: 526px) 100vw, 526px\" \/><\/figure>\n<\/div><\/div>\n<\/div>\n\n<script charset=\"utf-8\" type=\"text\/javascript\" src=\"\/\/js.hsforms.net\/forms\/embed\/v2.js\"><\/script><script>hbspt.forms.create({\n    portalId: \"21497995\",\n    formId: \"b75b2a57-f9b0-4ed6-9f9b-bce081603673\",\n    region: \"na1\"\n  });\n<\/script>\n\n<div style=\"height:100px\" aria-hidden=\"true\" class=\"wp-block-spacer\"><\/div>\n","protected":false},"excerpt":{"rendered":"<p>M\u00f6chten Sie die Funktionalit\u00e4t und das Aussehen Ihres Teguar-Produkts personalisieren? Mit dem Custom BIOS Program von Teguar haben Sie jetzt die M\u00f6glichkeit, ein wirklich einzigartiges Erlebnis zu schaffen. Unser Expertenteam arbeitet eng mit Ihnen zusammen, um individuelle \u00c4nderungen an den werkseitigen BIOS-Standardeinstellungen vorzunehmen und so sicherzustellen, dass Ihr Produkt Ihren speziellen Anforderungen entspricht. So funktioniert&#8217;s: [&hellip;]<\/p>\n","protected":false},"author":13,"featured_media":0,"parent":0,"menu_order":0,"comment_status":"closed","ping_status":"closed","template":"templates\/template-content-page.php","meta":{"_acf_changed":false,"footnotes":""},"class_list":["post-2243594","page","type-page","status-publish","hentry"],"acf":[],"yoast_head":"<!-- This site is optimized with the Yoast SEO Premium plugin v26.8 (Yoast SEO v27.2) - https:\/\/yoast.com\/product\/yoast-seo-premium-wordpress\/ -->\n<title>Benutzerdefiniertes BIOS-Programm - Teguar<\/title>\n<meta name=\"description\" content=\"Mit dem Custom-BIOS-Programm von Teguar haben Sie die M\u00f6glichkeit, die werkseitigen BIOS-Einstellungen nach Ihren W\u00fcnschen zu \u00e4ndern und so ein wirklich einzigartiges Erlebnis zu schaffen.\" \/>\n<meta name=\"robots\" content=\"index, follow, max-snippet:-1, max-image-preview:large, max-video-preview:-1\" \/>\n<link rel=\"canonical\" href=\"https:\/\/teguar.com\/eu\/de\/benutzerdefiniertes-bios-programm\/\" \/>\n<meta property=\"og:locale\" content=\"de_DE\" \/>\n<meta property=\"og:type\" content=\"article\" \/>\n<meta property=\"og:title\" content=\"Benutzerdefiniertes BIOS-Programm\" \/>\n<meta property=\"og:description\" content=\"Mit dem Custom-BIOS-Programm von Teguar haben Sie die M\u00f6glichkeit, die werkseitigen BIOS-Einstellungen nach Ihren W\u00fcnschen zu \u00e4ndern und so ein wirklich einzigartiges Erlebnis zu schaffen.\" \/>\n<meta property=\"og:url\" content=\"https:\/\/teguar.com\/eu\/de\/benutzerdefiniertes-bios-programm\/\" \/>\n<meta property=\"og:site_name\" content=\"Teguar\" \/>\n<meta property=\"article:modified_time\" content=\"2025-10-16T12:45:22+00:00\" \/>\n<meta property=\"og:image\" content=\"https:\/\/teguar.com\/eu\/wp-content\/uploads\/sites\/2\/2025\/07\/Custom-Bios.jpg\" \/>\n<meta name=\"twitter:card\" content=\"summary_large_image\" \/>\n<meta name=\"twitter:label1\" content=\"Gesch\u00e4tzte Lesezeit\" \/>\n\t<meta name=\"twitter:data1\" content=\"1\u00a0Minute\" \/>\n<script type=\"application\/ld+json\" class=\"yoast-schema-graph\">{\"@context\":\"https:\/\/schema.org\",\"@graph\":[{\"@type\":\"WebPage\",\"@id\":\"https:\/\/teguar.com\/eu\/de\/benutzerdefiniertes-bios-programm\/\",\"url\":\"https:\/\/teguar.com\/eu\/de\/benutzerdefiniertes-bios-programm\/\",\"name\":\"Benutzerdefiniertes BIOS-Programm - Teguar\",\"isPartOf\":{\"@id\":\"https:\/\/teguar.com\/eu\/en\/#website\"},\"primaryImageOfPage\":{\"@id\":\"https:\/\/teguar.com\/eu\/de\/benutzerdefiniertes-bios-programm\/#primaryimage\"},\"image\":{\"@id\":\"https:\/\/teguar.com\/eu\/de\/benutzerdefiniertes-bios-programm\/#primaryimage\"},\"thumbnailUrl\":\"https:\/\/teguar.com\/eu\/wp-content\/uploads\/sites\/2\/2025\/07\/Custom-Bios.jpg\",\"datePublished\":\"2025-07-29T16:43:10+00:00\",\"dateModified\":\"2025-10-16T12:45:22+00:00\",\"description\":\"Mit dem Custom-BIOS-Programm von Teguar haben Sie die M\u00f6glichkeit, die werkseitigen BIOS-Einstellungen nach Ihren W\u00fcnschen zu \u00e4ndern und so ein wirklich einzigartiges Erlebnis zu schaffen.\",\"breadcrumb\":{\"@id\":\"https:\/\/teguar.com\/eu\/de\/benutzerdefiniertes-bios-programm\/#breadcrumb\"},\"inLanguage\":\"de\",\"potentialAction\":[{\"@type\":\"ReadAction\",\"target\":[\"https:\/\/teguar.com\/eu\/de\/benutzerdefiniertes-bios-programm\/\"]}]},{\"@type\":\"ImageObject\",\"inLanguage\":\"de\",\"@id\":\"https:\/\/teguar.com\/eu\/de\/benutzerdefiniertes-bios-programm\/#primaryimage\",\"url\":\"https:\/\/teguar.com\/eu\/wp-content\/uploads\/sites\/2\/2025\/07\/Custom-Bios.jpg\",\"contentUrl\":\"https:\/\/teguar.com\/eu\/wp-content\/uploads\/sites\/2\/2025\/07\/Custom-Bios.jpg\"},{\"@type\":\"BreadcrumbList\",\"@id\":\"https:\/\/teguar.com\/eu\/de\/benutzerdefiniertes-bios-programm\/#breadcrumb\",\"itemListElement\":[{\"@type\":\"ListItem\",\"position\":1,\"name\":\"Home\",\"item\":\"https:\/\/teguar.com\/eu\/de\/\"},{\"@type\":\"ListItem\",\"position\":2,\"name\":\"Benutzerdefiniertes BIOS-Programm\"}]},{\"@type\":\"WebSite\",\"@id\":\"https:\/\/teguar.com\/eu\/en\/#website\",\"url\":\"https:\/\/teguar.com\/eu\/en\/\",\"name\":\"Teguar\",\"description\":\"Industrial PCs, Medical Computers, and Rugged Tablets\",\"potentialAction\":[{\"@type\":\"SearchAction\",\"target\":{\"@type\":\"EntryPoint\",\"urlTemplate\":\"https:\/\/teguar.com\/eu\/en\/?s={search_term_string}\"},\"query-input\":{\"@type\":\"PropertyValueSpecification\",\"valueRequired\":true,\"valueName\":\"search_term_string\"}}],\"inLanguage\":\"de\"}]}<\/script>\n<!-- \/ Yoast SEO Premium plugin. -->","yoast_head_json":{"title":"Benutzerdefiniertes BIOS-Programm - Teguar","description":"Mit dem Custom-BIOS-Programm von Teguar haben Sie die M\u00f6glichkeit, die werkseitigen BIOS-Einstellungen nach Ihren W\u00fcnschen zu \u00e4ndern und so ein wirklich einzigartiges Erlebnis zu schaffen.","robots":{"index":"index","follow":"follow","max-snippet":"max-snippet:-1","max-image-preview":"max-image-preview:large","max-video-preview":"max-video-preview:-1"},"canonical":"https:\/\/teguar.com\/eu\/de\/benutzerdefiniertes-bios-programm\/","og_locale":"de_DE","og_type":"article","og_title":"Benutzerdefiniertes BIOS-Programm","og_description":"Mit dem Custom-BIOS-Programm von Teguar haben Sie die M\u00f6glichkeit, die werkseitigen BIOS-Einstellungen nach Ihren W\u00fcnschen zu \u00e4ndern und so ein wirklich einzigartiges Erlebnis zu schaffen.","og_url":"https:\/\/teguar.com\/eu\/de\/benutzerdefiniertes-bios-programm\/","og_site_name":"Teguar","article_modified_time":"2025-10-16T12:45:22+00:00","og_image":[{"url":"https:\/\/teguar.com\/eu\/wp-content\/uploads\/sites\/2\/2025\/07\/Custom-Bios.jpg","type":"","width":"","height":""}],"twitter_card":"summary_large_image","twitter_misc":{"Gesch\u00e4tzte Lesezeit":"1\u00a0Minute"},"schema":{"@context":"https:\/\/schema.org","@graph":[{"@type":"WebPage","@id":"https:\/\/teguar.com\/eu\/de\/benutzerdefiniertes-bios-programm\/","url":"https:\/\/teguar.com\/eu\/de\/benutzerdefiniertes-bios-programm\/","name":"Benutzerdefiniertes BIOS-Programm - Teguar","isPartOf":{"@id":"https:\/\/teguar.com\/eu\/en\/#website"},"primaryImageOfPage":{"@id":"https:\/\/teguar.com\/eu\/de\/benutzerdefiniertes-bios-programm\/#primaryimage"},"image":{"@id":"https:\/\/teguar.com\/eu\/de\/benutzerdefiniertes-bios-programm\/#primaryimage"},"thumbnailUrl":"https:\/\/teguar.com\/eu\/wp-content\/uploads\/sites\/2\/2025\/07\/Custom-Bios.jpg","datePublished":"2025-07-29T16:43:10+00:00","dateModified":"2025-10-16T12:45:22+00:00","description":"Mit dem Custom-BIOS-Programm von Teguar haben Sie die M\u00f6glichkeit, die werkseitigen BIOS-Einstellungen nach Ihren W\u00fcnschen zu \u00e4ndern und so ein wirklich einzigartiges Erlebnis zu schaffen.","breadcrumb":{"@id":"https:\/\/teguar.com\/eu\/de\/benutzerdefiniertes-bios-programm\/#breadcrumb"},"inLanguage":"de","potentialAction":[{"@type":"ReadAction","target":["https:\/\/teguar.com\/eu\/de\/benutzerdefiniertes-bios-programm\/"]}]},{"@type":"ImageObject","inLanguage":"de","@id":"https:\/\/teguar.com\/eu\/de\/benutzerdefiniertes-bios-programm\/#primaryimage","url":"https:\/\/teguar.com\/eu\/wp-content\/uploads\/sites\/2\/2025\/07\/Custom-Bios.jpg","contentUrl":"https:\/\/teguar.com\/eu\/wp-content\/uploads\/sites\/2\/2025\/07\/Custom-Bios.jpg"},{"@type":"BreadcrumbList","@id":"https:\/\/teguar.com\/eu\/de\/benutzerdefiniertes-bios-programm\/#breadcrumb","itemListElement":[{"@type":"ListItem","position":1,"name":"Home","item":"https:\/\/teguar.com\/eu\/de\/"},{"@type":"ListItem","position":2,"name":"Benutzerdefiniertes BIOS-Programm"}]},{"@type":"WebSite","@id":"https:\/\/teguar.com\/eu\/en\/#website","url":"https:\/\/teguar.com\/eu\/en\/","name":"Teguar","description":"Industrial PCs, Medical Computers, and Rugged Tablets","potentialAction":[{"@type":"SearchAction","target":{"@type":"EntryPoint","urlTemplate":"https:\/\/teguar.com\/eu\/en\/?s={search_term_string}"},"query-input":{"@type":"PropertyValueSpecification","valueRequired":true,"valueName":"search_term_string"}}],"inLanguage":"de"}]}},"_links":{"self":[{"href":"https:\/\/teguar.com\/eu\/de\/wp-json\/wp\/v2\/pages\/2243594","targetHints":{"allow":["GET"]}}],"collection":[{"href":"https:\/\/teguar.com\/eu\/de\/wp-json\/wp\/v2\/pages"}],"about":[{"href":"https:\/\/teguar.com\/eu\/de\/wp-json\/wp\/v2\/types\/page"}],"author":[{"embeddable":true,"href":"https:\/\/teguar.com\/eu\/de\/wp-json\/wp\/v2\/users\/13"}],"replies":[{"embeddable":true,"href":"https:\/\/teguar.com\/eu\/de\/wp-json\/wp\/v2\/comments?post=2243594"}],"version-history":[{"count":2,"href":"https:\/\/teguar.com\/eu\/de\/wp-json\/wp\/v2\/pages\/2243594\/revisions"}],"predecessor-version":[{"id":2248806,"href":"https:\/\/teguar.com\/eu\/de\/wp-json\/wp\/v2\/pages\/2243594\/revisions\/2248806"}],"wp:attachment":[{"href":"https:\/\/teguar.com\/eu\/de\/wp-json\/wp\/v2\/media?parent=2243594"}],"curies":[{"name":"wp","href":"https:\/\/api.w.org\/{rel}","templated":true}]}}